
{"id":54000,"date":"2024-05-15T13:35:02","date_gmt":"2024-05-15T13:35:02","guid":{"rendered":"https:\/\/www.donausoja.org\/our-expertise\/"},"modified":"2025-01-31T11:46:03","modified_gmt":"2025-01-31T11:46:03","slug":"our-expertise","status":"publish","type":"page","link":"https:\/\/www.donausoja.org\/sr\/our-expertise\/","title":{"rendered":"Na\u0161a stru\u010dnost"},"content":{"rendered":"<p>[et_pb_section fb_built=&#8221;1&#8243; _builder_version=&#8221;4.21.0&#8243; _module_preset=&#8221;default&#8221; background_color=&#8221;RGBA(255,255,255,0)&#8221; da_disable_devices=&#8221;off|off|off&#8221; locked=&#8221;off&#8221; global_colors_info=&#8221;{}&#8221; da_is_popup=&#8221;off&#8221; da_exit_intent=&#8221;off&#8221; da_has_close=&#8221;on&#8221; da_alt_close=&#8221;off&#8221; da_dark_close=&#8221;off&#8221; da_not_modal=&#8221;on&#8221; da_is_singular=&#8221;off&#8221; da_with_loader=&#8221;off&#8221; da_has_shadow=&#8221;on&#8221;][et_pb_row _builder_version=&#8221;4.21.0&#8243; _module_preset=&#8221;default&#8221; custom_padding=&#8221;130px|||||&#8221; global_colors_info=&#8221;{}&#8221;][et_pb_column type=&#8221;4_4&#8243; _builder_version=&#8221;4.16&#8243; _module_preset=&#8221;default&#8221; global_colors_info=&#8221;{}&#8221;][et_pb_text _builder_version=&#8221;4.21.0&#8243; _module_preset=&#8221;77a7a6a5-6cba-4e24-a8d7-1992b0adbe08&#8243; header_font=&#8221;Ubuntu|700|||||||&#8221; hover_enabled=&#8221;0&#8243; global_colors_info=&#8221;{}&#8221; sticky_enabled=&#8221;0&#8243;]<\/p>\n<h1>Na\u0161a stru\u010dnost<\/h1>\n<p>[\/et_pb_text][\/et_pb_column][\/et_pb_row][\/et_pb_section][et_pb_section fb_built=&#8221;1&#8243; _builder_version=&#8221;4.21.0&#8243; _module_preset=&#8221;default&#8221; min_height=&#8221;227.4px&#8221; custom_padding=&#8221;0px||0px|||&#8221; da_disable_devices=&#8221;off|off|off&#8221; global_colors_info=&#8221;{}&#8221; da_is_popup=&#8221;off&#8221; da_exit_intent=&#8221;off&#8221; da_has_close=&#8221;on&#8221; da_alt_close=&#8221;off&#8221; da_dark_close=&#8221;off&#8221; da_not_modal=&#8221;on&#8221; da_is_singular=&#8221;off&#8221; da_with_loader=&#8221;off&#8221; da_has_shadow=&#8221;on&#8221;][et_pb_row _builder_version=&#8221;4.21.0&#8243; _module_preset=&#8221;default&#8221; custom_padding=&#8221;23px|||||&#8221; global_colors_info=&#8221;{}&#8221;][et_pb_column type=&#8221;4_4&#8243; _builder_version=&#8221;4.21.0&#8243; _module_preset=&#8221;default&#8221; global_colors_info=&#8221;{}&#8221;][et_pb_text admin_label=&#8221;Text &#8221; _builder_version=&#8221;4.27.3&#8243; _module_preset=&#8221;97a49757-9877-47ea-b480-aa7742502928&#8243; background_color=&#8221;RGBA(255,255,255,0)&#8221; max_width=&#8221;100%&#8221; custom_margin=&#8221;||0px||false|false&#8221; custom_padding_phone=&#8221;|||0px|false|false&#8221; hover_enabled=&#8221;0&#8243; global_colors_info=&#8221;{}&#8221; sticky_enabled=&#8221;0&#8243;]<\/p>\n<p><span data-contrast=\"auto\">U Donau Soja organizaciji posve\u0107eni smo oblikovanju budu\u0107nosti prehrambenih sistema kroz promociju odr\u017eivog uzgoja soje \u0161irom Evrope. Na\u0161a organizacija stoji na \u010delu proizvodnje soje u Evropi, s misijom unapre\u0111enja odr\u017eivosti snabdevanja proteinima. Mre\u017eno povezivanje i prenos znanja klju\u010dni su elementi pristupa na\u0161e organizacije. Organizujemo radionice, vebinare i obuke kako bismo podr\u017eali na\u0161e \u010dlanove, partnere i \u0161iri sektor soje u vezi sa predstoje\u0107im zakonskim zahtevima, npr. u okviru Zelenog dogovora, kao i privatnim inicijativama poput SBTi ili QS Soya plus \/ AMA pastus+. Tako\u0111e, pru\u017eamo informacije o prednostima odr\u017eivog uzgoja soje. Ova stranica nudi pregled najva\u017enijih tema \u2013 od politike do odr\u017eivosti i poljoprivrede \u2013 i bi\u0107e dodatno pro\u0161irena vremenom.<br \/><\/span><\/p>\n<p><span data-contrast=\"auto\">Posetite na\u0161u veb stranicu kako biste saznali vi\u0161e o na\u0161em radu, uticaju i na\u010dinima na koje se mo\u017eete uklju\u010diti u promociju odr\u017eivog uzgoja soje.<\/span><\/p>\n<p>[\/et_pb_text][\/et_pb_column][\/et_pb_row][\/et_pb_section][et_pb_section fb_built=&#8221;1&#8243; _builder_version=&#8221;4.25.2&#8243; _module_preset=&#8221;default&#8221; background_color=&#8221;rgba(246,241,232,0.7)&#8221; min_height=&#8221;838px&#8221; custom_padding=&#8221;||3px|||&#8221; da_disable_devices=&#8221;off|off|off&#8221; global_colors_info=&#8221;{}&#8221; da_is_popup=&#8221;off&#8221; da_exit_intent=&#8221;off&#8221; da_has_close=&#8221;on&#8221; da_alt_close=&#8221;off&#8221; da_dark_close=&#8221;off&#8221; da_not_modal=&#8221;on&#8221; da_is_singular=&#8221;off&#8221; da_with_loader=&#8221;off&#8221; da_has_shadow=&#8221;on&#8221;][et_pb_row admin_label=&#8221;Row: EUDR &#038; beyond&#8221; _builder_version=&#8221;4.21.0&#8243; _module_preset=&#8221;default&#8221; background_color=&#8221;#ffffff&#8221; custom_padding=&#8221;20px|20px|20px|20px|false|false&#8221; box_shadow_style=&#8221;preset1&#8243; global_colors_info=&#8221;{}&#8221;][et_pb_column type=&#8221;4_4&#8243; _builder_version=&#8221;4.16&#8243; _module_preset=&#8221;default&#8221; global_colors_info=&#8221;{}&#8221;][et_pb_text _builder_version=&#8221;4.27.3&#8243; _module_preset=&#8221;77a7a6a5-6cba-4e24-a8d7-1992b0adbe08&#8243; custom_padding=&#8221;|1px||||&#8221; hover_enabled=&#8221;0&#8243; global_colors_info=&#8221;{}&#8221; sticky_enabled=&#8221;0&#8243;]<\/p>\n<h2 style=\"text-align: justify;\">EUDR uredba<\/h2>\n<p style=\"text-align: justify;\"><span class=\"TextRun SCXW245474554 BCX0\" lang=\"EN-GB\" xml:lang=\"EN-GB\" data-contrast=\"auto\"><span class=\"NormalTextRun SCXW245474554 BCX0\">Aktivno u\u010destvujemo u politi\u010dkim diskusijama i inicijativama na nivou EU i nacionalnih dr\u017eava u vezi sa EU regulativom o deforestaciji (EUDR) \u2013 posebno u kontekstu budu\u0107ih zahteva kao \u0161to su CSRD, SBTi i CSDDD. Saznajte vi\u0161e o njihovim zajedni\u010dkim elementima i kako vam Donau Soja mo\u017ee pomo\u0107i u njihovoj primeni.<br \/><\/span><\/span><\/p>\n<p>[\/et_pb_text][et_pb_button button_url=&#8221;https:\/\/www.donausoja.org\/sr\/projekti\/eudr-and-beyond\/&#8221; url_new_window=&#8221;on&#8221; button_text=&#8221;Saznajte vi\u0161e&#8221; _builder_version=&#8221;4.27.3&#8243; _module_preset=&#8221;default&#8221; custom_button=&#8221;on&#8221; button_icon=&#8221;&#x39;||divi||400&#8243; button_on_hover=&#8221;off&#8221; custom_margin=&#8221;20px||||false|false&#8221; hover_enabled=&#8221;0&#8243; global_colors_info=&#8221;{}&#8221; sticky_enabled=&#8221;0&#8243;][\/et_pb_button][\/et_pb_column][\/et_pb_row][et_pb_row admin_label=&#8221;Row: Scope 3&#8243; _builder_version=&#8221;4.16&#8243; _module_preset=&#8221;default&#8221; background_color=&#8221;#ffffff&#8221; custom_margin=&#8221;40px||||false|false&#8221; custom_padding=&#8221;20px|20px|20px|20px|false|false&#8221; box_shadow_style=&#8221;preset1&#8243; global_colors_info=&#8221;{}&#8221;][et_pb_column type=&#8221;4_4&#8243; _builder_version=&#8221;4.16&#8243; _module_preset=&#8221;default&#8221; global_colors_info=&#8221;{}&#8221;][et_pb_text _builder_version=&#8221;4.27.3&#8243; _module_preset=&#8221;77a7a6a5-6cba-4e24-a8d7-1992b0adbe08&#8243; hover_enabled=&#8221;0&#8243; global_colors_info=&#8221;{}&#8221; sticky_enabled=&#8221;0&#8243;]<\/p>\n<h2><strong>Karbonski otisak<\/strong><\/h2>\n<p>Glavni cilj Zelenog dogovora (Green Deal) je postizanje klimatske neutralnosti do 2050. godine, a svi ekonomski sektori, uklju\u010duju\u0107i proizvodnju hrane, moraju dati svoj doprinos. Zbog toga su pokrenute inicijative poput SBTi i uvedeni pravni zahtevi kao \u0161to su CSRD i CSDDD, koji obavezuju kompanije da smanje karbonski otisak svojih lanaca snabdevanja. Saznajte kako uz pomo\u0107 Donau Soja organizacije mo\u017eete smanjiti karbonski otisak do 90% i kako to poma\u017ee kompanijama da ispune svoje klimatske ciljeve.<\/p>\n<p>&nbsp;<\/p>\n<p>[\/et_pb_text][et_pb_button button_url=&#8221;https:\/\/www.donausoja.org\/sr\/carbon-footprint-more\/&#8221; url_new_window=&#8221;on&#8221; button_text=&#8221;Saznajte vi\u0161e&#8221; _builder_version=&#8221;4.27.3&#8243; _module_preset=&#8221;default&#8221; custom_button=&#8221;on&#8221; button_icon=&#8221;&#x39;||divi||400&#8243; button_on_hover=&#8221;off&#8221; custom_margin=&#8221;20px||||false|false&#8221; hover_enabled=&#8221;0&#8243; global_colors_info=&#8221;{}&#8221; sticky_enabled=&#8221;0&#8243;][\/et_pb_button][\/et_pb_column][\/et_pb_row][et_pb_row admin_label=&#8221;Row: Agriculture&#8221; _builder_version=&#8221;4.16&#8243; _module_preset=&#8221;default&#8221; background_color=&#8221;#ffffff&#8221; custom_margin=&#8221;40px||||false|false&#8221; custom_padding=&#8221;20px|20px|20px|20px|false|false&#8221; box_shadow_style=&#8221;preset1&#8243; global_colors_info=&#8221;{}&#8221;][et_pb_column type=&#8221;4_4&#8243; _builder_version=&#8221;4.16&#8243; _module_preset=&#8221;default&#8221; global_colors_info=&#8221;{}&#8221;][et_pb_text _builder_version=&#8221;4.27.3&#8243; _module_preset=&#8221;77a7a6a5-6cba-4e24-a8d7-1992b0adbe08&#8243; hover_enabled=&#8221;0&#8243; global_colors_info=&#8221;{}&#8221; sticky_enabled=&#8221;0&#8243;]<\/p>\n<h2>Donau Soja akademija<\/h2>\n<p style=\"text-align: justify;\"><span class=\"TextRun SCXW211938684 BCX0\" lang=\"EN-GB\" xml:lang=\"EN-GB\" data-contrast=\"auto\"><span class=\"NormalTextRun CommentHighlightRest SCXW211938684 BCX0\">U Donau Soja organizaciji verujemo da odr\u017eiva poljoprivreda ne predstavlja samo ekolo\u0161ki prihvatljivu alternativu proizvodnje hrane \u2013 ve\u0107 i stvaranje sistema koji je odr\u017eiv za planetu i budu\u0107e generacije. Kako to mo\u017ee izgledati, opisano je u na\u0161oj Donau Soja strategiji za proteine u Evropi. Pridru\u017eite nam se u na\u0161oj misiji transformacije poljoprivrednog sektora kroz podr\u0161ku odr\u017eivom uzgoju soje, koji donosi koristi svima \u2013 od poljoprivrednika do potro\u0161a\u010da.\u00a0<\/span><br \/><\/span><\/p>\n<p>[\/et_pb_text][et_pb_button button_url=&#8221;https:\/\/www.donausoja.org\/sr\/donau-soja-academy\/&#8221; button_text=&#8221;Saznajte vi\u0161e&#8221; _builder_version=&#8221;4.27.3&#8243; _module_preset=&#8221;default&#8221; custom_button=&#8221;on&#8221; button_icon=&#8221;&#x39;||divi||400&#8243; button_on_hover=&#8221;off&#8221; custom_margin=&#8221;20px||||false|false&#8221; hover_enabled=&#8221;0&#8243; global_colors_info=&#8221;{}&#8221; sticky_enabled=&#8221;0&#8243;][\/et_pb_button][\/et_pb_column][\/et_pb_row][\/et_pb_section]<\/p>\n","protected":false},"excerpt":{"rendered":"<p>Na\u0161a stru\u010dnostU Donau Soja organizaciji posve\u0107eni smo oblikovanju budu\u0107nosti prehrambenih sistema kroz promociju odr\u017eivog uzgoja soje \u0161irom Evrope. Na\u0161a organizacija stoji na \u010delu proizvodnje soje u Evropi, s misijom unapre\u0111enja odr\u017eivosti snabdevanja proteinima. Mre\u017eno povezivanje i prenos znanja klju\u010dni su elementi pristupa na\u0161e organizacije. Organizujemo radionice, vebinare i obuke kako bismo podr\u017eali na\u0161e \u010dlanove, partnere [&hellip;]<\/p>\n","protected":false},"author":37,"featured_media":0,"parent":0,"menu_order":0,"comment_status":"closed","ping_status":"closed","template":"","meta":{"_et_pb_use_builder":"on","_et_pb_old_content":"","_et_gb_content_width":"","footnotes":""},"class_list":["post-54000","page","type-page","status-publish","hentry"],"yoast_head":"<!-- This site is optimized with the Yoast SEO plugin v27.4 - https:\/\/yoast.com\/product\/yoast-seo-wordpress\/ -->\n<title>Na\u0161a stru\u010dnost - Donau Soja<\/title>\n<meta name=\"description\" content=\"At Donau Soja, we are committed to shaping the future of European food systems by promoting sustainable soya cultivation across Europe.\" \/>\n<meta name=\"robots\" content=\"index, follow, max-snippet:-1, max-image-preview:large, max-video-preview:-1\" \/>\n<link rel=\"canonical\" href=\"https:\/\/www.donausoja.org\/sr\/our-expertise\/\" \/>\n<meta property=\"og:locale\" content=\"sr_RS\" \/>\n<meta property=\"og:type\" content=\"article\" \/>\n<meta property=\"og:title\" content=\"Na\u0161a stru\u010dnost - Donau Soja\" \/>\n<meta property=\"og:description\" content=\"At Donau Soja, we are committed to shaping the future of European food systems by promoting sustainable soya cultivation across Europe.\" \/>\n<meta property=\"og:url\" content=\"https:\/\/www.donausoja.org\/sr\/our-expertise\/\" \/>\n<meta property=\"og:site_name\" content=\"Donau Soja\" \/>\n<meta property=\"article:modified_time\" content=\"2025-01-31T11:46:03+00:00\" \/>\n<meta name=\"twitter:card\" content=\"summary_large_image\" \/>\n<meta name=\"twitter:label1\" content=\"\u041f\u0440\u043e\u0446\u0435\u045a\u0435\u043d\u043e \u0432\u0440\u0435\u043c\u0435 \u0447\u0438\u0442\u0430\u045a\u0430\" \/>\n\t<meta name=\"twitter:data1\" content=\"2 \u043c\u0438\u043d\u0443\u0442\u0430\" \/>\n<script type=\"application\/ld+json\" class=\"yoast-schema-graph\">{\"@context\":\"https:\\\/\\\/schema.org\",\"@graph\":[{\"@type\":\"WebPage\",\"@id\":\"https:\\\/\\\/www.donausoja.org\\\/sr\\\/our-expertise\\\/\",\"url\":\"https:\\\/\\\/www.donausoja.org\\\/sr\\\/our-expertise\\\/\",\"name\":\"Na\u0161a stru\u010dnost - Donau Soja\",\"isPartOf\":{\"@id\":\"https:\\\/\\\/www.donausoja.org\\\/sr\\\/#website\"},\"datePublished\":\"2024-05-15T13:35:02+00:00\",\"dateModified\":\"2025-01-31T11:46:03+00:00\",\"description\":\"At Donau Soja, we are committed to shaping the future of European food systems by promoting sustainable soya cultivation across Europe.\",\"breadcrumb\":{\"@id\":\"https:\\\/\\\/www.donausoja.org\\\/sr\\\/our-expertise\\\/#breadcrumb\"},\"inLanguage\":\"sr-RS\",\"potentialAction\":[{\"@type\":\"ReadAction\",\"target\":[\"https:\\\/\\\/www.donausoja.org\\\/sr\\\/our-expertise\\\/\"]}]},{\"@type\":\"BreadcrumbList\",\"@id\":\"https:\\\/\\\/www.donausoja.org\\\/sr\\\/our-expertise\\\/#breadcrumb\",\"itemListElement\":[{\"@type\":\"ListItem\",\"position\":1,\"name\":\"Home\",\"item\":\"https:\\\/\\\/www.donausoja.org\\\/sr\\\/\"},{\"@type\":\"ListItem\",\"position\":2,\"name\":\"Na\u0161a stru\u010dnost\"}]},{\"@type\":\"WebSite\",\"@id\":\"https:\\\/\\\/www.donausoja.org\\\/sr\\\/#website\",\"url\":\"https:\\\/\\\/www.donausoja.org\\\/sr\\\/\",\"name\":\"Donau Soja\",\"description\":\"Together for a European Protein Supply: Regional. Sustainable. Non-GM.\",\"potentialAction\":[{\"@type\":\"SearchAction\",\"target\":{\"@type\":\"EntryPoint\",\"urlTemplate\":\"https:\\\/\\\/www.donausoja.org\\\/sr\\\/?s={search_term_string}\"},\"query-input\":{\"@type\":\"PropertyValueSpecification\",\"valueRequired\":true,\"valueName\":\"search_term_string\"}}],\"inLanguage\":\"sr-RS\"}]}<\/script>\n<!-- \/ Yoast SEO plugin. -->","yoast_head_json":{"title":"Na\u0161a stru\u010dnost - Donau Soja","description":"At Donau Soja, we are committed to shaping the future of European food systems by promoting sustainable soya cultivation across Europe.","robots":{"index":"index","follow":"follow","max-snippet":"max-snippet:-1","max-image-preview":"max-image-preview:large","max-video-preview":"max-video-preview:-1"},"canonical":"https:\/\/www.donausoja.org\/sr\/our-expertise\/","og_locale":"sr_RS","og_type":"article","og_title":"Na\u0161a stru\u010dnost - Donau Soja","og_description":"At Donau Soja, we are committed to shaping the future of European food systems by promoting sustainable soya cultivation across Europe.","og_url":"https:\/\/www.donausoja.org\/sr\/our-expertise\/","og_site_name":"Donau Soja","article_modified_time":"2025-01-31T11:46:03+00:00","twitter_card":"summary_large_image","twitter_misc":{"\u041f\u0440\u043e\u0446\u0435\u045a\u0435\u043d\u043e \u0432\u0440\u0435\u043c\u0435 \u0447\u0438\u0442\u0430\u045a\u0430":"2 \u043c\u0438\u043d\u0443\u0442\u0430"},"schema":{"@context":"https:\/\/schema.org","@graph":[{"@type":"WebPage","@id":"https:\/\/www.donausoja.org\/sr\/our-expertise\/","url":"https:\/\/www.donausoja.org\/sr\/our-expertise\/","name":"Na\u0161a stru\u010dnost - Donau Soja","isPartOf":{"@id":"https:\/\/www.donausoja.org\/sr\/#website"},"datePublished":"2024-05-15T13:35:02+00:00","dateModified":"2025-01-31T11:46:03+00:00","description":"At Donau Soja, we are committed to shaping the future of European food systems by promoting sustainable soya cultivation across Europe.","breadcrumb":{"@id":"https:\/\/www.donausoja.org\/sr\/our-expertise\/#breadcrumb"},"inLanguage":"sr-RS","potentialAction":[{"@type":"ReadAction","target":["https:\/\/www.donausoja.org\/sr\/our-expertise\/"]}]},{"@type":"BreadcrumbList","@id":"https:\/\/www.donausoja.org\/sr\/our-expertise\/#breadcrumb","itemListElement":[{"@type":"ListItem","position":1,"name":"Home","item":"https:\/\/www.donausoja.org\/sr\/"},{"@type":"ListItem","position":2,"name":"Na\u0161a stru\u010dnost"}]},{"@type":"WebSite","@id":"https:\/\/www.donausoja.org\/sr\/#website","url":"https:\/\/www.donausoja.org\/sr\/","name":"Donau Soja","description":"Together for a European Protein Supply: Regional. Sustainable. Non-GM.","potentialAction":[{"@type":"SearchAction","target":{"@type":"EntryPoint","urlTemplate":"https:\/\/www.donausoja.org\/sr\/?s={search_term_string}"},"query-input":{"@type":"PropertyValueSpecification","valueRequired":true,"valueName":"search_term_string"}}],"inLanguage":"sr-RS"}]}},"_links":{"self":[{"href":"https:\/\/www.donausoja.org\/sr\/wp-json\/wp\/v2\/pages\/54000","targetHints":{"allow":["GET"]}}],"collection":[{"href":"https:\/\/www.donausoja.org\/sr\/wp-json\/wp\/v2\/pages"}],"about":[{"href":"https:\/\/www.donausoja.org\/sr\/wp-json\/wp\/v2\/types\/page"}],"author":[{"embeddable":true,"href":"https:\/\/www.donausoja.org\/sr\/wp-json\/wp\/v2\/users\/37"}],"replies":[{"embeddable":true,"href":"https:\/\/www.donausoja.org\/sr\/wp-json\/wp\/v2\/comments?post=54000"}],"version-history":[{"count":2,"href":"https:\/\/www.donausoja.org\/sr\/wp-json\/wp\/v2\/pages\/54000\/revisions"}],"predecessor-version":[{"id":54003,"href":"https:\/\/www.donausoja.org\/sr\/wp-json\/wp\/v2\/pages\/54000\/revisions\/54003"}],"wp:attachment":[{"href":"https:\/\/www.donausoja.org\/sr\/wp-json\/wp\/v2\/media?parent=54000"}],"curies":[{"name":"wp","href":"https:\/\/api.w.org\/{rel}","templated":true}]}}