
{"id":53486,"date":"2024-05-16T13:16:03","date_gmt":"2024-05-16T13:16:03","guid":{"rendered":"https:\/\/www.donausoja.org\/get-certified\/"},"modified":"2025-01-31T14:30:24","modified_gmt":"2025-01-31T14:30:24","slug":"get-certified","status":"publish","type":"page","link":"https:\/\/www.donausoja.org\/sr\/get-certified\/","title":{"rendered":"Sertifikujte se"},"content":{"rendered":"<p>[et_pb_section fb_built=&#8221;1&#8243; _builder_version=&#8221;4.16&#8243; _module_preset=&#8221;default&#8221; background_color=&#8221;RGBA(255,255,255,0)&#8221; da_disable_devices=&#8221;off|off|off&#8221; locked=&#8221;off&#8221; global_colors_info=&#8221;{}&#8221; da_is_popup=&#8221;off&#8221; da_exit_intent=&#8221;off&#8221; da_has_close=&#8221;on&#8221; da_alt_close=&#8221;off&#8221; da_dark_close=&#8221;off&#8221; da_not_modal=&#8221;on&#8221; da_is_singular=&#8221;off&#8221; da_with_loader=&#8221;off&#8221; da_has_shadow=&#8221;on&#8221;][et_pb_row _builder_version=&#8221;4.16&#8243; _module_preset=&#8221;default&#8221; custom_padding=&#8221;130px|||||&#8221; global_colors_info=&#8221;{}&#8221;][et_pb_column type=&#8221;4_4&#8243; _builder_version=&#8221;4.16&#8243; _module_preset=&#8221;default&#8221; global_colors_info=&#8221;{}&#8221;][et_pb_text admin_label=&#8221;Headline&#8221; _builder_version=&#8221;4.27.3&#8243; _module_preset=&#8221;d6f37324-6e2c-4cd0-ac88-f886e754810e&#8221; header_font=&#8221;Ubuntu|700|||||||&#8221; custom_padding_phone=&#8221;10px|10px|10px|10px|false|false&#8221; hover_enabled=&#8221;0&#8243; global_colors_info=&#8221;{}&#8221; sticky_enabled=&#8221;0&#8243;]<\/p>\n<h1>Sertifikujte se<\/h1>\n<p>[\/et_pb_text][\/et_pb_column][\/et_pb_row][\/et_pb_section][et_pb_section fb_built=&#8221;1&#8243; _builder_version=&#8221;4.25.2&#8243; _module_preset=&#8221;default&#8221; background_color=&#8221;#FFFFFF&#8221; custom_padding=&#8221;4px||3px|||&#8221; da_disable_devices=&#8221;off|off|off&#8221; global_colors_info=&#8221;{}&#8221; da_is_popup=&#8221;off&#8221; da_exit_intent=&#8221;off&#8221; da_has_close=&#8221;on&#8221; da_alt_close=&#8221;off&#8221; da_dark_close=&#8221;off&#8221; da_not_modal=&#8221;on&#8221; da_is_singular=&#8221;off&#8221; da_with_loader=&#8221;off&#8221; da_has_shadow=&#8221;on&#8221;][et_pb_row _builder_version=&#8221;4.16&#8243; _module_preset=&#8221;default&#8221; global_colors_info=&#8221;{}&#8221;][et_pb_column type=&#8221;4_4&#8243; _builder_version=&#8221;4.16&#8243; _module_preset=&#8221;default&#8221; global_colors_info=&#8221;{}&#8221;][et_pb_text admin_label=&#8221;Text&#8221; _builder_version=&#8221;4.27.3&#8243; _module_preset=&#8221;d6f37324-6e2c-4cd0-ac88-f886e754810e&#8221; custom_padding_phone=&#8221;10px|10px|10px|10px|false|false&#8221; global_colors_info=&#8221;{}&#8221;]<\/p>\n<p>U\u010destvovanjem u na\u0161im sertifikacionim programima, doprinosite promociji BEZ GMO proizvodnje soje u Dunavskom regionu, ali i Evropi. Tako\u0111e, time doprinosite odr\u017eivom snabdevanju proteinima u lancima vrednosti soje.<\/p>\n<p><strong>Donau Soja &amp; Europe Soya standardi podrazumevaju:<\/strong><\/p>\n<ul>\n<li>BEZ GMO proizvodnju<\/li>\n<li>Poreklo iz Dunavskog regiona \/ Evrope<\/li>\n<li>Bez deforestacije (datum preseka 2008. godina) i bez konverzije zemlji\u0161ta<\/li>\n<li>Transparentna i dosledna sledljivost<\/li>\n<li>Bez upotrebe glifosata pre \u017eetve (desikacija)<\/li>\n<\/ul>\n<p>Donau Soja i Europe Soya smernice zasnovane su na kontinuiranoj sertifikaciji Donau Soja i Europe Soya proizvoda, od farme do krajnjeg potro\u0161a\u010da.<\/p>\n<p>Sertifikacija partnerskih firmi od strane <a href=\"https:\/\/www.donausoja.org\/sr\/standardi-i-sertifikacija\/dunav-soja-standard\/sertifikaciona-tela\/\">eksternih sertifikacionih tela<\/a> (odobrenih od strane Donau Soja organizacije) po\u010dinje od primarnog poljoprivrednog otkupljiva\u010da, uklju\u010duju\u0107i poljoprivrednike dobavlja\u010de, i zavr\u0161ava sa prodavcem.<\/p>\n<p>&nbsp;<\/p>\n<p><strong>Pogledajte na\u0161u bro\u0161uru \u201cProces sertifikacije\u201d da biste dobili brzi pregled ta\u010daka na koje treba obratiti pa\u017enju za uspe\u0161nu sertifikaciju:<\/strong><\/p>\n<p>[\/et_pb_text][et_pb_button button_url=&#8221;https:\/\/www.donausoja.org\/wp-content\/uploads\/2024\/02\/DSES_Steps-of-certification_February-2024_Brochure.pdf&#8221; button_text=&#8221;Proces sertifikacije&#8221; _builder_version=&#8221;4.27.3&#8243; _module_preset=&#8221;default&#8221; global_colors_info=&#8221;{}&#8221;][\/et_pb_button][et_pb_text admin_label=&#8221;Text&#8221; _builder_version=&#8221;4.27.3&#8243; _module_preset=&#8221;d6f37324-6e2c-4cd0-ac88-f886e754810e&#8221; custom_padding_phone=&#8221;10px|10px|10px|10px|false|false&#8221; global_colors_info=&#8221;{}&#8221;]<\/p>\n<p>Svi operateri koji su idu dalje proizvo\u0111a\u010da soje (npr. poljoprivredni otkupljiva\u010di, trgovci, primarni prera\u0111iva\u010di, proizvo\u0111a\u010di sto\u010dne hrane, sto\u010dari, prera\u0111iva\u010di hrane ili prodavci) koji u\u010destvuju u Donau Soja i Europe Soya programu moraju potpisati ugovor o proveri sa sertifikacionim telom koje priznaje Donau Soja organizacija kako bi stekli uslove za sertifikaciju.<\/p>\n<p>U zavisnosti od nivoa rizika, sertifikacija nije uvek obavezna za proizvo\u0111a\u010de soje. Me\u0111utim, potpisivanjem Deklaracije za poljoprivrednike proizvo\u0111a\u010de i u\u010de\u0161\u0107em u grupnoj sertifikaciji sa njihovim primarnim poljoprivrednim otkupljiva\u010dem, osigurava se uskla\u0111enost sa Donau Soja i Europe Soya zahtevima.<\/p>\n<p>Kako bi se obezbedila sledljivost, koristi se sistem lot sertifikacije za trgovinu\/prevoz Donau Soja ili Europe Soya soje od primarnog poljoprivrednog otkupljiva\u010da do primarnog prera\u0111iva\u010da. Lot sertifikati obi\u010dno se izdaju od strane prodavca i prate proizvod do kupca. Posebnu pa\u017enju treba posvetiti tome da se proizvod kupuje i prodaje samo uz va\u017ee\u0107i lot sertifikat, jer u suprotnom soja ne mo\u017ee biti priznata kao Donau Soja ili Europe Soya proizvod. Lot sertifikati su potrebni samo za soju, ne za prera\u0111ene sojine proizvode ili sto\u010dnu hranu.<\/p>\n<p>Sertifikati sledljivosti dodatno potvr\u0111uju sledljivost i uskla\u0111enost sa Donau Soja ili Europe Soya zahtevima (uklju\u010duju\u0107i kriterijume BEZ GMO i odr\u017eivosti) za prera\u0111ene sojine proizvode (kao \u0161to su bra\u0161no, ulje, proteinski koncentrat, proteinski izolati i lecitin). Na dobrovoljnoj osnovi, prera\u0111iva\u010di soje mogu zatra\u017eiti izdavanje takvog sertifikata od svog nezavisnog sertifikacionog tela. Sertifikat je va\u017ee\u0107i za specifi\u010dne serije navedene na sertifikatu.<\/p>\n<p>[\/et_pb_text][\/et_pb_column][\/et_pb_row][\/et_pb_section][et_pb_section fb_built=&#8221;1&#8243; _builder_version=&#8221;4.25.2&#8243; _module_preset=&#8221;default&#8221; background_color=&#8221;rgba(255,255,255,0.82)&#8221; da_disable_devices=&#8221;off|off|off&#8221; global_colors_info=&#8221;{}&#8221; da_is_popup=&#8221;off&#8221; da_exit_intent=&#8221;off&#8221; da_has_close=&#8221;on&#8221; da_alt_close=&#8221;off&#8221; da_dark_close=&#8221;off&#8221; da_not_modal=&#8221;on&#8221; da_is_singular=&#8221;off&#8221; da_with_loader=&#8221;off&#8221; da_has_shadow=&#8221;on&#8221;][et_pb_row custom_padding_last_edited=&#8221;off|desktop&#8221; _builder_version=&#8221;4.25.2&#8243; _module_preset=&#8221;default&#8221; background_color=&#8221;RGBA(255,255,255,0)&#8221; custom_margin=&#8221;0px||0px||false|false&#8221; custom_padding=&#8221;0px||||false|false&#8221; locked=&#8221;off&#8221; collapsed=&#8221;off&#8221; global_colors_info=&#8221;{}&#8221;][et_pb_column type=&#8221;4_4&#8243; _builder_version=&#8221;4.25.2&#8243; _module_preset=&#8221;default&#8221; background_color=&#8221;#FDFDFC&#8221; custom_padding=&#8221;10px|20px|10px|20px|false|false&#8221; box_shadow_style=&#8221;preset1&#8243; global_colors_info=&#8221;{}&#8221;][et_pb_text admin_label=&#8221;requirements&#8221; _builder_version=&#8221;4.27.3&#8243; _module_preset=&#8221;41b80ba4-6aa4-4963-b09d-13e03514eba3&#8243; max_width=&#8221;100%&#8221; custom_padding=&#8221;0px|0px|||false|false&#8221; custom_padding_phone=&#8221;10px|10px|10px|10px|false|false&#8221; global_colors_info=&#8221;{}&#8221;]<\/p>\n<p>Pored op\u0161tih zahteva, smernice uklju\u010duju posebne zahteve za slede\u0107e u\u010desnike u sistemu:<\/p>\n<p>[\/et_pb_text][et_pb_blurb title=&#8221;Poljoprivredni proizvo\u0111a\u010di (proizvo\u0111a\u010di) (Izjava za poljoprivredne proizvo\u0111a\u010de)&#8221; url=&#8221;https:\/\/www.donausoja.org\/sr\/poljoprivredni-proizvodac-soje\/&#8221; url_new_window=&#8221;on&#8221; use_icon=&#8221;on&#8221; font_icon=&#8221;&#xf0c8;||fa||900&#8243; _builder_version=&#8221;4.27.3&#8243; _module_preset=&#8221;1570f43d-4546-44ab-8465-341335474087&#8243; header_font=&#8221;|700|||||||&#8221; link_option_url=&#8221;https:\/\/www.donausoja.org\/sr\/poljoprivredni-proizvodac-soje\/&#8221; link_option_url_new_window=&#8221;on&#8221; global_colors_info=&#8221;{}&#8221;][\/et_pb_blurb][et_pb_blurb title=&#8221;Primarni otkupljiva\u010di&#8221; url=&#8221;https:\/\/www.donausoja.org\/sr\/primarni-otkupljivac\/&#8221; url_new_window=&#8221;on&#8221; use_icon=&#8221;on&#8221; font_icon=&#8221;&#xf0c8;||fa||900&#8243; _builder_version=&#8221;4.27.3&#8243; _module_preset=&#8221;1570f43d-4546-44ab-8465-341335474087&#8243; header_font=&#8221;|700|||||||&#8221; link_option_url=&#8221;https:\/\/www.donausoja.org\/sr\/primarni-otkupljivac\/&#8221; link_option_url_new_window=&#8221;on&#8221; global_colors_info=&#8221;{}&#8221;][\/et_pb_blurb][et_pb_blurb title=&#8221;Trgovci sojom&#8221; url=&#8221;https:\/\/www.donausoja.org\/sr\/standardi-i-sertifikacija\/dunav-soja-standard\/zahtevi-sertifikacije\/trgovac-sojom\/&#8221; url_new_window=&#8221;on&#8221; use_icon=&#8221;on&#8221; font_icon=&#8221;&#xf0c8;||fa||900&#8243; _builder_version=&#8221;4.27.3&#8243; _module_preset=&#8221;1570f43d-4546-44ab-8465-341335474087&#8243; header_font=&#8221;|700|||||||&#8221; link_option_url=&#8221;https:\/\/www.donausoja.org\/sr\/standardi-i-sertifikacija\/dunav-soja-standard\/zahtevi-sertifikacije\/trgovac-sojom\/&#8221; link_option_url_new_window=&#8221;on&#8221; global_colors_info=&#8221;{}&#8221;][\/et_pb_blurb][et_pb_blurb title=&#8221;Primarni prera\u0111iva\u010di soje&#8221; url=&#8221;https:\/\/www.donausoja.org\/certification-inspection\/donau-soja-standard\/certification\/primary-processor\/&#8221; url_new_window=&#8221;on&#8221; use_icon=&#8221;on&#8221; font_icon=&#8221;&#xf0c8;||fa||900&#8243; _builder_version=&#8221;4.27.3&#8243; _module_preset=&#8221;1570f43d-4546-44ab-8465-341335474087&#8243; header_font=&#8221;|700|||||||&#8221; link_option_url=&#8221;https:\/\/www.donausoja.org\/certification-inspection\/donau-soja-standard\/certification\/primary-processor\/&#8221; link_option_url_new_window=&#8221;on&#8221; global_colors_info=&#8221;{}&#8221;][\/et_pb_blurb][et_pb_blurb title=&#8221;Proizvo\u0111a\u010di sto\u010dne hrane&#8221; url=&#8221;https:\/\/www.donausoja.org\/sr\/standardi-i-sertifikacija\/dunav-soja-standard\/zahtevi-sertifikacije\/proizvodac-stocne-hrane\/&#8221; url_new_window=&#8221;on&#8221; use_icon=&#8221;on&#8221; font_icon=&#8221;&#xf0c8;||fa||900&#8243; _builder_version=&#8221;4.27.3&#8243; _module_preset=&#8221;1570f43d-4546-44ab-8465-341335474087&#8243; header_font=&#8221;|700|||||||&#8221; link_option_url=&#8221;https:\/\/www.donausoja.org\/sr\/standardi-i-sertifikacija\/dunav-soja-standard\/zahtevi-sertifikacije\/proizvodac-stocne-hrane\/&#8221; link_option_url_new_window=&#8221;on&#8221; global_colors_info=&#8221;{}&#8221;][\/et_pb_blurb][et_pb_blurb title=&#8221;Poljoprivredno prera\u0111iva\u010dko preduze\u0107e&#8221; url=&#8221;https:\/\/www.donausoja.org\/sr\/poljoprivredno-preradivacko-preduzece\/&#8221; url_new_window=&#8221;on&#8221; use_icon=&#8221;on&#8221; font_icon=&#8221;&#xf0c8;||fa||900&#8243; _builder_version=&#8221;4.27.3&#8243; _module_preset=&#8221;1570f43d-4546-44ab-8465-341335474087&#8243; header_font=&#8221;|700|||||||&#8221; link_option_url=&#8221;https:\/\/www.donausoja.org\/sr\/poljoprivredno-preradivacko-preduzece\/&#8221; link_option_url_new_window=&#8221;on&#8221; global_colors_info=&#8221;{}&#8221;][\/et_pb_blurb][et_pb_blurb title=&#8221;Prera\u0111iva\u010di prehrambenih proizvoda i distributer&#8221; url=&#8221;https:\/\/www.donausoja.org\/sr\/standardi-i-sertifikacija\/dunav-soja-standard\/zahtevi-sertifikacije\/proizvodac-prehrambenih-proizvoda-i-distributer\/&#8221; url_new_window=&#8221;on&#8221; use_icon=&#8221;on&#8221; font_icon=&#8221;&#xf0c8;||fa||900&#8243; _builder_version=&#8221;4.27.3&#8243; _module_preset=&#8221;1570f43d-4546-44ab-8465-341335474087&#8243; header_font=&#8221;|700|||||||&#8221; link_option_url=&#8221;https:\/\/www.donausoja.org\/sr\/standardi-i-sertifikacija\/dunav-soja-standard\/zahtevi-sertifikacije\/proizvodac-prehrambenih-proizvoda-i-distributer\/&#8221; link_option_url_new_window=&#8221;on&#8221; global_colors_info=&#8221;{}&#8221;][\/et_pb_blurb][et_pb_blurb title=&#8221;Prevoz i \u010di\u0161\u0107enje&#8221; url=&#8221;https:\/\/www.donausoja.org\/sr\/standardi-i-sertifikacija\/dunav-soja-standard\/zahtevi-sertifikacije\/transport-i-ciscenje\/&#8221; url_new_window=&#8221;on&#8221; use_icon=&#8221;on&#8221; font_icon=&#8221;&#xf0c8;||fa||900&#8243; _builder_version=&#8221;4.27.3&#8243; _module_preset=&#8221;1570f43d-4546-44ab-8465-341335474087&#8243; header_font=&#8221;|700|||||||&#8221; custom_margin=&#8221;20px||20px||false|false&#8221; link_option_url=&#8221;https:\/\/www.donausoja.org\/sr\/standardi-i-sertifikacija\/dunav-soja-standard\/zahtevi-sertifikacije\/transport-i-ciscenje\/&#8221; link_option_url_new_window=&#8221;on&#8221; global_colors_info=&#8221;{}&#8221;][\/et_pb_blurb][\/et_pb_column][\/et_pb_row][\/et_pb_section]<\/p>\n","protected":false},"excerpt":{"rendered":"<p>Sertifikujte seU\u010destvovanjem u na\u0161im sertifikacionim programima, doprinosite promociji BEZ GMO proizvodnje soje u Dunavskom regionu, ali i Evropi. Tako\u0111e, time doprinosite odr\u017eivom snabdevanju proteinima u lancima vrednosti soje. Donau Soja &amp; Europe Soya standardi podrazumevaju: BEZ GMO proizvodnju Poreklo iz Dunavskog regiona \/ Evrope Bez deforestacije (datum preseka 2008. godina) i bez konverzije zemlji\u0161ta Transparentna [&hellip;]<\/p>\n","protected":false},"author":37,"featured_media":30,"parent":0,"menu_order":0,"comment_status":"closed","ping_status":"closed","template":"","meta":{"_et_pb_use_builder":"on","_et_pb_old_content":"","_et_gb_content_width":"","footnotes":""},"class_list":["post-53486","page","type-page","status-publish","has-post-thumbnail","hentry"],"yoast_head":"<!-- This site is optimized with the Yoast SEO plugin v27.4 - https:\/\/yoast.com\/product\/yoast-seo-wordpress\/ -->\n<title>Sertifikujte se - Donau Soja<\/title>\n<meta name=\"description\" content=\"U\u010destvovanjem u na\u0161im sertifikacionim programima, doprinosite promociji BEZ GMO proizvodnje soje u Dunavskom regionu, ali i Evropi.\" \/>\n<meta name=\"robots\" content=\"index, follow, max-snippet:-1, max-image-preview:large, max-video-preview:-1\" \/>\n<link rel=\"canonical\" href=\"https:\/\/www.donausoja.org\/sr\/get-certified\/\" \/>\n<meta property=\"og:locale\" content=\"sr_RS\" \/>\n<meta property=\"og:type\" content=\"article\" \/>\n<meta property=\"og:title\" content=\"Sertifikujte se - Donau Soja\" \/>\n<meta property=\"og:description\" content=\"U\u010destvovanjem u na\u0161im sertifikacionim programima, doprinosite promociji BEZ GMO proizvodnje soje u Dunavskom regionu, ali i Evropi.\" \/>\n<meta property=\"og:url\" content=\"https:\/\/www.donausoja.org\/sr\/get-certified\/\" \/>\n<meta property=\"og:site_name\" content=\"Donau Soja\" \/>\n<meta property=\"article:modified_time\" content=\"2025-01-31T14:30:24+00:00\" \/>\n<meta property=\"og:image\" content=\"https:\/\/www.donausoja.org\/wp-content\/uploads\/2023\/06\/cropped-europesoja_donausoja_logo_230.png\" \/>\n\t<meta property=\"og:image:width\" content=\"512\" \/>\n\t<meta property=\"og:image:height\" content=\"512\" \/>\n\t<meta property=\"og:image:type\" content=\"image\/png\" \/>\n<meta name=\"twitter:card\" content=\"summary_large_image\" \/>\n<meta name=\"twitter:label1\" content=\"\u041f\u0440\u043e\u0446\u0435\u045a\u0435\u043d\u043e \u0432\u0440\u0435\u043c\u0435 \u0447\u0438\u0442\u0430\u045a\u0430\" \/>\n\t<meta name=\"twitter:data1\" content=\"3 \u043c\u0438\u043d\u0443\u0442\u0430\" \/>\n<script type=\"application\/ld+json\" class=\"yoast-schema-graph\">{\"@context\":\"https:\\\/\\\/schema.org\",\"@graph\":[{\"@type\":\"WebPage\",\"@id\":\"https:\\\/\\\/www.donausoja.org\\\/sr\\\/get-certified\\\/\",\"url\":\"https:\\\/\\\/www.donausoja.org\\\/sr\\\/get-certified\\\/\",\"name\":\"Sertifikujte se - Donau Soja\",\"isPartOf\":{\"@id\":\"https:\\\/\\\/www.donausoja.org\\\/sr\\\/#website\"},\"primaryImageOfPage\":{\"@id\":\"https:\\\/\\\/www.donausoja.org\\\/sr\\\/get-certified\\\/#primaryimage\"},\"image\":{\"@id\":\"https:\\\/\\\/www.donausoja.org\\\/sr\\\/get-certified\\\/#primaryimage\"},\"thumbnailUrl\":\"https:\\\/\\\/www.donausoja.org\\\/wp-content\\\/uploads\\\/2023\\\/06\\\/cropped-europesoja_donausoja_logo_230.png\",\"datePublished\":\"2024-05-16T13:16:03+00:00\",\"dateModified\":\"2025-01-31T14:30:24+00:00\",\"description\":\"U\u010destvovanjem u na\u0161im sertifikacionim programima, doprinosite promociji BEZ GMO proizvodnje soje u Dunavskom regionu, ali i Evropi.\",\"breadcrumb\":{\"@id\":\"https:\\\/\\\/www.donausoja.org\\\/sr\\\/get-certified\\\/#breadcrumb\"},\"inLanguage\":\"sr-RS\",\"potentialAction\":[{\"@type\":\"ReadAction\",\"target\":[\"https:\\\/\\\/www.donausoja.org\\\/sr\\\/get-certified\\\/\"]}]},{\"@type\":\"ImageObject\",\"inLanguage\":\"sr-RS\",\"@id\":\"https:\\\/\\\/www.donausoja.org\\\/sr\\\/get-certified\\\/#primaryimage\",\"url\":\"https:\\\/\\\/www.donausoja.org\\\/wp-content\\\/uploads\\\/2023\\\/06\\\/cropped-europesoja_donausoja_logo_230.png\",\"contentUrl\":\"https:\\\/\\\/www.donausoja.org\\\/wp-content\\\/uploads\\\/2023\\\/06\\\/cropped-europesoja_donausoja_logo_230.png\",\"width\":512,\"height\":512},{\"@type\":\"BreadcrumbList\",\"@id\":\"https:\\\/\\\/www.donausoja.org\\\/sr\\\/get-certified\\\/#breadcrumb\",\"itemListElement\":[{\"@type\":\"ListItem\",\"position\":1,\"name\":\"Home\",\"item\":\"https:\\\/\\\/www.donausoja.org\\\/sr\\\/\"},{\"@type\":\"ListItem\",\"position\":2,\"name\":\"Sertifikujte se\"}]},{\"@type\":\"WebSite\",\"@id\":\"https:\\\/\\\/www.donausoja.org\\\/sr\\\/#website\",\"url\":\"https:\\\/\\\/www.donausoja.org\\\/sr\\\/\",\"name\":\"Donau Soja\",\"description\":\"Together for a European Protein Supply: Regional. Sustainable. Non-GM.\",\"potentialAction\":[{\"@type\":\"SearchAction\",\"target\":{\"@type\":\"EntryPoint\",\"urlTemplate\":\"https:\\\/\\\/www.donausoja.org\\\/sr\\\/?s={search_term_string}\"},\"query-input\":{\"@type\":\"PropertyValueSpecification\",\"valueRequired\":true,\"valueName\":\"search_term_string\"}}],\"inLanguage\":\"sr-RS\"}]}<\/script>\n<!-- \/ Yoast SEO plugin. -->","yoast_head_json":{"title":"Sertifikujte se - Donau Soja","description":"U\u010destvovanjem u na\u0161im sertifikacionim programima, doprinosite promociji BEZ GMO proizvodnje soje u Dunavskom regionu, ali i Evropi.","robots":{"index":"index","follow":"follow","max-snippet":"max-snippet:-1","max-image-preview":"max-image-preview:large","max-video-preview":"max-video-preview:-1"},"canonical":"https:\/\/www.donausoja.org\/sr\/get-certified\/","og_locale":"sr_RS","og_type":"article","og_title":"Sertifikujte se - Donau Soja","og_description":"U\u010destvovanjem u na\u0161im sertifikacionim programima, doprinosite promociji BEZ GMO proizvodnje soje u Dunavskom regionu, ali i Evropi.","og_url":"https:\/\/www.donausoja.org\/sr\/get-certified\/","og_site_name":"Donau Soja","article_modified_time":"2025-01-31T14:30:24+00:00","og_image":[{"width":512,"height":512,"url":"https:\/\/www.donausoja.org\/wp-content\/uploads\/2023\/06\/cropped-europesoja_donausoja_logo_230.png","type":"image\/png"}],"twitter_card":"summary_large_image","twitter_misc":{"\u041f\u0440\u043e\u0446\u0435\u045a\u0435\u043d\u043e \u0432\u0440\u0435\u043c\u0435 \u0447\u0438\u0442\u0430\u045a\u0430":"3 \u043c\u0438\u043d\u0443\u0442\u0430"},"schema":{"@context":"https:\/\/schema.org","@graph":[{"@type":"WebPage","@id":"https:\/\/www.donausoja.org\/sr\/get-certified\/","url":"https:\/\/www.donausoja.org\/sr\/get-certified\/","name":"Sertifikujte se - Donau Soja","isPartOf":{"@id":"https:\/\/www.donausoja.org\/sr\/#website"},"primaryImageOfPage":{"@id":"https:\/\/www.donausoja.org\/sr\/get-certified\/#primaryimage"},"image":{"@id":"https:\/\/www.donausoja.org\/sr\/get-certified\/#primaryimage"},"thumbnailUrl":"https:\/\/www.donausoja.org\/wp-content\/uploads\/2023\/06\/cropped-europesoja_donausoja_logo_230.png","datePublished":"2024-05-16T13:16:03+00:00","dateModified":"2025-01-31T14:30:24+00:00","description":"U\u010destvovanjem u na\u0161im sertifikacionim programima, doprinosite promociji BEZ GMO proizvodnje soje u Dunavskom regionu, ali i Evropi.","breadcrumb":{"@id":"https:\/\/www.donausoja.org\/sr\/get-certified\/#breadcrumb"},"inLanguage":"sr-RS","potentialAction":[{"@type":"ReadAction","target":["https:\/\/www.donausoja.org\/sr\/get-certified\/"]}]},{"@type":"ImageObject","inLanguage":"sr-RS","@id":"https:\/\/www.donausoja.org\/sr\/get-certified\/#primaryimage","url":"https:\/\/www.donausoja.org\/wp-content\/uploads\/2023\/06\/cropped-europesoja_donausoja_logo_230.png","contentUrl":"https:\/\/www.donausoja.org\/wp-content\/uploads\/2023\/06\/cropped-europesoja_donausoja_logo_230.png","width":512,"height":512},{"@type":"BreadcrumbList","@id":"https:\/\/www.donausoja.org\/sr\/get-certified\/#breadcrumb","itemListElement":[{"@type":"ListItem","position":1,"name":"Home","item":"https:\/\/www.donausoja.org\/sr\/"},{"@type":"ListItem","position":2,"name":"Sertifikujte se"}]},{"@type":"WebSite","@id":"https:\/\/www.donausoja.org\/sr\/#website","url":"https:\/\/www.donausoja.org\/sr\/","name":"Donau Soja","description":"Together for a European Protein Supply: Regional. Sustainable. Non-GM.","potentialAction":[{"@type":"SearchAction","target":{"@type":"EntryPoint","urlTemplate":"https:\/\/www.donausoja.org\/sr\/?s={search_term_string}"},"query-input":{"@type":"PropertyValueSpecification","valueRequired":true,"valueName":"search_term_string"}}],"inLanguage":"sr-RS"}]}},"_links":{"self":[{"href":"https:\/\/www.donausoja.org\/sr\/wp-json\/wp\/v2\/pages\/53486","targetHints":{"allow":["GET"]}}],"collection":[{"href":"https:\/\/www.donausoja.org\/sr\/wp-json\/wp\/v2\/pages"}],"about":[{"href":"https:\/\/www.donausoja.org\/sr\/wp-json\/wp\/v2\/types\/page"}],"author":[{"embeddable":true,"href":"https:\/\/www.donausoja.org\/sr\/wp-json\/wp\/v2\/users\/37"}],"replies":[{"embeddable":true,"href":"https:\/\/www.donausoja.org\/sr\/wp-json\/wp\/v2\/comments?post=53486"}],"version-history":[{"count":5,"href":"https:\/\/www.donausoja.org\/sr\/wp-json\/wp\/v2\/pages\/53486\/revisions"}],"predecessor-version":[{"id":54016,"href":"https:\/\/www.donausoja.org\/sr\/wp-json\/wp\/v2\/pages\/53486\/revisions\/54016"}],"wp:featuredmedia":[{"embeddable":true,"href":"https:\/\/www.donausoja.org\/sr\/wp-json\/wp\/v2\/media\/30"}],"wp:attachment":[{"href":"https:\/\/www.donausoja.org\/sr\/wp-json\/wp\/v2\/media?parent=53486"}],"curies":[{"name":"wp","href":"https:\/\/api.w.org\/{rel}","templated":true}]}}