
{"id":53414,"date":"2024-05-17T16:56:42","date_gmt":"2024-05-17T16:56:42","guid":{"rendered":"https:\/\/www.donausoja.org\/?page_id=53414"},"modified":"2025-01-27T15:27:15","modified_gmt":"2025-01-27T15:27:15","slug":"soya-map","status":"publish","type":"page","link":"https:\/\/www.donausoja.org\/sr\/soya-map\/","title":{"rendered":"Soya map"},"content":{"rendered":"<p>[et_pb_section fb_built=&#8221;1&#8243; _builder_version=&#8221;4.16&#8243; _module_preset=&#8221;default&#8221; background_color=&#8221;RGBA(255,255,255,0)&#8221; da_disable_devices=&#8221;off|off|off&#8221; locked=&#8221;off&#8221; global_colors_info=&#8221;{}&#8221; da_is_popup=&#8221;off&#8221; da_exit_intent=&#8221;off&#8221; da_has_close=&#8221;on&#8221; da_alt_close=&#8221;off&#8221; da_dark_close=&#8221;off&#8221; da_not_modal=&#8221;on&#8221; da_is_singular=&#8221;off&#8221; da_with_loader=&#8221;off&#8221; da_has_shadow=&#8221;on&#8221;][et_pb_row _builder_version=&#8221;4.16&#8243; _module_preset=&#8221;default&#8221; custom_padding=&#8221;130px|||||&#8221; global_colors_info=&#8221;{}&#8221;][et_pb_column type=&#8221;4_4&#8243; _builder_version=&#8221;4.16&#8243; _module_preset=&#8221;default&#8221; global_colors_info=&#8221;{}&#8221;][et_pb_text admin_label=&#8221;Headline&#8221; _builder_version=&#8221;4.21.0&#8243; _module_preset=&#8221;77a7a6a5-6cba-4e24-a8d7-1992b0adbe08&#8243; header_font=&#8221;Ubuntu|700|||||||&#8221; global_colors_info=&#8221;{}&#8221;]<\/p>\n<h1>Soya map<\/h1>\n<p>[\/et_pb_text][\/et_pb_column][\/et_pb_row][\/et_pb_section][et_pb_section fb_built=&#8221;1&#8243; _builder_version=&#8221;4.25.2&#8243; _module_preset=&#8221;default&#8221; background_color=&#8221;#FFFFFF&#8221; custom_padding=&#8221;2px||0px|||&#8221; da_disable_devices=&#8221;off|off|off&#8221; locked=&#8221;off&#8221; global_colors_info=&#8221;{}&#8221; da_is_popup=&#8221;off&#8221; da_exit_intent=&#8221;off&#8221; da_has_close=&#8221;on&#8221; da_alt_close=&#8221;off&#8221; da_dark_close=&#8221;off&#8221; da_not_modal=&#8221;on&#8221; da_is_singular=&#8221;off&#8221; da_with_loader=&#8221;off&#8221; da_has_shadow=&#8221;on&#8221;][et_pb_row _builder_version=&#8221;4.21.0&#8243; _module_preset=&#8221;default&#8221; custom_padding=&#8221;4px|||||&#8221; global_colors_info=&#8221;{}&#8221;][et_pb_column type=&#8221;4_4&#8243; _builder_version=&#8221;4.16&#8243; _module_preset=&#8221;default&#8221; global_colors_info=&#8221;{}&#8221;][et_pb_text admin_label=&#8221;info-Text&#8221; _builder_version=&#8221;4.27.3&#8243; _module_preset=&#8221;97a49757-9877-47ea-b480-aa7742502928&#8243; custom_padding=&#8221;0px|||0px|false|false&#8221; hover_enabled=&#8221;0&#8243; global_colors_info=&#8221;{}&#8221; sticky_enabled=&#8221;0&#8243;]<\/p>\n<p><a href=\"http:\/\/soyamap.org\" target=\"_blank\" rel=\"noopener\">Soyamap.org<\/a> je informacioni centar za tr\u017ei\u0161te Donau Soja udru\u017eenja. Portal ima za cilj pobolj\u0161anje transparentnosti tr\u017ei\u0161ta u evropskom tr\u017ei\u0161tu BEZ GMO soje.<\/p>\n<p><strong>Sadr\u017eaj koji ovde mo\u017eete na\u0107i:<\/strong><\/p>\n<ul>\n<li>Cene BEZ GMO soje<\/li>\n<li>Informacije o trgovcima i prera\u0111iva\u010dima<\/li>\n<li>Informacije i podatke o proizvodnji<\/li>\n<li>Podaci o \u017eetvi<\/li>\n<\/ul>\n<p>[\/et_pb_text][et_pb_button button_url=&#8221;http:\/\/soyamap.org\/&#8221; url_new_window=&#8221;on&#8221; button_text=&#8221;Posetite Soyamap.org&#8221; _builder_version=&#8221;4.27.3&#8243; _module_preset=&#8221;default&#8221; custom_margin=&#8221;-30px|||||&#8221; hover_enabled=&#8221;0&#8243; global_colors_info=&#8221;{}&#8221; sticky_enabled=&#8221;0&#8243;][\/et_pb_button][et_pb_text admin_label=&#8221;info-Text&#8221; _builder_version=&#8221;4.27.3&#8243; _module_preset=&#8221;97a49757-9877-47ea-b480-aa7742502928&#8243; custom_margin=&#8221;-19px||10px||false|false&#8221; custom_padding=&#8221;0px|||0px|false|false&#8221; hover_enabled=&#8221;0&#8243; global_colors_info=&#8221;{}&#8221; sticky_enabled=&#8221;0&#8243;]<\/p>\n<p>Link je za\u0161ti\u0107en lozinkom i dostupan samo \u010dlanovima i partnerima Donau Soja udru\u017eenja. Ako \u017eelite postati \u010dlan, kliknite <a href=\"https:\/\/www.donausoja.org\/sr\/clanstvo-u-donau-soja-organizaciji\/\" target=\"_blank\" rel=\"noopener\">ovde<\/a>.<\/p>\n<p>Za Donau Soja \u010dlanove i Donau Soja \/ Europe Soya sertifikovane partnere: Da biste dobili lozinku, obratite se na <a href=\"mailto:quality@donausoja.org\">quality@donausoja.org<\/a><\/p>\n<p>[\/et_pb_text][\/et_pb_column][\/et_pb_row][et_pb_row _builder_version=&#8221;4.21.0&#8243; _module_preset=&#8221;default&#8221; custom_margin=&#8221;-38px|auto||auto||&#8221; custom_padding=&#8221;15px|||||&#8221; global_colors_info=&#8221;{}&#8221;][et_pb_column type=&#8221;4_4&#8243; _builder_version=&#8221;4.17.6&#8243; _module_preset=&#8221;default&#8221; global_colors_info=&#8221;{}&#8221;][et_pb_image src=&#8221;https:\/\/www.donausoja.org\/wp-content\/uploads\/2022\/09\/screenshot_soyamap1-1.png&#8221; title_text=&#8221;screenshot_soyamap1&#8243; url=&#8221;http:\/\/soyamap.org&#8221; url_new_window=&#8221;on&#8221; _builder_version=&#8221;4.21.0&#8243; _module_preset=&#8221;default&#8221; global_colors_info=&#8221;{}&#8221;][\/et_pb_image][\/et_pb_column][\/et_pb_row][et_pb_row column_structure=&#8221;1_2,1_2&#8243; use_custom_gutter=&#8221;on&#8221; gutter_width=&#8221;2&#8243; _builder_version=&#8221;4.16&#8243; _module_preset=&#8221;default&#8221; min_height=&#8221;386.9px&#8221; custom_margin=&#8221;|auto|-23px|auto||&#8221; custom_padding=&#8221;0px||0px|||&#8221; locked=&#8221;off&#8221; global_colors_info=&#8221;{}&#8221;][et_pb_column type=&#8221;1_2&#8243; _builder_version=&#8221;4.16&#8243; _module_preset=&#8221;default&#8221; global_colors_info=&#8221;{}&#8221;][et_pb_image src=&#8221;https:\/\/www.donausoja.org\/wp-content\/uploads\/2022\/09\/screenshot_soyamap2-1.png&#8221; title_text=&#8221;screenshot_soyamap2&#8243; url=&#8221;http:\/\/soyamap.org&#8221; url_new_window=&#8221;on&#8221; _builder_version=&#8221;4.17.6&#8243; _module_preset=&#8221;default&#8221; box_shadow_style=&#8221;preset1&#8243; global_colors_info=&#8221;{}&#8221;][\/et_pb_image][\/et_pb_column][et_pb_column type=&#8221;1_2&#8243; _builder_version=&#8221;4.16&#8243; _module_preset=&#8221;default&#8221; global_colors_info=&#8221;{}&#8221;][et_pb_image src=&#8221;https:\/\/www.donausoja.org\/wp-content\/uploads\/2022\/09\/screenshot_soyamap3-1-1.png&#8221; title_text=&#8221;screenshot_soyamap3&#8243; url=&#8221;http:\/\/soyamap.org&#8221; url_new_window=&#8221;on&#8221; _builder_version=&#8221;4.17.6&#8243; _module_preset=&#8221;default&#8221; box_shadow_style=&#8221;preset1&#8243; global_colors_info=&#8221;{}&#8221;][\/et_pb_image][\/et_pb_column][\/et_pb_row][\/et_pb_section][et_pb_section fb_built=&#8221;1&#8243; _builder_version=&#8221;4.25.2&#8243; _module_preset=&#8221;default&#8221; background_color=&#8221;#FFFFFF&#8221; min_height=&#8221;276px&#8221; custom_margin=&#8221;-12px|||||&#8221; custom_padding=&#8221;0px||0px|||&#8221; da_disable_devices=&#8221;off|off|off&#8221; locked=&#8221;off&#8221; global_colors_info=&#8221;{}&#8221; da_is_popup=&#8221;off&#8221; da_exit_intent=&#8221;off&#8221; da_has_close=&#8221;on&#8221; da_alt_close=&#8221;off&#8221; da_dark_close=&#8221;off&#8221; da_not_modal=&#8221;on&#8221; da_is_singular=&#8221;off&#8221; da_with_loader=&#8221;off&#8221; da_has_shadow=&#8221;on&#8221;][et_pb_row _builder_version=&#8221;4.16&#8243; _module_preset=&#8221;default&#8221; custom_margin=&#8221;23px|auto||auto||&#8221; custom_padding=&#8221;0px|||||&#8221; global_colors_info=&#8221;{}&#8221;][et_pb_column type=&#8221;4_4&#8243; _builder_version=&#8221;4.16&#8243; _module_preset=&#8221;default&#8221; global_colors_info=&#8221;{}&#8221;][et_pb_text _builder_version=&#8221;4.27.3&#8243; _module_preset=&#8221;77a7a6a5-6cba-4e24-a8d7-1992b0adbe08&#8243; min_height=&#8221;130px&#8221; custom_margin=&#8221;11px||20px||false|false&#8221; custom_padding=&#8221;0px|||||&#8221; hover_enabled=&#8221;0&#8243; global_colors_info=&#8221;{}&#8221; sticky_enabled=&#8221;0&#8243;]<\/p>\n<p>Posetite i na\u0161e svakodnevno a\u017eurirane <a href=\"https:\/\/www.donausoja.org\/sr\/ds-es-soja-cenovnik-sojine-sacme\/\">cene Donau Soja\/Europe Soya sojine sa\u010dme.<\/a><\/p>\n<p>Donau Soja tako\u0111e nudi pisani izve\u0161taj o tr\u017ei\u0161tu Vi\u0161e informacija mo\u017eete prona\u0107i <a href=\"https:\/\/www.donausoja.org\/sr\/vesti\/izvestaj-o-trzistu-2\/\">ovde.<\/a><\/p>\n<p>Novi izve\u0161taj o BEZ GMO ratarskim kulturama: soja, uljana repica i kukuruz. Ovaj izve\u0161taj je zajedni\u010dki projekat Evropskog udru\u017eenja za BEZ GMO industriju (ENGA), Donau Soja i ProTerra Fondacije. U fokusu su BEZ GMO soja, kukuruz i uljana repica \u2013 tri klju\u010dne kulture na\u00a0 BEZ GMO tr\u017ei\u0161tu EU. Izve\u0161taj obuhvata podatke o setvi, prinosima, cenama i dinamici ponude i potra\u017enje. Pogledajte kompletan izve\u0161taj <a href=\"https:\/\/www.donausoja.org\/wp-content\/uploads\/2023\/11\/Multicrop-Market-Report-01_Nov-2023_HM_BK_v6__HM_BK_v9.pdf\" target=\"_blank\" rel=\"noopener\">ovde<\/a>.<\/p>\n<p>[\/et_pb_text][\/et_pb_column][\/et_pb_row][\/et_pb_section]<\/p>\n","protected":false},"excerpt":{"rendered":"<p>Soya mapSoyamap.org je informacioni centar za tr\u017ei\u0161te Donau Soja udru\u017eenja. Portal ima za cilj pobolj\u0161anje transparentnosti tr\u017ei\u0161ta u evropskom tr\u017ei\u0161tu BEZ GMO soje. Sadr\u017eaj koji ovde mo\u017eete na\u0107i: Cene BEZ GMO soje Informacije o trgovcima i prera\u0111iva\u010dima Informacije i podatke o proizvodnji Podaci o \u017eetvi Link je za\u0161ti\u0107en lozinkom i dostupan samo \u010dlanovima i partnerima [&hellip;]<\/p>\n","protected":false},"author":37,"featured_media":0,"parent":0,"menu_order":0,"comment_status":"closed","ping_status":"closed","template":"","meta":{"_et_pb_use_builder":"on","_et_pb_old_content":"","_et_gb_content_width":"","footnotes":""},"class_list":["post-53414","page","type-page","status-publish","hentry"],"yoast_head":"<!-- This site is optimized with the Yoast SEO plugin v27.4 - https:\/\/yoast.com\/product\/yoast-seo-wordpress\/ -->\n<title>Soya map - Donau Soja<\/title>\n<meta name=\"description\" content=\"Soyamap.org je informacioni centar za tr\u017ei\u0161te Donau Soja udru\u017eenja. Portal ima za cilj pobolj\u0161anje transparentnosti tr\u017ei\u0161ta u evropskom tr\u017ei\u0161tu BEZ GMO soje.\" \/>\n<meta name=\"robots\" content=\"index, follow, max-snippet:-1, max-image-preview:large, max-video-preview:-1\" \/>\n<link rel=\"canonical\" href=\"https:\/\/www.donausoja.org\/sr\/soya-map\/\" \/>\n<meta property=\"og:locale\" content=\"sr_RS\" \/>\n<meta property=\"og:type\" content=\"article\" \/>\n<meta property=\"og:title\" content=\"Soya map - Donau Soja\" \/>\n<meta property=\"og:description\" content=\"Soyamap.org je informacioni centar za tr\u017ei\u0161te Donau Soja udru\u017eenja. Portal ima za cilj pobolj\u0161anje transparentnosti tr\u017ei\u0161ta u evropskom tr\u017ei\u0161tu BEZ GMO soje.\" \/>\n<meta property=\"og:url\" content=\"https:\/\/www.donausoja.org\/sr\/soya-map\/\" \/>\n<meta property=\"og:site_name\" content=\"Donau Soja\" \/>\n<meta property=\"article:modified_time\" content=\"2025-01-27T15:27:15+00:00\" \/>\n<meta name=\"twitter:card\" content=\"summary_large_image\" \/>\n<meta name=\"twitter:label1\" content=\"\u041f\u0440\u043e\u0446\u0435\u045a\u0435\u043d\u043e \u0432\u0440\u0435\u043c\u0435 \u0447\u0438\u0442\u0430\u045a\u0430\" \/>\n\t<meta name=\"twitter:data1\" content=\"2 \u043c\u0438\u043d\u0443\u0442\u0430\" \/>\n<script type=\"application\/ld+json\" class=\"yoast-schema-graph\">{\"@context\":\"https:\\\/\\\/schema.org\",\"@graph\":[{\"@type\":\"WebPage\",\"@id\":\"https:\\\/\\\/www.donausoja.org\\\/sr\\\/soya-map\\\/\",\"url\":\"https:\\\/\\\/www.donausoja.org\\\/sr\\\/soya-map\\\/\",\"name\":\"Soya map - Donau Soja\",\"isPartOf\":{\"@id\":\"https:\\\/\\\/www.donausoja.org\\\/sr\\\/#website\"},\"datePublished\":\"2024-05-17T16:56:42+00:00\",\"dateModified\":\"2025-01-27T15:27:15+00:00\",\"description\":\"Soyamap.org je informacioni centar za tr\u017ei\u0161te Donau Soja udru\u017eenja. Portal ima za cilj pobolj\u0161anje transparentnosti tr\u017ei\u0161ta u evropskom tr\u017ei\u0161tu BEZ GMO soje.\",\"breadcrumb\":{\"@id\":\"https:\\\/\\\/www.donausoja.org\\\/sr\\\/soya-map\\\/#breadcrumb\"},\"inLanguage\":\"sr-RS\",\"potentialAction\":[{\"@type\":\"ReadAction\",\"target\":[\"https:\\\/\\\/www.donausoja.org\\\/sr\\\/soya-map\\\/\"]}]},{\"@type\":\"BreadcrumbList\",\"@id\":\"https:\\\/\\\/www.donausoja.org\\\/sr\\\/soya-map\\\/#breadcrumb\",\"itemListElement\":[{\"@type\":\"ListItem\",\"position\":1,\"name\":\"Home\",\"item\":\"https:\\\/\\\/www.donausoja.org\\\/sr\\\/\"},{\"@type\":\"ListItem\",\"position\":2,\"name\":\"Soya map\"}]},{\"@type\":\"WebSite\",\"@id\":\"https:\\\/\\\/www.donausoja.org\\\/sr\\\/#website\",\"url\":\"https:\\\/\\\/www.donausoja.org\\\/sr\\\/\",\"name\":\"Donau Soja\",\"description\":\"Together for a European Protein Supply: Regional. Sustainable. Non-GM.\",\"potentialAction\":[{\"@type\":\"SearchAction\",\"target\":{\"@type\":\"EntryPoint\",\"urlTemplate\":\"https:\\\/\\\/www.donausoja.org\\\/sr\\\/?s={search_term_string}\"},\"query-input\":{\"@type\":\"PropertyValueSpecification\",\"valueRequired\":true,\"valueName\":\"search_term_string\"}}],\"inLanguage\":\"sr-RS\"}]}<\/script>\n<!-- \/ Yoast SEO plugin. -->","yoast_head_json":{"title":"Soya map - Donau Soja","description":"Soyamap.org je informacioni centar za tr\u017ei\u0161te Donau Soja udru\u017eenja. Portal ima za cilj pobolj\u0161anje transparentnosti tr\u017ei\u0161ta u evropskom tr\u017ei\u0161tu BEZ GMO soje.","robots":{"index":"index","follow":"follow","max-snippet":"max-snippet:-1","max-image-preview":"max-image-preview:large","max-video-preview":"max-video-preview:-1"},"canonical":"https:\/\/www.donausoja.org\/sr\/soya-map\/","og_locale":"sr_RS","og_type":"article","og_title":"Soya map - Donau Soja","og_description":"Soyamap.org je informacioni centar za tr\u017ei\u0161te Donau Soja udru\u017eenja. Portal ima za cilj pobolj\u0161anje transparentnosti tr\u017ei\u0161ta u evropskom tr\u017ei\u0161tu BEZ GMO soje.","og_url":"https:\/\/www.donausoja.org\/sr\/soya-map\/","og_site_name":"Donau Soja","article_modified_time":"2025-01-27T15:27:15+00:00","twitter_card":"summary_large_image","twitter_misc":{"\u041f\u0440\u043e\u0446\u0435\u045a\u0435\u043d\u043e \u0432\u0440\u0435\u043c\u0435 \u0447\u0438\u0442\u0430\u045a\u0430":"2 \u043c\u0438\u043d\u0443\u0442\u0430"},"schema":{"@context":"https:\/\/schema.org","@graph":[{"@type":"WebPage","@id":"https:\/\/www.donausoja.org\/sr\/soya-map\/","url":"https:\/\/www.donausoja.org\/sr\/soya-map\/","name":"Soya map - Donau Soja","isPartOf":{"@id":"https:\/\/www.donausoja.org\/sr\/#website"},"datePublished":"2024-05-17T16:56:42+00:00","dateModified":"2025-01-27T15:27:15+00:00","description":"Soyamap.org je informacioni centar za tr\u017ei\u0161te Donau Soja udru\u017eenja. Portal ima za cilj pobolj\u0161anje transparentnosti tr\u017ei\u0161ta u evropskom tr\u017ei\u0161tu BEZ GMO soje.","breadcrumb":{"@id":"https:\/\/www.donausoja.org\/sr\/soya-map\/#breadcrumb"},"inLanguage":"sr-RS","potentialAction":[{"@type":"ReadAction","target":["https:\/\/www.donausoja.org\/sr\/soya-map\/"]}]},{"@type":"BreadcrumbList","@id":"https:\/\/www.donausoja.org\/sr\/soya-map\/#breadcrumb","itemListElement":[{"@type":"ListItem","position":1,"name":"Home","item":"https:\/\/www.donausoja.org\/sr\/"},{"@type":"ListItem","position":2,"name":"Soya map"}]},{"@type":"WebSite","@id":"https:\/\/www.donausoja.org\/sr\/#website","url":"https:\/\/www.donausoja.org\/sr\/","name":"Donau Soja","description":"Together for a European Protein Supply: Regional. Sustainable. Non-GM.","potentialAction":[{"@type":"SearchAction","target":{"@type":"EntryPoint","urlTemplate":"https:\/\/www.donausoja.org\/sr\/?s={search_term_string}"},"query-input":{"@type":"PropertyValueSpecification","valueRequired":true,"valueName":"search_term_string"}}],"inLanguage":"sr-RS"}]}},"_links":{"self":[{"href":"https:\/\/www.donausoja.org\/sr\/wp-json\/wp\/v2\/pages\/53414","targetHints":{"allow":["GET"]}}],"collection":[{"href":"https:\/\/www.donausoja.org\/sr\/wp-json\/wp\/v2\/pages"}],"about":[{"href":"https:\/\/www.donausoja.org\/sr\/wp-json\/wp\/v2\/types\/page"}],"author":[{"embeddable":true,"href":"https:\/\/www.donausoja.org\/sr\/wp-json\/wp\/v2\/users\/37"}],"replies":[{"embeddable":true,"href":"https:\/\/www.donausoja.org\/sr\/wp-json\/wp\/v2\/comments?post=53414"}],"version-history":[{"count":1,"href":"https:\/\/www.donausoja.org\/sr\/wp-json\/wp\/v2\/pages\/53414\/revisions"}],"predecessor-version":[{"id":53420,"href":"https:\/\/www.donausoja.org\/sr\/wp-json\/wp\/v2\/pages\/53414\/revisions\/53420"}],"wp:attachment":[{"href":"https:\/\/www.donausoja.org\/sr\/wp-json\/wp\/v2\/media?parent=53414"}],"curies":[{"name":"wp","href":"https:\/\/api.w.org\/{rel}","templated":true}]}}