
{"id":53404,"date":"2024-05-17T16:55:54","date_gmt":"2024-05-17T16:55:54","guid":{"rendered":"https:\/\/www.donausoja.org\/non-gm-multicrop-report\/"},"modified":"2025-04-11T08:41:09","modified_gmt":"2025-04-11T08:41:09","slug":"non-gm-multicrop-report","status":"publish","type":"page","link":"https:\/\/www.donausoja.org\/sr\/non-gm-multicrop-report\/","title":{"rendered":"Izve\u0161taj o BEZ GMO ratarskim kulturama"},"content":{"rendered":"<p>[et_pb_section fb_built=&#8221;1&#8243; _builder_version=&#8221;4.16&#8243; _module_preset=&#8221;default&#8221; background_color=&#8221;RGBA(255,255,255,0)&#8221; da_disable_devices=&#8221;off|off|off&#8221; locked=&#8221;off&#8221; global_colors_info=&#8221;{}&#8221; da_is_popup=&#8221;off&#8221; da_exit_intent=&#8221;off&#8221; da_has_close=&#8221;on&#8221; da_alt_close=&#8221;off&#8221; da_dark_close=&#8221;off&#8221; da_not_modal=&#8221;on&#8221; da_is_singular=&#8221;off&#8221; da_with_loader=&#8221;off&#8221; da_has_shadow=&#8221;on&#8221;][et_pb_row _builder_version=&#8221;4.16&#8243; _module_preset=&#8221;default&#8221; custom_padding=&#8221;130px|||||&#8221; global_colors_info=&#8221;{}&#8221;][et_pb_column type=&#8221;4_4&#8243; _builder_version=&#8221;4.16&#8243; _module_preset=&#8221;default&#8221; global_colors_info=&#8221;{}&#8221;][et_pb_text admin_label=&#8221;Headline&#8221; _builder_version=&#8221;4.27.3&#8243; _module_preset=&#8221;77a7a6a5-6cba-4e24-a8d7-1992b0adbe08&#8243; header_font=&#8221;Ubuntu|700|||||||&#8221; global_colors_info=&#8221;{}&#8221;]<\/p>\n<h1>IZVE\u0160TAJ O BEZ GMO RATARSKIM KULTURAMA<\/h1>\n<p>[\/et_pb_text][\/et_pb_column][\/et_pb_row][\/et_pb_section][et_pb_section fb_built=&#8221;1&#8243; module_id=&#8221;multicrop&#8221; _builder_version=&#8221;4.21.0&#8243; _module_preset=&#8221;default&#8221; background_color=&#8221;#F6F1E8&#8243; custom_padding=&#8221;3px||3px|||&#8221; da_disable_devices=&#8221;off|off|off&#8221; locked=&#8221;off&#8221; global_colors_info=&#8221;{}&#8221; da_is_popup=&#8221;off&#8221; da_exit_intent=&#8221;off&#8221; da_has_close=&#8221;on&#8221; da_alt_close=&#8221;off&#8221; da_dark_close=&#8221;off&#8221; da_not_modal=&#8221;on&#8221; da_is_singular=&#8221;off&#8221; da_with_loader=&#8221;off&#8221; da_has_shadow=&#8221;on&#8221;][et_pb_row _builder_version=&#8221;4.16&#8243; _module_preset=&#8221;default&#8221; custom_padding=&#8221;||0px|||&#8221; global_colors_info=&#8221;{}&#8221;][et_pb_column type=&#8221;4_4&#8243; _builder_version=&#8221;4.16&#8243; _module_preset=&#8221;default&#8221; global_colors_info=&#8221;{}&#8221;][et_pb_text admin_label=&#8221;Multicrop Market Report&#8221; _builder_version=&#8221;4.27.3&#8243; _module_preset=&#8221;97a49757-9877-47ea-b480-aa7742502928&#8243; global_colors_info=&#8221;{}&#8221;]<\/p>\n<h2>IZVE\u0160TAJ O NAJVA\u017dNIJIM BEZ GMO RATARSKIM KULTURAMA U EU<\/h2>\n<p>[\/et_pb_text][\/et_pb_column][\/et_pb_row][et_pb_row column_structure=&#8221;3_5,2_5&#8243; _builder_version=&#8221;4.21.0&#8243; _module_preset=&#8221;default&#8221; custom_padding=&#8221;4px|||||&#8221; global_colors_info=&#8221;{}&#8221;][et_pb_column type=&#8221;3_5&#8243; _builder_version=&#8221;4.16&#8243; _module_preset=&#8221;default&#8221; global_colors_info=&#8221;{}&#8221;][et_pb_text admin_label=&#8221;info-Text&#8221; _builder_version=&#8221;4.27.3&#8243; _module_preset=&#8221;97a49757-9877-47ea-b480-aa7742502928&#8243; custom_padding=&#8221;24px|||0px|false|false&#8221; hover_enabled=&#8221;0&#8243; global_colors_info=&#8221;{}&#8221; sticky_enabled=&#8221;0&#8243;]<\/p>\n<p>Izve\u0161taj o BEZ GMO ratarskim kulturama je dodatni, kvartalni izve\u0161taj koji objavljuje Donau Soja u saradnji sa ENGA organizacijom i Fondacijom ProTerra. Ova opse\u017ena studija obuhvata najva\u017enije, ratarske kulture na tr\u017ei\u0161tu EU\u2014soju, kukuruz i uljanu repicu\u2014spajaju\u0107i podatke o setvi, statistiku prinosa, cene, kao i dinamiku ponude i potra\u017enje. Izve\u0161taj o BEZ GMO ratarskim kulturama namenjen je proizvo\u0111a\u010dima prehrambenih proizvoda i sto\u010dne hrane, kao i maloprodajama, sa ciljem da ih informi\u0161e o stanju na tr\u017ei\u0161tu, dostupnosti, cenama i potra\u017enji.<\/p>\n<p>Preuzimte Izve\u0161taj o BEZ GMO ratarskim kulturama:<\/p>\n<p><a href=\"https:\/\/www.donausoja.org\/wp-content\/uploads\/2024\/02\/non-GM_Multicrop_Market_Report.pdf\" target=\"_blank\" rel=\"noopener\">Izdanje\u00a0 1 \/ Novembar 2023<\/a><br \/><a href=\"https:\/\/www.donausoja.org\/wp-content\/uploads\/2024\/02\/Multicrop_Report_02_Feb_2024.pdf\" target=\"_blank\" rel=\"noopener\">Izdanje 2 \/ Februar 2024<\/a><br \/><a href=\"https:\/\/www.donausoja.org\/wp-content\/uploads\/2024\/06\/Market_Report_03_May_2024.pdf\" target=\"_blank\" rel=\"noopener\">Izdanje 3 \/ Maj 2024<\/a><br \/><a href=\"https:\/\/www.donausoja.org\/wp-content\/uploads\/2024\/09\/Non-GMO-Report-September-2024.pdf\">Izdanje 4 \/ Septembar 2024<\/a><br \/><a href=\"https:\/\/www.donausoja.org\/wp-content\/uploads\/2025\/01\/Multicrop_Report_05_Dec_2024.pdf\">Izdanje 5 \/ Decembar 2024<\/a><br \/><a href=\"https:\/\/www.donausoja.org\/wp-content\/uploads\/2025\/04\/Non-GM-Market-Report_April-2025-Donau-Soja-Multicrop.pdf\" target=\"_blank\" rel=\"noopener\">Izdanje 6 \/ April 2025<\/a><\/p>\n<p>[\/et_pb_text][\/et_pb_column][et_pb_column type=&#8221;2_5&#8243; _builder_version=&#8221;4.16&#8243; _module_preset=&#8221;default&#8221; global_colors_info=&#8221;{}&#8221;][et_pb_image src=&#8221;https:\/\/www.donausoja.org\/wp-content\/uploads\/2024\/02\/Multicrop-Market-Report.png&#8221; title_text=&#8221;Multicrop Market Report&#8221; _builder_version=&#8221;4.21.0&#8243; _module_preset=&#8221;default&#8221; global_colors_info=&#8221;{}&#8221;][\/et_pb_image][\/et_pb_column][\/et_pb_row][\/et_pb_section]<\/p>\n","protected":false},"excerpt":{"rendered":"<p>IZVE\u0160TAJ O BEZ GMO RATARSKIM KULTURAMAIZVE\u0160TAJ O NAJVA\u017dNIJIM BEZ GMO RATARSKIM KULTURAMA U EUIzve\u0161taj o BEZ GMO ratarskim kulturama je dodatni, kvartalni izve\u0161taj koji objavljuje Donau Soja u saradnji sa ENGA organizacijom i Fondacijom ProTerra. Ova opse\u017ena studija obuhvata najva\u017enije, ratarske kulture na tr\u017ei\u0161tu EU\u2014soju, kukuruz i uljanu repicu\u2014spajaju\u0107i podatke o setvi, statistiku prinosa, cene, [&hellip;]<\/p>\n","protected":false},"author":37,"featured_media":0,"parent":0,"menu_order":0,"comment_status":"closed","ping_status":"closed","template":"","meta":{"_et_pb_use_builder":"on","_et_pb_old_content":"","_et_gb_content_width":"","footnotes":""},"class_list":["post-53404","page","type-page","status-publish","hentry"],"yoast_head":"<!-- This site is optimized with the Yoast SEO plugin v27.4 - https:\/\/yoast.com\/product\/yoast-seo-wordpress\/ -->\n<title>Izve\u0161taj o BEZ GMO ratarskim kulturama - Donau Soja<\/title>\n<meta name=\"description\" content=\"Izve\u0161taj o BEZ GMO ratarskim kulturama je dodatni, kvartalni izve\u0161taj koji objavljuje Donau Soja u saradnji sa ENGA organizacijom i Fondacijom ProTerra.\" \/>\n<meta name=\"robots\" content=\"index, follow, max-snippet:-1, max-image-preview:large, max-video-preview:-1\" \/>\n<link rel=\"canonical\" href=\"https:\/\/www.donausoja.org\/sr\/non-gm-multicrop-report\/\" \/>\n<meta property=\"og:locale\" content=\"sr_RS\" \/>\n<meta property=\"og:type\" content=\"article\" \/>\n<meta property=\"og:title\" content=\"Izve\u0161taj o BEZ GMO ratarskim kulturama - Donau Soja\" \/>\n<meta property=\"og:description\" content=\"Izve\u0161taj o BEZ GMO ratarskim kulturama je dodatni, kvartalni izve\u0161taj koji objavljuje Donau Soja u saradnji sa ENGA organizacijom i Fondacijom ProTerra.\" \/>\n<meta property=\"og:url\" content=\"https:\/\/www.donausoja.org\/sr\/non-gm-multicrop-report\/\" \/>\n<meta property=\"og:site_name\" content=\"Donau Soja\" \/>\n<meta property=\"article:modified_time\" content=\"2025-04-11T08:41:09+00:00\" \/>\n<meta name=\"twitter:card\" content=\"summary_large_image\" \/>\n<meta name=\"twitter:label1\" content=\"\u041f\u0440\u043e\u0446\u0435\u045a\u0435\u043d\u043e \u0432\u0440\u0435\u043c\u0435 \u0447\u0438\u0442\u0430\u045a\u0430\" \/>\n\t<meta name=\"twitter:data1\" content=\"1 \u043c\u0438\u043d\u0443\u0442\" \/>\n<script type=\"application\/ld+json\" class=\"yoast-schema-graph\">{\"@context\":\"https:\\\/\\\/schema.org\",\"@graph\":[{\"@type\":\"WebPage\",\"@id\":\"https:\\\/\\\/www.donausoja.org\\\/sr\\\/non-gm-multicrop-report\\\/\",\"url\":\"https:\\\/\\\/www.donausoja.org\\\/sr\\\/non-gm-multicrop-report\\\/\",\"name\":\"Izve\u0161taj o BEZ GMO ratarskim kulturama - Donau Soja\",\"isPartOf\":{\"@id\":\"https:\\\/\\\/www.donausoja.org\\\/sr\\\/#website\"},\"datePublished\":\"2024-05-17T16:55:54+00:00\",\"dateModified\":\"2025-04-11T08:41:09+00:00\",\"description\":\"Izve\u0161taj o BEZ GMO ratarskim kulturama je dodatni, kvartalni izve\u0161taj koji objavljuje Donau Soja u saradnji sa ENGA organizacijom i Fondacijom ProTerra.\",\"breadcrumb\":{\"@id\":\"https:\\\/\\\/www.donausoja.org\\\/sr\\\/non-gm-multicrop-report\\\/#breadcrumb\"},\"inLanguage\":\"sr-RS\",\"potentialAction\":[{\"@type\":\"ReadAction\",\"target\":[\"https:\\\/\\\/www.donausoja.org\\\/sr\\\/non-gm-multicrop-report\\\/\"]}]},{\"@type\":\"BreadcrumbList\",\"@id\":\"https:\\\/\\\/www.donausoja.org\\\/sr\\\/non-gm-multicrop-report\\\/#breadcrumb\",\"itemListElement\":[{\"@type\":\"ListItem\",\"position\":1,\"name\":\"Home\",\"item\":\"https:\\\/\\\/www.donausoja.org\\\/sr\\\/\"},{\"@type\":\"ListItem\",\"position\":2,\"name\":\"Izve\u0161taj o BEZ GMO ratarskim kulturama\"}]},{\"@type\":\"WebSite\",\"@id\":\"https:\\\/\\\/www.donausoja.org\\\/sr\\\/#website\",\"url\":\"https:\\\/\\\/www.donausoja.org\\\/sr\\\/\",\"name\":\"Donau Soja\",\"description\":\"Together for a European Protein Supply: Regional. Sustainable. Non-GM.\",\"potentialAction\":[{\"@type\":\"SearchAction\",\"target\":{\"@type\":\"EntryPoint\",\"urlTemplate\":\"https:\\\/\\\/www.donausoja.org\\\/sr\\\/?s={search_term_string}\"},\"query-input\":{\"@type\":\"PropertyValueSpecification\",\"valueRequired\":true,\"valueName\":\"search_term_string\"}}],\"inLanguage\":\"sr-RS\"}]}<\/script>\n<!-- \/ Yoast SEO plugin. -->","yoast_head_json":{"title":"Izve\u0161taj o BEZ GMO ratarskim kulturama - Donau Soja","description":"Izve\u0161taj o BEZ GMO ratarskim kulturama je dodatni, kvartalni izve\u0161taj koji objavljuje Donau Soja u saradnji sa ENGA organizacijom i Fondacijom ProTerra.","robots":{"index":"index","follow":"follow","max-snippet":"max-snippet:-1","max-image-preview":"max-image-preview:large","max-video-preview":"max-video-preview:-1"},"canonical":"https:\/\/www.donausoja.org\/sr\/non-gm-multicrop-report\/","og_locale":"sr_RS","og_type":"article","og_title":"Izve\u0161taj o BEZ GMO ratarskim kulturama - Donau Soja","og_description":"Izve\u0161taj o BEZ GMO ratarskim kulturama je dodatni, kvartalni izve\u0161taj koji objavljuje Donau Soja u saradnji sa ENGA organizacijom i Fondacijom ProTerra.","og_url":"https:\/\/www.donausoja.org\/sr\/non-gm-multicrop-report\/","og_site_name":"Donau Soja","article_modified_time":"2025-04-11T08:41:09+00:00","twitter_card":"summary_large_image","twitter_misc":{"\u041f\u0440\u043e\u0446\u0435\u045a\u0435\u043d\u043e \u0432\u0440\u0435\u043c\u0435 \u0447\u0438\u0442\u0430\u045a\u0430":"1 \u043c\u0438\u043d\u0443\u0442"},"schema":{"@context":"https:\/\/schema.org","@graph":[{"@type":"WebPage","@id":"https:\/\/www.donausoja.org\/sr\/non-gm-multicrop-report\/","url":"https:\/\/www.donausoja.org\/sr\/non-gm-multicrop-report\/","name":"Izve\u0161taj o BEZ GMO ratarskim kulturama - Donau Soja","isPartOf":{"@id":"https:\/\/www.donausoja.org\/sr\/#website"},"datePublished":"2024-05-17T16:55:54+00:00","dateModified":"2025-04-11T08:41:09+00:00","description":"Izve\u0161taj o BEZ GMO ratarskim kulturama je dodatni, kvartalni izve\u0161taj koji objavljuje Donau Soja u saradnji sa ENGA organizacijom i Fondacijom ProTerra.","breadcrumb":{"@id":"https:\/\/www.donausoja.org\/sr\/non-gm-multicrop-report\/#breadcrumb"},"inLanguage":"sr-RS","potentialAction":[{"@type":"ReadAction","target":["https:\/\/www.donausoja.org\/sr\/non-gm-multicrop-report\/"]}]},{"@type":"BreadcrumbList","@id":"https:\/\/www.donausoja.org\/sr\/non-gm-multicrop-report\/#breadcrumb","itemListElement":[{"@type":"ListItem","position":1,"name":"Home","item":"https:\/\/www.donausoja.org\/sr\/"},{"@type":"ListItem","position":2,"name":"Izve\u0161taj o BEZ GMO ratarskim kulturama"}]},{"@type":"WebSite","@id":"https:\/\/www.donausoja.org\/sr\/#website","url":"https:\/\/www.donausoja.org\/sr\/","name":"Donau Soja","description":"Together for a European Protein Supply: Regional. Sustainable. Non-GM.","potentialAction":[{"@type":"SearchAction","target":{"@type":"EntryPoint","urlTemplate":"https:\/\/www.donausoja.org\/sr\/?s={search_term_string}"},"query-input":{"@type":"PropertyValueSpecification","valueRequired":true,"valueName":"search_term_string"}}],"inLanguage":"sr-RS"}]}},"_links":{"self":[{"href":"https:\/\/www.donausoja.org\/sr\/wp-json\/wp\/v2\/pages\/53404","targetHints":{"allow":["GET"]}}],"collection":[{"href":"https:\/\/www.donausoja.org\/sr\/wp-json\/wp\/v2\/pages"}],"about":[{"href":"https:\/\/www.donausoja.org\/sr\/wp-json\/wp\/v2\/types\/page"}],"author":[{"embeddable":true,"href":"https:\/\/www.donausoja.org\/sr\/wp-json\/wp\/v2\/users\/37"}],"replies":[{"embeddable":true,"href":"https:\/\/www.donausoja.org\/sr\/wp-json\/wp\/v2\/comments?post=53404"}],"version-history":[{"count":7,"href":"https:\/\/www.donausoja.org\/sr\/wp-json\/wp\/v2\/pages\/53404\/revisions"}],"predecessor-version":[{"id":56472,"href":"https:\/\/www.donausoja.org\/sr\/wp-json\/wp\/v2\/pages\/53404\/revisions\/56472"}],"wp:attachment":[{"href":"https:\/\/www.donausoja.org\/sr\/wp-json\/wp\/v2\/media?parent=53404"}],"curies":[{"name":"wp","href":"https:\/\/api.w.org\/{rel}","templated":true}]}}