
{"id":53281,"date":"2024-02-13T09:12:47","date_gmt":"2024-02-13T09:12:47","guid":{"rendered":"https:\/\/www.donausoja.org\/regional-climate-partnerships\/"},"modified":"2025-01-30T15:17:04","modified_gmt":"2025-01-30T15:17:04","slug":"regional-climate-partnerships","status":"publish","type":"page","link":"https:\/\/www.donausoja.org\/sr\/regional-climate-partnerships\/","title":{"rendered":"Regionalna klimatska partnerstva"},"content":{"rendered":"<p>[et_pb_section fb_built=&#8221;1&#8243; _builder_version=&#8221;4.16&#8243; _module_preset=&#8221;default&#8221; background_color=&#8221;RGBA(255,255,255,0)&#8221; da_disable_devices=&#8221;off|off|off&#8221; locked=&#8221;off&#8221; global_colors_info=&#8221;{}&#8221; da_is_popup=&#8221;off&#8221; da_exit_intent=&#8221;off&#8221; da_has_close=&#8221;on&#8221; da_alt_close=&#8221;off&#8221; da_dark_close=&#8221;off&#8221; da_not_modal=&#8221;on&#8221; da_is_singular=&#8221;off&#8221; da_with_loader=&#8221;off&#8221; da_has_shadow=&#8221;on&#8221;][et_pb_row _builder_version=&#8221;4.16&#8243; _module_preset=&#8221;default&#8221; custom_padding=&#8221;130px|||||&#8221; global_colors_info=&#8221;{}&#8221;][et_pb_column type=&#8221;4_4&#8243; _builder_version=&#8221;4.16&#8243; _module_preset=&#8221;default&#8221; global_colors_info=&#8221;{}&#8221;][et_pb_text _builder_version=&#8221;4.27.3&#8243; _module_preset=&#8221;77a7a6a5-6cba-4e24-a8d7-1992b0adbe08&#8243; header_font=&#8221;Ubuntu|700|||||||&#8221; global_colors_info=&#8221;{}&#8221;]<\/p>\n<section class=\"elementor-section elementor-top-section elementor-element elementor-element-87ac4cf elementor-section-height-min-height elementor-section-items-bottom elementor-section-boxed elementor-section-height-default\" data-id=\"87ac4cf\" data-element_type=\"section\">\n<div class=\"elementor-container elementor-column-gap-default\">\n<div class=\"elementor-row\">\n<div class=\"elementor-column elementor-col-100 elementor-top-column elementor-element elementor-element-43eb478\" data-id=\"43eb478\" data-element_type=\"column\">\n<div class=\"elementor-column-wrap elementor-element-populated\">\n<div class=\"elementor-widget-wrap\">\n<div class=\"elementor-element elementor-element-d918ba3 elementor-widget elementor-widget-heading elementor-motion-effects-parent animated fadeInUp\" data-id=\"d918ba3\" data-element_type=\"widget\" data-settings=\"{&quot;motion_fx_motion_fx_scrolling&quot;:&quot;yes&quot;,&quot;motion_fx_opacity_effect&quot;:&quot;yes&quot;,&quot;motion_fx_opacity_direction&quot;:&quot;in-out&quot;,&quot;motion_fx_opacity_range&quot;:{&quot;unit&quot;:&quot;%&quot;,&quot;size&quot;:&quot;&quot;,&quot;sizes&quot;:{&quot;start&quot;:74,&quot;end&quot;:90}},&quot;_animation&quot;:&quot;fadeInUp&quot;,&quot;motion_fx_opacity_level&quot;:{&quot;unit&quot;:&quot;px&quot;,&quot;size&quot;:10,&quot;sizes&quot;:[]},&quot;motion_fx_devices&quot;:[&quot;desktop&quot;,&quot;tablet&quot;,&quot;mobile&quot;]}\" data-widget_type=\"heading.default\">\n<div class=\"elementor-widget-container elementor-motion-effects-element\">\n<h1 class=\"elementor-heading-title elementor-size-xl\">Regionalna klimatska partnerstva<\/h1>\n<\/div>\n<\/div>\n<\/div>\n<\/div>\n<\/div>\n<\/div>\n<\/div>\n<\/section>\n<section class=\"elementor-section elementor-top-section elementor-element elementor-element-f38ee70 elementor-section-boxed elementor-section-height-default elementor-section-height-default\" data-id=\"f38ee70\" data-element_type=\"section\" data-settings=\"{&quot;background_background&quot;:&quot;classic&quot;}\">\n<div class=\"elementor-container elementor-column-gap-default\">\n<div class=\"elementor-row\">\n<div class=\"elementor-column elementor-col-50 elementor-top-column elementor-element elementor-element-7167e9f\" data-id=\"7167e9f\" data-element_type=\"column\" data-settings=\"{&quot;background_background&quot;:&quot;classic&quot;}\">\n<div class=\"elementor-column-wrap elementor-element-populated\">\n<div class=\"elementor-widget-wrap\">\n<div class=\"elementor-element elementor-element-0cc1ca1 elementor-widget elementor-widget-text-editor\" data-id=\"0cc1ca1\" data-element_type=\"widget\" data-widget_type=\"text-editor.default\">\n<div class=\"elementor-widget-container\">\n<div class=\"elementor-text-editor elementor-clearfix\">\u00a0<\/div>\n<\/div>\n<\/div>\n<\/div>\n<\/div>\n<\/div>\n<\/div>\n<\/div>\n<\/section>\n<p>[\/et_pb_text][\/et_pb_column][\/et_pb_row][\/et_pb_section][et_pb_section fb_built=&#8221;1&#8243; _builder_version=&#8221;4.16&#8243; _module_preset=&#8221;default&#8221; background_color=&#8221;#C5DB9B&#8221; min_height=&#8221;716.4px&#8221; custom_padding=&#8221;14px||17px|||&#8221; da_disable_devices=&#8221;off|off|off&#8221; global_colors_info=&#8221;{}&#8221; da_is_popup=&#8221;off&#8221; da_exit_intent=&#8221;off&#8221; da_has_close=&#8221;on&#8221; da_alt_close=&#8221;off&#8221; da_dark_close=&#8221;off&#8221; da_not_modal=&#8221;on&#8221; da_is_singular=&#8221;off&#8221; da_with_loader=&#8221;off&#8221; da_has_shadow=&#8221;on&#8221;][et_pb_row column_structure=&#8221;1_2,1_2&#8243; _builder_version=&#8221;4.16&#8243; _module_preset=&#8221;default&#8221; background_color=&#8221;#F6F1E8&#8243; min_height=&#8221;406px&#8221; custom_margin=&#8221;|auto|-1px|auto||&#8221; custom_padding=&#8221;||1px|||&#8221; global_colors_info=&#8221;{}&#8221;][et_pb_column type=&#8221;1_2&#8243; _builder_version=&#8221;4.16&#8243; _module_preset=&#8221;default&#8221; global_colors_info=&#8221;{}&#8221;][et_pb_text _builder_version=&#8221;4.27.3&#8243; _module_preset=&#8221;77a7a6a5-6cba-4e24-a8d7-1992b0adbe08&#8243; width=&#8221;100%&#8221; min_height=&#8221;361.6px&#8221; custom_margin=&#8221;-20px|-21px|0px||false|false&#8221; custom_padding=&#8221;20px|8px||20px|false|false&#8221; global_colors_info=&#8221;{}&#8221;]<\/p>\n<h2><strong>Odr\u017eiva soja iz Evrope za Evropu<\/strong><\/h2>\n<h2>\u00a0<\/h2>\n<p style=\"text-align: justify;\">Zbog visokog sadr\u017eaja proteina, sojina sa\u010dma se u najve\u0107oj meri koristi kao sto\u010dna hrana \u2013 i mo\u017ee se proizvoditi regionalno. Sojina sa\u010dma je optimalna hrana za koke nosilje zbog savr\u0161ene ravnote\u017ee masti i proteina. Tako\u0111e se koristi kao hrana za stoku, prasad i u tov svinja.<\/p>\n<p style=\"text-align: justify;\">U okviru regionalnog klimatskog partnerstva, poljoprivredni proizvo\u0111a\u010di proizvode svoju soju lokalno. Oni je isporu\u010duju uljarama u regionu ili zajedni\u010dki upravljaju postrojenjem za pr\u017eenje soje. Sojini proizvodi ostaju u regionalnom lancu vrednosti: koriste se na poljoprivrednim gazdinstvima proizvo\u0111a\u010da ili od strane dugih poljoprivrednih gazdinstava za njihove koke nosilje ili u tovu svinja.<\/p>\n<p style=\"text-align: justify;\">[\/et_pb_text][\/et_pb_column][et_pb_column type=&#8221;1_2&#8243; _builder_version=&#8221;4.16&#8243; _module_preset=&#8221;default&#8221; global_colors_info=&#8221;{}&#8221;][et_pb_text _builder_version=&#8221;4.27.3&#8243; _module_preset=&#8221;97a49757-9877-47ea-b480-aa7742502928&#8243; custom_padding=&#8221;20px|20px||20px|false|false&#8221; global_colors_info=&#8221;{}&#8221;]<\/p>\n<p style=\"text-align: justify;\">\n<p style=\"text-align: justify;\">\n<p style=\"text-align: justify;\">\n<p style=\"text-align: justify;\">\n<p style=\"text-align: justify;\">\n<p style=\"text-align: justify;\">Austrijski sektor koka nosilja primer je regionalne cirkularne economije: Donau Soja sto\u010dna hrana se koristi u proizvodnji jaja koja se prodaju u prodavnicama prehrambenih proizvoda, 57% soje dolazi sa austrijskih njiva, koja se prera\u0111uje u regionu (prema podacima iz 2019. godine).<\/p>\n<p style=\"text-align: justify;\">Posebno proizvodnja sojine sa\u010dme predstavlja dobar primer holisti\u010dke upotrebe soje, kao i zatvorenog regionalnog ciklusa. Proces traje najvi\u0161e 40 minuta i smatra se energetski efikasnim.<\/p>\n<p style=\"text-align: justify;\">\n<p>[\/et_pb_text][\/et_pb_column][\/et_pb_row][et_pb_row _builder_version=&#8221;4.16&#8243; _module_preset=&#8221;default&#8221; background_color=&#8221;#F6F1E8&#8243; min_height=&#8221;502px&#8221; custom_margin=&#8221;|auto|-1px|auto||&#8221; custom_padding=&#8221;||0px|||&#8221; global_colors_info=&#8221;{}&#8221;][et_pb_column type=&#8221;4_4&#8243; _builder_version=&#8221;4.16&#8243; _module_preset=&#8221;default&#8221; global_colors_info=&#8221;{}&#8221;][et_pb_image src=&#8221;https:\/\/www.donausoja.org\/wp-content\/uploads\/2024\/02\/Regional-Climate-partnership-4_3-ratio.png&#8221; align=&#8221;center&#8221; _builder_version=&#8221;4.21.0&#8243; _module_preset=&#8221;default&#8221; width=&#8221;42.9%&#8221; max_width=&#8221;97%&#8221; module_alignment=&#8221;center&#8221; min_height=&#8221;354px&#8221; max_height=&#8221;1000px&#8221; custom_margin=&#8221;|-1px|8px|79px||&#8221; custom_padding=&#8221;|0px|0px|1px||&#8221; global_colors_info=&#8221;{}&#8221;][\/et_pb_image][et_pb_blurb _builder_version=&#8221;4.27.3&#8243; _module_preset=&#8221;default&#8221; width=&#8221;100%&#8221; min_height=&#8221;85.2px&#8221; custom_padding=&#8221;1px|50px|0px|||&#8221; global_colors_info=&#8221;{}&#8221;]<\/p>\n<p>&nbsp;<\/p>\n<p><em>Regionalni lanac vrednosti proizvodnje soje. Soja se proizvodi regionalno, prera\u0111uje na licu mesta, i dobijena sojina sa\u010dma se koristi kao sto\u010dna hrana.<\/em><\/p>\n<p>[\/et_pb_blurb][\/et_pb_column][\/et_pb_row][\/et_pb_section][et_pb_section fb_built=&#8221;1&#8243; _builder_version=&#8221;4.16&#8243; _module_preset=&#8221;default&#8221; background_color=&#8221;#F6F1E8&#8243; min_height=&#8221;902px&#8221; custom_padding=&#8221;30px||0px|||&#8221; da_disable_devices=&#8221;off|off|off&#8221; global_colors_info=&#8221;{}&#8221; da_is_popup=&#8221;off&#8221; da_exit_intent=&#8221;off&#8221; da_has_close=&#8221;on&#8221; da_alt_close=&#8221;off&#8221; da_dark_close=&#8221;off&#8221; da_not_modal=&#8221;on&#8221; da_is_singular=&#8221;off&#8221; da_with_loader=&#8221;off&#8221; da_has_shadow=&#8221;on&#8221;][et_pb_row column_structure=&#8221;1_2,1_2&#8243; _builder_version=&#8221;4.16&#8243; _module_preset=&#8221;default&#8221; background_color=&#8221;#ffffff&#8221; custom_margin=&#8221;|auto|-91px|auto||&#8221; global_colors_info=&#8221;{}&#8221;][et_pb_column type=&#8221;1_2&#8243; _builder_version=&#8221;4.16&#8243; _module_preset=&#8221;default&#8221; global_colors_info=&#8221;{}&#8221;][et_pb_text _builder_version=&#8221;4.27.3&#8243; _module_preset=&#8221;97a49757-9877-47ea-b480-aa7742502928&#8243; custom_padding=&#8221;20px|20px||20px|false|false&#8221; global_colors_info=&#8221;{}&#8221;]<\/p>\n<h2><strong>Primeri najbolje prakse<\/strong><\/h2>\n<p>&nbsp;<\/p>\n<p><strong>MH Agrarhandel (\u0160tajerska, Austrija)<\/strong><\/p>\n<p style=\"text-align: justify;\">Zbog globalnog smanjenja u snabdevanju sojinim bra\u0161nom BEZ GMO, osniva\u010di MH Agrarhandel-a su odlu\u010dili da od 2012. godine koriste regionalno prozivedenu soju u ishrani svojih koka nosilja.<\/p>\n<p style=\"text-align: justify;\">Soja se zagreva u njihovom vlastitom postrojenju za pr\u017eenje, a zatim se prera\u0111uje. Sojina sa\u010dma sadr\u017ei 45% sirovih proteina i oko 11% masti. Pili\u0107i i svinje koji se hrane ovom sto\u010dnom hranom posti\u017eu odli\u010dne rezultate. Otprilike dve tre\u0107ine obra\u0111ene soje poti\u010du iz konvencionalne poljoprivrede, a jedna tre\u0107ina iz organske poljoprivrede. Oko 90% kupaca \u010dine farmere koka nosilja, dok oko 10% \u010dine uzgajiva\u010di svinja. Konvencionalna soja koja se obra\u0111uje dolazi iz radijusa od 30 km, dok organska soja dolazi iz radijusa od 250 km.<\/p>\n<p style=\"text-align: justify;\">[\/et_pb_text][\/et_pb_column][et_pb_column type=&#8221;1_2&#8243; _builder_version=&#8221;4.16&#8243; _module_preset=&#8221;default&#8221; global_colors_info=&#8221;{}&#8221;][et_pb_image src=&#8221;https:\/\/www.donausoja.org\/wp-content\/uploads\/2024\/02\/MH-Agrarhandel-\u00a9Heinz-Ramert.png&#8221; _builder_version=&#8221;4.21.0&#8243; _module_preset=&#8221;default&#8221; width=&#8221;81.7%&#8221; custom_padding=&#8221;|||47px||&#8221; global_colors_info=&#8221;{}&#8221;][\/et_pb_image][\/et_pb_column][\/et_pb_row][et_pb_row column_structure=&#8221;1_2,1_2&#8243; _builder_version=&#8221;4.16&#8243; _module_preset=&#8221;default&#8221; background_color=&#8221;#ffffff&#8221; min_height=&#8221;267.6px&#8221; custom_margin=&#8221;-70px|auto|-5px|auto||&#8221; global_colors_info=&#8221;{}&#8221;][et_pb_column type=&#8221;1_2&#8243; _builder_version=&#8221;4.16&#8243; _module_preset=&#8221;default&#8221; global_colors_info=&#8221;{}&#8221;][et_pb_text _builder_version=&#8221;4.27.3&#8243; _module_preset=&#8221;97a49757-9877-47ea-b480-aa7742502928&#8243; custom_padding=&#8221;19px|20px||20px|false|false&#8221; global_colors_info=&#8221;{}&#8221;]<\/p>\n<p><strong>Gro\u00dfschedl Ltd. (\u0160tajerska, Austrija)<\/strong><\/p>\n<p style=\"text-align: justify;\">Porodica Gro\u00dfschedl prera\u0111uje Donau Soja soju od oko 80 proizvo\u0111a\u010da u regionu. Prera\u0111ena soja je isklju\u010divo sertifikovana kao Donau Soja soja. Zrna soje se \u010diste, lju\u0161te, drobe i ekstrudiraju. Proizvodi su sojino ulje i sojina sa\u010dma, pri \u010demu sojina sa\u010dma sadr\u017ei do 48% sirovih proteina i 7-10% masti. Prera\u0111eni proizvodi koriste se za ishranu koka nosilja, mladih nosilja i tov svinja.<\/p>\n<p>&nbsp;<\/p>\n<p>[\/et_pb_text][\/et_pb_column][et_pb_column type=&#8221;1_2&#8243; _builder_version=&#8221;4.16&#8243; _module_preset=&#8221;default&#8221; global_colors_info=&#8221;{}&#8221;][et_pb_image src=&#8221;https:\/\/www.donausoja.org\/wp-content\/uploads\/2024\/02\/Grosschedl_Mischfutterwerk.jpg&#8221; _builder_version=&#8221;4.21.0&#8243; _module_preset=&#8221;default&#8221; width=&#8221;81.7%&#8221; custom_padding=&#8221;|||47px||&#8221; global_colors_info=&#8221;{}&#8221;][\/et_pb_image][\/et_pb_column][\/et_pb_row][\/et_pb_section][et_pb_section fb_built=&#8221;1&#8243; _builder_version=&#8221;4.16&#8243; _module_preset=&#8221;default&#8221; background_color=&#8221;#C5DB9B&#8221; min_height=&#8221;347.6px&#8221; custom_padding=&#8221;24px||0px|||&#8221; da_disable_devices=&#8221;off|off|off&#8221; global_colors_info=&#8221;{}&#8221; da_is_popup=&#8221;off&#8221; da_exit_intent=&#8221;off&#8221; da_has_close=&#8221;on&#8221; da_alt_close=&#8221;off&#8221; da_dark_close=&#8221;off&#8221; da_not_modal=&#8221;on&#8221; da_is_singular=&#8221;off&#8221; da_with_loader=&#8221;off&#8221; da_has_shadow=&#8221;on&#8221;][et_pb_row _builder_version=&#8221;4.16&#8243; _module_preset=&#8221;default&#8221; background_color=&#8221;#F6F1E8&#8243; custom_margin=&#8221;|auto|-23px|auto||&#8221; custom_padding=&#8221;||0px|||&#8221; global_colors_info=&#8221;{}&#8221;][et_pb_column type=&#8221;4_4&#8243; _builder_version=&#8221;4.16&#8243; _module_preset=&#8221;default&#8221; global_colors_info=&#8221;{}&#8221;][et_pb_text _builder_version=&#8221;4.27.3&#8243; _module_preset=&#8221;77a7a6a5-6cba-4e24-a8d7-1992b0adbe08&#8243; custom_padding=&#8221;20px|||20px|false|false&#8221; global_colors_info=&#8221;{}&#8221;]<\/p>\n<p><strong>Prema regionalnim klimatskim partnerstvima sa Donau Soja sojom<\/strong><\/p>\n<p>Regionalni klimatski partneri zajedni\u010dki te\u017ee izgradnji novih veza: regionalna proizvodnja, lokalni mlinovi i postrojenja za pr\u017eenje soje na poljoprivrednim gazdinstvima. Sertifikovana, BEZ GMO soja sa oznakom kvaliteta. Tako da mo\u017eemo biti sigurni u njen kvalitet. Dobro za nas u Evropi. I tako\u0111e dobro za za\u0161titu Amazona.<\/p>\n<p>[\/et_pb_text][et_pb_button button_url=&#8221;https:\/\/www.donausoja.org\/wp-content\/uploads\/2024\/02\/DS_Factsheet_Regional-Climate-Partnerships_EN.pdf&#8221; url_new_window=&#8221;on&#8221; button_text=&#8221;Info list&#8221; _builder_version=&#8221;4.27.3&#8243; _module_preset=&#8221;default&#8221; custom_button=&#8221;on&#8221; button_icon=&#8221;&#x39;||divi||400&#8243; button_on_hover=&#8221;off&#8221; custom_margin=&#8221;20px||39px|21px|false|false&#8221; global_colors_info=&#8221;{}&#8221;][\/et_pb_button][\/et_pb_column][\/et_pb_row][\/et_pb_section]<\/p>\n","protected":false},"excerpt":{"rendered":"<p>Regionalna klimatska partnerstva \u00a0 Odr\u017eiva soja iz Evrope za Evropu \u00a0 Zbog visokog sadr\u017eaja proteina, sojina sa\u010dma se u najve\u0107oj meri koristi kao sto\u010dna hrana \u2013 i mo\u017ee se proizvoditi regionalno. Sojina sa\u010dma je optimalna hrana za koke nosilje zbog savr\u0161ene ravnote\u017ee masti i proteina. Tako\u0111e se koristi kao hrana za stoku, prasad i u [&hellip;]<\/p>\n","protected":false},"author":19,"featured_media":0,"parent":0,"menu_order":0,"comment_status":"closed","ping_status":"closed","template":"","meta":{"_et_pb_use_builder":"on","_et_pb_old_content":"","_et_gb_content_width":"","footnotes":""},"class_list":["post-53281","page","type-page","status-publish","hentry"],"yoast_head":"<!-- This site is optimized with the Yoast SEO plugin v27.4 - https:\/\/yoast.com\/product\/yoast-seo-wordpress\/ -->\n<title>Regionalna klimatska partnerstva - Donau Soja<\/title>\n<meta name=\"description\" content=\"Zbog visokog sadr\u017eaja proteina, sojina sa\u010dma se u najve\u0107oj meri koristi kao sto\u010dna hrana \u2013 i mo\u017ee se proizvoditi regionalno.\" \/>\n<meta name=\"robots\" content=\"index, follow, max-snippet:-1, max-image-preview:large, max-video-preview:-1\" \/>\n<link rel=\"canonical\" href=\"https:\/\/www.donausoja.org\/sr\/regional-climate-partnerships\/\" \/>\n<meta property=\"og:locale\" content=\"sr_RS\" \/>\n<meta property=\"og:type\" content=\"article\" \/>\n<meta property=\"og:title\" content=\"Regionalna klimatska partnerstva - Donau Soja\" \/>\n<meta property=\"og:description\" content=\"Zbog visokog sadr\u017eaja proteina, sojina sa\u010dma se u najve\u0107oj meri koristi kao sto\u010dna hrana \u2013 i mo\u017ee se proizvoditi regionalno.\" \/>\n<meta property=\"og:url\" content=\"https:\/\/www.donausoja.org\/sr\/regional-climate-partnerships\/\" \/>\n<meta property=\"og:site_name\" content=\"Donau Soja\" \/>\n<meta property=\"article:modified_time\" content=\"2025-01-30T15:17:04+00:00\" \/>\n<meta name=\"twitter:card\" content=\"summary_large_image\" \/>\n<meta name=\"twitter:label1\" content=\"\u041f\u0440\u043e\u0446\u0435\u045a\u0435\u043d\u043e \u0432\u0440\u0435\u043c\u0435 \u0447\u0438\u0442\u0430\u045a\u0430\" \/>\n\t<meta name=\"twitter:data1\" content=\"3 \u043c\u0438\u043d\u0443\u0442\u0430\" \/>\n<script type=\"application\/ld+json\" class=\"yoast-schema-graph\">{\"@context\":\"https:\\\/\\\/schema.org\",\"@graph\":[{\"@type\":\"WebPage\",\"@id\":\"https:\\\/\\\/www.donausoja.org\\\/sr\\\/regional-climate-partnerships\\\/\",\"url\":\"https:\\\/\\\/www.donausoja.org\\\/sr\\\/regional-climate-partnerships\\\/\",\"name\":\"Regionalna klimatska partnerstva - Donau Soja\",\"isPartOf\":{\"@id\":\"https:\\\/\\\/www.donausoja.org\\\/sr\\\/#website\"},\"datePublished\":\"2024-02-13T09:12:47+00:00\",\"dateModified\":\"2025-01-30T15:17:04+00:00\",\"description\":\"Zbog visokog sadr\u017eaja proteina, sojina sa\u010dma se u najve\u0107oj meri koristi kao sto\u010dna hrana \u2013 i mo\u017ee se proizvoditi regionalno.\",\"breadcrumb\":{\"@id\":\"https:\\\/\\\/www.donausoja.org\\\/sr\\\/regional-climate-partnerships\\\/#breadcrumb\"},\"inLanguage\":\"sr-RS\",\"potentialAction\":[{\"@type\":\"ReadAction\",\"target\":[\"https:\\\/\\\/www.donausoja.org\\\/sr\\\/regional-climate-partnerships\\\/\"]}]},{\"@type\":\"BreadcrumbList\",\"@id\":\"https:\\\/\\\/www.donausoja.org\\\/sr\\\/regional-climate-partnerships\\\/#breadcrumb\",\"itemListElement\":[{\"@type\":\"ListItem\",\"position\":1,\"name\":\"Home\",\"item\":\"https:\\\/\\\/www.donausoja.org\\\/sr\\\/\"},{\"@type\":\"ListItem\",\"position\":2,\"name\":\"Regionalna klimatska partnerstva\"}]},{\"@type\":\"WebSite\",\"@id\":\"https:\\\/\\\/www.donausoja.org\\\/sr\\\/#website\",\"url\":\"https:\\\/\\\/www.donausoja.org\\\/sr\\\/\",\"name\":\"Donau Soja\",\"description\":\"Together for a European Protein Supply: Regional. Sustainable. Non-GM.\",\"potentialAction\":[{\"@type\":\"SearchAction\",\"target\":{\"@type\":\"EntryPoint\",\"urlTemplate\":\"https:\\\/\\\/www.donausoja.org\\\/sr\\\/?s={search_term_string}\"},\"query-input\":{\"@type\":\"PropertyValueSpecification\",\"valueRequired\":true,\"valueName\":\"search_term_string\"}}],\"inLanguage\":\"sr-RS\"}]}<\/script>\n<!-- \/ Yoast SEO plugin. -->","yoast_head_json":{"title":"Regionalna klimatska partnerstva - Donau Soja","description":"Zbog visokog sadr\u017eaja proteina, sojina sa\u010dma se u najve\u0107oj meri koristi kao sto\u010dna hrana \u2013 i mo\u017ee se proizvoditi regionalno.","robots":{"index":"index","follow":"follow","max-snippet":"max-snippet:-1","max-image-preview":"max-image-preview:large","max-video-preview":"max-video-preview:-1"},"canonical":"https:\/\/www.donausoja.org\/sr\/regional-climate-partnerships\/","og_locale":"sr_RS","og_type":"article","og_title":"Regionalna klimatska partnerstva - Donau Soja","og_description":"Zbog visokog sadr\u017eaja proteina, sojina sa\u010dma se u najve\u0107oj meri koristi kao sto\u010dna hrana \u2013 i mo\u017ee se proizvoditi regionalno.","og_url":"https:\/\/www.donausoja.org\/sr\/regional-climate-partnerships\/","og_site_name":"Donau Soja","article_modified_time":"2025-01-30T15:17:04+00:00","twitter_card":"summary_large_image","twitter_misc":{"\u041f\u0440\u043e\u0446\u0435\u045a\u0435\u043d\u043e \u0432\u0440\u0435\u043c\u0435 \u0447\u0438\u0442\u0430\u045a\u0430":"3 \u043c\u0438\u043d\u0443\u0442\u0430"},"schema":{"@context":"https:\/\/schema.org","@graph":[{"@type":"WebPage","@id":"https:\/\/www.donausoja.org\/sr\/regional-climate-partnerships\/","url":"https:\/\/www.donausoja.org\/sr\/regional-climate-partnerships\/","name":"Regionalna klimatska partnerstva - Donau Soja","isPartOf":{"@id":"https:\/\/www.donausoja.org\/sr\/#website"},"datePublished":"2024-02-13T09:12:47+00:00","dateModified":"2025-01-30T15:17:04+00:00","description":"Zbog visokog sadr\u017eaja proteina, sojina sa\u010dma se u najve\u0107oj meri koristi kao sto\u010dna hrana \u2013 i mo\u017ee se proizvoditi regionalno.","breadcrumb":{"@id":"https:\/\/www.donausoja.org\/sr\/regional-climate-partnerships\/#breadcrumb"},"inLanguage":"sr-RS","potentialAction":[{"@type":"ReadAction","target":["https:\/\/www.donausoja.org\/sr\/regional-climate-partnerships\/"]}]},{"@type":"BreadcrumbList","@id":"https:\/\/www.donausoja.org\/sr\/regional-climate-partnerships\/#breadcrumb","itemListElement":[{"@type":"ListItem","position":1,"name":"Home","item":"https:\/\/www.donausoja.org\/sr\/"},{"@type":"ListItem","position":2,"name":"Regionalna klimatska partnerstva"}]},{"@type":"WebSite","@id":"https:\/\/www.donausoja.org\/sr\/#website","url":"https:\/\/www.donausoja.org\/sr\/","name":"Donau Soja","description":"Together for a European Protein Supply: Regional. Sustainable. Non-GM.","potentialAction":[{"@type":"SearchAction","target":{"@type":"EntryPoint","urlTemplate":"https:\/\/www.donausoja.org\/sr\/?s={search_term_string}"},"query-input":{"@type":"PropertyValueSpecification","valueRequired":true,"valueName":"search_term_string"}}],"inLanguage":"sr-RS"}]}},"_links":{"self":[{"href":"https:\/\/www.donausoja.org\/sr\/wp-json\/wp\/v2\/pages\/53281","targetHints":{"allow":["GET"]}}],"collection":[{"href":"https:\/\/www.donausoja.org\/sr\/wp-json\/wp\/v2\/pages"}],"about":[{"href":"https:\/\/www.donausoja.org\/sr\/wp-json\/wp\/v2\/types\/page"}],"author":[{"embeddable":true,"href":"https:\/\/www.donausoja.org\/sr\/wp-json\/wp\/v2\/users\/19"}],"replies":[{"embeddable":true,"href":"https:\/\/www.donausoja.org\/sr\/wp-json\/wp\/v2\/comments?post=53281"}],"version-history":[{"count":7,"href":"https:\/\/www.donausoja.org\/sr\/wp-json\/wp\/v2\/pages\/53281\/revisions"}],"predecessor-version":[{"id":53885,"href":"https:\/\/www.donausoja.org\/sr\/wp-json\/wp\/v2\/pages\/53281\/revisions\/53885"}],"wp:attachment":[{"href":"https:\/\/www.donausoja.org\/sr\/wp-json\/wp\/v2\/media?parent=53281"}],"curies":[{"name":"wp","href":"https:\/\/api.w.org\/{rel}","templated":true}]}}