
{"id":53265,"date":"2024-02-13T07:49:08","date_gmt":"2024-02-13T07:49:08","guid":{"rendered":"https:\/\/www.donausoja.org\/lca-tools\/"},"modified":"2025-11-13T09:43:29","modified_gmt":"2025-11-13T09:43:29","slug":"lca-tools","status":"publish","type":"page","link":"https:\/\/www.donausoja.org\/sr\/lca-tools\/","title":{"rendered":"LCA baze podataka i analize"},"content":{"rendered":"<p>[et_pb_section fb_built=&#8221;1&#8243; _builder_version=&#8221;4.16&#8243; _module_preset=&#8221;default&#8221; background_color=&#8221;RGBA(255,255,255,0)&#8221; da_disable_devices=&#8221;off|off|off&#8221; locked=&#8221;off&#8221; global_colors_info=&#8221;{}&#8221; da_is_popup=&#8221;off&#8221; da_exit_intent=&#8221;off&#8221; da_has_close=&#8221;on&#8221; da_alt_close=&#8221;off&#8221; da_dark_close=&#8221;off&#8221; da_not_modal=&#8221;on&#8221; da_is_singular=&#8221;off&#8221; da_with_loader=&#8221;off&#8221; da_has_shadow=&#8221;on&#8221;][et_pb_row _builder_version=&#8221;4.16&#8243; _module_preset=&#8221;default&#8221; custom_padding=&#8221;130px|||||&#8221; global_colors_info=&#8221;{}&#8221;][et_pb_column type=&#8221;4_4&#8243; _builder_version=&#8221;4.16&#8243; _module_preset=&#8221;default&#8221; global_colors_info=&#8221;{}&#8221;][et_pb_text _builder_version=&#8221;4.27.3&#8243; _module_preset=&#8221;77a7a6a5-6cba-4e24-a8d7-1992b0adbe08&#8243; header_font=&#8221;Ubuntu|700|||||||&#8221; global_colors_info=&#8221;{}&#8221;]<\/p>\n<h1>Life-Cycle-Assessment (LCA) &#8211; Baze podataka i analize<\/h1>\n<p>[\/et_pb_text][\/et_pb_column][\/et_pb_row][\/et_pb_section][et_pb_section fb_built=&#8221;1&#8243; _builder_version=&#8221;4.21.0&#8243; _module_preset=&#8221;default&#8221; custom_margin=&#8221;||-69px|||&#8221; custom_padding=&#8221;0px|||||&#8221; da_disable_devices=&#8221;off|off|off&#8221; global_colors_info=&#8221;{}&#8221; da_is_popup=&#8221;off&#8221; da_exit_intent=&#8221;off&#8221; da_has_close=&#8221;on&#8221; da_alt_close=&#8221;off&#8221; da_dark_close=&#8221;off&#8221; da_not_modal=&#8221;on&#8221; da_is_singular=&#8221;off&#8221; da_with_loader=&#8221;off&#8221; da_has_shadow=&#8221;on&#8221;][et_pb_row _builder_version=&#8221;4.21.0&#8243; _module_preset=&#8221;default&#8221; global_colors_info=&#8221;{}&#8221;][et_pb_column type=&#8221;4_4&#8243; _builder_version=&#8221;4.21.0&#8243; _module_preset=&#8221;default&#8221; global_colors_info=&#8221;{}&#8221;][et_pb_text _builder_version=&#8221;4.27.3&#8243; _module_preset=&#8221;77a7a6a5-6cba-4e24-a8d7-1992b0adbe08&#8243; global_colors_info=&#8221;{}&#8221;]<\/p>\n<p style=\"text-align: justify;\">Sredstva za procenu \u017eivotnog ciklusa (LCA) koriste se za procenu uticaja proizvoda, procesa ili usluge na \u017eivotnu sredinu tokom celog njihovog \u017eivotnog ciklusa. Donau Soja objavljuje LCA skupove podataka o uticaju soje sertifikovane kao Donau Soja \/ Europe Soya soje na \u017eivotnu sredinu u LCA bazama podataka i alatima za prora\u010dun, uklju\u010duju\u0107i i trenutno veoma relevantan SBTi FLAG format. Podaci obuhvataju vrednosti karbonskog otiska, kao i podatke o dodatnim kategorijama uticaja na \u017eivotnu sredinu, kao \u0161to su kori\u0161\u0107enje zemlji\u0161ta i vode.<\/p>\n<p style=\"text-align: justify;\">Ovi podaci mogu se koristiti za LCA analize kako bi se izra\u010dunao uticaj na \u017eivotnu sredinu upotrebom sertifikovane Donau Soja \/ Europe Soya soje u pore\u0111enju sa sojom proizvedenom na konvencionalan na\u010din. Na taj na\u010din, na primer, mo\u017ee se pokazati smanjenje karbonskog otiska proizvoda (PCF) ili karbonskog otiska kompanije (CCF) u skladu sa SBTi i CSRD standardima.<\/p>\n<p>[\/et_pb_text][\/et_pb_column][\/et_pb_row][\/et_pb_section][et_pb_section fb_built=&#8221;1&#8243; _builder_version=&#8221;4.16&#8243; _module_preset=&#8221;default&#8221; background_color=&#8221;#F6F1E8&#8243; custom_padding=&#8221;27px||3px|||&#8221; da_disable_devices=&#8221;off|off|off&#8221; global_colors_info=&#8221;{}&#8221; da_is_popup=&#8221;off&#8221; da_exit_intent=&#8221;off&#8221; da_has_close=&#8221;on&#8221; da_alt_close=&#8221;off&#8221; da_dark_close=&#8221;off&#8221; da_not_modal=&#8221;on&#8221; da_is_singular=&#8221;off&#8221; da_with_loader=&#8221;off&#8221; da_has_shadow=&#8221;on&#8221;][et_pb_row column_structure=&#8221;2_3,1_3&#8243; admin_label=&#8221;Row: LT pj&#8221; _builder_version=&#8221;4.21.0&#8243; _module_preset=&#8221;default&#8221; background_color=&#8221;#ffffff&#8221; custom_padding=&#8221;20px|20px|20px|20px|false|false&#8221; box_shadow_style=&#8221;preset1&#8243; global_colors_info=&#8221;{}&#8221;][et_pb_column type=&#8221;2_3&#8243; _builder_version=&#8221;4.16&#8243; _module_preset=&#8221;default&#8221; global_colors_info=&#8221;{}&#8221;][et_pb_text _builder_version=&#8221;4.27.3&#8243; _module_preset=&#8221;77a7a6a5-6cba-4e24-a8d7-1992b0adbe08&#8243; custom_padding=&#8221;|1px||||&#8221; global_colors_info=&#8221;{}&#8221;]<\/p>\n<h2 style=\"text-align: justify;\">LCA BAZE PODATAKA (AGRI-FOOTPRINT, GFLI)<\/h2>\n<p style=\"text-align: justify;\">Podaci o uticaju na \u017eivotnu sredinu za soju sertifikovanu kao Donau Soja \/ Europe Soya javno su i besplatno dostupni kao takozvani \u201ebrendirani skup podataka\u201c putem baze podataka Agri-footprint kompanije Blonk Consultants i GFLI baze podataka. Ovi skupovi podataka pru\u017eaju uvid u ekolo\u0161ke performanse Donau Soja \/ Europe Soya soje na nivou pojedina\u010dnih zemalja i dostupni su u formatu koji je uskla\u0111en sa standardom SBTi-FLAG.<\/p>\n<p style=\"text-align: justify;\">Kompanije koje \u017eele da sprovedu procene \u017eivotnog ciklusa (LCA) ili da procene svoj korporativni ugljeni\u010dni otisak mogu koristiti podatke Donau Soja \/ Europe Soya za sertifikovanu soju.<\/p>\n<p>Prona\u0111ite na\u0161e brendirane skupove podataka za izra\u010dunavanje karbonskog otiska u nastavku:<\/p>\n<p>[\/et_pb_text][et_pb_button button_url=&#8221;https:\/\/blonksustainability.nl\/tools\/more-databases\/branded-datasets&#8221; url_new_window=&#8221;on&#8221; button_text=&#8221;Agri-footprint&#8221; _builder_version=&#8221;4.27.3&#8243; _module_preset=&#8221;default&#8221; custom_button=&#8221;on&#8221; button_icon=&#8221;&#x39;||divi||400&#8243; button_on_hover=&#8221;off&#8221; custom_margin=&#8221;20px||||false|false&#8221; global_colors_info=&#8221;{}&#8221;][\/et_pb_button][et_pb_button button_url=&#8221;https:\/\/www.donausoja.org\/wp-content\/uploads\/2025\/11\/Donau-Soja-GFLI-LCIA-results.xlsx&#8221; url_new_window=&#8221;on&#8221; button_text=&#8221;GFLI&#8221; _builder_version=&#8221;4.27.4&#8243; _module_preset=&#8221;default&#8221; custom_button=&#8221;on&#8221; button_icon=&#8221;&#x39;||divi||400&#8243; button_on_hover=&#8221;off&#8221; custom_margin=&#8221;20px||||false|false&#8221; hover_enabled=&#8221;0&#8243; global_colors_info=&#8221;{}&#8221; sticky_enabled=&#8221;0&#8243;][\/et_pb_button][\/et_pb_column][et_pb_column type=&#8221;1_3&#8243; _builder_version=&#8221;4.16&#8243; _module_preset=&#8221;default&#8221; global_colors_info=&#8221;{}&#8221;][et_pb_image src=&#8221;https:\/\/www.donausoja.org\/wp-content\/uploads\/2024\/02\/Agri-footprint-database-logo.jpg&#8221; title_text=&#8221;legumes-translated-logo&#8221; _builder_version=&#8221;4.21.0&#8243; _module_preset=&#8221;default&#8221; custom_margin=&#8221;||||false|false&#8221; custom_padding=&#8221;||||false|false&#8221; global_colors_info=&#8221;{}&#8221;][\/et_pb_image][et_pb_image src=&#8221;https:\/\/www.donausoja.org\/wp-content\/uploads\/2024\/02\/6456_GFLI_Logo_RGB.jpg&#8221; title_text=&#8221;legumes-translated-logo&#8221; align=&#8221;center&#8221; _builder_version=&#8221;4.21.0&#8243; _module_preset=&#8221;default&#8221; width=&#8221;48.7%&#8221; custom_margin=&#8221;||||false|false&#8221; custom_padding=&#8221;||||false|false&#8221; global_colors_info=&#8221;{}&#8221;][\/et_pb_image][\/et_pb_column][\/et_pb_row][et_pb_row column_structure=&#8221;2_3,1_3&#8243; admin_label=&#8221;Row: IOF pj&#8221; module_id=&#8221;Sustell&#8221; _builder_version=&#8221;4.21.0&#8243; _module_preset=&#8221;default&#8221; background_color=&#8221;#ffffff&#8221; custom_margin=&#8221;40px||||false|false&#8221; custom_padding=&#8221;20px|20px|20px|20px|false|false&#8221; box_shadow_style=&#8221;preset1&#8243; global_colors_info=&#8221;{}&#8221;][et_pb_column type=&#8221;2_3&#8243; _builder_version=&#8221;4.16&#8243; _module_preset=&#8221;default&#8221; global_colors_info=&#8221;{}&#8221;][et_pb_text _builder_version=&#8221;4.27.3&#8243; _module_preset=&#8221;77a7a6a5-6cba-4e24-a8d7-1992b0adbe08&#8243; global_colors_info=&#8221;{}&#8221;]<\/p>\n<h2><span class=\"ui-provider a b c d e f g h i j k l m n o p q r s t u v w x y z ab ac ae af ag ah ai aj ak\" dir=\"ltr\">Sustell\u2122<\/span><\/h2>\n<p><span class=\"ui-provider a b c d e f g h i j k l m n o p q r s t u v w x y z ab ac ae af ag ah ai aj ak\" dir=\"ltr\">Sustell\u2122<\/span> je re\u0161enje za procenu \u017eivotnog ciklusa koje pru\u017ea dsm-firmenich i poma\u017ee u razumevanju i unapre\u0111enju ekolo\u0161kog otiska poljoprivrednog gazdinstva, kao i proizvodnje i upotrebe sto\u010dne hrane.<\/p>\n<p>The\u00a0<span class=\"ui-provider a b c d e f g h i j k l m n o p q r s t u v w x y z ab ac ae af ag ah ai aj ak\" dir=\"ltr\">Sustell\u2122<\/span> Intelligence Platform je jednostavna web platforma za unos podataka, merenje i vizualizaciju kompletnih rezultata ekolo\u0161kog otiska:<\/p>\n<p>[\/et_pb_text][et_pb_blurb url_new_window=&#8221;on&#8221; use_icon=&#8221;on&#8221; font_icon=&#8221;&#xf0c8;||fa||900&#8243; admin_label=&#8221;Text &#8221; _builder_version=&#8221;4.27.3&#8243; _module_preset=&#8221;4c58f022-51f8-4ef3-8366-9633994b6fdb&#8221; header_font=&#8221;|700|||||||&#8221; background_color=&#8221;RGBA(255,255,255,0)&#8221; custom_margin=&#8221;20px||6px||false|false&#8221; custom_padding=&#8221;||0px|||&#8221; link_option_url_new_window=&#8221;on&#8221; global_colors_info=&#8221;{}&#8221;]<\/p>\n<p>Na osnovu kompletne procene \u017eivotnog ciklusa (LCA)<\/p>\n<p>[\/et_pb_blurb][et_pb_blurb url_new_window=&#8221;on&#8221; use_icon=&#8221;on&#8221; font_icon=&#8221;&#xf0c8;||fa||900&#8243; admin_label=&#8221;Text &#8221; _builder_version=&#8221;4.27.3&#8243; _module_preset=&#8221;4c58f022-51f8-4ef3-8366-9633994b6fdb&#8221; header_font=&#8221;|700|||||||&#8221; background_color=&#8221;RGBA(255,255,255,0)&#8221; custom_margin=&#8221;10px||||false|false&#8221; custom_padding=&#8221;||0px|||&#8221; link_option_url_new_window=&#8221;on&#8221; global_colors_info=&#8221;{}&#8221;]<\/p>\n<p>Precizno izra\u010dunavanje omogu\u0107ava opipljiva i merljiva pobolj\u0161anja ekolo\u0161kog otiska sto\u010dne hrane i poljoprivrednog gazdinstva<\/p>\n<p>[\/et_pb_blurb][et_pb_blurb url_new_window=&#8221;on&#8221; use_icon=&#8221;on&#8221; font_icon=&#8221;&#xf0c8;||fa||900&#8243; admin_label=&#8221;Text &#8221; _builder_version=&#8221;4.27.3&#8243; _module_preset=&#8221;4c58f022-51f8-4ef3-8366-9633994b6fdb&#8221; header_font=&#8221;|700|||||||&#8221; background_color=&#8221;RGBA(255,255,255,0)&#8221; custom_margin=&#8221;-26px||||false|false&#8221; custom_padding=&#8221;||0px|||&#8221; link_option_url_new_window=&#8221;on&#8221; global_colors_info=&#8221;{}&#8221;]<\/p>\n<p>Redovno a\u017euriran i unapre\u0111ivan kako bi zadovoljio potrebe korisnika, razvijaju\u0107e nau\u010dne spoznaje, metodologije, kao i promenjive regulatorne zahteve i potrebe proizvo\u0111a\u010da proteina \u017eivotinjskog porekla i industrije<\/p>\n<p>[\/et_pb_blurb][et_pb_text _builder_version=&#8221;4.27.3&#8243; _module_preset=&#8221;77a7a6a5-6cba-4e24-a8d7-1992b0adbe08&#8243; min_height=&#8221;108px&#8221; custom_margin=&#8221;-17px||20px||false|false&#8221; custom_padding=&#8221;0px|||||&#8221; global_colors_info=&#8221;{}&#8221;]<\/p>\n<p><span class=\"ui-provider a b c d e f g h i j k l m n o p q r s t u v w x y z ab ac ae af ag ah ai aj ak\" dir=\"ltr\">Sustell\u2122 vam omogu\u0107ava da izra\u010dunate emisije poljoprivrednog gazdinstva i proizvodnje i upotrebe sto\u010dne hrane i prikazuje efekat promena u ishrani ili specifi\u010dnim sastojcima hrane iz razli\u010ditih zemalja porekla.<\/span><\/p>\n<p style=\"margin-bottom: 8px;\"><strong>Prednosti za Donau Soja partnere i \u010dlanove<br \/><\/strong>Donau Soja \/ Europe Soya LCA LCA skupovi podataka su integrisani u sistem i spremni za upotrebu u va\u0161im prora\u010dunima.<\/p>\n<p style=\"margin-bottom: 8px;\"><strong>Specijalna ponuda<br \/><\/strong>Donau Soja \u010dlanovi u\u017eivaju popust na jednu korisni\u010dku licencu za Sustell\u2122 za prvu godinu.*<\/p>\n<p>[\/et_pb_text][et_pb_text _builder_version=&#8221;4.27.3&#8243; _module_preset=&#8221;77a7a6a5-6cba-4e24-a8d7-1992b0adbe08&#8243; text_text_color=&#8221;#ADADAD&#8221; text_font_size=&#8221;11px&#8221; min_height=&#8221;29px&#8221; custom_padding=&#8221;0px||0px|||&#8221; global_colors_info=&#8221;{}&#8221;]<\/p>\n<p>*uslovi koji se primenjuju<\/p>\n<p>[\/et_pb_text][et_pb_text _builder_version=&#8221;4.27.3&#8243; _module_preset=&#8221;77a7a6a5-6cba-4e24-a8d7-1992b0adbe08&#8243; min_height=&#8221;108px&#8221; custom_padding=&#8221;0px|||||&#8221; global_colors_info=&#8221;{}&#8221;]<\/p>\n<p style=\"margin-bottom: 8px;\">Informacije o posebnim uslovima za Donau Soja \u010dlanove dostupne su na zahtev.<\/p>\n<p style=\"margin-bottom: 8px;\"><strong>Kontakt<br \/><\/strong>Donau Soja<br \/>Veronika Platzer:\u00a0 <a href=\"mailto:platzer@donausoja.org\">platzer@donausoja.org<\/a><\/p>\n<p>[\/et_pb_text][et_pb_button button_url=&#8221;https:\/\/www.donausoja.org\/wp-content\/uploads\/2024\/02\/dsm_firmenich-tool.pdf&#8221; url_new_window=&#8221;on&#8221; button_text=&#8221;Preuzimite za vi\u0161e informacija&#8221; disabled_on=&#8221;off|off|off&#8221; _builder_version=&#8221;4.27.3&#8243; _module_preset=&#8221;default&#8221; custom_button=&#8221;on&#8221; button_icon=&#8221;&#x39;||divi||400&#8243; button_on_hover=&#8221;off&#8221; custom_margin=&#8221;20px||||false|false&#8221; global_colors_info=&#8221;{}&#8221;][\/et_pb_button][et_pb_button button_url=&#8221;https:\/\/www.sustell.com\/en_US\/home.html&#8221; url_new_window=&#8221;on&#8221; button_text=&#8221;Link ka Sustell\u2122 platformi&#8221; _builder_version=&#8221;4.27.3&#8243; _module_preset=&#8221;default&#8221; custom_button=&#8221;on&#8221; button_icon=&#8221;&#x39;||divi||400&#8243; button_on_hover=&#8221;off&#8221; custom_margin=&#8221;20px||||false|false&#8221; global_colors_info=&#8221;{}&#8221;][\/et_pb_button][\/et_pb_column][et_pb_column type=&#8221;1_3&#8243; _builder_version=&#8221;4.16&#8243; _module_preset=&#8221;default&#8221; global_colors_info=&#8221;{}&#8221;][et_pb_image src=&#8221;https:\/\/www.donausoja.org\/wp-content\/uploads\/2024\/12\/Sustell_crop.png&#8221; title_text=&#8221;Sustell-Logo-Donau-Soja-Member&#8221; _builder_version=&#8221;4.27.3&#8243; _module_preset=&#8221;default&#8221; custom_margin=&#8221;||||false|false&#8221; custom_padding=&#8221;||||false|false&#8221; global_colors_info=&#8221;{}&#8221;][\/et_pb_image][et_pb_image src=&#8221;https:\/\/www.donausoja.org\/wp-content\/uploads\/2024\/02\/laptop-experience-sustell-logo-DNV.webp&#8221; title_text=&#8221;iof2020-1024&#215;561&#8243; _builder_version=&#8221;4.21.0&#8243; _module_preset=&#8221;default&#8221; custom_margin=&#8221;||||false|false&#8221; custom_padding=&#8221;||||false|false&#8221; global_colors_info=&#8221;{}&#8221;][\/et_pb_image][\/et_pb_column][\/et_pb_row][et_pb_row _builder_version=&#8221;4.16&#8243; _module_preset=&#8221;default&#8221; global_colors_info=&#8221;{}&#8221;][et_pb_column type=&#8221;4_4&#8243; _builder_version=&#8221;4.16&#8243; _module_preset=&#8221;default&#8221; global_colors_info=&#8221;{}&#8221;][\/et_pb_column][\/et_pb_row][\/et_pb_section]<\/p>\n","protected":false},"excerpt":{"rendered":"<p>Life-Cycle-Assessment (LCA) &#8211; Baze podataka i analizeSredstva za procenu \u017eivotnog ciklusa (LCA) koriste se za procenu uticaja proizvoda, procesa ili usluge na \u017eivotnu sredinu tokom celog njihovog \u017eivotnog ciklusa. Donau Soja objavljuje LCA skupove podataka o uticaju soje sertifikovane kao Donau Soja \/ Europe Soya soje na \u017eivotnu sredinu u LCA bazama podataka i alatima [&hellip;]<\/p>\n","protected":false},"author":19,"featured_media":0,"parent":0,"menu_order":0,"comment_status":"closed","ping_status":"closed","template":"","meta":{"_et_pb_use_builder":"on","_et_pb_old_content":"","_et_gb_content_width":"","footnotes":""},"class_list":["post-53265","page","type-page","status-publish","hentry"],"yoast_head":"<!-- This site is optimized with the Yoast SEO plugin v27.4 - https:\/\/yoast.com\/product\/yoast-seo-wordpress\/ -->\n<title>LCA baze podataka i analize - Donau Soja<\/title>\n<meta name=\"description\" content=\"Procena \u017eivotnog ciklusa (LCA) odnosi se na procenu uticaja proizvoda, procesa ili usluge na \u017eivotnu sredinu tokom celog njihovog \u017eivotnog ciklusa.\" \/>\n<meta name=\"robots\" content=\"index, follow, max-snippet:-1, max-image-preview:large, max-video-preview:-1\" \/>\n<link rel=\"canonical\" href=\"https:\/\/www.donausoja.org\/sr\/lca-tools\/\" \/>\n<meta property=\"og:locale\" content=\"sr_RS\" \/>\n<meta property=\"og:type\" content=\"article\" \/>\n<meta property=\"og:title\" content=\"LCA baze podataka i analize - Donau Soja\" \/>\n<meta property=\"og:description\" content=\"Procena \u017eivotnog ciklusa (LCA) odnosi se na procenu uticaja proizvoda, procesa ili usluge na \u017eivotnu sredinu tokom celog njihovog \u017eivotnog ciklusa.\" \/>\n<meta property=\"og:url\" content=\"https:\/\/www.donausoja.org\/sr\/lca-tools\/\" \/>\n<meta property=\"og:site_name\" content=\"Donau Soja\" \/>\n<meta property=\"article:modified_time\" content=\"2025-11-13T09:43:29+00:00\" \/>\n<meta name=\"twitter:card\" content=\"summary_large_image\" \/>\n<meta name=\"twitter:label1\" content=\"\u041f\u0440\u043e\u0446\u0435\u045a\u0435\u043d\u043e \u0432\u0440\u0435\u043c\u0435 \u0447\u0438\u0442\u0430\u045a\u0430\" \/>\n\t<meta name=\"twitter:data1\" content=\"4 \u043c\u0438\u043d\u0443\u0442\u0430\" \/>\n<script type=\"application\/ld+json\" class=\"yoast-schema-graph\">{\"@context\":\"https:\\\/\\\/schema.org\",\"@graph\":[{\"@type\":\"WebPage\",\"@id\":\"https:\\\/\\\/www.donausoja.org\\\/sr\\\/lca-tools\\\/\",\"url\":\"https:\\\/\\\/www.donausoja.org\\\/sr\\\/lca-tools\\\/\",\"name\":\"LCA baze podataka i analize - Donau Soja\",\"isPartOf\":{\"@id\":\"https:\\\/\\\/www.donausoja.org\\\/sr\\\/#website\"},\"datePublished\":\"2024-02-13T07:49:08+00:00\",\"dateModified\":\"2025-11-13T09:43:29+00:00\",\"description\":\"Procena \u017eivotnog ciklusa (LCA) odnosi se na procenu uticaja proizvoda, procesa ili usluge na \u017eivotnu sredinu tokom celog njihovog \u017eivotnog ciklusa.\",\"breadcrumb\":{\"@id\":\"https:\\\/\\\/www.donausoja.org\\\/sr\\\/lca-tools\\\/#breadcrumb\"},\"inLanguage\":\"sr-RS\",\"potentialAction\":[{\"@type\":\"ReadAction\",\"target\":[\"https:\\\/\\\/www.donausoja.org\\\/sr\\\/lca-tools\\\/\"]}]},{\"@type\":\"BreadcrumbList\",\"@id\":\"https:\\\/\\\/www.donausoja.org\\\/sr\\\/lca-tools\\\/#breadcrumb\",\"itemListElement\":[{\"@type\":\"ListItem\",\"position\":1,\"name\":\"Home\",\"item\":\"https:\\\/\\\/www.donausoja.org\\\/sr\\\/\"},{\"@type\":\"ListItem\",\"position\":2,\"name\":\"LCA baze podataka i analize\"}]},{\"@type\":\"WebSite\",\"@id\":\"https:\\\/\\\/www.donausoja.org\\\/sr\\\/#website\",\"url\":\"https:\\\/\\\/www.donausoja.org\\\/sr\\\/\",\"name\":\"Donau Soja\",\"description\":\"Together for a European Protein Supply: Regional. Sustainable. Non-GM.\",\"potentialAction\":[{\"@type\":\"SearchAction\",\"target\":{\"@type\":\"EntryPoint\",\"urlTemplate\":\"https:\\\/\\\/www.donausoja.org\\\/sr\\\/?s={search_term_string}\"},\"query-input\":{\"@type\":\"PropertyValueSpecification\",\"valueRequired\":true,\"valueName\":\"search_term_string\"}}],\"inLanguage\":\"sr-RS\"}]}<\/script>\n<!-- \/ Yoast SEO plugin. -->","yoast_head_json":{"title":"LCA baze podataka i analize - Donau Soja","description":"Procena \u017eivotnog ciklusa (LCA) odnosi se na procenu uticaja proizvoda, procesa ili usluge na \u017eivotnu sredinu tokom celog njihovog \u017eivotnog ciklusa.","robots":{"index":"index","follow":"follow","max-snippet":"max-snippet:-1","max-image-preview":"max-image-preview:large","max-video-preview":"max-video-preview:-1"},"canonical":"https:\/\/www.donausoja.org\/sr\/lca-tools\/","og_locale":"sr_RS","og_type":"article","og_title":"LCA baze podataka i analize - Donau Soja","og_description":"Procena \u017eivotnog ciklusa (LCA) odnosi se na procenu uticaja proizvoda, procesa ili usluge na \u017eivotnu sredinu tokom celog njihovog \u017eivotnog ciklusa.","og_url":"https:\/\/www.donausoja.org\/sr\/lca-tools\/","og_site_name":"Donau Soja","article_modified_time":"2025-11-13T09:43:29+00:00","twitter_card":"summary_large_image","twitter_misc":{"\u041f\u0440\u043e\u0446\u0435\u045a\u0435\u043d\u043e \u0432\u0440\u0435\u043c\u0435 \u0447\u0438\u0442\u0430\u045a\u0430":"4 \u043c\u0438\u043d\u0443\u0442\u0430"},"schema":{"@context":"https:\/\/schema.org","@graph":[{"@type":"WebPage","@id":"https:\/\/www.donausoja.org\/sr\/lca-tools\/","url":"https:\/\/www.donausoja.org\/sr\/lca-tools\/","name":"LCA baze podataka i analize - Donau Soja","isPartOf":{"@id":"https:\/\/www.donausoja.org\/sr\/#website"},"datePublished":"2024-02-13T07:49:08+00:00","dateModified":"2025-11-13T09:43:29+00:00","description":"Procena \u017eivotnog ciklusa (LCA) odnosi se na procenu uticaja proizvoda, procesa ili usluge na \u017eivotnu sredinu tokom celog njihovog \u017eivotnog ciklusa.","breadcrumb":{"@id":"https:\/\/www.donausoja.org\/sr\/lca-tools\/#breadcrumb"},"inLanguage":"sr-RS","potentialAction":[{"@type":"ReadAction","target":["https:\/\/www.donausoja.org\/sr\/lca-tools\/"]}]},{"@type":"BreadcrumbList","@id":"https:\/\/www.donausoja.org\/sr\/lca-tools\/#breadcrumb","itemListElement":[{"@type":"ListItem","position":1,"name":"Home","item":"https:\/\/www.donausoja.org\/sr\/"},{"@type":"ListItem","position":2,"name":"LCA baze podataka i analize"}]},{"@type":"WebSite","@id":"https:\/\/www.donausoja.org\/sr\/#website","url":"https:\/\/www.donausoja.org\/sr\/","name":"Donau Soja","description":"Together for a European Protein Supply: Regional. Sustainable. Non-GM.","potentialAction":[{"@type":"SearchAction","target":{"@type":"EntryPoint","urlTemplate":"https:\/\/www.donausoja.org\/sr\/?s={search_term_string}"},"query-input":{"@type":"PropertyValueSpecification","valueRequired":true,"valueName":"search_term_string"}}],"inLanguage":"sr-RS"}]}},"_links":{"self":[{"href":"https:\/\/www.donausoja.org\/sr\/wp-json\/wp\/v2\/pages\/53265","targetHints":{"allow":["GET"]}}],"collection":[{"href":"https:\/\/www.donausoja.org\/sr\/wp-json\/wp\/v2\/pages"}],"about":[{"href":"https:\/\/www.donausoja.org\/sr\/wp-json\/wp\/v2\/types\/page"}],"author":[{"embeddable":true,"href":"https:\/\/www.donausoja.org\/sr\/wp-json\/wp\/v2\/users\/19"}],"replies":[{"embeddable":true,"href":"https:\/\/www.donausoja.org\/sr\/wp-json\/wp\/v2\/comments?post=53265"}],"version-history":[{"count":6,"href":"https:\/\/www.donausoja.org\/sr\/wp-json\/wp\/v2\/pages\/53265\/revisions"}],"predecessor-version":[{"id":63514,"href":"https:\/\/www.donausoja.org\/sr\/wp-json\/wp\/v2\/pages\/53265\/revisions\/63514"}],"wp:attachment":[{"href":"https:\/\/www.donausoja.org\/sr\/wp-json\/wp\/v2\/media?parent=53265"}],"curies":[{"name":"wp","href":"https:\/\/api.w.org\/{rel}","templated":true}]}}