
{"id":45845,"date":"2024-03-25T13:33:19","date_gmt":"2024-03-25T13:33:19","guid":{"rendered":"https:\/\/www.donausoja.org\/qssojaplus-pastusplus-recognition\/"},"modified":"2024-07-04T13:26:59","modified_gmt":"2024-07-04T13:26:59","slug":"qssojaplus-pastusplus-recognition","status":"publish","type":"page","link":"https:\/\/www.donausoja.org\/sr\/qssojaplus-pastusplus-recognition\/","title":{"rendered":"Donau Soja i Europe Soya standardi priznati od strane QS-Soy-Plus i AMA pastus+ sistema kvaliteta"},"content":{"rendered":"<p>[et_pb_section fb_built=&#8221;1&#8243; _builder_version=&#8221;4.16&#8243; _module_preset=&#8221;default&#8221; background_color=&#8221;RGBA(255,255,255,0)&#8221; custom_padding=&#8221;||0px|||&#8221; da_disable_devices=&#8221;off|off|off&#8221; locked=&#8221;off&#8221; global_colors_info=&#8221;{}&#8221; da_is_popup=&#8221;off&#8221; da_exit_intent=&#8221;off&#8221; da_has_close=&#8221;on&#8221; da_alt_close=&#8221;off&#8221; da_dark_close=&#8221;off&#8221; da_not_modal=&#8221;on&#8221; da_is_singular=&#8221;off&#8221; da_with_loader=&#8221;off&#8221; da_has_shadow=&#8221;on&#8221;][et_pb_row _builder_version=&#8221;4.16&#8243; _module_preset=&#8221;default&#8221; custom_padding=&#8221;130px|||||&#8221; global_colors_info=&#8221;{}&#8221;][et_pb_column type=&#8221;4_4&#8243; _builder_version=&#8221;4.16&#8243; _module_preset=&#8221;default&#8221; global_colors_info=&#8221;{}&#8221;][et_pb_text _builder_version=&#8221;4.25.2&#8243; _module_preset=&#8221;77a7a6a5-6cba-4e24-a8d7-1992b0adbe08&#8243; header_font=&#8221;Ubuntu|700|||||||&#8221; hover_enabled=&#8221;0&#8243; global_colors_info=&#8221;{}&#8221; sticky_enabled=&#8221;0&#8243;]<\/p>\n<section class=\"elementor-section elementor-top-section elementor-element elementor-element-87ac4cf elementor-section-height-min-height elementor-section-items-bottom elementor-section-boxed elementor-section-height-default\" data-id=\"87ac4cf\" data-element_type=\"section\">\n<div class=\"elementor-container elementor-column-gap-default\">\n<div class=\"elementor-row\">\n<div class=\"elementor-column elementor-col-100 elementor-top-column elementor-element elementor-element-43eb478\" data-id=\"43eb478\" data-element_type=\"column\">\n<div class=\"elementor-column-wrap elementor-element-populated\">\n<div class=\"elementor-widget-wrap\">\n<div class=\"elementor-element elementor-element-d918ba3 elementor-widget elementor-widget-heading elementor-motion-effects-parent animated fadeInUp\" data-id=\"d918ba3\" data-element_type=\"widget\" data-settings=\"{&quot;motion_fx_motion_fx_scrolling&quot;:&quot;yes&quot;,&quot;motion_fx_opacity_effect&quot;:&quot;yes&quot;,&quot;motion_fx_opacity_direction&quot;:&quot;in-out&quot;,&quot;motion_fx_opacity_range&quot;:{&quot;unit&quot;:&quot;%&quot;,&quot;size&quot;:&quot;&quot;,&quot;sizes&quot;:{&quot;start&quot;:74,&quot;end&quot;:90}},&quot;_animation&quot;:&quot;fadeInUp&quot;,&quot;motion_fx_opacity_level&quot;:{&quot;unit&quot;:&quot;px&quot;,&quot;size&quot;:10,&quot;sizes&quot;:[]},&quot;motion_fx_devices&quot;:[&quot;desktop&quot;,&quot;tablet&quot;,&quot;mobile&quot;]}\" data-widget_type=\"heading.default\">\n<h1 class=\"elementor-widget-container elementor-motion-effects-element\">Donau Soja i Europe Soya standardi priznati od strane QS-Soy-Plus i AMA pastus+ sistema kvaliteta<\/h1>\n<\/div>\n<\/div>\n<\/div>\n<\/div>\n<\/div>\n<\/div>\n<\/section>\n<section class=\"elementor-section elementor-top-section elementor-element elementor-element-f38ee70 elementor-section-boxed elementor-section-height-default elementor-section-height-default\" data-id=\"f38ee70\" data-element_type=\"section\" data-settings=\"{&quot;background_background&quot;:&quot;classic&quot;}\">\n<div class=\"elementor-container elementor-column-gap-default\">\n<div class=\"elementor-row\">\n<div class=\"elementor-column elementor-col-50 elementor-top-column elementor-element elementor-element-7167e9f\" data-id=\"7167e9f\" data-element_type=\"column\" data-settings=\"{&quot;background_background&quot;:&quot;classic&quot;}\">\n<div class=\"elementor-column-wrap elementor-element-populated\">\n<div class=\"elementor-widget-wrap\">\n<div class=\"elementor-element elementor-element-0cc1ca1 elementor-widget elementor-widget-text-editor\" data-id=\"0cc1ca1\" data-element_type=\"widget\" data-widget_type=\"text-editor.default\">\n<div class=\"elementor-widget-container\">\n<div class=\"elementor-text-editor elementor-clearfix\">\u00a0<\/div>\n<\/div>\n<\/div>\n<\/div>\n<\/div>\n<\/div>\n<\/div>\n<\/div>\n<\/section>\n<p>[\/et_pb_text][\/et_pb_column][\/et_pb_row][\/et_pb_section][et_pb_section fb_built=&#8221;1&#8243; _builder_version=&#8221;4.16&#8243; _module_preset=&#8221;default&#8221; background_color=&#8221;#C5DB9B&#8221; min_height=&#8221;278.4px&#8221; custom_padding=&#8221;14px||17px|||&#8221; da_disable_devices=&#8221;off|off|off&#8221; global_colors_info=&#8221;{}&#8221; da_is_popup=&#8221;off&#8221; da_exit_intent=&#8221;off&#8221; da_has_close=&#8221;on&#8221; da_alt_close=&#8221;off&#8221; da_dark_close=&#8221;off&#8221; da_not_modal=&#8221;on&#8221; da_is_singular=&#8221;off&#8221; da_with_loader=&#8221;off&#8221; da_has_shadow=&#8221;on&#8221;][et_pb_row column_structure=&#8221;1_2,1_2&#8243; _builder_version=&#8221;4.21.0&#8243; _module_preset=&#8221;default&#8221; background_color=&#8221;#FFFFFF&#8221; min_height=&#8221;204px&#8221; custom_margin=&#8221;|auto|-3px|auto||&#8221; custom_padding=&#8221;||1px|||&#8221; global_colors_info=&#8221;{}&#8221;][et_pb_column type=&#8221;1_2&#8243; _builder_version=&#8221;4.16&#8243; _module_preset=&#8221;default&#8221; global_colors_info=&#8221;{}&#8221;][et_pb_text _builder_version=&#8221;4.25.2&#8243; _module_preset=&#8221;77a7a6a5-6cba-4e24-a8d7-1992b0adbe08&#8243; width=&#8221;100%&#8221; min_height=&#8221;232.6px&#8221; custom_margin=&#8221;-20px|-21px|0px||false|false&#8221; custom_padding=&#8221;20px|8px|0px|20px|false|false&#8221; custom_padding_phone=&#8221;20px|8px|4px|20px|false|false&#8221; hover_enabled=&#8221;0&#8243; global_colors_info=&#8221;{}&#8221; sticky_enabled=&#8221;0&#8243;]<\/p>\n<p>Prema QS-Soy Plus i AMA pastus+ sistemima kvaliteta, proizvo\u0111a\u010di i trgovci sto\u010dne hrane su, od prvog januara 2024. godine, u obavezi da koriste samo soju koja je koja je proizvedena na odr\u017eiv na\u010din, bez deforestacije i konverzije zemlji\u0161ta. QS and AMA su definisali set standarda odr\u017eivosti koji su prihva\u0107eni. Oba sistema imaju iste zahteve i vremenske okvire za implementaciju zahvaljuju\u0107i me\u0111usobnom priznavanju.<\/p>\n<p>Kako bi se osigurala dovoljna dostupnost sertifikovane soje na evropskom tr\u017ei\u0161tu, opcije Book &amp; Claim (B&amp;C) bi\u0107e priznate do 31. decembra 2025. godine. To zna\u010di da do ovog datuma, soja mo\u017ee biti ili fizi\u010dki sertifikovana ili kompenzovana kroz postupak potra\u017eivanja.<\/p>\n<p style=\"text-align: justify;\">\n<p style=\"text-align: justify;\">[\/et_pb_text][\/et_pb_column][et_pb_column type=&#8221;1_2&#8243; _builder_version=&#8221;4.16&#8243; _module_preset=&#8221;default&#8221; global_colors_info=&#8221;{}&#8221;][et_pb_image src=&#8221;https:\/\/www.donausoja.org\/wp-content\/uploads\/2022\/02\/QS_Relaunch_Logo_rgb_L_RZ-scaled-1.jpg&#8221; _builder_version=&#8221;4.21.0&#8243; _module_preset=&#8221;default&#8221; width=&#8221;81.7%&#8221; custom_padding=&#8221;|151px||47px||&#8221; global_colors_info=&#8221;{}&#8221;][\/et_pb_image][et_pb_image src=&#8221;https:\/\/www.donausoja.org\/wp-content\/uploads\/2024\/02\/Logo_fur-Text_transparent.png&#8221; _builder_version=&#8221;4.21.0&#8243; _module_preset=&#8221;default&#8221; width=&#8221;81.7%&#8221; custom_padding=&#8221;|151px||47px||&#8221; global_colors_info=&#8221;{}&#8221;][\/et_pb_image][\/et_pb_column][\/et_pb_row][\/et_pb_section][et_pb_section fb_built=&#8221;1&#8243; _builder_version=&#8221;4.21.0&#8243; _module_preset=&#8221;default&#8221; background_color=&#8221;#C5DB9B&#8221; width=&#8221;100%&#8221; min_height=&#8221;60.2px&#8221; custom_margin=&#8221;||-6px|||&#8221; custom_padding=&#8221;2px||0px|||&#8221; da_disable_devices=&#8221;off|off|off&#8221; global_colors_info=&#8221;{}&#8221; da_is_popup=&#8221;off&#8221; da_exit_intent=&#8221;off&#8221; da_has_close=&#8221;on&#8221; da_alt_close=&#8221;off&#8221; da_dark_close=&#8221;off&#8221; da_not_modal=&#8221;on&#8221; da_is_singular=&#8221;off&#8221; da_with_loader=&#8221;off&#8221; da_has_shadow=&#8221;on&#8221;][et_pb_row _builder_version=&#8221;4.16&#8243; _module_preset=&#8221;default&#8221; background_color=&#8221;#ffffff&#8221; min_height=&#8221;0px&#8221; custom_margin=&#8221;|auto|-3px|auto||&#8221; custom_padding=&#8221;2px||0px|||&#8221; global_colors_info=&#8221;{}&#8221;][et_pb_column type=&#8221;4_4&#8243; _builder_version=&#8221;4.16&#8243; _module_preset=&#8221;default&#8221; global_colors_info=&#8221;{}&#8221;][et_pb_text _builder_version=&#8221;4.25.2&#8243; _module_preset=&#8221;97a49757-9877-47ea-b480-aa7742502928&#8243; min_height=&#8221;172.2px&#8221; custom_margin=&#8221;||-2px||false|false&#8221; custom_padding=&#8221;20px|20px|0px|20px|false|false&#8221; global_colors_info=&#8221;{}&#8221;]<\/p>\n<p><strong>Razlike u odnosu na EU Uredbu o deforestaciji (EUDR)\u00a0<\/strong><\/p>\n<p>QS-Soy-Plus and AMA pastus+ sistemi prevazilaze zahteve EUDR-a, zahtevaju\u0107i soju koja je dokazano proizvedena bez deforestacije i konverzije zemlji\u0161ta. EUDR ne zahteva takvu sertifikaciju i obuhvata soju proizvedenu bez kr\u010denja \u0161uma, ali ne i bez konverzije zemlji\u0161ta. Prema tome,\u00a0 QS-Soja plus i AMA pastus+ ne priznaju automatski soju koja ispunjava zakonske uslove EUDR-a.<\/p>\n<p>&nbsp;<\/p>\n<p>[\/et_pb_text][\/et_pb_column][\/et_pb_row][\/et_pb_section][et_pb_section fb_built=&#8221;1&#8243; _builder_version=&#8221;4.16&#8243; _module_preset=&#8221;default&#8221; background_color=&#8221;#C5DB9B&#8221; min_height=&#8221;584.6px&#8221; custom_margin=&#8221;1px||-2px|||&#8221; custom_padding=&#8221;18px||2px|||&#8221; da_disable_devices=&#8221;off|off|off&#8221; global_colors_info=&#8221;{}&#8221; da_is_popup=&#8221;off&#8221; da_exit_intent=&#8221;off&#8221; da_has_close=&#8221;on&#8221; da_alt_close=&#8221;off&#8221; da_dark_close=&#8221;off&#8221; da_not_modal=&#8221;on&#8221; da_is_singular=&#8221;off&#8221; da_with_loader=&#8221;off&#8221; da_has_shadow=&#8221;on&#8221;][et_pb_row _builder_version=&#8221;4.16&#8243; _module_preset=&#8221;default&#8221; background_color=&#8221;#F6F1E8&#8243; custom_margin=&#8221;|auto|-23px|auto||&#8221; custom_padding=&#8221;||0px|||&#8221; global_colors_info=&#8221;{}&#8221;][et_pb_column type=&#8221;4_4&#8243; _builder_version=&#8221;4.16&#8243; _module_preset=&#8221;default&#8221; global_colors_info=&#8221;{}&#8221;][et_pb_text _builder_version=&#8221;4.25.2&#8243; _module_preset=&#8221;77a7a6a5-6cba-4e24-a8d7-1992b0adbe08&#8243; min_height=&#8221;319.8px&#8221; custom_padding=&#8221;20px|||20px|false|false&#8221; global_colors_info=&#8221;{}&#8221;]<\/p>\n<p><strong>Priznatost Donau Soja i Europe Soya standarda\u00a0<\/strong><\/p>\n<p><span data-contrast=\"auto\">Donau Soja i Europe Soya standardi ispunjavaju kriterijume za uzgoj i lance snabdevanja QS-Soy-Plus and AMA pastus+ sistema i priznati su kao opcije fizi\u010dke sertifikacije od strane oba sistema. <\/span><span data-ccp-props=\"{&quot;201341983&quot;:0,&quot;335559739&quot;:0,&quot;335559740&quot;:240}\">\u00a0<\/span><\/p>\n<p><span data-contrast=\"auto\"><a title=\"Donau Soja Protein Partnerships\" href=\"https:\/\/www.donausoja.org\/sr\/poljoprivreda\/proteinsko-partnerstvo\/\" target=\"_blank\" rel=\"noopener\">Donau Soja Proteinska Partnerstva <\/a><\/span><span data-contrast=\"auto\">su priznata kao B&amp;C opcije od strane oba sistema do kraja 2025. godine. Zna\u010dajna prednost programa Proteinskih Partnerstava kao B&amp;C opcije je ta \u0161to pove\u0107avaju dostupnost sertifikovane soje na evropskom tr\u017ei\u0161tu. Kroz Proteinska Partnerstva finansira se sertifikacija prozivo\u0111a\u010da i primarnih otkupljiva\u010da iz zemalja koje nisu \u010dlanice EU. Time nastaju dodatne koli\u010dine sertifikovane soje i predstavlja prvi korak ka fizi\u010dki sertifikovanom lancu snabdevanja.<\/span><span data-ccp-props=\"{&quot;201341983&quot;:0,&quot;335559739&quot;:0,&quot;335559740&quot;:240}\">\u00a0<\/span><\/p>\n<p><span data-contrast=\"auto\">Kompanijama se stvara prilika za dodatnu dobit: U prvoj godini, koli\u010dine soje proizvedene kroz Proteinska Partnerstva mogu se koristiti kao B&amp;C opcija za kompenzaciju nesertifikovanih koli\u010dina, a koje \u0107e biti dostupne i u narednoj godini kao dodatno sertifikovane, KS-Soi-Plus i AMA pastus+ prihvac\u0301ene koli\u010dine soje na tr\u017ei\u0161tu.<\/span><\/p>\n<p>[\/et_pb_text][\/et_pb_column][\/et_pb_row][et_pb_row _builder_version=&#8221;4.16&#8243; _module_preset=&#8221;default&#8221; background_color=&#8221;#F6F1E8&#8243; custom_margin=&#8221;|auto|-23px|auto||&#8221; custom_padding=&#8221;3px||0px|||&#8221; custom_padding_phone=&#8221;3px|20px|0px|10px|false|false&#8221; global_colors_info=&#8221;{}&#8221;][et_pb_column type=&#8221;4_4&#8243; _builder_version=&#8221;4.16&#8243; _module_preset=&#8221;default&#8221; global_colors_info=&#8221;{}&#8221;][et_pb_text _builder_version=&#8221;4.25.2&#8243; _module_preset=&#8221;77a7a6a5-6cba-4e24-a8d7-1992b0adbe08&#8243; min_height=&#8221;143.8px&#8221; custom_margin=&#8221;-2px||20px||false|false&#8221; custom_padding=&#8221;20px|||20px|false|false&#8221; custom_padding_phone=&#8221;20px||14px|20px|false|false&#8221; global_colors_info=&#8221;{}&#8221;]<\/p>\n<p><strong>Organic Soya Combo sertifikacija<\/strong><\/p>\n<p><span data-contrast=\"auto\">QS and AMA pastus+ ne priznaju standarde organske proizvodnje kao \u0161to je EU Organic Label, jer ne isklju\u010duje deforestaciju i konverziju zemlji\u0161ta. Iz tog razloga, Donau Soja je uvela combo sertifikaciju. Ovo omogu\u0107ava organskim proizvo\u0111a\u010dima da nastave sa isporukom u QS i AMA pastus+ sisteme, uz malo dodatnog napora.<\/span><span data-ccp-props=\"{&quot;201341983&quot;:0,&quot;335559739&quot;:0,&quot;335559740&quot;:240}\">\u00a0<\/span><\/p>\n<p>[\/et_pb_text][\/et_pb_column][\/et_pb_row][\/et_pb_section][et_pb_section fb_built=&#8221;1&#8243; _builder_version=&#8221;4.21.0&#8243; _module_preset=&#8221;default&#8221; background_color=&#8221;#F6F1E8&#8243; width=&#8221;100%&#8221; min_height=&#8221;383.2px&#8221; custom_margin=&#8221;||-6px|||&#8221; custom_padding=&#8221;0px||26px|||&#8221; da_disable_devices=&#8221;off|off|off&#8221; global_colors_info=&#8221;{}&#8221; da_is_popup=&#8221;off&#8221; da_exit_intent=&#8221;off&#8221; da_has_close=&#8221;on&#8221; da_alt_close=&#8221;off&#8221; da_dark_close=&#8221;off&#8221; da_not_modal=&#8221;on&#8221; da_is_singular=&#8221;off&#8221; da_with_loader=&#8221;off&#8221; da_has_shadow=&#8221;on&#8221;][et_pb_row _builder_version=&#8221;4.16&#8243; _module_preset=&#8221;default&#8221; background_color=&#8221;#ffffff&#8221; min_height=&#8221;0px&#8221; custom_margin=&#8221;|auto|-3px|auto||&#8221; custom_padding=&#8221;0px||0px|||&#8221; global_colors_info=&#8221;{}&#8221;][et_pb_column type=&#8221;4_4&#8243; _builder_version=&#8221;4.16&#8243; _module_preset=&#8221;default&#8221; global_colors_info=&#8221;{}&#8221;][et_pb_text _builder_version=&#8221;4.25.2&#8243; _module_preset=&#8221;97a49757-9877-47ea-b480-aa7742502928&#8243; min_height=&#8221;172.2px&#8221; custom_margin=&#8221;||-2px||false|false&#8221; custom_padding=&#8221;20px|20px|0px|20px|false|false&#8221; global_colors_info=&#8221;{}&#8221;]<\/p>\n<p><strong>Zaklju\u010dak<\/strong><\/p>\n<p><span data-contrast=\"auto\">Donau Soja i Europe Soya standardi poma\u017eu proizvo\u0111a\u010dima u ispunjavanju zahteva uredbi kao \u0161to je EUDR i obezbe\u0111uju pristup tr\u017ei\u0161tu u Nema\u010dkoj, Austriji, i \u0161ire, koja zahtevaju odr\u017eive sertifikate.<\/span><span data-ccp-props=\"{&quot;201341983&quot;:0,&quot;335559739&quot;:0,&quot;335559740&quot;:240}\">\u00a0<\/span><\/p>\n<p><span data-contrast=\"auto\">Za vi\u0161e informacija o implementaciji QS-Soy-Plus, pogledajte na\u0161 <a title=\"information letter.\" href=\"https:\/\/www.donausoja.org\/wp-content\/uploads\/2024\/02\/QS-Sojaplus-Anforderungen_31012024_EN.pdf\u00a0\u00a0\" target=\"_blank\" rel=\"noopener\">info list.<\/a><\/span><\/p>\n<p>&nbsp;<\/p>\n<p><strong>Kontakt\u00a0<\/strong><\/p>\n<p><span data-contrast=\"auto\">Za dodatna pitanja o uskla\u0111enosti sa kriterijumom odr\u017eivosti i na\u0161im Proteinskim Partnerstvima, kontaktirajte nas na: <\/span><a href=\"mailto:standard@donausoja.org\"><span data-contrast=\"none\">standard@donausoja.org<\/span><\/a><span data-contrast=\"auto\">\u00a0<\/span><span data-ccp-props=\"{&quot;201341983&quot;:0,&quot;335559739&quot;:0,&quot;335559740&quot;:240}\">\u00a0<\/span><\/p>\n<p>&nbsp;<\/p>\n<p>[\/et_pb_text][\/et_pb_column][\/et_pb_row][\/et_pb_section][et_pb_section fb_built=&#8221;1&#8243; _builder_version=&#8221;4.21.0&#8243; _module_preset=&#8221;default&#8221; background_color=&#8221;RGBA(255,255,255,0)&#8221; min_height=&#8221;51px&#8221; custom_margin=&#8221;1px|||||&#8221; custom_padding=&#8221;24px||0px|||&#8221; da_disable_devices=&#8221;off|off|off&#8221; global_colors_info=&#8221;{}&#8221; da_is_popup=&#8221;off&#8221; da_exit_intent=&#8221;off&#8221; da_has_close=&#8221;on&#8221; da_alt_close=&#8221;off&#8221; da_dark_close=&#8221;off&#8221; da_not_modal=&#8221;on&#8221; da_is_singular=&#8221;off&#8221; da_with_loader=&#8221;off&#8221; da_has_shadow=&#8221;on&#8221;][\/et_pb_section]<\/p>\n","protected":false},"excerpt":{"rendered":"<p>Donau Soja i Europe Soya standardi priznati od strane QS-Soy-Plus i AMA pastus+ sistema kvaliteta \u00a0 Prema QS-Soy Plus i AMA pastus+ sistemima kvaliteta, proizvo\u0111a\u010di i trgovci sto\u010dne hrane su, od prvog januara 2024. godine, u obavezi da koriste samo soju koja je koja je proizvedena na odr\u017eiv na\u010din, bez deforestacije i konverzije zemlji\u0161ta. QS [&hellip;]<\/p>\n","protected":false},"author":19,"featured_media":0,"parent":0,"menu_order":0,"comment_status":"closed","ping_status":"closed","template":"","meta":{"_et_pb_use_builder":"on","_et_pb_old_content":"","_et_gb_content_width":"","footnotes":""},"class_list":["post-45845","page","type-page","status-publish","hentry"],"yoast_head":"<!-- This site is optimized with the Yoast SEO plugin v27.4 - https:\/\/yoast.com\/product\/yoast-seo-wordpress\/ -->\n<title>Donau Soja i Europe Soya standardi priznati od strane QS-Soy-Plus i AMA pastus+ sistema kvaliteta - Donau Soja<\/title>\n<meta name=\"description\" content=\"Prema QS-Soy Plus i AMA pastus+ sistemima kvaliteta, proizvo\u0111a\u010di i trgovci sto\u010dne hrane su, od prvog januara 2024. godine, u obavezi da koriste samo soju koja je koja je proizvedena na odr\u017eiv na\u010din, bez deforestacije i konverzije zemlji\u0161ta.\" \/>\n<meta name=\"robots\" content=\"index, follow, max-snippet:-1, max-image-preview:large, max-video-preview:-1\" \/>\n<link rel=\"canonical\" href=\"https:\/\/www.donausoja.org\/sr\/qssojaplus-pastusplus-recognition\/\" \/>\n<meta property=\"og:locale\" content=\"sr_RS\" \/>\n<meta property=\"og:type\" content=\"article\" \/>\n<meta property=\"og:title\" content=\"Donau Soja i Europe Soya standardi priznati od strane QS-Soy-Plus i AMA pastus+ sistema kvaliteta - Donau Soja\" \/>\n<meta property=\"og:description\" content=\"Prema QS-Soy Plus i AMA pastus+ sistemima kvaliteta, proizvo\u0111a\u010di i trgovci sto\u010dne hrane su, od prvog januara 2024. godine, u obavezi da koriste samo soju koja je koja je proizvedena na odr\u017eiv na\u010din, bez deforestacije i konverzije zemlji\u0161ta.\" \/>\n<meta property=\"og:url\" content=\"https:\/\/www.donausoja.org\/sr\/qssojaplus-pastusplus-recognition\/\" \/>\n<meta property=\"og:site_name\" content=\"Donau Soja\" \/>\n<meta property=\"article:modified_time\" content=\"2024-07-04T13:26:59+00:00\" \/>\n<meta name=\"twitter:card\" content=\"summary_large_image\" \/>\n<meta name=\"twitter:label1\" content=\"\u041f\u0440\u043e\u0446\u0435\u045a\u0435\u043d\u043e \u0432\u0440\u0435\u043c\u0435 \u0447\u0438\u0442\u0430\u045a\u0430\" \/>\n\t<meta name=\"twitter:data1\" content=\"3 \u043c\u0438\u043d\u0443\u0442\u0430\" \/>\n<script type=\"application\/ld+json\" class=\"yoast-schema-graph\">{\"@context\":\"https:\\\/\\\/schema.org\",\"@graph\":[{\"@type\":\"WebPage\",\"@id\":\"https:\\\/\\\/www.donausoja.org\\\/sr\\\/qssojaplus-pastusplus-recognition\\\/\",\"url\":\"https:\\\/\\\/www.donausoja.org\\\/sr\\\/qssojaplus-pastusplus-recognition\\\/\",\"name\":\"Donau Soja i Europe Soya standardi priznati od strane QS-Soy-Plus i AMA pastus+ sistema kvaliteta - Donau Soja\",\"isPartOf\":{\"@id\":\"https:\\\/\\\/www.donausoja.org\\\/sr\\\/#website\"},\"datePublished\":\"2024-03-25T13:33:19+00:00\",\"dateModified\":\"2024-07-04T13:26:59+00:00\",\"description\":\"Prema QS-Soy Plus i AMA pastus+ sistemima kvaliteta, proizvo\u0111a\u010di i trgovci sto\u010dne hrane su, od prvog januara 2024. godine, u obavezi da koriste samo soju koja je koja je proizvedena na odr\u017eiv na\u010din, bez deforestacije i konverzije zemlji\u0161ta.\",\"breadcrumb\":{\"@id\":\"https:\\\/\\\/www.donausoja.org\\\/sr\\\/qssojaplus-pastusplus-recognition\\\/#breadcrumb\"},\"inLanguage\":\"sr-RS\",\"potentialAction\":[{\"@type\":\"ReadAction\",\"target\":[\"https:\\\/\\\/www.donausoja.org\\\/sr\\\/qssojaplus-pastusplus-recognition\\\/\"]}]},{\"@type\":\"BreadcrumbList\",\"@id\":\"https:\\\/\\\/www.donausoja.org\\\/sr\\\/qssojaplus-pastusplus-recognition\\\/#breadcrumb\",\"itemListElement\":[{\"@type\":\"ListItem\",\"position\":1,\"name\":\"Home\",\"item\":\"https:\\\/\\\/www.donausoja.org\\\/sr\\\/\"},{\"@type\":\"ListItem\",\"position\":2,\"name\":\"Donau Soja i Europe Soya standardi priznati od strane QS-Soy-Plus i AMA pastus+ sistema kvaliteta\"}]},{\"@type\":\"WebSite\",\"@id\":\"https:\\\/\\\/www.donausoja.org\\\/sr\\\/#website\",\"url\":\"https:\\\/\\\/www.donausoja.org\\\/sr\\\/\",\"name\":\"Donau Soja\",\"description\":\"Together for a European Protein Supply: Regional. Sustainable. Non-GM.\",\"potentialAction\":[{\"@type\":\"SearchAction\",\"target\":{\"@type\":\"EntryPoint\",\"urlTemplate\":\"https:\\\/\\\/www.donausoja.org\\\/sr\\\/?s={search_term_string}\"},\"query-input\":{\"@type\":\"PropertyValueSpecification\",\"valueRequired\":true,\"valueName\":\"search_term_string\"}}],\"inLanguage\":\"sr-RS\"}]}<\/script>\n<!-- \/ Yoast SEO plugin. -->","yoast_head_json":{"title":"Donau Soja i Europe Soya standardi priznati od strane QS-Soy-Plus i AMA pastus+ sistema kvaliteta - Donau Soja","description":"Prema QS-Soy Plus i AMA pastus+ sistemima kvaliteta, proizvo\u0111a\u010di i trgovci sto\u010dne hrane su, od prvog januara 2024. godine, u obavezi da koriste samo soju koja je koja je proizvedena na odr\u017eiv na\u010din, bez deforestacije i konverzije zemlji\u0161ta.","robots":{"index":"index","follow":"follow","max-snippet":"max-snippet:-1","max-image-preview":"max-image-preview:large","max-video-preview":"max-video-preview:-1"},"canonical":"https:\/\/www.donausoja.org\/sr\/qssojaplus-pastusplus-recognition\/","og_locale":"sr_RS","og_type":"article","og_title":"Donau Soja i Europe Soya standardi priznati od strane QS-Soy-Plus i AMA pastus+ sistema kvaliteta - Donau Soja","og_description":"Prema QS-Soy Plus i AMA pastus+ sistemima kvaliteta, proizvo\u0111a\u010di i trgovci sto\u010dne hrane su, od prvog januara 2024. godine, u obavezi da koriste samo soju koja je koja je proizvedena na odr\u017eiv na\u010din, bez deforestacije i konverzije zemlji\u0161ta.","og_url":"https:\/\/www.donausoja.org\/sr\/qssojaplus-pastusplus-recognition\/","og_site_name":"Donau Soja","article_modified_time":"2024-07-04T13:26:59+00:00","twitter_card":"summary_large_image","twitter_misc":{"\u041f\u0440\u043e\u0446\u0435\u045a\u0435\u043d\u043e \u0432\u0440\u0435\u043c\u0435 \u0447\u0438\u0442\u0430\u045a\u0430":"3 \u043c\u0438\u043d\u0443\u0442\u0430"},"schema":{"@context":"https:\/\/schema.org","@graph":[{"@type":"WebPage","@id":"https:\/\/www.donausoja.org\/sr\/qssojaplus-pastusplus-recognition\/","url":"https:\/\/www.donausoja.org\/sr\/qssojaplus-pastusplus-recognition\/","name":"Donau Soja i Europe Soya standardi priznati od strane QS-Soy-Plus i AMA pastus+ sistema kvaliteta - Donau Soja","isPartOf":{"@id":"https:\/\/www.donausoja.org\/sr\/#website"},"datePublished":"2024-03-25T13:33:19+00:00","dateModified":"2024-07-04T13:26:59+00:00","description":"Prema QS-Soy Plus i AMA pastus+ sistemima kvaliteta, proizvo\u0111a\u010di i trgovci sto\u010dne hrane su, od prvog januara 2024. godine, u obavezi da koriste samo soju koja je koja je proizvedena na odr\u017eiv na\u010din, bez deforestacije i konverzije zemlji\u0161ta.","breadcrumb":{"@id":"https:\/\/www.donausoja.org\/sr\/qssojaplus-pastusplus-recognition\/#breadcrumb"},"inLanguage":"sr-RS","potentialAction":[{"@type":"ReadAction","target":["https:\/\/www.donausoja.org\/sr\/qssojaplus-pastusplus-recognition\/"]}]},{"@type":"BreadcrumbList","@id":"https:\/\/www.donausoja.org\/sr\/qssojaplus-pastusplus-recognition\/#breadcrumb","itemListElement":[{"@type":"ListItem","position":1,"name":"Home","item":"https:\/\/www.donausoja.org\/sr\/"},{"@type":"ListItem","position":2,"name":"Donau Soja i Europe Soya standardi priznati od strane QS-Soy-Plus i AMA pastus+ sistema kvaliteta"}]},{"@type":"WebSite","@id":"https:\/\/www.donausoja.org\/sr\/#website","url":"https:\/\/www.donausoja.org\/sr\/","name":"Donau Soja","description":"Together for a European Protein Supply: Regional. Sustainable. Non-GM.","potentialAction":[{"@type":"SearchAction","target":{"@type":"EntryPoint","urlTemplate":"https:\/\/www.donausoja.org\/sr\/?s={search_term_string}"},"query-input":{"@type":"PropertyValueSpecification","valueRequired":true,"valueName":"search_term_string"}}],"inLanguage":"sr-RS"}]}},"_links":{"self":[{"href":"https:\/\/www.donausoja.org\/sr\/wp-json\/wp\/v2\/pages\/45845","targetHints":{"allow":["GET"]}}],"collection":[{"href":"https:\/\/www.donausoja.org\/sr\/wp-json\/wp\/v2\/pages"}],"about":[{"href":"https:\/\/www.donausoja.org\/sr\/wp-json\/wp\/v2\/types\/page"}],"author":[{"embeddable":true,"href":"https:\/\/www.donausoja.org\/sr\/wp-json\/wp\/v2\/users\/19"}],"replies":[{"embeddable":true,"href":"https:\/\/www.donausoja.org\/sr\/wp-json\/wp\/v2\/comments?post=45845"}],"version-history":[{"count":7,"href":"https:\/\/www.donausoja.org\/sr\/wp-json\/wp\/v2\/pages\/45845\/revisions"}],"predecessor-version":[{"id":45867,"href":"https:\/\/www.donausoja.org\/sr\/wp-json\/wp\/v2\/pages\/45845\/revisions\/45867"}],"wp:attachment":[{"href":"https:\/\/www.donausoja.org\/sr\/wp-json\/wp\/v2\/media?parent=45845"}],"curies":[{"name":"wp","href":"https:\/\/api.w.org\/{rel}","templated":true}]}}