
{"id":43394,"date":"2024-05-21T12:27:03","date_gmt":"2024-05-21T12:27:03","guid":{"rendered":"https:\/\/www.donausoja.org\/?page_id=43394"},"modified":"2025-01-30T15:45:52","modified_gmt":"2025-01-30T15:45:52","slug":"legume-hub","status":"publish","type":"page","link":"https:\/\/www.donausoja.org\/sr\/legume-hub\/","title":{"rendered":"Legume Hub"},"content":{"rendered":"<p>[et_pb_section fb_built=&#8221;1&#8243; _builder_version=&#8221;4.16&#8243; _module_preset=&#8221;default&#8221; background_color=&#8221;RGBA(255,255,255,0)&#8221; da_disable_devices=&#8221;off|off|off&#8221; locked=&#8221;off&#8221; global_colors_info=&#8221;{}&#8221; da_is_popup=&#8221;off&#8221; da_exit_intent=&#8221;off&#8221; da_has_close=&#8221;on&#8221; da_alt_close=&#8221;off&#8221; da_dark_close=&#8221;off&#8221; da_not_modal=&#8221;on&#8221; da_is_singular=&#8221;off&#8221; da_with_loader=&#8221;off&#8221; da_has_shadow=&#8221;on&#8221;][et_pb_row _builder_version=&#8221;4.16&#8243; _module_preset=&#8221;default&#8221; custom_padding=&#8221;130px|||||&#8221; global_colors_info=&#8221;{}&#8221;][et_pb_column type=&#8221;4_4&#8243; _builder_version=&#8221;4.16&#8243; _module_preset=&#8221;default&#8221; global_colors_info=&#8221;{}&#8221;][et_pb_text _builder_version=&#8221;4.21.0&#8243; _module_preset=&#8221;77a7a6a5-6cba-4e24-a8d7-1992b0adbe08&#8243; header_font=&#8221;Ubuntu|700|||||||&#8221; global_colors_info=&#8221;{}&#8221;]<\/p>\n<h1>Legume Hub<\/h1>\n<p>[\/et_pb_text][\/et_pb_column][\/et_pb_row][\/et_pb_section][et_pb_section fb_built=&#8221;1&#8243; _builder_version=&#8221;4.16&#8243; _module_preset=&#8221;default&#8221; background_color=&#8221;#F6F1E8&#8243; custom_padding=&#8221;3px||3px|||&#8221; da_disable_devices=&#8221;off|off|off&#8221; global_colors_info=&#8221;{}&#8221; da_is_popup=&#8221;off&#8221; da_exit_intent=&#8221;off&#8221; da_has_close=&#8221;on&#8221; da_alt_close=&#8221;off&#8221; da_dark_close=&#8221;off&#8221; da_not_modal=&#8221;on&#8221; da_is_singular=&#8221;off&#8221; da_with_loader=&#8221;off&#8221; da_has_shadow=&#8221;on&#8221;][et_pb_row column_structure=&#8221;3_5,2_5&#8243; custom_padding_last_edited=&#8221;off|desktop&#8221; _builder_version=&#8221;4.21.0&#8243; _module_preset=&#8221;default&#8221; custom_margin=&#8221;||20px||false|false&#8221; custom_padding=&#8221;20px||20px||false|false&#8221; locked=&#8221;off&#8221; global_colors_info=&#8221;{}&#8221;][et_pb_column type=&#8221;3_5&#8243; _builder_version=&#8221;4.16&#8243; _module_preset=&#8221;default&#8221; global_colors_info=&#8221;{}&#8221;][et_pb_text admin_label=&#8221;info-Text&#8221; _builder_version=&#8221;4.25.2&#8243; _module_preset=&#8221;97a49757-9877-47ea-b480-aa7742502928&#8243; custom_padding=&#8221;24px|||0px|false|false&#8221; global_colors_info=&#8221;{}&#8221;]<\/p>\n<p style=\"text-align: left;\">Legume Hub je vi\u0161ejezi\u010dka platforma znanja koja podr\u017eava sve zainteresovane za razvoj uzgoja mahunarki i njihovu upotrebu, uz pristup znanju, uvidima i uspe\u0161noj praksi du\u017e celog lanca vrednosti, od uzgoja biljaka i aktivnosti na gazdinstvu, do prerade i potro\u0161nje. Korisnici uklju\u010duju odgajiva\u010de, poljoprivrednike koji se bave uzgojem i korisnike mahunarki, prera\u0111iva\u010de za sto\u010dnu hranu i ljudsku ishranu, te sve one koji su uklju\u010deni u delove lanca vrednosti.<\/p>\n<p style=\"text-align: left;\">Legume Hub platforma je podr\u017eana od strane Legume Hub udru\u017eenja i njegovih \u010dlanica. Platforma omogu\u0107ava ovoj onlajn zajednici objavljivanje \u010dlanaka, istra\u017eivanja, izve\u0161taja ili video materijala.<\/p>\n<p style=\"text-align: left;\">Donau Soja je jedan od vode\u0107ih partnera koji stoje iza Legume Hub platforme i obezbe\u0111uje sekretarijat Legume Hub udru\u017eenja.<\/p>\n<p>[\/et_pb_text][et_pb_button button_url=&#8221;http:\/\/www.legumehub.eu\/sr&#8221; url_new_window=&#8221;on&#8221; button_text=&#8221;Posetite Legume Hub&#8221; admin_label=&#8221;Button&#8221; _builder_version=&#8221;4.21.0&#8243; _module_preset=&#8221;default&#8221; locked=&#8221;off&#8221; global_colors_info=&#8221;{}&#8221;][\/et_pb_button][\/et_pb_column][et_pb_column type=&#8221;2_5&#8243; _builder_version=&#8221;4.21.0&#8243; _module_preset=&#8221;default&#8221; global_colors_info=&#8221;{}&#8221;][et_pb_image src=&#8221;https:\/\/www.donausoja.org\/wp-content\/uploads\/2021\/12\/legume-hub-Foto.png&#8221; title_text=&#8221;legume-hub-Foto&#8221; _builder_version=&#8221;4.21.0&#8243; _module_preset=&#8221;default&#8221; global_colors_info=&#8221;{}&#8221; locked=&#8221;off&#8221;][\/et_pb_image][\/et_pb_column][\/et_pb_row][\/et_pb_section]<\/p>\n","protected":false},"excerpt":{"rendered":"<p>Legume HubLegume Hub je vi\u0161ejezi\u010dka platforma znanja koja podr\u017eava sve zainteresovane za razvoj uzgoja mahunarki i njihovu upotrebu, uz pristup znanju, uvidima i uspe\u0161noj praksi du\u017e celog lanca vrednosti, od uzgoja biljaka i aktivnosti na gazdinstvu, do prerade i potro\u0161nje. Korisnici uklju\u010duju odgajiva\u010de, poljoprivrednike koji se bave uzgojem i korisnike mahunarki, prera\u0111iva\u010de za sto\u010dnu hranu [&hellip;]<\/p>\n","protected":false},"author":19,"featured_media":99,"parent":0,"menu_order":0,"comment_status":"closed","ping_status":"closed","template":"","meta":{"_et_pb_use_builder":"on","_et_pb_old_content":"","_et_gb_content_width":"","footnotes":""},"class_list":["post-43394","page","type-page","status-publish","has-post-thumbnail","hentry"],"yoast_head":"<!-- This site is optimized with the Yoast SEO plugin v27.4 - https:\/\/yoast.com\/product\/yoast-seo-wordpress\/ -->\n<title>Legume Hub - Donau Soja<\/title>\n<meta name=\"description\" content=\"Legume Hub je vi\u0161ejezi\u010dka platforma znanja koja podr\u017eava sve zainteresovane za razvoj uzgoja mahunarki i njihovu upotrebu.\" \/>\n<meta name=\"robots\" content=\"index, follow, max-snippet:-1, max-image-preview:large, max-video-preview:-1\" \/>\n<link rel=\"canonical\" href=\"https:\/\/www.donausoja.org\/sr\/legume-hub\/\" \/>\n<meta property=\"og:locale\" content=\"sr_RS\" \/>\n<meta property=\"og:type\" content=\"article\" \/>\n<meta property=\"og:title\" content=\"Legume Hub - Donau Soja\" \/>\n<meta property=\"og:description\" content=\"Legume Hub je vi\u0161ejezi\u010dka platforma znanja koja podr\u017eava sve zainteresovane za razvoj uzgoja mahunarki i njihovu upotrebu.\" \/>\n<meta property=\"og:url\" content=\"https:\/\/www.donausoja.org\/sr\/legume-hub\/\" \/>\n<meta property=\"og:site_name\" content=\"Donau Soja\" \/>\n<meta property=\"article:modified_time\" content=\"2025-01-30T15:45:52+00:00\" \/>\n<meta property=\"og:image\" content=\"https:\/\/www.donausoja.org\/wp-content\/uploads\/2021\/12\/legume-hub-Foto.png\" \/>\n\t<meta property=\"og:image:width\" content=\"498\" \/>\n\t<meta property=\"og:image:height\" content=\"648\" \/>\n\t<meta property=\"og:image:type\" content=\"image\/png\" \/>\n<meta name=\"twitter:card\" content=\"summary_large_image\" \/>\n<meta name=\"twitter:label1\" content=\"\u041f\u0440\u043e\u0446\u0435\u045a\u0435\u043d\u043e \u0432\u0440\u0435\u043c\u0435 \u0447\u0438\u0442\u0430\u045a\u0430\" \/>\n\t<meta name=\"twitter:data1\" content=\"1 \u043c\u0438\u043d\u0443\u0442\" \/>\n<script type=\"application\/ld+json\" class=\"yoast-schema-graph\">{\"@context\":\"https:\\\/\\\/schema.org\",\"@graph\":[{\"@type\":\"WebPage\",\"@id\":\"https:\\\/\\\/www.donausoja.org\\\/sr\\\/legume-hub\\\/\",\"url\":\"https:\\\/\\\/www.donausoja.org\\\/sr\\\/legume-hub\\\/\",\"name\":\"Legume Hub - Donau Soja\",\"isPartOf\":{\"@id\":\"https:\\\/\\\/www.donausoja.org\\\/sr\\\/#website\"},\"primaryImageOfPage\":{\"@id\":\"https:\\\/\\\/www.donausoja.org\\\/sr\\\/legume-hub\\\/#primaryimage\"},\"image\":{\"@id\":\"https:\\\/\\\/www.donausoja.org\\\/sr\\\/legume-hub\\\/#primaryimage\"},\"thumbnailUrl\":\"https:\\\/\\\/www.donausoja.org\\\/wp-content\\\/uploads\\\/2021\\\/12\\\/legume-hub-Foto.png\",\"datePublished\":\"2024-05-21T12:27:03+00:00\",\"dateModified\":\"2025-01-30T15:45:52+00:00\",\"description\":\"Legume Hub je vi\u0161ejezi\u010dka platforma znanja koja podr\u017eava sve zainteresovane za razvoj uzgoja mahunarki i njihovu upotrebu.\",\"breadcrumb\":{\"@id\":\"https:\\\/\\\/www.donausoja.org\\\/sr\\\/legume-hub\\\/#breadcrumb\"},\"inLanguage\":\"sr-RS\",\"potentialAction\":[{\"@type\":\"ReadAction\",\"target\":[\"https:\\\/\\\/www.donausoja.org\\\/sr\\\/legume-hub\\\/\"]}]},{\"@type\":\"ImageObject\",\"inLanguage\":\"sr-RS\",\"@id\":\"https:\\\/\\\/www.donausoja.org\\\/sr\\\/legume-hub\\\/#primaryimage\",\"url\":\"https:\\\/\\\/www.donausoja.org\\\/wp-content\\\/uploads\\\/2021\\\/12\\\/legume-hub-Foto.png\",\"contentUrl\":\"https:\\\/\\\/www.donausoja.org\\\/wp-content\\\/uploads\\\/2021\\\/12\\\/legume-hub-Foto.png\",\"width\":498,\"height\":648},{\"@type\":\"BreadcrumbList\",\"@id\":\"https:\\\/\\\/www.donausoja.org\\\/sr\\\/legume-hub\\\/#breadcrumb\",\"itemListElement\":[{\"@type\":\"ListItem\",\"position\":1,\"name\":\"Home\",\"item\":\"https:\\\/\\\/www.donausoja.org\\\/sr\\\/\"},{\"@type\":\"ListItem\",\"position\":2,\"name\":\"Legume Hub\"}]},{\"@type\":\"WebSite\",\"@id\":\"https:\\\/\\\/www.donausoja.org\\\/sr\\\/#website\",\"url\":\"https:\\\/\\\/www.donausoja.org\\\/sr\\\/\",\"name\":\"Donau Soja\",\"description\":\"Together for a European Protein Supply: Regional. Sustainable. Non-GM.\",\"potentialAction\":[{\"@type\":\"SearchAction\",\"target\":{\"@type\":\"EntryPoint\",\"urlTemplate\":\"https:\\\/\\\/www.donausoja.org\\\/sr\\\/?s={search_term_string}\"},\"query-input\":{\"@type\":\"PropertyValueSpecification\",\"valueRequired\":true,\"valueName\":\"search_term_string\"}}],\"inLanguage\":\"sr-RS\"}]}<\/script>\n<!-- \/ Yoast SEO plugin. -->","yoast_head_json":{"title":"Legume Hub - Donau Soja","description":"Legume Hub je vi\u0161ejezi\u010dka platforma znanja koja podr\u017eava sve zainteresovane za razvoj uzgoja mahunarki i njihovu upotrebu.","robots":{"index":"index","follow":"follow","max-snippet":"max-snippet:-1","max-image-preview":"max-image-preview:large","max-video-preview":"max-video-preview:-1"},"canonical":"https:\/\/www.donausoja.org\/sr\/legume-hub\/","og_locale":"sr_RS","og_type":"article","og_title":"Legume Hub - Donau Soja","og_description":"Legume Hub je vi\u0161ejezi\u010dka platforma znanja koja podr\u017eava sve zainteresovane za razvoj uzgoja mahunarki i njihovu upotrebu.","og_url":"https:\/\/www.donausoja.org\/sr\/legume-hub\/","og_site_name":"Donau Soja","article_modified_time":"2025-01-30T15:45:52+00:00","og_image":[{"width":498,"height":648,"url":"https:\/\/www.donausoja.org\/wp-content\/uploads\/2021\/12\/legume-hub-Foto.png","type":"image\/png"}],"twitter_card":"summary_large_image","twitter_misc":{"\u041f\u0440\u043e\u0446\u0435\u045a\u0435\u043d\u043e \u0432\u0440\u0435\u043c\u0435 \u0447\u0438\u0442\u0430\u045a\u0430":"1 \u043c\u0438\u043d\u0443\u0442"},"schema":{"@context":"https:\/\/schema.org","@graph":[{"@type":"WebPage","@id":"https:\/\/www.donausoja.org\/sr\/legume-hub\/","url":"https:\/\/www.donausoja.org\/sr\/legume-hub\/","name":"Legume Hub - Donau Soja","isPartOf":{"@id":"https:\/\/www.donausoja.org\/sr\/#website"},"primaryImageOfPage":{"@id":"https:\/\/www.donausoja.org\/sr\/legume-hub\/#primaryimage"},"image":{"@id":"https:\/\/www.donausoja.org\/sr\/legume-hub\/#primaryimage"},"thumbnailUrl":"https:\/\/www.donausoja.org\/wp-content\/uploads\/2021\/12\/legume-hub-Foto.png","datePublished":"2024-05-21T12:27:03+00:00","dateModified":"2025-01-30T15:45:52+00:00","description":"Legume Hub je vi\u0161ejezi\u010dka platforma znanja koja podr\u017eava sve zainteresovane za razvoj uzgoja mahunarki i njihovu upotrebu.","breadcrumb":{"@id":"https:\/\/www.donausoja.org\/sr\/legume-hub\/#breadcrumb"},"inLanguage":"sr-RS","potentialAction":[{"@type":"ReadAction","target":["https:\/\/www.donausoja.org\/sr\/legume-hub\/"]}]},{"@type":"ImageObject","inLanguage":"sr-RS","@id":"https:\/\/www.donausoja.org\/sr\/legume-hub\/#primaryimage","url":"https:\/\/www.donausoja.org\/wp-content\/uploads\/2021\/12\/legume-hub-Foto.png","contentUrl":"https:\/\/www.donausoja.org\/wp-content\/uploads\/2021\/12\/legume-hub-Foto.png","width":498,"height":648},{"@type":"BreadcrumbList","@id":"https:\/\/www.donausoja.org\/sr\/legume-hub\/#breadcrumb","itemListElement":[{"@type":"ListItem","position":1,"name":"Home","item":"https:\/\/www.donausoja.org\/sr\/"},{"@type":"ListItem","position":2,"name":"Legume Hub"}]},{"@type":"WebSite","@id":"https:\/\/www.donausoja.org\/sr\/#website","url":"https:\/\/www.donausoja.org\/sr\/","name":"Donau Soja","description":"Together for a European Protein Supply: Regional. Sustainable. Non-GM.","potentialAction":[{"@type":"SearchAction","target":{"@type":"EntryPoint","urlTemplate":"https:\/\/www.donausoja.org\/sr\/?s={search_term_string}"},"query-input":{"@type":"PropertyValueSpecification","valueRequired":true,"valueName":"search_term_string"}}],"inLanguage":"sr-RS"}]}},"_links":{"self":[{"href":"https:\/\/www.donausoja.org\/sr\/wp-json\/wp\/v2\/pages\/43394","targetHints":{"allow":["GET"]}}],"collection":[{"href":"https:\/\/www.donausoja.org\/sr\/wp-json\/wp\/v2\/pages"}],"about":[{"href":"https:\/\/www.donausoja.org\/sr\/wp-json\/wp\/v2\/types\/page"}],"author":[{"embeddable":true,"href":"https:\/\/www.donausoja.org\/sr\/wp-json\/wp\/v2\/users\/19"}],"replies":[{"embeddable":true,"href":"https:\/\/www.donausoja.org\/sr\/wp-json\/wp\/v2\/comments?post=43394"}],"version-history":[{"count":11,"href":"https:\/\/www.donausoja.org\/sr\/wp-json\/wp\/v2\/pages\/43394\/revisions"}],"predecessor-version":[{"id":53901,"href":"https:\/\/www.donausoja.org\/sr\/wp-json\/wp\/v2\/pages\/43394\/revisions\/53901"}],"wp:featuredmedia":[{"embeddable":true,"href":"https:\/\/www.donausoja.org\/sr\/wp-json\/wp\/v2\/media\/99"}],"wp:attachment":[{"href":"https:\/\/www.donausoja.org\/sr\/wp-json\/wp\/v2\/media?parent=43394"}],"curies":[{"name":"wp","href":"https:\/\/api.w.org\/{rel}","templated":true}]}}