
{"id":42250,"date":"2024-04-24T14:53:23","date_gmt":"2024-04-24T14:53:23","guid":{"rendered":"https:\/\/www.donausoja.org\/?page_id=42250"},"modified":"2024-10-15T12:50:06","modified_gmt":"2024-10-15T12:50:06","slug":"eudr-seminar-izazov-ili-sansa-za-soju-iz-naseg-regiona","status":"publish","type":"page","link":"https:\/\/www.donausoja.org\/sr\/eudr-seminar-izazov-ili-sansa-za-soju-iz-naseg-regiona\/","title":{"rendered":"EUDR seminar &#8211; Izazov i\/ili \u0161ansa za soju iz na\u0161eg regiona"},"content":{"rendered":"<p>[et_pb_section fb_built=&#8221;1&#8243; _builder_version=&#8221;4.16&#8243; _module_preset=&#8221;default&#8221; background_color=&#8221;RGBA(255,255,255,0)&#8221; da_disable_devices=&#8221;off|off|off&#8221; locked=&#8221;off&#8221; global_colors_info=&#8221;{}&#8221; da_is_popup=&#8221;off&#8221; da_exit_intent=&#8221;off&#8221; da_has_close=&#8221;on&#8221; da_alt_close=&#8221;off&#8221; da_dark_close=&#8221;off&#8221; da_not_modal=&#8221;on&#8221; da_is_singular=&#8221;off&#8221; da_with_loader=&#8221;off&#8221; da_has_shadow=&#8221;on&#8221;][et_pb_row _builder_version=&#8221;4.16&#8243; _module_preset=&#8221;default&#8221; custom_padding=&#8221;130px|||||&#8221; locked=&#8221;off&#8221; global_colors_info=&#8221;{}&#8221;][et_pb_column type=&#8221;4_4&#8243; _builder_version=&#8221;4.16&#8243; _module_preset=&#8221;default&#8221; global_colors_info=&#8221;{}&#8221;][et_pb_text _builder_version=&#8221;4.21.0&#8243; _module_preset=&#8221;68709f92-07ab-4922-bdc3-d910fd9b6b95&#8243; header_font=&#8221;Ubuntu|700|||||||&#8221; custom_padding_phone=&#8221;10px|10px|10px|10px|false|false&#8221; hover_enabled=&#8221;0&#8243; global_colors_info=&#8221;{}&#8221; sticky_enabled=&#8221;0&#8243;]<\/p>\n<h1>EUDR seminar &#8211; Izazov i\/ili \u0161ansa za soju iz na\u0161eg regiona<\/h1>\n<p>[\/et_pb_text][\/et_pb_column][\/et_pb_row][\/et_pb_section][et_pb_section fb_built=&#8221;1&#8243; admin_label=&#8221;section&#8221; _builder_version=&#8221;4.16&#8243; da_disable_devices=&#8221;off|off|off&#8221; global_colors_info=&#8221;{}&#8221; da_is_popup=&#8221;off&#8221; da_exit_intent=&#8221;off&#8221; da_has_close=&#8221;on&#8221; da_alt_close=&#8221;off&#8221; da_dark_close=&#8221;off&#8221; da_not_modal=&#8221;on&#8221; da_is_singular=&#8221;off&#8221; da_with_loader=&#8221;off&#8221; da_has_shadow=&#8221;on&#8221;][et_pb_row _builder_version=&#8221;4.21.0&#8243; _module_preset=&#8221;default&#8221; custom_margin=&#8221;-53px|auto||auto||&#8221; custom_padding=&#8221;||1px|||&#8221; global_colors_info=&#8221;{}&#8221;][et_pb_column type=&#8221;4_4&#8243; _builder_version=&#8221;4.21.0&#8243; _module_preset=&#8221;default&#8221; global_colors_info=&#8221;{}&#8221;][et_pb_image src=&#8221;https:\/\/www.donausoja.org\/wp-content\/uploads\/2024\/05\/EUDR_RS_banner_final_corrected_page-0001.jpg&#8221; title_text=&#8221;EUDR_RS_banner_final_corrected_page-0001&#8243; _builder_version=&#8221;4.21.0&#8243; _module_preset=&#8221;default&#8221; custom_margin=&#8221;1px|||||&#8221; global_colors_info=&#8221;{}&#8221;][\/et_pb_image][\/et_pb_column][\/et_pb_row][et_pb_row _builder_version=&#8221;4.16&#8243; _module_preset=&#8221;default&#8221; background_color=&#8221;#ffffff&#8221; min_height=&#8221;166.2px&#8221; custom_margin=&#8221;40px|auto|40px|auto|false|false&#8221; custom_padding=&#8221;0px|20px||20px|false|false&#8221; box_shadow_style=&#8221;preset1&#8243; locked=&#8221;off&#8221; global_colors_info=&#8221;{}&#8221;][et_pb_column type=&#8221;4_4&#8243; _builder_version=&#8221;4.16&#8243; _module_preset=&#8221;default&#8221; global_colors_info=&#8221;{}&#8221;][et_pb_text admin_label=&#8221;Text&#8221; _builder_version=&#8221;4.21.0&#8243; _module_preset=&#8221;77a7a6a5-6cba-4e24-a8d7-1992b0adbe08&#8243; custom_padding=&#8221;31px|||||&#8221; hover_enabled=&#8221;0&#8243; global_colors_info=&#8221;{}&#8221; sticky_enabled=&#8221;0&#8243;]<\/p>\n<p><span class=\"TextRun SCXW169583293 BCX0\" lang=\"EN-US\" xml:lang=\"EN-US\" data-contrast=\"auto\"><span class=\"NormalTextRun SCXW169583293 BCX0\">Donau Soja udru\u017eenje, u saradnji sa Odeljenjem za poljoprivredu ambasade Kraljevine Holandije, poziva Vas na seminar i panel diskusiju o novoj EU uredbi o deforestaciji (EUDR) i njenim implikacijama za soju iz na\u0161eg regiona.<\/span><\/span><\/p>\n<p><span class=\"TextRun SCXW169583293 BCX0\" lang=\"EN-US\" xml:lang=\"EN-US\" data-contrast=\"auto\"><span class=\"NormalTextRun SCXW169583293 BCX0\">Uredba EU o deforestaciji (EUDR) je usvojena 2023. i u punu primenu kre\u0107e krajem ove godine. Cilj ove uredbe je da osigura rastu\u0107u potra\u017enju evropskog tr\u017ei\u0161ta za poljoprivrednim proizvodima kao \u0161to su soja, palmino ulje, guma, kakao, kafa, govedina i proizvodi od drveta, a da njihova proizvodnja nije dovela do gubitka povr\u0161ina pod \u0161umama. Da bi se to postiglo, potrebno je da svako ko plasira ove proizvode na tr\u017ei\u0161te EU, osigura da njihova proizvodnja nije povezana sa kr\u010denjem \u0161uma.<\/span><\/span><\/p>\n<p>[\/et_pb_text][\/et_pb_column][\/et_pb_row][et_pb_row _builder_version=&#8221;4.16&#8243; _module_preset=&#8221;default&#8221; background_color=&#8221;#ffffff&#8221; min_height=&#8221;166.2px&#8221; custom_margin=&#8221;20px||40px||false|false&#8221; custom_padding=&#8221;0px|20px||20px|false|false&#8221; box_shadow_style=&#8221;preset1&#8243; locked=&#8221;off&#8221; global_colors_info=&#8221;{}&#8221;][et_pb_column type=&#8221;4_4&#8243; _builder_version=&#8221;4.16&#8243; _module_preset=&#8221;default&#8221; global_colors_info=&#8221;{}&#8221;][et_pb_text admin_label=&#8221;Text&#8221; _builder_version=&#8221;4.21.0&#8243; _module_preset=&#8221;77a7a6a5-6cba-4e24-a8d7-1992b0adbe08&#8243; custom_padding=&#8221;31px|||||&#8221; global_colors_info=&#8221;{}&#8221;]<\/p>\n<p><span class=\"TextRun SCXW169583293 BCX0\" lang=\"EN-US\" xml:lang=\"EN-US\" data-contrast=\"auto\"><span class=\"NormalTextRun SCXW169583293 BCX0\">EUDR \u0107e imati posledice na poslovne aktivnosti i van granica EU. Svi proizvo\u0111a\u010di, prera\u0111iva\u010di i trgovci soje u Srbiji i u drugim zemljama zapadnog Balkana, u obavezi su da preduzmu mere ve\u0107 za \u017eetvu 2024. kako bi i dalje imali pristup tr\u017ei\u0161tu EU. Zemlje zapadnog Balkana (Srbija, Hrvatska, Bosna i Hercegovina i Rumunija) plasiraju na tr\u017ei\u0161te EU vi\u0161e od 70% doma\u0107e proizvodnje soje u obliku raznih proizvoda od soje u ukupnoj vrednosti od preko 500 miliona evra.<\/span><\/span><\/p>\n<p>[\/et_pb_text][\/et_pb_column][\/et_pb_row][et_pb_row _builder_version=&#8221;4.16&#8243; _module_preset=&#8221;default&#8221; background_color=&#8221;#ffffff&#8221; custom_margin=&#8221;20px||40px||false|false&#8221; custom_padding=&#8221;0px|20px||20px|false|false&#8221; box_shadow_style=&#8221;preset1&#8243; locked=&#8221;off&#8221; global_colors_info=&#8221;{}&#8221;][et_pb_column type=&#8221;4_4&#8243; _builder_version=&#8221;4.16&#8243; _module_preset=&#8221;default&#8221; global_colors_info=&#8221;{}&#8221;][et_pb_text admin_label=&#8221;Text&#8221; _builder_version=&#8221;4.21.0&#8243; _module_preset=&#8221;77a7a6a5-6cba-4e24-a8d7-1992b0adbe08&#8243; custom_padding=&#8221;31px|||||&#8221; global_colors_info=&#8221;{}&#8221;]<\/p>\n<p><span class=\"TextRun SCXW169583293 BCX0\" lang=\"EN-US\" xml:lang=\"EN-US\" data-contrast=\"auto\"><span class=\"NormalTextRun SCXW169583293 BCX0\">Koji su zahtevi sa kojima \u0107e morati da se usklade proizvo\u0111a\u010di, prera\u0111iva\u010di i trgovci soje u Srbiji i regionu ukoliko \u017eele da ostanu na evropskom tr\u017ei\u0161tu; koje su posledice na regionalno tr\u017ei\u0161te i kako obezbediti odgovaraju\u0107e potvrde da proizvodnja soje nije dovela do kr\u010denja \u0161uma i da je proizvedena u skladu sa va\u017ee\u0107im zakonima dr\u017eave,\u00a0 su teme o kojima \u0107e diskutovati najrelevantniji sagovornici iz regiona zapadnog Balkana.<\/span><\/span><\/p>\n<p>Za vi\u0161e informacija i preuzimanje pozivnice kliknite <a href=\"https:\/\/www.donausoja.org\/wp-content\/uploads\/2024\/05\/Pozivnica-na-EUDR-Seminar-Sajam-poljoprivrede-Novi-Sad.pdf\">ovde<\/a>.<\/p>\n<p><strong>Od\u0161tampana pozivnica slu\u017ei kao ulaznica na Sajam poljoprivrede.<\/strong><\/p>\n<p>Molimo Vas da svoje prisustvo potvrdite majlom na <a href=\"mailto:regionalcenter@donausoja.org\">regionalcenter@donausoja.org<\/a><\/p>\n<p>[\/et_pb_text][\/et_pb_column][\/et_pb_row][\/et_pb_section]<\/p>\n","protected":false},"excerpt":{"rendered":"<p>EUDR seminar &#8211; Izazov i\/ili \u0161ansa za soju iz na\u0161eg regionaDonau Soja udru\u017eenje, u saradnji sa Odeljenjem za poljoprivredu ambasade Kraljevine Holandije, poziva Vas na seminar i panel diskusiju o novoj EU uredbi o deforestaciji (EUDR) i njenim implikacijama za soju iz na\u0161eg regiona. Uredba EU o deforestaciji (EUDR) je usvojena 2023. i u punu [&hellip;]<\/p>\n","protected":false},"author":19,"featured_media":0,"parent":0,"menu_order":0,"comment_status":"closed","ping_status":"closed","template":"","meta":{"_et_pb_use_builder":"on","_et_pb_old_content":"","_et_gb_content_width":"","footnotes":""},"class_list":["post-42250","page","type-page","status-publish","hentry"],"yoast_head":"<!-- This site is optimized with the Yoast SEO plugin v27.4 - https:\/\/yoast.com\/product\/yoast-seo-wordpress\/ -->\n<title>EUDR seminar - Izazov i\/ili \u0161ansa za soju iz na\u0161eg regiona - Donau Soja<\/title>\n<meta name=\"description\" content=\"Donau Soja udru\u017eenje, u saradnji sa Odeljenjem za poljoprivredu ambasade Kraljevine Holandije, poziva Vas na seminar i panel diskusiju o novoj EU uredbi o deforestaciji (EUDR) i njenim implikacijama za soju iz na\u0161eg regiona.\" \/>\n<meta name=\"robots\" content=\"index, follow, max-snippet:-1, max-image-preview:large, max-video-preview:-1\" \/>\n<link rel=\"canonical\" href=\"https:\/\/www.donausoja.org\/sr\/eudr-seminar-izazov-ili-sansa-za-soju-iz-naseg-regiona\/\" \/>\n<meta property=\"og:locale\" content=\"sr_RS\" \/>\n<meta property=\"og:type\" content=\"article\" \/>\n<meta property=\"og:title\" content=\"EUDR seminar - Izazov i\/ili \u0161ansa za soju iz na\u0161eg regiona - Donau Soja\" \/>\n<meta property=\"og:description\" content=\"Donau Soja udru\u017eenje, u saradnji sa Odeljenjem za poljoprivredu ambasade Kraljevine Holandije, poziva Vas na seminar i panel diskusiju o novoj EU uredbi o deforestaciji (EUDR) i njenim implikacijama za soju iz na\u0161eg regiona.\" \/>\n<meta property=\"og:url\" content=\"https:\/\/www.donausoja.org\/sr\/eudr-seminar-izazov-ili-sansa-za-soju-iz-naseg-regiona\/\" \/>\n<meta property=\"og:site_name\" content=\"Donau Soja\" \/>\n<meta property=\"article:modified_time\" content=\"2024-10-15T12:50:06+00:00\" \/>\n<meta name=\"twitter:card\" content=\"summary_large_image\" \/>\n<meta name=\"twitter:label1\" content=\"\u041f\u0440\u043e\u0446\u0435\u045a\u0435\u043d\u043e \u0432\u0440\u0435\u043c\u0435 \u0447\u0438\u0442\u0430\u045a\u0430\" \/>\n\t<meta name=\"twitter:data1\" content=\"2 \u043c\u0438\u043d\u0443\u0442\u0430\" \/>\n<script type=\"application\/ld+json\" class=\"yoast-schema-graph\">{\"@context\":\"https:\\\/\\\/schema.org\",\"@graph\":[{\"@type\":\"WebPage\",\"@id\":\"https:\\\/\\\/www.donausoja.org\\\/sr\\\/eudr-seminar-izazov-ili-sansa-za-soju-iz-naseg-regiona\\\/\",\"url\":\"https:\\\/\\\/www.donausoja.org\\\/sr\\\/eudr-seminar-izazov-ili-sansa-za-soju-iz-naseg-regiona\\\/\",\"name\":\"EUDR seminar - Izazov i\\\/ili \u0161ansa za soju iz na\u0161eg regiona - Donau Soja\",\"isPartOf\":{\"@id\":\"https:\\\/\\\/www.donausoja.org\\\/sr\\\/#website\"},\"datePublished\":\"2024-04-24T14:53:23+00:00\",\"dateModified\":\"2024-10-15T12:50:06+00:00\",\"description\":\"Donau Soja udru\u017eenje, u saradnji sa Odeljenjem za poljoprivredu ambasade Kraljevine Holandije, poziva Vas na seminar i panel diskusiju o novoj EU uredbi o deforestaciji (EUDR) i njenim implikacijama za soju iz na\u0161eg regiona.\",\"breadcrumb\":{\"@id\":\"https:\\\/\\\/www.donausoja.org\\\/sr\\\/eudr-seminar-izazov-ili-sansa-za-soju-iz-naseg-regiona\\\/#breadcrumb\"},\"inLanguage\":\"sr-RS\",\"potentialAction\":[{\"@type\":\"ReadAction\",\"target\":[\"https:\\\/\\\/www.donausoja.org\\\/sr\\\/eudr-seminar-izazov-ili-sansa-za-soju-iz-naseg-regiona\\\/\"]}]},{\"@type\":\"BreadcrumbList\",\"@id\":\"https:\\\/\\\/www.donausoja.org\\\/sr\\\/eudr-seminar-izazov-ili-sansa-za-soju-iz-naseg-regiona\\\/#breadcrumb\",\"itemListElement\":[{\"@type\":\"ListItem\",\"position\":1,\"name\":\"Home\",\"item\":\"https:\\\/\\\/www.donausoja.org\\\/sr\\\/\"},{\"@type\":\"ListItem\",\"position\":2,\"name\":\"EUDR seminar &#8211; Izazov i\\\/ili \u0161ansa za soju iz na\u0161eg regiona\"}]},{\"@type\":\"WebSite\",\"@id\":\"https:\\\/\\\/www.donausoja.org\\\/sr\\\/#website\",\"url\":\"https:\\\/\\\/www.donausoja.org\\\/sr\\\/\",\"name\":\"Donau Soja\",\"description\":\"Together for a European Protein Supply: Regional. Sustainable. Non-GM.\",\"potentialAction\":[{\"@type\":\"SearchAction\",\"target\":{\"@type\":\"EntryPoint\",\"urlTemplate\":\"https:\\\/\\\/www.donausoja.org\\\/sr\\\/?s={search_term_string}\"},\"query-input\":{\"@type\":\"PropertyValueSpecification\",\"valueRequired\":true,\"valueName\":\"search_term_string\"}}],\"inLanguage\":\"sr-RS\"}]}<\/script>\n<!-- \/ Yoast SEO plugin. -->","yoast_head_json":{"title":"EUDR seminar - Izazov i\/ili \u0161ansa za soju iz na\u0161eg regiona - Donau Soja","description":"Donau Soja udru\u017eenje, u saradnji sa Odeljenjem za poljoprivredu ambasade Kraljevine Holandije, poziva Vas na seminar i panel diskusiju o novoj EU uredbi o deforestaciji (EUDR) i njenim implikacijama za soju iz na\u0161eg regiona.","robots":{"index":"index","follow":"follow","max-snippet":"max-snippet:-1","max-image-preview":"max-image-preview:large","max-video-preview":"max-video-preview:-1"},"canonical":"https:\/\/www.donausoja.org\/sr\/eudr-seminar-izazov-ili-sansa-za-soju-iz-naseg-regiona\/","og_locale":"sr_RS","og_type":"article","og_title":"EUDR seminar - Izazov i\/ili \u0161ansa za soju iz na\u0161eg regiona - Donau Soja","og_description":"Donau Soja udru\u017eenje, u saradnji sa Odeljenjem za poljoprivredu ambasade Kraljevine Holandije, poziva Vas na seminar i panel diskusiju o novoj EU uredbi o deforestaciji (EUDR) i njenim implikacijama za soju iz na\u0161eg regiona.","og_url":"https:\/\/www.donausoja.org\/sr\/eudr-seminar-izazov-ili-sansa-za-soju-iz-naseg-regiona\/","og_site_name":"Donau Soja","article_modified_time":"2024-10-15T12:50:06+00:00","twitter_card":"summary_large_image","twitter_misc":{"\u041f\u0440\u043e\u0446\u0435\u045a\u0435\u043d\u043e \u0432\u0440\u0435\u043c\u0435 \u0447\u0438\u0442\u0430\u045a\u0430":"2 \u043c\u0438\u043d\u0443\u0442\u0430"},"schema":{"@context":"https:\/\/schema.org","@graph":[{"@type":"WebPage","@id":"https:\/\/www.donausoja.org\/sr\/eudr-seminar-izazov-ili-sansa-za-soju-iz-naseg-regiona\/","url":"https:\/\/www.donausoja.org\/sr\/eudr-seminar-izazov-ili-sansa-za-soju-iz-naseg-regiona\/","name":"EUDR seminar - Izazov i\/ili \u0161ansa za soju iz na\u0161eg regiona - Donau Soja","isPartOf":{"@id":"https:\/\/www.donausoja.org\/sr\/#website"},"datePublished":"2024-04-24T14:53:23+00:00","dateModified":"2024-10-15T12:50:06+00:00","description":"Donau Soja udru\u017eenje, u saradnji sa Odeljenjem za poljoprivredu ambasade Kraljevine Holandije, poziva Vas na seminar i panel diskusiju o novoj EU uredbi o deforestaciji (EUDR) i njenim implikacijama za soju iz na\u0161eg regiona.","breadcrumb":{"@id":"https:\/\/www.donausoja.org\/sr\/eudr-seminar-izazov-ili-sansa-za-soju-iz-naseg-regiona\/#breadcrumb"},"inLanguage":"sr-RS","potentialAction":[{"@type":"ReadAction","target":["https:\/\/www.donausoja.org\/sr\/eudr-seminar-izazov-ili-sansa-za-soju-iz-naseg-regiona\/"]}]},{"@type":"BreadcrumbList","@id":"https:\/\/www.donausoja.org\/sr\/eudr-seminar-izazov-ili-sansa-za-soju-iz-naseg-regiona\/#breadcrumb","itemListElement":[{"@type":"ListItem","position":1,"name":"Home","item":"https:\/\/www.donausoja.org\/sr\/"},{"@type":"ListItem","position":2,"name":"EUDR seminar &#8211; Izazov i\/ili \u0161ansa za soju iz na\u0161eg regiona"}]},{"@type":"WebSite","@id":"https:\/\/www.donausoja.org\/sr\/#website","url":"https:\/\/www.donausoja.org\/sr\/","name":"Donau Soja","description":"Together for a European Protein Supply: Regional. Sustainable. Non-GM.","potentialAction":[{"@type":"SearchAction","target":{"@type":"EntryPoint","urlTemplate":"https:\/\/www.donausoja.org\/sr\/?s={search_term_string}"},"query-input":{"@type":"PropertyValueSpecification","valueRequired":true,"valueName":"search_term_string"}}],"inLanguage":"sr-RS"}]}},"_links":{"self":[{"href":"https:\/\/www.donausoja.org\/sr\/wp-json\/wp\/v2\/pages\/42250","targetHints":{"allow":["GET"]}}],"collection":[{"href":"https:\/\/www.donausoja.org\/sr\/wp-json\/wp\/v2\/pages"}],"about":[{"href":"https:\/\/www.donausoja.org\/sr\/wp-json\/wp\/v2\/types\/page"}],"author":[{"embeddable":true,"href":"https:\/\/www.donausoja.org\/sr\/wp-json\/wp\/v2\/users\/19"}],"replies":[{"embeddable":true,"href":"https:\/\/www.donausoja.org\/sr\/wp-json\/wp\/v2\/comments?post=42250"}],"version-history":[{"count":83,"href":"https:\/\/www.donausoja.org\/sr\/wp-json\/wp\/v2\/pages\/42250\/revisions"}],"predecessor-version":[{"id":49453,"href":"https:\/\/www.donausoja.org\/sr\/wp-json\/wp\/v2\/pages\/42250\/revisions\/49453"}],"wp:attachment":[{"href":"https:\/\/www.donausoja.org\/sr\/wp-json\/wp\/v2\/media?parent=42250"}],"curies":[{"name":"wp","href":"https:\/\/api.w.org\/{rel}","templated":true}]}}