
{"id":37669,"date":"2023-11-08T14:59:56","date_gmt":"2023-11-08T14:59:56","guid":{"rendered":"https:\/\/www.donausoja.org\/vesti\/archive-press-releases\/"},"modified":"2024-02-09T16:52:30","modified_gmt":"2024-02-09T16:52:30","slug":"arhiva-medijskih-saopstenja","status":"publish","type":"page","link":"https:\/\/www.donausoja.org\/sr\/vesti\/arhiva-medijskih-saopstenja\/","title":{"rendered":"Arhiva medijskih saop\u0161tenja"},"content":{"rendered":"<p>[et_pb_section fb_built=&#8221;1&#8243; _builder_version=&#8221;4.16&#8243; _module_preset=&#8221;default&#8221; background_color=&#8221;RGBA(255,255,255,0)&#8221; da_disable_devices=&#8221;off|off|off&#8221; locked=&#8221;off&#8221; global_colors_info=&#8221;{}&#8221; da_is_popup=&#8221;off&#8221; da_exit_intent=&#8221;off&#8221; da_has_close=&#8221;on&#8221; da_alt_close=&#8221;off&#8221; da_dark_close=&#8221;off&#8221; da_not_modal=&#8221;on&#8221; da_is_singular=&#8221;off&#8221; da_with_loader=&#8221;off&#8221; da_has_shadow=&#8221;on&#8221;][et_pb_row _builder_version=&#8221;4.16&#8243; _module_preset=&#8221;default&#8221; custom_padding=&#8221;130px|||||&#8221; global_colors_info=&#8221;{}&#8221;][et_pb_column type=&#8221;4_4&#8243; _builder_version=&#8221;4.16&#8243; _module_preset=&#8221;default&#8221; global_colors_info=&#8221;{}&#8221;][et_pb_text _builder_version=&#8221;4.21.0&#8243; _module_preset=&#8221;77a7a6a5-6cba-4e24-a8d7-1992b0adbe08&#8243; header_font=&#8221;Ubuntu|700|||||||&#8221; global_colors_info=&#8221;{}&#8221;]<\/p>\n<h1>Arhiva medijskih saop\u0161tenja<\/h1>\n<p>[\/et_pb_text][\/et_pb_column][\/et_pb_row][\/et_pb_section][et_pb_section fb_built=&#8221;1&#8243; _builder_version=&#8221;4.16&#8243; _module_preset=&#8221;default&#8221; background_color=&#8221;#F6F1E8&#8243; custom_padding=&#8221;0px||3px|||&#8221; da_disable_devices=&#8221;off|off|off&#8221; global_colors_info=&#8221;{}&#8221; disabled_on=&#8221;on|on|on&#8221; disabled=&#8221;on&#8221; da_is_popup=&#8221;off&#8221; da_exit_intent=&#8221;off&#8221; da_has_close=&#8221;on&#8221; da_alt_close=&#8221;off&#8221; da_dark_close=&#8221;off&#8221; da_not_modal=&#8221;on&#8221; da_is_singular=&#8221;off&#8221; da_with_loader=&#8221;off&#8221; da_has_shadow=&#8221;on&#8221;][et_pb_row _builder_version=&#8221;4.16&#8243; _module_preset=&#8221;default&#8221; global_colors_info=&#8221;{}&#8221;][et_pb_column type=&#8221;4_4&#8243; _builder_version=&#8221;4.16&#8243; _module_preset=&#8221;default&#8221; global_colors_info=&#8221;{}&#8221;][et_pb_text disabled_on=&#8221;on|on|on&#8221; _builder_version=&#8221;4.21.0&#8243; _module_preset=&#8221;97a49757-9877-47ea-b480-aa7742502928&#8243; disabled=&#8221;on&#8221; global_colors_info=&#8221;{}&#8221;]<\/p>\n<h2>Latest press releases<\/h2>\n<h2>&#8211;<\/h2>\n<p>[\/et_pb_text][et_pb_blog fullwidth=&#8221;off&#8221; posts_number=&#8221;200&#8243; include_categories=&#8221;513&#8243; meta_date=&#8221;j F, Y&#8221; excerpt_length=&#8221;150&#8243; show_more=&#8221;on&#8221; show_author=&#8221;off&#8221; show_categories=&#8221;off&#8221; show_pagination=&#8221;off&#8221; offset_number=&#8221;12&#8243; module_class=&#8221;pa-blog-equal-height&#8221; _builder_version=&#8221;4.21.0&#8243; _module_preset=&#8221;default&#8221; header_font=&#8221;||||||||&#8221; header_text_color=&#8221;#3C3C3C&#8221; header_font_size=&#8221;22px&#8221; header_line_height=&#8221;25px&#8221; body_text_color=&#8221;#7A7A7A&#8221; body_line_height=&#8221;1.4em&#8221; read_more_font=&#8221;|700||on|||||&#8221; read_more_text_color=&#8221;#76B82A&#8221; locked=&#8221;off&#8221; global_colors_info=&#8221;{}&#8221;][\/et_pb_blog][\/et_pb_column][\/et_pb_row][\/et_pb_section][et_pb_section fb_built=&#8221;1&#8243; _builder_version=&#8221;4.21.0&#8243; _module_preset=&#8221;default&#8221; background_color=&#8221;#D0C9C2&#8243; custom_padding=&#8221;0px||50px|||&#8221; da_disable_devices=&#8221;off|off|off&#8221; locked=&#8221;off&#8221; global_colors_info=&#8221;{}&#8221; da_is_popup=&#8221;off&#8221; da_exit_intent=&#8221;off&#8221; da_has_close=&#8221;on&#8221; da_alt_close=&#8221;off&#8221; da_dark_close=&#8221;off&#8221; da_not_modal=&#8221;on&#8221; da_is_singular=&#8221;off&#8221; da_with_loader=&#8221;off&#8221; da_has_shadow=&#8221;on&#8221;][et_pb_row _builder_version=&#8221;4.16&#8243; _module_preset=&#8221;default&#8221; global_colors_info=&#8221;{}&#8221;][et_pb_column type=&#8221;4_4&#8243; _builder_version=&#8221;4.16&#8243; _module_preset=&#8221;default&#8221; global_colors_info=&#8221;{}&#8221;][et_pb_text admin_label=&#8221;Older press releases&#8221; _builder_version=&#8221;4.21.0&#8243; _module_preset=&#8221;97a49757-9877-47ea-b480-aa7742502928&#8243; global_colors_info=&#8221;{}&#8221;]<\/p>\n<h2>starija saop\u0161tenja za javnost<\/h2>\n<h2>&#8211;<\/h2>\n<p>[\/et_pb_text][et_pb_text _builder_version=&#8221;4.17.3&#8243; _module_preset=&#8221;77a7a6a5-6cba-4e24-a8d7-1992b0adbe08&#8243; global_colors_info=&#8221;{}&#8221;]<\/p>\n<p><a href=\"https:\/\/www.donausoja.org\/wp-content\/uploads\/2022\/08\/20220121_Market-Report_DS-Volumes_International-2.pdf\" rel=\"attachment wp-att-6605\">Market Report_DS Volumes_International,\u00a0<\/a>Vienna, January 2022<\/p>\n<p><a href=\"https:\/\/www.donausoja.org\/wp-content\/uploads\/2022\/08\/20211123_Market-Report-November-EN_FINAL-2.pdf\" rel=\"attachment wp-att-6607\">Market Report November EN_FINAL<\/a>, Vienna, November 2021<\/p>\n<p><a href=\"https:\/\/www.donausoja.org\/wp-content\/uploads\/2022\/08\/20210630_Press-release-DevRAM-I-Closig-event-2.pdf\" rel=\"attachment wp-att-6609\">Press release DevRAM I Closig event<\/a>, Vienna, June 2021<\/p>\n<p><a href=\"https:\/\/www.donausoja.org\/wp-content\/uploads\/2022\/02\/DonauSoja_PR_131120_EN.pdf\" target=\"_blank\" rel=\"noopener\">DONAU-SOJA feed avoids 40% of CO2 emissions<\/a>, Vienna, November 2020<\/p>\n<p><a href=\"https:\/\/www.donausoja.org\/wp-content\/uploads\/2022\/02\/20201016_Timmermans_calls_for_more_urgency_to_tackle_biodiversity_crisis_EN.pdf\" target=\"_blank\" rel=\"noopener\">Timmermanns calls for more urgency to tackle biodiversity crisis<\/a>, Vienna, October 2020<\/p>\n<p><a href=\"https:\/\/www.donausoja.org\/wp-content\/uploads\/2022\/08\/20200807_EDEKA-Hofgluck_English_FINAL.pdf\" rel=\"attachment wp-att-6611\">EDEKA Hofgl\u00fcck_English_FINAL<\/a>, Vienna, August 2020<\/p>\n<p><a href=\"https:\/\/www.donausoja.org\/wp-content\/uploads\/2022\/08\/20190214_PR_Hofgluck-Programme-converts-to-Europe-Soya-2.pdf\" rel=\"attachment wp-att-6613\">Hofgl\u00fcck Programme converts to Europe Soya<\/a>, Vienna, February 2019<\/p>\n<p><a href=\"https:\/\/www.donausoja.org\/wp-content\/uploads\/2022\/08\/20181102_Press-Release_48-of-soya-on-the-Ukrainian-fields-is-GM-2.pdf\" rel=\"attachment wp-att-6615\">48% of soya on the Ukrainian fields is GM<\/a>, Kyiv, November 2018<\/p>\n<p><a href=\"https:\/\/www.donausoja.org\/wp-content\/uploads\/2022\/02\/PA_DS_Premiere_at_the_European_Commodities_Exchange_11.10.2017.pdf\" target=\"_blank\" rel=\"noopener\">Donau Soja Premiere at the European Commodities Exchange in Brussels<\/a>, Vienna, October 2017<\/p>\n<p><a href=\"https:\/\/www.donausoja.org\/wp-content\/uploads\/2022\/08\/20170724_PA_EU-Agriculture-Ministers-to-meet-sustainability-goals-2.pdf\" rel=\"attachment wp-att-6617\">EU Agriculture Ministers to meet sustainability goals,<\/a> Vienna, July 2017<\/p>\n<p><a href=\"https:\/\/www.donausoja.org\/wp-content\/uploads\/2022\/08\/20170721_PA_EU-Agriculture-Ministers-sustainability-goals-2.pdf\" rel=\"attachment wp-att-6619\">EU Agriculture Ministers sustainability goals,<\/a> Vienna, July 2017<\/p>\n<p><a href=\"https:\/\/www.donausoja.org\/wp-content\/uploads\/2022\/08\/20170413_press-release-DSADA_ENG.pdf\" rel=\"attachment wp-att-6622\">DSADA_ENG<\/a>, Kyiv, April 2017<\/p>\n<p><a href=\"https:\/\/www.donausoja.org\/wp-content\/uploads\/2022\/08\/20170324_PR_Donau-Soja_General-Assembly-and-Networking-2.pdf\" rel=\"attachment wp-att-6624\">Donau Soja_General Assembly and Networking<\/a>, Vienna, March 2017<\/p>\n<p><a href=\"https:\/\/www.donausoja.org\/wp-content\/uploads\/2022\/08\/20161114_PR_DonauSoja-at-the-EuroTier_Nov-2016-2.pdf\" rel=\"attachment wp-att-6626\">DonauSoja at the EuroTier_Nov 2016<\/a>, Vienna, November 2016<\/p>\n<p><a href=\"https:\/\/www.donausoja.org\/wp-content\/uploads\/2022\/08\/20161104_DS_PR_Waitrose-uses-Donau-Soja-2.pdf\" rel=\"attachment wp-att-6628\">Waitrose uses Donau Soja,<\/a> Vienna, November 2016<\/p>\n<p><a href=\"https:\/\/www.donausoja.org\/wp-content\/uploads\/2022\/08\/20161020_DS_PR_Danube-Region-Standard.pdf\" rel=\"attachment wp-att-6630\">Danube Region Standard,\u00a0<\/a>Vienna, October 2016<\/p>\n<p><a href=\"https:\/\/www.donausoja.org\/wp-content\/uploads\/2022\/08\/20161014_DS_PR_World-Egg-Day.pdf\" rel=\"attachment wp-att-6632\">World Egg Day<\/a>, Vienna, October 2016<\/p>\n<p><a href=\"https:\/\/www.donausoja.org\/wp-content\/uploads\/2022\/08\/20160923_PR_Price-Information_Donausoja.org-and-Proteinmarkt.de_-2.pdf\" rel=\"attachment wp-att-6634\">Price Information_Donausoja.org and Proteinmarkt.de,<\/a> Vienna, September 2016<\/p>\n<p><a href=\"https:\/\/www.donausoja.org\/wp-content\/uploads\/2022\/08\/20160908_PR_Press-Tour-2016_Protein-Feed-2.pdf\" rel=\"attachment wp-att-6637\">Press Tour 2016_Protein Feed,<\/a> Vienna, September 2016<\/p>\n<p><a href=\"https:\/\/www.donausoja.org\/wp-content\/uploads\/2022\/08\/20160728_PA_Donau-Soja-expands-market-competence_Vollertsen-2.pdf\" rel=\"attachment wp-att-6639\">Donau Soja expands market competence_Vollertsen,<\/a> Vienna, July 2016<\/p>\n<p><a href=\"https:\/\/www.donausoja.org\/wp-content\/uploads\/2022\/08\/20160616_Donau-Soja-Italia.pdf\" rel=\"attachment wp-att-6641\">Donau Soja Italia<\/a>, Vienna, June 2016<\/p>\n<p><a href=\"https:\/\/www.donausoja.org\/wp-content\/uploads\/2022\/08\/20160421_Danube-Soya_General-Assembly.pdf\" rel=\"attachment wp-att-6643\">Danube Soya_General Assembly,<\/a> Vienna, May 2016<\/p>\n<p><a href=\"https:\/\/www.donausoja.org\/wp-content\/uploads\/2022\/08\/20160216_Danube-Soya_press-release_BioFach-2.pdf\" rel=\"attachment wp-att-6645\">Danube Soya_press release_BioFach,<\/a> Vienna, February 2016<\/p>\n<p><a href=\"https:\/\/www.donausoja.org\/wp-content\/uploads\/2022\/08\/20151014_Danube-Soya-Pressrelease_supply-of-Daube-Soya-certified-soy-meal-has-improved-2.pdf\" rel=\"attachment wp-att-6648\">Danube Soya Pressrelease_supply of Daube Soya certified soy meal has improved,<\/a> Vienna, October 2015<\/p>\n<p><a href=\"https:\/\/www.donausoja.org\/wp-content\/uploads\/2022\/08\/20150618_Press-Release_Danube-Soya_CURUG_eng-2.pdf\" rel=\"attachment wp-att-6650\">Danube Soya_CURUG_eng,<\/a> Curug, June 2015<\/p>\n<p><a href=\"https:\/\/www.donausoja.org\/wp-content\/uploads\/2022\/08\/20150421_Danube-Soya-Pressrelease_Ukraine-2.pdf\" rel=\"attachment wp-att-6652\">Danube Soya Pressrelease_Ukraine,<\/a> Kyiv, April 2015<\/p>\n<p><a href=\"https:\/\/www.donausoja.org\/wp-content\/uploads\/2022\/08\/20150212_Pressrelease-Slovakia-signs-DS-declaration-2.pdf\" rel=\"attachment wp-att-6654\">Pressrelease Slovakia signs DS declaration,<\/a> Vienna, February 2015<\/p>\n<p><a href=\"https:\/\/www.donausoja.org\/wp-content\/uploads\/2022\/08\/20140613_Press-release-Moldova-signs-DS-declaration-2.pdf\" rel=\"attachment wp-att-6656\">Press release Moldova signs DS declaration<\/a>, Vienna, June 2014<\/p>\n<p><a href=\"https:\/\/www.donausoja.org\/wp-content\/uploads\/2022\/08\/20140218_Press-release-Danube-Soya_Office-in-Novi-Sad-2.pdf\" rel=\"attachment wp-att-6658\">Danube Soya_Office in Novi Sad,<\/a> Vienna, June 2014<\/p>\n<p><a href=\"https:\/\/www.donausoja.org\/wp-content\/uploads\/2022\/08\/20130205_Press-Release_Unterzeichnung-Rumanien-3.pdf\" rel=\"attachment wp-att-6660\">Press Release_Unterzeichnung Rum\u00e4nien,<\/a> Vienna, February 2013<\/p>\n<p><a href=\"https:\/\/www.donausoja.org\/wp-content\/uploads\/2022\/08\/20120808_PA_Donau-Soja-Kongress.pdf\" rel=\"attachment wp-att-6662\">Donau Soja Kongress,<\/a> Vienna, August 2012<\/p>\n<p>&nbsp;<\/p>\n<p>&nbsp;<\/p>\n<p>[\/et_pb_text][\/et_pb_column][\/et_pb_row][\/et_pb_section][et_pb_section fb_built=&#8221;1&#8243; _builder_version=&#8221;4.21.0&#8243; _module_preset=&#8221;default&#8221; background_color=&#8221;#e7e1d4&#8243; custom_margin=&#8221;||0px||false|false&#8221; custom_padding=&#8221;0px||0px||false|false&#8221; da_disable_devices=&#8221;off|off|off&#8221; locked=&#8221;off&#8221; global_colors_info=&#8221;%91%93&#8243; da_is_popup=&#8221;off&#8221; da_exit_intent=&#8221;off&#8221; da_has_close=&#8221;on&#8221; da_alt_close=&#8221;off&#8221; da_dark_close=&#8221;off&#8221; da_not_modal=&#8221;on&#8221; da_is_singular=&#8221;off&#8221; da_with_loader=&#8221;off&#8221; da_has_shadow=&#8221;on&#8221;][et_pb_row column_structure=&#8221;1_2,1_2&#8243; _builder_version=&#8221;4.21.0&#8243; _module_preset=&#8221;default&#8221; custom_padding=&#8221;40px||||false|false&#8221; global_colors_info=&#8221;{}&#8221;][et_pb_column type=&#8221;1_2&#8243; _builder_version=&#8221;4.16&#8243; _module_preset=&#8221;default&#8221; global_colors_info=&#8221;{}&#8221;][et_pb_button button_url=&#8221;https:\/\/www.donausoja.org\/sr\/vesti\/saopstenja-za-medije\/&#8221; button_text=&#8221;Sva saop\u0161tenja za medije&#8221; _builder_version=&#8221;4.21.0&#8243; _module_preset=&#8221;default&#8221; global_colors_info=&#8221;%91%93&#8243;][\/et_pb_button][et_pb_button button_url=&#8221;https:\/\/www.donausoja.org\/sr\/vesti\/u-medijima\/&#8221; button_text=&#8221;Donau Soja u medijima&#8221; _builder_version=&#8221;4.21.0&#8243; _module_preset=&#8221;default&#8221; custom_padding=&#8221;|35px|||false|false&#8221; global_colors_info=&#8221;%91%93&#8243;][\/et_pb_button][et_pb_button button_url=&#8221;https:\/\/www.donausoja.org\/sr\/vesti\/kontakti\/&#8221; button_text=&#8221;Mediski kontakti&#8221; _builder_version=&#8221;4.21.0&#8243; _module_preset=&#8221;default&#8221; custom_padding=&#8221;|85px|||false|false&#8221; global_colors_info=&#8221;%91%93&#8243;][\/et_pb_button][\/et_pb_column][et_pb_column type=&#8221;1_2&#8243; _builder_version=&#8221;4.16&#8243; _module_preset=&#8221;default&#8221; global_colors_info=&#8221;{}&#8221;][et_pb_text _builder_version=&#8221;4.21.0&#8243; _module_preset=&#8221;97a49757-9877-47ea-b480-aa7742502928&#8243; text_line_height=&#8221;24px&#8221; link_font=&#8221;||||on|||#76B82A|&#8221; header_font=&#8221;Ubuntu|700||on|||||&#8221; header_text_color=&#8221;#3C3C3C&#8221; header_font_size=&#8221;28px&#8221; header_line_height=&#8221;28px&#8221; header_2_font=&#8221;Ubuntu|700||on|||||&#8221; header_2_text_color=&#8221;#3c3c3c&#8221; header_2_font_size=&#8221;29px&#8221; header_2_line_height=&#8221;29px&#8221; header_3_font=&#8221;Ubuntu|500||on|||||&#8221; header_3_text_color=&#8221;#3c3c3c&#8221; header_3_font_size=&#8221;32px&#8221; header_3_line_height=&#8221;32px&#8221; header_4_font=&#8221;Ubuntu|||on|||||&#8221; header_4_text_color=&#8221;#3c3c3c&#8221; header_4_font_size=&#8221;20px&#8221; header_4_line_height=&#8221;20px&#8221; custom_margin=&#8221;||0px||false|false&#8221; custom_padding=&#8221;2px|||0px|false|false&#8221; custom_padding_tablet=&#8221;10px|10px|10px|10px|false|false&#8221; custom_padding_phone=&#8221;&#8221; custom_padding_last_edited=&#8221;on|desktop&#8221; global_colors_info=&#8221;%91%93&#8243; text_text_color__hover=&#8221;#3C3C3C&#8221; text_text_color__hover_enabled=&#8221;on|hover&#8221; header_4_text_color__hover=&#8221;#3C3C3C&#8221; header_4_text_color__hover_enabled=&#8221;on|hover&#8221;]<\/p>\n<h1>O DUNAV SOJI<\/h1>\n<p>Donau Soja je neprofitno, nezavisno udru\u017eenje koje podr\u017eava svoje partnere i \u010dlanice u suo\u010davanju sa socijalnim, ekolo\u0161kim, i ekonomskim izazovima u proizvodnji i upotrebi soje, leguminoza i proteina. Time se pove\u0107ava efikasnost, pravi\u010dnost i odr\u017eivost u evropskim lancima vrednosti proteina u ishrani ljudi i \u017eivotinja. Donau Soja je podr\u017eana od strane Austrijske Razvojne Agencije (ADA).[\/et_pb_text][\/et_pb_column][\/et_pb_row][\/et_pb_section]<\/p>\n","protected":false},"excerpt":{"rendered":"<p>Arhiva medijskih saop\u0161tenjaLatest press releases -starija saop\u0161tenja za javnost -Market Report_DS Volumes_International,\u00a0Vienna, January 2022 Market Report November EN_FINAL, Vienna, November 2021 Press release DevRAM I Closig event, Vienna, June 2021 DONAU-SOJA feed avoids 40% of CO2 emissions, Vienna, November 2020 Timmermanns calls for more urgency to tackle biodiversity crisis, Vienna, October 2020 EDEKA Hofgl\u00fcck_English_FINAL, Vienna, [&hellip;]<\/p>\n","protected":false},"author":3,"featured_media":0,"parent":20306,"menu_order":0,"comment_status":"closed","ping_status":"closed","template":"","meta":{"_et_pb_use_builder":"on","_et_pb_old_content":"","_et_gb_content_width":"","footnotes":""},"class_list":["post-37669","page","type-page","status-publish","hentry"],"yoast_head":"<!-- This site is optimized with the Yoast SEO plugin v27.4 - https:\/\/yoast.com\/product\/yoast-seo-wordpress\/ -->\n<title>Arhiva medijskih saop\u0161tenja - Donau Soja<\/title>\n<meta name=\"robots\" content=\"noindex, follow\" \/>\n<meta property=\"og:locale\" content=\"sr_RS\" \/>\n<meta property=\"og:type\" content=\"article\" \/>\n<meta property=\"og:title\" content=\"Arhiva medijskih saop\u0161tenja - Donau Soja\" \/>\n<meta property=\"og:description\" content=\"Arhiva medijskih saop\u0161tenjaLatest press releases -starija saop\u0161tenja za javnost -Market Report_DS Volumes_International,\u00a0Vienna, January 2022 Market Report November EN_FINAL, Vienna, November 2021 Press release DevRAM I Closig event, Vienna, June 2021 DONAU-SOJA feed avoids 40% of CO2 emissions, Vienna, November 2020 Timmermanns calls for more urgency to tackle biodiversity crisis, Vienna, October 2020 EDEKA Hofgl\u00fcck_English_FINAL, Vienna, [&hellip;]\" \/>\n<meta property=\"og:url\" content=\"https:\/\/www.donausoja.org\/sr\/vesti\/arhiva-medijskih-saopstenja\/\" \/>\n<meta property=\"og:site_name\" content=\"Donau Soja\" \/>\n<meta property=\"article:modified_time\" content=\"2024-02-09T16:52:30+00:00\" \/>\n<meta name=\"twitter:card\" content=\"summary_large_image\" \/>\n<meta name=\"twitter:label1\" content=\"\u041f\u0440\u043e\u0446\u0435\u045a\u0435\u043d\u043e \u0432\u0440\u0435\u043c\u0435 \u0447\u0438\u0442\u0430\u045a\u0430\" \/>\n\t<meta name=\"twitter:data1\" content=\"3 \u043c\u0438\u043d\u0443\u0442\u0430\" \/>\n<script type=\"application\/ld+json\" class=\"yoast-schema-graph\">{\"@context\":\"https:\\\/\\\/schema.org\",\"@graph\":[{\"@type\":\"WebPage\",\"@id\":\"https:\\\/\\\/www.donausoja.org\\\/sr\\\/vesti\\\/arhiva-medijskih-saopstenja\\\/\",\"url\":\"https:\\\/\\\/www.donausoja.org\\\/sr\\\/vesti\\\/arhiva-medijskih-saopstenja\\\/\",\"name\":\"Arhiva medijskih saop\u0161tenja - Donau Soja\",\"isPartOf\":{\"@id\":\"https:\\\/\\\/www.donausoja.org\\\/sr\\\/#website\"},\"datePublished\":\"2023-11-08T14:59:56+00:00\",\"dateModified\":\"2024-02-09T16:52:30+00:00\",\"breadcrumb\":{\"@id\":\"https:\\\/\\\/www.donausoja.org\\\/sr\\\/vesti\\\/arhiva-medijskih-saopstenja\\\/#breadcrumb\"},\"inLanguage\":\"sr-RS\",\"potentialAction\":[{\"@type\":\"ReadAction\",\"target\":[\"https:\\\/\\\/www.donausoja.org\\\/sr\\\/vesti\\\/arhiva-medijskih-saopstenja\\\/\"]}]},{\"@type\":\"BreadcrumbList\",\"@id\":\"https:\\\/\\\/www.donausoja.org\\\/sr\\\/vesti\\\/arhiva-medijskih-saopstenja\\\/#breadcrumb\",\"itemListElement\":[{\"@type\":\"ListItem\",\"position\":1,\"name\":\"Home\",\"item\":\"https:\\\/\\\/www.donausoja.org\\\/sr\\\/\"},{\"@type\":\"ListItem\",\"position\":2,\"name\":\"Vesti\",\"item\":\"https:\\\/\\\/www.donausoja.org\\\/sr\\\/?page_id=20306\"},{\"@type\":\"ListItem\",\"position\":3,\"name\":\"Arhiva medijskih saop\u0161tenja\"}]},{\"@type\":\"WebSite\",\"@id\":\"https:\\\/\\\/www.donausoja.org\\\/sr\\\/#website\",\"url\":\"https:\\\/\\\/www.donausoja.org\\\/sr\\\/\",\"name\":\"Donau Soja\",\"description\":\"Together for a European Protein Supply: Regional. Sustainable. Non-GM.\",\"potentialAction\":[{\"@type\":\"SearchAction\",\"target\":{\"@type\":\"EntryPoint\",\"urlTemplate\":\"https:\\\/\\\/www.donausoja.org\\\/sr\\\/?s={search_term_string}\"},\"query-input\":{\"@type\":\"PropertyValueSpecification\",\"valueRequired\":true,\"valueName\":\"search_term_string\"}}],\"inLanguage\":\"sr-RS\"}]}<\/script>\n<!-- \/ Yoast SEO plugin. -->","yoast_head_json":{"title":"Arhiva medijskih saop\u0161tenja - Donau Soja","robots":{"index":"noindex","follow":"follow"},"og_locale":"sr_RS","og_type":"article","og_title":"Arhiva medijskih saop\u0161tenja - Donau Soja","og_description":"Arhiva medijskih saop\u0161tenjaLatest press releases -starija saop\u0161tenja za javnost -Market Report_DS Volumes_International,\u00a0Vienna, January 2022 Market Report November EN_FINAL, Vienna, November 2021 Press release DevRAM I Closig event, Vienna, June 2021 DONAU-SOJA feed avoids 40% of CO2 emissions, Vienna, November 2020 Timmermanns calls for more urgency to tackle biodiversity crisis, Vienna, October 2020 EDEKA Hofgl\u00fcck_English_FINAL, Vienna, [&hellip;]","og_url":"https:\/\/www.donausoja.org\/sr\/vesti\/arhiva-medijskih-saopstenja\/","og_site_name":"Donau Soja","article_modified_time":"2024-02-09T16:52:30+00:00","twitter_card":"summary_large_image","twitter_misc":{"\u041f\u0440\u043e\u0446\u0435\u045a\u0435\u043d\u043e \u0432\u0440\u0435\u043c\u0435 \u0447\u0438\u0442\u0430\u045a\u0430":"3 \u043c\u0438\u043d\u0443\u0442\u0430"},"schema":{"@context":"https:\/\/schema.org","@graph":[{"@type":"WebPage","@id":"https:\/\/www.donausoja.org\/sr\/vesti\/arhiva-medijskih-saopstenja\/","url":"https:\/\/www.donausoja.org\/sr\/vesti\/arhiva-medijskih-saopstenja\/","name":"Arhiva medijskih saop\u0161tenja - Donau Soja","isPartOf":{"@id":"https:\/\/www.donausoja.org\/sr\/#website"},"datePublished":"2023-11-08T14:59:56+00:00","dateModified":"2024-02-09T16:52:30+00:00","breadcrumb":{"@id":"https:\/\/www.donausoja.org\/sr\/vesti\/arhiva-medijskih-saopstenja\/#breadcrumb"},"inLanguage":"sr-RS","potentialAction":[{"@type":"ReadAction","target":["https:\/\/www.donausoja.org\/sr\/vesti\/arhiva-medijskih-saopstenja\/"]}]},{"@type":"BreadcrumbList","@id":"https:\/\/www.donausoja.org\/sr\/vesti\/arhiva-medijskih-saopstenja\/#breadcrumb","itemListElement":[{"@type":"ListItem","position":1,"name":"Home","item":"https:\/\/www.donausoja.org\/sr\/"},{"@type":"ListItem","position":2,"name":"Vesti","item":"https:\/\/www.donausoja.org\/sr\/?page_id=20306"},{"@type":"ListItem","position":3,"name":"Arhiva medijskih saop\u0161tenja"}]},{"@type":"WebSite","@id":"https:\/\/www.donausoja.org\/sr\/#website","url":"https:\/\/www.donausoja.org\/sr\/","name":"Donau Soja","description":"Together for a European Protein Supply: Regional. Sustainable. Non-GM.","potentialAction":[{"@type":"SearchAction","target":{"@type":"EntryPoint","urlTemplate":"https:\/\/www.donausoja.org\/sr\/?s={search_term_string}"},"query-input":{"@type":"PropertyValueSpecification","valueRequired":true,"valueName":"search_term_string"}}],"inLanguage":"sr-RS"}]}},"_links":{"self":[{"href":"https:\/\/www.donausoja.org\/sr\/wp-json\/wp\/v2\/pages\/37669","targetHints":{"allow":["GET"]}}],"collection":[{"href":"https:\/\/www.donausoja.org\/sr\/wp-json\/wp\/v2\/pages"}],"about":[{"href":"https:\/\/www.donausoja.org\/sr\/wp-json\/wp\/v2\/types\/page"}],"author":[{"embeddable":true,"href":"https:\/\/www.donausoja.org\/sr\/wp-json\/wp\/v2\/users\/3"}],"replies":[{"embeddable":true,"href":"https:\/\/www.donausoja.org\/sr\/wp-json\/wp\/v2\/comments?post=37669"}],"version-history":[{"count":4,"href":"https:\/\/www.donausoja.org\/sr\/wp-json\/wp\/v2\/pages\/37669\/revisions"}],"predecessor-version":[{"id":37758,"href":"https:\/\/www.donausoja.org\/sr\/wp-json\/wp\/v2\/pages\/37669\/revisions\/37758"}],"up":[{"embeddable":true,"href":"https:\/\/www.donausoja.org\/sr\/wp-json\/wp\/v2\/pages\/20306"}],"wp:attachment":[{"href":"https:\/\/www.donausoja.org\/sr\/wp-json\/wp\/v2\/media?parent=37669"}],"curies":[{"name":"wp","href":"https:\/\/api.w.org\/{rel}","templated":true}]}}