
{"id":28430,"date":"2023-09-11T09:54:47","date_gmt":"2023-09-11T09:54:47","guid":{"rendered":"https:\/\/www.donausoja.org\/?page_id=28430"},"modified":"2025-01-27T11:36:33","modified_gmt":"2025-01-27T11:36:33","slug":"ogledna-polja","status":"publish","type":"page","link":"https:\/\/www.donausoja.org\/sr\/ogledna-polja\/","title":{"rendered":"Donau Soja Ogledna polja"},"content":{"rendered":"<p>[et_pb_section fb_built=&#8221;1&#8243; _builder_version=&#8221;4.16&#8243; _module_preset=&#8221;default&#8221; background_color=&#8221;RGBA(255,255,255,0)&#8221; da_disable_devices=&#8221;off|off|off&#8221; locked=&#8221;off&#8221; global_colors_info=&#8221;{}&#8221; da_is_popup=&#8221;off&#8221; da_exit_intent=&#8221;off&#8221; da_has_close=&#8221;on&#8221; da_alt_close=&#8221;off&#8221; da_dark_close=&#8221;off&#8221; da_not_modal=&#8221;on&#8221; da_is_singular=&#8221;off&#8221; da_with_loader=&#8221;off&#8221; da_has_shadow=&#8221;on&#8221;][et_pb_row _builder_version=&#8221;4.16&#8243; _module_preset=&#8221;default&#8221; custom_padding=&#8221;130px|||||&#8221; global_colors_info=&#8221;{}&#8221;][et_pb_column type=&#8221;4_4&#8243; _builder_version=&#8221;4.16&#8243; _module_preset=&#8221;default&#8221; global_colors_info=&#8221;{}&#8221;][et_pb_text admin_label=&#8221;Headline&#8221; _builder_version=&#8221;4.27.3&#8243; _module_preset=&#8221;77a7a6a5-6cba-4e24-a8d7-1992b0adbe08&#8243; header_font=&#8221;Ubuntu|700|||||||&#8221; global_colors_info=&#8221;{}&#8221;]<\/p>\n<h1>Donau Soja Ogledna polja<\/h1>\n<p>[\/et_pb_text][\/et_pb_column][\/et_pb_row][\/et_pb_section][et_pb_section fb_built=&#8221;1&#8243; _builder_version=&#8221;4.16&#8243; _module_preset=&#8221;default&#8221; background_color=&#8221;#F6F1E8&#8243; custom_padding=&#8221;4px||3px|||&#8221; da_disable_devices=&#8221;off|off|off&#8221; global_colors_info=&#8221;{}&#8221; da_is_popup=&#8221;off&#8221; da_exit_intent=&#8221;off&#8221; da_has_close=&#8221;on&#8221; da_alt_close=&#8221;off&#8221; da_dark_close=&#8221;off&#8221; da_not_modal=&#8221;on&#8221; da_is_singular=&#8221;off&#8221; da_with_loader=&#8221;off&#8221; da_has_shadow=&#8221;on&#8221;][et_pb_row admin_label=&#8221;Body-Text and Downloads&#8221; _builder_version=&#8221;4.21.0&#8243; _module_preset=&#8221;default&#8221; custom_margin=&#8221;20px||||false|false&#8221; custom_padding=&#8221;0px|||||&#8221; global_colors_info=&#8221;{}&#8221;][et_pb_column type=&#8221;4_4&#8243; _builder_version=&#8221;4.16&#8243; _module_preset=&#8221;default&#8221; global_colors_info=&#8221;{}&#8221;][et_pb_text _builder_version=&#8221;4.21.0&#8243; _module_preset=&#8221;default&#8221; global_colors_info=&#8221;{}&#8221;]<\/p>\n<h1 class=\"vc_custom_heading vc_hidden-sm vc_hidden-xs\"><strong>DOBRODO\u0160LI NA DONAU SOJA OGLEDNA POLJA\u00a0<\/strong><\/h1>\n<div class=\"ecsla-spacer\">\n<div class=\"vc_hidden-xs vc_hidden-sm vc_hidden-md\">\u00a0<\/div>\n<\/div>\n<div class=\"wpb_text_column wpb_content_element \">\n<div class=\"wpb_wrapper\">\n<p>Donau Soja ogledna polja su mesto susreta najboljih praksi u odr\u017eivoj proizvodnji genetski nemodifikovane soje u Evropi. Prikazane tehnologije proizvodnje kao i preporuke stru\u010dnjaka su u skladu sa standardima Donau Soja udru\u017eenja. Na oglednom polju u Lugovu testirano je 28 sorti soje, 8 kombinacija herbicida i 9 varijanti preparata za ishranu biljaka. Pored navedenog, posebno nam je zadovoljstvo da ove godine predstavimo i najnovija re\u0161enja za primenu informacionih tehnologija (IT) u poljoprivredi.<\/p>\n<\/div>\n<\/div>\n<p>[\/et_pb_text][\/et_pb_column][\/et_pb_row][et_pb_row column_structure=&#8221;1_5,1_5,1_5,1_5,1_5&#8243; admin_label=&#8221;Body-Text and Downloads&#8221; _builder_version=&#8221;4.21.0&#8243; _module_preset=&#8221;default&#8221; background_color=&#8221;#F6F1E8&#8243; custom_margin=&#8221;5px|auto||auto|false|false&#8221; custom_padding=&#8221;71px|||||&#8221; locked=&#8221;off&#8221; global_colors_info=&#8221;{}&#8221;][et_pb_column type=&#8221;1_5&#8243; _builder_version=&#8221;4.16&#8243; _module_preset=&#8221;default&#8221; global_colors_info=&#8221;{}&#8221;][et_pb_text admin_label=&#8221;Image&#8221; _builder_version=&#8221;4.21.0&#8243; _module_preset=&#8221;default&#8221; background_color=&#8221;#F6F1E8&#8243; global_colors_info=&#8221;{}&#8221;]<\/p>\n<p>\u00a0 <img loading=\"lazy\" decoding=\"async\" class=\"wp-image-24024 alignnone size-full\" src=\"https:\/\/www.donausoja.org\/wp-content\/uploads\/2023\/06\/DS-Icon-map-circle-96x96-1.png\" alt=\"\" width=\"96\" height=\"96\" \/><\/p>\n<div class=\"vc_custom_heading strong\"><strong>\u00a0 \u00a0 \u00a0 \u00a0 \u00a011<\/strong><\/div>\n<div>\u00a0 \u00a0 \u00a0 zemalja<\/div>\n<div>\u00a0 \u00a0 \u00a0u Evropi<\/div>\n<p>[\/et_pb_text][\/et_pb_column][et_pb_column type=&#8221;1_5&#8243; _builder_version=&#8221;4.16&#8243; _module_preset=&#8221;default&#8221; global_colors_info=&#8221;{}&#8221;][et_pb_text admin_label=&#8221;Image&#8221; _builder_version=&#8221;4.21.0&#8243; _module_preset=&#8221;default&#8221; background_color=&#8221;#F6F1E8&#8243; global_colors_info=&#8221;{}&#8221;]<\/p>\n<p>\u00a0 <img loading=\"lazy\" decoding=\"async\" class=\"wp-image-24029 alignnone size-full\" src=\"https:\/\/www.donausoja.org\/wp-content\/uploads\/2023\/06\/DS-Icon-fieldday-circle-96x96-1.png\" alt=\"\" width=\"96\" height=\"96\" \/><\/p>\n<div class=\"vc_custom_heading strong\">\n<p><strong><strong>\u00a0 \u00a0 \u00a0 \u00a0 \u00a0 <\/strong><\/strong><strong>50+\u00a0<\/strong><\/p>\n<div>\u00a0 \u00a0organizovanih<\/div>\n<div>\u00a0 \u00a0 \u00a0Dana polja<\/div>\n<\/div>\n<div>\u00a0<\/div>\n<p>[\/et_pb_text][\/et_pb_column][et_pb_column type=&#8221;1_5&#8243; _builder_version=&#8221;4.16&#8243; _module_preset=&#8221;default&#8221; global_colors_info=&#8221;{}&#8221;][et_pb_text admin_label=&#8221;Image&#8221; _builder_version=&#8221;4.21.0&#8243; _module_preset=&#8221;default&#8221; background_color=&#8221;#F6F1E8&#8243; global_colors_info=&#8221;{}&#8221;]<\/p>\n<p>\u00a0 <img loading=\"lazy\" decoding=\"async\" class=\"wp-image-24039 alignnone size-full\" src=\"https:\/\/www.donausoja.org\/wp-content\/uploads\/2023\/06\/DS-Icon-partnership-circle-96x96-1.png\" alt=\"\" width=\"96\" height=\"96\" \/><\/p>\n<div class=\"vc_custom_heading strong\">\u00a0 \u00a0 \u00a0 \u00a0 \u00a0<strong>90+\u00a0\u00a0<\/strong><\/div>\n<div>\u00a0 \u00a0 \u00a0 partnera<\/div>\n<div>\u00a0 \u00a0svake godine<\/div>\n<p>[\/et_pb_text][\/et_pb_column][et_pb_column type=&#8221;1_5&#8243; _builder_version=&#8221;4.16&#8243; _module_preset=&#8221;default&#8221; global_colors_info=&#8221;{}&#8221;][et_pb_text admin_label=&#8221;Image&#8221; _builder_version=&#8221;4.21.0&#8243; _module_preset=&#8221;default&#8221; background_color=&#8221;#F6F1E8&#8243; global_colors_info=&#8221;{}&#8221;]<\/p>\n<p>\u00a0<img loading=\"lazy\" decoding=\"async\" class=\"wp-image-24044 alignnone size-full\" src=\"https:\/\/www.donausoja.org\/wp-content\/uploads\/2023\/06\/DS-Icon-soya-circle-96x96-1.png\" alt=\"\" width=\"96\" height=\"96\" \/><\/p>\n<div class=\"vc_custom_heading strong\">\u00a0 \u00a0 \u00a0 \u00a0 <strong>220<\/strong><\/div>\n<div>\u00a0 oglednih polja<\/div>\n<div>testiranih sorti soje<\/div>\n<p>[\/et_pb_text][\/et_pb_column][et_pb_column type=&#8221;1_5&#8243; _builder_version=&#8221;4.16&#8243; _module_preset=&#8221;default&#8221; global_colors_info=&#8221;{}&#8221;][et_pb_text admin_label=&#8221;Image&#8221; _builder_version=&#8221;4.21.0&#8243; _module_preset=&#8221;default&#8221; background_color=&#8221;#F6F1E8&#8243; global_colors_info=&#8221;{}&#8221;]<\/p>\n<p>\u00a0 <img loading=\"lazy\" decoding=\"async\" class=\"wp-image-24049 alignnone size-full\" src=\"https:\/\/www.donausoja.org\/wp-content\/uploads\/2023\/06\/DS-Icon-network-circle-96x96-1.png\" alt=\"\" width=\"96\" height=\"96\" \/><\/p>\n<div class=\"vc_custom_heading strong\">\u00a0 \u00a0 \u00a0 \u00a0 <strong>1500+<\/strong><\/div>\n<div>\u00a0 \u00a0 \u00a0 \u00a0posetilaca<\/div>\n<div>\u00a0 \u00a0 svake godine<\/div>\n<p>[\/et_pb_text][\/et_pb_column][\/et_pb_row][et_pb_row _builder_version=&#8221;4.27.3&#8243; _module_preset=&#8221;default&#8221; global_colors_info=&#8221;{}&#8221;][et_pb_column type=&#8221;4_4&#8243; _builder_version=&#8221;4.27.3&#8243; _module_preset=&#8221;default&#8221; global_colors_info=&#8221;{}&#8221;][et_pb_text _builder_version=&#8221;4.27.3&#8243; _module_preset=&#8221;default&#8221; hover_enabled=&#8221;0&#8243; global_colors_info=&#8221;{}&#8221; sticky_enabled=&#8221;0&#8243;]<\/p>\n<h1><strong>Posetite stranice Donau Soja Ogledna polja 2020-2023. godine<\/strong><\/h1>\n<p>[\/et_pb_text][\/et_pb_column][\/et_pb_row][et_pb_row column_structure=&#8221;1_4,1_4,1_4,1_4&#8243; _builder_version=&#8221;4.27.3&#8243; _module_preset=&#8221;default&#8221; global_colors_info=&#8221;{}&#8221;][et_pb_column type=&#8221;1_4&#8243; _builder_version=&#8221;4.27.3&#8243; _module_preset=&#8221;default&#8221; global_colors_info=&#8221;{}&#8221;][et_pb_button button_url=&#8221;https:\/\/www.donausoja.org\/sr\/donau-soja-ogledna-polja-2020\/&#8221; button_text=&#8221;Donau Soja Ogledna polja 2020&#8243; admin_label=&#8221;2020&#8243; _builder_version=&#8221;4.27.3&#8243; _module_preset=&#8221;default&#8221; global_colors_info=&#8221;{}&#8221;][\/et_pb_button][\/et_pb_column][et_pb_column type=&#8221;1_4&#8243; _builder_version=&#8221;4.27.3&#8243; _module_preset=&#8221;default&#8221; global_colors_info=&#8221;{}&#8221;][et_pb_button button_url=&#8221;https:\/\/www.donausoja.org\/sr\/donau-soja-ogledna-polja-2021\/&#8221; button_text=&#8221;Donau Soja Ogledna polja 2021&#8243; admin_label=&#8221;2021&#8243; _builder_version=&#8221;4.27.3&#8243; _module_preset=&#8221;default&#8221; global_colors_info=&#8221;{}&#8221;][\/et_pb_button][\/et_pb_column][et_pb_column type=&#8221;1_4&#8243; _builder_version=&#8221;4.27.3&#8243; _module_preset=&#8221;default&#8221; global_colors_info=&#8221;{}&#8221;][et_pb_button button_url=&#8221;https:\/\/www.donausoja.org\/sr\/donau-soja-ogledna-polja-2022\/&#8221; button_text=&#8221;Donau Soja Ogledna polja 2022&#8243; admin_label=&#8221;2022&#8243; _builder_version=&#8221;4.27.3&#8243; _module_preset=&#8221;default&#8221; global_colors_info=&#8221;{}&#8221;][\/et_pb_button][\/et_pb_column][et_pb_column type=&#8221;1_4&#8243; _builder_version=&#8221;4.27.3&#8243; _module_preset=&#8221;default&#8221; global_colors_info=&#8221;{}&#8221;][et_pb_button button_url=&#8221;https:\/\/www.donausoja.org\/sr\/donau-soja-ogledna-polja-2023\/&#8221; button_text=&#8221;Donau Soja Ogledna polja 2023&#8243; admin_label=&#8221;2023&#8243; _builder_version=&#8221;4.27.3&#8243; _module_preset=&#8221;default&#8221; global_colors_info=&#8221;{}&#8221;][\/et_pb_button][\/et_pb_column][\/et_pb_row][\/et_pb_section]<\/p>\n","protected":false},"excerpt":{"rendered":"<p>Donau Soja Ogledna poljaDOBRODO\u0160LI NA DONAU SOJA OGLEDNA POLJA\u00a0 \u00a0 Donau Soja ogledna polja su mesto susreta najboljih praksi u odr\u017eivoj proizvodnji genetski nemodifikovane soje u Evropi. Prikazane tehnologije proizvodnje kao i preporuke stru\u010dnjaka su u skladu sa standardima Donau Soja udru\u017eenja. Na oglednom polju u Lugovu testirano je 28 sorti soje, 8 kombinacija herbicida [&hellip;]<\/p>\n","protected":false},"author":19,"featured_media":0,"parent":0,"menu_order":0,"comment_status":"closed","ping_status":"closed","template":"","meta":{"_et_pb_use_builder":"on","_et_pb_old_content":"","_et_gb_content_width":"","footnotes":""},"class_list":["post-28430","page","type-page","status-publish","hentry"],"yoast_head":"<!-- This site is optimized with the Yoast SEO plugin v27.4 - https:\/\/yoast.com\/product\/yoast-seo-wordpress\/ -->\n<title>Donau Soja Ogledna polja - Donau Soja<\/title>\n<meta name=\"description\" content=\"Donau Soja ogledna polja su mesto susreta najboljih praksi u odr\u017eivoj proizvodnji genetski nemodifikovane soje u Evropi.\" \/>\n<meta name=\"robots\" content=\"index, follow, max-snippet:-1, max-image-preview:large, max-video-preview:-1\" \/>\n<link rel=\"canonical\" href=\"https:\/\/www.donausoja.org\/sr\/ogledna-polja\/\" \/>\n<meta property=\"og:locale\" content=\"sr_RS\" \/>\n<meta property=\"og:type\" content=\"article\" \/>\n<meta property=\"og:title\" content=\"Donau Soja Ogledna polja - Donau Soja\" \/>\n<meta property=\"og:description\" content=\"Donau Soja ogledna polja su mesto susreta najboljih praksi u odr\u017eivoj proizvodnji genetski nemodifikovane soje u Evropi.\" \/>\n<meta property=\"og:url\" content=\"https:\/\/www.donausoja.org\/sr\/ogledna-polja\/\" \/>\n<meta property=\"og:site_name\" content=\"Donau Soja\" \/>\n<meta property=\"article:modified_time\" content=\"2025-01-27T11:36:33+00:00\" \/>\n<meta property=\"og:image\" content=\"https:\/\/www.donausoja.org\/wp-content\/uploads\/2023\/06\/DS-Icon-map-circle-96x96-1.png\" \/>\n\t<meta property=\"og:image:width\" content=\"96\" \/>\n\t<meta property=\"og:image:height\" content=\"96\" \/>\n\t<meta property=\"og:image:type\" content=\"image\/png\" \/>\n<meta name=\"twitter:card\" content=\"summary_large_image\" \/>\n<meta name=\"twitter:label1\" content=\"\u041f\u0440\u043e\u0446\u0435\u045a\u0435\u043d\u043e \u0432\u0440\u0435\u043c\u0435 \u0447\u0438\u0442\u0430\u045a\u0430\" \/>\n\t<meta name=\"twitter:data1\" content=\"2 \u043c\u0438\u043d\u0443\u0442\u0430\" \/>\n<script type=\"application\/ld+json\" class=\"yoast-schema-graph\">{\"@context\":\"https:\\\/\\\/schema.org\",\"@graph\":[{\"@type\":\"WebPage\",\"@id\":\"https:\\\/\\\/www.donausoja.org\\\/sr\\\/ogledna-polja\\\/\",\"url\":\"https:\\\/\\\/www.donausoja.org\\\/sr\\\/ogledna-polja\\\/\",\"name\":\"Donau Soja Ogledna polja - Donau Soja\",\"isPartOf\":{\"@id\":\"https:\\\/\\\/www.donausoja.org\\\/sr\\\/#website\"},\"primaryImageOfPage\":{\"@id\":\"https:\\\/\\\/www.donausoja.org\\\/sr\\\/ogledna-polja\\\/#primaryimage\"},\"image\":{\"@id\":\"https:\\\/\\\/www.donausoja.org\\\/sr\\\/ogledna-polja\\\/#primaryimage\"},\"thumbnailUrl\":\"https:\\\/\\\/www.donausoja.org\\\/wp-content\\\/uploads\\\/2023\\\/06\\\/DS-Icon-map-circle-96x96-1.png\",\"datePublished\":\"2023-09-11T09:54:47+00:00\",\"dateModified\":\"2025-01-27T11:36:33+00:00\",\"description\":\"Donau Soja ogledna polja su mesto susreta najboljih praksi u odr\u017eivoj proizvodnji genetski nemodifikovane soje u Evropi.\",\"breadcrumb\":{\"@id\":\"https:\\\/\\\/www.donausoja.org\\\/sr\\\/ogledna-polja\\\/#breadcrumb\"},\"inLanguage\":\"sr-RS\",\"potentialAction\":[{\"@type\":\"ReadAction\",\"target\":[\"https:\\\/\\\/www.donausoja.org\\\/sr\\\/ogledna-polja\\\/\"]}]},{\"@type\":\"ImageObject\",\"inLanguage\":\"sr-RS\",\"@id\":\"https:\\\/\\\/www.donausoja.org\\\/sr\\\/ogledna-polja\\\/#primaryimage\",\"url\":\"https:\\\/\\\/www.donausoja.org\\\/wp-content\\\/uploads\\\/2023\\\/06\\\/DS-Icon-map-circle-96x96-1.png\",\"contentUrl\":\"https:\\\/\\\/www.donausoja.org\\\/wp-content\\\/uploads\\\/2023\\\/06\\\/DS-Icon-map-circle-96x96-1.png\"},{\"@type\":\"BreadcrumbList\",\"@id\":\"https:\\\/\\\/www.donausoja.org\\\/sr\\\/ogledna-polja\\\/#breadcrumb\",\"itemListElement\":[{\"@type\":\"ListItem\",\"position\":1,\"name\":\"Home\",\"item\":\"https:\\\/\\\/www.donausoja.org\\\/sr\\\/\"},{\"@type\":\"ListItem\",\"position\":2,\"name\":\"Donau Soja Ogledna polja\"}]},{\"@type\":\"WebSite\",\"@id\":\"https:\\\/\\\/www.donausoja.org\\\/sr\\\/#website\",\"url\":\"https:\\\/\\\/www.donausoja.org\\\/sr\\\/\",\"name\":\"Donau Soja\",\"description\":\"Together for a European Protein Supply: Regional. Sustainable. Non-GM.\",\"potentialAction\":[{\"@type\":\"SearchAction\",\"target\":{\"@type\":\"EntryPoint\",\"urlTemplate\":\"https:\\\/\\\/www.donausoja.org\\\/sr\\\/?s={search_term_string}\"},\"query-input\":{\"@type\":\"PropertyValueSpecification\",\"valueRequired\":true,\"valueName\":\"search_term_string\"}}],\"inLanguage\":\"sr-RS\"}]}<\/script>\n<!-- \/ Yoast SEO plugin. -->","yoast_head_json":{"title":"Donau Soja Ogledna polja - Donau Soja","description":"Donau Soja ogledna polja su mesto susreta najboljih praksi u odr\u017eivoj proizvodnji genetski nemodifikovane soje u Evropi.","robots":{"index":"index","follow":"follow","max-snippet":"max-snippet:-1","max-image-preview":"max-image-preview:large","max-video-preview":"max-video-preview:-1"},"canonical":"https:\/\/www.donausoja.org\/sr\/ogledna-polja\/","og_locale":"sr_RS","og_type":"article","og_title":"Donau Soja Ogledna polja - Donau Soja","og_description":"Donau Soja ogledna polja su mesto susreta najboljih praksi u odr\u017eivoj proizvodnji genetski nemodifikovane soje u Evropi.","og_url":"https:\/\/www.donausoja.org\/sr\/ogledna-polja\/","og_site_name":"Donau Soja","article_modified_time":"2025-01-27T11:36:33+00:00","og_image":[{"width":96,"height":96,"url":"https:\/\/www.donausoja.org\/wp-content\/uploads\/2023\/06\/DS-Icon-map-circle-96x96-1.png","type":"image\/png"}],"twitter_card":"summary_large_image","twitter_misc":{"\u041f\u0440\u043e\u0446\u0435\u045a\u0435\u043d\u043e \u0432\u0440\u0435\u043c\u0435 \u0447\u0438\u0442\u0430\u045a\u0430":"2 \u043c\u0438\u043d\u0443\u0442\u0430"},"schema":{"@context":"https:\/\/schema.org","@graph":[{"@type":"WebPage","@id":"https:\/\/www.donausoja.org\/sr\/ogledna-polja\/","url":"https:\/\/www.donausoja.org\/sr\/ogledna-polja\/","name":"Donau Soja Ogledna polja - Donau Soja","isPartOf":{"@id":"https:\/\/www.donausoja.org\/sr\/#website"},"primaryImageOfPage":{"@id":"https:\/\/www.donausoja.org\/sr\/ogledna-polja\/#primaryimage"},"image":{"@id":"https:\/\/www.donausoja.org\/sr\/ogledna-polja\/#primaryimage"},"thumbnailUrl":"https:\/\/www.donausoja.org\/wp-content\/uploads\/2023\/06\/DS-Icon-map-circle-96x96-1.png","datePublished":"2023-09-11T09:54:47+00:00","dateModified":"2025-01-27T11:36:33+00:00","description":"Donau Soja ogledna polja su mesto susreta najboljih praksi u odr\u017eivoj proizvodnji genetski nemodifikovane soje u Evropi.","breadcrumb":{"@id":"https:\/\/www.donausoja.org\/sr\/ogledna-polja\/#breadcrumb"},"inLanguage":"sr-RS","potentialAction":[{"@type":"ReadAction","target":["https:\/\/www.donausoja.org\/sr\/ogledna-polja\/"]}]},{"@type":"ImageObject","inLanguage":"sr-RS","@id":"https:\/\/www.donausoja.org\/sr\/ogledna-polja\/#primaryimage","url":"https:\/\/www.donausoja.org\/wp-content\/uploads\/2023\/06\/DS-Icon-map-circle-96x96-1.png","contentUrl":"https:\/\/www.donausoja.org\/wp-content\/uploads\/2023\/06\/DS-Icon-map-circle-96x96-1.png"},{"@type":"BreadcrumbList","@id":"https:\/\/www.donausoja.org\/sr\/ogledna-polja\/#breadcrumb","itemListElement":[{"@type":"ListItem","position":1,"name":"Home","item":"https:\/\/www.donausoja.org\/sr\/"},{"@type":"ListItem","position":2,"name":"Donau Soja Ogledna polja"}]},{"@type":"WebSite","@id":"https:\/\/www.donausoja.org\/sr\/#website","url":"https:\/\/www.donausoja.org\/sr\/","name":"Donau Soja","description":"Together for a European Protein Supply: Regional. Sustainable. Non-GM.","potentialAction":[{"@type":"SearchAction","target":{"@type":"EntryPoint","urlTemplate":"https:\/\/www.donausoja.org\/sr\/?s={search_term_string}"},"query-input":{"@type":"PropertyValueSpecification","valueRequired":true,"valueName":"search_term_string"}}],"inLanguage":"sr-RS"}]}},"_links":{"self":[{"href":"https:\/\/www.donausoja.org\/sr\/wp-json\/wp\/v2\/pages\/28430","targetHints":{"allow":["GET"]}}],"collection":[{"href":"https:\/\/www.donausoja.org\/sr\/wp-json\/wp\/v2\/pages"}],"about":[{"href":"https:\/\/www.donausoja.org\/sr\/wp-json\/wp\/v2\/types\/page"}],"author":[{"embeddable":true,"href":"https:\/\/www.donausoja.org\/sr\/wp-json\/wp\/v2\/users\/19"}],"replies":[{"embeddable":true,"href":"https:\/\/www.donausoja.org\/sr\/wp-json\/wp\/v2\/comments?post=28430"}],"version-history":[{"count":12,"href":"https:\/\/www.donausoja.org\/sr\/wp-json\/wp\/v2\/pages\/28430\/revisions"}],"predecessor-version":[{"id":53393,"href":"https:\/\/www.donausoja.org\/sr\/wp-json\/wp\/v2\/pages\/28430\/revisions\/53393"}],"wp:attachment":[{"href":"https:\/\/www.donausoja.org\/sr\/wp-json\/wp\/v2\/media?parent=28430"}],"curies":[{"name":"wp","href":"https:\/\/api.w.org\/{rel}","templated":true}]}}