
{"id":23706,"date":"2023-06-14T12:16:09","date_gmt":"2023-06-14T12:16:09","guid":{"rendered":"https:\/\/fourth.donausoja.org\/?page_id=23706"},"modified":"2023-06-14T12:37:46","modified_gmt":"2023-06-14T12:37:46","slug":"zahtevi-sertifikacije","status":"publish","type":"page","link":"https:\/\/www.donausoja.org\/sr\/certification-inspection\/dunav-soja-standard\/zahtevi-sertifikacije\/","title":{"rendered":"Zahtevi sertifikacije"},"content":{"rendered":"<p>[et_pb_section fb_built=&#8221;1&#8243; _builder_version=&#8221;4.16&#8243; _module_preset=&#8221;default&#8221; background_color=&#8221;RGBA(255,255,255,0)&#8221; locked=&#8221;off&#8221; global_colors_info=&#8221;{}&#8221;][et_pb_row _builder_version=&#8221;4.16&#8243; _module_preset=&#8221;default&#8221; custom_padding=&#8221;130px|||||&#8221; global_colors_info=&#8221;{}&#8221;][et_pb_column type=&#8221;4_4&#8243; _builder_version=&#8221;4.16&#8243; _module_preset=&#8221;default&#8221; global_colors_info=&#8221;{}&#8221;][et_pb_text admin_label=&#8221;Headline&#8221; _builder_version=&#8221;4.16&#8243; _module_preset=&#8221;f46c11b5-031e-4f55-a3a0-ea2767b07282&#8243; header_font=&#8221;Ubuntu|700|||||||&#8221; custom_padding_phone=&#8221;10px|10px|10px|10px|false|false&#8221; global_colors_info=&#8221;{}&#8221;]<\/p>\n<h1><strong>Zahtevi sertifikacije<\/strong><\/h1>\n<p>[\/et_pb_text][\/et_pb_column][\/et_pb_row][\/et_pb_section][et_pb_section fb_built=&#8221;1&#8243; _builder_version=&#8221;4.16&#8243; _module_preset=&#8221;default&#8221; background_color=&#8221;#F6F1E8&#8243; custom_padding=&#8221;4px||3px|||&#8221; global_colors_info=&#8221;{}&#8221;][et_pb_row column_structure=&#8221;1_2,1_2&#8243; _builder_version=&#8221;4.16&#8243; _module_preset=&#8221;default&#8221; global_colors_info=&#8221;{}&#8221;][et_pb_column type=&#8221;1_2&#8243; _builder_version=&#8221;4.16&#8243; _module_preset=&#8221;default&#8221; global_colors_info=&#8221;{}&#8221;][et_pb_text admin_label=&#8221;guidelines&#8221; _builder_version=&#8221;4.19.5&#8243; _module_preset=&#8221;f46c11b5-031e-4f55-a3a0-ea2767b07282&#8243; custom_padding_phone=&#8221;10px|10px|10px|10px|false|false&#8221; global_colors_info=&#8221;{}&#8221;]<\/p>\n<p style=\"text-align: left;\"><strong>Donau Soja i Europe Soya smernice su zasnovane na stalnoj sertifikaciji Donau Soja i Europe Soya proizvoda od njive do potro\u0161a\u010da.<br \/><\/strong><br \/>Sertifikacija partnera od strane sertifikacionih tela (koje je odobrila Donau Soja organizacija) po\u010dinje sa primarnim poljoprivrednim kolektorom, uklju\u010duju\u0107i poljoprivrednike dobavlja\u010de, a zavr\u0161ava se sa trgovcem.<\/p>\n<p style=\"text-align: left;\">Da bi stekli sertifikat, svi operatori koji se u lancu nabavke nalaze iza proizvo\u0111a\u010da soje (npr. poljoprivredni kolektori, otkupljiva\u010di, primarni prera\u0111iva\u010di, proizvo\u0111a\u010di premiksa, sto\u010dari, prera\u0111iva\u010di hrane ili trgovci) i koji u\u010destvuju u programu Donau Soja i Europe Soya, moraju da potpi\u0161u ugovor o nadzoru i to sa sertifikacionim telom koje Donau Soja organizacija priznaje.<\/p>\n<p style=\"text-align: left;\">U zavisnosti od nivoa rizika, sertifikacija se ne zahteva uvek od poljoprivrednih proizvo\u0111a\u010da. Me\u0111utim, potpisivanjem Deklaracije o posve\u0107enosti za poljoprivrednike i u\u010desnike u grupnoj sertifikaciji sa njihovim primarnim poljoprivrednim kolektorom, obezbe\u0111uje se njihova usagla\u0161enost sa Donau Soja i Europe Soya zahtevima.<\/p>\n<p>[\/et_pb_text][\/et_pb_column][et_pb_column type=&#8221;1_2&#8243; _builder_version=&#8221;4.16&#8243; _module_preset=&#8221;default&#8221; global_colors_info=&#8221;{}&#8221;][et_pb_text admin_label=&#8221;certification system&#8221; _builder_version=&#8221;4.19.5&#8243; _module_preset=&#8221;f46c11b5-031e-4f55-a3a0-ea2767b07282&#8243; custom_padding_phone=&#8221;10px|10px|10px|10px|false|false&#8221; global_colors_info=&#8221;{}&#8221;]<\/p>\n<p style=\"text-align: left;\">Da bi se obezbedila sledljivost, u upotrebi je sistem za sertifikaciju artikala za trgovanje\/prevoz Donau Soja ili Europe Soya soje od primarnog poljoprivrednog kolektora sve do primarnog prera\u0111iva\u010da. Sertifikati artikala se obi\u010dno izdaju prodavcu i prate proizvod do kupca. Posebno treba voditi ra\u010duna o tome da se kupuju i prodaju samo proizvodi sa va\u017ee\u0107im sertifikatom, jer u suprotnom soja ne mo\u017ee biti prepoznata kao Donau Soja ili Europe Soya proizvod. Sertifikacija artikala se zahteva samo za soju, ne i za proizvode od prera\u0111ene soje ili premikse. Dodatne informacije su date u odeljku <a href=\"https:\/\/www.donausoja.org\/downloads\/\">PREUZIMANJA\u00a0<\/a>na na\u0161em sajtu.<\/p>\n<p style=\"text-align: left;\">Sertifikati o sledljivosti dodatno potvr\u0111uju sledljivost i uskla\u0111enost sa Donau Soja ili Europe Soya zahtevima (uklju\u010duju\u0107i BEZ GMO i kriterijume odr\u017eivosti) za proizvode od prera\u0111ene soje (kao \u0161to su bra\u0161no, ulje, koncentrat proteina, sastojci proteina i lecitin). Prera\u0111iva\u010di soje mogu, na dobrovoljnoj bazi, da zatra\u017ee izdavanje takvog sertifikata od svojih nezavisnih sertifikacionih tela. Takav sertifikat je va\u017ee\u0107i za odre\u0111ene artikle koji su izlistani na sertifikatu.<\/p>\n<p>[\/et_pb_text][\/et_pb_column][\/et_pb_row][\/et_pb_section][et_pb_section fb_built=&#8221;1&#8243; _builder_version=&#8221;4.16&#8243; _module_preset=&#8221;default&#8221; background_color=&#8221;rgba(246,241,232,0.8)&#8221; global_colors_info=&#8221;{}&#8221;][et_pb_row use_custom_gutter=&#8221;on&#8221; gutter_width=&#8221;2&#8243; make_equal=&#8221;on&#8221; _builder_version=&#8221;4.16&#8243; _module_preset=&#8221;default&#8221; global_colors_info=&#8221;{}&#8221;][et_pb_column type=&#8221;4_4&#8243; _builder_version=&#8221;4.16&#8243; _module_preset=&#8221;default&#8221; background_color=&#8221;#F6F1E8&#8243; custom_padding=&#8221;10px|20px|10px|20px|false|false&#8221; box_shadow_style=&#8221;preset1&#8243; global_colors_info=&#8221;{}&#8221;][et_pb_text admin_label=&#8221;requirements&#8221; _builder_version=&#8221;4.17.6&#8243; _module_preset=&#8221;ed635613-ac11-40eb-985f-d82c31643276&#8243; max_width=&#8221;70%&#8221; custom_padding_phone=&#8221;10px|10px|10px|10px|false|false&#8221; global_colors_info=&#8221;{}&#8221;]<\/p>\n<p>Osim op\u0161tih zahteva, smernice uklju\u010duju posebne zahteve za slede\u0107e u\u010desnike u sistemu:<\/p>\n<p>[\/et_pb_text][et_pb_blurb title=&#8221;Poljoprivredni proizvo\u0111a\u010d soje (uzgajiva\u010d)&#8221; url=&#8221;https:\/\/www.donausoja.org\/sr\/standard-i-sertifikacija\/dunav-soja-standard\/zahtevi-sertifikacije\/poljoprivredni-proizvodac-soje\/&#8221; use_icon=&#8221;on&#8221; font_icon=&#8221;&#xf0c8;||fa||900&#8243; _builder_version=&#8221;4.21.0&#8243; _module_preset=&#8221;a34aca73-ce5a-4767-a443-e32667292b2d&#8221; header_font=&#8221;|700|||||||&#8221; link_option_url=&#8221;https:\/\/www.donausoja.org\/sr\/standard-i-sertifikacija\/dunav-soja-standard\/zahtevi-sertifikacije\/poljoprivredni-proizvodac-soje\/&#8221; hover_enabled=&#8221;0&#8243; global_colors_info=&#8221;{}&#8221; sticky_enabled=&#8221;0&#8243;]<\/p>\n<p>vi\u0161e \u00bb<\/p>\n<p>[\/et_pb_blurb][et_pb_blurb title=&#8221;Primarni otkupljiva\u010d&#8221; url=&#8221;https:\/\/www.donausoja.org\/sr\/standard-i-sertifikacija\/dunav-soja-standard\/zahtevi-sertifikacije\/primarni-otkupljivac\/&#8221; use_icon=&#8221;on&#8221; font_icon=&#8221;&#xf0c8;||fa||900&#8243; _builder_version=&#8221;4.21.0&#8243; _module_preset=&#8221;a34aca73-ce5a-4767-a443-e32667292b2d&#8221; header_font=&#8221;|700|||||||&#8221; link_option_url=&#8221;https:\/\/www.donausoja.org\/sr\/standard-i-sertifikacija\/dunav-soja-standard\/zahtevi-sertifikacije\/primarni-otkupljivac\/&#8221; hover_enabled=&#8221;0&#8243; global_colors_info=&#8221;{}&#8221; sticky_enabled=&#8221;0&#8243;]<\/p>\n<p>vi\u0161e \u00bb<\/p>\n<p>[\/et_pb_blurb][et_pb_blurb title=&#8221;Trgovac sojom&#8221; url=&#8221;https:\/\/www.donausoja.org\/sr\/standard-i-sertifikacija\/dunav-soja-standard\/zahtevi-sertifikacije\/trgovac-sojom\/&#8221; use_icon=&#8221;on&#8221; font_icon=&#8221;&#xf0c8;||fa||900&#8243; _builder_version=&#8221;4.21.0&#8243; _module_preset=&#8221;a34aca73-ce5a-4767-a443-e32667292b2d&#8221; header_font=&#8221;|700|||||||&#8221; link_option_url=&#8221;https:\/\/www.donausoja.org\/sr\/standard-i-sertifikacija\/dunav-soja-standard\/zahtevi-sertifikacije\/trgovac-sojom\/&#8221; hover_enabled=&#8221;0&#8243; global_colors_info=&#8221;{}&#8221; sticky_enabled=&#8221;0&#8243;]<\/p>\n<p>vi\u0161e \u00bb<\/p>\n<p>[\/et_pb_blurb][et_pb_blurb title=&#8221;Primarni prera\u0111iva\u010d soje&#8221; url=&#8221;https:\/\/www.donausoja.org\/sr\/standard-i-sertifikacija\/dunav-soja-standard\/zahtevi-sertifikacije\/primarni-preradivac-soje\/&#8221; use_icon=&#8221;on&#8221; font_icon=&#8221;&#xf0c8;||fa||900&#8243; _builder_version=&#8221;4.21.0&#8243; _module_preset=&#8221;a34aca73-ce5a-4767-a443-e32667292b2d&#8221; header_font=&#8221;|700|||||||&#8221; link_option_url=&#8221;https:\/\/www.donausoja.org\/sr\/standard-i-sertifikacija\/dunav-soja-standard\/zahtevi-sertifikacije\/primarni-preradivac-soje\/&#8221; hover_enabled=&#8221;0&#8243; global_colors_info=&#8221;{}&#8221; sticky_enabled=&#8221;0&#8243;]<\/p>\n<p>vi\u0161e \u00bb<\/p>\n<p>[\/et_pb_blurb][et_pb_blurb title=&#8221;Proizvo\u0111a\u010d sto\u010dne hrane&#8221; url=&#8221;https:\/\/www.donausoja.org\/sr\/standard-i-sertifikacija\/dunav-soja-standard\/zahtevi-sertifikacije\/proizvodac-stocne-hrane\/&#8221; use_icon=&#8221;on&#8221; font_icon=&#8221;&#xf0c8;||fa||900&#8243; _builder_version=&#8221;4.21.0&#8243; _module_preset=&#8221;a34aca73-ce5a-4767-a443-e32667292b2d&#8221; header_font=&#8221;|700|||||||&#8221; link_option_url=&#8221;https:\/\/www.donausoja.org\/sr\/standard-i-sertifikacija\/dunav-soja-standard\/zahtevi-sertifikacije\/proizvodac-stocne-hrane\/&#8221; hover_enabled=&#8221;0&#8243; global_colors_info=&#8221;{}&#8221; sticky_enabled=&#8221;0&#8243;]<\/p>\n<p>vi\u0161e \u00bb<\/p>\n<p>[\/et_pb_blurb][et_pb_blurb title=&#8221;Poljoprivredno prera\u0111iva\u010dko preduze\u0107e&#8221; url=&#8221;https:\/\/www.donausoja.org\/sr\/standard-i-sertifikacija\/dunav-soja-standard\/zahtevi-sertifikacije\/poljoprivredno-preradivacko-preduzece\/&#8221; use_icon=&#8221;on&#8221; font_icon=&#8221;&#xf0c8;||fa||900&#8243; _builder_version=&#8221;4.21.0&#8243; _module_preset=&#8221;a34aca73-ce5a-4767-a443-e32667292b2d&#8221; header_font=&#8221;|700|||||||&#8221; link_option_url=&#8221;https:\/\/www.donausoja.org\/sr\/standard-i-sertifikacija\/dunav-soja-standard\/zahtevi-sertifikacije\/poljoprivredno-preradivacko-preduzece\/&#8221; hover_enabled=&#8221;0&#8243; global_colors_info=&#8221;{}&#8221; sticky_enabled=&#8221;0&#8243;]<\/p>\n<p>vi\u0161e \u00bb<\/p>\n<p>[\/et_pb_blurb][et_pb_blurb title=&#8221;Proizvo\u0111a\u010d prehrambenih proizvoda i distributer&#8221; url=&#8221;https:\/\/www.donausoja.org\/sr\/standard-i-sertifikacija\/dunav-soja-standard\/zahtevi-sertifikacije\/proizvodac-prehrambenih-proizvoda-i-distributer\/&#8221; use_icon=&#8221;on&#8221; font_icon=&#8221;&#xf0c8;||fa||900&#8243; _builder_version=&#8221;4.21.0&#8243; _module_preset=&#8221;a34aca73-ce5a-4767-a443-e32667292b2d&#8221; header_font=&#8221;|700|||||||&#8221; link_option_url=&#8221;https:\/\/www.donausoja.org\/sr\/standard-i-sertifikacija\/dunav-soja-standard\/zahtevi-sertifikacije\/proizvodac-prehrambenih-proizvoda-i-distributer\/&#8221; hover_enabled=&#8221;0&#8243; global_colors_info=&#8221;{}&#8221; sticky_enabled=&#8221;0&#8243;]<\/p>\n<p>vi\u0161e \u00bb<\/p>\n<p>[\/et_pb_blurb][et_pb_blurb title=&#8221;Transport i \u010di\u0161\u0107enje&#8221; url=&#8221;https:\/\/www.donausoja.org\/sr\/standard-i-sertifikacija\/dunav-soja-standard\/zahtevi-sertifikacije\/transport-i-ciscenje\/&#8221; use_icon=&#8221;on&#8221; font_icon=&#8221;&#xf0c8;||fa||900&#8243; _builder_version=&#8221;4.21.0&#8243; _module_preset=&#8221;a34aca73-ce5a-4767-a443-e32667292b2d&#8221; header_font=&#8221;|700|||||||&#8221; custom_margin=&#8221;20px||20px||false|false&#8221; link_option_url=&#8221;https:\/\/www.donausoja.org\/sr\/standard-i-sertifikacija\/dunav-soja-standard\/zahtevi-sertifikacije\/transport-i-ciscenje\/&#8221; hover_enabled=&#8221;0&#8243; global_colors_info=&#8221;{}&#8221; sticky_enabled=&#8221;0&#8243;]<\/p>\n<p>vi\u0161e \u00bb<\/p>\n<p>[\/et_pb_blurb][\/et_pb_column][\/et_pb_row][et_pb_row _builder_version=&#8221;4.16&#8243; _module_preset=&#8221;default&#8221; custom_padding=&#8221;||3px|||&#8221; global_colors_info=&#8221;{}&#8221;][et_pb_column type=&#8221;4_4&#8243; _builder_version=&#8221;4.16&#8243; _module_preset=&#8221;default&#8221; global_colors_info=&#8221;{}&#8221;][et_pb_text _builder_version=&#8221;4.21.0&#8243; _module_preset=&#8221;a906944e-c4a8-4bc4-8b3e-d0d32b01d33e&#8221; text_text_color=&#8221;#76B82A&#8221; link_option_url=&#8221;https:\/\/www.donausoja.org\/sr\/standard-i-sertifikacija\/dunav-soja-standard\/standard-development-and-standard-revision\/&#8221; hover_enabled=&#8221;0&#8243; global_colors_info=&#8221;{}&#8221; sticky_enabled=&#8221;0&#8243;]<\/p>\n<p style=\"text-align: right;\"><strong>continue to Quality control \u00bb<\/strong><\/p>\n<p>[\/et_pb_text][\/et_pb_column][\/et_pb_row][\/et_pb_section]<\/p>\n","protected":false},"excerpt":{"rendered":"<p>Zahtevi sertifikacijeDonau Soja i Europe Soya smernice su zasnovane na stalnoj sertifikaciji Donau Soja i Europe Soya proizvoda od njive do potro\u0161a\u010da.Sertifikacija partnera od strane sertifikacionih tela (koje je odobrila Donau Soja organizacija) po\u010dinje sa primarnim poljoprivrednim kolektorom, uklju\u010duju\u0107i poljoprivrednike dobavlja\u010de, a zavr\u0161ava se sa trgovcem. Da bi stekli sertifikat, svi operatori koji se u [&hellip;]<\/p>\n","protected":false},"author":3,"featured_media":0,"parent":20272,"menu_order":0,"comment_status":"closed","ping_status":"closed","template":"","meta":{"_et_pb_use_builder":"on","_et_pb_old_content":"","_et_gb_content_width":"","footnotes":""},"class_list":["post-23706","page","type-page","status-publish","hentry"],"yoast_head":"<!-- This site is optimized with the Yoast SEO plugin v27.4 - https:\/\/yoast.com\/product\/yoast-seo-wordpress\/ -->\n<title>Zahtevi sertifikacije - Donau Soja<\/title>\n<meta name=\"robots\" content=\"index, follow, max-snippet:-1, max-image-preview:large, max-video-preview:-1\" \/>\n<link rel=\"canonical\" href=\"https:\/\/www.donausoja.org\/sr\/certification-inspection\/dunav-soja-standard\/zahtevi-sertifikacije\/\" \/>\n<meta property=\"og:locale\" content=\"sr_RS\" \/>\n<meta property=\"og:type\" content=\"article\" \/>\n<meta property=\"og:title\" content=\"Zahtevi sertifikacije - Donau Soja\" \/>\n<meta property=\"og:description\" content=\"Zahtevi sertifikacijeDonau Soja i Europe Soya smernice su zasnovane na stalnoj sertifikaciji Donau Soja i Europe Soya proizvoda od njive do potro\u0161a\u010da.Sertifikacija partnera od strane sertifikacionih tela (koje je odobrila Donau Soja organizacija) po\u010dinje sa primarnim poljoprivrednim kolektorom, uklju\u010duju\u0107i poljoprivrednike dobavlja\u010de, a zavr\u0161ava se sa trgovcem. Da bi stekli sertifikat, svi operatori koji se u [&hellip;]\" \/>\n<meta property=\"og:url\" content=\"https:\/\/www.donausoja.org\/sr\/certification-inspection\/dunav-soja-standard\/zahtevi-sertifikacije\/\" \/>\n<meta property=\"og:site_name\" content=\"Donau Soja\" \/>\n<meta property=\"article:modified_time\" content=\"2023-06-14T12:37:46+00:00\" \/>\n<meta name=\"twitter:card\" content=\"summary_large_image\" \/>\n<script type=\"application\/ld+json\" class=\"yoast-schema-graph\">{\"@context\":\"https:\\\/\\\/schema.org\",\"@graph\":[{\"@type\":\"WebPage\",\"@id\":\"https:\\\/\\\/www.donausoja.org\\\/sr\\\/certification-inspection\\\/dunav-soja-standard\\\/zahtevi-sertifikacije\\\/\",\"url\":\"https:\\\/\\\/www.donausoja.org\\\/sr\\\/certification-inspection\\\/dunav-soja-standard\\\/zahtevi-sertifikacije\\\/\",\"name\":\"Zahtevi sertifikacije - Donau Soja\",\"isPartOf\":{\"@id\":\"https:\\\/\\\/www.donausoja.org\\\/sr\\\/#website\"},\"datePublished\":\"2023-06-14T12:16:09+00:00\",\"dateModified\":\"2023-06-14T12:37:46+00:00\",\"breadcrumb\":{\"@id\":\"https:\\\/\\\/www.donausoja.org\\\/sr\\\/certification-inspection\\\/dunav-soja-standard\\\/zahtevi-sertifikacije\\\/#breadcrumb\"},\"inLanguage\":\"sr-RS\",\"potentialAction\":[{\"@type\":\"ReadAction\",\"target\":[\"https:\\\/\\\/www.donausoja.org\\\/sr\\\/certification-inspection\\\/dunav-soja-standard\\\/zahtevi-sertifikacije\\\/\"]}]},{\"@type\":\"BreadcrumbList\",\"@id\":\"https:\\\/\\\/www.donausoja.org\\\/sr\\\/certification-inspection\\\/dunav-soja-standard\\\/zahtevi-sertifikacije\\\/#breadcrumb\",\"itemListElement\":[{\"@type\":\"ListItem\",\"position\":1,\"name\":\"Home\",\"item\":\"https:\\\/\\\/www.donausoja.org\\\/sr\\\/\"},{\"@type\":\"ListItem\",\"position\":2,\"name\":\"Standardi\",\"item\":\"https:\\\/\\\/www.donausoja.org\\\/sr\\\/certification-inspection\\\/\"},{\"@type\":\"ListItem\",\"position\":3,\"name\":\"Donau Soja standard\",\"item\":\"https:\\\/\\\/www.donausoja.org\\\/sr\\\/certification-inspection\\\/dunav-soja-standard\\\/\"},{\"@type\":\"ListItem\",\"position\":4,\"name\":\"Zahtevi sertifikacije\"}]},{\"@type\":\"WebSite\",\"@id\":\"https:\\\/\\\/www.donausoja.org\\\/sr\\\/#website\",\"url\":\"https:\\\/\\\/www.donausoja.org\\\/sr\\\/\",\"name\":\"Donau Soja\",\"description\":\"Together for a European Protein Supply: Regional. Sustainable. Non-GM.\",\"potentialAction\":[{\"@type\":\"SearchAction\",\"target\":{\"@type\":\"EntryPoint\",\"urlTemplate\":\"https:\\\/\\\/www.donausoja.org\\\/sr\\\/?s={search_term_string}\"},\"query-input\":{\"@type\":\"PropertyValueSpecification\",\"valueRequired\":true,\"valueName\":\"search_term_string\"}}],\"inLanguage\":\"sr-RS\"}]}<\/script>\n<!-- \/ Yoast SEO plugin. -->","yoast_head_json":{"title":"Zahtevi sertifikacije - Donau Soja","robots":{"index":"index","follow":"follow","max-snippet":"max-snippet:-1","max-image-preview":"max-image-preview:large","max-video-preview":"max-video-preview:-1"},"canonical":"https:\/\/www.donausoja.org\/sr\/certification-inspection\/dunav-soja-standard\/zahtevi-sertifikacije\/","og_locale":"sr_RS","og_type":"article","og_title":"Zahtevi sertifikacije - Donau Soja","og_description":"Zahtevi sertifikacijeDonau Soja i Europe Soya smernice su zasnovane na stalnoj sertifikaciji Donau Soja i Europe Soya proizvoda od njive do potro\u0161a\u010da.Sertifikacija partnera od strane sertifikacionih tela (koje je odobrila Donau Soja organizacija) po\u010dinje sa primarnim poljoprivrednim kolektorom, uklju\u010duju\u0107i poljoprivrednike dobavlja\u010de, a zavr\u0161ava se sa trgovcem. Da bi stekli sertifikat, svi operatori koji se u [&hellip;]","og_url":"https:\/\/www.donausoja.org\/sr\/certification-inspection\/dunav-soja-standard\/zahtevi-sertifikacije\/","og_site_name":"Donau Soja","article_modified_time":"2023-06-14T12:37:46+00:00","twitter_card":"summary_large_image","schema":{"@context":"https:\/\/schema.org","@graph":[{"@type":"WebPage","@id":"https:\/\/www.donausoja.org\/sr\/certification-inspection\/dunav-soja-standard\/zahtevi-sertifikacije\/","url":"https:\/\/www.donausoja.org\/sr\/certification-inspection\/dunav-soja-standard\/zahtevi-sertifikacije\/","name":"Zahtevi sertifikacije - Donau Soja","isPartOf":{"@id":"https:\/\/www.donausoja.org\/sr\/#website"},"datePublished":"2023-06-14T12:16:09+00:00","dateModified":"2023-06-14T12:37:46+00:00","breadcrumb":{"@id":"https:\/\/www.donausoja.org\/sr\/certification-inspection\/dunav-soja-standard\/zahtevi-sertifikacije\/#breadcrumb"},"inLanguage":"sr-RS","potentialAction":[{"@type":"ReadAction","target":["https:\/\/www.donausoja.org\/sr\/certification-inspection\/dunav-soja-standard\/zahtevi-sertifikacije\/"]}]},{"@type":"BreadcrumbList","@id":"https:\/\/www.donausoja.org\/sr\/certification-inspection\/dunav-soja-standard\/zahtevi-sertifikacije\/#breadcrumb","itemListElement":[{"@type":"ListItem","position":1,"name":"Home","item":"https:\/\/www.donausoja.org\/sr\/"},{"@type":"ListItem","position":2,"name":"Standardi","item":"https:\/\/www.donausoja.org\/sr\/certification-inspection\/"},{"@type":"ListItem","position":3,"name":"Donau Soja standard","item":"https:\/\/www.donausoja.org\/sr\/certification-inspection\/dunav-soja-standard\/"},{"@type":"ListItem","position":4,"name":"Zahtevi sertifikacije"}]},{"@type":"WebSite","@id":"https:\/\/www.donausoja.org\/sr\/#website","url":"https:\/\/www.donausoja.org\/sr\/","name":"Donau Soja","description":"Together for a European Protein Supply: Regional. Sustainable. Non-GM.","potentialAction":[{"@type":"SearchAction","target":{"@type":"EntryPoint","urlTemplate":"https:\/\/www.donausoja.org\/sr\/?s={search_term_string}"},"query-input":{"@type":"PropertyValueSpecification","valueRequired":true,"valueName":"search_term_string"}}],"inLanguage":"sr-RS"}]}},"_links":{"self":[{"href":"https:\/\/www.donausoja.org\/sr\/wp-json\/wp\/v2\/pages\/23706","targetHints":{"allow":["GET"]}}],"collection":[{"href":"https:\/\/www.donausoja.org\/sr\/wp-json\/wp\/v2\/pages"}],"about":[{"href":"https:\/\/www.donausoja.org\/sr\/wp-json\/wp\/v2\/types\/page"}],"author":[{"embeddable":true,"href":"https:\/\/www.donausoja.org\/sr\/wp-json\/wp\/v2\/users\/3"}],"replies":[{"embeddable":true,"href":"https:\/\/www.donausoja.org\/sr\/wp-json\/wp\/v2\/comments?post=23706"}],"version-history":[{"count":0,"href":"https:\/\/www.donausoja.org\/sr\/wp-json\/wp\/v2\/pages\/23706\/revisions"}],"up":[{"embeddable":true,"href":"https:\/\/www.donausoja.org\/sr\/wp-json\/wp\/v2\/pages\/20272"}],"wp:attachment":[{"href":"https:\/\/www.donausoja.org\/sr\/wp-json\/wp\/v2\/media?parent=23706"}],"curies":[{"name":"wp","href":"https:\/\/api.w.org\/{rel}","templated":true}]}}