
{"id":20639,"date":"2022-02-21T15:03:55","date_gmt":"2022-02-21T15:03:55","guid":{"rendered":"https:\/\/fourth.donausoja.org\/clanstvo-u-dunav-soji\/list-of-members-2\/"},"modified":"2025-02-03T09:33:15","modified_gmt":"2025-02-03T09:33:15","slug":"list-of-members","status":"publish","type":"page","link":"https:\/\/www.donausoja.org\/sr\/membership\/list-of-members\/","title":{"rendered":"\u010clanstvo"},"content":{"rendered":"<p>[et_pb_section fb_built=&#8221;1&#8243; _builder_version=&#8221;4.16&#8243; _module_preset=&#8221;default&#8221; background_color=&#8221;RGBA(255,255,255,0)&#8221; da_disable_devices=&#8221;off|off|off&#8221; locked=&#8221;off&#8221; global_colors_info=&#8221;{}&#8221; da_is_popup=&#8221;off&#8221; da_exit_intent=&#8221;off&#8221; da_has_close=&#8221;on&#8221; da_alt_close=&#8221;off&#8221; da_dark_close=&#8221;off&#8221; da_not_modal=&#8221;on&#8221; da_is_singular=&#8221;off&#8221; da_with_loader=&#8221;off&#8221; da_has_shadow=&#8221;on&#8221;][et_pb_row _builder_version=&#8221;4.16&#8243; _module_preset=&#8221;default&#8221; custom_padding=&#8221;130px|||||&#8221; global_colors_info=&#8221;{}&#8221;][et_pb_column type=&#8221;4_4&#8243; _builder_version=&#8221;4.16&#8243; _module_preset=&#8221;default&#8221; global_colors_info=&#8221;{}&#8221;][et_pb_text admin_label=&#8221;Headline&#8221; _builder_version=&#8221;4.25.2&#8243; _module_preset=&#8221;77a7a6a5-6cba-4e24-a8d7-1992b0adbe08&#8243; header_font=&#8221;Ubuntu|700|||||||&#8221; header_4_text_color=&#8221;#f6f1e8&#8243; global_colors_info=&#8221;{}&#8221;]<\/p>\n<h1>Lista \u010dlanova Donau Soja udru\u017eenja<\/h1>\n<p>[\/et_pb_text][\/et_pb_column][\/et_pb_row][\/et_pb_section][et_pb_section fb_built=&#8221;1&#8243; admin_label=&#8221;Section&#8221; _builder_version=&#8221;4.16.0&#8243; _module_preset=&#8221;default&#8221; background_color=&#8221;#76b82a&#8221; custom_padding=&#8221;0px||0px||false|false&#8221; sticky_position=&#8221;top&#8221; sticky_offset_top=&#8221;80px&#8221; sticky_offset_surrounding=&#8221;off&#8221; sticky_position_tablet=&#8221;none&#8221; sticky_position_phone=&#8221;none&#8221; sticky_position_last_edited=&#8221;on|desktop&#8221; da_disable_devices=&#8221;off|off|off&#8221; global_colors_info=&#8221;{}&#8221; da_is_popup=&#8221;off&#8221; da_exit_intent=&#8221;off&#8221; da_has_close=&#8221;on&#8221; da_alt_close=&#8221;off&#8221; da_dark_close=&#8221;off&#8221; da_not_modal=&#8221;on&#8221; da_is_singular=&#8221;off&#8221; da_with_loader=&#8221;off&#8221; da_has_shadow=&#8221;on&#8221;][et_pb_row _builder_version=&#8221;4.16&#8243; _module_preset=&#8221;default&#8221; custom_padding=&#8221;0px||0px||false|false&#8221; global_colors_info=&#8221;{}&#8221;][et_pb_column type=&#8221;4_4&#8243; _builder_version=&#8221;4.16&#8243; _module_preset=&#8221;default&#8221; global_colors_info=&#8221;{}&#8221;][et_pb_text admin_label=&#8221;option-Text to filter Members&#8221; _builder_version=&#8221;4.21.0&#8243; _module_preset=&#8221;97a49757-9877-47ea-b480-aa7742502928&#8243; header_4_text_color=&#8221;#f6f1e8&#8243; custom_padding=&#8221;11px|||0px|false|false&#8221; locked=&#8221;off&#8221; global_colors_info=&#8221;{}&#8221;]<\/p>\n<h4>Odaberite listu \u010dlanova<\/h4>\n<h4>&#8211;<\/h4>\n<p>[\/et_pb_text][et-pb-member-search _builder_version=&#8221;4.17.6&#8243; _module_preset=&#8221;default&#8221; global_colors_info=&#8221;{}&#8221;][\/et-pb-member-search][\/et_pb_column][\/et_pb_row][\/et_pb_section][et_pb_section fb_built=&#8221;1&#8243; _builder_version=&#8221;4.16&#8243; _module_preset=&#8221;default&#8221; da_disable_devices=&#8221;off|off|off&#8221; global_colors_info=&#8221;{}&#8221; da_is_popup=&#8221;off&#8221; da_exit_intent=&#8221;off&#8221; da_has_close=&#8221;on&#8221; da_alt_close=&#8221;off&#8221; da_dark_close=&#8221;off&#8221; da_not_modal=&#8221;on&#8221; da_is_singular=&#8221;off&#8221; da_with_loader=&#8221;off&#8221; da_has_shadow=&#8221;on&#8221;][et_pb_row _builder_version=&#8221;4.16&#8243; _module_preset=&#8221;default&#8221; global_colors_info=&#8221;{}&#8221;][et_pb_column type=&#8221;4_4&#8243; _builder_version=&#8221;4.16&#8243; _module_preset=&#8221;default&#8221; global_colors_info=&#8221;{}&#8221;][et-pb-member-list _builder_version=&#8221;4.17.6&#8243; _module_preset=&#8221;default&#8221; global_colors_info=&#8221;{}&#8221;][\/et-pb-member-list][\/et_pb_column][\/et_pb_row][\/et_pb_section]<\/p>\n","protected":false},"excerpt":{"rendered":"<p>Lista \u010dlanova Donau Soja udru\u017eenjaOdaberite listu \u010dlanova -[et-pb-member-search _builder_version=&#8221;4.17.6&#8243; _module_preset=&#8221;default&#8221; global_colors_info=&#8221;{}&#8221;][\/et-pb-member-search][et-pb-member-list _builder_version=&#8221;4.17.6&#8243; _module_preset=&#8221;default&#8221; global_colors_info=&#8221;{}&#8221;][\/et-pb-member-list]<\/p>\n","protected":false},"author":3,"featured_media":0,"parent":20264,"menu_order":0,"comment_status":"open","ping_status":"open","template":"","meta":{"_et_pb_use_builder":"on","_et_pb_old_content":"[et_pb_section fb_built=\"1\" _builder_version=\"4.16\" _module_preset=\"default\" background_color=\"RGBA(255,255,255,0)\" locked=\"off\" global_colors_info=\"{}\"][et_pb_row _builder_version=\"4.16\" _module_preset=\"default\" custom_padding=\"130px|||||\" global_colors_info=\"{}\"][et_pb_column type=\"4_4\" _builder_version=\"4.16\" _module_preset=\"default\" global_colors_info=\"{}\"][et_pb_text admin_label=\"Headline\" _builder_version=\"4.17.6\" _module_preset=\"77a7a6a5-6cba-4e24-a8d7-1992b0adbe08\" header_font=\"Ubuntu|700|||||||\" header_4_text_color=\"#f6f1e8\" hover_enabled=\"0\" header_text_shadow_style=\"preset3\" global_colors_info=\"{}\" sticky_enabled=\"0\"]<h1>List of members<\/h1>[\/et_pb_text][\/et_pb_column][\/et_pb_row][\/et_pb_section][et_pb_section fb_built=\"1\" admin_label=\"Section\" _builder_version=\"4.16.0\" _module_preset=\"default\" background_color=\"#76b82a\" custom_padding=\"0px||0px||false|false\" sticky_position=\"top\" sticky_offset_top=\"80px\" sticky_offset_surrounding=\"off\" sticky_position_tablet=\"none\" sticky_position_phone=\"none\" sticky_position_last_edited=\"on|desktop\" global_colors_info=\"{}\"][et_pb_row _builder_version=\"4.16\" _module_preset=\"default\" custom_padding=\"0px||0px||false|false\" global_colors_info=\"{}\"][et_pb_column type=\"4_4\" _builder_version=\"4.16\" _module_preset=\"default\" global_colors_info=\"{}\"][et_pb_text admin_label=\"option-Text to filter Members\" _builder_version=\"4.17.6\" _module_preset=\"97a49757-9877-47ea-b480-aa7742502928\" header_text_color=\"#F6F1E8\" header_4_text_color=\"#f6f1e8\" custom_padding=\"11px|||0px|false|false\" hover_enabled=\"0\" locked=\"off\" global_colors_info=\"{}\" sticky_enabled=\"0\"]<h4>Filter the list of members<\/h4>\r\n<h4>-<\/h4>[\/et_pb_text][et-pb-member-search _builder_version=\"4.17.6\" _module_preset=\"default\" hover_enabled=\"0\" global_colors_info=\"{}\" sticky_enabled=\"0\"][\/et-pb-member-search][\/et_pb_column][\/et_pb_row][\/et_pb_section][et_pb_section fb_built=\"1\" _builder_version=\"4.16\" _module_preset=\"default\" global_colors_info=\"{}\"][et_pb_row _builder_version=\"4.16\" _module_preset=\"default\" global_colors_info=\"{}\"][et_pb_column type=\"4_4\" _builder_version=\"4.16\" _module_preset=\"default\" global_colors_info=\"{}\"][et-pb-member-list _builder_version=\"4.17.6\" _module_preset=\"default\" hover_enabled=\"0\" global_colors_info=\"{}\" sticky_enabled=\"0\"][\/et-pb-member-list][\/et_pb_column][\/et_pb_row][\/et_pb_section]","_et_gb_content_width":"","footnotes":""},"class_list":["post-20639","page","type-page","status-publish","hentry"],"yoast_head":"<!-- This site is optimized with the Yoast SEO plugin v27.4 - https:\/\/yoast.com\/product\/yoast-seo-wordpress\/ -->\n<title>\u010clanstvo - Donau Soja<\/title>\n<meta name=\"description\" content=\"\u010clanstvo. Lista Donau Soja \u010dlanova\" \/>\n<meta name=\"robots\" content=\"index, follow, max-snippet:-1, max-image-preview:large, max-video-preview:-1\" \/>\n<link rel=\"canonical\" href=\"https:\/\/www.donausoja.org\/sr\/membership\/list-of-members\/\" \/>\n<meta property=\"og:locale\" content=\"sr_RS\" \/>\n<meta property=\"og:type\" content=\"article\" \/>\n<meta property=\"og:title\" content=\"\u010clanstvo - Donau Soja\" \/>\n<meta property=\"og:description\" content=\"\u010clanstvo. Lista Donau Soja \u010dlanova\" \/>\n<meta property=\"og:url\" content=\"https:\/\/www.donausoja.org\/sr\/membership\/list-of-members\/\" \/>\n<meta property=\"og:site_name\" content=\"Donau Soja\" \/>\n<meta property=\"article:modified_time\" content=\"2025-02-03T09:33:15+00:00\" \/>\n<meta name=\"twitter:card\" content=\"summary_large_image\" \/>\n<script type=\"application\/ld+json\" class=\"yoast-schema-graph\">{\"@context\":\"https:\\\/\\\/schema.org\",\"@graph\":[{\"@type\":\"WebPage\",\"@id\":\"https:\\\/\\\/www.donausoja.org\\\/sr\\\/membership\\\/list-of-members\\\/\",\"url\":\"https:\\\/\\\/www.donausoja.org\\\/sr\\\/membership\\\/list-of-members\\\/\",\"name\":\"\u010clanstvo - Donau Soja\",\"isPartOf\":{\"@id\":\"https:\\\/\\\/www.donausoja.org\\\/sr\\\/#website\"},\"datePublished\":\"2022-02-21T15:03:55+00:00\",\"dateModified\":\"2025-02-03T09:33:15+00:00\",\"description\":\"\u010clanstvo. Lista Donau Soja \u010dlanova\",\"breadcrumb\":{\"@id\":\"https:\\\/\\\/www.donausoja.org\\\/sr\\\/membership\\\/list-of-members\\\/#breadcrumb\"},\"inLanguage\":\"sr-RS\",\"potentialAction\":[{\"@type\":\"ReadAction\",\"target\":[\"https:\\\/\\\/www.donausoja.org\\\/sr\\\/membership\\\/list-of-members\\\/\"]}]},{\"@type\":\"BreadcrumbList\",\"@id\":\"https:\\\/\\\/www.donausoja.org\\\/sr\\\/membership\\\/list-of-members\\\/#breadcrumb\",\"itemListElement\":[{\"@type\":\"ListItem\",\"position\":1,\"name\":\"Home\",\"item\":\"https:\\\/\\\/www.donausoja.org\\\/sr\\\/\"},{\"@type\":\"ListItem\",\"position\":2,\"name\":\"\u010clanstvo u Donau Soja organizaciji\",\"item\":\"https:\\\/\\\/www.donausoja.org\\\/sr\\\/membership\\\/\"},{\"@type\":\"ListItem\",\"position\":3,\"name\":\"\u010clanstvo\"}]},{\"@type\":\"WebSite\",\"@id\":\"https:\\\/\\\/www.donausoja.org\\\/sr\\\/#website\",\"url\":\"https:\\\/\\\/www.donausoja.org\\\/sr\\\/\",\"name\":\"Donau Soja\",\"description\":\"Together for a European Protein Supply: Regional. Sustainable. Non-GM.\",\"potentialAction\":[{\"@type\":\"SearchAction\",\"target\":{\"@type\":\"EntryPoint\",\"urlTemplate\":\"https:\\\/\\\/www.donausoja.org\\\/sr\\\/?s={search_term_string}\"},\"query-input\":{\"@type\":\"PropertyValueSpecification\",\"valueRequired\":true,\"valueName\":\"search_term_string\"}}],\"inLanguage\":\"sr-RS\"}]}<\/script>\n<!-- \/ Yoast SEO plugin. -->","yoast_head_json":{"title":"\u010clanstvo - Donau Soja","description":"\u010clanstvo. Lista Donau Soja \u010dlanova","robots":{"index":"index","follow":"follow","max-snippet":"max-snippet:-1","max-image-preview":"max-image-preview:large","max-video-preview":"max-video-preview:-1"},"canonical":"https:\/\/www.donausoja.org\/sr\/membership\/list-of-members\/","og_locale":"sr_RS","og_type":"article","og_title":"\u010clanstvo - Donau Soja","og_description":"\u010clanstvo. Lista Donau Soja \u010dlanova","og_url":"https:\/\/www.donausoja.org\/sr\/membership\/list-of-members\/","og_site_name":"Donau Soja","article_modified_time":"2025-02-03T09:33:15+00:00","twitter_card":"summary_large_image","schema":{"@context":"https:\/\/schema.org","@graph":[{"@type":"WebPage","@id":"https:\/\/www.donausoja.org\/sr\/membership\/list-of-members\/","url":"https:\/\/www.donausoja.org\/sr\/membership\/list-of-members\/","name":"\u010clanstvo - Donau Soja","isPartOf":{"@id":"https:\/\/www.donausoja.org\/sr\/#website"},"datePublished":"2022-02-21T15:03:55+00:00","dateModified":"2025-02-03T09:33:15+00:00","description":"\u010clanstvo. Lista Donau Soja \u010dlanova","breadcrumb":{"@id":"https:\/\/www.donausoja.org\/sr\/membership\/list-of-members\/#breadcrumb"},"inLanguage":"sr-RS","potentialAction":[{"@type":"ReadAction","target":["https:\/\/www.donausoja.org\/sr\/membership\/list-of-members\/"]}]},{"@type":"BreadcrumbList","@id":"https:\/\/www.donausoja.org\/sr\/membership\/list-of-members\/#breadcrumb","itemListElement":[{"@type":"ListItem","position":1,"name":"Home","item":"https:\/\/www.donausoja.org\/sr\/"},{"@type":"ListItem","position":2,"name":"\u010clanstvo u Donau Soja organizaciji","item":"https:\/\/www.donausoja.org\/sr\/membership\/"},{"@type":"ListItem","position":3,"name":"\u010clanstvo"}]},{"@type":"WebSite","@id":"https:\/\/www.donausoja.org\/sr\/#website","url":"https:\/\/www.donausoja.org\/sr\/","name":"Donau Soja","description":"Together for a European Protein Supply: Regional. Sustainable. Non-GM.","potentialAction":[{"@type":"SearchAction","target":{"@type":"EntryPoint","urlTemplate":"https:\/\/www.donausoja.org\/sr\/?s={search_term_string}"},"query-input":{"@type":"PropertyValueSpecification","valueRequired":true,"valueName":"search_term_string"}}],"inLanguage":"sr-RS"}]}},"_links":{"self":[{"href":"https:\/\/www.donausoja.org\/sr\/wp-json\/wp\/v2\/pages\/20639","targetHints":{"allow":["GET"]}}],"collection":[{"href":"https:\/\/www.donausoja.org\/sr\/wp-json\/wp\/v2\/pages"}],"about":[{"href":"https:\/\/www.donausoja.org\/sr\/wp-json\/wp\/v2\/types\/page"}],"author":[{"embeddable":true,"href":"https:\/\/www.donausoja.org\/sr\/wp-json\/wp\/v2\/users\/3"}],"replies":[{"embeddable":true,"href":"https:\/\/www.donausoja.org\/sr\/wp-json\/wp\/v2\/comments?post=20639"}],"version-history":[{"count":6,"href":"https:\/\/www.donausoja.org\/sr\/wp-json\/wp\/v2\/pages\/20639\/revisions"}],"predecessor-version":[{"id":53869,"href":"https:\/\/www.donausoja.org\/sr\/wp-json\/wp\/v2\/pages\/20639\/revisions\/53869"}],"up":[{"embeddable":true,"href":"https:\/\/www.donausoja.org\/sr\/wp-json\/wp\/v2\/pages\/20264"}],"wp:attachment":[{"href":"https:\/\/www.donausoja.org\/sr\/wp-json\/wp\/v2\/media?parent=20639"}],"curies":[{"name":"wp","href":"https:\/\/api.w.org\/{rel}","templated":true}]}}