
{"id":20636,"date":"2021-12-07T09:59:54","date_gmt":"2021-12-07T09:59:54","guid":{"rendered":"https:\/\/fourth.donausoja.org\/ds-es-soja-cenovnik-sojine-sacme\/"},"modified":"2025-02-21T09:42:40","modified_gmt":"2025-02-21T09:42:40","slug":"ds-es-soya-bean-meal-prices","status":"publish","type":"page","link":"https:\/\/www.donausoja.org\/sr\/ds-es-soya-bean-meal-prices\/","title":{"rendered":"DS\/ES cenovnik sojine sa\u010dme"},"content":{"rendered":"<p>[et_pb_section fb_built=&#8221;1&#8243; _builder_version=&#8221;4.16&#8243; _module_preset=&#8221;default&#8221; background_color=&#8221;RGBA(255,255,255,0)&#8221; da_disable_devices=&#8221;off|off|off&#8221; locked=&#8221;off&#8221; global_colors_info=&#8221;{}&#8221; da_is_popup=&#8221;off&#8221; da_exit_intent=&#8221;off&#8221; da_has_close=&#8221;on&#8221; da_alt_close=&#8221;off&#8221; da_dark_close=&#8221;off&#8221; da_not_modal=&#8221;on&#8221; da_is_singular=&#8221;off&#8221; da_with_loader=&#8221;off&#8221; da_has_shadow=&#8221;on&#8221;][et_pb_row _builder_version=&#8221;4.16&#8243; _module_preset=&#8221;default&#8221; custom_padding=&#8221;130px|||||&#8221; global_colors_info=&#8221;{}&#8221;][et_pb_column type=&#8221;4_4&#8243; _builder_version=&#8221;4.16&#8243; _module_preset=&#8221;default&#8221; global_colors_info=&#8221;{}&#8221;][et_pb_text admin_label=&#8221;Headline&#8221; _builder_version=&#8221;4.17.6&#8243; _module_preset=&#8221;77a7a6a5-6cba-4e24-a8d7-1992b0adbe08&#8243; header_font=&#8221;Ubuntu|700|||||||&#8221; global_colors_info=&#8221;{}&#8221;]<\/p>\n<h1>Donau Soja\/Europe Soya cenovnik sojine sa\u010dme<\/h1>\n<p>[\/et_pb_text][\/et_pb_column][\/et_pb_row][\/et_pb_section][et_pb_section fb_built=&#8221;1&#8243; _builder_version=&#8221;4.16&#8243; _module_preset=&#8221;default&#8221; custom_padding=&#8221;0px||4px|||&#8221; da_disable_devices=&#8221;off|off|off&#8221; global_colors_info=&#8221;{}&#8221; da_is_popup=&#8221;off&#8221; da_exit_intent=&#8221;off&#8221; da_has_close=&#8221;on&#8221; da_alt_close=&#8221;off&#8221; da_dark_close=&#8221;off&#8221; da_not_modal=&#8221;on&#8221; da_is_singular=&#8221;off&#8221; da_with_loader=&#8221;off&#8221; da_has_shadow=&#8221;on&#8221;][et_pb_row _builder_version=&#8221;4.16&#8243; _module_preset=&#8221;default&#8221; global_colors_info=&#8221;{}&#8221;][et_pb_column type=&#8221;4_4&#8243; _builder_version=&#8221;4.16&#8243; _module_preset=&#8221;default&#8221; global_colors_info=&#8221;{}&#8221;][et_pb_text admin_label=&#8221;Price list&#8221; _builder_version=&#8221;4.27.3&#8243; _module_preset=&#8221;77a7a6a5-6cba-4e24-a8d7-1992b0adbe08&#8243; hover_enabled=&#8221;0&#8243; global_colors_info=&#8221;{}&#8221; sticky_enabled=&#8221;0&#8243;]<\/p>\n<h2>Cenovnik<\/h2>\n<p>Dnevne informacije o cenama u nastavku imaju za cilj da Vas informi\u0161u o cenama Donau Soja \/ Europe Soya sojine sa\u010dme u razli\u010ditim regionima. Vrednosti se izra\u010dunavaju na osnovu teku\u0107ih pokazatelja prera\u0111iva\u010da soje i \u0161pediterskih cena za odabrane lokacije isporuke. Sve cene u tabeli su zasnovane na sadr\u017eaju proteina od 44%. Vrednosti se a\u017euriraju svakog radnog dana (osim praznicima), obi\u010dno izme\u0111u 13 i 14 \u010dasova po centralno-evropskom vremenu. Cene prikazane u nastavku su neto vrednosti. (za \u0161tampanje ove stranice, molimo da koristite Chrome pregleda\u010d).<\/p>\n<p>The price tables are only available in English.<\/p>\n<p>[\/et_pb_text][\/et_pb_column][\/et_pb_row][\/et_pb_section][et_pb_section fb_built=&#8221;1&#8243; _builder_version=&#8221;4.16&#8243; _module_preset=&#8221;default&#8221; background_color=&#8221;#F6F1E8&#8243; custom_padding=&#8221;||3px|||&#8221; da_disable_devices=&#8221;off|off|off&#8221; global_colors_info=&#8221;{}&#8221; da_is_popup=&#8221;off&#8221; da_exit_intent=&#8221;off&#8221; da_has_close=&#8221;on&#8221; da_alt_close=&#8221;off&#8221; da_dark_close=&#8221;off&#8221; da_not_modal=&#8221;on&#8221; da_is_singular=&#8221;off&#8221; da_with_loader=&#8221;off&#8221; da_has_shadow=&#8221;on&#8221;][et_pb_row _builder_version=&#8221;4.16&#8243; _module_preset=&#8221;default&#8221; global_colors_info=&#8221;{}&#8221;][et_pb_column type=&#8221;4_4&#8243; _builder_version=&#8221;4.16&#8243; _module_preset=&#8221;default&#8221; global_colors_info=&#8221;{}&#8221;][et_pb_code _builder_version=&#8221;4.16&#8243; _module_preset=&#8221;default&#8221; global_colors_info=&#8221;{}&#8221;]<iframe loading=\"lazy\" frameborder=\"0\" scrolling=\"no\" width=\"100%\" height=\"1200px\" src=\"https:\/\/www.proteinmarkt.de\/charts\/tagesaktuelle_oelschrotpreise\/non-gmo-sojaschrot_en.php\"><\/iframe>[\/et_pb_code][\/et_pb_column][\/et_pb_row][et_pb_row _builder_version=&#8221;4.16&#8243; _module_preset=&#8221;default&#8221; global_colors_info=&#8221;{}&#8221;][et_pb_column type=&#8221;4_4&#8243; _builder_version=&#8221;4.16&#8243; _module_preset=&#8221;default&#8221; global_colors_info=&#8221;{}&#8221;][et_pb_text _builder_version=&#8221;4.17.6&#8243; _module_preset=&#8221;default&#8221; custom_margin=&#8221;||-1px|||&#8221; global_colors_info=&#8221;{}&#8221;]<\/p>\n<p>Uz podr\u0161ku:<\/p>\n<p>[\/et_pb_text][et_pb_image src=&#8221;https:\/\/www.donausoja.org\/wp-content\/uploads\/2022\/02\/proteinmarkt_Logo_2020.gif&#8221; title_text=&#8221;proteinmarkt_Logo_2020&#8243; _builder_version=&#8221;4.16&#8243; _module_preset=&#8221;default&#8221; max_width=&#8221;50%&#8221; global_colors_info=&#8221;{}&#8221;][\/et_pb_image][\/et_pb_column][\/et_pb_row][et_pb_row _builder_version=&#8221;4.16&#8243; _module_preset=&#8221;default&#8221; custom_padding=&#8221;0px|||||&#8221; global_colors_info=&#8221;{}&#8221;][et_pb_column type=&#8221;4_4&#8243; _builder_version=&#8221;4.16&#8243; _module_preset=&#8221;default&#8221; global_colors_info=&#8221;{}&#8221;][et_pb_text _builder_version=&#8221;4.17.6&#8243; _module_preset=&#8221;default&#8221; custom_margin=&#8221;||-1px|||&#8221; global_colors_info=&#8221;{}&#8221;]<\/p>\n<p><strong>Odricanje od odgovornosti<\/strong><\/p>\n<p>Ula\u017eemo razumne napore da objavimo precizne i pouzdane cene, ali ne garantujemo ta\u010dnost i celovitost takvih informacija.<\/p>\n<p>[\/et_pb_text][\/et_pb_column][\/et_pb_row][\/et_pb_section]<\/p>\n","protected":false},"excerpt":{"rendered":"<p>Donau Soja\/Europe Soya cenovnik sojine sa\u010dmeCenovnik Dnevne informacije o cenama u nastavku imaju za cilj da Vas informi\u0161u o cenama Donau Soja \/ Europe Soya sojine sa\u010dme u razli\u010ditim regionima. Vrednosti se izra\u010dunavaju na osnovu teku\u0107ih pokazatelja prera\u0111iva\u010da soje i \u0161pediterskih cena za odabrane lokacije isporuke. Sve cene u tabeli su zasnovane na sadr\u017eaju proteina [&hellip;]<\/p>\n","protected":false},"author":1,"featured_media":69,"parent":0,"menu_order":0,"comment_status":"open","ping_status":"open","template":"","meta":{"_et_pb_use_builder":"on","_et_pb_old_content":"","_et_gb_content_width":"","footnotes":""},"class_list":["post-20636","page","type-page","status-publish","has-post-thumbnail","hentry"],"yoast_head":"<!-- This site is optimized with the Yoast SEO plugin v27.4 - https:\/\/yoast.com\/product\/yoast-seo-wordpress\/ -->\n<title>DS\/ES cenovnik sojine sa\u010dme - Donau Soja<\/title>\n<meta name=\"description\" content=\"Dnevne informacije o cenama u nastavku imaju za cilj da Vas informi\u0161u o cenama Europe Soya\/Donau Soja sojine sa\u010dme u razli\u010ditim regionima.\" \/>\n<meta name=\"robots\" content=\"index, follow, max-snippet:-1, max-image-preview:large, max-video-preview:-1\" \/>\n<link rel=\"canonical\" href=\"https:\/\/www.donausoja.org\/sr\/ds-es-soya-bean-meal-prices\/\" \/>\n<meta property=\"og:locale\" content=\"sr_RS\" \/>\n<meta property=\"og:type\" content=\"article\" \/>\n<meta property=\"og:title\" content=\"DS\/ES cenovnik sojine sa\u010dme - Donau Soja\" \/>\n<meta property=\"og:description\" content=\"Dnevne informacije o cenama u nastavku imaju za cilj da Vas informi\u0161u o cenama Europe Soya\/Donau Soja sojine sa\u010dme u razli\u010ditim regionima.\" \/>\n<meta property=\"og:url\" content=\"https:\/\/www.donausoja.org\/sr\/ds-es-soya-bean-meal-prices\/\" \/>\n<meta property=\"og:site_name\" content=\"Donau Soja\" \/>\n<meta property=\"article:modified_time\" content=\"2025-02-21T09:42:40+00:00\" \/>\n<meta property=\"og:image\" content=\"https:\/\/www.donausoja.org\/wp-content\/uploads\/2021\/12\/cropped-donausoja_favicon2_512-1-e1645618911394.png\" \/>\n\t<meta property=\"og:image:width\" content=\"212\" \/>\n\t<meta property=\"og:image:height\" content=\"212\" \/>\n\t<meta property=\"og:image:type\" content=\"image\/png\" \/>\n<meta name=\"twitter:card\" content=\"summary_large_image\" \/>\n<meta name=\"twitter:label1\" content=\"\u041f\u0440\u043e\u0446\u0435\u045a\u0435\u043d\u043e \u0432\u0440\u0435\u043c\u0435 \u0447\u0438\u0442\u0430\u045a\u0430\" \/>\n\t<meta name=\"twitter:data1\" content=\"1 \u043c\u0438\u043d\u0443\u0442\" \/>\n<script type=\"application\/ld+json\" class=\"yoast-schema-graph\">{\"@context\":\"https:\\\/\\\/schema.org\",\"@graph\":[{\"@type\":\"WebPage\",\"@id\":\"https:\\\/\\\/www.donausoja.org\\\/sr\\\/ds-es-soya-bean-meal-prices\\\/\",\"url\":\"https:\\\/\\\/www.donausoja.org\\\/sr\\\/ds-es-soya-bean-meal-prices\\\/\",\"name\":\"DS\\\/ES cenovnik sojine sa\u010dme - Donau Soja\",\"isPartOf\":{\"@id\":\"https:\\\/\\\/www.donausoja.org\\\/sr\\\/#website\"},\"primaryImageOfPage\":{\"@id\":\"https:\\\/\\\/www.donausoja.org\\\/sr\\\/ds-es-soya-bean-meal-prices\\\/#primaryimage\"},\"image\":{\"@id\":\"https:\\\/\\\/www.donausoja.org\\\/sr\\\/ds-es-soya-bean-meal-prices\\\/#primaryimage\"},\"thumbnailUrl\":\"https:\\\/\\\/www.donausoja.org\\\/wp-content\\\/uploads\\\/2021\\\/12\\\/cropped-donausoja_favicon2_512-1-e1645618911394.png\",\"datePublished\":\"2021-12-07T09:59:54+00:00\",\"dateModified\":\"2025-02-21T09:42:40+00:00\",\"description\":\"Dnevne informacije o cenama u nastavku imaju za cilj da Vas informi\u0161u o cenama Europe Soya\\\/Donau Soja sojine sa\u010dme u razli\u010ditim regionima.\",\"breadcrumb\":{\"@id\":\"https:\\\/\\\/www.donausoja.org\\\/sr\\\/ds-es-soya-bean-meal-prices\\\/#breadcrumb\"},\"inLanguage\":\"sr-RS\",\"potentialAction\":[{\"@type\":\"ReadAction\",\"target\":[\"https:\\\/\\\/www.donausoja.org\\\/sr\\\/ds-es-soya-bean-meal-prices\\\/\"]}]},{\"@type\":\"ImageObject\",\"inLanguage\":\"sr-RS\",\"@id\":\"https:\\\/\\\/www.donausoja.org\\\/sr\\\/ds-es-soya-bean-meal-prices\\\/#primaryimage\",\"url\":\"https:\\\/\\\/www.donausoja.org\\\/wp-content\\\/uploads\\\/2021\\\/12\\\/cropped-donausoja_favicon2_512-1-e1645618911394.png\",\"contentUrl\":\"https:\\\/\\\/www.donausoja.org\\\/wp-content\\\/uploads\\\/2021\\\/12\\\/cropped-donausoja_favicon2_512-1-e1645618911394.png\",\"width\":212,\"height\":212},{\"@type\":\"BreadcrumbList\",\"@id\":\"https:\\\/\\\/www.donausoja.org\\\/sr\\\/ds-es-soya-bean-meal-prices\\\/#breadcrumb\",\"itemListElement\":[{\"@type\":\"ListItem\",\"position\":1,\"name\":\"Home\",\"item\":\"https:\\\/\\\/www.donausoja.org\\\/sr\\\/\"},{\"@type\":\"ListItem\",\"position\":2,\"name\":\"DS\\\/ES cenovnik sojine sa\u010dme\"}]},{\"@type\":\"WebSite\",\"@id\":\"https:\\\/\\\/www.donausoja.org\\\/sr\\\/#website\",\"url\":\"https:\\\/\\\/www.donausoja.org\\\/sr\\\/\",\"name\":\"Donau Soja\",\"description\":\"Together for a European Protein Supply: Regional. Sustainable. Non-GM.\",\"potentialAction\":[{\"@type\":\"SearchAction\",\"target\":{\"@type\":\"EntryPoint\",\"urlTemplate\":\"https:\\\/\\\/www.donausoja.org\\\/sr\\\/?s={search_term_string}\"},\"query-input\":{\"@type\":\"PropertyValueSpecification\",\"valueRequired\":true,\"valueName\":\"search_term_string\"}}],\"inLanguage\":\"sr-RS\"}]}<\/script>\n<!-- \/ Yoast SEO plugin. -->","yoast_head_json":{"title":"DS\/ES cenovnik sojine sa\u010dme - Donau Soja","description":"Dnevne informacije o cenama u nastavku imaju za cilj da Vas informi\u0161u o cenama Europe Soya\/Donau Soja sojine sa\u010dme u razli\u010ditim regionima.","robots":{"index":"index","follow":"follow","max-snippet":"max-snippet:-1","max-image-preview":"max-image-preview:large","max-video-preview":"max-video-preview:-1"},"canonical":"https:\/\/www.donausoja.org\/sr\/ds-es-soya-bean-meal-prices\/","og_locale":"sr_RS","og_type":"article","og_title":"DS\/ES cenovnik sojine sa\u010dme - Donau Soja","og_description":"Dnevne informacije o cenama u nastavku imaju za cilj da Vas informi\u0161u o cenama Europe Soya\/Donau Soja sojine sa\u010dme u razli\u010ditim regionima.","og_url":"https:\/\/www.donausoja.org\/sr\/ds-es-soya-bean-meal-prices\/","og_site_name":"Donau Soja","article_modified_time":"2025-02-21T09:42:40+00:00","og_image":[{"width":212,"height":212,"url":"https:\/\/www.donausoja.org\/wp-content\/uploads\/2021\/12\/cropped-donausoja_favicon2_512-1-e1645618911394.png","type":"image\/png"}],"twitter_card":"summary_large_image","twitter_misc":{"\u041f\u0440\u043e\u0446\u0435\u045a\u0435\u043d\u043e \u0432\u0440\u0435\u043c\u0435 \u0447\u0438\u0442\u0430\u045a\u0430":"1 \u043c\u0438\u043d\u0443\u0442"},"schema":{"@context":"https:\/\/schema.org","@graph":[{"@type":"WebPage","@id":"https:\/\/www.donausoja.org\/sr\/ds-es-soya-bean-meal-prices\/","url":"https:\/\/www.donausoja.org\/sr\/ds-es-soya-bean-meal-prices\/","name":"DS\/ES cenovnik sojine sa\u010dme - Donau Soja","isPartOf":{"@id":"https:\/\/www.donausoja.org\/sr\/#website"},"primaryImageOfPage":{"@id":"https:\/\/www.donausoja.org\/sr\/ds-es-soya-bean-meal-prices\/#primaryimage"},"image":{"@id":"https:\/\/www.donausoja.org\/sr\/ds-es-soya-bean-meal-prices\/#primaryimage"},"thumbnailUrl":"https:\/\/www.donausoja.org\/wp-content\/uploads\/2021\/12\/cropped-donausoja_favicon2_512-1-e1645618911394.png","datePublished":"2021-12-07T09:59:54+00:00","dateModified":"2025-02-21T09:42:40+00:00","description":"Dnevne informacije o cenama u nastavku imaju za cilj da Vas informi\u0161u o cenama Europe Soya\/Donau Soja sojine sa\u010dme u razli\u010ditim regionima.","breadcrumb":{"@id":"https:\/\/www.donausoja.org\/sr\/ds-es-soya-bean-meal-prices\/#breadcrumb"},"inLanguage":"sr-RS","potentialAction":[{"@type":"ReadAction","target":["https:\/\/www.donausoja.org\/sr\/ds-es-soya-bean-meal-prices\/"]}]},{"@type":"ImageObject","inLanguage":"sr-RS","@id":"https:\/\/www.donausoja.org\/sr\/ds-es-soya-bean-meal-prices\/#primaryimage","url":"https:\/\/www.donausoja.org\/wp-content\/uploads\/2021\/12\/cropped-donausoja_favicon2_512-1-e1645618911394.png","contentUrl":"https:\/\/www.donausoja.org\/wp-content\/uploads\/2021\/12\/cropped-donausoja_favicon2_512-1-e1645618911394.png","width":212,"height":212},{"@type":"BreadcrumbList","@id":"https:\/\/www.donausoja.org\/sr\/ds-es-soya-bean-meal-prices\/#breadcrumb","itemListElement":[{"@type":"ListItem","position":1,"name":"Home","item":"https:\/\/www.donausoja.org\/sr\/"},{"@type":"ListItem","position":2,"name":"DS\/ES cenovnik sojine sa\u010dme"}]},{"@type":"WebSite","@id":"https:\/\/www.donausoja.org\/sr\/#website","url":"https:\/\/www.donausoja.org\/sr\/","name":"Donau Soja","description":"Together for a European Protein Supply: Regional. Sustainable. Non-GM.","potentialAction":[{"@type":"SearchAction","target":{"@type":"EntryPoint","urlTemplate":"https:\/\/www.donausoja.org\/sr\/?s={search_term_string}"},"query-input":{"@type":"PropertyValueSpecification","valueRequired":true,"valueName":"search_term_string"}}],"inLanguage":"sr-RS"}]}},"_links":{"self":[{"href":"https:\/\/www.donausoja.org\/sr\/wp-json\/wp\/v2\/pages\/20636","targetHints":{"allow":["GET"]}}],"collection":[{"href":"https:\/\/www.donausoja.org\/sr\/wp-json\/wp\/v2\/pages"}],"about":[{"href":"https:\/\/www.donausoja.org\/sr\/wp-json\/wp\/v2\/types\/page"}],"author":[{"embeddable":true,"href":"https:\/\/www.donausoja.org\/sr\/wp-json\/wp\/v2\/users\/1"}],"replies":[{"embeddable":true,"href":"https:\/\/www.donausoja.org\/sr\/wp-json\/wp\/v2\/comments?post=20636"}],"version-history":[{"count":3,"href":"https:\/\/www.donausoja.org\/sr\/wp-json\/wp\/v2\/pages\/20636\/revisions"}],"predecessor-version":[{"id":55077,"href":"https:\/\/www.donausoja.org\/sr\/wp-json\/wp\/v2\/pages\/20636\/revisions\/55077"}],"wp:featuredmedia":[{"embeddable":true,"href":"https:\/\/www.donausoja.org\/sr\/wp-json\/wp\/v2\/media\/69"}],"wp:attachment":[{"href":"https:\/\/www.donausoja.org\/sr\/wp-json\/wp\/v2\/media?parent=20636"}],"curies":[{"name":"wp","href":"https:\/\/api.w.org\/{rel}","templated":true}]}}