
{"id":20305,"date":"2022-02-10T08:49:07","date_gmt":"2022-02-10T08:49:07","guid":{"rendered":"https:\/\/fourth.donausoja.org\/projekti\/prethodni-projekti\/ada-devram\/"},"modified":"2022-02-10T08:49:07","modified_gmt":"2022-02-10T08:49:07","slug":"ada-devram","status":"publish","type":"page","link":"https:\/\/www.donausoja.org\/sr\/projekti\/previous-projects\/ada-devram\/","title":{"rendered":"ADA\/DevRAM"},"content":{"rendered":"<p>[et_pb_section fb_built=&#8221;1&#8243; _builder_version=&#8221;4.16&#8243; _module_preset=&#8221;default&#8221; background_color=&#8221;RGBA(255,255,255,0)&#8221; locked=&#8221;off&#8221; global_colors_info=&#8221;{}&#8221;][et_pb_row _builder_version=&#8221;4.16&#8243; _module_preset=&#8221;default&#8221; custom_padding=&#8221;130px|||||&#8221; global_colors_info=&#8221;{}&#8221;][et_pb_column type=&#8221;4_4&#8243; _builder_version=&#8221;4.16&#8243; _module_preset=&#8221;default&#8221; global_colors_info=&#8221;{}&#8221;][et_pb_text _builder_version=&#8221;4.16&#8243; _module_preset=&#8221;77a7a6a5-6cba-4e24-a8d7-1992b0adbe08&#8243; header_font=&#8221;Ubuntu|700|||||||&#8221; header_text_shadow_style=&#8221;preset3&#8243; global_colors_info=&#8221;{}&#8221;]<\/p>\n<section class=\"elementor-section elementor-top-section elementor-element elementor-element-87ac4cf elementor-section-height-min-height elementor-section-items-bottom elementor-section-boxed elementor-section-height-default\" data-id=\"87ac4cf\" data-element_type=\"section\" data-settings=\"{&quot;background_background&quot;:&quot;classic&quot;}\">\n<div class=\"elementor-container elementor-column-gap-default\">\n<div class=\"elementor-row\">\n<div class=\"elementor-column elementor-col-100 elementor-top-column elementor-element elementor-element-43eb478\" data-id=\"43eb478\" data-element_type=\"column\">\n<div class=\"elementor-column-wrap elementor-element-populated\">\n<div class=\"elementor-widget-wrap\">\n<div class=\"elementor-element elementor-element-d918ba3 elementor-widget elementor-widget-heading elementor-motion-effects-parent animated fadeInUp\" data-id=\"d918ba3\" data-element_type=\"widget\" data-settings=\"{&quot;motion_fx_motion_fx_scrolling&quot;:&quot;yes&quot;,&quot;motion_fx_opacity_effect&quot;:&quot;yes&quot;,&quot;motion_fx_opacity_direction&quot;:&quot;in-out&quot;,&quot;motion_fx_opacity_range&quot;:{&quot;unit&quot;:&quot;%&quot;,&quot;size&quot;:&quot;&quot;,&quot;sizes&quot;:{&quot;start&quot;:74,&quot;end&quot;:90}},&quot;_animation&quot;:&quot;fadeInUp&quot;,&quot;motion_fx_opacity_level&quot;:{&quot;unit&quot;:&quot;px&quot;,&quot;size&quot;:10,&quot;sizes&quot;:[]},&quot;motion_fx_devices&quot;:[&quot;desktop&quot;,&quot;tablet&quot;,&quot;mobile&quot;]}\" data-widget_type=\"heading.default\">\n<div class=\"elementor-widget-container elementor-motion-effects-element\">\n<h1 class=\"elementor-heading-title elementor-size-xl\">ADA\/DevRAM<\/h1>\n<\/div>\n<\/div>\n<\/div>\n<\/div>\n<\/div>\n<\/div>\n<\/div>\n<\/section>\n<section class=\"elementor-section elementor-top-section elementor-element elementor-element-71a6ab2 elementor-section-boxed elementor-section-height-default elementor-section-height-default\" data-id=\"71a6ab2\" data-element_type=\"section\" data-settings=\"{&quot;background_background&quot;:&quot;classic&quot;}\">\n<div class=\"elementor-container elementor-column-gap-extended\">\n<div class=\"elementor-row\">\n<div class=\"elementor-column elementor-col-50 elementor-top-column elementor-element elementor-element-7edcb0e\" data-id=\"7edcb0e\" data-element_type=\"column\" data-settings=\"{&quot;background_background&quot;:&quot;classic&quot;}\">\n<div class=\"elementor-column-wrap elementor-element-populated\">\n<div class=\"elementor-widget-wrap\">\n<div class=\"elementor-element elementor-element-2a0b713 elementor-widget elementor-widget-text-editor\" data-id=\"2a0b713\" data-element_type=\"widget\" data-widget_type=\"text-editor.default\">\n<div class=\"elementor-widget-container\"><\/div>\n<\/div>\n<\/div>\n<\/div>\n<\/div>\n<\/div>\n<\/div>\n<\/section>\n<p>[\/et_pb_text][\/et_pb_column][\/et_pb_row][\/et_pb_section][et_pb_section fb_built=&#8221;1&#8243; _builder_version=&#8221;4.16&#8243; _module_preset=&#8221;default&#8221; background_color=&#8221;#F6F1E8&#8243; custom_padding=&#8221;4px||3px|||&#8221; global_colors_info=&#8221;{}&#8221;][et_pb_row column_structure=&#8221;2_3,1_3&#8243; _builder_version=&#8221;4.16&#8243; _module_preset=&#8221;default&#8221; background_color=&#8221;#ffffff&#8221; custom_margin=&#8221;20px||20px||false|false&#8221; custom_padding=&#8221;0px|20px||20px|false|false&#8221; global_colors_info=&#8221;{}&#8221;][et_pb_column type=&#8221;2_3&#8243; _builder_version=&#8221;4.16&#8243; _module_preset=&#8221;default&#8221; global_colors_info=&#8221;{}&#8221;][et_pb_text _builder_version=&#8221;4.17.6&#8243; _module_preset=&#8221;77a7a6a5-6cba-4e24-a8d7-1992b0adbe08&#8243; hover_enabled=&#8221;0&#8243; global_colors_info=&#8221;{}&#8221; sticky_enabled=&#8221;0&#8243;]<\/p>\n<p><strong>SARADNJA IZME\u0110U AUSTRIJSKE RAZVOJE AGENCIJE I EVROPSKE UNIJE<\/strong><\/p>\n<p>Cilj projekta je da pove\u0107a konkurentnost poljoprivredno-prehrambenog sektora u Moldaviji kroz integraciju u doma\u0107eg i globalnog lanca vrednosti, naro\u010dito u sektoru soje.<\/p>\n<p>Zajedno sa partnerom u konzorcijumu, Moldavski NVO Pro Didactica, Donau Soja sprovodi projekat u cilju pove\u0107anja konkurentnosti moldavskog poljoprivredno-prehrambenog sektora, sa posebnim fokusom na lanac vrednosti soje. Ovaj projekat koji finansira EU i kojim upravlja ADA \u017eeli da unapredi postoje\u0107e standarde kvaliteta i da oja\u010da kapacitete u stru\u010dnom obrazovanju i poljoprivrednoj obuci.<\/p>\n<p>Ovaj projekat dopunjava moldavsku komponentu regionalno organizovanog strate\u0161kog partnerstva sa ADA i Dunav Sojom, \u010dime se podr\u017eava izgradnja odr\u017eivih i inkluzivnih lanaca vrednosti za BEZ GMO organsku soju u Bosni i Hercegovini, Srbiji, Moldaviji i Ukrajini.<\/p>\n<p>ADA je dodelila sredstva projektnom konzorcijumu koji \u010dine Donau Soja i Pro Didactica obrazovni centar, u cilju sprovo\u0111enja aktivnosti u \u010detiri komponente:<\/p>\n<p>[\/et_pb_text][et_pb_blurb url_new_window=&#8221;on&#8221; use_icon=&#8221;on&#8221; font_icon=&#8221;&#xf0c8;||fa||900&#8243; _builder_version=&#8221;4.17.6&#8243; _module_preset=&#8221;591a8906-608e-4daf-b2d8-77bd187d9121&#8243; header_font=&#8221;|700|||||||&#8221; link_option_url_new_window=&#8221;on&#8221; locked=&#8221;off&#8221; global_colors_info=&#8221;{}&#8221;]<\/p>\n<p>Komponenta 1: Unapre\u0111enje kapaciteta za inovacije i obrazovanje u poljoprivredi Moldavije.<\/p>\n<p>[\/et_pb_blurb][et_pb_blurb url_new_window=&#8221;on&#8221; use_icon=&#8221;on&#8221; font_icon=&#8221;&#xf0c8;||fa||900&#8243; _builder_version=&#8221;4.17.6&#8243; _module_preset=&#8221;591a8906-608e-4daf-b2d8-77bd187d9121&#8243; header_font=&#8221;|700|||||||&#8221; link_option_url_new_window=&#8221;on&#8221; locked=&#8221;off&#8221; global_colors_info=&#8221;{}&#8221;]<\/p>\n<p>Komponenta 2: Pove\u0107anje pristupa tr\u017ei\u0161tu i unapre\u0111enje tra\u017enje za sertifikovanim i organskim poljoprivredno-prehrambenim proizvodima na nacionalnom i stranim tr\u017ei\u0161tima.<\/p>\n<p>[\/et_pb_blurb][et_pb_blurb url_new_window=&#8221;on&#8221; use_icon=&#8221;on&#8221; font_icon=&#8221;&#xf0c8;||fa||900&#8243; _builder_version=&#8221;4.17.6&#8243; _module_preset=&#8221;591a8906-608e-4daf-b2d8-77bd187d9121&#8243; header_font=&#8221;|700|||||||&#8221; link_option_url_new_window=&#8221;on&#8221; locked=&#8221;off&#8221; global_colors_info=&#8221;{}&#8221;]<\/p>\n<p>Komponenta 3: Kori\u0161\u0107enje standarda i sertifikacije u cilju podizanja performansi unutar lanaca vrednosti.<\/p>\n<p>[\/et_pb_blurb][et_pb_blurb url_new_window=&#8221;on&#8221; use_icon=&#8221;on&#8221; font_icon=&#8221;&#xf0c8;||fa||900&#8243; _builder_version=&#8221;4.17.6&#8243; _module_preset=&#8221;591a8906-608e-4daf-b2d8-77bd187d9121&#8243; header_font=&#8221;|700|||||||&#8221; link_option_url_new_window=&#8221;on&#8221; hover_enabled=&#8221;0&#8243; locked=&#8221;off&#8221; global_colors_info=&#8221;{}&#8221; sticky_enabled=&#8221;0&#8243;]<\/p>\n<p>Komponenta 4: Promocija i omogu\u0107avanje okru\u017eenja koje obezbe\u0111uje standarde kvaliteta u poljoprivredno-prehrambenom sektoru (uklju\u010duju\u0107i organsku poljoprivredu i organske proizvode), te uskla\u0111ivanje moldavskog pravnog okvira sa dokumentima i politikom EU o standardima kvaliteta.<\/p>\n<p>[\/et_pb_blurb][et_pb_text _builder_version=&#8221;4.17.6&#8243; _module_preset=&#8221;77a7a6a5-6cba-4e24-a8d7-1992b0adbe08&#8243; hover_enabled=&#8221;0&#8243; global_colors_info=&#8221;{}&#8221; sticky_enabled=&#8221;0&#8243;]<\/p>\n<p>Jedan od prioriteta za uspe\u0161nu implementaciju ovih aktivnosti je obezbe\u0111enje kvaliteta. To zahteva razmatranje dru\u0161tvenih i standarda za\u0161tite sredine, kao i ravnopravnost polova. Ovaj projekat \u0107e direktno i indirektno doprineti Ciljevima odr\u017eivog razvoja UN, naro\u010dito SDG 1, 2, 4, 8, 9, 12, 13 i 15.<\/p>\n<p>Neposredni korisnici projekta \u010dine otprilike 300 proizvo\u0111a\u010da soje, \u010detiri kolektora, 15 proizvo\u0111a\u010da hrane i sto\u010dne hrane, Moldavski centar izvrsnosti u hortikulturi i poljoprivrednim tehnologijama, te \u0161est institucija stru\u010dnog obrazovanja (VET). Dodatno, 550 zaposlenih kod stejkholdera iz celog lanca vrednosti, 150 nastavnika iz svih uklju\u010denih \u0161kola i 150 u\u010denika, \u0107e imati direktne koristi od ovog projekta.<\/p>\n<p>[\/et_pb_text][\/et_pb_column][et_pb_column type=&#8221;1_3&#8243; _builder_version=&#8221;4.16&#8243; _module_preset=&#8221;default&#8221; global_colors_info=&#8221;{}&#8221;][et_pb_image src=&#8221;https:\/\/www.donausoja.org\/wp-content\/uploads\/2022\/02\/project-founded-european-union.png&#8221; title_text=&#8221;project-founded-european-union&#8221; _builder_version=&#8221;4.16&#8243; _module_preset=&#8221;default&#8221; custom_margin=&#8221;20px||||false|false&#8221; custom_padding=&#8221;20px|20px|20px|20px|false|false&#8221; box_shadow_style=&#8221;preset1&#8243; global_colors_info=&#8221;{}&#8221;][\/et_pb_image][et_pb_image src=&#8221;https:\/\/www.donausoja.org\/wp-content\/uploads\/2022\/02\/ADA_Logo_JPEG-300&#215;128-1-1.jpg&#8221; title_text=&#8221;ADA_Logo_JPEG-300&#215;128-1&#8243; _builder_version=&#8221;4.16&#8243; _module_preset=&#8221;default&#8221; custom_margin=&#8221;4px||||false|false&#8221; custom_padding=&#8221;20px|20px|20px|20px|false|false&#8221; box_shadow_style=&#8221;preset1&#8243; global_colors_info=&#8221;{}&#8221;][\/et_pb_image][et_pb_image src=&#8221;https:\/\/www.donausoja.org\/wp-content\/uploads\/2022\/02\/ProDidactica.png&#8221; title_text=&#8221;ProDidactica&#8221; align=&#8221;center&#8221; _builder_version=&#8221;4.16&#8243; _module_preset=&#8221;default&#8221; custom_margin=&#8221;4px||||false|false&#8221; custom_padding=&#8221;20px|20px|20px|20px|false|false&#8221; box_shadow_style=&#8221;preset1&#8243; global_colors_info=&#8221;{}&#8221;][\/et_pb_image][et_pb_image src=&#8221;https:\/\/www.donausoja.org\/wp-content\/uploads\/2022\/03\/WhatsApp-Image-2021-08-10-at-13.42.25.jpeg&#8221; title_text=&#8221;WhatsApp Image 2021-08-10 at 13.42.25&#8243; align=&#8221;center&#8221; _builder_version=&#8221;4.16&#8243; _module_preset=&#8221;default&#8221; custom_margin=&#8221;4px||||false|false&#8221; custom_padding=&#8221;20px|20px|20px|20px|false|false&#8221; box_shadow_style=&#8221;preset1&#8243; global_colors_info=&#8221;{}&#8221;][\/et_pb_image][\/et_pb_column][\/et_pb_row][\/et_pb_section]<\/p>\n","protected":false},"excerpt":{"rendered":"<p>ADA\/DevRAM SARADNJA IZME\u0110U AUSTRIJSKE RAZVOJE AGENCIJE I EVROPSKE UNIJE Cilj projekta je da pove\u0107a konkurentnost poljoprivredno-prehrambenog sektora u Moldaviji kroz integraciju u doma\u0107eg i globalnog lanca vrednosti, naro\u010dito u sektoru soje. Zajedno sa partnerom u konzorcijumu, Moldavski NVO Pro Didactica, Donau Soja sprovodi projekat u cilju pove\u0107anja konkurentnosti moldavskog poljoprivredno-prehrambenog sektora, sa posebnim fokusom na [&hellip;]<\/p>\n","protected":false},"author":2,"featured_media":69,"parent":20300,"menu_order":0,"comment_status":"open","ping_status":"open","template":"","meta":{"_et_pb_use_builder":"on","_et_pb_old_content":"","_et_gb_content_width":"","footnotes":""},"class_list":["post-20305","page","type-page","status-publish","has-post-thumbnail","hentry"],"yoast_head":"<!-- This site is optimized with the Yoast SEO plugin v27.4 - https:\/\/yoast.com\/product\/yoast-seo-wordpress\/ -->\n<title>ADA\/DevRAM - Donau Soja<\/title>\n<meta name=\"description\" content=\"The project aims to increase the competitiveness of the agri-food sector in Moldova through integration into domestic and global value chains, especially in the soya sector.\" \/>\n<meta name=\"robots\" content=\"index, follow, max-snippet:-1, max-image-preview:large, max-video-preview:-1\" \/>\n<link rel=\"canonical\" href=\"https:\/\/www.donausoja.org\/sr\/projekti\/previous-projects\/ada-devram\/\" \/>\n<meta property=\"og:locale\" content=\"sr_RS\" \/>\n<meta property=\"og:type\" content=\"article\" \/>\n<meta property=\"og:title\" content=\"ADA\/DevRAM - Donau Soja\" \/>\n<meta property=\"og:description\" content=\"The project aims to increase the competitiveness of the agri-food sector in Moldova through integration into domestic and global value chains, especially in the soya sector.\" \/>\n<meta property=\"og:url\" content=\"https:\/\/www.donausoja.org\/sr\/projekti\/previous-projects\/ada-devram\/\" \/>\n<meta property=\"og:site_name\" content=\"Donau Soja\" \/>\n<meta property=\"og:image\" content=\"https:\/\/www.donausoja.org\/wp-content\/uploads\/2021\/12\/cropped-donausoja_favicon2_512-1-e1645618911394.png\" \/>\n\t<meta property=\"og:image:width\" content=\"212\" \/>\n\t<meta property=\"og:image:height\" content=\"212\" \/>\n\t<meta property=\"og:image:type\" content=\"image\/png\" \/>\n<meta name=\"twitter:card\" content=\"summary_large_image\" \/>\n<meta name=\"twitter:label1\" content=\"\u041f\u0440\u043e\u0446\u0435\u045a\u0435\u043d\u043e \u0432\u0440\u0435\u043c\u0435 \u0447\u0438\u0442\u0430\u045a\u0430\" \/>\n\t<meta name=\"twitter:data1\" content=\"3 \u043c\u0438\u043d\u0443\u0442\u0430\" \/>\n<script type=\"application\/ld+json\" class=\"yoast-schema-graph\">{\"@context\":\"https:\\\/\\\/schema.org\",\"@graph\":[{\"@type\":\"WebPage\",\"@id\":\"https:\\\/\\\/www.donausoja.org\\\/sr\\\/projekti\\\/previous-projects\\\/ada-devram\\\/\",\"url\":\"https:\\\/\\\/www.donausoja.org\\\/sr\\\/projekti\\\/previous-projects\\\/ada-devram\\\/\",\"name\":\"ADA\\\/DevRAM - Donau Soja\",\"isPartOf\":{\"@id\":\"https:\\\/\\\/www.donausoja.org\\\/sr\\\/#website\"},\"primaryImageOfPage\":{\"@id\":\"https:\\\/\\\/www.donausoja.org\\\/sr\\\/projekti\\\/previous-projects\\\/ada-devram\\\/#primaryimage\"},\"image\":{\"@id\":\"https:\\\/\\\/www.donausoja.org\\\/sr\\\/projekti\\\/previous-projects\\\/ada-devram\\\/#primaryimage\"},\"thumbnailUrl\":\"https:\\\/\\\/www.donausoja.org\\\/wp-content\\\/uploads\\\/2021\\\/12\\\/cropped-donausoja_favicon2_512-1-e1645618911394.png\",\"datePublished\":\"2022-02-10T08:49:07+00:00\",\"description\":\"The project aims to increase the competitiveness of the agri-food sector in Moldova through integration into domestic and global value chains, especially in the soya sector.\",\"breadcrumb\":{\"@id\":\"https:\\\/\\\/www.donausoja.org\\\/sr\\\/projekti\\\/previous-projects\\\/ada-devram\\\/#breadcrumb\"},\"inLanguage\":\"sr-RS\",\"potentialAction\":[{\"@type\":\"ReadAction\",\"target\":[\"https:\\\/\\\/www.donausoja.org\\\/sr\\\/projekti\\\/previous-projects\\\/ada-devram\\\/\"]}]},{\"@type\":\"ImageObject\",\"inLanguage\":\"sr-RS\",\"@id\":\"https:\\\/\\\/www.donausoja.org\\\/sr\\\/projekti\\\/previous-projects\\\/ada-devram\\\/#primaryimage\",\"url\":\"https:\\\/\\\/www.donausoja.org\\\/wp-content\\\/uploads\\\/2021\\\/12\\\/cropped-donausoja_favicon2_512-1-e1645618911394.png\",\"contentUrl\":\"https:\\\/\\\/www.donausoja.org\\\/wp-content\\\/uploads\\\/2021\\\/12\\\/cropped-donausoja_favicon2_512-1-e1645618911394.png\",\"width\":212,\"height\":212},{\"@type\":\"BreadcrumbList\",\"@id\":\"https:\\\/\\\/www.donausoja.org\\\/sr\\\/projekti\\\/previous-projects\\\/ada-devram\\\/#breadcrumb\",\"itemListElement\":[{\"@type\":\"ListItem\",\"position\":1,\"name\":\"Home\",\"item\":\"https:\\\/\\\/www.donausoja.org\\\/sr\\\/\"},{\"@type\":\"ListItem\",\"position\":2,\"name\":\"Projekti\",\"item\":\"https:\\\/\\\/www.donausoja.org\\\/sr\\\/projekti\\\/\"},{\"@type\":\"ListItem\",\"position\":3,\"name\":\"Raniji projekti\",\"item\":\"https:\\\/\\\/www.donausoja.org\\\/sr\\\/projekti\\\/previous-projects\\\/\"},{\"@type\":\"ListItem\",\"position\":4,\"name\":\"ADA\\\/DevRAM\"}]},{\"@type\":\"WebSite\",\"@id\":\"https:\\\/\\\/www.donausoja.org\\\/sr\\\/#website\",\"url\":\"https:\\\/\\\/www.donausoja.org\\\/sr\\\/\",\"name\":\"Donau Soja\",\"description\":\"Together for a European Protein Supply: Regional. Sustainable. Non-GM.\",\"potentialAction\":[{\"@type\":\"SearchAction\",\"target\":{\"@type\":\"EntryPoint\",\"urlTemplate\":\"https:\\\/\\\/www.donausoja.org\\\/sr\\\/?s={search_term_string}\"},\"query-input\":{\"@type\":\"PropertyValueSpecification\",\"valueRequired\":true,\"valueName\":\"search_term_string\"}}],\"inLanguage\":\"sr-RS\"}]}<\/script>\n<!-- \/ Yoast SEO plugin. -->","yoast_head_json":{"title":"ADA\/DevRAM - Donau Soja","description":"The project aims to increase the competitiveness of the agri-food sector in Moldova through integration into domestic and global value chains, especially in the soya sector.","robots":{"index":"index","follow":"follow","max-snippet":"max-snippet:-1","max-image-preview":"max-image-preview:large","max-video-preview":"max-video-preview:-1"},"canonical":"https:\/\/www.donausoja.org\/sr\/projekti\/previous-projects\/ada-devram\/","og_locale":"sr_RS","og_type":"article","og_title":"ADA\/DevRAM - Donau Soja","og_description":"The project aims to increase the competitiveness of the agri-food sector in Moldova through integration into domestic and global value chains, especially in the soya sector.","og_url":"https:\/\/www.donausoja.org\/sr\/projekti\/previous-projects\/ada-devram\/","og_site_name":"Donau Soja","og_image":[{"width":212,"height":212,"url":"https:\/\/www.donausoja.org\/wp-content\/uploads\/2021\/12\/cropped-donausoja_favicon2_512-1-e1645618911394.png","type":"image\/png"}],"twitter_card":"summary_large_image","twitter_misc":{"\u041f\u0440\u043e\u0446\u0435\u045a\u0435\u043d\u043e \u0432\u0440\u0435\u043c\u0435 \u0447\u0438\u0442\u0430\u045a\u0430":"3 \u043c\u0438\u043d\u0443\u0442\u0430"},"schema":{"@context":"https:\/\/schema.org","@graph":[{"@type":"WebPage","@id":"https:\/\/www.donausoja.org\/sr\/projekti\/previous-projects\/ada-devram\/","url":"https:\/\/www.donausoja.org\/sr\/projekti\/previous-projects\/ada-devram\/","name":"ADA\/DevRAM - Donau Soja","isPartOf":{"@id":"https:\/\/www.donausoja.org\/sr\/#website"},"primaryImageOfPage":{"@id":"https:\/\/www.donausoja.org\/sr\/projekti\/previous-projects\/ada-devram\/#primaryimage"},"image":{"@id":"https:\/\/www.donausoja.org\/sr\/projekti\/previous-projects\/ada-devram\/#primaryimage"},"thumbnailUrl":"https:\/\/www.donausoja.org\/wp-content\/uploads\/2021\/12\/cropped-donausoja_favicon2_512-1-e1645618911394.png","datePublished":"2022-02-10T08:49:07+00:00","description":"The project aims to increase the competitiveness of the agri-food sector in Moldova through integration into domestic and global value chains, especially in the soya sector.","breadcrumb":{"@id":"https:\/\/www.donausoja.org\/sr\/projekti\/previous-projects\/ada-devram\/#breadcrumb"},"inLanguage":"sr-RS","potentialAction":[{"@type":"ReadAction","target":["https:\/\/www.donausoja.org\/sr\/projekti\/previous-projects\/ada-devram\/"]}]},{"@type":"ImageObject","inLanguage":"sr-RS","@id":"https:\/\/www.donausoja.org\/sr\/projekti\/previous-projects\/ada-devram\/#primaryimage","url":"https:\/\/www.donausoja.org\/wp-content\/uploads\/2021\/12\/cropped-donausoja_favicon2_512-1-e1645618911394.png","contentUrl":"https:\/\/www.donausoja.org\/wp-content\/uploads\/2021\/12\/cropped-donausoja_favicon2_512-1-e1645618911394.png","width":212,"height":212},{"@type":"BreadcrumbList","@id":"https:\/\/www.donausoja.org\/sr\/projekti\/previous-projects\/ada-devram\/#breadcrumb","itemListElement":[{"@type":"ListItem","position":1,"name":"Home","item":"https:\/\/www.donausoja.org\/sr\/"},{"@type":"ListItem","position":2,"name":"Projekti","item":"https:\/\/www.donausoja.org\/sr\/projekti\/"},{"@type":"ListItem","position":3,"name":"Raniji projekti","item":"https:\/\/www.donausoja.org\/sr\/projekti\/previous-projects\/"},{"@type":"ListItem","position":4,"name":"ADA\/DevRAM"}]},{"@type":"WebSite","@id":"https:\/\/www.donausoja.org\/sr\/#website","url":"https:\/\/www.donausoja.org\/sr\/","name":"Donau Soja","description":"Together for a European Protein Supply: Regional. Sustainable. Non-GM.","potentialAction":[{"@type":"SearchAction","target":{"@type":"EntryPoint","urlTemplate":"https:\/\/www.donausoja.org\/sr\/?s={search_term_string}"},"query-input":{"@type":"PropertyValueSpecification","valueRequired":true,"valueName":"search_term_string"}}],"inLanguage":"sr-RS"}]}},"_links":{"self":[{"href":"https:\/\/www.donausoja.org\/sr\/wp-json\/wp\/v2\/pages\/20305","targetHints":{"allow":["GET"]}}],"collection":[{"href":"https:\/\/www.donausoja.org\/sr\/wp-json\/wp\/v2\/pages"}],"about":[{"href":"https:\/\/www.donausoja.org\/sr\/wp-json\/wp\/v2\/types\/page"}],"author":[{"embeddable":true,"href":"https:\/\/www.donausoja.org\/sr\/wp-json\/wp\/v2\/users\/2"}],"replies":[{"embeddable":true,"href":"https:\/\/www.donausoja.org\/sr\/wp-json\/wp\/v2\/comments?post=20305"}],"version-history":[{"count":0,"href":"https:\/\/www.donausoja.org\/sr\/wp-json\/wp\/v2\/pages\/20305\/revisions"}],"up":[{"embeddable":true,"href":"https:\/\/www.donausoja.org\/sr\/wp-json\/wp\/v2\/pages\/20300"}],"wp:featuredmedia":[{"embeddable":true,"href":"https:\/\/www.donausoja.org\/sr\/wp-json\/wp\/v2\/media\/69"}],"wp:attachment":[{"href":"https:\/\/www.donausoja.org\/sr\/wp-json\/wp\/v2\/media?parent=20305"}],"curies":[{"name":"wp","href":"https:\/\/api.w.org\/{rel}","templated":true}]}}