
{"id":20295,"date":"2022-02-23T15:56:22","date_gmt":"2022-02-23T15:56:22","guid":{"rendered":"https:\/\/fourth.donausoja.org\/poljoprivreda\/analiza-soje\/"},"modified":"2022-02-23T15:56:22","modified_gmt":"2022-02-23T15:56:22","slug":"analiza-soje","status":"publish","type":"page","link":"https:\/\/www.donausoja.org\/sr\/poljoprivreda\/analiza-soje\/","title":{"rendered":"Analiza soje"},"content":{"rendered":"<p>[et_pb_section fb_built=&#8221;1&#8243; _builder_version=&#8221;4.16&#8243; _module_preset=&#8221;default&#8221; background_color=&#8221;RGBA(255,255,255,0)&#8221; locked=&#8221;off&#8221; global_colors_info=&#8221;{}&#8221;][et_pb_row _builder_version=&#8221;4.16&#8243; _module_preset=&#8221;default&#8221; custom_padding=&#8221;130px|||||&#8221; global_colors_info=&#8221;{}&#8221;][et_pb_column type=&#8221;4_4&#8243; _builder_version=&#8221;4.16&#8243; _module_preset=&#8221;default&#8221; global_colors_info=&#8221;{}&#8221;][et_pb_text admin_label=&#8221;Headline&#8221; _builder_version=&#8221;4.17.6&#8243; _module_preset=&#8221;77a7a6a5-6cba-4e24-a8d7-1992b0adbe08&#8243; header_font=&#8221;Ubuntu|700|||||||&#8221; header_text_shadow_style=&#8221;preset3&#8243; global_colors_info=&#8221;{}&#8221;]<\/p>\n<h1>Analiza soje<\/h1>\n<p>[\/et_pb_text][\/et_pb_column][\/et_pb_row][\/et_pb_section][et_pb_section fb_built=&#8221;1&#8243; _builder_version=&#8221;4.16&#8243; _module_preset=&#8221;default&#8221; background_color=&#8221;#F6F1E8&#8243; custom_padding=&#8221;28px||33px|||&#8221; global_colors_info=&#8221;{}&#8221;][et_pb_row column_structure=&#8221;1_2,1_2&#8243; _builder_version=&#8221;4.16&#8243; _module_preset=&#8221;default&#8221; custom_padding=&#8221;5px|||||&#8221; global_colors_info=&#8221;{}&#8221;][et_pb_column type=&#8221;1_2&#8243; _builder_version=&#8221;4.16&#8243; _module_preset=&#8221;default&#8221; global_colors_info=&#8221;{}&#8221;][et_pb_text admin_label=&#8221;analysing grain legumes and legume feed&#8221; _builder_version=&#8221;4.17.6&#8243; _module_preset=&#8221;77a7a6a5-6cba-4e24-a8d7-1992b0adbe08&#8243; hover_enabled=&#8221;0&#8243; global_colors_info=&#8221;{}&#8221; sticky_enabled=&#8221;0&#8243;]<\/p>\n<p>Donau Soja je, u saradnji sa nema\u010dkim preduze\u0107em Evonik Industries, sastavila ekskluzivnu i inovativnu ponudu za analizu zrnastih mahunarki i proizvoda sto\u010dne hrane od mahunarki. Ista je primenljiva, na primer, i za \u017eitarice ili kukuruz.<\/p>\n<p>[\/et_pb_text][\/et_pb_column][et_pb_column type=&#8221;1_2&#8243; _builder_version=&#8221;4.16&#8243; _module_preset=&#8221;default&#8221; global_colors_info=&#8221;{}&#8221;][et_pb_image src=&#8221;https:\/\/www.donausoja.org\/wp-content\/uploads\/2022\/02\/soya.png&#8221; title_text=&#8221;soya&#8221; _builder_version=&#8221;4.16&#8243; _module_preset=&#8221;default&#8221; box_shadow_style=&#8221;preset1&#8243; global_colors_info=&#8221;{}&#8221;][\/et_pb_image][\/et_pb_column][\/et_pb_row][\/et_pb_section][et_pb_section fb_built=&#8221;1&#8243; _builder_version=&#8221;4.16&#8243; _module_preset=&#8221;default&#8221; global_colors_info=&#8221;{}&#8221;][et_pb_row _builder_version=&#8221;4.16&#8243; _module_preset=&#8221;default&#8221; custom_padding=&#8221;||3px|||&#8221; global_colors_info=&#8221;{}&#8221;][et_pb_column type=&#8221;4_4&#8243; _builder_version=&#8221;4.16&#8243; _module_preset=&#8221;default&#8221; global_colors_info=&#8221;{}&#8221;][et_pb_text admin_label=&#8221;transparency&#8221; _builder_version=&#8221;4.17.6&#8243; _module_preset=&#8221;97a49757-9877-47ea-b480-aa7742502928&#8243; locked=&#8221;off&#8221; global_colors_info=&#8221;{}&#8221;]<\/p>\n<h2><strong>Vi\u0161e transparentnosti i informacija o Va\u0161em proizvodu<\/strong><\/h2>\n<h2>&#8211;<\/h2>\n<p>[\/et_pb_text][\/et_pb_column][\/et_pb_row][et_pb_row column_structure=&#8221;1_2,1_2&#8243; _builder_version=&#8221;4.16&#8243; _module_preset=&#8221;default&#8221; global_colors_info=&#8221;{}&#8221;][et_pb_column type=&#8221;1_2&#8243; _builder_version=&#8221;4.16&#8243; _module_preset=&#8221;default&#8221; global_colors_info=&#8221;{}&#8221;][et_pb_text _builder_version=&#8221;4.17.6&#8243; _module_preset=&#8221;default&#8221; global_colors_info=&#8221;{}&#8221;]<\/p>\n<p>Detaljan profil hranljive materije obezbe\u0111uje osnov za najbolju upotrebu soje i sto\u010dne hrane od soje. Ovo je sada lako dostupno kroz najnovija dostignu\u0107a u oblasti blisko-infracrvene spektroskopije (BICS). Ova tehnologija se ve\u0107 \u0161iroko koristi u poljoprivredi, ali ova ponuda koristi najnoviju kalibraciju preduze\u0107a Evonik Industries i daje rezultate daleko preko mogu\u0107nosti standardne BICS opreme. Sada je mogu\u0107e ta\u010dno izmeriti, osim glavnih hranljivih sastojaka (protein, vlakna, energija i ulje) jo\u0161 i indikatore prerade soje (IPS i rastvorljivost proteina), kao i probavne parametre za perad i svinje. BICS analiza je primenljiva i za druge proizvode u oblasti sto\u010dne hrane, poput kukuruza, \u017eitarica i uljane repice.<\/p>\n<p>[\/et_pb_text][\/et_pb_column][et_pb_column type=&#8221;1_2&#8243; _builder_version=&#8221;4.16&#8243; _module_preset=&#8221;default&#8221; global_colors_info=&#8221;{}&#8221;][et_pb_text _builder_version=&#8221;4.17.6&#8243; _module_preset=&#8221;97a49757-9877-47ea-b480-aa7742502928&#8243; custom_padding=&#8221;1px|||0px|false|false&#8221; global_colors_info=&#8221;{}&#8221;]<\/p>\n<h4>Procedura i va\u017ene ta\u010dke:<\/h4>\n<p>[\/et_pb_text][et_pb_blurb title=&#8221;Kontaktirajte Donau Soja tim.&#8221; use_icon=&#8221;on&#8221; font_icon=&#8221;&#xf0c8;||fa||900&#8243; _builder_version=&#8221;4.17.6&#8243; _module_preset=&#8221;cab63192-e1cc-4616-9a2f-d865c99c0a13&#8243; custom_padding=&#8221;17px|||||&#8221; hover_enabled=&#8221;0&#8243; global_colors_info=&#8221;{}&#8221; sticky_enabled=&#8221;0&#8243;][\/et_pb_blurb][et_pb_blurb title=&#8221;Uzmite \u0161to je mogu\u0107e reprezentativniji uzorak (oko 200-300 grama).&#8221; use_icon=&#8221;on&#8221; font_icon=&#8221;&#xf0c8;||fa||900&#8243; _builder_version=&#8221;4.17.6&#8243; _module_preset=&#8221;cab63192-e1cc-4616-9a2f-d865c99c0a13&#8243; global_colors_info=&#8221;{}&#8221;][\/et_pb_blurb][et_pb_blurb title=&#8221;Odaberite ponudu za analizu i registrujte uzorak onlajn.&#8221; use_icon=&#8221;on&#8221; font_icon=&#8221;&#xf0c8;||fa||900&#8243; _builder_version=&#8221;4.17.6&#8243; _module_preset=&#8221;cab63192-e1cc-4616-9a2f-d865c99c0a13&#8243; global_colors_info=&#8221;{}&#8221;][\/et_pb_blurb][et_pb_blurb title=&#8221;Po\u0161aljite uzorke u laboratoriju u Nema\u010dkoj, u skladu sa Donau Soja uputstvima, ozna\u010dene i dobro upakovane.&#8221; use_icon=&#8221;on&#8221; font_icon=&#8221;&#xf0c8;||fa||900&#8243; _builder_version=&#8221;4.17.6&#8243; _module_preset=&#8221;cab63192-e1cc-4616-9a2f-d865c99c0a13&#8243; hover_enabled=&#8221;0&#8243; global_colors_info=&#8221;{}&#8221; sticky_enabled=&#8221;0&#8243;][\/et_pb_blurb][\/et_pb_column][\/et_pb_row][\/et_pb_section][et_pb_section fb_built=&#8221;1&#8243; _builder_version=&#8221;4.16&#8243; _module_preset=&#8221;default&#8221; background_color=&#8221;rgba(246,241,232,0.75)&#8221; global_colors_info=&#8221;{}&#8221;][et_pb_row column_structure=&#8221;1_2,1_2&#8243; _builder_version=&#8221;4.16&#8243; _module_preset=&#8221;default&#8221; background_color=&#8221;#F6F1E8&#8243; custom_padding=&#8221;9px|||||&#8221; box_shadow_style=&#8221;preset1&#8243; global_colors_info=&#8221;{}&#8221;][et_pb_column type=&#8221;1_2&#8243; _builder_version=&#8221;4.16&#8243; _module_preset=&#8221;default&#8221; global_colors_info=&#8221;{}&#8221;][et_pb_text _builder_version=&#8221;4.17.6&#8243; _module_preset=&#8221;97a49757-9877-47ea-b480-aa7742502928&#8243; custom_padding=&#8221;20px|20px||20px|false|false&#8221; global_colors_info=&#8221;{}&#8221;]<\/p>\n<h4>Kontakt<\/h4>\n<p>Donau Soja<br \/>Leo Rittler or Georg Spreitzer<br \/><a href=\"mailto:innovation@donausoja.org\" target=\"_blank\" rel=\"noopener\">innovation@donausoja.org<\/a><br \/>+43 1\/512 17 44 21<\/p>\n<p>[\/et_pb_text][\/et_pb_column][et_pb_column type=&#8221;1_2&#8243; _builder_version=&#8221;4.16&#8243; _module_preset=&#8221;default&#8221; global_colors_info=&#8221;{}&#8221;][et_pb_text _builder_version=&#8221;4.17.6&#8243; _module_preset=&#8221;97a49757-9877-47ea-b480-aa7742502928&#8243; custom_padding=&#8221;20px|20px|0px|0px|false|false&#8221; custom_padding_tablet=&#8221;20px|20px|0px|0px|false|false&#8221; custom_padding_phone=&#8221;20px|20px|0px|0px|false|false&#8221; custom_padding_last_edited=&#8221;on|tablet&#8221; global_colors_info=&#8221;{}&#8221;]<\/p>\n<h4><strong>Preuzimanja<\/strong><\/h4>\n<p>&nbsp;<\/p>\n<p>[\/et_pb_text][et_pb_blurb title=&#8221;Flyer \u201cNear-Infrared analysis for soybean and soya-feed\u201d&#8221; url=&#8221;https:\/\/www.donausoja.org\/wp-content\/uploads\/2022\/02\/Donau-Soja-NIR-Analysis-Flyer_EN.pdf&#8221; url_new_window=&#8221;on&#8221; use_icon=&#8221;on&#8221; font_icon=&#8221;&#xe02c;||divi||400&#8243; _builder_version=&#8221;4.16&#8243; _module_preset=&#8221;591a8906-608e-4daf-b2d8-77bd187d9121&#8243; custom_margin=&#8221;-11px||15px||false|false&#8221; custom_padding=&#8221;|20px|||false|false&#8221; link_option_url=&#8221;https:\/\/www.donausoja.org\/wp-content\/uploads\/2022\/02\/Donau-Soja-NIR-Analysis-Flyer_EN.pdf&#8221; link_option_url_new_window=&#8221;on&#8221; global_colors_info=&#8221;{}&#8221;][\/et_pb_blurb][et_pb_blurb title=&#8221;Price list for analyzing soybean and soya-feed&#8221; url=&#8221;https:\/\/www.donausoja.org\/wp-content\/uploads\/2022\/02\/Donau-Soja-NIR-Analyses-Pricing_ENG.pdf&#8221; url_new_window=&#8221;on&#8221; use_icon=&#8221;on&#8221; font_icon=&#8221;&#xe02c;||divi||400&#8243; _builder_version=&#8221;4.16&#8243; _module_preset=&#8221;591a8906-608e-4daf-b2d8-77bd187d9121&#8243; custom_margin=&#8221;20px||13px||false|false&#8221; custom_padding=&#8221;|20px|||false|false&#8221; link_option_url=&#8221;https:\/\/www.donausoja.org\/wp-content\/uploads\/2022\/02\/Donau-Soja-NIR-Analyses-Pricing_ENG.pdf&#8221; link_option_url_new_window=&#8221;on&#8221; global_colors_info=&#8221;{}&#8221;][\/et_pb_blurb][et_pb_blurb title=&#8221;Workflow sample registration and shipping&#8221; url=&#8221;https:\/\/www.donausoja.org\/wp-content\/uploads\/2022\/02\/Donau-Soja-NIR-Analyse-Workflow_ENG.pdf&#8221; url_new_window=&#8221;on&#8221; use_icon=&#8221;on&#8221; font_icon=&#8221;&#xe02c;||divi||400&#8243; _builder_version=&#8221;4.16&#8243; _module_preset=&#8221;591a8906-608e-4daf-b2d8-77bd187d9121&#8243; custom_padding=&#8221;|20px|||false|false&#8221; link_option_url=&#8221;https:\/\/www.donausoja.org\/wp-content\/uploads\/2022\/02\/Donau-Soja-NIR-Analyse-Workflow_ENG.pdf&#8221; link_option_url_new_window=&#8221;on&#8221; global_colors_info=&#8221;{}&#8221;][\/et_pb_blurb][\/et_pb_column][\/et_pb_row][\/et_pb_section]<\/p>\n","protected":false},"excerpt":{"rendered":"<p>Analiza sojeDonau Soja je, u saradnji sa nema\u010dkim preduze\u0107em Evonik Industries, sastavila ekskluzivnu i inovativnu ponudu za analizu zrnastih mahunarki i proizvoda sto\u010dne hrane od mahunarki. Ista je primenljiva, na primer, i za \u017eitarice ili kukuruz.Vi\u0161e transparentnosti i informacija o Va\u0161em proizvodu -Detaljan profil hranljive materije obezbe\u0111uje osnov za najbolju upotrebu soje i sto\u010dne hrane [&hellip;]<\/p>\n","protected":false},"author":2,"featured_media":921,"parent":20289,"menu_order":0,"comment_status":"open","ping_status":"open","template":"","meta":{"_et_pb_use_builder":"on","_et_pb_old_content":"","_et_gb_content_width":"","footnotes":""},"class_list":["post-20295","page","type-page","status-publish","has-post-thumbnail","hentry"],"yoast_head":"<!-- This site is optimized with the Yoast SEO plugin v27.4 - https:\/\/yoast.com\/product\/yoast-seo-wordpress\/ -->\n<title>Analiza soje - Donau Soja<\/title>\n<meta name=\"description\" content=\"Soya analysis is now made easier by latest developments in the area of near-infrared spectroscopy (NIRS). This technology is already widely used in agriculture, but this specific offer uses the latest calibrations of Evonik Industries and goes by that far beyond the possibilities of standard NIRS equipment.\" \/>\n<meta name=\"robots\" content=\"index, follow, max-snippet:-1, max-image-preview:large, max-video-preview:-1\" \/>\n<link rel=\"canonical\" href=\"https:\/\/www.donausoja.org\/sr\/poljoprivreda\/analiza-soje\/\" \/>\n<meta property=\"og:locale\" content=\"sr_RS\" \/>\n<meta property=\"og:type\" content=\"article\" \/>\n<meta property=\"og:title\" content=\"Analiza soje - Donau Soja\" \/>\n<meta property=\"og:description\" content=\"Soya analysis is now made easier by latest developments in the area of near-infrared spectroscopy (NIRS). This technology is already widely used in agriculture, but this specific offer uses the latest calibrations of Evonik Industries and goes by that far beyond the possibilities of standard NIRS equipment.\" \/>\n<meta property=\"og:url\" content=\"https:\/\/www.donausoja.org\/sr\/poljoprivreda\/analiza-soje\/\" \/>\n<meta property=\"og:site_name\" content=\"Donau Soja\" \/>\n<meta property=\"og:image\" content=\"https:\/\/www.donausoja.org\/wp-content\/uploads\/2022\/02\/soya.png\" \/>\n\t<meta property=\"og:image:width\" content=\"1091\" \/>\n\t<meta property=\"og:image:height\" content=\"556\" \/>\n\t<meta property=\"og:image:type\" content=\"image\/png\" \/>\n<meta name=\"twitter:card\" content=\"summary_large_image\" \/>\n<meta name=\"twitter:label1\" content=\"\u041f\u0440\u043e\u0446\u0435\u045a\u0435\u043d\u043e \u0432\u0440\u0435\u043c\u0435 \u0447\u0438\u0442\u0430\u045a\u0430\" \/>\n\t<meta name=\"twitter:data1\" content=\"3 \u043c\u0438\u043d\u0443\u0442\u0430\" \/>\n<script type=\"application\/ld+json\" class=\"yoast-schema-graph\">{\"@context\":\"https:\\\/\\\/schema.org\",\"@graph\":[{\"@type\":\"WebPage\",\"@id\":\"https:\\\/\\\/www.donausoja.org\\\/sr\\\/poljoprivreda\\\/analiza-soje\\\/\",\"url\":\"https:\\\/\\\/www.donausoja.org\\\/sr\\\/poljoprivreda\\\/analiza-soje\\\/\",\"name\":\"Analiza soje - Donau Soja\",\"isPartOf\":{\"@id\":\"https:\\\/\\\/www.donausoja.org\\\/sr\\\/#website\"},\"primaryImageOfPage\":{\"@id\":\"https:\\\/\\\/www.donausoja.org\\\/sr\\\/poljoprivreda\\\/analiza-soje\\\/#primaryimage\"},\"image\":{\"@id\":\"https:\\\/\\\/www.donausoja.org\\\/sr\\\/poljoprivreda\\\/analiza-soje\\\/#primaryimage\"},\"thumbnailUrl\":\"https:\\\/\\\/www.donausoja.org\\\/wp-content\\\/uploads\\\/2022\\\/02\\\/soya.png\",\"datePublished\":\"2022-02-23T15:56:22+00:00\",\"description\":\"Soya analysis is now made easier by latest developments in the area of near-infrared spectroscopy (NIRS). This technology is already widely used in agriculture, but this specific offer uses the latest calibrations of Evonik Industries and goes by that far beyond the possibilities of standard NIRS equipment.\",\"breadcrumb\":{\"@id\":\"https:\\\/\\\/www.donausoja.org\\\/sr\\\/poljoprivreda\\\/analiza-soje\\\/#breadcrumb\"},\"inLanguage\":\"sr-RS\",\"potentialAction\":[{\"@type\":\"ReadAction\",\"target\":[\"https:\\\/\\\/www.donausoja.org\\\/sr\\\/poljoprivreda\\\/analiza-soje\\\/\"]}]},{\"@type\":\"ImageObject\",\"inLanguage\":\"sr-RS\",\"@id\":\"https:\\\/\\\/www.donausoja.org\\\/sr\\\/poljoprivreda\\\/analiza-soje\\\/#primaryimage\",\"url\":\"https:\\\/\\\/www.donausoja.org\\\/wp-content\\\/uploads\\\/2022\\\/02\\\/soya.png\",\"contentUrl\":\"https:\\\/\\\/www.donausoja.org\\\/wp-content\\\/uploads\\\/2022\\\/02\\\/soya.png\",\"width\":1091,\"height\":556},{\"@type\":\"BreadcrumbList\",\"@id\":\"https:\\\/\\\/www.donausoja.org\\\/sr\\\/poljoprivreda\\\/analiza-soje\\\/#breadcrumb\",\"itemListElement\":[{\"@type\":\"ListItem\",\"position\":1,\"name\":\"Home\",\"item\":\"https:\\\/\\\/www.donausoja.org\\\/sr\\\/\"},{\"@type\":\"ListItem\",\"position\":2,\"name\":\"Poljoprivreda\",\"item\":\"https:\\\/\\\/www.donausoja.org\\\/sr\\\/landwirtschaft\\\/\"},{\"@type\":\"ListItem\",\"position\":3,\"name\":\"Analiza soje\"}]},{\"@type\":\"WebSite\",\"@id\":\"https:\\\/\\\/www.donausoja.org\\\/sr\\\/#website\",\"url\":\"https:\\\/\\\/www.donausoja.org\\\/sr\\\/\",\"name\":\"Donau Soja\",\"description\":\"Together for a European Protein Supply: Regional. Sustainable. Non-GM.\",\"potentialAction\":[{\"@type\":\"SearchAction\",\"target\":{\"@type\":\"EntryPoint\",\"urlTemplate\":\"https:\\\/\\\/www.donausoja.org\\\/sr\\\/?s={search_term_string}\"},\"query-input\":{\"@type\":\"PropertyValueSpecification\",\"valueRequired\":true,\"valueName\":\"search_term_string\"}}],\"inLanguage\":\"sr-RS\"}]}<\/script>\n<!-- \/ Yoast SEO plugin. -->","yoast_head_json":{"title":"Analiza soje - Donau Soja","description":"Soya analysis is now made easier by latest developments in the area of near-infrared spectroscopy (NIRS). This technology is already widely used in agriculture, but this specific offer uses the latest calibrations of Evonik Industries and goes by that far beyond the possibilities of standard NIRS equipment.","robots":{"index":"index","follow":"follow","max-snippet":"max-snippet:-1","max-image-preview":"max-image-preview:large","max-video-preview":"max-video-preview:-1"},"canonical":"https:\/\/www.donausoja.org\/sr\/poljoprivreda\/analiza-soje\/","og_locale":"sr_RS","og_type":"article","og_title":"Analiza soje - Donau Soja","og_description":"Soya analysis is now made easier by latest developments in the area of near-infrared spectroscopy (NIRS). This technology is already widely used in agriculture, but this specific offer uses the latest calibrations of Evonik Industries and goes by that far beyond the possibilities of standard NIRS equipment.","og_url":"https:\/\/www.donausoja.org\/sr\/poljoprivreda\/analiza-soje\/","og_site_name":"Donau Soja","og_image":[{"width":1091,"height":556,"url":"https:\/\/www.donausoja.org\/wp-content\/uploads\/2022\/02\/soya.png","type":"image\/png"}],"twitter_card":"summary_large_image","twitter_misc":{"\u041f\u0440\u043e\u0446\u0435\u045a\u0435\u043d\u043e \u0432\u0440\u0435\u043c\u0435 \u0447\u0438\u0442\u0430\u045a\u0430":"3 \u043c\u0438\u043d\u0443\u0442\u0430"},"schema":{"@context":"https:\/\/schema.org","@graph":[{"@type":"WebPage","@id":"https:\/\/www.donausoja.org\/sr\/poljoprivreda\/analiza-soje\/","url":"https:\/\/www.donausoja.org\/sr\/poljoprivreda\/analiza-soje\/","name":"Analiza soje - Donau Soja","isPartOf":{"@id":"https:\/\/www.donausoja.org\/sr\/#website"},"primaryImageOfPage":{"@id":"https:\/\/www.donausoja.org\/sr\/poljoprivreda\/analiza-soje\/#primaryimage"},"image":{"@id":"https:\/\/www.donausoja.org\/sr\/poljoprivreda\/analiza-soje\/#primaryimage"},"thumbnailUrl":"https:\/\/www.donausoja.org\/wp-content\/uploads\/2022\/02\/soya.png","datePublished":"2022-02-23T15:56:22+00:00","description":"Soya analysis is now made easier by latest developments in the area of near-infrared spectroscopy (NIRS). This technology is already widely used in agriculture, but this specific offer uses the latest calibrations of Evonik Industries and goes by that far beyond the possibilities of standard NIRS equipment.","breadcrumb":{"@id":"https:\/\/www.donausoja.org\/sr\/poljoprivreda\/analiza-soje\/#breadcrumb"},"inLanguage":"sr-RS","potentialAction":[{"@type":"ReadAction","target":["https:\/\/www.donausoja.org\/sr\/poljoprivreda\/analiza-soje\/"]}]},{"@type":"ImageObject","inLanguage":"sr-RS","@id":"https:\/\/www.donausoja.org\/sr\/poljoprivreda\/analiza-soje\/#primaryimage","url":"https:\/\/www.donausoja.org\/wp-content\/uploads\/2022\/02\/soya.png","contentUrl":"https:\/\/www.donausoja.org\/wp-content\/uploads\/2022\/02\/soya.png","width":1091,"height":556},{"@type":"BreadcrumbList","@id":"https:\/\/www.donausoja.org\/sr\/poljoprivreda\/analiza-soje\/#breadcrumb","itemListElement":[{"@type":"ListItem","position":1,"name":"Home","item":"https:\/\/www.donausoja.org\/sr\/"},{"@type":"ListItem","position":2,"name":"Poljoprivreda","item":"https:\/\/www.donausoja.org\/sr\/landwirtschaft\/"},{"@type":"ListItem","position":3,"name":"Analiza soje"}]},{"@type":"WebSite","@id":"https:\/\/www.donausoja.org\/sr\/#website","url":"https:\/\/www.donausoja.org\/sr\/","name":"Donau Soja","description":"Together for a European Protein Supply: Regional. Sustainable. Non-GM.","potentialAction":[{"@type":"SearchAction","target":{"@type":"EntryPoint","urlTemplate":"https:\/\/www.donausoja.org\/sr\/?s={search_term_string}"},"query-input":{"@type":"PropertyValueSpecification","valueRequired":true,"valueName":"search_term_string"}}],"inLanguage":"sr-RS"}]}},"_links":{"self":[{"href":"https:\/\/www.donausoja.org\/sr\/wp-json\/wp\/v2\/pages\/20295","targetHints":{"allow":["GET"]}}],"collection":[{"href":"https:\/\/www.donausoja.org\/sr\/wp-json\/wp\/v2\/pages"}],"about":[{"href":"https:\/\/www.donausoja.org\/sr\/wp-json\/wp\/v2\/types\/page"}],"author":[{"embeddable":true,"href":"https:\/\/www.donausoja.org\/sr\/wp-json\/wp\/v2\/users\/2"}],"replies":[{"embeddable":true,"href":"https:\/\/www.donausoja.org\/sr\/wp-json\/wp\/v2\/comments?post=20295"}],"version-history":[{"count":0,"href":"https:\/\/www.donausoja.org\/sr\/wp-json\/wp\/v2\/pages\/20295\/revisions"}],"up":[{"embeddable":true,"href":"https:\/\/www.donausoja.org\/sr\/wp-json\/wp\/v2\/pages\/20289"}],"wp:featuredmedia":[{"embeddable":true,"href":"https:\/\/www.donausoja.org\/sr\/wp-json\/wp\/v2\/media\/921"}],"wp:attachment":[{"href":"https:\/\/www.donausoja.org\/sr\/wp-json\/wp\/v2\/media?parent=20295"}],"curies":[{"name":"wp","href":"https:\/\/api.w.org\/{rel}","templated":true}]}}