
{"id":20291,"date":"2022-02-04T08:30:21","date_gmt":"2022-02-04T08:30:21","guid":{"rendered":"https:\/\/fourth.donausoja.org\/poljoprivreda\/prirucnik-najbolje-prakse\/"},"modified":"2023-06-12T11:56:10","modified_gmt":"2023-06-12T11:56:10","slug":"prirucnik-najbolje-prakse","status":"publish","type":"page","link":"https:\/\/www.donausoja.org\/sr\/poljoprivreda\/prirucnik-najbolje-prakse\/","title":{"rendered":"Priru\u010dnik za gajenje soje"},"content":{"rendered":"<p>[et_pb_section fb_built=&#8221;1&#8243; _builder_version=&#8221;4.16&#8243; _module_preset=&#8221;default&#8221; background_color=&#8221;RGBA(255,255,255,0)&#8221; locked=&#8221;off&#8221; global_colors_info=&#8221;{}&#8221;][et_pb_row _builder_version=&#8221;4.16&#8243; _module_preset=&#8221;default&#8221; custom_padding=&#8221;130px|||||&#8221; global_colors_info=&#8221;{}&#8221;][et_pb_column type=&#8221;4_4&#8243; _builder_version=&#8221;4.16&#8243; _module_preset=&#8221;default&#8221; global_colors_info=&#8221;{}&#8221;][et_pb_text admin_label=&#8221;Headline&#8221; _builder_version=&#8221;4.17.6&#8243; _module_preset=&#8221;77a7a6a5-6cba-4e24-a8d7-1992b0adbe08&#8243; header_font=&#8221;Ubuntu|700|||||||&#8221; global_colors_info=&#8221;{}&#8221;]<\/p>\n<h1>Priru\u010dnik za gajenje soje<\/h1>\n<p>[\/et_pb_text][\/et_pb_column][\/et_pb_row][\/et_pb_section][et_pb_section fb_built=&#8221;1&#8243; _builder_version=&#8221;4.16&#8243; _module_preset=&#8221;default&#8221; background_color=&#8221;#F6F1E8&#8243; custom_padding=&#8221;4px||3px|||&#8221; global_colors_info=&#8221;{}&#8221;][et_pb_row column_structure=&#8221;1_2,1_2&#8243; admin_label=&#8221;Body-Text and Downloads&#8221; _builder_version=&#8221;4.16&#8243; _module_preset=&#8221;default&#8221; custom_margin=&#8221;20px||||false|false&#8221; custom_padding=&#8221;0px|||||&#8221; global_colors_info=&#8221;{}&#8221;][et_pb_column type=&#8221;1_2&#8243; _builder_version=&#8221;4.16&#8243; _module_preset=&#8221;default&#8221; global_colors_info=&#8221;{}&#8221;][et_pb_text _builder_version=&#8221;4.17.6&#8243; _module_preset=&#8221;77a7a6a5-6cba-4e24-a8d7-1992b0adbe08&#8243; global_colors_info=&#8221;{}&#8221;]<\/p>\n<p><strong>Ovaj priru\u010dnik nudi zbirku najboljih poljoprivrednih praksi za uzgoj soje u Dunavskom regionu.<\/strong><\/p>\n<p>Donau Soja Priru\u010dnik za gajenje soje je sveobuhvatan vodi\u010d za odr\u017eivu proizvodnju BEZ GM soje u Dunavskom regionu. Priru\u010dnik je sinteza iskustava i uvida me\u0111unarodne grupe priznatih nau\u010dnika, agronoma i predstavnika iz industrije i civilnog dru\u0161tva.<\/p>\n<p><strong>Autori<\/strong>: Vuk \u0110or\u0111evi\u0107, Goran Malid\u017ea, Milo\u0161 Vidi\u0107, \u017dejlko Milovac i Sr\u0111an \u0160ereme\u0161i\u0107. Objavljeno 2016. godine u Be\u010du. A\u017eurirano zdanje objavljeno septembra 2020. godine.<\/p>\n<p>[\/et_pb_text][et_pb_button button_url=&#8221;https:\/\/www.donausoja.org\/wp-content\/uploads\/2022\/02\/Best_Practice_Manual.pdf&#8221; url_new_window=&#8221;on&#8221; button_text=&#8221;Preuzmite verziju na engleskom jeziku&#8221; _builder_version=&#8221;4.17.6&#8243; _module_preset=&#8221;default&#8221; custom_button=&#8221;on&#8221; button_icon=&#8221;&#x68;||divi||400&#8243; button_icon_placement=&#8221;left&#8221; button_on_hover=&#8221;off&#8221; custom_margin=&#8221;20px||||false|false&#8221; global_colors_info=&#8221;{}&#8221;][\/et_pb_button][et_pb_text _builder_version=&#8221;4.21.0&#8243; _module_preset=&#8221;97a49757-9877-47ea-b480-aa7742502928&#8243; hover_enabled=&#8221;0&#8243; global_colors_info=&#8221;{}&#8221; sticky_enabled=&#8221;0&#8243;]<\/p>\n<h2>Od 2016. godine, Donau Soja priprema regionalna izdanja ovog priru\u010dnika.<\/h2>\n<h2>&#8211;<\/h2>\n<p>[\/et_pb_text][et_pb_blurb title=&#8221;Hrvatska&#8221; url=&#8221;https:\/\/www.donausoja.org\/wp-content\/uploads\/2022\/03\/PRIRUCNIK-ZA-GAJENJE-SOJE-2020-mart-HR-print_Croatia-1.pdf&#8221; url_new_window=&#8221;on&#8221; use_icon=&#8221;on&#8221; font_icon=&#8221;&#xf019;||fa||900&#8243; admin_label=&#8221;Blurb&#8221; _builder_version=&#8221;4.17.6&#8243; _module_preset=&#8221;591a8906-608e-4daf-b2d8-77bd187d9121&#8243; link_option_url=&#8221;https:\/\/www.donausoja.org\/wp-content\/uploads\/2022\/03\/PRIRUCNIK-ZA-GAJENJE-SOJE-2020-mart-HR-print_Croatia-1.pdf&#8221; link_option_url_new_window=&#8221;on&#8221; global_colors_info=&#8221;{}&#8221;][\/et_pb_blurb][et_pb_blurb title=&#8221;Moldavija (na rumunskom, na ruskom)&#8221; url=&#8221;https:\/\/www.donausoja.org\/wp-content\/uploads\/2022\/03\/BMP_Soia_ro_06.02.2020_Moldova_conventional-1.pdf&#8221; url_new_window=&#8221;on&#8221; use_icon=&#8221;on&#8221; font_icon=&#8221;&#xf019;||fa||900&#8243; _builder_version=&#8221;4.17.6&#8243; _module_preset=&#8221;591a8906-608e-4daf-b2d8-77bd187d9121&#8243; custom_margin=&#8221;0px||||false|false&#8221; custom_padding=&#8221;0px||||false|false&#8221; link_option_url=&#8221;https:\/\/www.donausoja.org\/wp-content\/uploads\/2022\/03\/BMP_Soia_ro_06.02.2020_Moldova_conventional-1.pdf&#8221; link_option_url_new_window=&#8221;on&#8221; global_colors_info=&#8221;{}&#8221;][\/et_pb_blurb][et_pb_blurb title=&#8221;Srbija&#8221; url=&#8221;https:\/\/www.donausoja.org\/wp-content\/uploads\/2022\/08\/PRIRUCNIK-ZA-GAJENJE-SOJE_final-1.pdf&#8221; url_new_window=&#8221;on&#8221; use_icon=&#8221;on&#8221; font_icon=&#8221;&#xf019;||fa||900&#8243; _builder_version=&#8221;4.17.6&#8243; _module_preset=&#8221;591a8906-608e-4daf-b2d8-77bd187d9121&#8243; custom_margin=&#8221;0px||||false|false&#8221; custom_padding=&#8221;0px||||false|false&#8221; link_option_url=&#8221;https:\/\/www.donausoja.org\/wp-content\/uploads\/2022\/08\/PRIRUCNIK-ZA-GAJENJE-SOJE_final-1.pdf&#8221; link_option_url_new_window=&#8221;on&#8221; global_colors_info=&#8221;{}&#8221;][\/et_pb_blurb][et_pb_blurb title=&#8221;Ukrajina &#8221; url=&#8221;https:\/\/www.donausoja.org\/wp-content\/uploads\/2022\/03\/BPM_tradiciina_tekhnologija-Ukraine_conventional-1.pdf&#8221; url_new_window=&#8221;on&#8221; use_icon=&#8221;on&#8221; font_icon=&#8221;&#xf019;||fa||900&#8243; _builder_version=&#8221;4.17.6&#8243; _module_preset=&#8221;591a8906-608e-4daf-b2d8-77bd187d9121&#8243; custom_margin=&#8221;0px||||false|false&#8221; custom_padding=&#8221;0px||||false|false&#8221; link_option_url=&#8221;https:\/\/www.donausoja.org\/wp-content\/uploads\/2022\/03\/BPM_tradiciina_tekhnologija-Ukraine_conventional-1.pdf&#8221; link_option_url_new_window=&#8221;on&#8221; global_colors_info=&#8221;{}&#8221;][\/et_pb_blurb][\/et_pb_column][et_pb_column type=&#8221;1_2&#8243; _builder_version=&#8221;4.16&#8243; _module_preset=&#8221;default&#8221; global_colors_info=&#8221;{}&#8221;][et_pb_image src=&#8221;https:\/\/www.donausoja.org\/wp-content\/uploads\/2022\/02\/best-practice-manual.png&#8221; title_text=&#8221;best-practice-manual&#8221; _builder_version=&#8221;4.16&#8243; _module_preset=&#8221;default&#8221; box_shadow_style=&#8221;preset1&#8243; global_colors_info=&#8221;{}&#8221;][\/et_pb_image][\/et_pb_column][\/et_pb_row][\/et_pb_section]<\/p>\n","protected":false},"excerpt":{"rendered":"<p>Priru\u010dnik za gajenje sojeOvaj priru\u010dnik nudi zbirku najboljih poljoprivrednih praksi za uzgoj soje u Dunavskom regionu. Donau Soja Priru\u010dnik za gajenje soje je sveobuhvatan vodi\u010d za odr\u017eivu proizvodnju BEZ GM soje u Dunavskom regionu. Priru\u010dnik je sinteza iskustava i uvida me\u0111unarodne grupe priznatih nau\u010dnika, agronoma i predstavnika iz industrije i civilnog dru\u0161tva. Autori: Vuk \u0110or\u0111evi\u0107, [&hellip;]<\/p>\n","protected":false},"author":2,"featured_media":523,"parent":20289,"menu_order":0,"comment_status":"open","ping_status":"open","template":"","meta":{"_et_pb_use_builder":"on","_et_pb_old_content":"","_et_gb_content_width":"","footnotes":""},"class_list":["post-20291","page","type-page","status-publish","has-post-thumbnail","hentry"],"yoast_head":"<!-- This site is optimized with the Yoast SEO plugin v27.4 - https:\/\/yoast.com\/product\/yoast-seo-wordpress\/ -->\n<title>Priru\u010dnik za gajenje soje - Donau Soja<\/title>\n<meta name=\"description\" content=\"The Donau Soja Best Practice Manual (BPM) is a comprehensive guide for non-GMO sustainable soya bean production in the Danube region.\" \/>\n<meta name=\"robots\" content=\"index, follow, max-snippet:-1, max-image-preview:large, max-video-preview:-1\" \/>\n<link rel=\"canonical\" href=\"https:\/\/www.donausoja.org\/sr\/poljoprivreda\/prirucnik-najbolje-prakse\/\" \/>\n<meta property=\"og:locale\" content=\"sr_RS\" \/>\n<meta property=\"og:type\" content=\"article\" \/>\n<meta property=\"og:title\" content=\"Priru\u010dnik za gajenje soje - Donau Soja\" \/>\n<meta property=\"og:description\" content=\"The Donau Soja Best Practice Manual (BPM) is a comprehensive guide for non-GMO sustainable soya bean production in the Danube region.\" \/>\n<meta property=\"og:url\" content=\"https:\/\/www.donausoja.org\/sr\/poljoprivreda\/prirucnik-najbolje-prakse\/\" \/>\n<meta property=\"og:site_name\" content=\"Donau Soja\" \/>\n<meta property=\"article:modified_time\" content=\"2023-06-12T11:56:10+00:00\" \/>\n<meta property=\"og:image\" content=\"https:\/\/www.donausoja.org\/wp-content\/uploads\/2022\/02\/best-practice-manual.png\" \/>\n\t<meta property=\"og:image:width\" content=\"300\" \/>\n\t<meta property=\"og:image:height\" content=\"423\" \/>\n\t<meta property=\"og:image:type\" content=\"image\/png\" \/>\n<meta name=\"twitter:card\" content=\"summary_large_image\" \/>\n<meta name=\"twitter:label1\" content=\"\u041f\u0440\u043e\u0446\u0435\u045a\u0435\u043d\u043e \u0432\u0440\u0435\u043c\u0435 \u0447\u0438\u0442\u0430\u045a\u0430\" \/>\n\t<meta name=\"twitter:data1\" content=\"1 \u043c\u0438\u043d\u0443\u0442\" \/>\n<script type=\"application\/ld+json\" class=\"yoast-schema-graph\">{\"@context\":\"https:\\\/\\\/schema.org\",\"@graph\":[{\"@type\":\"WebPage\",\"@id\":\"https:\\\/\\\/www.donausoja.org\\\/sr\\\/poljoprivreda\\\/prirucnik-najbolje-prakse\\\/\",\"url\":\"https:\\\/\\\/www.donausoja.org\\\/sr\\\/poljoprivreda\\\/prirucnik-najbolje-prakse\\\/\",\"name\":\"Priru\u010dnik za gajenje soje - Donau Soja\",\"isPartOf\":{\"@id\":\"https:\\\/\\\/www.donausoja.org\\\/sr\\\/#website\"},\"primaryImageOfPage\":{\"@id\":\"https:\\\/\\\/www.donausoja.org\\\/sr\\\/poljoprivreda\\\/prirucnik-najbolje-prakse\\\/#primaryimage\"},\"image\":{\"@id\":\"https:\\\/\\\/www.donausoja.org\\\/sr\\\/poljoprivreda\\\/prirucnik-najbolje-prakse\\\/#primaryimage\"},\"thumbnailUrl\":\"https:\\\/\\\/www.donausoja.org\\\/wp-content\\\/uploads\\\/2022\\\/02\\\/best-practice-manual.png\",\"datePublished\":\"2022-02-04T08:30:21+00:00\",\"dateModified\":\"2023-06-12T11:56:10+00:00\",\"description\":\"The Donau Soja Best Practice Manual (BPM) is a comprehensive guide for non-GMO sustainable soya bean production in the Danube region.\",\"breadcrumb\":{\"@id\":\"https:\\\/\\\/www.donausoja.org\\\/sr\\\/poljoprivreda\\\/prirucnik-najbolje-prakse\\\/#breadcrumb\"},\"inLanguage\":\"sr-RS\",\"potentialAction\":[{\"@type\":\"ReadAction\",\"target\":[\"https:\\\/\\\/www.donausoja.org\\\/sr\\\/poljoprivreda\\\/prirucnik-najbolje-prakse\\\/\"]}]},{\"@type\":\"ImageObject\",\"inLanguage\":\"sr-RS\",\"@id\":\"https:\\\/\\\/www.donausoja.org\\\/sr\\\/poljoprivreda\\\/prirucnik-najbolje-prakse\\\/#primaryimage\",\"url\":\"https:\\\/\\\/www.donausoja.org\\\/wp-content\\\/uploads\\\/2022\\\/02\\\/best-practice-manual.png\",\"contentUrl\":\"https:\\\/\\\/www.donausoja.org\\\/wp-content\\\/uploads\\\/2022\\\/02\\\/best-practice-manual.png\",\"width\":300,\"height\":423,\"caption\":\"Best Practice Manual of Donau Soja\"},{\"@type\":\"BreadcrumbList\",\"@id\":\"https:\\\/\\\/www.donausoja.org\\\/sr\\\/poljoprivreda\\\/prirucnik-najbolje-prakse\\\/#breadcrumb\",\"itemListElement\":[{\"@type\":\"ListItem\",\"position\":1,\"name\":\"Home\",\"item\":\"https:\\\/\\\/www.donausoja.org\\\/sr\\\/\"},{\"@type\":\"ListItem\",\"position\":2,\"name\":\"Poljoprivreda\",\"item\":\"https:\\\/\\\/www.donausoja.org\\\/sr\\\/landwirtschaft\\\/\"},{\"@type\":\"ListItem\",\"position\":3,\"name\":\"Priru\u010dnik za gajenje soje\"}]},{\"@type\":\"WebSite\",\"@id\":\"https:\\\/\\\/www.donausoja.org\\\/sr\\\/#website\",\"url\":\"https:\\\/\\\/www.donausoja.org\\\/sr\\\/\",\"name\":\"Donau Soja\",\"description\":\"Together for a European Protein Supply: Regional. Sustainable. Non-GM.\",\"potentialAction\":[{\"@type\":\"SearchAction\",\"target\":{\"@type\":\"EntryPoint\",\"urlTemplate\":\"https:\\\/\\\/www.donausoja.org\\\/sr\\\/?s={search_term_string}\"},\"query-input\":{\"@type\":\"PropertyValueSpecification\",\"valueRequired\":true,\"valueName\":\"search_term_string\"}}],\"inLanguage\":\"sr-RS\"}]}<\/script>\n<!-- \/ Yoast SEO plugin. -->","yoast_head_json":{"title":"Priru\u010dnik za gajenje soje - Donau Soja","description":"The Donau Soja Best Practice Manual (BPM) is a comprehensive guide for non-GMO sustainable soya bean production in the Danube region.","robots":{"index":"index","follow":"follow","max-snippet":"max-snippet:-1","max-image-preview":"max-image-preview:large","max-video-preview":"max-video-preview:-1"},"canonical":"https:\/\/www.donausoja.org\/sr\/poljoprivreda\/prirucnik-najbolje-prakse\/","og_locale":"sr_RS","og_type":"article","og_title":"Priru\u010dnik za gajenje soje - Donau Soja","og_description":"The Donau Soja Best Practice Manual (BPM) is a comprehensive guide for non-GMO sustainable soya bean production in the Danube region.","og_url":"https:\/\/www.donausoja.org\/sr\/poljoprivreda\/prirucnik-najbolje-prakse\/","og_site_name":"Donau Soja","article_modified_time":"2023-06-12T11:56:10+00:00","og_image":[{"width":300,"height":423,"url":"https:\/\/www.donausoja.org\/wp-content\/uploads\/2022\/02\/best-practice-manual.png","type":"image\/png"}],"twitter_card":"summary_large_image","twitter_misc":{"\u041f\u0440\u043e\u0446\u0435\u045a\u0435\u043d\u043e \u0432\u0440\u0435\u043c\u0435 \u0447\u0438\u0442\u0430\u045a\u0430":"1 \u043c\u0438\u043d\u0443\u0442"},"schema":{"@context":"https:\/\/schema.org","@graph":[{"@type":"WebPage","@id":"https:\/\/www.donausoja.org\/sr\/poljoprivreda\/prirucnik-najbolje-prakse\/","url":"https:\/\/www.donausoja.org\/sr\/poljoprivreda\/prirucnik-najbolje-prakse\/","name":"Priru\u010dnik za gajenje soje - Donau Soja","isPartOf":{"@id":"https:\/\/www.donausoja.org\/sr\/#website"},"primaryImageOfPage":{"@id":"https:\/\/www.donausoja.org\/sr\/poljoprivreda\/prirucnik-najbolje-prakse\/#primaryimage"},"image":{"@id":"https:\/\/www.donausoja.org\/sr\/poljoprivreda\/prirucnik-najbolje-prakse\/#primaryimage"},"thumbnailUrl":"https:\/\/www.donausoja.org\/wp-content\/uploads\/2022\/02\/best-practice-manual.png","datePublished":"2022-02-04T08:30:21+00:00","dateModified":"2023-06-12T11:56:10+00:00","description":"The Donau Soja Best Practice Manual (BPM) is a comprehensive guide for non-GMO sustainable soya bean production in the Danube region.","breadcrumb":{"@id":"https:\/\/www.donausoja.org\/sr\/poljoprivreda\/prirucnik-najbolje-prakse\/#breadcrumb"},"inLanguage":"sr-RS","potentialAction":[{"@type":"ReadAction","target":["https:\/\/www.donausoja.org\/sr\/poljoprivreda\/prirucnik-najbolje-prakse\/"]}]},{"@type":"ImageObject","inLanguage":"sr-RS","@id":"https:\/\/www.donausoja.org\/sr\/poljoprivreda\/prirucnik-najbolje-prakse\/#primaryimage","url":"https:\/\/www.donausoja.org\/wp-content\/uploads\/2022\/02\/best-practice-manual.png","contentUrl":"https:\/\/www.donausoja.org\/wp-content\/uploads\/2022\/02\/best-practice-manual.png","width":300,"height":423,"caption":"Best Practice Manual of Donau Soja"},{"@type":"BreadcrumbList","@id":"https:\/\/www.donausoja.org\/sr\/poljoprivreda\/prirucnik-najbolje-prakse\/#breadcrumb","itemListElement":[{"@type":"ListItem","position":1,"name":"Home","item":"https:\/\/www.donausoja.org\/sr\/"},{"@type":"ListItem","position":2,"name":"Poljoprivreda","item":"https:\/\/www.donausoja.org\/sr\/landwirtschaft\/"},{"@type":"ListItem","position":3,"name":"Priru\u010dnik za gajenje soje"}]},{"@type":"WebSite","@id":"https:\/\/www.donausoja.org\/sr\/#website","url":"https:\/\/www.donausoja.org\/sr\/","name":"Donau Soja","description":"Together for a European Protein Supply: Regional. Sustainable. Non-GM.","potentialAction":[{"@type":"SearchAction","target":{"@type":"EntryPoint","urlTemplate":"https:\/\/www.donausoja.org\/sr\/?s={search_term_string}"},"query-input":{"@type":"PropertyValueSpecification","valueRequired":true,"valueName":"search_term_string"}}],"inLanguage":"sr-RS"}]}},"_links":{"self":[{"href":"https:\/\/www.donausoja.org\/sr\/wp-json\/wp\/v2\/pages\/20291","targetHints":{"allow":["GET"]}}],"collection":[{"href":"https:\/\/www.donausoja.org\/sr\/wp-json\/wp\/v2\/pages"}],"about":[{"href":"https:\/\/www.donausoja.org\/sr\/wp-json\/wp\/v2\/types\/page"}],"author":[{"embeddable":true,"href":"https:\/\/www.donausoja.org\/sr\/wp-json\/wp\/v2\/users\/2"}],"replies":[{"embeddable":true,"href":"https:\/\/www.donausoja.org\/sr\/wp-json\/wp\/v2\/comments?post=20291"}],"version-history":[{"count":0,"href":"https:\/\/www.donausoja.org\/sr\/wp-json\/wp\/v2\/pages\/20291\/revisions"}],"up":[{"embeddable":true,"href":"https:\/\/www.donausoja.org\/sr\/wp-json\/wp\/v2\/pages\/20289"}],"wp:featuredmedia":[{"embeddable":true,"href":"https:\/\/www.donausoja.org\/sr\/wp-json\/wp\/v2\/media\/523"}],"wp:attachment":[{"href":"https:\/\/www.donausoja.org\/sr\/wp-json\/wp\/v2\/media?parent=20291"}],"curies":[{"name":"wp","href":"https:\/\/api.w.org\/{rel}","templated":true}]}}