
{"id":20284,"date":"2022-02-08T13:15:59","date_gmt":"2022-02-08T13:15:59","guid":{"rendered":"https:\/\/fourth.donausoja.org\/standard-i-sertifikacija\/dunav-soja-standard\/zahtevi-sertifikacije\/proizvodac-stocne-hrane\/"},"modified":"2023-06-14T12:37:18","modified_gmt":"2023-06-14T12:37:18","slug":"proizvodac-stocne-hrane","status":"publish","type":"page","link":"https:\/\/www.donausoja.org\/sr\/certification-inspection\/dunav-soja-standard\/zahtevi-sertifikacije\/proizvodac-stocne-hrane\/","title":{"rendered":"Proizvo\u0111a\u010d sto\u010dne hrane"},"content":{"rendered":"<p>[et_pb_section fb_built=&#8221;1&#8243; _builder_version=&#8221;4.16&#8243; _module_preset=&#8221;default&#8221; background_color=&#8221;RGBA(255,255,255,0)&#8221; locked=&#8221;off&#8221; global_colors_info=&#8221;{}&#8221;][et_pb_row admin_label=&#8221;Row &#8211; Compound feed producer&#8221; _builder_version=&#8221;4.16&#8243; _module_preset=&#8221;default&#8221; custom_padding=&#8221;130px|||||&#8221; global_colors_info=&#8221;{}&#8221;][et_pb_column type=&#8221;4_4&#8243; _builder_version=&#8221;4.16&#8243; _module_preset=&#8221;default&#8221; global_colors_info=&#8221;{}&#8221;][et_pb_text admin_label=&#8221;Text &#8211; Compound feed producer &#8211; Titel&#8221; _builder_version=&#8221;4.17.6&#8243; _module_preset=&#8221;77a7a6a5-6cba-4e24-a8d7-1992b0adbe08&#8243; header_font=&#8221;Ubuntu|700|||||||&#8221; global_colors_info=&#8221;{}&#8221;]<\/p>\n<section class=\"elementor-section elementor-top-section elementor-element elementor-element-87ac4cf elementor-section-height-min-height elementor-section-items-bottom elementor-section-boxed elementor-section-height-default\" data-id=\"87ac4cf\" data-element_type=\"section\">\n<div class=\"elementor-container elementor-column-gap-default\">\n<div class=\"elementor-row\">\n<div class=\"elementor-column elementor-col-100 elementor-top-column elementor-element elementor-element-43eb478\" data-id=\"43eb478\" data-element_type=\"column\">\n<div class=\"elementor-column-wrap elementor-element-populated\">\n<div class=\"elementor-widget-wrap\">\n<div class=\"elementor-element elementor-element-d918ba3 elementor-widget elementor-widget-heading elementor-motion-effects-parent animated fadeInUp\" data-id=\"d918ba3\" data-element_type=\"widget\" data-settings=\"{&quot;motion_fx_motion_fx_scrolling&quot;:&quot;yes&quot;,&quot;motion_fx_opacity_effect&quot;:&quot;yes&quot;,&quot;motion_fx_opacity_direction&quot;:&quot;in-out&quot;,&quot;motion_fx_opacity_range&quot;:{&quot;unit&quot;:&quot;%&quot;,&quot;size&quot;:&quot;&quot;,&quot;sizes&quot;:{&quot;start&quot;:74,&quot;end&quot;:90}},&quot;_animation&quot;:&quot;fadeInUp&quot;,&quot;motion_fx_opacity_level&quot;:{&quot;unit&quot;:&quot;px&quot;,&quot;size&quot;:10,&quot;sizes&quot;:[]},&quot;motion_fx_devices&quot;:[&quot;desktop&quot;,&quot;tablet&quot;,&quot;mobile&quot;]}\" data-widget_type=\"heading.default\">\n<div class=\"elementor-widget-container elementor-motion-effects-element\">\n<h1 class=\"elementor-heading-title elementor-size-xl\"><strong>Proizvo\u0111a\u010d sto\u010dne hrane<\/strong><\/h1>\n<\/div>\n<\/div>\n<\/div>\n<\/div>\n<\/div>\n<\/div>\n<\/div>\n<\/section>\n<section class=\"elementor-section elementor-top-section elementor-element elementor-element-f38ee70 elementor-section-boxed elementor-section-height-default elementor-section-height-default\" data-id=\"f38ee70\" data-element_type=\"section\" data-settings=\"{&quot;background_background&quot;:&quot;classic&quot;}\">\n<div class=\"elementor-container elementor-column-gap-extended\">\n<div class=\"elementor-row\">\n<div class=\"elementor-column elementor-col-50 elementor-top-column elementor-element elementor-element-7167e9f\" data-id=\"7167e9f\" data-element_type=\"column\">\n<div class=\"elementor-column-wrap elementor-element-populated\">\n<div class=\"elementor-widget-wrap\">\n<div class=\"elementor-element elementor-element-c924801 elementor-widget elementor-widget-text-editor\" data-id=\"c924801\" data-element_type=\"widget\" data-widget_type=\"text-editor.default\">\n<div class=\"elementor-widget-container\">\n<div class=\"elementor-text-editor elementor-clearfix\"><\/div>\n<\/div>\n<\/div>\n<\/div>\n<\/div>\n<\/div>\n<\/div>\n<\/div>\n<\/section>\n<p>[\/et_pb_text][\/et_pb_column][\/et_pb_row][\/et_pb_section][et_pb_section fb_built=&#8221;1&#8243; _builder_version=&#8221;4.16&#8243; _module_preset=&#8221;default&#8221; background_color=&#8221;#F6F1E8&#8243; custom_padding=&#8221;4px||3px|||&#8221; global_colors_info=&#8221;{}&#8221;][et_pb_row column_structure=&#8221;1_2,1_2&#8243; admin_label=&#8221;Row &#8211; Intro&#8221; _builder_version=&#8221;4.16&#8243; _module_preset=&#8221;default&#8221; custom_padding=&#8221;0px|||||&#8221; global_colors_info=&#8221;{}&#8221;][et_pb_column type=&#8221;1_2&#8243; _builder_version=&#8221;4.16&#8243; _module_preset=&#8221;default&#8221; global_colors_info=&#8221;{}&#8221;][et_pb_text admin_label=&#8221;Text &#8211; Intro text&#8221; _builder_version=&#8221;4.17.6&#8243; _module_preset=&#8221;77a7a6a5-6cba-4e24-a8d7-1992b0adbe08&#8243; global_colors_info=&#8221;{}&#8221; custom_padding=&#8221;19px|||||&#8221;]<\/p>\n<p><strong>Da li ste proizvo\u0111a\u010d sto\u010dne hrane koji \u017eeli da doda Dunav Soja ili Evropska Soja sto\u010dnu hranu svom portfoliju?<\/strong><\/p>\n<p>Soja koja se koristi za proizvodnju Dunav Soja ili Evropska Soja sto\u010dne poti\u010de iz sertifikovanih operacija (trgovci, poljoprivredni kolektori, uljare ili pr\u017eionice).<\/p>\n<p>Proizvo\u0111a\u010d sto\u010dne hrane je svaka operacija proizvodnje premiksa za sto\u010dnu ishranu kori\u0161\u0107enjem prethodno obra\u0111ene soje (npr. pr\u017eeno zrno ili bra\u0161no od soje) za ovu svrhu.<\/p>\n<p>Ako sami prera\u0111ujete (npr. pr\u017eenjem) sirovo zrno soje i koristite takvu soju za proizvodnju sto\u010dne hrane, Va\u0161e preduze\u0107e se dodatno smatra i Dunav Soja ili Evropska Soja primarnim prera\u0111iva\u010dem.<\/p>\n<p>[\/et_pb_text][\/et_pb_column][et_pb_column type=&#8221;1_2&#8243; _builder_version=&#8221;4.16&#8243; _module_preset=&#8221;default&#8221; global_colors_info=&#8221;{}&#8221;][\/et_pb_column][\/et_pb_row][\/et_pb_section][et_pb_section fb_built=&#8221;1&#8243; _builder_version=&#8221;4.16&#8243; _module_preset=&#8221;default&#8221; background_color=&#8221;rgba(246,241,232,0.8)&#8221; global_colors_info=&#8221;{}&#8221;][et_pb_row column_structure=&#8221;1_2,1_2&#8243; use_custom_gutter=&#8221;on&#8221; gutter_width=&#8221;1&#8243; make_equal=&#8221;on&#8221; admin_label=&#8221;Row -1&#8243; _builder_version=&#8221;4.16&#8243; _module_preset=&#8221;default&#8221; custom_padding=&#8221;0px||4px|||&#8221; global_colors_info=&#8221;{}&#8221;][et_pb_column type=&#8221;1_2&#8243; _builder_version=&#8221;4.16&#8243; _module_preset=&#8221;default&#8221; background_color=&#8221;#F6F1E8&#8243; custom_padding=&#8221;10px|20px|10px|20px|false|false&#8221; global_colors_info=&#8221;{}&#8221;][et_pb_text admin_label=&#8221;Text &#8211; General requirements&#8221; _builder_version=&#8221;4.17.6&#8243; _module_preset=&#8221;97a49757-9877-47ea-b480-aa7742502928&#8243; max_width=&#8221;70%&#8221; global_colors_info=&#8221;{}&#8221;]<\/p>\n<p><strong>Op\u0161ti zahtevi:<\/strong><\/p>\n<p>[\/et_pb_text][et_pb_blurb url_new_window=&#8221;on&#8221; use_icon=&#8221;on&#8221; font_icon=&#8221;&#xf0c8;||fa||900&#8243; _builder_version=&#8221;4.21.0&#8243; _module_preset=&#8221;4c58f022-51f8-4ef3-8366-9633994b6fdb&#8221; header_font=&#8221;|700|||||||&#8221; link_option_url_new_window=&#8221;on&#8221; hover_enabled=&#8221;0&#8243; global_colors_info=&#8221;{}&#8221; sticky_enabled=&#8221;0&#8243;]<\/p>\n<p>Neposredno naru\u010den nadzor\/sertifikacija.<\/p>\n<p>[\/et_pb_blurb][et_pb_blurb url_new_window=&#8221;on&#8221; use_icon=&#8221;on&#8221; font_icon=&#8221;&#xf0c8;||fa||900&#8243; _builder_version=&#8221;4.21.0&#8243; _module_preset=&#8221;4c58f022-51f8-4ef3-8366-9633994b6fdb&#8221; header_font=&#8221;|700|||||||&#8221; link_option_url_new_window=&#8221;on&#8221; hover_enabled=&#8221;0&#8243; global_colors_info=&#8221;{}&#8221; sticky_enabled=&#8221;0&#8243;]<\/p>\n<p>Ugovor sa Dunav Soja organizacijom.<\/p>\n<p>[\/et_pb_blurb][et_pb_blurb url_new_window=&#8221;on&#8221; use_icon=&#8221;on&#8221; font_icon=&#8221;&#xf0c8;||fa||900&#8243; _builder_version=&#8221;4.21.0&#8243; _module_preset=&#8221;4c58f022-51f8-4ef3-8366-9633994b6fdb&#8221; header_font=&#8221;|700|||||||&#8221; link_option_url_new_window=&#8221;on&#8221; hover_enabled=&#8221;0&#8243; global_colors_info=&#8221;{}&#8221; sticky_enabled=&#8221;0&#8243;]<\/p>\n<p>\u010clanica Dunav Soja udru\u017eenja (pristupnica).<\/p>\n<p>[\/et_pb_blurb][et_pb_blurb url_new_window=&#8221;on&#8221; use_icon=&#8221;on&#8221; font_icon=&#8221;&#xf0c8;||fa||900&#8243; _builder_version=&#8221;4.21.0&#8243; _module_preset=&#8221;4c58f022-51f8-4ef3-8366-9633994b6fdb&#8221; header_font=&#8221;|700|||||||&#8221; link_option_url_new_window=&#8221;on&#8221; hover_enabled=&#8221;0&#8243; global_colors_info=&#8221;{}&#8221; sticky_enabled=&#8221;0&#8243;]<\/p>\n<p>Dokumentacija o svoj kupljenoj robi, a za kriti\u010dne sirovine dokumentacija o \u201etvrdoj IP\u201c mora da bude dostupna.<\/p>\n<p>[\/et_pb_blurb][et_pb_blurb url_new_window=&#8221;on&#8221; use_icon=&#8221;on&#8221; font_icon=&#8221;&#xf0c8;||fa||900&#8243; _builder_version=&#8221;4.21.0&#8243; _module_preset=&#8221;4c58f022-51f8-4ef3-8366-9633994b6fdb&#8221; header_font=&#8221;|700|||||||&#8221; link_option_url_new_window=&#8221;on&#8221; hover_enabled=&#8221;0&#8243; global_colors_info=&#8221;{}&#8221; sticky_enabled=&#8221;0&#8243;]<\/p>\n<p>Posedovanje internog sistema upravljanja kvalitetom u cilju spre\u010davanja GMO kontaminacije.<\/p>\n<p>[\/et_pb_blurb][et_pb_blurb url_new_window=&#8221;on&#8221; use_icon=&#8221;on&#8221; font_icon=&#8221;&#xf0c8;||fa||900&#8243; _builder_version=&#8221;4.21.0&#8243; _module_preset=&#8221;4c58f022-51f8-4ef3-8366-9633994b6fdb&#8221; header_font=&#8221;|700|||||||&#8221; link_option_url_new_window=&#8221;on&#8221; hover_enabled=&#8221;0&#8243; global_colors_info=&#8221;{}&#8221; sticky_enabled=&#8221;0&#8243;]<\/p>\n<p>\u010cuvanje sveobuhvatne dokumentacije o poslovanju.<\/p>\n<p>[\/et_pb_blurb][et_pb_blurb url_new_window=&#8221;on&#8221; use_icon=&#8221;on&#8221; font_icon=&#8221;&#xf0c8;||fa||900&#8243; _builder_version=&#8221;4.21.0&#8243; _module_preset=&#8221;4c58f022-51f8-4ef3-8366-9633994b6fdb&#8221; header_font=&#8221;|700|||||||&#8221; link_option_url_new_window=&#8221;on&#8221; hover_enabled=&#8221;0&#8243; global_colors_info=&#8221;{}&#8221; sticky_enabled=&#8221;0&#8243;]<\/p>\n<p>Primena plana PCR uzorkovanja u izlaznim proizvodima i (na riziku zasnovan) plan PCR uzorkovanja za ulazne proizvode.<\/p>\n<p>[\/et_pb_blurb][et_pb_blurb url_new_window=&#8221;on&#8221; use_icon=&#8221;on&#8221; font_icon=&#8221;&#xf0c8;||fa||900&#8243; _builder_version=&#8221;4.21.0&#8243; _module_preset=&#8221;4c58f022-51f8-4ef3-8366-9633994b6fdb&#8221; header_font=&#8221;|700|||||||&#8221; link_option_url_new_window=&#8221;on&#8221; hover_enabled=&#8221;0&#8243; global_colors_info=&#8221;{}&#8221; sticky_enabled=&#8221;0&#8243;]<\/p>\n<p>Prostorno ili vremensko odvajanje izme\u0111u GMO i BEZ GMO proizvoda.<\/p>\n<p>[\/et_pb_blurb][et_pb_blurb url_new_window=&#8221;on&#8221; use_icon=&#8221;on&#8221; font_icon=&#8221;&#xf0c8;||fa||900&#8243; _builder_version=&#8221;4.21.0&#8243; _module_preset=&#8221;4c58f022-51f8-4ef3-8366-9633994b6fdb&#8221; header_font=&#8221;|700|||||||&#8221; link_option_url_new_window=&#8221;on&#8221; hover_enabled=&#8221;0&#8243; global_colors_info=&#8221;{}&#8221; sticky_enabled=&#8221;0&#8243;]<\/p>\n<p>Dodatna sertifikacija prema jednim od slede\u0107ih sistema za upravljanje kvalitetom: AMA Pastus+, QS, GMP+, FEMAS, SFPS, QSGF, UFAS, EFISC, FCA ili drugi ekvivalentan program.<\/p>\n<p>[\/et_pb_blurb][et_pb_blurb url_new_window=&#8221;on&#8221; use_icon=&#8221;on&#8221; font_icon=&#8221;&#xf0c8;||fa||900&#8243; _builder_version=&#8221;4.21.0&#8243; _module_preset=&#8221;4c58f022-51f8-4ef3-8366-9633994b6fdb&#8221; header_font=&#8221;|700|||||||&#8221; link_option_url_new_window=&#8221;on&#8221; hover_enabled=&#8221;0&#8243; global_colors_info=&#8221;{}&#8221; sticky_enabled=&#8221;0&#8243;]<\/p>\n<p>\u201eDunav Soja\u201c ili \u201eEvropska Soja\u201c oznake na pakovanjima Dunav Soja ili Evropska Soja proizvoda od soje i premiksa je mogu\u0107a (ako je 100% sastojaka Dunav Soja ili Evropska Soja).<\/p>\n<p>[\/et_pb_blurb][et_pb_text admin_label=&#8221;Donau Soja guidelines (R 05) or Europe Soya guidelines (R 05).&#8221; _builder_version=&#8221;4.17.6&#8243; _module_preset=&#8221;97a49757-9877-47ea-b480-aa7742502928&#8243; max_width=&#8221;70%&#8221; global_colors_info=&#8221;{}&#8221;]<\/p>\n<p>Za vi\u0161e informacija, pogledajte the <a href=\"https:\/\/www.donausoja.org\/wp-content\/uploads\/2022\/08\/Donau-Soja-Guidelines_R-05-Compound-Feed-Producer-1.pdf\" target=\"_blank\" rel=\"noopener\">Dunav Soja smernice (R 05)<\/a> ili <a href=\"https:\/\/www.donausoja.org\/wp-content\/uploads\/2022\/08\/Europe-Soya-Guidelines_R-05-Compound-Feed-Producer-1.pdf\" target=\"_blank\" rel=\"noopener\">Evropska Soja smernice (R 05)<\/a>.<\/p>\n<p>[\/et_pb_text][\/et_pb_column][et_pb_column type=&#8221;1_2&#8243; _builder_version=&#8221;4.16&#8243; _module_preset=&#8221;default&#8221; background_color=&#8221;#F6F1E8&#8243; custom_padding=&#8221;10px|20px|10px|20px|false|false&#8221; global_colors_info=&#8221;{}&#8221;][\/et_pb_column][\/et_pb_row][et_pb_row _builder_version=&#8221;4.16&#8243; _module_preset=&#8221;default&#8221; custom_padding=&#8221;||3px|||&#8221; global_colors_info=&#8221;{}&#8221;][et_pb_column type=&#8221;4_4&#8243; _builder_version=&#8221;4.16&#8243; _module_preset=&#8221;default&#8221; global_colors_info=&#8221;{}&#8221;][et_pb_text _builder_version=&#8221;4.21.0&#8243; _module_preset=&#8221;default&#8221; text_text_color=&#8221;#76B82A&#8221; link_option_url=&#8221;https:\/\/www.donausoja.org\/sr\/standard-i-sertifikacija\/dunav-soja-standard\/zahtevi-sertifikacije\/poljoprivredno-preradivacko-preduzece\/&#8221; hover_enabled=&#8221;0&#8243; global_colors_info=&#8221;{}&#8221; sticky_enabled=&#8221;0&#8243;]<\/p>\n<p style=\"text-align: right;\"><strong>Nastavite na poljoprivredni prera\u0111iva\u010di (dr\u017ealac \u017eivotinja) \u00bb<\/strong><\/p>\n<p>[\/et_pb_text][\/et_pb_column][\/et_pb_row][\/et_pb_section]<\/p>\n","protected":false},"excerpt":{"rendered":"<p>Proizvo\u0111a\u010d sto\u010dne hrane Da li ste proizvo\u0111a\u010d sto\u010dne hrane koji \u017eeli da doda Dunav Soja ili Evropska Soja sto\u010dnu hranu svom portfoliju? Soja koja se koristi za proizvodnju Dunav Soja ili Evropska Soja sto\u010dne poti\u010de iz sertifikovanih operacija (trgovci, poljoprivredni kolektori, uljare ili pr\u017eionice). Proizvo\u0111a\u010d sto\u010dne hrane je svaka operacija proizvodnje premiksa za sto\u010dnu ishranu [&hellip;]<\/p>\n","protected":false},"author":2,"featured_media":69,"parent":23706,"menu_order":0,"comment_status":"open","ping_status":"closed","template":"","meta":{"_et_pb_use_builder":"on","_et_pb_old_content":"","_et_gb_content_width":"","footnotes":""},"class_list":["post-20284","page","type-page","status-publish","has-post-thumbnail","hentry"],"yoast_head":"<!-- This site is optimized with the Yoast SEO plugin v27.4 - https:\/\/yoast.com\/product\/yoast-seo-wordpress\/ -->\n<title>Compound feed producer<\/title>\n<meta name=\"description\" content=\"Are you a compound feed producer interested in adding Donau Soja or Europe Soya animal feed to your portfolio?\" \/>\n<meta name=\"robots\" content=\"index, follow, max-snippet:-1, max-image-preview:large, max-video-preview:-1\" \/>\n<link rel=\"canonical\" href=\"https:\/\/www.donausoja.org\/sr\/certification-inspection\/dunav-soja-standard\/zahtevi-sertifikacije\/proizvodac-stocne-hrane\/\" \/>\n<meta property=\"og:locale\" content=\"sr_RS\" \/>\n<meta property=\"og:type\" content=\"article\" \/>\n<meta property=\"og:title\" content=\"Compound feed producer\" \/>\n<meta property=\"og:description\" content=\"Are you a compound feed producer interested in adding Donau Soja or Europe Soya animal feed to your portfolio?\" \/>\n<meta property=\"og:url\" content=\"https:\/\/www.donausoja.org\/sr\/certification-inspection\/dunav-soja-standard\/zahtevi-sertifikacije\/proizvodac-stocne-hrane\/\" \/>\n<meta property=\"og:site_name\" content=\"Donau Soja\" \/>\n<meta property=\"article:modified_time\" content=\"2023-06-14T12:37:18+00:00\" \/>\n<meta property=\"og:image\" content=\"https:\/\/www.donausoja.org\/wp-content\/uploads\/2021\/12\/cropped-donausoja_favicon2_512-1-e1645618911394.png\" \/>\n\t<meta property=\"og:image:width\" content=\"212\" \/>\n\t<meta property=\"og:image:height\" content=\"212\" \/>\n\t<meta property=\"og:image:type\" content=\"image\/png\" \/>\n<meta name=\"twitter:card\" content=\"summary_large_image\" \/>\n<meta name=\"twitter:label1\" content=\"\u041f\u0440\u043e\u0446\u0435\u045a\u0435\u043d\u043e \u0432\u0440\u0435\u043c\u0435 \u0447\u0438\u0442\u0430\u045a\u0430\" \/>\n\t<meta name=\"twitter:data1\" content=\"3 \u043c\u0438\u043d\u0443\u0442\u0430\" \/>\n<script type=\"application\/ld+json\" class=\"yoast-schema-graph\">{\"@context\":\"https:\\\/\\\/schema.org\",\"@graph\":[{\"@type\":\"WebPage\",\"@id\":\"https:\\\/\\\/www.donausoja.org\\\/sr\\\/certification-inspection\\\/dunav-soja-standard\\\/zahtevi-sertifikacije\\\/proizvodac-stocne-hrane\\\/\",\"url\":\"https:\\\/\\\/www.donausoja.org\\\/sr\\\/certification-inspection\\\/dunav-soja-standard\\\/zahtevi-sertifikacije\\\/proizvodac-stocne-hrane\\\/\",\"name\":\"Compound feed producer\",\"isPartOf\":{\"@id\":\"https:\\\/\\\/www.donausoja.org\\\/sr\\\/#website\"},\"primaryImageOfPage\":{\"@id\":\"https:\\\/\\\/www.donausoja.org\\\/sr\\\/certification-inspection\\\/dunav-soja-standard\\\/zahtevi-sertifikacije\\\/proizvodac-stocne-hrane\\\/#primaryimage\"},\"image\":{\"@id\":\"https:\\\/\\\/www.donausoja.org\\\/sr\\\/certification-inspection\\\/dunav-soja-standard\\\/zahtevi-sertifikacije\\\/proizvodac-stocne-hrane\\\/#primaryimage\"},\"thumbnailUrl\":\"https:\\\/\\\/www.donausoja.org\\\/wp-content\\\/uploads\\\/2021\\\/12\\\/cropped-donausoja_favicon2_512-1-e1645618911394.png\",\"datePublished\":\"2022-02-08T13:15:59+00:00\",\"dateModified\":\"2023-06-14T12:37:18+00:00\",\"description\":\"Are you a compound feed producer interested in adding Donau Soja or Europe Soya animal feed to your portfolio?\",\"breadcrumb\":{\"@id\":\"https:\\\/\\\/www.donausoja.org\\\/sr\\\/certification-inspection\\\/dunav-soja-standard\\\/zahtevi-sertifikacije\\\/proizvodac-stocne-hrane\\\/#breadcrumb\"},\"inLanguage\":\"sr-RS\",\"potentialAction\":[{\"@type\":\"ReadAction\",\"target\":[\"https:\\\/\\\/www.donausoja.org\\\/sr\\\/certification-inspection\\\/dunav-soja-standard\\\/zahtevi-sertifikacije\\\/proizvodac-stocne-hrane\\\/\"]}]},{\"@type\":\"ImageObject\",\"inLanguage\":\"sr-RS\",\"@id\":\"https:\\\/\\\/www.donausoja.org\\\/sr\\\/certification-inspection\\\/dunav-soja-standard\\\/zahtevi-sertifikacije\\\/proizvodac-stocne-hrane\\\/#primaryimage\",\"url\":\"https:\\\/\\\/www.donausoja.org\\\/wp-content\\\/uploads\\\/2021\\\/12\\\/cropped-donausoja_favicon2_512-1-e1645618911394.png\",\"contentUrl\":\"https:\\\/\\\/www.donausoja.org\\\/wp-content\\\/uploads\\\/2021\\\/12\\\/cropped-donausoja_favicon2_512-1-e1645618911394.png\",\"width\":212,\"height\":212},{\"@type\":\"BreadcrumbList\",\"@id\":\"https:\\\/\\\/www.donausoja.org\\\/sr\\\/certification-inspection\\\/dunav-soja-standard\\\/zahtevi-sertifikacije\\\/proizvodac-stocne-hrane\\\/#breadcrumb\",\"itemListElement\":[{\"@type\":\"ListItem\",\"position\":1,\"name\":\"Home\",\"item\":\"https:\\\/\\\/www.donausoja.org\\\/sr\\\/\"},{\"@type\":\"ListItem\",\"position\":2,\"name\":\"Standardi\",\"item\":\"https:\\\/\\\/www.donausoja.org\\\/sr\\\/certification-inspection\\\/\"},{\"@type\":\"ListItem\",\"position\":3,\"name\":\"Donau Soja standard\",\"item\":\"https:\\\/\\\/www.donausoja.org\\\/sr\\\/certification-inspection\\\/dunav-soja-standard\\\/\"},{\"@type\":\"ListItem\",\"position\":4,\"name\":\"Zahtevi sertifikacije\",\"item\":\"https:\\\/\\\/www.donausoja.org\\\/sr\\\/certification-inspection\\\/dunav-soja-standard\\\/zahtevi-sertifikacije\\\/\"},{\"@type\":\"ListItem\",\"position\":5,\"name\":\"Proizvo\u0111a\u010d sto\u010dne hrane\"}]},{\"@type\":\"WebSite\",\"@id\":\"https:\\\/\\\/www.donausoja.org\\\/sr\\\/#website\",\"url\":\"https:\\\/\\\/www.donausoja.org\\\/sr\\\/\",\"name\":\"Donau Soja\",\"description\":\"Together for a European Protein Supply: Regional. Sustainable. Non-GM.\",\"potentialAction\":[{\"@type\":\"SearchAction\",\"target\":{\"@type\":\"EntryPoint\",\"urlTemplate\":\"https:\\\/\\\/www.donausoja.org\\\/sr\\\/?s={search_term_string}\"},\"query-input\":{\"@type\":\"PropertyValueSpecification\",\"valueRequired\":true,\"valueName\":\"search_term_string\"}}],\"inLanguage\":\"sr-RS\"}]}<\/script>\n<!-- \/ Yoast SEO plugin. -->","yoast_head_json":{"title":"Compound feed producer","description":"Are you a compound feed producer interested in adding Donau Soja or Europe Soya animal feed to your portfolio?","robots":{"index":"index","follow":"follow","max-snippet":"max-snippet:-1","max-image-preview":"max-image-preview:large","max-video-preview":"max-video-preview:-1"},"canonical":"https:\/\/www.donausoja.org\/sr\/certification-inspection\/dunav-soja-standard\/zahtevi-sertifikacije\/proizvodac-stocne-hrane\/","og_locale":"sr_RS","og_type":"article","og_title":"Compound feed producer","og_description":"Are you a compound feed producer interested in adding Donau Soja or Europe Soya animal feed to your portfolio?","og_url":"https:\/\/www.donausoja.org\/sr\/certification-inspection\/dunav-soja-standard\/zahtevi-sertifikacije\/proizvodac-stocne-hrane\/","og_site_name":"Donau Soja","article_modified_time":"2023-06-14T12:37:18+00:00","og_image":[{"width":212,"height":212,"url":"https:\/\/www.donausoja.org\/wp-content\/uploads\/2021\/12\/cropped-donausoja_favicon2_512-1-e1645618911394.png","type":"image\/png"}],"twitter_card":"summary_large_image","twitter_misc":{"\u041f\u0440\u043e\u0446\u0435\u045a\u0435\u043d\u043e \u0432\u0440\u0435\u043c\u0435 \u0447\u0438\u0442\u0430\u045a\u0430":"3 \u043c\u0438\u043d\u0443\u0442\u0430"},"schema":{"@context":"https:\/\/schema.org","@graph":[{"@type":"WebPage","@id":"https:\/\/www.donausoja.org\/sr\/certification-inspection\/dunav-soja-standard\/zahtevi-sertifikacije\/proizvodac-stocne-hrane\/","url":"https:\/\/www.donausoja.org\/sr\/certification-inspection\/dunav-soja-standard\/zahtevi-sertifikacije\/proizvodac-stocne-hrane\/","name":"Compound feed producer","isPartOf":{"@id":"https:\/\/www.donausoja.org\/sr\/#website"},"primaryImageOfPage":{"@id":"https:\/\/www.donausoja.org\/sr\/certification-inspection\/dunav-soja-standard\/zahtevi-sertifikacije\/proizvodac-stocne-hrane\/#primaryimage"},"image":{"@id":"https:\/\/www.donausoja.org\/sr\/certification-inspection\/dunav-soja-standard\/zahtevi-sertifikacije\/proizvodac-stocne-hrane\/#primaryimage"},"thumbnailUrl":"https:\/\/www.donausoja.org\/wp-content\/uploads\/2021\/12\/cropped-donausoja_favicon2_512-1-e1645618911394.png","datePublished":"2022-02-08T13:15:59+00:00","dateModified":"2023-06-14T12:37:18+00:00","description":"Are you a compound feed producer interested in adding Donau Soja or Europe Soya animal feed to your portfolio?","breadcrumb":{"@id":"https:\/\/www.donausoja.org\/sr\/certification-inspection\/dunav-soja-standard\/zahtevi-sertifikacije\/proizvodac-stocne-hrane\/#breadcrumb"},"inLanguage":"sr-RS","potentialAction":[{"@type":"ReadAction","target":["https:\/\/www.donausoja.org\/sr\/certification-inspection\/dunav-soja-standard\/zahtevi-sertifikacije\/proizvodac-stocne-hrane\/"]}]},{"@type":"ImageObject","inLanguage":"sr-RS","@id":"https:\/\/www.donausoja.org\/sr\/certification-inspection\/dunav-soja-standard\/zahtevi-sertifikacije\/proizvodac-stocne-hrane\/#primaryimage","url":"https:\/\/www.donausoja.org\/wp-content\/uploads\/2021\/12\/cropped-donausoja_favicon2_512-1-e1645618911394.png","contentUrl":"https:\/\/www.donausoja.org\/wp-content\/uploads\/2021\/12\/cropped-donausoja_favicon2_512-1-e1645618911394.png","width":212,"height":212},{"@type":"BreadcrumbList","@id":"https:\/\/www.donausoja.org\/sr\/certification-inspection\/dunav-soja-standard\/zahtevi-sertifikacije\/proizvodac-stocne-hrane\/#breadcrumb","itemListElement":[{"@type":"ListItem","position":1,"name":"Home","item":"https:\/\/www.donausoja.org\/sr\/"},{"@type":"ListItem","position":2,"name":"Standardi","item":"https:\/\/www.donausoja.org\/sr\/certification-inspection\/"},{"@type":"ListItem","position":3,"name":"Donau Soja standard","item":"https:\/\/www.donausoja.org\/sr\/certification-inspection\/dunav-soja-standard\/"},{"@type":"ListItem","position":4,"name":"Zahtevi sertifikacije","item":"https:\/\/www.donausoja.org\/sr\/certification-inspection\/dunav-soja-standard\/zahtevi-sertifikacije\/"},{"@type":"ListItem","position":5,"name":"Proizvo\u0111a\u010d sto\u010dne hrane"}]},{"@type":"WebSite","@id":"https:\/\/www.donausoja.org\/sr\/#website","url":"https:\/\/www.donausoja.org\/sr\/","name":"Donau Soja","description":"Together for a European Protein Supply: Regional. Sustainable. Non-GM.","potentialAction":[{"@type":"SearchAction","target":{"@type":"EntryPoint","urlTemplate":"https:\/\/www.donausoja.org\/sr\/?s={search_term_string}"},"query-input":{"@type":"PropertyValueSpecification","valueRequired":true,"valueName":"search_term_string"}}],"inLanguage":"sr-RS"}]}},"_links":{"self":[{"href":"https:\/\/www.donausoja.org\/sr\/wp-json\/wp\/v2\/pages\/20284","targetHints":{"allow":["GET"]}}],"collection":[{"href":"https:\/\/www.donausoja.org\/sr\/wp-json\/wp\/v2\/pages"}],"about":[{"href":"https:\/\/www.donausoja.org\/sr\/wp-json\/wp\/v2\/types\/page"}],"author":[{"embeddable":true,"href":"https:\/\/www.donausoja.org\/sr\/wp-json\/wp\/v2\/users\/2"}],"replies":[{"embeddable":true,"href":"https:\/\/www.donausoja.org\/sr\/wp-json\/wp\/v2\/comments?post=20284"}],"version-history":[{"count":0,"href":"https:\/\/www.donausoja.org\/sr\/wp-json\/wp\/v2\/pages\/20284\/revisions"}],"up":[{"embeddable":true,"href":"https:\/\/www.donausoja.org\/sr\/wp-json\/wp\/v2\/pages\/23706"}],"wp:featuredmedia":[{"embeddable":true,"href":"https:\/\/www.donausoja.org\/sr\/wp-json\/wp\/v2\/media\/69"}],"wp:attachment":[{"href":"https:\/\/www.donausoja.org\/sr\/wp-json\/wp\/v2\/media?parent=20284"}],"curies":[{"name":"wp","href":"https:\/\/api.w.org\/{rel}","templated":true}]}}