
{"id":20276,"date":"2022-03-01T09:41:07","date_gmt":"2022-03-01T09:41:07","guid":{"rendered":"https:\/\/fourth.donausoja.org\/standard-i-sertifikacija\/dunav-soja-standard\/standard-development-and-standard-revision\/"},"modified":"2023-06-12T11:52:20","modified_gmt":"2023-06-12T11:52:20","slug":"standard-development-and-standard-revision","status":"publish","type":"page","link":"https:\/\/www.donausoja.org\/sr\/certification-inspection\/dunav-soja-standard\/standard-development-and-standard-revision\/","title":{"rendered":"Razvoj i revizija standarda"},"content":{"rendered":"<p>[et_pb_section fb_built=&#8221;1&#8243; _builder_version=&#8221;4.16&#8243; _module_preset=&#8221;default&#8221; background_color=&#8221;RGBA(255,255,255,0)&#8221; locked=&#8221;off&#8221; global_colors_info=&#8221;{}&#8221;][et_pb_row _builder_version=&#8221;4.16&#8243; _module_preset=&#8221;default&#8221; custom_padding=&#8221;130px|||||&#8221; global_colors_info=&#8221;{}&#8221;][et_pb_column type=&#8221;4_4&#8243; _builder_version=&#8221;4.16&#8243; _module_preset=&#8221;default&#8221; global_colors_info=&#8221;{}&#8221;][et_pb_text admin_label=&#8221;Headline&#8221; _builder_version=&#8221;4.17.6&#8243; _module_preset=&#8221;77a7a6a5-6cba-4e24-a8d7-1992b0adbe08&#8243; header_font=&#8221;Ubuntu|700|||||||&#8221; global_colors_info=&#8221;{}&#8221;]<\/p>\n<h1><strong>Razvoj i revizija standarda<\/strong><\/h1>\n<p>[\/et_pb_text][\/et_pb_column][\/et_pb_row][\/et_pb_section][et_pb_section fb_built=&#8221;1&#8243; _builder_version=&#8221;4.16&#8243; _module_preset=&#8221;default&#8221; background_color=&#8221;#F6F1E8&#8243; custom_padding=&#8221;29px||3px|||&#8221; global_colors_info=&#8221;{}&#8221;][et_pb_row _builder_version=&#8221;4.16&#8243; _module_preset=&#8221;default&#8221; custom_padding=&#8221;5px|||||&#8221; global_colors_info=&#8221;{}&#8221;][et_pb_column type=&#8221;4_4&#8243; _builder_version=&#8221;4.16&#8243; _module_preset=&#8221;default&#8221; global_colors_info=&#8221;{}&#8221;][et_pb_text admin_label=&#8221;Main Info Text&#8221; _builder_version=&#8221;4.19.5&#8243; _module_preset=&#8221;77a7a6a5-6cba-4e24-a8d7-1992b0adbe08&#8243; global_colors_info=&#8221;{}&#8221;]<\/p>\n<div class=\"elementor-element elementor-element-590e864 elementor-widget elementor-widget-text-editor\" data-id=\"590e864\" data-element_type=\"widget\" data-widget_type=\"text-editor.default\">\n<div class=\"elementor-widget-container\">\n<div class=\"elementor-text-editor elementor-clearfix\">\n<p style=\"text-align: left;\">Donau Soja se, kao organizacija sa mno\u0161tvom stejkholdera, trudi da uklju\u010di stejkholdere kada se predla\u017eu i prave promene u na\u0161im standardima. Ovde \u0107ete na\u0107i detaljne informacije o ovom procesu i teku\u0107em radu na razvoju standarda, kao i informacije o tome kako su ovi klju\u010dni dokumenti napravljeni.<\/p>\n<\/div>\n<\/div>\n<\/div>\n<p>[\/et_pb_text][\/et_pb_column][\/et_pb_row][\/et_pb_section][et_pb_section fb_built=&#8221;1&#8243; _builder_version=&#8221;4.16&#8243; _module_preset=&#8221;default&#8221; background_color=&#8221;#C5DB9B&#8221; custom_padding=&#8221;29px||31px|||&#8221; global_colors_info=&#8221;{}&#8221;][et_pb_row _builder_version=&#8221;4.16&#8243; _module_preset=&#8221;default&#8221; background_color=&#8221;#ffffff&#8221; custom_padding=&#8221;|20px||20px|false|false&#8221; global_colors_info=&#8221;{}&#8221;][et_pb_column type=&#8221;4_4&#8243; _builder_version=&#8221;4.16&#8243; _module_preset=&#8221;default&#8221; global_colors_info=&#8221;{}&#8221;][et_pb_text _builder_version=&#8221;4.21.0&#8243; _module_preset=&#8221;97a49757-9877-47ea-b480-aa7742502928&#8243; hover_enabled=&#8221;0&#8243; global_colors_info=&#8221;{}&#8221; sticky_enabled=&#8221;0&#8243;]<\/p>\n<h2><strong>Najnovije izmene<\/strong><\/h2>\n<h2>&#8211;<\/h2>\n<p style=\"text-align: left;\">Donau Soja je otpo\u010dela proces najnovijih izmena za Donau Soja \/ Europe Soya standarde u martu 2020. godine i zavr\u0161ila ga u novembru 2021. godine.<\/p>\n<p>[\/et_pb_text][\/et_pb_column][\/et_pb_row][et_pb_row column_structure=&#8221;1_2,1_2&#8243; _builder_version=&#8221;4.16&#8243; _module_preset=&#8221;default&#8221; background_color=&#8221;#ffffff&#8221; custom_margin=&#8221;-13px|auto||auto||&#8221; global_colors_info=&#8221;{}&#8221;][et_pb_column type=&#8221;1_2&#8243; _builder_version=&#8221;4.16&#8243; _module_preset=&#8221;default&#8221; global_colors_info=&#8221;{}&#8221;][et_pb_text admin_label=&#8221;why a revision&#8221; _builder_version=&#8221;4.19.5&#8243; _module_preset=&#8221;77a7a6a5-6cba-4e24-a8d7-1992b0adbe08&#8243; custom_padding=&#8221;|20px||20px|false|false&#8221; global_colors_info=&#8221;{}&#8221;]<\/p>\n<h4 style=\"text-align: left;\"><strong>za\u0161to revizija?<\/strong><\/h4>\n<p style=\"text-align: left;\">Redovna revizija na\u0161ih standarda predstavlja posve\u0107enost stalnom unapre\u0111ivanju. Neprestano prikupljamo povratne informacije od na\u0161ih \u010dlanica i partnera o tome kako da unapredimo standarde, a dodatne predloge za unapre\u0111enje nalazimo na primer kao deo procedura postavljanja merila.<\/p>\n<p style=\"text-align: left;\">Revizija je imala za cilj da kriterijume Donau Soja \/ Europe Soya standarda u\u010dini izri\u010ditim, naro\u010dito osnovne zahteve EU pravnog okvira u relevantnim oblastima kao \u0161to su dobre prakse u poljoprivredi, za\u0161tita okoline i biodiverziteta, te socijalna i radna prava. Dodatno, revizija je imala za cilj da podigne lestvicu i doda nove zahteve, na primer u oblastima odgovornog kori\u0161\u0107enja zemlji\u0161ta i za\u0161tite biodiverziteta, kao i u smanjenju emisije gasova staklene ba\u0161te. Kona\u010dno, revizija je imala za cilj i da unapredi nivo obezbe\u0111enja daljeg razvoja na\u0161eg sistema nadzora zasnovanog na riziku.<\/p>\n<p>[\/et_pb_text][\/et_pb_column][et_pb_column type=&#8221;1_2&#8243; _builder_version=&#8221;4.16&#8243; _module_preset=&#8221;default&#8221; global_colors_info=&#8221;{}&#8221;][et_pb_text admin_label=&#8221;Text&#8221; _builder_version=&#8221;4.17.6&#8243; _module_preset=&#8221;77a7a6a5-6cba-4e24-a8d7-1992b0adbe08&#8243; custom_padding=&#8221;|20px||20px|false|false&#8221; global_colors_info=&#8221;{}&#8221;]<\/p>\n<p>Tokom procesa revizije Donau Soja standarda je stoga:<\/p>\n<p>[\/et_pb_text][et_pb_blurb title=&#8221;Definisala 10 na\u010dela Donau Soja \/ Europe Soya uzgoja*&#8221; use_icon=&#8221;on&#8221; font_icon=&#8221;&#xf0c8;||fa||900&#8243; _builder_version=&#8221;4.19.5&#8243; _module_preset=&#8221;591a8906-608e-4daf-b2d8-77bd187d9121&#8243; header_font=&#8221;|700|||||||&#8221; custom_padding=&#8221;|20px||20px|false|false&#8221; global_colors_info=&#8221;{}&#8221;]<\/p>\n<p style=\"text-align: left;\">*Ve\u0107ina kriterijuma u okviru principa ve\u0107 su bili deo Donau Soja \/ Europe Soya sistema, samo se sada eksplicitnije pominju. Me\u0111utim, uveli\u00a0 smo nove principe i kriterijume, kao \u0161to je novi princip 9: Smanjenje emisije gasova staklene ba\u0161te.<\/p>\n<p>[\/et_pb_blurb][et_pb_blurb title=&#8221;Napravila re\u010dnik termina &#8221; use_icon=&#8221;on&#8221; font_icon=&#8221;&#xf0c8;||fa||900&#8243; _builder_version=&#8221;4.19.5&#8243; _module_preset=&#8221;591a8906-608e-4daf-b2d8-77bd187d9121&#8243; header_font=&#8221;|700|||||||&#8221; custom_padding=&#8221;|20px||20px|false|false&#8221; global_colors_info=&#8221;{}&#8221;]<\/p>\n<p style=\"text-align: left;\">koji prati 10 Donau Soja \/ Europe Soja na\u010dela i obja\u0161njava sve relevantne termine i definicije<\/p>\n<p>[\/et_pb_blurb][et_pb_blurb title=&#8221;Uvela nove kategorije rizika u svoj sistem nadzora&#8221; use_icon=&#8221;on&#8221; font_icon=&#8221;&#xf0c8;||fa||900&#8243; _builder_version=&#8221;4.18.1&#8243; _module_preset=&#8221;591a8906-608e-4daf-b2d8-77bd187d9121&#8243; header_font=&#8221;|700|||||||&#8221; custom_padding=&#8221;|20px||20px|false|false&#8221; global_colors_info=&#8221;{}&#8221;][\/et_pb_blurb][\/et_pb_column][\/et_pb_row][\/et_pb_section][et_pb_section fb_built=&#8221;1&#8243; _builder_version=&#8221;4.16&#8243; _module_preset=&#8221;default&#8221; background_color=&#8221;rgba(246,241,232,0.8)&#8221; global_colors_info=&#8221;{}&#8221;][et_pb_row _builder_version=&#8221;4.16&#8243; _module_preset=&#8221;default&#8221; background_color=&#8221;#ffffff&#8221; custom_padding=&#8221;|20px||20px|false|false&#8221; global_colors_info=&#8221;{}&#8221;][et_pb_column type=&#8221;4_4&#8243; _builder_version=&#8221;4.16&#8243; _module_preset=&#8221;default&#8221; global_colors_info=&#8221;{}&#8221;][et_pb_text admin_label=&#8221;Timeline&#8221; _builder_version=&#8221;4.17.6&#8243; _module_preset=&#8221;97a49757-9877-47ea-b480-aa7742502928&#8243; global_colors_info=&#8221;{}&#8221;]<\/p>\n<h1>tok revizije donau soja \/ europe soya standarda<\/h1>\n<h1>&#8211;<\/h1>\n<p>[\/et_pb_text][et_pb_image src=&#8221;https:\/\/www.donausoja.org\/wp-content\/uploads\/2022\/11\/Picture1-1-1.jpg&#8221; title_text=&#8221;Picture1&#8243; align=&#8221;center&#8221; _builder_version=&#8221;4.18.1&#8243; _module_preset=&#8221;default&#8221; custom_margin=&#8221;||-4px|||&#8221; global_colors_info=&#8221;{}&#8221;][\/et_pb_image][et_pb_text _builder_version=&#8221;4.17.6&#8243; _module_preset=&#8221;97a49757-9877-47ea-b480-aa7742502928&#8243; global_colors_info=&#8221;{}&#8221;]<\/p>\n<p>Za dalje informacije, molimo da kontaktirate <span><a href=\"mailto:standard@donausoja.org\">standard@donausoja.org.<\/a><\/span><\/p>\n<p>[\/et_pb_text][\/et_pb_column][\/et_pb_row][\/et_pb_section]<\/p>\n","protected":false},"excerpt":{"rendered":"<p>Razvoj i revizija standarda Donau Soja se, kao organizacija sa mno\u0161tvom stejkholdera, trudi da uklju\u010di stejkholdere kada se predla\u017eu i prave promene u na\u0161im standardima. Ovde \u0107ete na\u0107i detaljne informacije o ovom procesu i teku\u0107em radu na razvoju standarda, kao i informacije o tome kako su ovi klju\u010dni dokumenti napravljeni. Najnovije izmene &#8211; Donau Soja [&hellip;]<\/p>\n","protected":false},"author":2,"featured_media":927,"parent":20272,"menu_order":0,"comment_status":"open","ping_status":"open","template":"","meta":{"_et_pb_use_builder":"on","_et_pb_old_content":"","_et_gb_content_width":"","footnotes":""},"class_list":["post-20276","page","type-page","status-publish","has-post-thumbnail","hentry"],"yoast_head":"<!-- This site is optimized with the Yoast SEO plugin v27.4 - https:\/\/yoast.com\/product\/yoast-seo-wordpress\/ -->\n<title>Razvoj i revizija standarda - Donau Soja<\/title>\n<meta name=\"description\" content=\"Donau Soja , as a multi-stakeholder organisation, seeks to engage stakeholders when changes are proposed and made to our standards. Here you will find detailed information about this process and current work on standards development, as well as information on how these key documents were created.\" \/>\n<meta name=\"robots\" content=\"index, follow, max-snippet:-1, max-image-preview:large, max-video-preview:-1\" \/>\n<link rel=\"canonical\" href=\"https:\/\/www.donausoja.org\/sr\/certification-inspection\/dunav-soja-standard\/standard-development-and-standard-revision\/\" \/>\n<meta property=\"og:locale\" content=\"sr_RS\" \/>\n<meta property=\"og:type\" content=\"article\" \/>\n<meta property=\"og:title\" content=\"Razvoj i revizija standarda - Donau Soja\" \/>\n<meta property=\"og:description\" content=\"Donau Soja , as a multi-stakeholder organisation, seeks to engage stakeholders when changes are proposed and made to our standards. Here you will find detailed information about this process and current work on standards development, as well as information on how these key documents were created.\" \/>\n<meta property=\"og:url\" content=\"https:\/\/www.donausoja.org\/sr\/certification-inspection\/dunav-soja-standard\/standard-development-and-standard-revision\/\" \/>\n<meta property=\"og:site_name\" content=\"Donau Soja\" \/>\n<meta property=\"article:modified_time\" content=\"2023-06-12T11:52:20+00:00\" \/>\n<meta property=\"og:image\" content=\"https:\/\/www.donausoja.org\/wp-content\/uploads\/2022\/03\/Standard-Revision-3.png\" \/>\n\t<meta property=\"og:image:width\" content=\"5333\" \/>\n\t<meta property=\"og:image:height\" content=\"3000\" \/>\n\t<meta property=\"og:image:type\" content=\"image\/png\" \/>\n<meta name=\"twitter:card\" content=\"summary_large_image\" \/>\n<meta name=\"twitter:label1\" content=\"\u041f\u0440\u043e\u0446\u0435\u045a\u0435\u043d\u043e \u0432\u0440\u0435\u043c\u0435 \u0447\u0438\u0442\u0430\u045a\u0430\" \/>\n\t<meta name=\"twitter:data1\" content=\"2 \u043c\u0438\u043d\u0443\u0442\u0430\" \/>\n<script type=\"application\/ld+json\" class=\"yoast-schema-graph\">{\"@context\":\"https:\\\/\\\/schema.org\",\"@graph\":[{\"@type\":\"WebPage\",\"@id\":\"https:\\\/\\\/www.donausoja.org\\\/sr\\\/certification-inspection\\\/dunav-soja-standard\\\/standard-development-and-standard-revision\\\/\",\"url\":\"https:\\\/\\\/www.donausoja.org\\\/sr\\\/certification-inspection\\\/dunav-soja-standard\\\/standard-development-and-standard-revision\\\/\",\"name\":\"Razvoj i revizija standarda - Donau Soja\",\"isPartOf\":{\"@id\":\"https:\\\/\\\/www.donausoja.org\\\/sr\\\/#website\"},\"primaryImageOfPage\":{\"@id\":\"https:\\\/\\\/www.donausoja.org\\\/sr\\\/certification-inspection\\\/dunav-soja-standard\\\/standard-development-and-standard-revision\\\/#primaryimage\"},\"image\":{\"@id\":\"https:\\\/\\\/www.donausoja.org\\\/sr\\\/certification-inspection\\\/dunav-soja-standard\\\/standard-development-and-standard-revision\\\/#primaryimage\"},\"thumbnailUrl\":\"https:\\\/\\\/www.donausoja.org\\\/wp-content\\\/uploads\\\/2022\\\/03\\\/Standard-Revision-3.png\",\"datePublished\":\"2022-03-01T09:41:07+00:00\",\"dateModified\":\"2023-06-12T11:52:20+00:00\",\"description\":\"Donau Soja , as a multi-stakeholder organisation, seeks to engage stakeholders when changes are proposed and made to our standards. Here you will find detailed information about this process and current work on standards development, as well as information on how these key documents were created.\",\"breadcrumb\":{\"@id\":\"https:\\\/\\\/www.donausoja.org\\\/sr\\\/certification-inspection\\\/dunav-soja-standard\\\/standard-development-and-standard-revision\\\/#breadcrumb\"},\"inLanguage\":\"sr-RS\",\"potentialAction\":[{\"@type\":\"ReadAction\",\"target\":[\"https:\\\/\\\/www.donausoja.org\\\/sr\\\/certification-inspection\\\/dunav-soja-standard\\\/standard-development-and-standard-revision\\\/\"]}]},{\"@type\":\"ImageObject\",\"inLanguage\":\"sr-RS\",\"@id\":\"https:\\\/\\\/www.donausoja.org\\\/sr\\\/certification-inspection\\\/dunav-soja-standard\\\/standard-development-and-standard-revision\\\/#primaryimage\",\"url\":\"https:\\\/\\\/www.donausoja.org\\\/wp-content\\\/uploads\\\/2022\\\/03\\\/Standard-Revision-3.png\",\"contentUrl\":\"https:\\\/\\\/www.donausoja.org\\\/wp-content\\\/uploads\\\/2022\\\/03\\\/Standard-Revision-3.png\",\"width\":5333,\"height\":3000},{\"@type\":\"BreadcrumbList\",\"@id\":\"https:\\\/\\\/www.donausoja.org\\\/sr\\\/certification-inspection\\\/dunav-soja-standard\\\/standard-development-and-standard-revision\\\/#breadcrumb\",\"itemListElement\":[{\"@type\":\"ListItem\",\"position\":1,\"name\":\"Home\",\"item\":\"https:\\\/\\\/www.donausoja.org\\\/sr\\\/\"},{\"@type\":\"ListItem\",\"position\":2,\"name\":\"Standardi\",\"item\":\"https:\\\/\\\/www.donausoja.org\\\/sr\\\/certification-inspection\\\/\"},{\"@type\":\"ListItem\",\"position\":3,\"name\":\"Donau Soja standard\",\"item\":\"https:\\\/\\\/www.donausoja.org\\\/sr\\\/certification-inspection\\\/dunav-soja-standard\\\/\"},{\"@type\":\"ListItem\",\"position\":4,\"name\":\"Razvoj i revizija standarda\"}]},{\"@type\":\"WebSite\",\"@id\":\"https:\\\/\\\/www.donausoja.org\\\/sr\\\/#website\",\"url\":\"https:\\\/\\\/www.donausoja.org\\\/sr\\\/\",\"name\":\"Donau Soja\",\"description\":\"Together for a European Protein Supply: Regional. Sustainable. Non-GM.\",\"potentialAction\":[{\"@type\":\"SearchAction\",\"target\":{\"@type\":\"EntryPoint\",\"urlTemplate\":\"https:\\\/\\\/www.donausoja.org\\\/sr\\\/?s={search_term_string}\"},\"query-input\":{\"@type\":\"PropertyValueSpecification\",\"valueRequired\":true,\"valueName\":\"search_term_string\"}}],\"inLanguage\":\"sr-RS\"}]}<\/script>\n<!-- \/ Yoast SEO plugin. -->","yoast_head_json":{"title":"Razvoj i revizija standarda - Donau Soja","description":"Donau Soja , as a multi-stakeholder organisation, seeks to engage stakeholders when changes are proposed and made to our standards. Here you will find detailed information about this process and current work on standards development, as well as information on how these key documents were created.","robots":{"index":"index","follow":"follow","max-snippet":"max-snippet:-1","max-image-preview":"max-image-preview:large","max-video-preview":"max-video-preview:-1"},"canonical":"https:\/\/www.donausoja.org\/sr\/certification-inspection\/dunav-soja-standard\/standard-development-and-standard-revision\/","og_locale":"sr_RS","og_type":"article","og_title":"Razvoj i revizija standarda - Donau Soja","og_description":"Donau Soja , as a multi-stakeholder organisation, seeks to engage stakeholders when changes are proposed and made to our standards. Here you will find detailed information about this process and current work on standards development, as well as information on how these key documents were created.","og_url":"https:\/\/www.donausoja.org\/sr\/certification-inspection\/dunav-soja-standard\/standard-development-and-standard-revision\/","og_site_name":"Donau Soja","article_modified_time":"2023-06-12T11:52:20+00:00","og_image":[{"width":5333,"height":3000,"url":"https:\/\/www.donausoja.org\/wp-content\/uploads\/2022\/03\/Standard-Revision-3.png","type":"image\/png"}],"twitter_card":"summary_large_image","twitter_misc":{"\u041f\u0440\u043e\u0446\u0435\u045a\u0435\u043d\u043e \u0432\u0440\u0435\u043c\u0435 \u0447\u0438\u0442\u0430\u045a\u0430":"2 \u043c\u0438\u043d\u0443\u0442\u0430"},"schema":{"@context":"https:\/\/schema.org","@graph":[{"@type":"WebPage","@id":"https:\/\/www.donausoja.org\/sr\/certification-inspection\/dunav-soja-standard\/standard-development-and-standard-revision\/","url":"https:\/\/www.donausoja.org\/sr\/certification-inspection\/dunav-soja-standard\/standard-development-and-standard-revision\/","name":"Razvoj i revizija standarda - Donau Soja","isPartOf":{"@id":"https:\/\/www.donausoja.org\/sr\/#website"},"primaryImageOfPage":{"@id":"https:\/\/www.donausoja.org\/sr\/certification-inspection\/dunav-soja-standard\/standard-development-and-standard-revision\/#primaryimage"},"image":{"@id":"https:\/\/www.donausoja.org\/sr\/certification-inspection\/dunav-soja-standard\/standard-development-and-standard-revision\/#primaryimage"},"thumbnailUrl":"https:\/\/www.donausoja.org\/wp-content\/uploads\/2022\/03\/Standard-Revision-3.png","datePublished":"2022-03-01T09:41:07+00:00","dateModified":"2023-06-12T11:52:20+00:00","description":"Donau Soja , as a multi-stakeholder organisation, seeks to engage stakeholders when changes are proposed and made to our standards. Here you will find detailed information about this process and current work on standards development, as well as information on how these key documents were created.","breadcrumb":{"@id":"https:\/\/www.donausoja.org\/sr\/certification-inspection\/dunav-soja-standard\/standard-development-and-standard-revision\/#breadcrumb"},"inLanguage":"sr-RS","potentialAction":[{"@type":"ReadAction","target":["https:\/\/www.donausoja.org\/sr\/certification-inspection\/dunav-soja-standard\/standard-development-and-standard-revision\/"]}]},{"@type":"ImageObject","inLanguage":"sr-RS","@id":"https:\/\/www.donausoja.org\/sr\/certification-inspection\/dunav-soja-standard\/standard-development-and-standard-revision\/#primaryimage","url":"https:\/\/www.donausoja.org\/wp-content\/uploads\/2022\/03\/Standard-Revision-3.png","contentUrl":"https:\/\/www.donausoja.org\/wp-content\/uploads\/2022\/03\/Standard-Revision-3.png","width":5333,"height":3000},{"@type":"BreadcrumbList","@id":"https:\/\/www.donausoja.org\/sr\/certification-inspection\/dunav-soja-standard\/standard-development-and-standard-revision\/#breadcrumb","itemListElement":[{"@type":"ListItem","position":1,"name":"Home","item":"https:\/\/www.donausoja.org\/sr\/"},{"@type":"ListItem","position":2,"name":"Standardi","item":"https:\/\/www.donausoja.org\/sr\/certification-inspection\/"},{"@type":"ListItem","position":3,"name":"Donau Soja standard","item":"https:\/\/www.donausoja.org\/sr\/certification-inspection\/dunav-soja-standard\/"},{"@type":"ListItem","position":4,"name":"Razvoj i revizija standarda"}]},{"@type":"WebSite","@id":"https:\/\/www.donausoja.org\/sr\/#website","url":"https:\/\/www.donausoja.org\/sr\/","name":"Donau Soja","description":"Together for a European Protein Supply: Regional. Sustainable. Non-GM.","potentialAction":[{"@type":"SearchAction","target":{"@type":"EntryPoint","urlTemplate":"https:\/\/www.donausoja.org\/sr\/?s={search_term_string}"},"query-input":{"@type":"PropertyValueSpecification","valueRequired":true,"valueName":"search_term_string"}}],"inLanguage":"sr-RS"}]}},"_links":{"self":[{"href":"https:\/\/www.donausoja.org\/sr\/wp-json\/wp\/v2\/pages\/20276","targetHints":{"allow":["GET"]}}],"collection":[{"href":"https:\/\/www.donausoja.org\/sr\/wp-json\/wp\/v2\/pages"}],"about":[{"href":"https:\/\/www.donausoja.org\/sr\/wp-json\/wp\/v2\/types\/page"}],"author":[{"embeddable":true,"href":"https:\/\/www.donausoja.org\/sr\/wp-json\/wp\/v2\/users\/2"}],"replies":[{"embeddable":true,"href":"https:\/\/www.donausoja.org\/sr\/wp-json\/wp\/v2\/comments?post=20276"}],"version-history":[{"count":0,"href":"https:\/\/www.donausoja.org\/sr\/wp-json\/wp\/v2\/pages\/20276\/revisions"}],"up":[{"embeddable":true,"href":"https:\/\/www.donausoja.org\/sr\/wp-json\/wp\/v2\/pages\/20272"}],"wp:featuredmedia":[{"embeddable":true,"href":"https:\/\/www.donausoja.org\/sr\/wp-json\/wp\/v2\/media\/927"}],"wp:attachment":[{"href":"https:\/\/www.donausoja.org\/sr\/wp-json\/wp\/v2\/media?parent=20276"}],"curies":[{"name":"wp","href":"https:\/\/api.w.org\/{rel}","templated":true}]}}