
{"id":20244,"date":"2021-12-08T10:18:22","date_gmt":"2021-12-08T10:18:22","guid":{"rendered":"https:\/\/fourth.donausoja.org\/organisation\/misija-i-vizija\/"},"modified":"2024-10-23T15:25:45","modified_gmt":"2024-10-23T15:25:45","slug":"misija-i-vizija","status":"publish","type":"page","link":"https:\/\/www.donausoja.org\/sr\/organisation\/misija-i-vizija\/","title":{"rendered":"Misija i vizija"},"content":{"rendered":"<p>[et_pb_section fb_built=&#8221;1&#8243; _builder_version=&#8221;4.16&#8243; _module_preset=&#8221;default&#8221; background_color=&#8221;RGBA(255,255,255,0)&#8221; locked=&#8221;off&#8221; global_colors_info=&#8221;{}&#8221; da_is_popup=&#8221;off&#8221; da_exit_intent=&#8221;off&#8221; da_has_close=&#8221;on&#8221; da_alt_close=&#8221;off&#8221; da_dark_close=&#8221;off&#8221; da_not_modal=&#8221;on&#8221; da_is_singular=&#8221;off&#8221; da_with_loader=&#8221;off&#8221; da_has_shadow=&#8221;on&#8221; da_disable_devices=&#8221;off|off|off&#8221;][et_pb_row _builder_version=&#8221;4.16&#8243; _module_preset=&#8221;default&#8221; custom_padding=&#8221;130px|||||&#8221; global_colors_info=&#8221;{}&#8221;][et_pb_column type=&#8221;4_4&#8243; _builder_version=&#8221;4.16&#8243; _module_preset=&#8221;default&#8221; global_colors_info=&#8221;{}&#8221;][et_pb_text _builder_version=&#8221;4.17.6&#8243; _module_preset=&#8221;77a7a6a5-6cba-4e24-a8d7-1992b0adbe08&#8243; header_font=&#8221;Ubuntu|700|||||||&#8221; hover_enabled=&#8221;0&#8243; global_colors_info=&#8221;{}&#8221; sticky_enabled=&#8221;0&#8243;]<\/p>\n<h1><b>Misija i vizija<\/b><\/h1>\n<p>[\/et_pb_text][\/et_pb_column][\/et_pb_row][\/et_pb_section][et_pb_section fb_built=&#8221;1&#8243; _builder_version=&#8221;4.16&#8243; _module_preset=&#8221;default&#8221; background_color=&#8221;#F6F1E8&#8243; custom_padding=&#8221;||3px|||&#8221; global_colors_info=&#8221;{}&#8221; da_is_popup=&#8221;off&#8221; da_exit_intent=&#8221;off&#8221; da_has_close=&#8221;on&#8221; da_alt_close=&#8221;off&#8221; da_dark_close=&#8221;off&#8221; da_not_modal=&#8221;on&#8221; da_is_singular=&#8221;off&#8221; da_with_loader=&#8221;off&#8221; da_has_shadow=&#8221;on&#8221; da_disable_devices=&#8221;off|off|off&#8221;][et_pb_row column_structure=&#8221;1_3,2_3&#8243; _builder_version=&#8221;4.16&#8243; _module_preset=&#8221;default&#8221; global_colors_info=&#8221;{}&#8221;][et_pb_column type=&#8221;1_3&#8243; _builder_version=&#8221;4.16&#8243; _module_preset=&#8221;default&#8221; global_colors_info=&#8221;{}&#8221;][et_pb_image src=&#8221;https:\/\/www.donausoja.org\/wp-content\/uploads\/2022\/01\/28-bg_sojabohnenpflanze-1536&#215;1026-1.jpg&#8221; title_text=&#8221;28-bg_sojabohnenpflanze-1536&#215;1026&#8243; _builder_version=&#8221;4.16&#8243; _module_preset=&#8221;default&#8221; box_shadow_style=&#8221;preset1&#8243; box_shadow_blur=&#8221;10px&#8221; global_colors_info=&#8221;{}&#8221;][\/et_pb_image][\/et_pb_column][et_pb_column type=&#8221;2_3&#8243; _builder_version=&#8221;4.16&#8243; _module_preset=&#8221;default&#8221; global_colors_info=&#8221;{}&#8221;][et_pb_text _builder_version=&#8221;4.25.2&#8243; _module_preset=&#8221;77a7a6a5-6cba-4e24-a8d7-1992b0adbe08&#8243; hover_enabled=&#8221;0&#8243; global_colors_info=&#8221;{}&#8221; sticky_enabled=&#8221;0&#8243;]<\/p>\n<h2><strong>Na\u0161a vizija<\/strong><\/h2>\n<div class=\"elementor-element elementor-element-590e864 elementor-widget elementor-widget-text-editor\" data-id=\"590e864\" data-element_type=\"widget\" data-widget_type=\"text-editor.default\">\n<div class=\"elementor-widget-container\">\n<div class=\"elementor-text-editor elementor-clearfix\">\n<p><span style=\"font-weight: 400;\">Odr\u017eivo i bezbedno snabdevanje proteinima u Evropi.<\/span><\/p>\n<h2><strong>Na\u0161a misija<\/strong><\/h2>\n<p style=\"text-align: left;\"><span style=\"font-weight: 400;\">Donau Soja podr\u017eava svoje partnere i \u010dlanice u nala\u017eenju odgovora za dru\u0161tvene, privredne i izazove u oblasti za\u0161tite \u017eivotne sredine, a koji se ti\u010du proizvodnje soje. Time nastoji da pove\u0107a efikasnost, fer uslove i odr\u017eivost u evropskim lancima vrednosti prehrambenih proizvoda i proteina za sto\u010dnu hranu.<\/span><\/p>\n<\/div>\n<\/div>\n<\/div>\n<p>[\/et_pb_text][et_pb_text disabled_on=&#8221;on|on|on&#8221; _builder_version=&#8221;4.16&#8243; _module_preset=&#8221;77a7a6a5-6cba-4e24-a8d7-1992b0adbe08&#8243; disabled=&#8221;on&#8221; global_colors_info=&#8221;{}&#8221;]<\/p>\n<h2>Our Vision<\/h2>\n<div class=\"elementor-element elementor-element-590e864 elementor-widget elementor-widget-text-editor\" data-id=\"590e864\" data-element_type=\"widget\" data-widget_type=\"text-editor.default\">\n<div class=\"elementor-widget-container\">\n<div class=\"elementor-text-editor elementor-clearfix\">\n<p class=\"p1\">A sustainable, safe and European protein supply.<\/p>\n<p class=\"p1\">\n<p class=\"p1\">\n<h2 class=\"p1\">Our Mission<\/h2>\n<p class=\"p1\"><span>Donau Soja supports its partners and members in addressing social, environmental and economic challenges in soya production and consumption, with the aim of increasing efficiency, fairness and sustainability in European food and feed protein value chains.<\/span><\/p>\n<\/div>\n<\/div>\n<\/div>\n<p>[\/et_pb_text][\/et_pb_column][\/et_pb_row][et_pb_row _builder_version=&#8221;4.16&#8243; _module_preset=&#8221;default&#8221; global_colors_info=&#8221;{}&#8221;][et_pb_column type=&#8221;4_4&#8243; _builder_version=&#8221;4.16&#8243; _module_preset=&#8221;default&#8221; global_colors_info=&#8221;{}&#8221;][et_pb_text _builder_version=&#8221;4.21.0&#8243; _module_preset=&#8221;77a7a6a5-6cba-4e24-a8d7-1992b0adbe08&#8243; text_text_color=&#8221;#76B82A&#8221; custom_margin=&#8221;||0px|20px|false|false&#8221; link_option_url=&#8221;https:\/\/www.donausoja.org\/sr\/organisation\/upravljanje-i-statuti\/&#8221; locked=&#8221;off&#8221; global_colors_info=&#8221;{}&#8221;]<\/p>\n<p style=\"text-align: right;\"><strong>Nastavite na Upravljanje i statuti \u00bb<\/strong><\/p>\n<p>[\/et_pb_text][\/et_pb_column][\/et_pb_row][\/et_pb_section]<\/p>\n","protected":false},"excerpt":{"rendered":"<p>Misija i vizijaNa\u0161a vizija Odr\u017eivo i bezbedno snabdevanje proteinima u Evropi. Na\u0161a misija Donau Soja podr\u017eava svoje partnere i \u010dlanice u nala\u017eenju odgovora za dru\u0161tvene, privredne i izazove u oblasti za\u0161tite \u017eivotne sredine, a koji se ti\u010du proizvodnje soje. Time nastoji da pove\u0107a efikasnost, fer uslove i odr\u017eivost u evropskim lancima vrednosti prehrambenih proizvoda i [&hellip;]<\/p>\n","protected":false},"author":2,"featured_media":69,"parent":20243,"menu_order":0,"comment_status":"open","ping_status":"open","template":"","meta":{"_et_pb_use_builder":"on","_et_pb_old_content":"","_et_gb_content_width":"","footnotes":""},"class_list":["post-20244","page","type-page","status-publish","has-post-thumbnail","hentry"],"yoast_head":"<!-- This site is optimized with the Yoast SEO plugin v27.4 - https:\/\/yoast.com\/product\/yoast-seo-wordpress\/ -->\n<title>Misija i vizija - Donau Soja<\/title>\n<meta name=\"description\" content=\"Donau Soja podr\u017eava svoje partnere i \u010dlanove u nala\u017eenju odgovora za dru\u0161tvene, privredne i izazove u oblasti za\u0161tite \u017eivotne sredine, a koji se ti\u010du proizvodnje soje.\" \/>\n<meta name=\"robots\" content=\"index, follow, max-snippet:-1, max-image-preview:large, max-video-preview:-1\" \/>\n<link rel=\"canonical\" href=\"https:\/\/www.donausoja.org\/sr\/organisation\/misija-i-vizija\/\" \/>\n<meta property=\"og:locale\" content=\"sr_RS\" \/>\n<meta property=\"og:type\" content=\"article\" \/>\n<meta property=\"og:title\" content=\"Misija i vizija - Donau Soja\" \/>\n<meta property=\"og:description\" content=\"Donau Soja podr\u017eava svoje partnere i \u010dlanove u nala\u017eenju odgovora za dru\u0161tvene, privredne i izazove u oblasti za\u0161tite \u017eivotne sredine, a koji se ti\u010du proizvodnje soje.\" \/>\n<meta property=\"og:url\" content=\"https:\/\/www.donausoja.org\/sr\/organisation\/misija-i-vizija\/\" \/>\n<meta property=\"og:site_name\" content=\"Donau Soja\" \/>\n<meta property=\"article:modified_time\" content=\"2024-10-23T15:25:45+00:00\" \/>\n<meta property=\"og:image\" content=\"https:\/\/www.donausoja.org\/wp-content\/uploads\/2021\/12\/cropped-donausoja_favicon2_512-1-e1645618911394.png\" \/>\n\t<meta property=\"og:image:width\" content=\"212\" \/>\n\t<meta property=\"og:image:height\" content=\"212\" \/>\n\t<meta property=\"og:image:type\" content=\"image\/png\" \/>\n<meta name=\"twitter:card\" content=\"summary_large_image\" \/>\n<meta name=\"twitter:label1\" content=\"\u041f\u0440\u043e\u0446\u0435\u045a\u0435\u043d\u043e \u0432\u0440\u0435\u043c\u0435 \u0447\u0438\u0442\u0430\u045a\u0430\" \/>\n\t<meta name=\"twitter:data1\" content=\"1 \u043c\u0438\u043d\u0443\u0442\" \/>\n<script type=\"application\/ld+json\" class=\"yoast-schema-graph\">{\"@context\":\"https:\\\/\\\/schema.org\",\"@graph\":[{\"@type\":\"WebPage\",\"@id\":\"https:\\\/\\\/www.donausoja.org\\\/sr\\\/organisation\\\/misija-i-vizija\\\/\",\"url\":\"https:\\\/\\\/www.donausoja.org\\\/sr\\\/organisation\\\/misija-i-vizija\\\/\",\"name\":\"Misija i vizija - Donau Soja\",\"isPartOf\":{\"@id\":\"https:\\\/\\\/www.donausoja.org\\\/sr\\\/#website\"},\"primaryImageOfPage\":{\"@id\":\"https:\\\/\\\/www.donausoja.org\\\/sr\\\/organisation\\\/misija-i-vizija\\\/#primaryimage\"},\"image\":{\"@id\":\"https:\\\/\\\/www.donausoja.org\\\/sr\\\/organisation\\\/misija-i-vizija\\\/#primaryimage\"},\"thumbnailUrl\":\"https:\\\/\\\/www.donausoja.org\\\/wp-content\\\/uploads\\\/2021\\\/12\\\/cropped-donausoja_favicon2_512-1-e1645618911394.png\",\"datePublished\":\"2021-12-08T10:18:22+00:00\",\"dateModified\":\"2024-10-23T15:25:45+00:00\",\"description\":\"Donau Soja podr\u017eava svoje partnere i \u010dlanove u nala\u017eenju odgovora za dru\u0161tvene, privredne i izazove u oblasti za\u0161tite \u017eivotne sredine, a koji se ti\u010du proizvodnje soje.\",\"breadcrumb\":{\"@id\":\"https:\\\/\\\/www.donausoja.org\\\/sr\\\/organisation\\\/misija-i-vizija\\\/#breadcrumb\"},\"inLanguage\":\"sr-RS\",\"potentialAction\":[{\"@type\":\"ReadAction\",\"target\":[\"https:\\\/\\\/www.donausoja.org\\\/sr\\\/organisation\\\/misija-i-vizija\\\/\"]}]},{\"@type\":\"ImageObject\",\"inLanguage\":\"sr-RS\",\"@id\":\"https:\\\/\\\/www.donausoja.org\\\/sr\\\/organisation\\\/misija-i-vizija\\\/#primaryimage\",\"url\":\"https:\\\/\\\/www.donausoja.org\\\/wp-content\\\/uploads\\\/2021\\\/12\\\/cropped-donausoja_favicon2_512-1-e1645618911394.png\",\"contentUrl\":\"https:\\\/\\\/www.donausoja.org\\\/wp-content\\\/uploads\\\/2021\\\/12\\\/cropped-donausoja_favicon2_512-1-e1645618911394.png\",\"width\":212,\"height\":212},{\"@type\":\"BreadcrumbList\",\"@id\":\"https:\\\/\\\/www.donausoja.org\\\/sr\\\/organisation\\\/misija-i-vizija\\\/#breadcrumb\",\"itemListElement\":[{\"@type\":\"ListItem\",\"position\":1,\"name\":\"Home\",\"item\":\"https:\\\/\\\/www.donausoja.org\\\/sr\\\/\"},{\"@type\":\"ListItem\",\"position\":2,\"name\":\"Organizacija\",\"item\":\"https:\\\/\\\/www.donausoja.org\\\/sr\\\/organisation\\\/\"},{\"@type\":\"ListItem\",\"position\":3,\"name\":\"Misija i vizija\"}]},{\"@type\":\"WebSite\",\"@id\":\"https:\\\/\\\/www.donausoja.org\\\/sr\\\/#website\",\"url\":\"https:\\\/\\\/www.donausoja.org\\\/sr\\\/\",\"name\":\"Donau Soja\",\"description\":\"Together for a European Protein Supply: Regional. Sustainable. Non-GM.\",\"potentialAction\":[{\"@type\":\"SearchAction\",\"target\":{\"@type\":\"EntryPoint\",\"urlTemplate\":\"https:\\\/\\\/www.donausoja.org\\\/sr\\\/?s={search_term_string}\"},\"query-input\":{\"@type\":\"PropertyValueSpecification\",\"valueRequired\":true,\"valueName\":\"search_term_string\"}}],\"inLanguage\":\"sr-RS\"}]}<\/script>\n<!-- \/ Yoast SEO plugin. -->","yoast_head_json":{"title":"Misija i vizija - Donau Soja","description":"Donau Soja podr\u017eava svoje partnere i \u010dlanove u nala\u017eenju odgovora za dru\u0161tvene, privredne i izazove u oblasti za\u0161tite \u017eivotne sredine, a koji se ti\u010du proizvodnje soje.","robots":{"index":"index","follow":"follow","max-snippet":"max-snippet:-1","max-image-preview":"max-image-preview:large","max-video-preview":"max-video-preview:-1"},"canonical":"https:\/\/www.donausoja.org\/sr\/organisation\/misija-i-vizija\/","og_locale":"sr_RS","og_type":"article","og_title":"Misija i vizija - Donau Soja","og_description":"Donau Soja podr\u017eava svoje partnere i \u010dlanove u nala\u017eenju odgovora za dru\u0161tvene, privredne i izazove u oblasti za\u0161tite \u017eivotne sredine, a koji se ti\u010du proizvodnje soje.","og_url":"https:\/\/www.donausoja.org\/sr\/organisation\/misija-i-vizija\/","og_site_name":"Donau Soja","article_modified_time":"2024-10-23T15:25:45+00:00","og_image":[{"width":212,"height":212,"url":"https:\/\/www.donausoja.org\/wp-content\/uploads\/2021\/12\/cropped-donausoja_favicon2_512-1-e1645618911394.png","type":"image\/png"}],"twitter_card":"summary_large_image","twitter_misc":{"\u041f\u0440\u043e\u0446\u0435\u045a\u0435\u043d\u043e \u0432\u0440\u0435\u043c\u0435 \u0447\u0438\u0442\u0430\u045a\u0430":"1 \u043c\u0438\u043d\u0443\u0442"},"schema":{"@context":"https:\/\/schema.org","@graph":[{"@type":"WebPage","@id":"https:\/\/www.donausoja.org\/sr\/organisation\/misija-i-vizija\/","url":"https:\/\/www.donausoja.org\/sr\/organisation\/misija-i-vizija\/","name":"Misija i vizija - Donau Soja","isPartOf":{"@id":"https:\/\/www.donausoja.org\/sr\/#website"},"primaryImageOfPage":{"@id":"https:\/\/www.donausoja.org\/sr\/organisation\/misija-i-vizija\/#primaryimage"},"image":{"@id":"https:\/\/www.donausoja.org\/sr\/organisation\/misija-i-vizija\/#primaryimage"},"thumbnailUrl":"https:\/\/www.donausoja.org\/wp-content\/uploads\/2021\/12\/cropped-donausoja_favicon2_512-1-e1645618911394.png","datePublished":"2021-12-08T10:18:22+00:00","dateModified":"2024-10-23T15:25:45+00:00","description":"Donau Soja podr\u017eava svoje partnere i \u010dlanove u nala\u017eenju odgovora za dru\u0161tvene, privredne i izazove u oblasti za\u0161tite \u017eivotne sredine, a koji se ti\u010du proizvodnje soje.","breadcrumb":{"@id":"https:\/\/www.donausoja.org\/sr\/organisation\/misija-i-vizija\/#breadcrumb"},"inLanguage":"sr-RS","potentialAction":[{"@type":"ReadAction","target":["https:\/\/www.donausoja.org\/sr\/organisation\/misija-i-vizija\/"]}]},{"@type":"ImageObject","inLanguage":"sr-RS","@id":"https:\/\/www.donausoja.org\/sr\/organisation\/misija-i-vizija\/#primaryimage","url":"https:\/\/www.donausoja.org\/wp-content\/uploads\/2021\/12\/cropped-donausoja_favicon2_512-1-e1645618911394.png","contentUrl":"https:\/\/www.donausoja.org\/wp-content\/uploads\/2021\/12\/cropped-donausoja_favicon2_512-1-e1645618911394.png","width":212,"height":212},{"@type":"BreadcrumbList","@id":"https:\/\/www.donausoja.org\/sr\/organisation\/misija-i-vizija\/#breadcrumb","itemListElement":[{"@type":"ListItem","position":1,"name":"Home","item":"https:\/\/www.donausoja.org\/sr\/"},{"@type":"ListItem","position":2,"name":"Organizacija","item":"https:\/\/www.donausoja.org\/sr\/organisation\/"},{"@type":"ListItem","position":3,"name":"Misija i vizija"}]},{"@type":"WebSite","@id":"https:\/\/www.donausoja.org\/sr\/#website","url":"https:\/\/www.donausoja.org\/sr\/","name":"Donau Soja","description":"Together for a European Protein Supply: Regional. Sustainable. Non-GM.","potentialAction":[{"@type":"SearchAction","target":{"@type":"EntryPoint","urlTemplate":"https:\/\/www.donausoja.org\/sr\/?s={search_term_string}"},"query-input":{"@type":"PropertyValueSpecification","valueRequired":true,"valueName":"search_term_string"}}],"inLanguage":"sr-RS"}]}},"_links":{"self":[{"href":"https:\/\/www.donausoja.org\/sr\/wp-json\/wp\/v2\/pages\/20244","targetHints":{"allow":["GET"]}}],"collection":[{"href":"https:\/\/www.donausoja.org\/sr\/wp-json\/wp\/v2\/pages"}],"about":[{"href":"https:\/\/www.donausoja.org\/sr\/wp-json\/wp\/v2\/types\/page"}],"author":[{"embeddable":true,"href":"https:\/\/www.donausoja.org\/sr\/wp-json\/wp\/v2\/users\/2"}],"replies":[{"embeddable":true,"href":"https:\/\/www.donausoja.org\/sr\/wp-json\/wp\/v2\/comments?post=20244"}],"version-history":[{"count":1,"href":"https:\/\/www.donausoja.org\/sr\/wp-json\/wp\/v2\/pages\/20244\/revisions"}],"predecessor-version":[{"id":49825,"href":"https:\/\/www.donausoja.org\/sr\/wp-json\/wp\/v2\/pages\/20244\/revisions\/49825"}],"up":[{"embeddable":true,"href":"https:\/\/www.donausoja.org\/sr\/wp-json\/wp\/v2\/pages\/20243"}],"wp:featuredmedia":[{"embeddable":true,"href":"https:\/\/www.donausoja.org\/sr\/wp-json\/wp\/v2\/media\/69"}],"wp:attachment":[{"href":"https:\/\/www.donausoja.org\/sr\/wp-json\/wp\/v2\/media?parent=20244"}],"curies":[{"name":"wp","href":"https:\/\/api.w.org\/{rel}","templated":true}]}}