
{"id":54099,"date":"2024-05-17T17:17:11","date_gmt":"2024-05-17T17:17:11","guid":{"rendered":"https:\/\/www.donausoja.org\/get-involved\/"},"modified":"2025-06-16T11:07:49","modified_gmt":"2025-06-16T11:07:49","slug":"implicati-va","status":"publish","type":"page","link":"https:\/\/www.donausoja.org\/ro\/implicati-va\/","title":{"rendered":"Implica\u021bi-v\u0103"},"content":{"rendered":"<p>[et_pb_section fb_built=&#8221;1&#8243; _builder_version=&#8221;4.21.0&#8243; _module_preset=&#8221;default&#8221; background_color=&#8221;RGBA(255,255,255,0)&#8221; da_disable_devices=&#8221;off|off|off&#8221; locked=&#8221;off&#8221; global_colors_info=&#8221;{}&#8221; da_is_popup=&#8221;off&#8221; da_exit_intent=&#8221;off&#8221; da_has_close=&#8221;on&#8221; da_alt_close=&#8221;off&#8221; da_dark_close=&#8221;off&#8221; da_not_modal=&#8221;on&#8221; da_is_singular=&#8221;off&#8221; da_with_loader=&#8221;off&#8221; da_has_shadow=&#8221;on&#8221;][et_pb_row _builder_version=&#8221;4.21.0&#8243; _module_preset=&#8221;default&#8221; custom_padding=&#8221;130px|||||&#8221; global_colors_info=&#8221;{}&#8221;][et_pb_column type=&#8221;4_4&#8243; _builder_version=&#8221;4.16&#8243; _module_preset=&#8221;default&#8221; global_colors_info=&#8221;{}&#8221;][et_pb_text _builder_version=&#8221;4.27.3&#8243; _module_preset=&#8221;77a7a6a5-6cba-4e24-a8d7-1992b0adbe08&#8243; header_font=&#8221;Ubuntu|700|||||||&#8221; global_colors_info=&#8221;{}&#8221;]<\/p>\n<h1>Implica\u021bi-v\u0103<\/h1>\n<p>[\/et_pb_text][\/et_pb_column][\/et_pb_row][\/et_pb_section][et_pb_section fb_built=&#8221;1&#8243; _builder_version=&#8221;4.21.0&#8243; _module_preset=&#8221;default&#8221; min_height=&#8221;762.4px&#8221; custom_padding=&#8221;0px||0px|||&#8221; da_disable_devices=&#8221;off|off|off&#8221; global_colors_info=&#8221;{}&#8221; collapsed=&#8221;off&#8221; locked=&#8221;off&#8221; da_is_popup=&#8221;off&#8221; da_exit_intent=&#8221;off&#8221; da_has_close=&#8221;on&#8221; da_alt_close=&#8221;off&#8221; da_dark_close=&#8221;off&#8221; da_not_modal=&#8221;on&#8221; da_is_singular=&#8221;off&#8221; da_with_loader=&#8221;off&#8221; da_has_shadow=&#8221;on&#8221;][et_pb_row _builder_version=&#8221;4.21.0&#8243; _module_preset=&#8221;default&#8221; custom_padding=&#8221;23px|||||&#8221; global_colors_info=&#8221;{}&#8221;][et_pb_column type=&#8221;4_4&#8243; _builder_version=&#8221;4.21.0&#8243; _module_preset=&#8221;default&#8221; global_colors_info=&#8221;{}&#8221;][et_pb_text admin_label=&#8221;Text &#8221; _builder_version=&#8221;4.27.4&#8243; _module_preset=&#8221;97a49757-9877-47ea-b480-aa7742502928&#8243; background_color=&#8221;RGBA(255,255,255,0)&#8221; max_width=&#8221;100%&#8221; custom_margin=&#8221;||0px||false|false&#8221; custom_padding_phone=&#8221;|||0px|false|false&#8221; hover_enabled=&#8221;0&#8243; global_colors_info=&#8221;{}&#8221; sticky_enabled=&#8221;0&#8243;]<\/p>\n<p>Implica\u021bi-v\u0103 \u0219i sus\u021bine\u021bi viziunea noastr\u0103 privind o aprovizionare sustenabil\u0103, sigur\u0103 \u0219i european\u0103 cu proteine!<\/p>\n<p><strong>Donau Soja este activ\u0103 pe mai multe niveluri:<\/strong><\/p>\n<p>[\/et_pb_text][\/et_pb_column][\/et_pb_row][et_pb_row column_structure=&#8221;1_3,1_3,1_3&#8243; _builder_version=&#8221;4.21.0&#8243; _module_preset=&#8221;default&#8221; custom_padding=&#8221;3px||0px|||&#8221; global_colors_info=&#8221;{}&#8221;][et_pb_column type=&#8221;1_3&#8243; _builder_version=&#8221;4.16&#8243; _module_preset=&#8221;default&#8221; global_colors_info=&#8221;{}&#8221;][et_pb_text _builder_version=&#8221;4.27.4&#8243; _module_preset=&#8221;77a7a6a5-6cba-4e24-a8d7-1992b0adbe08&#8243; header_font=&#8221;Ubuntu|700|||||||&#8221; hover_enabled=&#8221;0&#8243; global_colors_info=&#8221;{}&#8221; sticky_enabled=&#8221;0&#8243;]<\/p>\n<h3><strong>Nivel european<\/strong><\/h3>\n<p>Sus\u021binem cultivarea sustenabil\u0103 a soiei \u00een Europa, \u00een conformitate cu reglement\u0103rile agricole ale Uniunii Europene \u0219i cu standardele Donau Soja. De asemenea, ne angaj\u0103m \u00een activit\u0103\u021bi de lobby politic la nivel european. Declara\u021biile Donau Soja \u0219i Europe Soya au fost semnate de 24 de mini\u0219tri ai agriculturii din Europa.<\/p>\n<p>[\/et_pb_text][\/et_pb_column][et_pb_column type=&#8221;1_3&#8243; _builder_version=&#8221;4.16&#8243; _module_preset=&#8221;default&#8221; global_colors_info=&#8221;{}&#8221;][et_pb_text _builder_version=&#8221;4.27.4&#8243; _module_preset=&#8221;77a7a6a5-6cba-4e24-a8d7-1992b0adbe08&#8243; header_font=&#8221;Ubuntu|700|||||||&#8221; hover_enabled=&#8221;0&#8243; global_colors_info=&#8221;{}&#8221; sticky_enabled=&#8221;0&#8243;]<\/p>\n<h3><strong>Activitatea de pia\u021b\u0103<\/strong><\/h3>\n<p>Colabor\u0103m cu membrii \u0219i partenerii no\u0219tri pentru a sprijini dezvoltarea lan\u021bului valoric pentru proteinele vegetale europene, de exemplu prin parteneriatele noastre pentru proteine. Standardele Donau Soja \u0219i etichetele de calitate pentru produsele de consum.<\/p>\n<p>[\/et_pb_text][\/et_pb_column][et_pb_column type=&#8221;1_3&#8243; _builder_version=&#8221;4.16&#8243; _module_preset=&#8221;default&#8221; global_colors_info=&#8221;{}&#8221;][et_pb_text _builder_version=&#8221;4.27.4&#8243; _module_preset=&#8221;77a7a6a5-6cba-4e24-a8d7-1992b0adbe08&#8243; header_font=&#8221;Ubuntu|700|||||||&#8221; hover_enabled=&#8221;0&#8243; global_colors_info=&#8221;{}&#8221; sticky_enabled=&#8221;0&#8243;]<\/p>\n<h3><strong>Cercetare \u0219i inovare<\/strong><\/h3>\n<p>Lu\u0103m parte la activit\u0103\u021bi de cercetare \u0219i inovare care sprijin\u0103 dezvoltarea produc\u021biei europene de soia. Printre aceste activit\u0103\u021bi se num\u0103r\u0103 participarea noastr\u0103 la proiectele Horizon 2020, cum ar fi Legume Hub \u0219i Legumes Translated, cooperarea interna\u021bional\u0103 \u00een domeniul cercet\u0103rii cu China \u0219i dezvoltarea bazei de date cu izotopi.<\/p>\n<p>[\/et_pb_text][\/et_pb_column][\/et_pb_row][et_pb_row _builder_version=&#8221;4.21.0&#8243; _module_preset=&#8221;default&#8221; custom_margin=&#8221;|auto|-34px|auto||&#8221; custom_padding=&#8221;3px|||||&#8221; global_colors_info=&#8221;{}&#8221;][et_pb_column type=&#8221;4_4&#8243; _builder_version=&#8221;4.16&#8243; _module_preset=&#8221;default&#8221; global_colors_info=&#8221;{}&#8221;][et_pb_image src=&#8221;https:\/\/www.donausoja.org\/wp-content\/uploads\/2025\/04\/areas-of-work-website.png&#8221; title_text=&#8221;areas of work-website&#8221; _builder_version=&#8221;4.27.3&#8243; _module_preset=&#8221;default&#8221; custom_margin=&#8221;||10px||false|false&#8221; custom_padding=&#8221;23px|10px|||false|false&#8221; hover_enabled=&#8221;0&#8243; global_colors_info=&#8221;{}&#8221; sticky_enabled=&#8221;0&#8243;][\/et_pb_image][\/et_pb_column][\/et_pb_row][\/et_pb_section][et_pb_section fb_built=&#8221;1&#8243; _builder_version=&#8221;4.21.0&#8243; _module_preset=&#8221;default&#8221; background_color=&#8221;#F6F1E8&#8243; min_height=&#8221;1188.8px&#8221; custom_padding=&#8221;5px||3px|||&#8221; da_disable_devices=&#8221;off|off|off&#8221; global_colors_info=&#8221;{}&#8221; da_is_popup=&#8221;off&#8221; da_exit_intent=&#8221;off&#8221; da_has_close=&#8221;on&#8221; da_alt_close=&#8221;off&#8221; da_dark_close=&#8221;off&#8221; da_not_modal=&#8221;on&#8221; da_is_singular=&#8221;off&#8221; da_with_loader=&#8221;off&#8221; da_has_shadow=&#8221;on&#8221;][et_pb_row admin_label=&#8221;Row: Agriculture&#8221; _builder_version=&#8221;4.16&#8243; _module_preset=&#8221;default&#8221; background_color=&#8221;#ffffff&#8221; custom_margin=&#8221;40px||||false|false&#8221; custom_padding=&#8221;20px|20px|20px|20px|false|false&#8221; box_shadow_style=&#8221;preset1&#8243; global_colors_info=&#8221;{}&#8221;][et_pb_column type=&#8221;4_4&#8243; _builder_version=&#8221;4.16&#8243; _module_preset=&#8221;default&#8221; global_colors_info=&#8221;{}&#8221;][et_pb_text _builder_version=&#8221;4.27.3&#8243; _module_preset=&#8221;77a7a6a5-6cba-4e24-a8d7-1992b0adbe08&#8243; global_colors_info=&#8221;{}&#8221;]<\/p>\n<h2><strong>Statutul de membru<\/strong><\/h2>\n<p style=\"text-align: justify;\">Al\u0103tura\u021bi-v\u0103 comunit\u0103\u021bii noastre de persoane care g\u00e2ndesc la fel \u0219i care sunt dedicate \u00eenv\u0103\u021b\u0103rii \u0219i cre\u0219terii continue. Ca membru, ve\u021bi avea acces la resurse exclusive, evenimente \u0219i oportunit\u0103\u021bi de networking.<\/p>\n<p>[\/et_pb_text][et_pb_button button_url=&#8221;https:\/\/www.donausoja.org\/ro\/statutul_de_membru\/&#8221; button_text=&#8221;Citi\u021bi mai mult&#8221; _builder_version=&#8221;4.27.3&#8243; _module_preset=&#8221;default&#8221; custom_button=&#8221;on&#8221; button_icon=&#8221;&#x39;||divi||400&#8243; button_on_hover=&#8221;off&#8221; custom_margin=&#8221;20px||||false|false&#8221; global_colors_info=&#8221;{}&#8221;][\/et_pb_button][\/et_pb_column][\/et_pb_row][et_pb_row admin_label=&#8221;Row: Agriculture&#8221; _builder_version=&#8221;4.16&#8243; _module_preset=&#8221;default&#8221; background_color=&#8221;#ffffff&#8221; custom_margin=&#8221;40px||||false|false&#8221; custom_padding=&#8221;20px|20px|20px|20px|false|false&#8221; box_shadow_style=&#8221;preset1&#8243; global_colors_info=&#8221;{}&#8221;][et_pb_column type=&#8221;4_4&#8243; _builder_version=&#8221;4.16&#8243; _module_preset=&#8221;default&#8221; global_colors_info=&#8221;{}&#8221;][et_pb_text _builder_version=&#8221;4.27.3&#8243; _module_preset=&#8221;77a7a6a5-6cba-4e24-a8d7-1992b0adbe08&#8243; global_colors_info=&#8221;{}&#8221;]<\/p>\n<h2><strong>Ob\u021bine\u021bi certificare!<\/strong><\/h2>\n<p style=\"text-align: justify;\">Dori\u021bi s\u0103 ob\u021bine\u021bi certificarea \u00een conformitate cu unul dintre standardele noastre? Prin participarea la programele noastre de certificare, aduce\u021bi o contribu\u021bie valoroas\u0103 la promovarea cultiv\u0103rii de soia f\u0103r\u0103 OMG-uri \u00een regiunea Dun\u0103rii, precum \u0219i \u00een Europa.<\/p>\n<p>[\/et_pb_text][et_pb_button button_url=&#8221;https:\/\/www.donausoja.org\/ro\/obtineti-certificare\/&#8221; button_text=&#8221;Citi\u021bi mai mult&#8221; _builder_version=&#8221;4.27.4&#8243; _module_preset=&#8221;default&#8221; custom_button=&#8221;on&#8221; button_icon=&#8221;&#x39;||divi||400&#8243; button_on_hover=&#8221;off&#8221; custom_margin=&#8221;20px||||false|false&#8221; global_colors_info=&#8221;{}&#8221;][\/et_pb_button][\/et_pb_column][\/et_pb_row][et_pb_row admin_label=&#8221;Row: Agriculture&#8221; _builder_version=&#8221;4.16&#8243; _module_preset=&#8221;default&#8221; background_color=&#8221;#ffffff&#8221; custom_margin=&#8221;40px||||false|false&#8221; custom_padding=&#8221;20px|20px|20px|20px|false|false&#8221; box_shadow_style=&#8221;preset1&#8243; global_colors_info=&#8221;{}&#8221;][et_pb_column type=&#8221;4_4&#8243; _builder_version=&#8221;4.16&#8243; _module_preset=&#8221;default&#8221; global_colors_info=&#8221;{}&#8221;][et_pb_text _builder_version=&#8221;4.27.3&#8243; _module_preset=&#8221;77a7a6a5-6cba-4e24-a8d7-1992b0adbe08&#8243; global_colors_info=&#8221;{}&#8221;]<\/p>\n<h2><strong>Parteneriate proteice<\/strong><\/h2>\n<p>Parteneriatele proteice reprezint\u0103 un instrument simplu de sprijinire \u0219i dezvoltare a produc\u021biei sigure \u0219i sustenabile de soia nemodificat\u0103 genetic \u00een Europa, la un cost relativ sc\u0103zut \u00een compara\u021bie cu produsele segregate fizic \u0219i certificate. De asemenea, acestea consolideaz\u0103 prima verig\u0103 din lan\u021bul valoric fizic, precum \u0219i investi\u021biile \u00een formarea \u0219i certificarea agricultorilor \u0219i a colectorilor primari.<\/p>\n<p>[\/et_pb_text][et_pb_button button_url=&#8221;https:\/\/www.donausoja.org\/ro\/agricultura\/parteneriat-in-producerea-de-proteine\/&#8221; button_text=&#8221;Citi\u021bi mai mult&#8221; _builder_version=&#8221;4.27.4&#8243; _module_preset=&#8221;default&#8221; custom_button=&#8221;on&#8221; button_icon=&#8221;&#x39;||divi||400&#8243; button_on_hover=&#8221;off&#8221; custom_margin=&#8221;20px||||false|false&#8221; global_colors_info=&#8221;{}&#8221;][\/et_pb_button][\/et_pb_column][\/et_pb_row][et_pb_row admin_label=&#8221;Row: Agriculture&#8221; _builder_version=&#8221;4.16&#8243; _module_preset=&#8221;default&#8221; background_color=&#8221;#ffffff&#8221; custom_margin=&#8221;40px||||false|false&#8221; custom_padding=&#8221;20px|20px|20px|20px|false|false&#8221; box_shadow_style=&#8221;preset1&#8243; global_colors_info=&#8221;{}&#8221;][et_pb_column type=&#8221;4_4&#8243; _builder_version=&#8221;4.16&#8243; _module_preset=&#8221;default&#8221; global_colors_info=&#8221;{}&#8221;][et_pb_text _builder_version=&#8221;4.27.3&#8243; _module_preset=&#8221;77a7a6a5-6cba-4e24-a8d7-1992b0adbe08&#8243; global_colors_info=&#8221;{}&#8221;]<\/p>\n<h2><strong>Etichetele noastre<\/strong><\/h2>\n<p style=\"text-align: justify;\">Etichetele noastre ofer\u0103 partenerilor no\u0219tri posibilitatea de a-\u0219i face eforturile vizibile pentru consumatori.<\/p>\n<p>[\/et_pb_text][et_pb_button button_url=&#8221;https:\/\/www.donausoja.org\/ro\/organizatia\/etichetele-noastre\/&#8221; button_text=&#8221;Citi\u021bi mai mult&#8221; _builder_version=&#8221;4.27.4&#8243; _module_preset=&#8221;default&#8221; custom_button=&#8221;on&#8221; button_icon=&#8221;&#x39;||divi||400&#8243; button_on_hover=&#8221;off&#8221; custom_margin=&#8221;20px||||false|false&#8221; global_colors_info=&#8221;{}&#8221;][\/et_pb_button][\/et_pb_column][\/et_pb_row][et_pb_row admin_label=&#8221;Row: Agriculture&#8221; _builder_version=&#8221;4.16&#8243; _module_preset=&#8221;default&#8221; background_color=&#8221;#ffffff&#8221; min_height=&#8221;158px&#8221; custom_margin=&#8221;40px||||false|false&#8221; custom_padding=&#8221;20px|20px|20px|20px|false|false&#8221; box_shadow_style=&#8221;preset1&#8243; global_colors_info=&#8221;{}&#8221;][et_pb_column type=&#8221;4_4&#8243; _builder_version=&#8221;4.16&#8243; _module_preset=&#8221;default&#8221; global_colors_info=&#8221;{}&#8221;][et_pb_text _builder_version=&#8221;4.27.3&#8243; _module_preset=&#8221;77a7a6a5-6cba-4e24-a8d7-1992b0adbe08&#8243; global_colors_info=&#8221;{}&#8221;]<\/p>\n<h2><strong>Produse de pe pia\u021b\u0103<\/strong><\/h2>\n<p style=\"text-align: justify;\">Produsele cu logo-ul nostru pe ambalaj \u00eei ajut\u0103 pe consumatori s\u0103 ia decizii de cump\u0103rare sustenabile la punctul de v\u00e2nzare. Produsele certificate sunt disponibile \u00een mai multe \u021b\u0103ri europene. Ve\u021bi recunoa\u0219te multe dintre acestea dup\u0103 etichetele DONAU SOJA \u0219i EUROPE SOYA sau dup\u0103 eticheta NON-GMO PRODUCED.<\/p>\n<p>[\/et_pb_text][et_pb_button button_url=&#8221;https:\/\/www.donausoja.org\/ro\/produse-de-pe-piata\/&#8221; button_text=&#8221;Citi\u021bi mai mult&#8221; _builder_version=&#8221;4.27.4&#8243; _module_preset=&#8221;default&#8221; custom_button=&#8221;on&#8221; button_icon=&#8221;&#x39;||divi||400&#8243; button_on_hover=&#8221;off&#8221; custom_margin=&#8221;20px||||false|false&#8221; global_colors_info=&#8221;{}&#8221;][\/et_pb_button][\/et_pb_column][\/et_pb_row][\/et_pb_section]<\/p>\n","protected":false},"excerpt":{"rendered":"<p>Implica\u021bi-v\u0103Implica\u021bi-v\u0103 \u0219i sus\u021bine\u021bi viziunea noastr\u0103 privind o aprovizionare sustenabil\u0103, sigur\u0103 \u0219i european\u0103 cu proteine! Donau Soja este activ\u0103 pe mai multe niveluri:Nivel european Sus\u021binem cultivarea sustenabil\u0103 a soiei \u00een Europa, \u00een conformitate cu reglement\u0103rile agricole ale Uniunii Europene \u0219i cu standardele Donau Soja. De asemenea, ne angaj\u0103m \u00een activit\u0103\u021bi de lobby politic la nivel european. [&hellip;]<\/p>\n","protected":false},"author":37,"featured_media":0,"parent":0,"menu_order":0,"comment_status":"closed","ping_status":"closed","template":"","meta":{"_et_pb_use_builder":"on","_et_pb_old_content":"","_et_gb_content_width":"","footnotes":""},"class_list":["post-54099","page","type-page","status-publish","hentry"],"yoast_head":"<!-- This site is optimized with the Yoast SEO plugin v27.4 - https:\/\/yoast.com\/product\/yoast-seo-wordpress\/ -->\n<title>Implica\u021bi-v\u0103 - Donau Soja<\/title>\n<meta name=\"description\" content=\"Implica\u021bi-v\u0103 \u0219i sus\u021bine\u021bi viziunea noastr\u0103 privind o aprovizionare cu proteine sustenabil\u0103, sigur\u0103 \u0219i european\u0103!\" \/>\n<meta name=\"robots\" content=\"index, follow, max-snippet:-1, max-image-preview:large, max-video-preview:-1\" \/>\n<link rel=\"canonical\" href=\"https:\/\/www.donausoja.org\/ro\/implicati-va\/\" \/>\n<meta property=\"og:locale\" content=\"ro_RO\" \/>\n<meta property=\"og:type\" content=\"article\" \/>\n<meta property=\"og:title\" content=\"Implica\u021bi-v\u0103 - Donau Soja\" \/>\n<meta property=\"og:description\" content=\"Implica\u021bi-v\u0103 \u0219i sus\u021bine\u021bi viziunea noastr\u0103 privind o aprovizionare cu proteine sustenabil\u0103, sigur\u0103 \u0219i european\u0103!\" \/>\n<meta property=\"og:url\" content=\"https:\/\/www.donausoja.org\/ro\/implicati-va\/\" \/>\n<meta property=\"og:site_name\" content=\"Donau Soja\" \/>\n<meta property=\"article:modified_time\" content=\"2025-06-16T11:07:49+00:00\" \/>\n<meta name=\"twitter:card\" content=\"summary_large_image\" \/>\n<meta name=\"twitter:label1\" content=\"Timp estimat pentru citire\" \/>\n\t<meta name=\"twitter:data1\" content=\"2 minute\" \/>\n<script type=\"application\/ld+json\" class=\"yoast-schema-graph\">{\"@context\":\"https:\\\/\\\/schema.org\",\"@graph\":[{\"@type\":\"WebPage\",\"@id\":\"https:\\\/\\\/www.donausoja.org\\\/ro\\\/implicati-va\\\/\",\"url\":\"https:\\\/\\\/www.donausoja.org\\\/ro\\\/implicati-va\\\/\",\"name\":\"Implica\u021bi-v\u0103 - Donau Soja\",\"isPartOf\":{\"@id\":\"https:\\\/\\\/www.donausoja.org\\\/ro\\\/#website\"},\"datePublished\":\"2024-05-17T17:17:11+00:00\",\"dateModified\":\"2025-06-16T11:07:49+00:00\",\"description\":\"Implica\u021bi-v\u0103 \u0219i sus\u021bine\u021bi viziunea noastr\u0103 privind o aprovizionare cu proteine sustenabil\u0103, sigur\u0103 \u0219i european\u0103!\",\"breadcrumb\":{\"@id\":\"https:\\\/\\\/www.donausoja.org\\\/ro\\\/implicati-va\\\/#breadcrumb\"},\"inLanguage\":\"ro-RO\",\"potentialAction\":[{\"@type\":\"ReadAction\",\"target\":[\"https:\\\/\\\/www.donausoja.org\\\/ro\\\/implicati-va\\\/\"]}]},{\"@type\":\"BreadcrumbList\",\"@id\":\"https:\\\/\\\/www.donausoja.org\\\/ro\\\/implicati-va\\\/#breadcrumb\",\"itemListElement\":[{\"@type\":\"ListItem\",\"position\":1,\"name\":\"Home\",\"item\":\"https:\\\/\\\/www.donausoja.org\\\/ro\\\/\"},{\"@type\":\"ListItem\",\"position\":2,\"name\":\"Implica\u021bi-v\u0103\"}]},{\"@type\":\"WebSite\",\"@id\":\"https:\\\/\\\/www.donausoja.org\\\/ro\\\/#website\",\"url\":\"https:\\\/\\\/www.donausoja.org\\\/ro\\\/\",\"name\":\"Donau Soja\",\"description\":\"Together for a European Protein Supply: Regional. Sustainable. Non-GM.\",\"potentialAction\":[{\"@type\":\"SearchAction\",\"target\":{\"@type\":\"EntryPoint\",\"urlTemplate\":\"https:\\\/\\\/www.donausoja.org\\\/ro\\\/?s={search_term_string}\"},\"query-input\":{\"@type\":\"PropertyValueSpecification\",\"valueRequired\":true,\"valueName\":\"search_term_string\"}}],\"inLanguage\":\"ro-RO\"}]}<\/script>\n<!-- \/ Yoast SEO plugin. -->","yoast_head_json":{"title":"Implica\u021bi-v\u0103 - Donau Soja","description":"Implica\u021bi-v\u0103 \u0219i sus\u021bine\u021bi viziunea noastr\u0103 privind o aprovizionare cu proteine sustenabil\u0103, sigur\u0103 \u0219i european\u0103!","robots":{"index":"index","follow":"follow","max-snippet":"max-snippet:-1","max-image-preview":"max-image-preview:large","max-video-preview":"max-video-preview:-1"},"canonical":"https:\/\/www.donausoja.org\/ro\/implicati-va\/","og_locale":"ro_RO","og_type":"article","og_title":"Implica\u021bi-v\u0103 - Donau Soja","og_description":"Implica\u021bi-v\u0103 \u0219i sus\u021bine\u021bi viziunea noastr\u0103 privind o aprovizionare cu proteine sustenabil\u0103, sigur\u0103 \u0219i european\u0103!","og_url":"https:\/\/www.donausoja.org\/ro\/implicati-va\/","og_site_name":"Donau Soja","article_modified_time":"2025-06-16T11:07:49+00:00","twitter_card":"summary_large_image","twitter_misc":{"Timp estimat pentru citire":"2 minute"},"schema":{"@context":"https:\/\/schema.org","@graph":[{"@type":"WebPage","@id":"https:\/\/www.donausoja.org\/ro\/implicati-va\/","url":"https:\/\/www.donausoja.org\/ro\/implicati-va\/","name":"Implica\u021bi-v\u0103 - Donau Soja","isPartOf":{"@id":"https:\/\/www.donausoja.org\/ro\/#website"},"datePublished":"2024-05-17T17:17:11+00:00","dateModified":"2025-06-16T11:07:49+00:00","description":"Implica\u021bi-v\u0103 \u0219i sus\u021bine\u021bi viziunea noastr\u0103 privind o aprovizionare cu proteine sustenabil\u0103, sigur\u0103 \u0219i european\u0103!","breadcrumb":{"@id":"https:\/\/www.donausoja.org\/ro\/implicati-va\/#breadcrumb"},"inLanguage":"ro-RO","potentialAction":[{"@type":"ReadAction","target":["https:\/\/www.donausoja.org\/ro\/implicati-va\/"]}]},{"@type":"BreadcrumbList","@id":"https:\/\/www.donausoja.org\/ro\/implicati-va\/#breadcrumb","itemListElement":[{"@type":"ListItem","position":1,"name":"Home","item":"https:\/\/www.donausoja.org\/ro\/"},{"@type":"ListItem","position":2,"name":"Implica\u021bi-v\u0103"}]},{"@type":"WebSite","@id":"https:\/\/www.donausoja.org\/ro\/#website","url":"https:\/\/www.donausoja.org\/ro\/","name":"Donau Soja","description":"Together for a European Protein Supply: Regional. Sustainable. Non-GM.","potentialAction":[{"@type":"SearchAction","target":{"@type":"EntryPoint","urlTemplate":"https:\/\/www.donausoja.org\/ro\/?s={search_term_string}"},"query-input":{"@type":"PropertyValueSpecification","valueRequired":true,"valueName":"search_term_string"}}],"inLanguage":"ro-RO"}]}},"_links":{"self":[{"href":"https:\/\/www.donausoja.org\/ro\/wp-json\/wp\/v2\/pages\/54099","targetHints":{"allow":["GET"]}}],"collection":[{"href":"https:\/\/www.donausoja.org\/ro\/wp-json\/wp\/v2\/pages"}],"about":[{"href":"https:\/\/www.donausoja.org\/ro\/wp-json\/wp\/v2\/types\/page"}],"author":[{"embeddable":true,"href":"https:\/\/www.donausoja.org\/ro\/wp-json\/wp\/v2\/users\/37"}],"replies":[{"embeddable":true,"href":"https:\/\/www.donausoja.org\/ro\/wp-json\/wp\/v2\/comments?post=54099"}],"version-history":[{"count":6,"href":"https:\/\/www.donausoja.org\/ro\/wp-json\/wp\/v2\/pages\/54099\/revisions"}],"predecessor-version":[{"id":59075,"href":"https:\/\/www.donausoja.org\/ro\/wp-json\/wp\/v2\/pages\/54099\/revisions\/59075"}],"wp:attachment":[{"href":"https:\/\/www.donausoja.org\/ro\/wp-json\/wp\/v2\/media?parent=54099"}],"curies":[{"name":"wp","href":"https:\/\/api.w.org\/{rel}","templated":true}]}}