
{"id":53596,"date":"2024-05-17T16:56:42","date_gmt":"2024-05-17T16:56:42","guid":{"rendered":"https:\/\/www.donausoja.org\/?page_id=53596"},"modified":"2025-02-04T18:42:28","modified_gmt":"2025-02-04T18:42:28","slug":"soya-map","status":"publish","type":"page","link":"https:\/\/www.donausoja.org\/ro\/soya-map\/","title":{"rendered":"Soya map"},"content":{"rendered":"<p>[et_pb_section fb_built=&#8221;1&#8243; _builder_version=&#8221;4.16&#8243; _module_preset=&#8221;default&#8221; background_color=&#8221;RGBA(255,255,255,0)&#8221; da_disable_devices=&#8221;off|off|off&#8221; locked=&#8221;off&#8221; global_colors_info=&#8221;{}&#8221; da_is_popup=&#8221;off&#8221; da_exit_intent=&#8221;off&#8221; da_has_close=&#8221;on&#8221; da_alt_close=&#8221;off&#8221; da_dark_close=&#8221;off&#8221; da_not_modal=&#8221;on&#8221; da_is_singular=&#8221;off&#8221; da_with_loader=&#8221;off&#8221; da_has_shadow=&#8221;on&#8221;][et_pb_row _builder_version=&#8221;4.16&#8243; _module_preset=&#8221;default&#8221; custom_padding=&#8221;130px|||||&#8221; global_colors_info=&#8221;{}&#8221;][et_pb_column type=&#8221;4_4&#8243; _builder_version=&#8221;4.16&#8243; _module_preset=&#8221;default&#8221; global_colors_info=&#8221;{}&#8221;][et_pb_text admin_label=&#8221;Headline&#8221; _builder_version=&#8221;4.27.3&#8243; _module_preset=&#8221;77a7a6a5-6cba-4e24-a8d7-1992b0adbe08&#8243; header_font=&#8221;Ubuntu|700|||||||&#8221; global_colors_info=&#8221;{}&#8221;]<\/p>\n<h1>Harta soiei<\/h1>\n<p>[\/et_pb_text][\/et_pb_column][\/et_pb_row][\/et_pb_section][et_pb_section fb_built=&#8221;1&#8243; _builder_version=&#8221;4.25.2&#8243; _module_preset=&#8221;default&#8221; background_color=&#8221;#FFFFFF&#8221; custom_padding=&#8221;2px||0px|||&#8221; da_disable_devices=&#8221;off|off|off&#8221; locked=&#8221;off&#8221; global_colors_info=&#8221;{}&#8221; da_is_popup=&#8221;off&#8221; da_exit_intent=&#8221;off&#8221; da_has_close=&#8221;on&#8221; da_alt_close=&#8221;off&#8221; da_dark_close=&#8221;off&#8221; da_not_modal=&#8221;on&#8221; da_is_singular=&#8221;off&#8221; da_with_loader=&#8221;off&#8221; da_has_shadow=&#8221;on&#8221;][et_pb_row _builder_version=&#8221;4.21.0&#8243; _module_preset=&#8221;default&#8221; custom_padding=&#8221;4px|||||&#8221; global_colors_info=&#8221;{}&#8221;][et_pb_column type=&#8221;4_4&#8243; _builder_version=&#8221;4.16&#8243; _module_preset=&#8221;default&#8221; global_colors_info=&#8221;{}&#8221;][et_pb_text admin_label=&#8221;info-Text&#8221; _builder_version=&#8221;4.27.3&#8243; _module_preset=&#8221;97a49757-9877-47ea-b480-aa7742502928&#8243; custom_padding=&#8221;0px|||0px|false|false&#8221; global_colors_info=&#8221;{}&#8221;]<\/p>\n<p><a href=\"http:\/\/soyamap.org\" target=\"_blank\" rel=\"noopener\">Soyamap.org<\/a> este centrul de informa\u021bii de pia\u021b\u0103 al Asocia\u021biei Donau Soja. Portalul vizeaz\u0103 \u00eembun\u0103t\u0103\u021birea transparen\u021bei pie\u021bei pe pia\u021ba european\u0103 a soiei nemodificate genetic.\u200b<\/p>\n<p><strong>Acest con\u021binut v\u0103 a\u0219teapt\u0103:<\/strong><\/p>\n<ul>\n<li>Pre\u021burile soiei nemodificate genetic<\/li>\n<li>Fapte \u0219i cifre privind comer\u021bul \u0219i procesatorii<\/li>\n<li>Cifre de produc\u021bie<\/li>\n<li>Zone de recoltare<\/li>\n<\/ul>\n<p>[\/et_pb_text][et_pb_button button_url=&#8221;http:\/\/soyamap.org\/&#8221; url_new_window=&#8221;on&#8221; button_text=&#8221;Vizita\u021bi Soyamap.org&#8221; _builder_version=&#8221;4.27.3&#8243; _module_preset=&#8221;default&#8221; custom_margin=&#8221;-30px|||||&#8221; global_colors_info=&#8221;{}&#8221;][\/et_pb_button][et_pb_text admin_label=&#8221;info-Text&#8221; _builder_version=&#8221;4.27.3&#8243; _module_preset=&#8221;97a49757-9877-47ea-b480-aa7742502928&#8243; custom_margin=&#8221;-19px||10px||false|false&#8221; custom_padding=&#8221;0px|||0px|false|false&#8221; global_colors_info=&#8221;{}&#8221;]<\/p>\n<p>Linkul este protejat prin parol\u0103 \u0219i este accesibil numai membrilor \u0219i partenerilor Donau Soja. Dac\u0103 dori\u021bi s\u0103 deveni\u021bi membru, face\u021bi clic <a href=\"https:\/\/www.donausoja.org\/ro\/statutul_de_membru\/\" target=\"_blank\" rel=\"noopener\">aici<\/a>.<\/p>\n<p>Pentru membrii Donau Soja \u0219i partenerii certifica\u021bi Donau Soja\/Europe Soya: Pentru a ob\u021bine parola, v\u0103 rug\u0103m s\u0103 reveni\u021bi la <a href=\"mailto:quality@donausoja.org\">quality@donausoja.org<\/a><\/p>\n<p>[\/et_pb_text][\/et_pb_column][\/et_pb_row][et_pb_row _builder_version=&#8221;4.21.0&#8243; _module_preset=&#8221;default&#8221; custom_margin=&#8221;-38px|auto||auto||&#8221; custom_padding=&#8221;15px|||||&#8221; global_colors_info=&#8221;{}&#8221;][et_pb_column type=&#8221;4_4&#8243; _builder_version=&#8221;4.17.6&#8243; _module_preset=&#8221;default&#8221; global_colors_info=&#8221;{}&#8221;][et_pb_image src=&#8221;https:\/\/www.donausoja.org\/wp-content\/uploads\/2022\/09\/screenshot_soyamap1-1.png&#8221; title_text=&#8221;screenshot_soyamap1&#8243; url=&#8221;http:\/\/soyamap.org&#8221; url_new_window=&#8221;on&#8221; _builder_version=&#8221;4.21.0&#8243; _module_preset=&#8221;default&#8221; global_colors_info=&#8221;{}&#8221;][\/et_pb_image][\/et_pb_column][\/et_pb_row][et_pb_row column_structure=&#8221;1_2,1_2&#8243; use_custom_gutter=&#8221;on&#8221; gutter_width=&#8221;2&#8243; _builder_version=&#8221;4.16&#8243; _module_preset=&#8221;default&#8221; min_height=&#8221;386.9px&#8221; custom_margin=&#8221;|auto|-23px|auto||&#8221; custom_padding=&#8221;0px||0px|||&#8221; locked=&#8221;off&#8221; global_colors_info=&#8221;{}&#8221;][et_pb_column type=&#8221;1_2&#8243; _builder_version=&#8221;4.16&#8243; _module_preset=&#8221;default&#8221; global_colors_info=&#8221;{}&#8221;][et_pb_image src=&#8221;https:\/\/www.donausoja.org\/wp-content\/uploads\/2022\/09\/screenshot_soyamap2-1.png&#8221; title_text=&#8221;screenshot_soyamap2&#8243; url=&#8221;http:\/\/soyamap.org&#8221; url_new_window=&#8221;on&#8221; _builder_version=&#8221;4.17.6&#8243; _module_preset=&#8221;default&#8221; box_shadow_style=&#8221;preset1&#8243; global_colors_info=&#8221;{}&#8221;][\/et_pb_image][\/et_pb_column][et_pb_column type=&#8221;1_2&#8243; _builder_version=&#8221;4.16&#8243; _module_preset=&#8221;default&#8221; global_colors_info=&#8221;{}&#8221;][et_pb_image src=&#8221;https:\/\/www.donausoja.org\/wp-content\/uploads\/2022\/09\/screenshot_soyamap3-1-1.png&#8221; title_text=&#8221;screenshot_soyamap3&#8243; url=&#8221;http:\/\/soyamap.org&#8221; url_new_window=&#8221;on&#8221; _builder_version=&#8221;4.17.6&#8243; _module_preset=&#8221;default&#8221; box_shadow_style=&#8221;preset1&#8243; global_colors_info=&#8221;{}&#8221;][\/et_pb_image][\/et_pb_column][\/et_pb_row][\/et_pb_section][et_pb_section fb_built=&#8221;1&#8243; _builder_version=&#8221;4.25.2&#8243; _module_preset=&#8221;default&#8221; background_color=&#8221;#FFFFFF&#8221; min_height=&#8221;276px&#8221; custom_margin=&#8221;-12px|||||&#8221; custom_padding=&#8221;0px||0px|||&#8221; da_disable_devices=&#8221;off|off|off&#8221; locked=&#8221;off&#8221; global_colors_info=&#8221;{}&#8221; da_is_popup=&#8221;off&#8221; da_exit_intent=&#8221;off&#8221; da_has_close=&#8221;on&#8221; da_alt_close=&#8221;off&#8221; da_dark_close=&#8221;off&#8221; da_not_modal=&#8221;on&#8221; da_is_singular=&#8221;off&#8221; da_with_loader=&#8221;off&#8221; da_has_shadow=&#8221;on&#8221;][et_pb_row _builder_version=&#8221;4.16&#8243; _module_preset=&#8221;default&#8221; custom_margin=&#8221;23px|auto||auto||&#8221; custom_padding=&#8221;0px|||||&#8221; global_colors_info=&#8221;{}&#8221;][et_pb_column type=&#8221;4_4&#8243; _builder_version=&#8221;4.16&#8243; _module_preset=&#8221;default&#8221; global_colors_info=&#8221;{}&#8221;][et_pb_text _builder_version=&#8221;4.27.3&#8243; _module_preset=&#8221;77a7a6a5-6cba-4e24-a8d7-1992b0adbe08&#8243; min_height=&#8221;130px&#8221; custom_margin=&#8221;11px||20px||false|false&#8221; custom_padding=&#8221;0px|||||&#8221; global_colors_info=&#8221;{}&#8221;]<\/p>\n<p>V\u0103 rug\u0103m s\u0103 vizita\u021bi \u0219i pagina noastr\u0103 actualizat\u0103 zilnic <a href=\"https:\/\/www.donausoja.org\/ro\/ds-es-preturilelafainadesoia\/\">\u200bpre\u021burile la f\u0103ina de soia Donau Soja\/Europe Soya.<\/a><\/p>\n<p>Donau Soja ofer\u0103, de asemenea, un raport de pia\u021b\u0103 scris. G\u0103si\u021bi mai multe informa\u021bii <a href=\"https:\/\/www.donausoja.org\/ro\/stiri\/raport-privind-piata\/\">aici.<\/a><\/p>\n<p>Un nou raport multicultural non-OMG privind soia, rapi\u021ba \u0219i porumbul. Raportul este un proiect comun al European Non-GMO Industry Association (ENGA), Donau Soja \u0219i Funda\u021bia ProTerra. Acesta pune accentul pe soia, porumbul \u0219i rapi\u021ba nemodificate genetic &#8211; cei trei actori principali de pe pia\u021ba nemodificat\u0103 genetic a UE. Sunt prezentate cifrele privind \u00eens\u0103m\u00e2n\u021b\u0103rile, randamentele, pre\u021burile \u0219i dinamica dintre cerere \u0219i ofert\u0103. <a href=\"https:\/\/www.donausoja.org\/wp-content\/uploads\/2023\/11\/Multicrop-Market-Report-01_Nov-2023_HM_BK_v6__HM_BK_v9.pdf\" target=\"_blank\" rel=\"noopener\">Citi\u021bi aici raportul complet<\/a>.<\/p>\n<p>[\/et_pb_text][\/et_pb_column][\/et_pb_row][\/et_pb_section]<\/p>\n","protected":false},"excerpt":{"rendered":"<p>Harta soieiSoyamap.org este centrul de informa\u021bii de pia\u021b\u0103 al Asocia\u021biei Donau Soja. Portalul vizeaz\u0103 \u00eembun\u0103t\u0103\u021birea transparen\u021bei pie\u021bei pe pia\u021ba european\u0103 a soiei nemodificate genetic.\u200b Acest con\u021binut v\u0103 a\u0219teapt\u0103: Pre\u021burile soiei nemodificate genetic Fapte \u0219i cifre privind comer\u021bul \u0219i procesatorii Cifre de produc\u021bie Zone de recoltare Linkul este protejat prin parol\u0103 \u0219i este accesibil numai membrilor [&hellip;]<\/p>\n","protected":false},"author":37,"featured_media":0,"parent":0,"menu_order":0,"comment_status":"closed","ping_status":"closed","template":"","meta":{"_et_pb_use_builder":"on","_et_pb_old_content":"","_et_gb_content_width":"","footnotes":""},"class_list":["post-53596","page","type-page","status-publish","hentry"],"yoast_head":"<!-- This site is optimized with the Yoast SEO plugin v27.4 - https:\/\/yoast.com\/product\/yoast-seo-wordpress\/ -->\n<title>Soya map - Donau Soja<\/title>\n<meta name=\"robots\" content=\"index, follow, max-snippet:-1, max-image-preview:large, max-video-preview:-1\" \/>\n<link rel=\"canonical\" href=\"https:\/\/www.donausoja.org\/ro\/soya-map\/\" \/>\n<meta property=\"og:locale\" content=\"ro_RO\" \/>\n<meta property=\"og:type\" content=\"article\" \/>\n<meta property=\"og:title\" content=\"Soya map - Donau Soja\" \/>\n<meta property=\"og:description\" content=\"Harta soieiSoyamap.org este centrul de informa\u021bii de pia\u021b\u0103 al Asocia\u021biei Donau Soja. Portalul vizeaz\u0103 \u00eembun\u0103t\u0103\u021birea transparen\u021bei pie\u021bei pe pia\u021ba european\u0103 a soiei nemodificate genetic.\u200b Acest con\u021binut v\u0103 a\u0219teapt\u0103: Pre\u021burile soiei nemodificate genetic Fapte \u0219i cifre privind comer\u021bul \u0219i procesatorii Cifre de produc\u021bie Zone de recoltare Linkul este protejat prin parol\u0103 \u0219i este accesibil numai membrilor [&hellip;]\" \/>\n<meta property=\"og:url\" content=\"https:\/\/www.donausoja.org\/ro\/soya-map\/\" \/>\n<meta property=\"og:site_name\" content=\"Donau Soja\" \/>\n<meta property=\"article:modified_time\" content=\"2025-02-04T18:42:28+00:00\" \/>\n<meta name=\"twitter:card\" content=\"summary_large_image\" \/>\n<meta name=\"twitter:label1\" content=\"Timp estimat pentru citire\" \/>\n\t<meta name=\"twitter:data1\" content=\"2 minute\" \/>\n<script type=\"application\/ld+json\" class=\"yoast-schema-graph\">{\"@context\":\"https:\\\/\\\/schema.org\",\"@graph\":[{\"@type\":\"WebPage\",\"@id\":\"https:\\\/\\\/www.donausoja.org\\\/ro\\\/soya-map\\\/\",\"url\":\"https:\\\/\\\/www.donausoja.org\\\/ro\\\/soya-map\\\/\",\"name\":\"Soya map - Donau Soja\",\"isPartOf\":{\"@id\":\"https:\\\/\\\/www.donausoja.org\\\/ro\\\/#website\"},\"datePublished\":\"2024-05-17T16:56:42+00:00\",\"dateModified\":\"2025-02-04T18:42:28+00:00\",\"breadcrumb\":{\"@id\":\"https:\\\/\\\/www.donausoja.org\\\/ro\\\/soya-map\\\/#breadcrumb\"},\"inLanguage\":\"ro-RO\",\"potentialAction\":[{\"@type\":\"ReadAction\",\"target\":[\"https:\\\/\\\/www.donausoja.org\\\/ro\\\/soya-map\\\/\"]}]},{\"@type\":\"BreadcrumbList\",\"@id\":\"https:\\\/\\\/www.donausoja.org\\\/ro\\\/soya-map\\\/#breadcrumb\",\"itemListElement\":[{\"@type\":\"ListItem\",\"position\":1,\"name\":\"Home\",\"item\":\"https:\\\/\\\/www.donausoja.org\\\/ro\\\/\"},{\"@type\":\"ListItem\",\"position\":2,\"name\":\"Soya map\"}]},{\"@type\":\"WebSite\",\"@id\":\"https:\\\/\\\/www.donausoja.org\\\/ro\\\/#website\",\"url\":\"https:\\\/\\\/www.donausoja.org\\\/ro\\\/\",\"name\":\"Donau Soja\",\"description\":\"Together for a European Protein Supply: Regional. Sustainable. Non-GM.\",\"potentialAction\":[{\"@type\":\"SearchAction\",\"target\":{\"@type\":\"EntryPoint\",\"urlTemplate\":\"https:\\\/\\\/www.donausoja.org\\\/ro\\\/?s={search_term_string}\"},\"query-input\":{\"@type\":\"PropertyValueSpecification\",\"valueRequired\":true,\"valueName\":\"search_term_string\"}}],\"inLanguage\":\"ro-RO\"}]}<\/script>\n<!-- \/ Yoast SEO plugin. -->","yoast_head_json":{"title":"Soya map - Donau Soja","robots":{"index":"index","follow":"follow","max-snippet":"max-snippet:-1","max-image-preview":"max-image-preview:large","max-video-preview":"max-video-preview:-1"},"canonical":"https:\/\/www.donausoja.org\/ro\/soya-map\/","og_locale":"ro_RO","og_type":"article","og_title":"Soya map - Donau Soja","og_description":"Harta soieiSoyamap.org este centrul de informa\u021bii de pia\u021b\u0103 al Asocia\u021biei Donau Soja. Portalul vizeaz\u0103 \u00eembun\u0103t\u0103\u021birea transparen\u021bei pie\u021bei pe pia\u021ba european\u0103 a soiei nemodificate genetic.\u200b Acest con\u021binut v\u0103 a\u0219teapt\u0103: Pre\u021burile soiei nemodificate genetic Fapte \u0219i cifre privind comer\u021bul \u0219i procesatorii Cifre de produc\u021bie Zone de recoltare Linkul este protejat prin parol\u0103 \u0219i este accesibil numai membrilor [&hellip;]","og_url":"https:\/\/www.donausoja.org\/ro\/soya-map\/","og_site_name":"Donau Soja","article_modified_time":"2025-02-04T18:42:28+00:00","twitter_card":"summary_large_image","twitter_misc":{"Timp estimat pentru citire":"2 minute"},"schema":{"@context":"https:\/\/schema.org","@graph":[{"@type":"WebPage","@id":"https:\/\/www.donausoja.org\/ro\/soya-map\/","url":"https:\/\/www.donausoja.org\/ro\/soya-map\/","name":"Soya map - Donau Soja","isPartOf":{"@id":"https:\/\/www.donausoja.org\/ro\/#website"},"datePublished":"2024-05-17T16:56:42+00:00","dateModified":"2025-02-04T18:42:28+00:00","breadcrumb":{"@id":"https:\/\/www.donausoja.org\/ro\/soya-map\/#breadcrumb"},"inLanguage":"ro-RO","potentialAction":[{"@type":"ReadAction","target":["https:\/\/www.donausoja.org\/ro\/soya-map\/"]}]},{"@type":"BreadcrumbList","@id":"https:\/\/www.donausoja.org\/ro\/soya-map\/#breadcrumb","itemListElement":[{"@type":"ListItem","position":1,"name":"Home","item":"https:\/\/www.donausoja.org\/ro\/"},{"@type":"ListItem","position":2,"name":"Soya map"}]},{"@type":"WebSite","@id":"https:\/\/www.donausoja.org\/ro\/#website","url":"https:\/\/www.donausoja.org\/ro\/","name":"Donau Soja","description":"Together for a European Protein Supply: Regional. Sustainable. Non-GM.","potentialAction":[{"@type":"SearchAction","target":{"@type":"EntryPoint","urlTemplate":"https:\/\/www.donausoja.org\/ro\/?s={search_term_string}"},"query-input":{"@type":"PropertyValueSpecification","valueRequired":true,"valueName":"search_term_string"}}],"inLanguage":"ro-RO"}]}},"_links":{"self":[{"href":"https:\/\/www.donausoja.org\/ro\/wp-json\/wp\/v2\/pages\/53596","targetHints":{"allow":["GET"]}}],"collection":[{"href":"https:\/\/www.donausoja.org\/ro\/wp-json\/wp\/v2\/pages"}],"about":[{"href":"https:\/\/www.donausoja.org\/ro\/wp-json\/wp\/v2\/types\/page"}],"author":[{"embeddable":true,"href":"https:\/\/www.donausoja.org\/ro\/wp-json\/wp\/v2\/users\/37"}],"replies":[{"embeddable":true,"href":"https:\/\/www.donausoja.org\/ro\/wp-json\/wp\/v2\/comments?post=53596"}],"version-history":[{"count":5,"href":"https:\/\/www.donausoja.org\/ro\/wp-json\/wp\/v2\/pages\/53596\/revisions"}],"predecessor-version":[{"id":53988,"href":"https:\/\/www.donausoja.org\/ro\/wp-json\/wp\/v2\/pages\/53596\/revisions\/53988"}],"wp:attachment":[{"href":"https:\/\/www.donausoja.org\/ro\/wp-json\/wp\/v2\/media?parent=53596"}],"curies":[{"name":"wp","href":"https:\/\/api.w.org\/{rel}","templated":true}]}}