
{"id":53588,"date":"2024-05-17T16:55:54","date_gmt":"2024-05-17T16:55:54","guid":{"rendered":"https:\/\/www.donausoja.org\/non-gm-multicrop-report\/"},"modified":"2026-02-20T10:31:58","modified_gmt":"2026-02-20T10:31:58","slug":"raport-multicultura-non-gm","status":"publish","type":"page","link":"https:\/\/www.donausoja.org\/ro\/raport-multicultura-non-gm\/","title":{"rendered":"Raport multicultur\u0103 non-GM"},"content":{"rendered":"<p>[et_pb_section fb_built=&#8221;1&#8243; _builder_version=&#8221;4.16&#8243; _module_preset=&#8221;default&#8221; background_color=&#8221;RGBA(255,255,255,0)&#8221; da_disable_devices=&#8221;off|off|off&#8221; locked=&#8221;off&#8221; global_colors_info=&#8221;{}&#8221; da_is_popup=&#8221;off&#8221; da_exit_intent=&#8221;off&#8221; da_has_close=&#8221;on&#8221; da_alt_close=&#8221;off&#8221; da_dark_close=&#8221;off&#8221; da_not_modal=&#8221;on&#8221; da_is_singular=&#8221;off&#8221; da_with_loader=&#8221;off&#8221; da_has_shadow=&#8221;on&#8221;][et_pb_row _builder_version=&#8221;4.16&#8243; _module_preset=&#8221;default&#8221; custom_padding=&#8221;130px|||||&#8221; global_colors_info=&#8221;{}&#8221;][et_pb_column type=&#8221;4_4&#8243; _builder_version=&#8221;4.16&#8243; _module_preset=&#8221;default&#8221; global_colors_info=&#8221;{}&#8221;][et_pb_text admin_label=&#8221;Headline&#8221; _builder_version=&#8221;4.27.3&#8243; _module_preset=&#8221;77a7a6a5-6cba-4e24-a8d7-1992b0adbe08&#8243; header_font=&#8221;Ubuntu|700|||||||&#8221; global_colors_info=&#8221;{}&#8221;]<\/p>\n<h1>RAPORT MULTICULTURI NON-OMG<\/h1>\n<p>[\/et_pb_text][\/et_pb_column][\/et_pb_row][\/et_pb_section][et_pb_section fb_built=&#8221;1&#8243; module_id=&#8221;multicrop&#8221; _builder_version=&#8221;4.21.0&#8243; _module_preset=&#8221;default&#8221; background_color=&#8221;#F6F1E8&#8243; custom_padding=&#8221;3px||3px|||&#8221; da_disable_devices=&#8221;off|off|off&#8221; locked=&#8221;off&#8221; global_colors_info=&#8221;{}&#8221; da_is_popup=&#8221;off&#8221; da_exit_intent=&#8221;off&#8221; da_has_close=&#8221;on&#8221; da_alt_close=&#8221;off&#8221; da_dark_close=&#8221;off&#8221; da_not_modal=&#8221;on&#8221; da_is_singular=&#8221;off&#8221; da_with_loader=&#8221;off&#8221; da_has_shadow=&#8221;on&#8221;][et_pb_row _builder_version=&#8221;4.16&#8243; _module_preset=&#8221;default&#8221; custom_padding=&#8221;||0px|||&#8221; global_colors_info=&#8221;{}&#8221;][et_pb_column type=&#8221;4_4&#8243; _builder_version=&#8221;4.16&#8243; _module_preset=&#8221;default&#8221; global_colors_info=&#8221;{}&#8221;][et_pb_text admin_label=&#8221;Multicrop Market Report&#8221; _builder_version=&#8221;4.27.3&#8243; _module_preset=&#8221;97a49757-9877-47ea-b480-aa7742502928&#8243; global_colors_info=&#8221;{}&#8221;]<\/p>\n<h2>O privire asupra principalelor culturi nemodificate genetic din UE<\/h2>\n<p>[\/et_pb_text][\/et_pb_column][\/et_pb_row][et_pb_row column_structure=&#8221;3_5,2_5&#8243; _builder_version=&#8221;4.21.0&#8243; _module_preset=&#8221;default&#8221; custom_padding=&#8221;4px|||||&#8221; global_colors_info=&#8221;{}&#8221;][et_pb_column type=&#8221;3_5&#8243; _builder_version=&#8221;4.16&#8243; _module_preset=&#8221;default&#8221; global_colors_info=&#8221;{}&#8221;][et_pb_text admin_label=&#8221;info-Text&#8221; _builder_version=&#8221;4.27.4&#8243; _module_preset=&#8221;97a49757-9877-47ea-b480-aa7742502928&#8243; custom_padding=&#8221;24px|||0px|false|false&#8221; hover_enabled=&#8221;0&#8243; global_colors_info=&#8221;{}&#8221; sticky_enabled=&#8221;0&#8243;]<\/p>\n<p>Raportul privind culturile multiple f\u0103r\u0103 OMG este un raport trimestrial suplimentar publicat de Donau Soja \u00een colaborare cu ENGA \u0219i Funda\u021bia ProTerra. Studiul cuprinz\u0103tor pune \u00een lumin\u0103 principalele culturi de pe pia\u021ba UE &#8211; soia, porumbul \u0219i rapi\u021ba &#8211; reunind cifrele de plantare, statisticile privind randamentul, pre\u021burile \u0219i dinamica cererii \u0219i ofertei. Raportul non-OMG Multiculturi este destinat produc\u0103torilor de alimente \u0219i furaje, precum \u0219i comercian\u021bilor cu am\u0103nuntul, pentru a-i informa cu privire la situa\u021bia pie\u021bei, la disponibilitate, pre\u021buri \u0219i cerere.<\/p>\n<p>Desc\u0103rca\u021bi mai jos raportul complet privind culturile multiculturale nemodificate genetic.<\/p>\n<p><a href=\"https:\/\/www.donausoja.org\/wp-content\/uploads\/2024\/02\/non-GM_Multicrop_Market_Report.pdf\" target=\"_blank\" rel=\"noopener\">Edi\u021bia 1 \/ Noiembrie 2023<\/a><br \/><a href=\"https:\/\/www.donausoja.org\/wp-content\/uploads\/2024\/02\/Multicrop_Report_02_Feb_2024.pdf\" target=\"_blank\" rel=\"noopener\">Edi\u021bia 2 \/ Februarie 2024<\/a><br \/><a href=\"https:\/\/www.donausoja.org\/wp-content\/uploads\/2024\/06\/Market_Report_03_May_2024.pdf\" target=\"_blank\" rel=\"noopener\">Edi\u021bia 3 \/ Mai 2024<\/a><br \/><a href=\"https:\/\/www.donausoja.org\/wp-content\/uploads\/2024\/09\/Non-GMO-Report-September-2024.pdf\">Edi\u021bia 4 \/ Septembrie 2024<\/a><br \/><a href=\"https:\/\/www.donausoja.org\/wp-content\/uploads\/2025\/01\/Multicrop_Report_05_Dec_2024.pdf\">Edi\u021bia 5 \/ Decembrie 2024<\/a><br \/><a href=\"https:\/\/www.donausoja.org\/wp-content\/uploads\/2025\/04\/Non-GM-Market-Report_April-2025-Donau-Soja-Multicrop.pdf\" target=\"_blank\" rel=\"noopener\">Edi\u021bia 6 \/ Aprilie 2025<\/a><br \/><a href=\"https:\/\/www.donausoja.org\/wp-content\/uploads\/2025\/07\/Non-GMO-Market-Report-Edition-7-July-2025.pdf\" target=\"_blank\" rel=\"noopener\">Edi\u021bia 7 \/ Iulie 2025<\/a><br \/><a href=\"https:\/\/www.donausoja.org\/wp-content\/uploads\/2025\/11\/Non_GMO_Market_Report_8_Nov_2025.pdf\" target=\"_blank\" rel=\"noopener\">Edi\u021bia 8 \/ Noiembrie 2025\u00a0<\/a><a href=\"https:\/\/www.donausoja.org\/wp-content\/uploads\/2025\/07\/Non-GMO-Market-Report-Edition-7-July-2025.pdf\" target=\"_blank\" rel=\"noopener\"><br \/><\/a><a href=\"https:\/\/www.donausoja.org\/wp-content\/uploads\/2026\/01\/Multicrop_Report_09_Jan_2026.pdf\" target=\"_blank\" rel=\"noopener\">Edi\u021bia 9 \/ Ianuarie 2026<\/a><\/p>\n<p>[\/et_pb_text][\/et_pb_column][et_pb_column type=&#8221;2_5&#8243; _builder_version=&#8221;4.16&#8243; _module_preset=&#8221;default&#8221; global_colors_info=&#8221;{}&#8221;][et_pb_image src=&#8221;https:\/\/www.donausoja.org\/wp-content\/uploads\/2024\/02\/Multicrop-Market-Report.png&#8221; title_text=&#8221;Multicrop Market Report&#8221; _builder_version=&#8221;4.21.0&#8243; _module_preset=&#8221;default&#8221; global_colors_info=&#8221;{}&#8221;][\/et_pb_image][\/et_pb_column][\/et_pb_row][\/et_pb_section]<\/p>\n","protected":false},"excerpt":{"rendered":"<p>RAPORT MULTICULTURI NON-OMGO privire asupra principalelor culturi nemodificate genetic din UERaportul privind culturile multiple f\u0103r\u0103 OMG este un raport trimestrial suplimentar publicat de Donau Soja \u00een colaborare cu ENGA \u0219i Funda\u021bia ProTerra. Studiul cuprinz\u0103tor pune \u00een lumin\u0103 principalele culturi de pe pia\u021ba UE &#8211; soia, porumbul \u0219i rapi\u021ba &#8211; reunind cifrele de plantare, statisticile privind [&hellip;]<\/p>\n","protected":false},"author":37,"featured_media":0,"parent":0,"menu_order":0,"comment_status":"closed","ping_status":"closed","template":"","meta":{"_et_pb_use_builder":"on","_et_pb_old_content":"","_et_gb_content_width":"","footnotes":""},"class_list":["post-53588","page","type-page","status-publish","hentry"],"yoast_head":"<!-- This site is optimized with the Yoast SEO plugin v27.4 - https:\/\/yoast.com\/product\/yoast-seo-wordpress\/ -->\n<title>Raport multicultur\u0103 non-GM - Donau Soja<\/title>\n<meta name=\"description\" content=\"Raportul privind culturile multiculturale nemodificate genetic este un raport trimestrial publicat de Donau Soja \u00een colaborare cu ENGA \u0219i Funda\u021bia ProTerra.\" \/>\n<meta name=\"robots\" content=\"index, follow, max-snippet:-1, max-image-preview:large, max-video-preview:-1\" \/>\n<link rel=\"canonical\" href=\"https:\/\/www.donausoja.org\/ro\/raport-multicultura-non-gm\/\" \/>\n<meta property=\"og:locale\" content=\"ro_RO\" \/>\n<meta property=\"og:type\" content=\"article\" \/>\n<meta property=\"og:title\" content=\"Raport multicultur\u0103 non-GM - Donau Soja\" \/>\n<meta property=\"og:description\" content=\"Raportul privind culturile multiculturale nemodificate genetic este un raport trimestrial publicat de Donau Soja \u00een colaborare cu ENGA \u0219i Funda\u021bia ProTerra.\" \/>\n<meta property=\"og:url\" content=\"https:\/\/www.donausoja.org\/ro\/raport-multicultura-non-gm\/\" \/>\n<meta property=\"og:site_name\" content=\"Donau Soja\" \/>\n<meta property=\"article:modified_time\" content=\"2026-02-20T10:31:58+00:00\" \/>\n<meta name=\"twitter:card\" content=\"summary_large_image\" \/>\n<meta name=\"twitter:label1\" content=\"Timp estimat pentru citire\" \/>\n\t<meta name=\"twitter:data1\" content=\"1 minut\" \/>\n<script type=\"application\/ld+json\" class=\"yoast-schema-graph\">{\"@context\":\"https:\\\/\\\/schema.org\",\"@graph\":[{\"@type\":\"WebPage\",\"@id\":\"https:\\\/\\\/www.donausoja.org\\\/ro\\\/raport-multicultura-non-gm\\\/\",\"url\":\"https:\\\/\\\/www.donausoja.org\\\/ro\\\/raport-multicultura-non-gm\\\/\",\"name\":\"Raport multicultur\u0103 non-GM - Donau Soja\",\"isPartOf\":{\"@id\":\"https:\\\/\\\/www.donausoja.org\\\/ro\\\/#website\"},\"datePublished\":\"2024-05-17T16:55:54+00:00\",\"dateModified\":\"2026-02-20T10:31:58+00:00\",\"description\":\"Raportul privind culturile multiculturale nemodificate genetic este un raport trimestrial publicat de Donau Soja \u00een colaborare cu ENGA \u0219i Funda\u021bia ProTerra.\",\"breadcrumb\":{\"@id\":\"https:\\\/\\\/www.donausoja.org\\\/ro\\\/raport-multicultura-non-gm\\\/#breadcrumb\"},\"inLanguage\":\"ro-RO\",\"potentialAction\":[{\"@type\":\"ReadAction\",\"target\":[\"https:\\\/\\\/www.donausoja.org\\\/ro\\\/raport-multicultura-non-gm\\\/\"]}]},{\"@type\":\"BreadcrumbList\",\"@id\":\"https:\\\/\\\/www.donausoja.org\\\/ro\\\/raport-multicultura-non-gm\\\/#breadcrumb\",\"itemListElement\":[{\"@type\":\"ListItem\",\"position\":1,\"name\":\"Home\",\"item\":\"https:\\\/\\\/www.donausoja.org\\\/ro\\\/\"},{\"@type\":\"ListItem\",\"position\":2,\"name\":\"Raport multicultur\u0103 non-GM\"}]},{\"@type\":\"WebSite\",\"@id\":\"https:\\\/\\\/www.donausoja.org\\\/ro\\\/#website\",\"url\":\"https:\\\/\\\/www.donausoja.org\\\/ro\\\/\",\"name\":\"Donau Soja\",\"description\":\"Together for a European Protein Supply: Regional. Sustainable. Non-GM.\",\"potentialAction\":[{\"@type\":\"SearchAction\",\"target\":{\"@type\":\"EntryPoint\",\"urlTemplate\":\"https:\\\/\\\/www.donausoja.org\\\/ro\\\/?s={search_term_string}\"},\"query-input\":{\"@type\":\"PropertyValueSpecification\",\"valueRequired\":true,\"valueName\":\"search_term_string\"}}],\"inLanguage\":\"ro-RO\"}]}<\/script>\n<!-- \/ Yoast SEO plugin. -->","yoast_head_json":{"title":"Raport multicultur\u0103 non-GM - Donau Soja","description":"Raportul privind culturile multiculturale nemodificate genetic este un raport trimestrial publicat de Donau Soja \u00een colaborare cu ENGA \u0219i Funda\u021bia ProTerra.","robots":{"index":"index","follow":"follow","max-snippet":"max-snippet:-1","max-image-preview":"max-image-preview:large","max-video-preview":"max-video-preview:-1"},"canonical":"https:\/\/www.donausoja.org\/ro\/raport-multicultura-non-gm\/","og_locale":"ro_RO","og_type":"article","og_title":"Raport multicultur\u0103 non-GM - Donau Soja","og_description":"Raportul privind culturile multiculturale nemodificate genetic este un raport trimestrial publicat de Donau Soja \u00een colaborare cu ENGA \u0219i Funda\u021bia ProTerra.","og_url":"https:\/\/www.donausoja.org\/ro\/raport-multicultura-non-gm\/","og_site_name":"Donau Soja","article_modified_time":"2026-02-20T10:31:58+00:00","twitter_card":"summary_large_image","twitter_misc":{"Timp estimat pentru citire":"1 minut"},"schema":{"@context":"https:\/\/schema.org","@graph":[{"@type":"WebPage","@id":"https:\/\/www.donausoja.org\/ro\/raport-multicultura-non-gm\/","url":"https:\/\/www.donausoja.org\/ro\/raport-multicultura-non-gm\/","name":"Raport multicultur\u0103 non-GM - Donau Soja","isPartOf":{"@id":"https:\/\/www.donausoja.org\/ro\/#website"},"datePublished":"2024-05-17T16:55:54+00:00","dateModified":"2026-02-20T10:31:58+00:00","description":"Raportul privind culturile multiculturale nemodificate genetic este un raport trimestrial publicat de Donau Soja \u00een colaborare cu ENGA \u0219i Funda\u021bia ProTerra.","breadcrumb":{"@id":"https:\/\/www.donausoja.org\/ro\/raport-multicultura-non-gm\/#breadcrumb"},"inLanguage":"ro-RO","potentialAction":[{"@type":"ReadAction","target":["https:\/\/www.donausoja.org\/ro\/raport-multicultura-non-gm\/"]}]},{"@type":"BreadcrumbList","@id":"https:\/\/www.donausoja.org\/ro\/raport-multicultura-non-gm\/#breadcrumb","itemListElement":[{"@type":"ListItem","position":1,"name":"Home","item":"https:\/\/www.donausoja.org\/ro\/"},{"@type":"ListItem","position":2,"name":"Raport multicultur\u0103 non-GM"}]},{"@type":"WebSite","@id":"https:\/\/www.donausoja.org\/ro\/#website","url":"https:\/\/www.donausoja.org\/ro\/","name":"Donau Soja","description":"Together for a European Protein Supply: Regional. Sustainable. Non-GM.","potentialAction":[{"@type":"SearchAction","target":{"@type":"EntryPoint","urlTemplate":"https:\/\/www.donausoja.org\/ro\/?s={search_term_string}"},"query-input":{"@type":"PropertyValueSpecification","valueRequired":true,"valueName":"search_term_string"}}],"inLanguage":"ro-RO"}]}},"_links":{"self":[{"href":"https:\/\/www.donausoja.org\/ro\/wp-json\/wp\/v2\/pages\/53588","targetHints":{"allow":["GET"]}}],"collection":[{"href":"https:\/\/www.donausoja.org\/ro\/wp-json\/wp\/v2\/pages"}],"about":[{"href":"https:\/\/www.donausoja.org\/ro\/wp-json\/wp\/v2\/types\/page"}],"author":[{"embeddable":true,"href":"https:\/\/www.donausoja.org\/ro\/wp-json\/wp\/v2\/users\/37"}],"replies":[{"embeddable":true,"href":"https:\/\/www.donausoja.org\/ro\/wp-json\/wp\/v2\/comments?post=53588"}],"version-history":[{"count":6,"href":"https:\/\/www.donausoja.org\/ro\/wp-json\/wp\/v2\/pages\/53588\/revisions"}],"predecessor-version":[{"id":66394,"href":"https:\/\/www.donausoja.org\/ro\/wp-json\/wp\/v2\/pages\/53588\/revisions\/66394"}],"wp:attachment":[{"href":"https:\/\/www.donausoja.org\/ro\/wp-json\/wp\/v2\/media?parent=53588"}],"curies":[{"name":"wp","href":"https:\/\/api.w.org\/{rel}","templated":true}]}}