
{"id":53560,"date":"2024-08-05T09:32:15","date_gmt":"2024-08-05T09:32:15","guid":{"rendered":"https:\/\/www.donausoja.org\/ri-projects\/"},"modified":"2025-02-04T19:18:17","modified_gmt":"2025-02-04T19:18:17","slug":"proiecte-de-cercetare-si-inovare","status":"publish","type":"page","link":"https:\/\/www.donausoja.org\/ro\/proiecte-de-cercetare-si-inovare\/","title":{"rendered":"Proiecte de cercetare \u0219i inovare"},"content":{"rendered":"<p>[et_pb_section fb_built=&#8221;1&#8243; _builder_version=&#8221;4.16&#8243; _module_preset=&#8221;default&#8221; background_color=&#8221;RGBA(255,255,255,0)&#8221; da_disable_devices=&#8221;off|off|off&#8221; locked=&#8221;off&#8221; global_colors_info=&#8221;{}&#8221; da_is_popup=&#8221;off&#8221; da_exit_intent=&#8221;off&#8221; da_has_close=&#8221;on&#8221; da_alt_close=&#8221;off&#8221; da_dark_close=&#8221;off&#8221; da_not_modal=&#8221;on&#8221; da_is_singular=&#8221;off&#8221; da_with_loader=&#8221;off&#8221; da_has_shadow=&#8221;on&#8221;][et_pb_row _builder_version=&#8221;4.16&#8243; _module_preset=&#8221;default&#8221; custom_padding=&#8221;130px|||||&#8221; global_colors_info=&#8221;{}&#8221;][et_pb_column type=&#8221;4_4&#8243; _builder_version=&#8221;4.16&#8243; _module_preset=&#8221;default&#8221; global_colors_info=&#8221;{}&#8221;][et_pb_text _builder_version=&#8221;4.27.3&#8243; _module_preset=&#8221;77a7a6a5-6cba-4e24-a8d7-1992b0adbe08&#8243; header_font=&#8221;Ubuntu|700|||||||&#8221; global_colors_info=&#8221;{}&#8221;]<\/p>\n<h1>Proiecte de cercetare \u0219i inovare<\/h1>\n<p>[\/et_pb_text][\/et_pb_column][\/et_pb_row][\/et_pb_section][et_pb_section fb_built=&#8221;1&#8243; _builder_version=&#8221;4.16&#8243; _module_preset=&#8221;default&#8221; background_color=&#8221;#F6F1E8&#8243; custom_padding=&#8221;4px||3px|||&#8221; da_disable_devices=&#8221;off|off|off&#8221; global_colors_info=&#8221;{}&#8221; da_is_popup=&#8221;off&#8221; da_exit_intent=&#8221;off&#8221; da_has_close=&#8221;on&#8221; da_alt_close=&#8221;off&#8221; da_dark_close=&#8221;off&#8221; da_not_modal=&#8221;on&#8221; da_is_singular=&#8221;off&#8221; da_with_loader=&#8221;off&#8221; da_has_shadow=&#8221;on&#8221;][et_pb_row _builder_version=&#8221;4.25.2&#8243; _module_preset=&#8221;default&#8221; custom_margin=&#8221;20px||||false|false&#8221; custom_padding=&#8221;2px||9px|||&#8221; global_colors_info=&#8221;{}&#8221;][et_pb_column type=&#8221;4_4&#8243; _builder_version=&#8221;4.16&#8243; _module_preset=&#8221;default&#8221; global_colors_info=&#8221;{}&#8221;][et_pb_text _builder_version=&#8221;4.27.3&#8243; _module_preset=&#8221;77a7a6a5-6cba-4e24-a8d7-1992b0adbe08&#8243; global_colors_info=&#8221;{}&#8221;]<\/p>\n<p>Explora\u021bi implicarea noastr\u0103 \u00een proiecte de cercetare \u0219i inovare pentru promovarea produc\u021biei sustenabile de soia \u00een Europa. Ini\u021biativele noastre sprijin\u0103 dezvoltarea practicilor regionale, durabile \u0219i nemodificate genetic \u00een domeniul produc\u021biei de soia, care aduc beneficii at\u00e2t fermierilor, c\u00e2t \u0219i mediului. Donau Soja este implicat\u0103 activ \u00een activit\u0103\u021bi de cercetare \u0219i inovare \u00een \u00eentreaga Europ\u0103, promov\u00e2nd parteneriate care sporesc capacit\u0103\u021bile de produc\u021bie de soia. Aceast\u0103 sec\u021biune ofer\u0103 o perspectiv\u0103 asupra proiectelor noastre actuale \u0219i anterioare, subliniind angajamentul nostru fa\u021b\u0103 de agricultura durabil\u0103. Colabor\u00e2nd cu oameni de \u0219tiin\u021b\u0103, amelioratori, consilieri \u0219i fermieri din Europa \u0219i din afara ei, Donau Soja conduce ini\u021biative de consolidare a produc\u021biei de soia \u0219i de proteaginoase. \u00cempreun\u0103, ne concentr\u0103m pe \u00eembun\u0103t\u0103\u021birea geneticii boabelor de soia, \u00eembun\u0103t\u0103\u021birea s\u0103n\u0103t\u0103\u021bii solului \u0219i optimizarea eficien\u021bei furajelor pentru a r\u0103spunde provoc\u0103rilor cheie din agricultura modern\u0103. Descoperi\u021bi mai jos modul \u00een care Donau Soja este pionierul solu\u021biilor sustenabile prin colaborare interna\u021bional\u0103 \u0219i cercetare inovatoare.<\/p>\n<p>[\/et_pb_text][\/et_pb_column][\/et_pb_row][et_pb_row column_structure=&#8221;2_3,1_3&#8243; admin_label=&#8221;Row: LG pj&#8221; _builder_version=&#8221;4.25.2&#8243; _module_preset=&#8221;default&#8221; background_color=&#8221;#ffffff&#8221; custom_margin=&#8221;10px||20px||false|false&#8221; custom_padding=&#8221;20px|20px|20px|20px|false|false&#8221; box_shadow_style=&#8221;preset1&#8243; locked=&#8221;off&#8221; global_colors_info=&#8221;{}&#8221;][et_pb_column type=&#8221;2_3&#8243; _builder_version=&#8221;4.16&#8243; _module_preset=&#8221;default&#8221; global_colors_info=&#8221;{}&#8221;][et_pb_text _builder_version=&#8221;4.27.3&#8243; _module_preset=&#8221;77a7a6a5-6cba-4e24-a8d7-1992b0adbe08&#8243; global_colors_info=&#8221;{}&#8221;]<\/p>\n<h2>Legume Generation<\/h2>\n<p>Obiectivul<strong> Legume Generation<\/strong> este de a stimula ameliorarea principalelor culturi de leguminoase alimentare \u0219i furajere din Europa pentru a sprijini strategiile UE privind biodiversitatea \u0219i \u201ede la ferm\u0103 la mas\u0103\u201d, f\u0103c\u00e2nd culturile de leguminoase mai competitive \u00een fermele europene \u0219i \u00een lan\u021burile valorice. Acest lucru va spori diversitatea culturilor \u0219i va permite ob\u021binerea tuturor celorlalte beneficii ale leguminoaselor. Legume Generation este o ac\u021biune de <strong>inovare<\/strong>. Inovarea \u00eenseamn\u0103 asumarea de riscuri pentru a \u00eembun\u0103t\u0103\u021bi modul \u00een care se fac lucrurile. Proiectul nostru este structurat \u0219i concentrat pentru a sprijini \u00een mod direct partenerii \u0219i asocia\u021bii no\u0219tri din domeniul <strong>cultiv\u0103rii<\/strong>, \u00een calitate de inovatori care \u00ee\u0219i asum\u0103 riscuri.<\/p>\n<p>[\/et_pb_text][et_pb_button button_url=&#8221;https:\/\/www.donausoja.org\/legume-generation\/&#8221; url_new_window=&#8221;on&#8221; button_text=&#8221;Citi\u021bi mai mult (\u00een englez\u0103)&#8221; _builder_version=&#8221;4.27.3&#8243; _module_preset=&#8221;default&#8221; custom_button=&#8221;on&#8221; button_icon=&#8221;&#x39;||divi||400&#8243; button_on_hover=&#8221;off&#8221; custom_margin=&#8221;20px||||false|false&#8221; global_colors_info=&#8221;{}&#8221;][\/et_pb_button][\/et_pb_column][et_pb_column type=&#8221;1_3&#8243; _builder_version=&#8221;4.16&#8243; _module_preset=&#8221;default&#8221; global_colors_info=&#8221;{}&#8221;][et_pb_image src=&#8221;https:\/\/www.donausoja.org\/wp-content\/uploads\/2024\/07\/Legume-Generation-logo-1.png&#8221; title_text=&#8221;Legume Generation logo&#8221; align=&#8221;center&#8221; _builder_version=&#8221;4.25.2&#8243; _module_preset=&#8221;default&#8221; custom_margin=&#8221;||||false|false&#8221; custom_padding=&#8221;||||false|false&#8221; global_colors_info=&#8221;{}&#8221;][\/et_pb_image][\/et_pb_column][\/et_pb_row][et_pb_row column_structure=&#8221;2_3,1_3&#8243; admin_label=&#8221;Row: Sonia-ProQ&#8221; _builder_version=&#8221;4.25.2&#8243; _module_preset=&#8221;default&#8221; background_color=&#8221;#ffffff&#8221; custom_margin=&#8221;10px||20px||false|false&#8221; custom_padding=&#8221;20px|20px|20px|20px|false|false&#8221; box_shadow_style=&#8221;preset1&#8243; locked=&#8221;off&#8221; global_colors_info=&#8221;{}&#8221;][et_pb_column type=&#8221;2_3&#8243; _builder_version=&#8221;4.16&#8243; _module_preset=&#8221;default&#8221; global_colors_info=&#8221;{}&#8221;][et_pb_text _builder_version=&#8221;4.27.3&#8243; _module_preset=&#8221;77a7a6a5-6cba-4e24-a8d7-1992b0adbe08&#8243; global_colors_info=&#8221;{}&#8221;]<\/p>\n<h2>Sonia-ProQ<\/h2>\n<p>SONIA-ProQ (Soybean Observation using NIRS for Attribute-Depending Prospective Quality Management) sprijin\u0103 fermele \u0219i procesatorii de soia \u00een utilizarea boabelor de soia na\u021bionale pentru produc\u021bia de hran\u0103 pentru animale. Proiectul desf\u0103\u0219oar\u0103 activit\u0103\u021bi de pionierat \u00een domeniul controlului \u00een timp real al proceselor de tratare a boabelor de soia. Optimiz\u0103rile tehnice bazate pe spectroscopia \u00een infraro\u0219u apropiat \u0219i pe metodele de imagistic\u0103 \u00eembun\u0103t\u0103\u021besc calitatea produselor din soia \u0219i eficien\u021ba economic\u0103 a proces\u0103rii.<\/p>\n<p>[\/et_pb_text][et_pb_button button_url=&#8221;https:\/\/www.donausoja.org\/sonia-proq\/&#8221; url_new_window=&#8221;on&#8221; button_text=&#8221;Citi\u021bi mai mult (\u00een englez\u0103)&#8221; _builder_version=&#8221;4.27.3&#8243; _module_preset=&#8221;default&#8221; custom_button=&#8221;on&#8221; button_icon=&#8221;&#x39;||divi||400&#8243; button_on_hover=&#8221;off&#8221; custom_margin=&#8221;20px||||false|false&#8221; global_colors_info=&#8221;{}&#8221;][\/et_pb_button][\/et_pb_column][et_pb_column type=&#8221;1_3&#8243; _builder_version=&#8221;4.16&#8243; _module_preset=&#8221;default&#8221; global_colors_info=&#8221;{}&#8221;][et_pb_image src=&#8221;https:\/\/www.donausoja.org\/wp-content\/uploads\/2024\/07\/SoniaProQ-logo-transparent-2.png&#8221; title_text=&#8221;SoniaProQ logo-transparent&#8221; align=&#8221;center&#8221; _builder_version=&#8221;4.25.2&#8243; _module_preset=&#8221;default&#8221; custom_margin=&#8221;||||false|false&#8221; custom_padding=&#8221;||||false|false&#8221; global_colors_info=&#8221;{}&#8221;][\/et_pb_image][\/et_pb_column][\/et_pb_row][et_pb_row column_structure=&#8221;2_3,1_3&#8243; admin_label=&#8221;Row: MICROBIOMES4SOY&#8221; _builder_version=&#8221;4.25.2&#8243; _module_preset=&#8221;default&#8221; background_color=&#8221;#ffffff&#8221; custom_margin=&#8221;10px||20px||false|false&#8221; custom_padding=&#8221;20px|20px|20px|20px|false|false&#8221; box_shadow_style=&#8221;preset1&#8243; locked=&#8221;off&#8221; global_colors_info=&#8221;{}&#8221;][et_pb_column type=&#8221;2_3&#8243; _builder_version=&#8221;4.16&#8243; _module_preset=&#8221;default&#8221; global_colors_info=&#8221;{}&#8221;][et_pb_text _builder_version=&#8221;4.27.3&#8243; _module_preset=&#8221;77a7a6a5-6cba-4e24-a8d7-1992b0adbe08&#8243; global_colors_info=&#8221;{}&#8221;]<\/p>\n<h2>MICROBIOMES4SOY<\/h2>\n<p>Proiectul \u00ee\u0219i propune s\u0103 \u00eembun\u0103t\u0103\u021beasc\u0103 impactul asupra mediului al produc\u021biei de soia, s\u0103 exploreze efectele consumului de soia asupra microbiomului intestinal uman \u0219i s\u0103 contribuie la dezvoltarea de noi furaje pentru pe\u0219ti pentru sectorul acvaculturii. Printr-o abordare multiactor, proiectul va dezvolta c\u0103i de tranzi\u021bie care sunt preg\u0103tite s\u0103 r\u0103spund\u0103 nevoilor actorilor din sistemul alimentar \u0219i s\u0103 ofere beneficii comune relevante pentru priorit\u0103\u021bile FOOD 2030.<\/p>\n<p>[\/et_pb_text][et_pb_button button_url=&#8221;https:\/\/www.donausoja.org\/microbiomes4soy\/&#8221; url_new_window=&#8221;on&#8221; button_text=&#8221;Citi\u021bi mai mult (\u00een englez\u0103)&#8221; _builder_version=&#8221;4.27.3&#8243; _module_preset=&#8221;default&#8221; custom_button=&#8221;on&#8221; button_icon=&#8221;&#x39;||divi||400&#8243; button_on_hover=&#8221;off&#8221; custom_margin=&#8221;20px||||false|false&#8221; global_colors_info=&#8221;{}&#8221;][\/et_pb_button][\/et_pb_column][et_pb_column type=&#8221;1_3&#8243; _builder_version=&#8221;4.16&#8243; _module_preset=&#8221;default&#8221; global_colors_info=&#8221;{}&#8221;][et_pb_image src=&#8221;https:\/\/www.donausoja.org\/wp-content\/uploads\/2024\/07\/Microbiomes4soy-logo-transparent-1.png&#8221; title_text=&#8221;Microbiomes4soy logo-transparent&#8221; align=&#8221;center&#8221; _builder_version=&#8221;4.25.2&#8243; _module_preset=&#8221;default&#8221; custom_margin=&#8221;||||false|false&#8221; custom_padding=&#8221;||||false|false&#8221; global_colors_info=&#8221;{}&#8221;][\/et_pb_image][\/et_pb_column][\/et_pb_row][\/et_pb_section]<\/p>\n","protected":false},"excerpt":{"rendered":"<p>Proiecte de cercetare \u0219i inovareExplora\u021bi implicarea noastr\u0103 \u00een proiecte de cercetare \u0219i inovare pentru promovarea produc\u021biei sustenabile de soia \u00een Europa. Ini\u021biativele noastre sprijin\u0103 dezvoltarea practicilor regionale, durabile \u0219i nemodificate genetic \u00een domeniul produc\u021biei de soia, care aduc beneficii at\u00e2t fermierilor, c\u00e2t \u0219i mediului. Donau Soja este implicat\u0103 activ \u00een activit\u0103\u021bi de cercetare \u0219i inovare [&hellip;]<\/p>\n","protected":false},"author":37,"featured_media":0,"parent":0,"menu_order":0,"comment_status":"closed","ping_status":"closed","template":"","meta":{"_et_pb_use_builder":"on","_et_pb_old_content":"","_et_gb_content_width":"","footnotes":""},"class_list":["post-53560","page","type-page","status-publish","hentry"],"yoast_head":"<!-- This site is optimized with the Yoast SEO plugin v27.4 - https:\/\/yoast.com\/product\/yoast-seo-wordpress\/ -->\n<title>Proiecte de cercetare \u0219i inovare - Donau Soja<\/title>\n<meta name=\"description\" content=\"Afla\u021bi mai multe despre implicarea noastr\u0103 \u00een proiecte de cercetare \u0219i inovare pentru promovarea produc\u021biei sustenabile de soia \u00een Europa.\" \/>\n<meta name=\"robots\" content=\"index, follow, max-snippet:-1, max-image-preview:large, max-video-preview:-1\" \/>\n<link rel=\"canonical\" href=\"https:\/\/www.donausoja.org\/ro\/proiecte-de-cercetare-si-inovare\/\" \/>\n<meta property=\"og:locale\" content=\"ro_RO\" \/>\n<meta property=\"og:type\" content=\"article\" \/>\n<meta property=\"og:title\" content=\"Proiecte de cercetare \u0219i inovare - Donau Soja\" \/>\n<meta property=\"og:description\" content=\"Afla\u021bi mai multe despre implicarea noastr\u0103 \u00een proiecte de cercetare \u0219i inovare pentru promovarea produc\u021biei sustenabile de soia \u00een Europa.\" \/>\n<meta property=\"og:url\" content=\"https:\/\/www.donausoja.org\/ro\/proiecte-de-cercetare-si-inovare\/\" \/>\n<meta property=\"og:site_name\" content=\"Donau Soja\" \/>\n<meta property=\"article:modified_time\" content=\"2025-02-04T19:18:17+00:00\" \/>\n<meta name=\"twitter:card\" content=\"summary_large_image\" \/>\n<meta name=\"twitter:label1\" content=\"Timp estimat pentru citire\" \/>\n\t<meta name=\"twitter:data1\" content=\"3 minute\" \/>\n<script type=\"application\/ld+json\" class=\"yoast-schema-graph\">{\"@context\":\"https:\\\/\\\/schema.org\",\"@graph\":[{\"@type\":\"WebPage\",\"@id\":\"https:\\\/\\\/www.donausoja.org\\\/ro\\\/proiecte-de-cercetare-si-inovare\\\/\",\"url\":\"https:\\\/\\\/www.donausoja.org\\\/ro\\\/proiecte-de-cercetare-si-inovare\\\/\",\"name\":\"Proiecte de cercetare \u0219i inovare - Donau Soja\",\"isPartOf\":{\"@id\":\"https:\\\/\\\/www.donausoja.org\\\/ro\\\/#website\"},\"datePublished\":\"2024-08-05T09:32:15+00:00\",\"dateModified\":\"2025-02-04T19:18:17+00:00\",\"description\":\"Afla\u021bi mai multe despre implicarea noastr\u0103 \u00een proiecte de cercetare \u0219i inovare pentru promovarea produc\u021biei sustenabile de soia \u00een Europa.\",\"breadcrumb\":{\"@id\":\"https:\\\/\\\/www.donausoja.org\\\/ro\\\/proiecte-de-cercetare-si-inovare\\\/#breadcrumb\"},\"inLanguage\":\"ro-RO\",\"potentialAction\":[{\"@type\":\"ReadAction\",\"target\":[\"https:\\\/\\\/www.donausoja.org\\\/ro\\\/proiecte-de-cercetare-si-inovare\\\/\"]}]},{\"@type\":\"BreadcrumbList\",\"@id\":\"https:\\\/\\\/www.donausoja.org\\\/ro\\\/proiecte-de-cercetare-si-inovare\\\/#breadcrumb\",\"itemListElement\":[{\"@type\":\"ListItem\",\"position\":1,\"name\":\"Home\",\"item\":\"https:\\\/\\\/www.donausoja.org\\\/ro\\\/\"},{\"@type\":\"ListItem\",\"position\":2,\"name\":\"Proiecte de cercetare \u0219i inovare\"}]},{\"@type\":\"WebSite\",\"@id\":\"https:\\\/\\\/www.donausoja.org\\\/ro\\\/#website\",\"url\":\"https:\\\/\\\/www.donausoja.org\\\/ro\\\/\",\"name\":\"Donau Soja\",\"description\":\"Together for a European Protein Supply: Regional. Sustainable. Non-GM.\",\"potentialAction\":[{\"@type\":\"SearchAction\",\"target\":{\"@type\":\"EntryPoint\",\"urlTemplate\":\"https:\\\/\\\/www.donausoja.org\\\/ro\\\/?s={search_term_string}\"},\"query-input\":{\"@type\":\"PropertyValueSpecification\",\"valueRequired\":true,\"valueName\":\"search_term_string\"}}],\"inLanguage\":\"ro-RO\"}]}<\/script>\n<!-- \/ Yoast SEO plugin. -->","yoast_head_json":{"title":"Proiecte de cercetare \u0219i inovare - Donau Soja","description":"Afla\u021bi mai multe despre implicarea noastr\u0103 \u00een proiecte de cercetare \u0219i inovare pentru promovarea produc\u021biei sustenabile de soia \u00een Europa.","robots":{"index":"index","follow":"follow","max-snippet":"max-snippet:-1","max-image-preview":"max-image-preview:large","max-video-preview":"max-video-preview:-1"},"canonical":"https:\/\/www.donausoja.org\/ro\/proiecte-de-cercetare-si-inovare\/","og_locale":"ro_RO","og_type":"article","og_title":"Proiecte de cercetare \u0219i inovare - Donau Soja","og_description":"Afla\u021bi mai multe despre implicarea noastr\u0103 \u00een proiecte de cercetare \u0219i inovare pentru promovarea produc\u021biei sustenabile de soia \u00een Europa.","og_url":"https:\/\/www.donausoja.org\/ro\/proiecte-de-cercetare-si-inovare\/","og_site_name":"Donau Soja","article_modified_time":"2025-02-04T19:18:17+00:00","twitter_card":"summary_large_image","twitter_misc":{"Timp estimat pentru citire":"3 minute"},"schema":{"@context":"https:\/\/schema.org","@graph":[{"@type":"WebPage","@id":"https:\/\/www.donausoja.org\/ro\/proiecte-de-cercetare-si-inovare\/","url":"https:\/\/www.donausoja.org\/ro\/proiecte-de-cercetare-si-inovare\/","name":"Proiecte de cercetare \u0219i inovare - Donau Soja","isPartOf":{"@id":"https:\/\/www.donausoja.org\/ro\/#website"},"datePublished":"2024-08-05T09:32:15+00:00","dateModified":"2025-02-04T19:18:17+00:00","description":"Afla\u021bi mai multe despre implicarea noastr\u0103 \u00een proiecte de cercetare \u0219i inovare pentru promovarea produc\u021biei sustenabile de soia \u00een Europa.","breadcrumb":{"@id":"https:\/\/www.donausoja.org\/ro\/proiecte-de-cercetare-si-inovare\/#breadcrumb"},"inLanguage":"ro-RO","potentialAction":[{"@type":"ReadAction","target":["https:\/\/www.donausoja.org\/ro\/proiecte-de-cercetare-si-inovare\/"]}]},{"@type":"BreadcrumbList","@id":"https:\/\/www.donausoja.org\/ro\/proiecte-de-cercetare-si-inovare\/#breadcrumb","itemListElement":[{"@type":"ListItem","position":1,"name":"Home","item":"https:\/\/www.donausoja.org\/ro\/"},{"@type":"ListItem","position":2,"name":"Proiecte de cercetare \u0219i inovare"}]},{"@type":"WebSite","@id":"https:\/\/www.donausoja.org\/ro\/#website","url":"https:\/\/www.donausoja.org\/ro\/","name":"Donau Soja","description":"Together for a European Protein Supply: Regional. Sustainable. Non-GM.","potentialAction":[{"@type":"SearchAction","target":{"@type":"EntryPoint","urlTemplate":"https:\/\/www.donausoja.org\/ro\/?s={search_term_string}"},"query-input":{"@type":"PropertyValueSpecification","valueRequired":true,"valueName":"search_term_string"}}],"inLanguage":"ro-RO"}]}},"_links":{"self":[{"href":"https:\/\/www.donausoja.org\/ro\/wp-json\/wp\/v2\/pages\/53560","targetHints":{"allow":["GET"]}}],"collection":[{"href":"https:\/\/www.donausoja.org\/ro\/wp-json\/wp\/v2\/pages"}],"about":[{"href":"https:\/\/www.donausoja.org\/ro\/wp-json\/wp\/v2\/types\/page"}],"author":[{"embeddable":true,"href":"https:\/\/www.donausoja.org\/ro\/wp-json\/wp\/v2\/users\/37"}],"replies":[{"embeddable":true,"href":"https:\/\/www.donausoja.org\/ro\/wp-json\/wp\/v2\/comments?post=53560"}],"version-history":[{"count":4,"href":"https:\/\/www.donausoja.org\/ro\/wp-json\/wp\/v2\/pages\/53560\/revisions"}],"predecessor-version":[{"id":54549,"href":"https:\/\/www.donausoja.org\/ro\/wp-json\/wp\/v2\/pages\/53560\/revisions\/54549"}],"wp:attachment":[{"href":"https:\/\/www.donausoja.org\/ro\/wp-json\/wp\/v2\/media?parent=53560"}],"curies":[{"name":"wp","href":"https:\/\/api.w.org\/{rel}","templated":true}]}}