
{"id":53463,"date":"2024-02-13T09:12:47","date_gmt":"2024-02-13T09:12:47","guid":{"rendered":"https:\/\/www.donausoja.org\/regional-climate-partnerships\/"},"modified":"2025-02-04T18:23:42","modified_gmt":"2025-02-04T18:23:42","slug":"parteneriate-regionale-pentru-clima","status":"publish","type":"page","link":"https:\/\/www.donausoja.org\/ro\/parteneriate-regionale-pentru-clima\/","title":{"rendered":"Parteneriate regionale pentru clim\u0103"},"content":{"rendered":"<p>[et_pb_section fb_built=&#8221;1&#8243; _builder_version=&#8221;4.16&#8243; _module_preset=&#8221;default&#8221; background_color=&#8221;RGBA(255,255,255,0)&#8221; da_disable_devices=&#8221;off|off|off&#8221; locked=&#8221;off&#8221; global_colors_info=&#8221;{}&#8221; da_is_popup=&#8221;off&#8221; da_exit_intent=&#8221;off&#8221; da_has_close=&#8221;on&#8221; da_alt_close=&#8221;off&#8221; da_dark_close=&#8221;off&#8221; da_not_modal=&#8221;on&#8221; da_is_singular=&#8221;off&#8221; da_with_loader=&#8221;off&#8221; da_has_shadow=&#8221;on&#8221;][et_pb_row _builder_version=&#8221;4.16&#8243; _module_preset=&#8221;default&#8221; custom_padding=&#8221;130px|||||&#8221; global_colors_info=&#8221;{}&#8221;][et_pb_column type=&#8221;4_4&#8243; _builder_version=&#8221;4.16&#8243; _module_preset=&#8221;default&#8221; global_colors_info=&#8221;{}&#8221;][et_pb_text _builder_version=&#8221;4.27.3&#8243; _module_preset=&#8221;77a7a6a5-6cba-4e24-a8d7-1992b0adbe08&#8243; header_font=&#8221;Ubuntu|700|||||||&#8221; global_colors_info=&#8221;{}&#8221;]<\/p>\n<section class=\"elementor-section elementor-top-section elementor-element elementor-element-87ac4cf elementor-section-height-min-height elementor-section-items-bottom elementor-section-boxed elementor-section-height-default\" data-id=\"87ac4cf\" data-element_type=\"section\">\n<div class=\"elementor-container elementor-column-gap-default\">\n<div class=\"elementor-row\">\n<div class=\"elementor-column elementor-col-100 elementor-top-column elementor-element elementor-element-43eb478\" data-id=\"43eb478\" data-element_type=\"column\">\n<div class=\"elementor-column-wrap elementor-element-populated\">\n<div class=\"elementor-widget-wrap\">\n<div class=\"elementor-element elementor-element-d918ba3 elementor-widget elementor-widget-heading elementor-motion-effects-parent animated fadeInUp\" data-id=\"d918ba3\" data-element_type=\"widget\" data-settings=\"{&quot;motion_fx_motion_fx_scrolling&quot;:&quot;yes&quot;,&quot;motion_fx_opacity_effect&quot;:&quot;yes&quot;,&quot;motion_fx_opacity_direction&quot;:&quot;in-out&quot;,&quot;motion_fx_opacity_range&quot;:{&quot;unit&quot;:&quot;%&quot;,&quot;size&quot;:&quot;&quot;,&quot;sizes&quot;:{&quot;start&quot;:74,&quot;end&quot;:90}},&quot;_animation&quot;:&quot;fadeInUp&quot;,&quot;motion_fx_opacity_level&quot;:{&quot;unit&quot;:&quot;px&quot;,&quot;size&quot;:10,&quot;sizes&quot;:[]},&quot;motion_fx_devices&quot;:[&quot;desktop&quot;,&quot;tablet&quot;,&quot;mobile&quot;]}\" data-widget_type=\"heading.default\">\n<div class=\"elementor-widget-container elementor-motion-effects-element\">\n<h1 class=\"elementor-heading-title elementor-size-xl\">Parteneriate regionale pentru clim\u0103<\/h1>\n<\/div>\n<\/div>\n<\/div>\n<\/div>\n<\/div>\n<\/div>\n<\/div>\n<\/section>\n<section class=\"elementor-section elementor-top-section elementor-element elementor-element-f38ee70 elementor-section-boxed elementor-section-height-default elementor-section-height-default\" data-id=\"f38ee70\" data-element_type=\"section\" data-settings=\"{&quot;background_background&quot;:&quot;classic&quot;}\">\n<div class=\"elementor-container elementor-column-gap-default\">\n<div class=\"elementor-row\">\n<div class=\"elementor-column elementor-col-50 elementor-top-column elementor-element elementor-element-7167e9f\" data-id=\"7167e9f\" data-element_type=\"column\" data-settings=\"{&quot;background_background&quot;:&quot;classic&quot;}\">\n<div class=\"elementor-column-wrap elementor-element-populated\">\n<div class=\"elementor-widget-wrap\">\n<div class=\"elementor-element elementor-element-0cc1ca1 elementor-widget elementor-widget-text-editor\" data-id=\"0cc1ca1\" data-element_type=\"widget\" data-widget_type=\"text-editor.default\">\n<div class=\"elementor-widget-container\">\n<div class=\"elementor-text-editor elementor-clearfix\">\u00a0<\/div>\n<\/div>\n<\/div>\n<\/div>\n<\/div>\n<\/div>\n<\/div>\n<\/div>\n<\/section>\n<p>[\/et_pb_text][\/et_pb_column][\/et_pb_row][\/et_pb_section][et_pb_section fb_built=&#8221;1&#8243; _builder_version=&#8221;4.16&#8243; _module_preset=&#8221;default&#8221; background_color=&#8221;#C5DB9B&#8221; min_height=&#8221;716.4px&#8221; custom_padding=&#8221;14px||17px|||&#8221; da_disable_devices=&#8221;off|off|off&#8221; global_colors_info=&#8221;{}&#8221; da_is_popup=&#8221;off&#8221; da_exit_intent=&#8221;off&#8221; da_has_close=&#8221;on&#8221; da_alt_close=&#8221;off&#8221; da_dark_close=&#8221;off&#8221; da_not_modal=&#8221;on&#8221; da_is_singular=&#8221;off&#8221; da_with_loader=&#8221;off&#8221; da_has_shadow=&#8221;on&#8221;][et_pb_row column_structure=&#8221;1_2,1_2&#8243; _builder_version=&#8221;4.16&#8243; _module_preset=&#8221;default&#8221; background_color=&#8221;#F6F1E8&#8243; min_height=&#8221;406px&#8221; custom_margin=&#8221;|auto|-1px|auto||&#8221; custom_padding=&#8221;||1px|||&#8221; global_colors_info=&#8221;{}&#8221;][et_pb_column type=&#8221;1_2&#8243; _builder_version=&#8221;4.16&#8243; _module_preset=&#8221;default&#8221; global_colors_info=&#8221;{}&#8221;][et_pb_text _builder_version=&#8221;4.27.3&#8243; _module_preset=&#8221;77a7a6a5-6cba-4e24-a8d7-1992b0adbe08&#8243; width=&#8221;100%&#8221; min_height=&#8221;361.6px&#8221; custom_margin=&#8221;-20px|-21px|0px||false|false&#8221; custom_padding=&#8221;20px|8px||20px|false|false&#8221; global_colors_info=&#8221;{}&#8221;]<\/p>\n<h2><strong>Soia sustenabil\u0103 din Europa pentru Europa<\/strong><\/h2>\n<h2>\u00a0<\/h2>\n<p>Datorit\u0103 con\u021binutului s\u0103u ridicat de proteine, turta de soia este utilizat\u0103 pe scar\u0103 larg\u0103 ca hran\u0103 pentru animale &#8211; \u0219i poate fi produs\u0103 la nivel regional! Turta de soia este o hran\u0103 optim\u0103 pentru g\u0103inile ou\u0103toare, datorit\u0103 raportului s\u0103u de gr\u0103sime \u0219i proteine. Turta de soia este, de asemenea, utilizat\u0103 ca hran\u0103 pentru bovine, scroafe de reproduc\u021bie \u0219i \u00een \u00eengr\u0103\u0219area porcilor.<\/p>\n<p>\u00cen cadrul unui parteneriat regional pentru clim\u0103, agricultorii \u00ee\u0219i produc soia la nivel local. Ei o livreaz\u0103 unei fabrici de ulei din regiune sau exploateaz\u0103 \u00eempreun\u0103 o instala\u021bie de pr\u0103jire. Produsele din soia r\u0103m\u00e2n, de asemenea, \u00een lan\u021bul valoric regional: sunt utilizate \u00een fermele proprii ale agricultorilor sau de alte ferme pentru g\u0103inile ou\u0103toare sau pentru \u00eengr\u0103\u0219area porcilor.<\/p>\n<p style=\"text-align: justify;\">[\/et_pb_text][\/et_pb_column][et_pb_column type=&#8221;1_2&#8243; _builder_version=&#8221;4.16&#8243; _module_preset=&#8221;default&#8221; global_colors_info=&#8221;{}&#8221;][et_pb_text _builder_version=&#8221;4.27.3&#8243; _module_preset=&#8221;97a49757-9877-47ea-b480-aa7742502928&#8243; custom_padding=&#8221;20px|20px||20px|false|false&#8221; global_colors_info=&#8221;{}&#8221;]<\/p>\n<p style=\"text-align: justify;\">\n<p style=\"text-align: justify;\">\n<p style=\"text-align: justify;\">\n<p>Sectorul austriac al g\u0103inilor ou\u0103toare este un prim exemplu de economie circular\u0103 regional\u0103: Numai furajele Donau Soja sunt utilizate pentru ou\u0103le v\u00e2ndute \u00een retailerii alimentari austrieci, 57% din boabele hr\u0103nite provin din c\u00e2mpurile austriece \u0219i sunt pr\u0103jite sau pr\u0103jite la nivel regional (\u00eencep\u00e2nd cu 2019).<\/p>\n<p>\u00cen special produc\u021bia de turt\u0103 de soia este un bun exemplu de utilizare holistic\u0103 a boabelor de soia, precum \u0219i a ciclului regional \u00eenchis la scar\u0103 mic\u0103. Procesul dureaz\u0103 maximum 40 de minute \u0219i este considerat eficient din punct de vedere energetic.<\/p>\n<p style=\"text-align: justify;\">[\/et_pb_text][\/et_pb_column][\/et_pb_row][et_pb_row _builder_version=&#8221;4.16&#8243; _module_preset=&#8221;default&#8221; background_color=&#8221;#F6F1E8&#8243; min_height=&#8221;502px&#8221; custom_margin=&#8221;|auto|-1px|auto||&#8221; custom_padding=&#8221;||0px|||&#8221; global_colors_info=&#8221;{}&#8221;][et_pb_column type=&#8221;4_4&#8243; _builder_version=&#8221;4.16&#8243; _module_preset=&#8221;default&#8221; global_colors_info=&#8221;{}&#8221;][et_pb_image src=&#8221;https:\/\/www.donausoja.org\/wp-content\/uploads\/2024\/02\/Regional-Climate-partnership-4_3-ratio.png&#8221; align=&#8221;center&#8221; _builder_version=&#8221;4.21.0&#8243; _module_preset=&#8221;default&#8221; width=&#8221;42.9%&#8221; max_width=&#8221;97%&#8221; module_alignment=&#8221;center&#8221; min_height=&#8221;354px&#8221; max_height=&#8221;1000px&#8221; custom_margin=&#8221;|-1px|8px|79px||&#8221; custom_padding=&#8221;|0px|0px|1px||&#8221; global_colors_info=&#8221;{}&#8221;][\/et_pb_image][et_pb_blurb _builder_version=&#8221;4.27.3&#8243; _module_preset=&#8221;default&#8221; width=&#8221;100%&#8221; min_height=&#8221;85.2px&#8221; custom_padding=&#8221;1px|50px|0px|||&#8221; global_colors_info=&#8221;{}&#8221;]<\/p>\n<p>&nbsp;<\/p>\n<p><em>Lan\u021bul valoric regional al soiei la scar\u0103 mic\u0103. Soia este produs\u0103 la nivel regional, prelucrat\u0103 la fa\u021ba locului \u0219i hr\u0103nit\u0103 ca soia pr\u0103jit\u0103 sau turt\u0103 de soia \u00een regiune.<\/em><\/p>\n<p>[\/et_pb_blurb][\/et_pb_column][\/et_pb_row][\/et_pb_section][et_pb_section fb_built=&#8221;1&#8243; _builder_version=&#8221;4.16&#8243; _module_preset=&#8221;default&#8221; background_color=&#8221;#F6F1E8&#8243; min_height=&#8221;902px&#8221; custom_padding=&#8221;30px||0px|||&#8221; da_disable_devices=&#8221;off|off|off&#8221; global_colors_info=&#8221;{}&#8221; da_is_popup=&#8221;off&#8221; da_exit_intent=&#8221;off&#8221; da_has_close=&#8221;on&#8221; da_alt_close=&#8221;off&#8221; da_dark_close=&#8221;off&#8221; da_not_modal=&#8221;on&#8221; da_is_singular=&#8221;off&#8221; da_with_loader=&#8221;off&#8221; da_has_shadow=&#8221;on&#8221;][et_pb_row column_structure=&#8221;1_2,1_2&#8243; _builder_version=&#8221;4.16&#8243; _module_preset=&#8221;default&#8221; background_color=&#8221;#ffffff&#8221; custom_margin=&#8221;|auto|-91px|auto||&#8221; global_colors_info=&#8221;{}&#8221;][et_pb_column type=&#8221;1_2&#8243; _builder_version=&#8221;4.16&#8243; _module_preset=&#8221;default&#8221; global_colors_info=&#8221;{}&#8221;][et_pb_text _builder_version=&#8221;4.27.3&#8243; _module_preset=&#8221;97a49757-9877-47ea-b480-aa7742502928&#8243; custom_padding=&#8221;20px|20px||20px|false|false&#8221; global_colors_info=&#8221;{}&#8221;]<\/p>\n<h2><strong>Exemple de bune practici<\/strong><\/h2>\n<p>&nbsp;<\/p>\n<p><strong>MH Agrarhandel (Styria, Austria)<\/strong><\/p>\n<p>Din cauza unei penurii mondiale \u00een aprovizionarea cu f\u0103in\u0103 de soia nemodificat\u0103 genetic, fondatorii MH Agrarhandel au decis s\u0103 utilizeze soia regional\u0103 pentru a-\u0219i hr\u0103ni g\u0103inile ou\u0103toare \u00eenc\u0103 din 2012.<\/p>\n<p>Boabele de soia sunt \u00eenc\u0103lzite \u00een propria lor instala\u021bie de pr\u0103jire \u0219i apoi presate. Turta de soia con\u021bine 45 % protein\u0103 brut\u0103 \u0219i aproximativ 11 % gr\u0103sime. Puii \u0219i porcii hr\u0103ni\u021bi au performan\u021be excelente cu ajutorul acestui furaj. Aproximativ dou\u0103 treimi din produsele prelucrate provin din agricultura conven\u021bional\u0103 \u0219i o treime din agricultura ecologic\u0103. Aproximativ 90% dintre clien\u021bi sunt cresc\u0103tori de g\u0103ini ou\u0103toare \u0219i aproximativ 10% sunt cresc\u0103tori de porci. Soia conven\u021bional\u0103 care urmeaz\u0103 s\u0103 fie prelucrat\u0103 provine de pe o raz\u0103 de 30 km, iar soia ecologic\u0103 de pe o raz\u0103 de 250 km.<\/p>\n<p style=\"text-align: justify;\">[\/et_pb_text][\/et_pb_column][et_pb_column type=&#8221;1_2&#8243; _builder_version=&#8221;4.16&#8243; _module_preset=&#8221;default&#8221; global_colors_info=&#8221;{}&#8221;][et_pb_image src=&#8221;https:\/\/www.donausoja.org\/wp-content\/uploads\/2024\/02\/MH-Agrarhandel-\u00a9Heinz-Ramert.png&#8221; _builder_version=&#8221;4.21.0&#8243; _module_preset=&#8221;default&#8221; width=&#8221;81.7%&#8221; custom_padding=&#8221;|||47px||&#8221; global_colors_info=&#8221;{}&#8221;][\/et_pb_image][\/et_pb_column][\/et_pb_row][et_pb_row column_structure=&#8221;1_2,1_2&#8243; _builder_version=&#8221;4.16&#8243; _module_preset=&#8221;default&#8221; background_color=&#8221;#ffffff&#8221; min_height=&#8221;267.6px&#8221; custom_margin=&#8221;-70px|auto|-5px|auto||&#8221; global_colors_info=&#8221;{}&#8221;][et_pb_column type=&#8221;1_2&#8243; _builder_version=&#8221;4.16&#8243; _module_preset=&#8221;default&#8221; global_colors_info=&#8221;{}&#8221;][et_pb_text _builder_version=&#8221;4.27.3&#8243; _module_preset=&#8221;97a49757-9877-47ea-b480-aa7742502928&#8243; custom_padding=&#8221;19px|20px||20px|false|false&#8221; global_colors_info=&#8221;{}&#8221;]<\/p>\n<p><strong>Gro\u00dfschedl Ltd. (Styria, Austria)<\/strong><\/p>\n<p>Familia Gro\u00dfschedl prelucreaz\u0103 boabe de soia Donau Soja de la aproximativ 80 de fermieri din regiune. Boabele prelucrate sunt certificate exclusiv Donau Soja. Boabele sunt cur\u0103\u021bate, decojite, zdrobite, extrudate \u0219i presate. Produsele ob\u021binute sunt ulei de soia \u0219i turte de soia, turtele de soia con\u021bin\u00e2nd p\u00e2n\u0103 la 48% proteine brute \u0219i 7-10% gr\u0103simi. Produsele prelucrate sunt utilizate pentru produc\u021bia de g\u0103ini ou\u0103toare, de puicu\u021be \u0219i pentru \u00eengr\u0103\u0219area porcilor.<\/p>\n<p>&nbsp;<\/p>\n<p>[\/et_pb_text][\/et_pb_column][et_pb_column type=&#8221;1_2&#8243; _builder_version=&#8221;4.16&#8243; _module_preset=&#8221;default&#8221; global_colors_info=&#8221;{}&#8221;][et_pb_image src=&#8221;https:\/\/www.donausoja.org\/wp-content\/uploads\/2024\/02\/Grosschedl_Mischfutterwerk.jpg&#8221; _builder_version=&#8221;4.21.0&#8243; _module_preset=&#8221;default&#8221; width=&#8221;81.7%&#8221; custom_padding=&#8221;|||47px||&#8221; global_colors_info=&#8221;{}&#8221;][\/et_pb_image][\/et_pb_column][\/et_pb_row][\/et_pb_section][et_pb_section fb_built=&#8221;1&#8243; _builder_version=&#8221;4.16&#8243; _module_preset=&#8221;default&#8221; background_color=&#8221;#C5DB9B&#8221; min_height=&#8221;347.6px&#8221; custom_padding=&#8221;24px||0px|||&#8221; da_disable_devices=&#8221;off|off|off&#8221; global_colors_info=&#8221;{}&#8221; da_is_popup=&#8221;off&#8221; da_exit_intent=&#8221;off&#8221; da_has_close=&#8221;on&#8221; da_alt_close=&#8221;off&#8221; da_dark_close=&#8221;off&#8221; da_not_modal=&#8221;on&#8221; da_is_singular=&#8221;off&#8221; da_with_loader=&#8221;off&#8221; da_has_shadow=&#8221;on&#8221;][et_pb_row _builder_version=&#8221;4.16&#8243; _module_preset=&#8221;default&#8221; background_color=&#8221;#F6F1E8&#8243; custom_margin=&#8221;|auto|-23px|auto||&#8221; custom_padding=&#8221;||0px|||&#8221; global_colors_info=&#8221;{}&#8221;][et_pb_column type=&#8221;4_4&#8243; _builder_version=&#8221;4.16&#8243; _module_preset=&#8221;default&#8221; global_colors_info=&#8221;{}&#8221;][et_pb_text _builder_version=&#8221;4.27.3&#8243; _module_preset=&#8221;77a7a6a5-6cba-4e24-a8d7-1992b0adbe08&#8243; custom_padding=&#8221;20px|||20px|false|false&#8221; global_colors_info=&#8221;{}&#8221;]<\/p>\n<p><strong>Spre parteneriate climatice regionale cu Donau Soja<\/strong><\/p>\n<p>Partenerii regionali pentru clim\u0103 au pornit \u00eempreun\u0103 la construirea unei noi proximit\u0103\u021bi: cultivare regional\u0103, mori locale \u0219i instala\u021bii de pr\u0103jire la ferm\u0103. Certificate, nemodificate genetic, cu o etichet\u0103 de calitate. Astfel \u00eenc\u00e2t s\u0103 ne putem baza cu certitudine pe calitate. Bun pentru noi \u00een Europa. \u0218i, de asemenea, bun pentru Amazon.<\/p>\n<p>[\/et_pb_text][et_pb_button button_url=&#8221;https:\/\/www.donausoja.org\/wp-content\/uploads\/2024\/02\/DS_Factsheet_Regional-Climate-Partnerships_EN.pdf&#8221; url_new_window=&#8221;on&#8221; button_text=&#8221;Desc\u0103rca\u021bi&#8221; _builder_version=&#8221;4.27.3&#8243; _module_preset=&#8221;default&#8221; custom_button=&#8221;on&#8221; button_icon=&#8221;&#x39;||divi||400&#8243; button_on_hover=&#8221;off&#8221; custom_margin=&#8221;20px||39px|21px|false|false&#8221; global_colors_info=&#8221;{}&#8221;][\/et_pb_button][\/et_pb_column][\/et_pb_row][\/et_pb_section]<\/p>\n","protected":false},"excerpt":{"rendered":"<p>Parteneriate regionale pentru clim\u0103 \u00a0 Soia sustenabil\u0103 din Europa pentru Europa \u00a0 Datorit\u0103 con\u021binutului s\u0103u ridicat de proteine, turta de soia este utilizat\u0103 pe scar\u0103 larg\u0103 ca hran\u0103 pentru animale &#8211; \u0219i poate fi produs\u0103 la nivel regional! Turta de soia este o hran\u0103 optim\u0103 pentru g\u0103inile ou\u0103toare, datorit\u0103 raportului s\u0103u de gr\u0103sime \u0219i proteine. [&hellip;]<\/p>\n","protected":false},"author":19,"featured_media":0,"parent":0,"menu_order":0,"comment_status":"closed","ping_status":"closed","template":"","meta":{"_et_pb_use_builder":"on","_et_pb_old_content":"","_et_gb_content_width":"","footnotes":""},"class_list":["post-53463","page","type-page","status-publish","hentry"],"yoast_head":"<!-- This site is optimized with the Yoast SEO plugin v27.4 - https:\/\/yoast.com\/product\/yoast-seo-wordpress\/ -->\n<title>Parteneriate regionale pentru clim\u0103 - Donau Soja<\/title>\n<meta name=\"description\" content=\"Datorit\u0103 con\u021binutului s\u0103u ridicat de proteine, turta de soia este utilizat\u0103 pe scar\u0103 larg\u0103 ca hran\u0103 pentru animale - \u0219i poate fi produs\u0103 la nivel regional! Turta de soia este o hran\u0103 optim\u0103 pentru g\u0103inile ou\u0103toare datorit\u0103 raportului s\u0103u de gr\u0103simi \u0219i proteine. Turta de soia este, de asemenea, utilizat\u0103 ca hran\u0103 pentru bovine, scroafe de reproduc\u021bie \u0219i \u00een \u00eengr\u0103\u0219area porcilor.\" \/>\n<meta name=\"robots\" content=\"index, follow, max-snippet:-1, max-image-preview:large, max-video-preview:-1\" \/>\n<link rel=\"canonical\" href=\"https:\/\/www.donausoja.org\/ro\/parteneriate-regionale-pentru-clima\/\" \/>\n<meta property=\"og:locale\" content=\"ro_RO\" \/>\n<meta property=\"og:type\" content=\"article\" \/>\n<meta property=\"og:title\" content=\"Parteneriate regionale pentru clim\u0103 - Donau Soja\" \/>\n<meta property=\"og:description\" content=\"Datorit\u0103 con\u021binutului s\u0103u ridicat de proteine, turta de soia este utilizat\u0103 pe scar\u0103 larg\u0103 ca hran\u0103 pentru animale - \u0219i poate fi produs\u0103 la nivel regional! Turta de soia este o hran\u0103 optim\u0103 pentru g\u0103inile ou\u0103toare datorit\u0103 raportului s\u0103u de gr\u0103simi \u0219i proteine. Turta de soia este, de asemenea, utilizat\u0103 ca hran\u0103 pentru bovine, scroafe de reproduc\u021bie \u0219i \u00een \u00eengr\u0103\u0219area porcilor.\" \/>\n<meta property=\"og:url\" content=\"https:\/\/www.donausoja.org\/ro\/parteneriate-regionale-pentru-clima\/\" \/>\n<meta property=\"og:site_name\" content=\"Donau Soja\" \/>\n<meta property=\"article:modified_time\" content=\"2025-02-04T18:23:42+00:00\" \/>\n<meta name=\"twitter:card\" content=\"summary_large_image\" \/>\n<meta name=\"twitter:label1\" content=\"Timp estimat pentru citire\" \/>\n\t<meta name=\"twitter:data1\" content=\"3 minute\" \/>\n<script type=\"application\/ld+json\" class=\"yoast-schema-graph\">{\"@context\":\"https:\\\/\\\/schema.org\",\"@graph\":[{\"@type\":\"WebPage\",\"@id\":\"https:\\\/\\\/www.donausoja.org\\\/ro\\\/parteneriate-regionale-pentru-clima\\\/\",\"url\":\"https:\\\/\\\/www.donausoja.org\\\/ro\\\/parteneriate-regionale-pentru-clima\\\/\",\"name\":\"Parteneriate regionale pentru clim\u0103 - Donau Soja\",\"isPartOf\":{\"@id\":\"https:\\\/\\\/www.donausoja.org\\\/ro\\\/#website\"},\"datePublished\":\"2024-02-13T09:12:47+00:00\",\"dateModified\":\"2025-02-04T18:23:42+00:00\",\"description\":\"Datorit\u0103 con\u021binutului s\u0103u ridicat de proteine, turta de soia este utilizat\u0103 pe scar\u0103 larg\u0103 ca hran\u0103 pentru animale - \u0219i poate fi produs\u0103 la nivel regional! Turta de soia este o hran\u0103 optim\u0103 pentru g\u0103inile ou\u0103toare datorit\u0103 raportului s\u0103u de gr\u0103simi \u0219i proteine. Turta de soia este, de asemenea, utilizat\u0103 ca hran\u0103 pentru bovine, scroafe de reproduc\u021bie \u0219i \u00een \u00eengr\u0103\u0219area porcilor.\",\"breadcrumb\":{\"@id\":\"https:\\\/\\\/www.donausoja.org\\\/ro\\\/parteneriate-regionale-pentru-clima\\\/#breadcrumb\"},\"inLanguage\":\"ro-RO\",\"potentialAction\":[{\"@type\":\"ReadAction\",\"target\":[\"https:\\\/\\\/www.donausoja.org\\\/ro\\\/parteneriate-regionale-pentru-clima\\\/\"]}]},{\"@type\":\"BreadcrumbList\",\"@id\":\"https:\\\/\\\/www.donausoja.org\\\/ro\\\/parteneriate-regionale-pentru-clima\\\/#breadcrumb\",\"itemListElement\":[{\"@type\":\"ListItem\",\"position\":1,\"name\":\"Home\",\"item\":\"https:\\\/\\\/www.donausoja.org\\\/ro\\\/\"},{\"@type\":\"ListItem\",\"position\":2,\"name\":\"Parteneriate regionale pentru clim\u0103\"}]},{\"@type\":\"WebSite\",\"@id\":\"https:\\\/\\\/www.donausoja.org\\\/ro\\\/#website\",\"url\":\"https:\\\/\\\/www.donausoja.org\\\/ro\\\/\",\"name\":\"Donau Soja\",\"description\":\"Together for a European Protein Supply: Regional. Sustainable. Non-GM.\",\"potentialAction\":[{\"@type\":\"SearchAction\",\"target\":{\"@type\":\"EntryPoint\",\"urlTemplate\":\"https:\\\/\\\/www.donausoja.org\\\/ro\\\/?s={search_term_string}\"},\"query-input\":{\"@type\":\"PropertyValueSpecification\",\"valueRequired\":true,\"valueName\":\"search_term_string\"}}],\"inLanguage\":\"ro-RO\"}]}<\/script>\n<!-- \/ Yoast SEO plugin. -->","yoast_head_json":{"title":"Parteneriate regionale pentru clim\u0103 - Donau Soja","description":"Datorit\u0103 con\u021binutului s\u0103u ridicat de proteine, turta de soia este utilizat\u0103 pe scar\u0103 larg\u0103 ca hran\u0103 pentru animale - \u0219i poate fi produs\u0103 la nivel regional! Turta de soia este o hran\u0103 optim\u0103 pentru g\u0103inile ou\u0103toare datorit\u0103 raportului s\u0103u de gr\u0103simi \u0219i proteine. Turta de soia este, de asemenea, utilizat\u0103 ca hran\u0103 pentru bovine, scroafe de reproduc\u021bie \u0219i \u00een \u00eengr\u0103\u0219area porcilor.","robots":{"index":"index","follow":"follow","max-snippet":"max-snippet:-1","max-image-preview":"max-image-preview:large","max-video-preview":"max-video-preview:-1"},"canonical":"https:\/\/www.donausoja.org\/ro\/parteneriate-regionale-pentru-clima\/","og_locale":"ro_RO","og_type":"article","og_title":"Parteneriate regionale pentru clim\u0103 - Donau Soja","og_description":"Datorit\u0103 con\u021binutului s\u0103u ridicat de proteine, turta de soia este utilizat\u0103 pe scar\u0103 larg\u0103 ca hran\u0103 pentru animale - \u0219i poate fi produs\u0103 la nivel regional! Turta de soia este o hran\u0103 optim\u0103 pentru g\u0103inile ou\u0103toare datorit\u0103 raportului s\u0103u de gr\u0103simi \u0219i proteine. Turta de soia este, de asemenea, utilizat\u0103 ca hran\u0103 pentru bovine, scroafe de reproduc\u021bie \u0219i \u00een \u00eengr\u0103\u0219area porcilor.","og_url":"https:\/\/www.donausoja.org\/ro\/parteneriate-regionale-pentru-clima\/","og_site_name":"Donau Soja","article_modified_time":"2025-02-04T18:23:42+00:00","twitter_card":"summary_large_image","twitter_misc":{"Timp estimat pentru citire":"3 minute"},"schema":{"@context":"https:\/\/schema.org","@graph":[{"@type":"WebPage","@id":"https:\/\/www.donausoja.org\/ro\/parteneriate-regionale-pentru-clima\/","url":"https:\/\/www.donausoja.org\/ro\/parteneriate-regionale-pentru-clima\/","name":"Parteneriate regionale pentru clim\u0103 - Donau Soja","isPartOf":{"@id":"https:\/\/www.donausoja.org\/ro\/#website"},"datePublished":"2024-02-13T09:12:47+00:00","dateModified":"2025-02-04T18:23:42+00:00","description":"Datorit\u0103 con\u021binutului s\u0103u ridicat de proteine, turta de soia este utilizat\u0103 pe scar\u0103 larg\u0103 ca hran\u0103 pentru animale - \u0219i poate fi produs\u0103 la nivel regional! Turta de soia este o hran\u0103 optim\u0103 pentru g\u0103inile ou\u0103toare datorit\u0103 raportului s\u0103u de gr\u0103simi \u0219i proteine. Turta de soia este, de asemenea, utilizat\u0103 ca hran\u0103 pentru bovine, scroafe de reproduc\u021bie \u0219i \u00een \u00eengr\u0103\u0219area porcilor.","breadcrumb":{"@id":"https:\/\/www.donausoja.org\/ro\/parteneriate-regionale-pentru-clima\/#breadcrumb"},"inLanguage":"ro-RO","potentialAction":[{"@type":"ReadAction","target":["https:\/\/www.donausoja.org\/ro\/parteneriate-regionale-pentru-clima\/"]}]},{"@type":"BreadcrumbList","@id":"https:\/\/www.donausoja.org\/ro\/parteneriate-regionale-pentru-clima\/#breadcrumb","itemListElement":[{"@type":"ListItem","position":1,"name":"Home","item":"https:\/\/www.donausoja.org\/ro\/"},{"@type":"ListItem","position":2,"name":"Parteneriate regionale pentru clim\u0103"}]},{"@type":"WebSite","@id":"https:\/\/www.donausoja.org\/ro\/#website","url":"https:\/\/www.donausoja.org\/ro\/","name":"Donau Soja","description":"Together for a European Protein Supply: Regional. Sustainable. Non-GM.","potentialAction":[{"@type":"SearchAction","target":{"@type":"EntryPoint","urlTemplate":"https:\/\/www.donausoja.org\/ro\/?s={search_term_string}"},"query-input":{"@type":"PropertyValueSpecification","valueRequired":true,"valueName":"search_term_string"}}],"inLanguage":"ro-RO"}]}},"_links":{"self":[{"href":"https:\/\/www.donausoja.org\/ro\/wp-json\/wp\/v2\/pages\/53463","targetHints":{"allow":["GET"]}}],"collection":[{"href":"https:\/\/www.donausoja.org\/ro\/wp-json\/wp\/v2\/pages"}],"about":[{"href":"https:\/\/www.donausoja.org\/ro\/wp-json\/wp\/v2\/types\/page"}],"author":[{"embeddable":true,"href":"https:\/\/www.donausoja.org\/ro\/wp-json\/wp\/v2\/users\/19"}],"replies":[{"embeddable":true,"href":"https:\/\/www.donausoja.org\/ro\/wp-json\/wp\/v2\/comments?post=53463"}],"version-history":[{"count":4,"href":"https:\/\/www.donausoja.org\/ro\/wp-json\/wp\/v2\/pages\/53463\/revisions"}],"predecessor-version":[{"id":54497,"href":"https:\/\/www.donausoja.org\/ro\/wp-json\/wp\/v2\/pages\/53463\/revisions\/54497"}],"wp:attachment":[{"href":"https:\/\/www.donausoja.org\/ro\/wp-json\/wp\/v2\/media?parent=53463"}],"curies":[{"name":"wp","href":"https:\/\/api.w.org\/{rel}","templated":true}]}}