
{"id":53458,"date":"2024-02-13T07:49:08","date_gmt":"2024-02-13T07:49:08","guid":{"rendered":"https:\/\/www.donausoja.org\/lca-tools\/"},"modified":"2025-11-13T09:42:30","modified_gmt":"2025-11-13T09:42:30","slug":"instrumente-lca","status":"publish","type":"page","link":"https:\/\/www.donausoja.org\/ro\/instrumente-lca\/","title":{"rendered":"Instrumente LCA"},"content":{"rendered":"<p>[et_pb_section fb_built=&#8221;1&#8243; _builder_version=&#8221;4.16&#8243; _module_preset=&#8221;default&#8221; background_color=&#8221;RGBA(255,255,255,0)&#8221; da_disable_devices=&#8221;off|off|off&#8221; locked=&#8221;off&#8221; global_colors_info=&#8221;{}&#8221; da_is_popup=&#8221;off&#8221; da_exit_intent=&#8221;off&#8221; da_has_close=&#8221;on&#8221; da_alt_close=&#8221;off&#8221; da_dark_close=&#8221;off&#8221; da_not_modal=&#8221;on&#8221; da_is_singular=&#8221;off&#8221; da_with_loader=&#8221;off&#8221; da_has_shadow=&#8221;on&#8221;][et_pb_row _builder_version=&#8221;4.16&#8243; _module_preset=&#8221;default&#8221; custom_padding=&#8221;130px|||||&#8221; global_colors_info=&#8221;{}&#8221;][et_pb_column type=&#8221;4_4&#8243; _builder_version=&#8221;4.16&#8243; _module_preset=&#8221;default&#8221; global_colors_info=&#8221;{}&#8221;][et_pb_text _builder_version=&#8221;4.27.3&#8243; _module_preset=&#8221;77a7a6a5-6cba-4e24-a8d7-1992b0adbe08&#8243; header_font=&#8221;Ubuntu|700|||||||&#8221; global_colors_info=&#8221;{}&#8221;]<\/p>\n<h1>Evaluarea ciclului de via\u021b\u0103 (LCA) &#8211; Baze de date \u0219i instrumente\u200b<\/h1>\n<p>[\/et_pb_text][\/et_pb_column][\/et_pb_row][\/et_pb_section][et_pb_section fb_built=&#8221;1&#8243; _builder_version=&#8221;4.21.0&#8243; _module_preset=&#8221;default&#8221; custom_margin=&#8221;||-69px|||&#8221; custom_padding=&#8221;0px|||||&#8221; da_disable_devices=&#8221;off|off|off&#8221; global_colors_info=&#8221;{}&#8221; da_is_popup=&#8221;off&#8221; da_exit_intent=&#8221;off&#8221; da_has_close=&#8221;on&#8221; da_alt_close=&#8221;off&#8221; da_dark_close=&#8221;off&#8221; da_not_modal=&#8221;on&#8221; da_is_singular=&#8221;off&#8221; da_with_loader=&#8221;off&#8221; da_has_shadow=&#8221;on&#8221;][et_pb_row _builder_version=&#8221;4.21.0&#8243; _module_preset=&#8221;default&#8221; global_colors_info=&#8221;{}&#8221;][et_pb_column type=&#8221;4_4&#8243; _builder_version=&#8221;4.21.0&#8243; _module_preset=&#8221;default&#8221; global_colors_info=&#8221;{}&#8221;][et_pb_text _builder_version=&#8221;4.27.3&#8243; _module_preset=&#8221;77a7a6a5-6cba-4e24-a8d7-1992b0adbe08&#8243; global_colors_info=&#8221;{}&#8221;]<\/p>\n<p>Instrumentele de evaluare a ciclului de via\u021b\u0103 sau Life Cycle Assessment (LCA), sunt utilizate pentru a evalua impactul asupra mediului al unui produs, proces sau serviciu de-a lungul \u00eentregului s\u0103u ciclu de via\u021b\u0103. Donau Soja public\u0103 seturi de date LCA privind impactul asupra mediului al boabelor de soia certificate Donau Soja \/ Europe Soya \u00een baze de date LCA \u0219i instrumente de calcul, de asemenea \u00een formatul SBTi FLAG, foarte relevant \u00een prezent. Datele includ valori privind amprenta de carbon, precum \u0219i date privind categorii suplimentare de impact asupra mediului, cum ar fi utilizarea terenurilor \u0219i a apei.<\/p>\n<p>Datele pot fi utilizate pentru LCA pentru a calcula impactul asupra mediului prin utilizarea boabelor de soia certificate Donau Soja \/ Europe Soya \u00een compara\u021bie cu boabele de soia conven\u021bionale \u0219i pentru a ar\u0103ta astfel, de exemplu, o reducere a amprentei de carbon a produsului (PCF) sau a amprentei de carbon a \u00eentreprinderii (CCF) pentru SBTi \u0219i CSRD.<\/p>\n<p>[\/et_pb_text][\/et_pb_column][\/et_pb_row][\/et_pb_section][et_pb_section fb_built=&#8221;1&#8243; _builder_version=&#8221;4.16&#8243; _module_preset=&#8221;default&#8221; background_color=&#8221;#F6F1E8&#8243; custom_padding=&#8221;27px||3px|||&#8221; da_disable_devices=&#8221;off|off|off&#8221; global_colors_info=&#8221;{}&#8221; da_is_popup=&#8221;off&#8221; da_exit_intent=&#8221;off&#8221; da_has_close=&#8221;on&#8221; da_alt_close=&#8221;off&#8221; da_dark_close=&#8221;off&#8221; da_not_modal=&#8221;on&#8221; da_is_singular=&#8221;off&#8221; da_with_loader=&#8221;off&#8221; da_has_shadow=&#8221;on&#8221;][et_pb_row column_structure=&#8221;2_3,1_3&#8243; admin_label=&#8221;Row: LT pj&#8221; _builder_version=&#8221;4.21.0&#8243; _module_preset=&#8221;default&#8221; background_color=&#8221;#ffffff&#8221; custom_padding=&#8221;20px|20px|20px|20px|false|false&#8221; box_shadow_style=&#8221;preset1&#8243; locked=&#8221;off&#8221; global_colors_info=&#8221;{}&#8221;][et_pb_column type=&#8221;2_3&#8243; _builder_version=&#8221;4.16&#8243; _module_preset=&#8221;default&#8221; global_colors_info=&#8221;{}&#8221;][et_pb_text _builder_version=&#8221;4.27.3&#8243; _module_preset=&#8221;77a7a6a5-6cba-4e24-a8d7-1992b0adbe08&#8243; custom_padding=&#8221;|1px||||&#8221; global_colors_info=&#8221;{}&#8221;]<\/p>\n<h2 style=\"text-align: justify;\">BAZE DE DATE (AGRI-FOOTPRINT, GFLI)<\/h2>\n<blockquote>\n<p>Actualizare 2025: Este disponibil un nou set de date LCA Donau Soja pentru soia, care poate fi utilizat pentru toate \u021b\u0103rile cultivatoare. Acest lucru faciliteaz\u0103 realizarea LCA-urilor, deoarece se poate utiliza o singur\u0103 valoare pentru toate cantit\u0103\u021bile Donau Soja \/ Europe Soya.<\/p>\n<\/blockquote>\n<p>Datele privind impactul asupra mediului al boabelor de soia certificate Donau Soja \/ Europe Soya sunt disponibile public \u0219i gratuit sub forma unui a\u0219a-numit \u201eset de date de marc\u0103\u201d prin intermediul bazei de date Agri-footprint a Blonk Consultant \u0219i al bazei de date GFLI. Seturile de date ofer\u0103 informa\u021bii privind performan\u021ba de mediu a boabelor de soia Donau Soja \/ Europe Soya la nivel de \u021bar\u0103 \u0219i sunt, de asemenea, disponibile \u00een format compatibil SBTi-FLAG.<\/p>\n<p>Companiile care sunt interesate s\u0103 efectueze evalu\u0103ri ale ciclului de via\u021b\u0103 (LCA) sau s\u0103 \u00ee\u0219i evalueze amprenta de carbon corporativ\u0103 pot utiliza seturile de date Donau Soja \/ Europe Soya pentru boabele de soia certificate.<\/p>\n<p>G\u0103si\u021bi mai jos seturile noastre de date de marc\u0103 pentru calcularea amprentei de carbon:<\/p>\n<p>[\/et_pb_text][et_pb_button button_url=&#8221;https:\/\/www.donausoja.org\/wp-content\/uploads\/2025\/02\/LCIA-GFLI-country-averages-cultivation-Donau-Soja.xlsx&#8221; url_new_window=&#8221;on&#8221; button_text=&#8221;Actualizarea LCA 2025 pentru toate \u021b\u0103rile cultivatoare&#8221; _builder_version=&#8221;4.27.3&#8243; _module_preset=&#8221;default&#8221; custom_button=&#8221;on&#8221; button_icon=&#8221;&#x39;||divi||400&#8243; button_on_hover=&#8221;off&#8221; custom_margin=&#8221;20px||||false|false&#8221; global_colors_info=&#8221;{}&#8221;][\/et_pb_button][\/et_pb_column][et_pb_column type=&#8221;1_3&#8243; _builder_version=&#8221;4.16&#8243; _module_preset=&#8221;default&#8221; global_colors_info=&#8221;{}&#8221;][et_pb_image src=&#8221;https:\/\/www.donausoja.org\/wp-content\/uploads\/2024\/02\/Agri-footprint-database-logo.jpg&#8221; title_text=&#8221;legumes-translated-logo&#8221; _builder_version=&#8221;4.21.0&#8243; _module_preset=&#8221;default&#8221; custom_margin=&#8221;||||false|false&#8221; custom_padding=&#8221;||||false|false&#8221; global_colors_info=&#8221;{}&#8221;][\/et_pb_image][et_pb_image src=&#8221;https:\/\/www.donausoja.org\/wp-content\/uploads\/2024\/02\/6456_GFLI_Logo_RGB.jpg&#8221; title_text=&#8221;legumes-translated-logo&#8221; align=&#8221;center&#8221; _builder_version=&#8221;4.21.0&#8243; _module_preset=&#8221;default&#8221; width=&#8221;48.7%&#8221; custom_margin=&#8221;||||false|false&#8221; custom_padding=&#8221;||||false|false&#8221; global_colors_info=&#8221;{}&#8221;][\/et_pb_image][et_pb_button button_url=&#8221;https:\/\/blonksustainability.nl\/tools\/more-databases\/branded-datasets&#8221; url_new_window=&#8221;on&#8221; button_text=&#8221;Agri-footprint&#8221; button_alignment=&#8221;right&#8221; _builder_version=&#8221;4.27.3&#8243; _module_preset=&#8221;default&#8221; custom_button=&#8221;on&#8221; button_icon=&#8221;&#x39;||divi||400&#8243; button_on_hover=&#8221;off&#8221; custom_margin=&#8221;20px||||false|false&#8221; global_colors_info=&#8221;{}&#8221;][\/et_pb_button][et_pb_button button_url=&#8221;https:\/\/www.donausoja.org\/wp-content\/uploads\/2025\/11\/Donau-Soja-GFLI-LCIA-results.xlsx&#8221; url_new_window=&#8221;on&#8221; button_text=&#8221;GFLI&#8221; button_alignment=&#8221;right&#8221; _builder_version=&#8221;4.27.4&#8243; _module_preset=&#8221;default&#8221; custom_button=&#8221;on&#8221; button_icon=&#8221;&#x39;||divi||400&#8243; button_on_hover=&#8221;off&#8221; custom_margin=&#8221;20px||||false|false&#8221; hover_enabled=&#8221;0&#8243; global_colors_info=&#8221;{}&#8221; sticky_enabled=&#8221;0&#8243;][\/et_pb_button][\/et_pb_column][\/et_pb_row][et_pb_row column_structure=&#8221;2_3,1_3&#8243; admin_label=&#8221;Row: IOF pj&#8221; module_id=&#8221;Sustell&#8221; _builder_version=&#8221;4.21.0&#8243; _module_preset=&#8221;default&#8221; background_color=&#8221;#ffffff&#8221; custom_margin=&#8221;40px||||false|false&#8221; custom_padding=&#8221;20px|20px|20px|20px|false|false&#8221; box_shadow_style=&#8221;preset1&#8243; global_colors_info=&#8221;{}&#8221;][et_pb_column type=&#8221;2_3&#8243; _builder_version=&#8221;4.16&#8243; _module_preset=&#8221;default&#8221; global_colors_info=&#8221;{}&#8221;][et_pb_text _builder_version=&#8221;4.27.3&#8243; _module_preset=&#8221;77a7a6a5-6cba-4e24-a8d7-1992b0adbe08&#8243; global_colors_info=&#8221;{}&#8221;]<\/p>\n<h2><span class=\"ui-provider a b c d e f g h i j k l m n o p q r s t u v w x y z ab ac ae af ag ah ai aj ak\" dir=\"ltr\">Sustell\u2122<\/span><\/h2>\n<p>Sustell\u2122 este o solu\u021bie de evaluare a ciclului de via\u021b\u0103 de la dsm-firmenich, care ajut\u0103 la \u00een\u021belegerea \u0219i \u00eembun\u0103t\u0103\u021birea amprentei de mediu a furajelor \u0219i a fermelor.<\/p>\n<p>Sustell\u2122 Intelligence Platform este o platform\u0103 web u\u0219or de utilizat pentru introducerea datelor, m\u0103surarea \u0219i vizualizarea rezultatelor complete ale amprentei de mediu:<\/p>\n<p>[\/et_pb_text][et_pb_blurb url_new_window=&#8221;on&#8221; use_icon=&#8221;on&#8221; font_icon=&#8221;&#xf0c8;||fa||900&#8243; admin_label=&#8221;Text &#8221; _builder_version=&#8221;4.27.3&#8243; _module_preset=&#8221;4c58f022-51f8-4ef3-8366-9633994b6fdb&#8221; header_font=&#8221;|700|||||||&#8221; background_color=&#8221;RGBA(255,255,255,0)&#8221; custom_margin=&#8221;20px||6px||false|false&#8221; custom_padding=&#8221;||0px|||&#8221; link_option_url_new_window=&#8221;on&#8221; global_colors_info=&#8221;{}&#8221;]<\/p>\n<p>Pe baza unei evalu\u0103ri complete a ciclului de via\u021b\u0103 (LCA)<\/p>\n<p>[\/et_pb_blurb][et_pb_blurb url_new_window=&#8221;on&#8221; use_icon=&#8221;on&#8221; font_icon=&#8221;&#xf0c8;||fa||900&#8243; admin_label=&#8221;Text &#8221; _builder_version=&#8221;4.27.3&#8243; _module_preset=&#8221;4c58f022-51f8-4ef3-8366-9633994b6fdb&#8221; header_font=&#8221;|700|||||||&#8221; background_color=&#8221;RGBA(255,255,255,0)&#8221; custom_margin=&#8221;10px||||false|false&#8221; custom_padding=&#8221;||0px|||&#8221; link_option_url_new_window=&#8221;on&#8221; global_colors_info=&#8221;{}&#8221;]<\/p>\n<p>Calculul precis permite \u00eembun\u0103t\u0103\u021biri tangibile \u0219i m\u0103surabile ale amprentei ecologice a furajelor \u0219i a fermelor<\/p>\n<p>[\/et_pb_blurb][et_pb_blurb url_new_window=&#8221;on&#8221; use_icon=&#8221;on&#8221; font_icon=&#8221;&#xf0c8;||fa||900&#8243; admin_label=&#8221;Text &#8221; _builder_version=&#8221;4.27.3&#8243; _module_preset=&#8221;4c58f022-51f8-4ef3-8366-9633994b6fdb&#8221; header_font=&#8221;|700|||||||&#8221; background_color=&#8221;RGBA(255,255,255,0)&#8221; custom_margin=&#8221;-26px||||false|false&#8221; custom_padding=&#8221;||0px|||&#8221; link_option_url_new_window=&#8221;on&#8221; global_colors_info=&#8221;{}&#8221;]<\/p>\n<p>Actualizate \u0219i \u00eembun\u0103t\u0103\u021bite \u00een mod constant pentru a r\u0103spunde nevoilor utilizatorilor \u0219i evolu\u021biei \u0219tiin\u021bei, metodologiilor \u0219i peisajului de reglementare \u00een schimbare \u0219i nevoilor \u00een schimbare ale produc\u0103torilor de proteine animale \u0219i ale industriei<\/p>\n<p>[\/et_pb_blurb][et_pb_text _builder_version=&#8221;4.27.3&#8243; _module_preset=&#8221;77a7a6a5-6cba-4e24-a8d7-1992b0adbe08&#8243; min_height=&#8221;108px&#8221; custom_margin=&#8221;-17px||20px||false|false&#8221; custom_padding=&#8221;0px|||||&#8221; global_colors_info=&#8221;{}&#8221;]<\/p>\n<p>Sustell\u2122 v\u0103 permite s\u0103 calcula\u021bi emisiile legate de ferm\u0103 \u0219i furaje \u0219i arat\u0103 efectul schimb\u0103rii dietelor sau a ingredientelor furajere specifice dintr-o varietate de \u021b\u0103ri de origine.<\/p>\n<p><strong>Beneficii pentru partenerii \u0219i membrii Donau Soja<\/strong><br \/>Seturile de date Donau Soja \/ Europe Soya LCA sunt integrate \u00een cadrul instrumentului \u0219i gata de utilizare pentru calculele dvs.<\/p>\n<p><strong>Ofert\u0103 exclusiv\u0103<\/strong><br \/>Membrii Donau Soja beneficiaz\u0103 de o reducere la o licen\u021b\u0103 de utilizare pentru Sustell\u2122 pentru primul an.*<\/p>\n<p>[\/et_pb_text][et_pb_text _builder_version=&#8221;4.27.3&#8243; _module_preset=&#8221;77a7a6a5-6cba-4e24-a8d7-1992b0adbe08&#8243; text_text_color=&#8221;#ADADAD&#8221; text_font_size=&#8221;11px&#8221; min_height=&#8221;29px&#8221; custom_padding=&#8221;0px||0px|||&#8221; global_colors_info=&#8221;{}&#8221;]<\/p>\n<p>*se aplic\u0103 termenii<\/p>\n<p>[\/et_pb_text][et_pb_text _builder_version=&#8221;4.27.3&#8243; _module_preset=&#8221;77a7a6a5-6cba-4e24-a8d7-1992b0adbe08&#8243; min_height=&#8221;108px&#8221; custom_padding=&#8221;0px|||||&#8221; global_colors_info=&#8221;{}&#8221;]<\/p>\n<p style=\"margin-bottom: 8px;\">Informa\u021bii suplimentare privind termenii preferen\u021biali pentru membrii Donau Soja sunt disponibile la cerere.<\/p>\n<p style=\"margin-bottom: 8px;\"><strong>Contact<br \/><\/strong>Donau Soja<br \/>Veronika Platzer:\u00a0 <a href=\"mailto:platzer@donausoja.org\">platzer@donausoja.org<\/a><\/p>\n<p>[\/et_pb_text][et_pb_button button_url=&#8221;https:\/\/www.donausoja.org\/wp-content\/uploads\/2024\/02\/dsm_firmenich-tool.pdf&#8221; url_new_window=&#8221;on&#8221; button_text=&#8221;Desc\u0103rca\u021bi informa\u021bii suplimentare&#8221; disabled_on=&#8221;off|off|off&#8221; _builder_version=&#8221;4.27.3&#8243; _module_preset=&#8221;default&#8221; custom_button=&#8221;on&#8221; button_icon=&#8221;&#x39;||divi||400&#8243; button_on_hover=&#8221;off&#8221; custom_margin=&#8221;20px||||false|false&#8221; global_colors_info=&#8221;{}&#8221;][\/et_pb_button][et_pb_button button_url=&#8221;https:\/\/www.sustell.com\/en_US\/home.html&#8221; url_new_window=&#8221;on&#8221; button_text=&#8221;Link la Sustell\u2122&#8221; _builder_version=&#8221;4.27.3&#8243; _module_preset=&#8221;default&#8221; custom_button=&#8221;on&#8221; button_icon=&#8221;&#x39;||divi||400&#8243; button_on_hover=&#8221;off&#8221; custom_margin=&#8221;20px||||false|false&#8221; global_colors_info=&#8221;{}&#8221;][\/et_pb_button][\/et_pb_column][et_pb_column type=&#8221;1_3&#8243; _builder_version=&#8221;4.16&#8243; _module_preset=&#8221;default&#8221; global_colors_info=&#8221;{}&#8221;][et_pb_image src=&#8221;https:\/\/www.donausoja.org\/wp-content\/uploads\/2024\/12\/Sustell_crop.png&#8221; title_text=&#8221;Sustell-Logo-Donau-Soja-Member&#8221; _builder_version=&#8221;4.27.3&#8243; _module_preset=&#8221;default&#8221; custom_margin=&#8221;||||false|false&#8221; custom_padding=&#8221;||||false|false&#8221; global_colors_info=&#8221;{}&#8221;][\/et_pb_image][et_pb_image src=&#8221;https:\/\/www.donausoja.org\/wp-content\/uploads\/2024\/02\/laptop-experience-sustell-logo-DNV.webp&#8221; title_text=&#8221;iof2020-1024&#215;561&#8243; _builder_version=&#8221;4.21.0&#8243; _module_preset=&#8221;default&#8221; custom_margin=&#8221;||||false|false&#8221; custom_padding=&#8221;||||false|false&#8221; global_colors_info=&#8221;{}&#8221;][\/et_pb_image][\/et_pb_column][\/et_pb_row][et_pb_row _builder_version=&#8221;4.16&#8243; _module_preset=&#8221;default&#8221; global_colors_info=&#8221;{}&#8221;][et_pb_column type=&#8221;4_4&#8243; _builder_version=&#8221;4.16&#8243; _module_preset=&#8221;default&#8221; global_colors_info=&#8221;{}&#8221;][\/et_pb_column][\/et_pb_row][\/et_pb_section]<\/p>\n","protected":false},"excerpt":{"rendered":"<p>Evaluarea ciclului de via\u021b\u0103 (LCA) &#8211; Baze de date \u0219i instrumente\u200bInstrumentele de evaluare a ciclului de via\u021b\u0103 sau Life Cycle Assessment (LCA), sunt utilizate pentru a evalua impactul asupra mediului al unui produs, proces sau serviciu de-a lungul \u00eentregului s\u0103u ciclu de via\u021b\u0103. Donau Soja public\u0103 seturi de date LCA privind impactul asupra mediului al [&hellip;]<\/p>\n","protected":false},"author":19,"featured_media":0,"parent":0,"menu_order":0,"comment_status":"closed","ping_status":"closed","template":"","meta":{"_et_pb_use_builder":"on","_et_pb_old_content":"","_et_gb_content_width":"","footnotes":""},"class_list":["post-53458","page","type-page","status-publish","hentry"],"yoast_head":"<!-- This site is optimized with the Yoast SEO plugin v27.4 - https:\/\/yoast.com\/product\/yoast-seo-wordpress\/ -->\n<title>Instrumente LCA - Donau Soja<\/title>\n<meta name=\"robots\" content=\"index, follow, max-snippet:-1, max-image-preview:large, max-video-preview:-1\" \/>\n<link rel=\"canonical\" href=\"https:\/\/www.donausoja.org\/ro\/instrumente-lca\/\" \/>\n<meta property=\"og:locale\" content=\"ro_RO\" \/>\n<meta property=\"og:type\" content=\"article\" \/>\n<meta property=\"og:title\" content=\"Instrumente LCA - Donau Soja\" \/>\n<meta property=\"og:description\" content=\"Evaluarea ciclului de via\u021b\u0103 (LCA) - Baze de date \u0219i instrumente\u200bInstrumentele de evaluare a ciclului de via\u021b\u0103 sau Life Cycle Assessment (LCA), sunt utilizate pentru a evalua impactul asupra mediului al unui produs, proces sau serviciu de-a lungul \u00eentregului s\u0103u ciclu de via\u021b\u0103. Donau Soja public\u0103 seturi de date LCA privind impactul asupra mediului al [&hellip;]\" \/>\n<meta property=\"og:url\" content=\"https:\/\/www.donausoja.org\/ro\/instrumente-lca\/\" \/>\n<meta property=\"og:site_name\" content=\"Donau Soja\" \/>\n<meta property=\"article:modified_time\" content=\"2025-11-13T09:42:30+00:00\" \/>\n<meta name=\"twitter:card\" content=\"summary_large_image\" \/>\n<meta name=\"twitter:label1\" content=\"Timp estimat pentru citire\" \/>\n\t<meta name=\"twitter:data1\" content=\"4 minute\" \/>\n<script type=\"application\/ld+json\" class=\"yoast-schema-graph\">{\"@context\":\"https:\\\/\\\/schema.org\",\"@graph\":[{\"@type\":\"WebPage\",\"@id\":\"https:\\\/\\\/www.donausoja.org\\\/ro\\\/instrumente-lca\\\/\",\"url\":\"https:\\\/\\\/www.donausoja.org\\\/ro\\\/instrumente-lca\\\/\",\"name\":\"Instrumente LCA - Donau Soja\",\"isPartOf\":{\"@id\":\"https:\\\/\\\/www.donausoja.org\\\/ro\\\/#website\"},\"datePublished\":\"2024-02-13T07:49:08+00:00\",\"dateModified\":\"2025-11-13T09:42:30+00:00\",\"breadcrumb\":{\"@id\":\"https:\\\/\\\/www.donausoja.org\\\/ro\\\/instrumente-lca\\\/#breadcrumb\"},\"inLanguage\":\"ro-RO\",\"potentialAction\":[{\"@type\":\"ReadAction\",\"target\":[\"https:\\\/\\\/www.donausoja.org\\\/ro\\\/instrumente-lca\\\/\"]}]},{\"@type\":\"BreadcrumbList\",\"@id\":\"https:\\\/\\\/www.donausoja.org\\\/ro\\\/instrumente-lca\\\/#breadcrumb\",\"itemListElement\":[{\"@type\":\"ListItem\",\"position\":1,\"name\":\"Home\",\"item\":\"https:\\\/\\\/www.donausoja.org\\\/ro\\\/\"},{\"@type\":\"ListItem\",\"position\":2,\"name\":\"Instrumente LCA\"}]},{\"@type\":\"WebSite\",\"@id\":\"https:\\\/\\\/www.donausoja.org\\\/ro\\\/#website\",\"url\":\"https:\\\/\\\/www.donausoja.org\\\/ro\\\/\",\"name\":\"Donau Soja\",\"description\":\"Together for a European Protein Supply: Regional. Sustainable. Non-GM.\",\"potentialAction\":[{\"@type\":\"SearchAction\",\"target\":{\"@type\":\"EntryPoint\",\"urlTemplate\":\"https:\\\/\\\/www.donausoja.org\\\/ro\\\/?s={search_term_string}\"},\"query-input\":{\"@type\":\"PropertyValueSpecification\",\"valueRequired\":true,\"valueName\":\"search_term_string\"}}],\"inLanguage\":\"ro-RO\"}]}<\/script>\n<!-- \/ Yoast SEO plugin. -->","yoast_head_json":{"title":"Instrumente LCA - Donau Soja","robots":{"index":"index","follow":"follow","max-snippet":"max-snippet:-1","max-image-preview":"max-image-preview:large","max-video-preview":"max-video-preview:-1"},"canonical":"https:\/\/www.donausoja.org\/ro\/instrumente-lca\/","og_locale":"ro_RO","og_type":"article","og_title":"Instrumente LCA - Donau Soja","og_description":"Evaluarea ciclului de via\u021b\u0103 (LCA) - Baze de date \u0219i instrumente\u200bInstrumentele de evaluare a ciclului de via\u021b\u0103 sau Life Cycle Assessment (LCA), sunt utilizate pentru a evalua impactul asupra mediului al unui produs, proces sau serviciu de-a lungul \u00eentregului s\u0103u ciclu de via\u021b\u0103. Donau Soja public\u0103 seturi de date LCA privind impactul asupra mediului al [&hellip;]","og_url":"https:\/\/www.donausoja.org\/ro\/instrumente-lca\/","og_site_name":"Donau Soja","article_modified_time":"2025-11-13T09:42:30+00:00","twitter_card":"summary_large_image","twitter_misc":{"Timp estimat pentru citire":"4 minute"},"schema":{"@context":"https:\/\/schema.org","@graph":[{"@type":"WebPage","@id":"https:\/\/www.donausoja.org\/ro\/instrumente-lca\/","url":"https:\/\/www.donausoja.org\/ro\/instrumente-lca\/","name":"Instrumente LCA - Donau Soja","isPartOf":{"@id":"https:\/\/www.donausoja.org\/ro\/#website"},"datePublished":"2024-02-13T07:49:08+00:00","dateModified":"2025-11-13T09:42:30+00:00","breadcrumb":{"@id":"https:\/\/www.donausoja.org\/ro\/instrumente-lca\/#breadcrumb"},"inLanguage":"ro-RO","potentialAction":[{"@type":"ReadAction","target":["https:\/\/www.donausoja.org\/ro\/instrumente-lca\/"]}]},{"@type":"BreadcrumbList","@id":"https:\/\/www.donausoja.org\/ro\/instrumente-lca\/#breadcrumb","itemListElement":[{"@type":"ListItem","position":1,"name":"Home","item":"https:\/\/www.donausoja.org\/ro\/"},{"@type":"ListItem","position":2,"name":"Instrumente LCA"}]},{"@type":"WebSite","@id":"https:\/\/www.donausoja.org\/ro\/#website","url":"https:\/\/www.donausoja.org\/ro\/","name":"Donau Soja","description":"Together for a European Protein Supply: Regional. Sustainable. Non-GM.","potentialAction":[{"@type":"SearchAction","target":{"@type":"EntryPoint","urlTemplate":"https:\/\/www.donausoja.org\/ro\/?s={search_term_string}"},"query-input":{"@type":"PropertyValueSpecification","valueRequired":true,"valueName":"search_term_string"}}],"inLanguage":"ro-RO"}]}},"_links":{"self":[{"href":"https:\/\/www.donausoja.org\/ro\/wp-json\/wp\/v2\/pages\/53458","targetHints":{"allow":["GET"]}}],"collection":[{"href":"https:\/\/www.donausoja.org\/ro\/wp-json\/wp\/v2\/pages"}],"about":[{"href":"https:\/\/www.donausoja.org\/ro\/wp-json\/wp\/v2\/types\/page"}],"author":[{"embeddable":true,"href":"https:\/\/www.donausoja.org\/ro\/wp-json\/wp\/v2\/users\/19"}],"replies":[{"embeddable":true,"href":"https:\/\/www.donausoja.org\/ro\/wp-json\/wp\/v2\/comments?post=53458"}],"version-history":[{"count":6,"href":"https:\/\/www.donausoja.org\/ro\/wp-json\/wp\/v2\/pages\/53458\/revisions"}],"predecessor-version":[{"id":63512,"href":"https:\/\/www.donausoja.org\/ro\/wp-json\/wp\/v2\/pages\/53458\/revisions\/63512"}],"wp:attachment":[{"href":"https:\/\/www.donausoja.org\/ro\/wp-json\/wp\/v2\/media?parent=53458"}],"curies":[{"name":"wp","href":"https:\/\/api.w.org\/{rel}","templated":true}]}}