
{"id":53434,"date":"2024-02-01T12:22:51","date_gmt":"2024-02-01T12:22:51","guid":{"rendered":"https:\/\/www.donausoja.org\/carbon-footprint-more\/"},"modified":"2025-02-04T18:20:36","modified_gmt":"2025-02-04T18:20:36","slug":"amprenta-de-carbon-si-altele","status":"publish","type":"page","link":"https:\/\/www.donausoja.org\/ro\/amprenta-de-carbon-si-altele\/","title":{"rendered":"Amprenta de carbon \u0219i altele"},"content":{"rendered":"<p>[et_pb_section fb_built=&#8221;1&#8243; _builder_version=&#8221;4.16&#8243; _module_preset=&#8221;default&#8221; background_color=&#8221;RGBA(255,255,255,0)&#8221; da_disable_devices=&#8221;off|off|off&#8221; locked=&#8221;off&#8221; global_colors_info=&#8221;{}&#8221; da_is_popup=&#8221;off&#8221; da_exit_intent=&#8221;off&#8221; da_has_close=&#8221;on&#8221; da_alt_close=&#8221;off&#8221; da_dark_close=&#8221;off&#8221; da_not_modal=&#8221;on&#8221; da_is_singular=&#8221;off&#8221; da_with_loader=&#8221;off&#8221; da_has_shadow=&#8221;on&#8221;][et_pb_row _builder_version=&#8221;4.16&#8243; _module_preset=&#8221;default&#8221; custom_padding=&#8221;130px|||||&#8221; global_colors_info=&#8221;{}&#8221;][et_pb_column type=&#8221;4_4&#8243; _builder_version=&#8221;4.16&#8243; _module_preset=&#8221;default&#8221; global_colors_info=&#8221;{}&#8221;][et_pb_text _builder_version=&#8221;4.27.3&#8243; _module_preset=&#8221;77a7a6a5-6cba-4e24-a8d7-1992b0adbe08&#8243; header_font=&#8221;Ubuntu|700|||||||&#8221; global_colors_info=&#8221;{}&#8221;]<\/p>\n<h1>Amprenta de carbon \u0219i altele<\/h1>\n<p>[\/et_pb_text][\/et_pb_column][\/et_pb_row][\/et_pb_section][et_pb_section fb_built=&#8221;1&#8243; _builder_version=&#8221;4.21.0&#8243; _module_preset=&#8221;default&#8221; min_height=&#8221;762.4px&#8221; custom_padding=&#8221;0px||75px|||&#8221; da_disable_devices=&#8221;off|off|off&#8221; global_colors_info=&#8221;{}&#8221; da_is_popup=&#8221;off&#8221; da_exit_intent=&#8221;off&#8221; da_has_close=&#8221;on&#8221; da_alt_close=&#8221;off&#8221; da_dark_close=&#8221;off&#8221; da_not_modal=&#8221;on&#8221; da_is_singular=&#8221;off&#8221; da_with_loader=&#8221;off&#8221; da_has_shadow=&#8221;on&#8221;][et_pb_row _builder_version=&#8221;4.21.0&#8243; _module_preset=&#8221;default&#8221; custom_padding=&#8221;23px|||||&#8221; global_colors_info=&#8221;{}&#8221;][et_pb_column type=&#8221;4_4&#8243; _builder_version=&#8221;4.21.0&#8243; _module_preset=&#8221;default&#8221; global_colors_info=&#8221;{}&#8221;][et_pb_text admin_label=&#8221;Text &#8221; _builder_version=&#8221;4.27.3&#8243; _module_preset=&#8221;97a49757-9877-47ea-b480-aa7742502928&#8243; background_color=&#8221;RGBA(255,255,255,0)&#8221; max_width=&#8221;100%&#8221; custom_padding_phone=&#8221;|||0px|false|false&#8221; global_colors_info=&#8221;{}&#8221;]<\/p>\n<p>\u00cen c\u0103l\u0103toria noastr\u0103 c\u0103tre o aprovizionare sustenabil\u0103, sigur\u0103 \u0219i european\u0103 cu proteine, dorim s\u0103 ne sprijinim partenerii \u0219i membrii \u00een abordarea provoc\u0103rilor sociale, de mediu \u0219i economice \u00een produc\u021bia de soia de-a lungul lan\u021bului de aprovizionare. Prin urmare, oferim<\/p>\n<p>[\/et_pb_text][et_pb_blurb url_new_window=&#8221;on&#8221; use_icon=&#8221;on&#8221; font_icon=&#8221;&#xf0c8;||fa||900&#8243; admin_label=&#8221;Text &#8221; _builder_version=&#8221;4.27.3&#8243; _module_preset=&#8221;4c58f022-51f8-4ef3-8366-9633994b6fdb&#8221; header_font=&#8221;|700|||||||&#8221; background_color=&#8221;RGBA(255,255,255,0)&#8221; custom_padding=&#8221;||0px|||&#8221; link_option_url_new_window=&#8221;on&#8221; global_colors_info=&#8221;{}&#8221;]<\/p>\n<p>Informa\u021bii privind modalit\u0103\u021bile de reducere a emisiilor scope 3 \u0219i de stabilire a obiectivelor bazate pe \u0219tiin\u021b\u0103 cu Donau Soja\/Europe Soya<\/p>\n<p>[\/et_pb_blurb][et_pb_blurb url_new_window=&#8221;on&#8221; use_icon=&#8221;on&#8221; font_icon=&#8221;&#xf0c8;||fa||900&#8243; admin_label=&#8221;Text &#8221; _builder_version=&#8221;4.27.3&#8243; _module_preset=&#8221;4c58f022-51f8-4ef3-8366-9633994b6fdb&#8221; header_font=&#8221;|700|||||||&#8221; custom_margin=&#8221;-22px||||false|false&#8221; link_option_url_new_window=&#8221;on&#8221; global_colors_info=&#8221;{}&#8221;]<\/p>\n<p>Donau Soja \/ Europa Soya studii LCA specifice soiei<\/p>\n<p>[\/et_pb_blurb][et_pb_blurb url_new_window=&#8221;on&#8221; use_icon=&#8221;on&#8221; font_icon=&#8221;&#xf0c8;||fa||900&#8243; admin_label=&#8221;Text &#8221; _builder_version=&#8221;4.27.3&#8243; _module_preset=&#8221;4c58f022-51f8-4ef3-8366-9633994b6fdb&#8221; header_font=&#8221;|700|||||||&#8221; custom_margin=&#8221;-20px||||false|false&#8221; link_option_url_new_window=&#8221;on&#8221; global_colors_info=&#8221;{}&#8221;]<\/p>\n<p>Informa\u021bii privind instrumentele LCA pentru calcularea amprentei de carbon a produsului dumneavoastr\u0103 cu Donau Soja \/ Europe Soya<\/p>\n<p>[\/et_pb_blurb][et_pb_blurb url_new_window=&#8221;on&#8221; use_icon=&#8221;on&#8221; font_icon=&#8221;&#xf0c8;||fa||900&#8243; admin_label=&#8221;Text &#8221; _builder_version=&#8221;4.27.3&#8243; _module_preset=&#8221;4c58f022-51f8-4ef3-8366-9633994b6fdb&#8221; header_font=&#8221;|700|||||||&#8221; custom_margin=&#8221;-19px||||false|false&#8221; link_option_url_new_window=&#8221;on&#8221; global_colors_info=&#8221;{}&#8221;]<\/p>\n<p>Concepte inovatoare de parteneriate regionale \u00een domeniul climei<\/p>\n<p>[\/et_pb_blurb][et_pb_text admin_label=&#8221;Text &#8221; _builder_version=&#8221;4.27.3&#8243; _module_preset=&#8221;97a49757-9877-47ea-b480-aa7742502928&#8243; background_color=&#8221;RGBA(255,255,255,0)&#8221; max_width=&#8221;100%&#8221; custom_padding=&#8221;||0px|||&#8221; custom_padding_phone=&#8221;|||0px|false|false&#8221; global_colors_info=&#8221;{}&#8221;]<\/p>\n<p>Calculele noastre de CO2 v\u0103 pot ajuta cu urm\u0103toarele subiecte:<\/p>\n<p>[\/et_pb_text][et_pb_image src=&#8221;https:\/\/www.donausoja.org\/wp-content\/uploads\/2024\/03\/Grafik_Where-DS-CO2-Data-helps_EN.jpg&#8221; title_text=&#8221;SLIDER_Scope3Webinar_draft13-scaled&#8221; show_in_lightbox=&#8221;on&#8221; align=&#8221;center&#8221; src_tablet=&#8221;https:\/\/www.donausoja.org\/wp-content\/uploads\/2024\/03\/Grafik_Where-DS-CO2-Data-helps_EN.jpg&#8221; src_phone=&#8221;https:\/\/www.donausoja.org\/wp-content\/uploads\/2024\/03\/Grafik_Where-DS-CO2-Data-helps_EN.jpg&#8221; src_last_edited=&#8221;on|desktop&#8221; _builder_version=&#8221;4.21.0&#8243; _module_preset=&#8221;default&#8221; width=&#8221;68.8%&#8221; custom_margin=&#8221;||||false|false&#8221; custom_padding=&#8221;|||0px|false|false&#8221; global_colors_info=&#8221;{}&#8221;][\/et_pb_image][et_pb_text admin_label=&#8221;Text &#8221; _builder_version=&#8221;4.27.3&#8243; _module_preset=&#8221;97a49757-9877-47ea-b480-aa7742502928&#8243; background_color=&#8221;RGBA(255,255,255,0)&#8221; max_width=&#8221;100%&#8221; custom_padding=&#8221;||0px|||&#8221; custom_padding_phone=&#8221;|||0px|false|false&#8221; global_colors_info=&#8221;{}&#8221;]<\/p>\n<p>G\u0103si\u021bi mai jos mai multe informa\u021bii despre eforturile, planurile \u0219i proiectele noastre:<\/p>\n<p>[\/et_pb_text][\/et_pb_column][\/et_pb_row][\/et_pb_section][et_pb_section fb_built=&#8221;1&#8243; _builder_version=&#8221;4.16&#8243; _module_preset=&#8221;default&#8221; background_color=&#8221;#F6F1E8&#8243; custom_margin=&#8221;-79px|||||&#8221; custom_padding=&#8221;||3px|||&#8221; da_disable_devices=&#8221;off|off|off&#8221; global_colors_info=&#8221;{}&#8221; da_is_popup=&#8221;off&#8221; da_exit_intent=&#8221;off&#8221; da_has_close=&#8221;on&#8221; da_alt_close=&#8221;off&#8221; da_dark_close=&#8221;off&#8221; da_not_modal=&#8221;on&#8221; da_is_singular=&#8221;off&#8221; da_with_loader=&#8221;off&#8221; da_has_shadow=&#8221;on&#8221;][et_pb_row column_structure=&#8221;2_3,1_3&#8243; admin_label=&#8221;Row: LT pj&#8221; _builder_version=&#8221;4.16&#8243; _module_preset=&#8221;default&#8221; background_color=&#8221;#ffffff&#8221; custom_padding=&#8221;20px|20px|20px|20px|false|false&#8221; box_shadow_style=&#8221;preset1&#8243; global_colors_info=&#8221;{}&#8221;][et_pb_column type=&#8221;2_3&#8243; _builder_version=&#8221;4.16&#8243; _module_preset=&#8221;default&#8221; global_colors_info=&#8221;{}&#8221;][et_pb_text _builder_version=&#8221;4.27.3&#8243; _module_preset=&#8221;77a7a6a5-6cba-4e24-a8d7-1992b0adbe08&#8243; custom_padding=&#8221;|1px||||&#8221; global_colors_info=&#8221;{}&#8221;]<\/p>\n<h2 style=\"text-align: justify;\">Scope 3 &#8211; Amprenta corporativ\u0103 de carbon<\/h2>\n<p>Emisiile de domeniul 3 reprezint\u0103 emisiile ascunse &#8211; sau indirecte &#8211; de gaze cu efect de ser\u0103 (GES) din cadrul lan\u021bului de aprovizionare al unei \u00eentreprinderi \u0219i sunt responsabile, de departe, pentru cea mai mare parte a impactului acesteia asupra mediului. Pentru comercian\u021bii cu am\u0103nuntul, de exemplu, aceste emisii constituie partea leului din totalul emisiilor lor de GES prin miile de produse, \u00een special produse pe baz\u0103 de animale, din sortimentul lor. Prin utilizarea boabelor de soia certificate Donau Soja \/ Europe Soya, companiile care produc sau v\u00e2nd produse pe baz\u0103 de animale pot reduce semnificativ emisiile de-a lungul lan\u021bului lor de aprovizionare.<\/p>\n<p>Afla\u021bi cum poate compania dumneavoastr\u0103 s\u0103 reduc\u0103 semnificativ emisiile de-a lungul lan\u021bului s\u0103u de aprovizionare prin utilizarea boabelor de soia certificate Donau Soja \/ Europe Soya.<\/p>\n<p>[\/et_pb_text][et_pb_button button_url=&#8221;https:\/\/www.donausoja.org\/scope3\/&#8221; url_new_window=&#8221;on&#8221; button_text=&#8221;Citi\u021bi mai mult&#8221; _builder_version=&#8221;4.27.3&#8243; _module_preset=&#8221;default&#8221; custom_button=&#8221;on&#8221; button_icon=&#8221;&#x39;||divi||400&#8243; button_on_hover=&#8221;off&#8221; custom_margin=&#8221;20px||||false|false&#8221; global_colors_info=&#8221;{}&#8221;][\/et_pb_button][\/et_pb_column][et_pb_column type=&#8221;1_3&#8243; _builder_version=&#8221;4.16&#8243; _module_preset=&#8221;default&#8221; global_colors_info=&#8221;{}&#8221;][et_pb_image src=&#8221;https:\/\/www.donausoja.org\/wp-content\/uploads\/2024\/02\/SLIDER_Scope3Webinar_draft13-scaled-1.jpg&#8221; title_text=&#8221;SLIDER_Scope3Webinar_draft13-scaled&#8221; _builder_version=&#8221;4.21.0&#8243; _module_preset=&#8221;default&#8221; custom_margin=&#8221;||||false|false&#8221; custom_padding=&#8221;||||false|false&#8221; global_colors_info=&#8221;{}&#8221;][\/et_pb_image][\/et_pb_column][\/et_pb_row][et_pb_row column_structure=&#8221;2_3,1_3&#8243; admin_label=&#8221;Row: Cybele&#8221; _builder_version=&#8221;4.16&#8243; _module_preset=&#8221;default&#8221; background_color=&#8221;#ffffff&#8221; custom_margin=&#8221;40px||||false|false&#8221; custom_padding=&#8221;20px|20px|20px|20px|false|false&#8221; box_shadow_style=&#8221;preset1&#8243; global_colors_info=&#8221;{}&#8221;][et_pb_column type=&#8221;2_3&#8243; _builder_version=&#8221;4.16&#8243; _module_preset=&#8221;default&#8221; global_colors_info=&#8221;{}&#8221;][et_pb_text _builder_version=&#8221;4.27.3&#8243; _module_preset=&#8221;77a7a6a5-6cba-4e24-a8d7-1992b0adbe08&#8243; global_colors_info=&#8221;{}&#8221;]<\/p>\n<h2><strong>Studii de evaluare a ciclului de via\u021b\u0103 (LCA &#8211; Life-Cycle-Assessment) <\/strong><\/h2>\n<p>\u00cen produc\u021bia de produse de origine animal\u0103, cantit\u0103\u021bi relevante de emisii de gaze cu efect de ser\u0103 (GES) apar deja \u00een timpul produc\u021biei de hran\u0103 pentru animale. Prin urmare, alegerea de furaje produse \u00een mod responsabil este important\u0103 pentru reducerea amprentei de carbon a produselor de origine animal\u0103. \u00cen ultimii ani, Donau Soja a comandat mai multe studii pentru a investiga modul \u00een care utilizarea soiei certificate Donau Soja \/ Europe Soya influen\u021beaz\u0103 amprenta de carbon a produselor alimentare \u0219i furajere. Aceste studii au ar\u0103tat c\u0103 trecerea la hrana din soia certificat\u0103 Donau Soja \/ Europe Soya reduce semnificativ emisiile cu p\u00e2n\u0103 la 40% \u00een cazul produselor de origine animal\u0103.<\/p>\n<p>Afla\u021bi care sunt posibilit\u0103\u021bile \u0219i avantajele utiliz\u0103rii boabelor de soia certificate Donau Soja \/ Europe Soya de-a lungul lan\u021bului valoric, cu ajutorul studiilor noastre.<\/p>\n<p>[\/et_pb_text][et_pb_button button_url=&#8221;https:\/\/www.donausoja.org\/projects\/lifecycle-assessment-carbon-footprint-project\/&#8221; url_new_window=&#8221;on&#8221; button_text=&#8221;Citi\u021bi mai mult&#8221; _builder_version=&#8221;4.27.3&#8243; _module_preset=&#8221;default&#8221; custom_button=&#8221;on&#8221; button_icon=&#8221;&#x39;||divi||400&#8243; button_on_hover=&#8221;off&#8221; custom_margin=&#8221;20px||||false|false&#8221; global_colors_info=&#8221;{}&#8221;][\/et_pb_button][\/et_pb_column][et_pb_column type=&#8221;1_3&#8243; _builder_version=&#8221;4.16&#8243; _module_preset=&#8221;default&#8221; global_colors_info=&#8221;{}&#8221;][et_pb_image src=&#8221;https:\/\/www.donausoja.org\/wp-content\/uploads\/2024\/02\/shutterstock_194473184-scaled.jpg&#8221; title_text=&#8221;cybele_logo&#8221; _builder_version=&#8221;4.21.0&#8243; _module_preset=&#8221;default&#8221; custom_margin=&#8221;||||false|false&#8221; custom_padding=&#8221;||||false|false&#8221; global_colors_info=&#8221;{}&#8221;][\/et_pb_image][\/et_pb_column][\/et_pb_row][et_pb_row column_structure=&#8221;2_3,1_3&#8243; admin_label=&#8221;Row: IOF pj&#8221; _builder_version=&#8221;4.16&#8243; _module_preset=&#8221;default&#8221; background_color=&#8221;#ffffff&#8221; custom_margin=&#8221;40px||||false|false&#8221; custom_padding=&#8221;20px|20px|20px|20px|false|false&#8221; box_shadow_style=&#8221;preset1&#8243; global_colors_info=&#8221;{}&#8221;][et_pb_column type=&#8221;2_3&#8243; _builder_version=&#8221;4.16&#8243; _module_preset=&#8221;default&#8221; global_colors_info=&#8221;{}&#8221;][et_pb_text _builder_version=&#8221;4.27.3&#8243; _module_preset=&#8221;77a7a6a5-6cba-4e24-a8d7-1992b0adbe08&#8243; global_colors_info=&#8221;{}&#8221;]<\/p>\n<h2>Baze de date \u0219i instrumente pentru Life-Cycle-Assessment (LCA)<\/h2>\n<p>Instrumentele de evaluare a ciclului de via\u021b\u0103 (LCA) sunt utilizate pentru a evalua impactul asupra mediului al unui produs, proces sau serviciu de-a lungul \u00eentregului s\u0103u ciclu de via\u021b\u0103. Donau Soja public\u0103 seturi de date LCA privind impactul asupra mediului al boabelor de soia certificate Donau Soja \/ Europe Soya \u0219i le pune la dispozi\u021bie \u00een baze de date LCA \u0219i instrumente de calcul. Prin aceasta se urm\u0103re\u0219te facilitarea tranzi\u021biei c\u0103tre un lan\u021b valoric durabil, sigur \u0219i european.<\/p>\n<p>Face\u021bi clic aici pentru a afla mai multe despre cum s\u0103 calcula\u021bi amprenta de carbon a companiei dumneavoastr\u0103.<\/p>\n<p>[\/et_pb_text][et_pb_button button_url=&#8221;https:\/\/www.donausoja.org\/lca-tools\/&#8221; button_text=&#8221;Citi\u021bi mai mult&#8221; _builder_version=&#8221;4.27.3&#8243; _module_preset=&#8221;default&#8221; custom_button=&#8221;on&#8221; button_icon=&#8221;&#x39;||divi||400&#8243; button_on_hover=&#8221;off&#8221; custom_margin=&#8221;20px||||false|false&#8221; global_colors_info=&#8221;{}&#8221;][\/et_pb_button][\/et_pb_column][et_pb_column type=&#8221;1_3&#8243; _builder_version=&#8221;4.16&#8243; _module_preset=&#8221;default&#8221; global_colors_info=&#8221;{}&#8221;][et_pb_image src=&#8221;https:\/\/www.donausoja.org\/wp-content\/uploads\/2024\/02\/DSC_1045-scaled.jpg&#8221; title_text=&#8221;iof2020-1024&#215;561&#8243; _builder_version=&#8221;4.21.0&#8243; _module_preset=&#8221;default&#8221; custom_margin=&#8221;||||false|false&#8221; custom_padding=&#8221;||||false|false&#8221; global_colors_info=&#8221;{}&#8221;][\/et_pb_image][\/et_pb_column][\/et_pb_row][et_pb_row column_structure=&#8221;2_3,1_3&#8243; admin_label=&#8221;Row: template in between project&#8221; _builder_version=&#8221;4.16&#8243; _module_preset=&#8221;default&#8221; background_color=&#8221;#ffffff&#8221; custom_margin=&#8221;40px||||false|false&#8221; custom_padding=&#8221;20px|20px|20px|20px|false|false&#8221; box_shadow_style=&#8221;preset1&#8243; global_colors_info=&#8221;{}&#8221;][et_pb_column type=&#8221;2_3&#8243; _builder_version=&#8221;4.16&#8243; _module_preset=&#8221;default&#8221; global_colors_info=&#8221;{}&#8221;][et_pb_text _builder_version=&#8221;4.27.3&#8243; _module_preset=&#8221;77a7a6a5-6cba-4e24-a8d7-1992b0adbe08&#8243; custom_padding_tablet=&#8221;||0px|||&#8221; global_colors_info=&#8221;{}&#8221;]<\/p>\n<h2>Parteneriatul regional pentru clim\u0103<\/h2>\n<p>Reducerea kilometrajelor alimentare \u0219i consolidarea produc\u021biei regionale sunt aspecte importante pentru combaterea schimb\u0103rilor climatice. Cu Donau Soja, lan\u021burile valorice ale soiei primesc o fa\u021b\u0103 intern\u0103, regional\u0103 \u0219i european\u0103. Parteneriatele climatice regionale promoveaz\u0103 actorii regionali \u0219i ciclurile regionale de hran\u0103 pentru animale. Acestea ofer\u0103 \u00eentreprinderilor locale posibilitatea de a crea noi surse de venit \u0219i de a consolida agricultura intern\u0103, cu beneficii pentru fermieri, produc\u0103tori, consumatori \u0219i clim\u0103.<\/p>\n<p>Citi\u021bi mai multe despre cum s\u0103 deveni\u021bi parte \u0219i s\u0103 beneficia\u021bi de parteneriatele climatice regionale.<\/p>\n<p>[\/et_pb_text][et_pb_button button_url=&#8221;https:\/\/www.donausoja.org\/regional-climate-partnerships\/&#8221; url_new_window=&#8221;on&#8221; button_text=&#8221;Citi\u021bi mai mult&#8221; _builder_version=&#8221;4.27.3&#8243; _module_preset=&#8221;default&#8221; custom_button=&#8221;on&#8221; button_icon=&#8221;&#x39;||divi||400&#8243; button_on_hover=&#8221;off&#8221; custom_margin=&#8221;20px||||false|false&#8221; global_colors_info=&#8221;{}&#8221;][\/et_pb_button][\/et_pb_column][et_pb_column type=&#8221;1_3&#8243; _builder_version=&#8221;4.16&#8243; _module_preset=&#8221;default&#8221; global_colors_info=&#8221;{}&#8221;][et_pb_image title_text=&#8221;ok-net-ecofeed-logo&#8221; _builder_version=&#8221;4.21.0&#8243; _module_preset=&#8221;default&#8221; custom_margin=&#8221;||||false|false&#8221; custom_padding=&#8221;||||false|false&#8221; global_colors_info=&#8221;{}&#8221;][\/et_pb_image][et_pb_image src=&#8221;https:\/\/www.donausoja.org\/wp-content\/uploads\/2024\/02\/Regional-Climate-partnership-4_3-ratio.png&#8221; title_text=&#8221;iof2020-1024&#215;561&#8243; _builder_version=&#8221;4.21.0&#8243; _module_preset=&#8221;default&#8221; custom_margin=&#8221;||||false|false&#8221; custom_padding=&#8221;||||false|false&#8221; global_colors_info=&#8221;{}&#8221;][\/et_pb_image][\/et_pb_column][\/et_pb_row][et_pb_row _builder_version=&#8221;4.16&#8243; _module_preset=&#8221;default&#8221; min_height=&#8221;151px&#8221; collapsed=&#8221;off&#8221; global_colors_info=&#8221;{}&#8221;][et_pb_column type=&#8221;4_4&#8243; _builder_version=&#8221;4.16&#8243; _module_preset=&#8221;default&#8221; global_colors_info=&#8221;{}&#8221;][\/et_pb_column][\/et_pb_row][\/et_pb_section]<\/p>\n","protected":false},"excerpt":{"rendered":"<p>Amprenta de carbon \u0219i altele\u00cen c\u0103l\u0103toria noastr\u0103 c\u0103tre o aprovizionare sustenabil\u0103, sigur\u0103 \u0219i european\u0103 cu proteine, dorim s\u0103 ne sprijinim partenerii \u0219i membrii \u00een abordarea provoc\u0103rilor sociale, de mediu \u0219i economice \u00een produc\u021bia de soia de-a lungul lan\u021bului de aprovizionare. Prin urmare, oferimInforma\u021bii privind modalit\u0103\u021bile de reducere a emisiilor scope 3 \u0219i de stabilire a [&hellip;]<\/p>\n","protected":false},"author":19,"featured_media":0,"parent":0,"menu_order":0,"comment_status":"closed","ping_status":"closed","template":"","meta":{"_et_pb_use_builder":"on","_et_pb_old_content":"","_et_gb_content_width":"","footnotes":""},"class_list":["post-53434","page","type-page","status-publish","hentry"],"yoast_head":"<!-- This site is optimized with the Yoast SEO plugin v27.4 - https:\/\/yoast.com\/product\/yoast-seo-wordpress\/ -->\n<title>Amprenta de carbon \u0219i altele - Donau Soja<\/title>\n<meta name=\"robots\" content=\"index, follow, max-snippet:-1, max-image-preview:large, max-video-preview:-1\" \/>\n<link rel=\"canonical\" href=\"https:\/\/www.donausoja.org\/ro\/amprenta-de-carbon-si-altele\/\" \/>\n<meta property=\"og:locale\" content=\"ro_RO\" \/>\n<meta property=\"og:type\" content=\"article\" \/>\n<meta property=\"og:title\" content=\"Amprenta de carbon \u0219i altele - Donau Soja\" \/>\n<meta property=\"og:description\" content=\"Amprenta de carbon \u0219i altele\u00cen c\u0103l\u0103toria noastr\u0103 c\u0103tre o aprovizionare sustenabil\u0103, sigur\u0103 \u0219i european\u0103 cu proteine, dorim s\u0103 ne sprijinim partenerii \u0219i membrii \u00een abordarea provoc\u0103rilor sociale, de mediu \u0219i economice \u00een produc\u021bia de soia de-a lungul lan\u021bului de aprovizionare. Prin urmare, oferimInforma\u021bii privind modalit\u0103\u021bile de reducere a emisiilor scope 3 \u0219i de stabilire a [&hellip;]\" \/>\n<meta property=\"og:url\" content=\"https:\/\/www.donausoja.org\/ro\/amprenta-de-carbon-si-altele\/\" \/>\n<meta property=\"og:site_name\" content=\"Donau Soja\" \/>\n<meta property=\"article:modified_time\" content=\"2025-02-04T18:20:36+00:00\" \/>\n<meta name=\"twitter:card\" content=\"summary_large_image\" \/>\n<meta name=\"twitter:label1\" content=\"Timp estimat pentru citire\" \/>\n\t<meta name=\"twitter:data1\" content=\"4 minute\" \/>\n<script type=\"application\/ld+json\" class=\"yoast-schema-graph\">{\"@context\":\"https:\\\/\\\/schema.org\",\"@graph\":[{\"@type\":\"WebPage\",\"@id\":\"https:\\\/\\\/www.donausoja.org\\\/ro\\\/amprenta-de-carbon-si-altele\\\/\",\"url\":\"https:\\\/\\\/www.donausoja.org\\\/ro\\\/amprenta-de-carbon-si-altele\\\/\",\"name\":\"Amprenta de carbon \u0219i altele - Donau Soja\",\"isPartOf\":{\"@id\":\"https:\\\/\\\/www.donausoja.org\\\/ro\\\/#website\"},\"datePublished\":\"2024-02-01T12:22:51+00:00\",\"dateModified\":\"2025-02-04T18:20:36+00:00\",\"breadcrumb\":{\"@id\":\"https:\\\/\\\/www.donausoja.org\\\/ro\\\/amprenta-de-carbon-si-altele\\\/#breadcrumb\"},\"inLanguage\":\"ro-RO\",\"potentialAction\":[{\"@type\":\"ReadAction\",\"target\":[\"https:\\\/\\\/www.donausoja.org\\\/ro\\\/amprenta-de-carbon-si-altele\\\/\"]}]},{\"@type\":\"BreadcrumbList\",\"@id\":\"https:\\\/\\\/www.donausoja.org\\\/ro\\\/amprenta-de-carbon-si-altele\\\/#breadcrumb\",\"itemListElement\":[{\"@type\":\"ListItem\",\"position\":1,\"name\":\"Home\",\"item\":\"https:\\\/\\\/www.donausoja.org\\\/ro\\\/\"},{\"@type\":\"ListItem\",\"position\":2,\"name\":\"Amprenta de carbon \u0219i altele\"}]},{\"@type\":\"WebSite\",\"@id\":\"https:\\\/\\\/www.donausoja.org\\\/ro\\\/#website\",\"url\":\"https:\\\/\\\/www.donausoja.org\\\/ro\\\/\",\"name\":\"Donau Soja\",\"description\":\"Together for a European Protein Supply: Regional. Sustainable. Non-GM.\",\"potentialAction\":[{\"@type\":\"SearchAction\",\"target\":{\"@type\":\"EntryPoint\",\"urlTemplate\":\"https:\\\/\\\/www.donausoja.org\\\/ro\\\/?s={search_term_string}\"},\"query-input\":{\"@type\":\"PropertyValueSpecification\",\"valueRequired\":true,\"valueName\":\"search_term_string\"}}],\"inLanguage\":\"ro-RO\"}]}<\/script>\n<!-- \/ Yoast SEO plugin. -->","yoast_head_json":{"title":"Amprenta de carbon \u0219i altele - Donau Soja","robots":{"index":"index","follow":"follow","max-snippet":"max-snippet:-1","max-image-preview":"max-image-preview:large","max-video-preview":"max-video-preview:-1"},"canonical":"https:\/\/www.donausoja.org\/ro\/amprenta-de-carbon-si-altele\/","og_locale":"ro_RO","og_type":"article","og_title":"Amprenta de carbon \u0219i altele - Donau Soja","og_description":"Amprenta de carbon \u0219i altele\u00cen c\u0103l\u0103toria noastr\u0103 c\u0103tre o aprovizionare sustenabil\u0103, sigur\u0103 \u0219i european\u0103 cu proteine, dorim s\u0103 ne sprijinim partenerii \u0219i membrii \u00een abordarea provoc\u0103rilor sociale, de mediu \u0219i economice \u00een produc\u021bia de soia de-a lungul lan\u021bului de aprovizionare. Prin urmare, oferimInforma\u021bii privind modalit\u0103\u021bile de reducere a emisiilor scope 3 \u0219i de stabilire a [&hellip;]","og_url":"https:\/\/www.donausoja.org\/ro\/amprenta-de-carbon-si-altele\/","og_site_name":"Donau Soja","article_modified_time":"2025-02-04T18:20:36+00:00","twitter_card":"summary_large_image","twitter_misc":{"Timp estimat pentru citire":"4 minute"},"schema":{"@context":"https:\/\/schema.org","@graph":[{"@type":"WebPage","@id":"https:\/\/www.donausoja.org\/ro\/amprenta-de-carbon-si-altele\/","url":"https:\/\/www.donausoja.org\/ro\/amprenta-de-carbon-si-altele\/","name":"Amprenta de carbon \u0219i altele - Donau Soja","isPartOf":{"@id":"https:\/\/www.donausoja.org\/ro\/#website"},"datePublished":"2024-02-01T12:22:51+00:00","dateModified":"2025-02-04T18:20:36+00:00","breadcrumb":{"@id":"https:\/\/www.donausoja.org\/ro\/amprenta-de-carbon-si-altele\/#breadcrumb"},"inLanguage":"ro-RO","potentialAction":[{"@type":"ReadAction","target":["https:\/\/www.donausoja.org\/ro\/amprenta-de-carbon-si-altele\/"]}]},{"@type":"BreadcrumbList","@id":"https:\/\/www.donausoja.org\/ro\/amprenta-de-carbon-si-altele\/#breadcrumb","itemListElement":[{"@type":"ListItem","position":1,"name":"Home","item":"https:\/\/www.donausoja.org\/ro\/"},{"@type":"ListItem","position":2,"name":"Amprenta de carbon \u0219i altele"}]},{"@type":"WebSite","@id":"https:\/\/www.donausoja.org\/ro\/#website","url":"https:\/\/www.donausoja.org\/ro\/","name":"Donau Soja","description":"Together for a European Protein Supply: Regional. Sustainable. Non-GM.","potentialAction":[{"@type":"SearchAction","target":{"@type":"EntryPoint","urlTemplate":"https:\/\/www.donausoja.org\/ro\/?s={search_term_string}"},"query-input":{"@type":"PropertyValueSpecification","valueRequired":true,"valueName":"search_term_string"}}],"inLanguage":"ro-RO"}]}},"_links":{"self":[{"href":"https:\/\/www.donausoja.org\/ro\/wp-json\/wp\/v2\/pages\/53434","targetHints":{"allow":["GET"]}}],"collection":[{"href":"https:\/\/www.donausoja.org\/ro\/wp-json\/wp\/v2\/pages"}],"about":[{"href":"https:\/\/www.donausoja.org\/ro\/wp-json\/wp\/v2\/types\/page"}],"author":[{"embeddable":true,"href":"https:\/\/www.donausoja.org\/ro\/wp-json\/wp\/v2\/users\/19"}],"replies":[{"embeddable":true,"href":"https:\/\/www.donausoja.org\/ro\/wp-json\/wp\/v2\/comments?post=53434"}],"version-history":[{"count":4,"href":"https:\/\/www.donausoja.org\/ro\/wp-json\/wp\/v2\/pages\/53434\/revisions"}],"predecessor-version":[{"id":54490,"href":"https:\/\/www.donausoja.org\/ro\/wp-json\/wp\/v2\/pages\/53434\/revisions\/54490"}],"wp:attachment":[{"href":"https:\/\/www.donausoja.org\/ro\/wp-json\/wp\/v2\/media?parent=53434"}],"curies":[{"name":"wp","href":"https:\/\/api.w.org\/{rel}","templated":true}]}}