
{"id":43384,"date":"2024-05-21T12:27:03","date_gmt":"2024-05-21T12:27:03","guid":{"rendered":"https:\/\/www.donausoja.org\/?page_id=43384"},"modified":"2025-05-27T12:03:30","modified_gmt":"2025-05-27T12:03:30","slug":"legume-hub","status":"publish","type":"page","link":"https:\/\/www.donausoja.org\/ro\/legume-hub\/","title":{"rendered":"Legume Hub"},"content":{"rendered":"<p>[et_pb_section fb_built=&#8221;1&#8243; _builder_version=&#8221;4.16&#8243; _module_preset=&#8221;default&#8221; background_color=&#8221;RGBA(255,255,255,0)&#8221; da_disable_devices=&#8221;off|off|off&#8221; locked=&#8221;off&#8221; global_colors_info=&#8221;{}&#8221; da_is_popup=&#8221;off&#8221; da_exit_intent=&#8221;off&#8221; da_has_close=&#8221;on&#8221; da_alt_close=&#8221;off&#8221; da_dark_close=&#8221;off&#8221; da_not_modal=&#8221;on&#8221; da_is_singular=&#8221;off&#8221; da_with_loader=&#8221;off&#8221; da_has_shadow=&#8221;on&#8221;][et_pb_row _builder_version=&#8221;4.16&#8243; _module_preset=&#8221;default&#8221; custom_padding=&#8221;130px|||||&#8221; global_colors_info=&#8221;{}&#8221;][et_pb_column type=&#8221;4_4&#8243; _builder_version=&#8221;4.16&#8243; _module_preset=&#8221;default&#8221; global_colors_info=&#8221;{}&#8221;][et_pb_text _builder_version=&#8221;4.21.0&#8243; _module_preset=&#8221;77a7a6a5-6cba-4e24-a8d7-1992b0adbe08&#8243; header_font=&#8221;Ubuntu|700|||||||&#8221; global_colors_info=&#8221;{}&#8221;]<\/p>\n<h1>Legume Hub<\/h1>\n<p>[\/et_pb_text][\/et_pb_column][\/et_pb_row][\/et_pb_section][et_pb_section fb_built=&#8221;1&#8243; _builder_version=&#8221;4.16&#8243; _module_preset=&#8221;default&#8221; background_color=&#8221;#F6F1E8&#8243; custom_padding=&#8221;3px||3px|||&#8221; da_disable_devices=&#8221;off|off|off&#8221; global_colors_info=&#8221;{}&#8221; da_is_popup=&#8221;off&#8221; da_exit_intent=&#8221;off&#8221; da_has_close=&#8221;on&#8221; da_alt_close=&#8221;off&#8221; da_dark_close=&#8221;off&#8221; da_not_modal=&#8221;on&#8221; da_is_singular=&#8221;off&#8221; da_with_loader=&#8221;off&#8221; da_has_shadow=&#8221;on&#8221;][et_pb_row column_structure=&#8221;3_5,2_5&#8243; _builder_version=&#8221;4.21.0&#8243; _module_preset=&#8221;default&#8221; custom_padding=&#8221;4px|||||&#8221; locked=&#8221;off&#8221; global_colors_info=&#8221;{}&#8221;][et_pb_column type=&#8221;3_5&#8243; _builder_version=&#8221;4.16&#8243; _module_preset=&#8221;default&#8221; global_colors_info=&#8221;{}&#8221;][et_pb_text admin_label=&#8221;info-Text&#8221; _builder_version=&#8221;4.27.4&#8243; _module_preset=&#8221;97a49757-9877-47ea-b480-aa7742502928&#8243; custom_padding=&#8221;24px|||0px|false|false&#8221; hover_enabled=&#8221;0&#8243; global_colors_info=&#8221;{}&#8221; sticky_enabled=&#8221;0&#8243;]<\/p>\n<p>Legume Hub este o platform\u0103 de cuno\u0219tin\u021be multilingv\u0103, cu acces liber, cu \u00eenscriere gratuit\u0103. Scopul este de a oferi acces la cuno\u0219tin\u021be, perspective \u0219i cele mai bune practici de-a lungul lan\u021bului valoric, de la ameliorarea plantelor \u0219i activit\u0103\u021bile din ferme p\u00e2n\u0103 la prelucrare \u0219i consum, pentru to\u021bi cei interesa\u021bi de dezvoltarea cultiv\u0103rii \u0219i utiliz\u0103rii leguminoaselor. De\u0219i articolele constituie elementul central al Legume Hub, pute\u021bi g\u0103si \u0219i o varietate de videoclipuri \u0219i imagini de explorat. Printre utilizatori se num\u0103r\u0103 amelioratori, agricultori \u00een calitate de produc\u0103tori \u0219i utilizatori de leguminoase, procesatori de furaje \u0219i alimente \u0219i to\u021bi cei implica\u021bi \u00een p\u0103r\u021bile conexe lan\u021burilor valorice.<\/p>\n<p>V\u0103 invit\u0103m s\u0103 v\u0103 <a href=\"https:\/\/www.legumehub.eu\/ro\/join-us\/\">\u00eenregistra\u021bi<\/a> pe Legume Hub. \u00cen calitate de membru al Hub-ului, v\u0103 pute\u021bi crea un profil personal legat de activitatea dumneavoastr\u0103 \u00een domeniul leguminoaselor, pute\u021bi publica articole sau \u00eenc\u0103rca imagini. Ve\u021bi primi propria pagin\u0103 \u00een calitate de <a href=\"https:\/\/www.legumehub.eu\/ro\/contributors\/\">contribuabil<\/a>, unde vor fi afi\u0219ate toate lucr\u0103rile dvs. \u00eenc\u0103rcate pe Hub.<\/p>\n<p>Legume Hub este administrat de Asocia\u021bia Legume Hub \u0219i de membrii s\u0103i. Hub-ul ofer\u0103 acestei comunit\u0103\u021bi online o platform\u0103 pentru diseminarea articolelor, rapoartelor de cercetare sau videoclipurilor.<\/p>\n<p>Donau Soja este unul dintre principalii parteneri din spatele Legume Hub \u0219i asigur\u0103 secretariatul pentru Asocia\u021bia Legume Hub.<\/p>\n<p>[\/et_pb_text][et_pb_button button_url=&#8221;http:\/\/www.legumehub.eu\/ro&#8221; url_new_window=&#8221;on&#8221; button_text=&#8221;Vizita\u021bi Legume Hub&#8221; _builder_version=&#8221;4.21.0&#8243; _module_preset=&#8221;default&#8221; locked=&#8221;off&#8221; global_colors_info=&#8221;{}&#8221;][\/et_pb_button][\/et_pb_column][et_pb_column type=&#8221;2_5&#8243; _builder_version=&#8221;4.16&#8243; _module_preset=&#8221;default&#8221; global_colors_info=&#8221;{}&#8221;][et_pb_image src=&#8221;https:\/\/www.donausoja.org\/wp-content\/uploads\/2021\/12\/legume-hub-Foto.png&#8221; title_text=&#8221;legume-hub-Foto&#8221; _builder_version=&#8221;4.21.0&#8243; _module_preset=&#8221;default&#8221; global_colors_info=&#8221;{}&#8221;][\/et_pb_image][\/et_pb_column][\/et_pb_row][\/et_pb_section]<\/p>\n","protected":false},"excerpt":{"rendered":"<p>Legume HubLegume Hub este o platform\u0103 de cuno\u0219tin\u021be multilingv\u0103, cu acces liber, cu \u00eenscriere gratuit\u0103. Scopul este de a oferi acces la cuno\u0219tin\u021be, perspective \u0219i cele mai bune practici de-a lungul lan\u021bului valoric, de la ameliorarea plantelor \u0219i activit\u0103\u021bile din ferme p\u00e2n\u0103 la prelucrare \u0219i consum, pentru to\u021bi cei interesa\u021bi de dezvoltarea cultiv\u0103rii \u0219i utiliz\u0103rii [&hellip;]<\/p>\n","protected":false},"author":19,"featured_media":98,"parent":0,"menu_order":0,"comment_status":"closed","ping_status":"closed","template":"","meta":{"_et_pb_use_builder":"on","_et_pb_old_content":"","_et_gb_content_width":"","footnotes":""},"class_list":["post-43384","page","type-page","status-publish","has-post-thumbnail","hentry"],"yoast_head":"<!-- This site is optimized with the Yoast SEO plugin v27.4 - https:\/\/yoast.com\/product\/yoast-seo-wordpress\/ -->\n<title>Legume Hub - Donau Soja<\/title>\n<meta name=\"description\" content=\"Legume Hub este o platform\u0103 de cuno\u0219tin\u021be multilingv\u0103 pentru a consolida cuno\u0219tin\u021bele tuturor celor interesa\u021bi de dezvoltarea culturii \u0219i utilizarea leguminoaselor, prin acces la informa\u021bii \u0219i practici de succes \u00een lan\u021burile valorice, de la ameliorarea plantelor, activit\u0103\u021bi la ferm\u0103, p\u00e2n\u0103 la procesare \u0219i consum\" \/>\n<meta name=\"robots\" content=\"index, follow, max-snippet:-1, max-image-preview:large, max-video-preview:-1\" \/>\n<link rel=\"canonical\" href=\"https:\/\/www.donausoja.org\/ro\/legume-hub\/\" \/>\n<meta property=\"og:locale\" content=\"ro_RO\" \/>\n<meta property=\"og:type\" content=\"article\" \/>\n<meta property=\"og:title\" content=\"Legume Hub - Donau Soja\" \/>\n<meta property=\"og:description\" content=\"Legume Hub este o platform\u0103 de cuno\u0219tin\u021be multilingv\u0103 pentru a consolida cuno\u0219tin\u021bele tuturor celor interesa\u021bi de dezvoltarea culturii \u0219i utilizarea leguminoaselor, prin acces la informa\u021bii \u0219i practici de succes \u00een lan\u021burile valorice, de la ameliorarea plantelor, activit\u0103\u021bi la ferm\u0103, p\u00e2n\u0103 la procesare \u0219i consum\" \/>\n<meta property=\"og:url\" content=\"https:\/\/www.donausoja.org\/ro\/legume-hub\/\" \/>\n<meta property=\"og:site_name\" content=\"Donau Soja\" \/>\n<meta property=\"article:modified_time\" content=\"2025-05-27T12:03:30+00:00\" \/>\n<meta property=\"og:image\" content=\"https:\/\/www.donausoja.org\/wp-content\/uploads\/2021\/12\/legume-hub-Foto.png\" \/>\n\t<meta property=\"og:image:width\" content=\"498\" \/>\n\t<meta property=\"og:image:height\" content=\"648\" \/>\n\t<meta property=\"og:image:type\" content=\"image\/png\" \/>\n<meta name=\"twitter:card\" content=\"summary_large_image\" \/>\n<meta name=\"twitter:label1\" content=\"Timp estimat pentru citire\" \/>\n\t<meta name=\"twitter:data1\" content=\"2 minute\" \/>\n<script type=\"application\/ld+json\" class=\"yoast-schema-graph\">{\"@context\":\"https:\\\/\\\/schema.org\",\"@graph\":[{\"@type\":\"WebPage\",\"@id\":\"https:\\\/\\\/www.donausoja.org\\\/ro\\\/legume-hub\\\/\",\"url\":\"https:\\\/\\\/www.donausoja.org\\\/ro\\\/legume-hub\\\/\",\"name\":\"Legume Hub - Donau Soja\",\"isPartOf\":{\"@id\":\"https:\\\/\\\/www.donausoja.org\\\/ro\\\/#website\"},\"primaryImageOfPage\":{\"@id\":\"https:\\\/\\\/www.donausoja.org\\\/ro\\\/legume-hub\\\/#primaryimage\"},\"image\":{\"@id\":\"https:\\\/\\\/www.donausoja.org\\\/ro\\\/legume-hub\\\/#primaryimage\"},\"thumbnailUrl\":\"https:\\\/\\\/www.donausoja.org\\\/wp-content\\\/uploads\\\/2021\\\/12\\\/legume-hub-Foto.png\",\"datePublished\":\"2024-05-21T12:27:03+00:00\",\"dateModified\":\"2025-05-27T12:03:30+00:00\",\"description\":\"Legume Hub este o platform\u0103 de cuno\u0219tin\u021be multilingv\u0103 pentru a consolida cuno\u0219tin\u021bele tuturor celor interesa\u021bi de dezvoltarea culturii \u0219i utilizarea leguminoaselor, prin acces la informa\u021bii \u0219i practici de succes \u00een lan\u021burile valorice, de la ameliorarea plantelor, activit\u0103\u021bi la ferm\u0103, p\u00e2n\u0103 la procesare \u0219i consum\",\"breadcrumb\":{\"@id\":\"https:\\\/\\\/www.donausoja.org\\\/ro\\\/legume-hub\\\/#breadcrumb\"},\"inLanguage\":\"ro-RO\",\"potentialAction\":[{\"@type\":\"ReadAction\",\"target\":[\"https:\\\/\\\/www.donausoja.org\\\/ro\\\/legume-hub\\\/\"]}]},{\"@type\":\"ImageObject\",\"inLanguage\":\"ro-RO\",\"@id\":\"https:\\\/\\\/www.donausoja.org\\\/ro\\\/legume-hub\\\/#primaryimage\",\"url\":\"https:\\\/\\\/www.donausoja.org\\\/wp-content\\\/uploads\\\/2021\\\/12\\\/legume-hub-Foto.png\",\"contentUrl\":\"https:\\\/\\\/www.donausoja.org\\\/wp-content\\\/uploads\\\/2021\\\/12\\\/legume-hub-Foto.png\",\"width\":498,\"height\":648},{\"@type\":\"BreadcrumbList\",\"@id\":\"https:\\\/\\\/www.donausoja.org\\\/ro\\\/legume-hub\\\/#breadcrumb\",\"itemListElement\":[{\"@type\":\"ListItem\",\"position\":1,\"name\":\"Home\",\"item\":\"https:\\\/\\\/www.donausoja.org\\\/ro\\\/\"},{\"@type\":\"ListItem\",\"position\":2,\"name\":\"Legume Hub\"}]},{\"@type\":\"WebSite\",\"@id\":\"https:\\\/\\\/www.donausoja.org\\\/ro\\\/#website\",\"url\":\"https:\\\/\\\/www.donausoja.org\\\/ro\\\/\",\"name\":\"Donau Soja\",\"description\":\"Together for a European Protein Supply: Regional. Sustainable. Non-GM.\",\"potentialAction\":[{\"@type\":\"SearchAction\",\"target\":{\"@type\":\"EntryPoint\",\"urlTemplate\":\"https:\\\/\\\/www.donausoja.org\\\/ro\\\/?s={search_term_string}\"},\"query-input\":{\"@type\":\"PropertyValueSpecification\",\"valueRequired\":true,\"valueName\":\"search_term_string\"}}],\"inLanguage\":\"ro-RO\"}]}<\/script>\n<!-- \/ Yoast SEO plugin. -->","yoast_head_json":{"title":"Legume Hub - Donau Soja","description":"Legume Hub este o platform\u0103 de cuno\u0219tin\u021be multilingv\u0103 pentru a consolida cuno\u0219tin\u021bele tuturor celor interesa\u021bi de dezvoltarea culturii \u0219i utilizarea leguminoaselor, prin acces la informa\u021bii \u0219i practici de succes \u00een lan\u021burile valorice, de la ameliorarea plantelor, activit\u0103\u021bi la ferm\u0103, p\u00e2n\u0103 la procesare \u0219i consum","robots":{"index":"index","follow":"follow","max-snippet":"max-snippet:-1","max-image-preview":"max-image-preview:large","max-video-preview":"max-video-preview:-1"},"canonical":"https:\/\/www.donausoja.org\/ro\/legume-hub\/","og_locale":"ro_RO","og_type":"article","og_title":"Legume Hub - Donau Soja","og_description":"Legume Hub este o platform\u0103 de cuno\u0219tin\u021be multilingv\u0103 pentru a consolida cuno\u0219tin\u021bele tuturor celor interesa\u021bi de dezvoltarea culturii \u0219i utilizarea leguminoaselor, prin acces la informa\u021bii \u0219i practici de succes \u00een lan\u021burile valorice, de la ameliorarea plantelor, activit\u0103\u021bi la ferm\u0103, p\u00e2n\u0103 la procesare \u0219i consum","og_url":"https:\/\/www.donausoja.org\/ro\/legume-hub\/","og_site_name":"Donau Soja","article_modified_time":"2025-05-27T12:03:30+00:00","og_image":[{"width":498,"height":648,"url":"https:\/\/www.donausoja.org\/wp-content\/uploads\/2021\/12\/legume-hub-Foto.png","type":"image\/png"}],"twitter_card":"summary_large_image","twitter_misc":{"Timp estimat pentru citire":"2 minute"},"schema":{"@context":"https:\/\/schema.org","@graph":[{"@type":"WebPage","@id":"https:\/\/www.donausoja.org\/ro\/legume-hub\/","url":"https:\/\/www.donausoja.org\/ro\/legume-hub\/","name":"Legume Hub - Donau Soja","isPartOf":{"@id":"https:\/\/www.donausoja.org\/ro\/#website"},"primaryImageOfPage":{"@id":"https:\/\/www.donausoja.org\/ro\/legume-hub\/#primaryimage"},"image":{"@id":"https:\/\/www.donausoja.org\/ro\/legume-hub\/#primaryimage"},"thumbnailUrl":"https:\/\/www.donausoja.org\/wp-content\/uploads\/2021\/12\/legume-hub-Foto.png","datePublished":"2024-05-21T12:27:03+00:00","dateModified":"2025-05-27T12:03:30+00:00","description":"Legume Hub este o platform\u0103 de cuno\u0219tin\u021be multilingv\u0103 pentru a consolida cuno\u0219tin\u021bele tuturor celor interesa\u021bi de dezvoltarea culturii \u0219i utilizarea leguminoaselor, prin acces la informa\u021bii \u0219i practici de succes \u00een lan\u021burile valorice, de la ameliorarea plantelor, activit\u0103\u021bi la ferm\u0103, p\u00e2n\u0103 la procesare \u0219i consum","breadcrumb":{"@id":"https:\/\/www.donausoja.org\/ro\/legume-hub\/#breadcrumb"},"inLanguage":"ro-RO","potentialAction":[{"@type":"ReadAction","target":["https:\/\/www.donausoja.org\/ro\/legume-hub\/"]}]},{"@type":"ImageObject","inLanguage":"ro-RO","@id":"https:\/\/www.donausoja.org\/ro\/legume-hub\/#primaryimage","url":"https:\/\/www.donausoja.org\/wp-content\/uploads\/2021\/12\/legume-hub-Foto.png","contentUrl":"https:\/\/www.donausoja.org\/wp-content\/uploads\/2021\/12\/legume-hub-Foto.png","width":498,"height":648},{"@type":"BreadcrumbList","@id":"https:\/\/www.donausoja.org\/ro\/legume-hub\/#breadcrumb","itemListElement":[{"@type":"ListItem","position":1,"name":"Home","item":"https:\/\/www.donausoja.org\/ro\/"},{"@type":"ListItem","position":2,"name":"Legume Hub"}]},{"@type":"WebSite","@id":"https:\/\/www.donausoja.org\/ro\/#website","url":"https:\/\/www.donausoja.org\/ro\/","name":"Donau Soja","description":"Together for a European Protein Supply: Regional. Sustainable. Non-GM.","potentialAction":[{"@type":"SearchAction","target":{"@type":"EntryPoint","urlTemplate":"https:\/\/www.donausoja.org\/ro\/?s={search_term_string}"},"query-input":{"@type":"PropertyValueSpecification","valueRequired":true,"valueName":"search_term_string"}}],"inLanguage":"ro-RO"}]}},"_links":{"self":[{"href":"https:\/\/www.donausoja.org\/ro\/wp-json\/wp\/v2\/pages\/43384","targetHints":{"allow":["GET"]}}],"collection":[{"href":"https:\/\/www.donausoja.org\/ro\/wp-json\/wp\/v2\/pages"}],"about":[{"href":"https:\/\/www.donausoja.org\/ro\/wp-json\/wp\/v2\/types\/page"}],"author":[{"embeddable":true,"href":"https:\/\/www.donausoja.org\/ro\/wp-json\/wp\/v2\/users\/19"}],"replies":[{"embeddable":true,"href":"https:\/\/www.donausoja.org\/ro\/wp-json\/wp\/v2\/comments?post=43384"}],"version-history":[{"count":7,"href":"https:\/\/www.donausoja.org\/ro\/wp-json\/wp\/v2\/pages\/43384\/revisions"}],"predecessor-version":[{"id":58471,"href":"https:\/\/www.donausoja.org\/ro\/wp-json\/wp\/v2\/pages\/43384\/revisions\/58471"}],"wp:featuredmedia":[{"embeddable":true,"href":"https:\/\/www.donausoja.org\/ro\/wp-json\/wp\/v2\/media\/98"}],"wp:attachment":[{"href":"https:\/\/www.donausoja.org\/ro\/wp-json\/wp\/v2\/media?parent=43384"}],"curies":[{"name":"wp","href":"https:\/\/api.w.org\/{rel}","templated":true}]}}