
{"id":25767,"date":"2023-08-09T08:25:19","date_gmt":"2023-08-09T08:25:19","guid":{"rendered":"https:\/\/www.donausoja.org\/?page_id=25767"},"modified":"2024-10-01T07:29:03","modified_gmt":"2024-10-01T07:29:03","slug":"ghidul-fermierului","status":"publish","type":"page","link":"https:\/\/www.donausoja.org\/ro\/ghidul-fermierului\/","title":{"rendered":"Ghidul Fermierului Donau Soja"},"content":{"rendered":"<p>[et_pb_section fb_built=&#8221;1&#8243; _builder_version=&#8221;4.16&#8243; _module_preset=&#8221;default&#8221; background_color=&#8221;RGBA(255,255,255,0)&#8221; locked=&#8221;off&#8221; global_colors_info=&#8221;{}&#8221; da_is_popup=&#8221;off&#8221; da_exit_intent=&#8221;off&#8221; da_has_close=&#8221;on&#8221; da_alt_close=&#8221;off&#8221; da_dark_close=&#8221;off&#8221; da_not_modal=&#8221;on&#8221; da_is_singular=&#8221;off&#8221; da_with_loader=&#8221;off&#8221; da_has_shadow=&#8221;on&#8221; da_disable_devices=&#8221;off|off|off&#8221;][et_pb_row _builder_version=&#8221;4.16&#8243; _module_preset=&#8221;default&#8221; custom_padding=&#8221;130px|||||&#8221; global_colors_info=&#8221;{}&#8221;][et_pb_column type=&#8221;4_4&#8243; _builder_version=&#8221;4.16&#8243; _module_preset=&#8221;default&#8221; global_colors_info=&#8221;{}&#8221;][et_pb_text admin_label=&#8221;Headline&#8221; _builder_version=&#8221;4.21.0&#8243; _module_preset=&#8221;77a7a6a5-6cba-4e24-a8d7-1992b0adbe08&#8243; header_font=&#8221;Ubuntu|700|||||||&#8221; global_colors_info=&#8221;{}&#8221;]<\/p>\n<h1>Ghidul Fermierului Donau Soja<\/h1>\n<p>[\/et_pb_text][\/et_pb_column][\/et_pb_row][\/et_pb_section][et_pb_section fb_built=&#8221;1&#8243; _builder_version=&#8221;4.16&#8243; _module_preset=&#8221;default&#8221; background_color=&#8221;#F6F1E8&#8243; custom_padding=&#8221;4px||3px|||&#8221; locked=&#8221;off&#8221; global_colors_info=&#8221;{}&#8221; da_is_popup=&#8221;off&#8221; da_exit_intent=&#8221;off&#8221; da_has_close=&#8221;on&#8221; da_alt_close=&#8221;off&#8221; da_dark_close=&#8221;off&#8221; da_not_modal=&#8221;on&#8221; da_is_singular=&#8221;off&#8221; da_with_loader=&#8221;off&#8221; da_has_shadow=&#8221;on&#8221; da_disable_devices=&#8221;off|off|off&#8221;][et_pb_row column_structure=&#8221;1_2,1_2&#8243; admin_label=&#8221;Body-Text and Downloads&#8221; _builder_version=&#8221;4.21.0&#8243; _module_preset=&#8221;default&#8221; custom_margin=&#8221;20px||||false|false&#8221; custom_padding=&#8221;0px|||||&#8221; global_colors_info=&#8221;{}&#8221;][et_pb_column type=&#8221;1_2&#8243; _builder_version=&#8221;4.16&#8243; _module_preset=&#8221;default&#8221; global_colors_info=&#8221;{}&#8221;][et_pb_text _builder_version=&#8221;4.21.0&#8243; _module_preset=&#8221;77a7a6a5-6cba-4e24-a8d7-1992b0adbe08&#8243; hover_enabled=&#8221;0&#8243; global_colors_info=&#8221;{}&#8221; sticky_enabled=&#8221;0&#8243;]<\/p>\n<p><strong>\u201dGhidul Fermierului Donau Soja\u201d v\u0103 \u00eendrum\u0103 pe parcursul procesului de certificare a soiei Donau Soja \/ Europe Soya \u0219i v\u0103 ofer\u0103 informa\u021bii de baz\u0103 importante, precum \u0219i \u00eendrum\u0103ri detaliate privind modul de implementare a m\u0103surilor.<\/strong><\/p>\n<p><strong>Autori:<\/strong> Leopold Rittler, Mirjana Lalo\u0161evi\u0107, Dagmar Gollan, Milica Motika and Julia Weihs.<\/p>\n<p>[\/et_pb_text][et_pb_button button_url=&#8221;https:\/\/www.donausoja.org\/wp-content\/uploads\/2022\/02\/Best_Practice_Manual.pdf&#8221; url_new_window=&#8221;on&#8221; button_text=&#8221;Download english&#8221; disabled_on=&#8221;on|on|on&#8221; _builder_version=&#8221;4.16&#8243; _module_preset=&#8221;default&#8221; custom_button=&#8221;on&#8221; button_icon=&#8221;&#x68;||divi||400&#8243; button_icon_placement=&#8221;left&#8221; button_on_hover=&#8221;off&#8221; custom_margin=&#8221;20px||||false|false&#8221; disabled=&#8221;on&#8221; global_colors_info=&#8221;{}&#8221;][\/et_pb_button][et_pb_text disabled_on=&#8221;on|on|on&#8221; _builder_version=&#8221;4.16&#8243; _module_preset=&#8221;97a49757-9877-47ea-b480-aa7742502928&#8243; disabled=&#8221;on&#8221; global_colors_info=&#8221;{}&#8221;]<\/p>\n<h1>Since 2016, Donau Soja has been developing regional editions of the BPM.<\/h1>\n<h1>&#8211;<\/h1>\n<p>[\/et_pb_text][et_pb_blurb title=&#8221;Rom\u00e2n\u0103, versiunea Republica Moldova&#8221; url=&#8221;https:\/\/www.donausoja.org\/wp-content\/uploads\/2023\/08\/Ghidul_Fermierului_Donau_Soja.pdf&#8221; url_new_window=&#8221;on&#8221; use_icon=&#8221;on&#8221; font_icon=&#8221;&#xf019;||fa||900&#8243; disabled_on=&#8221;off|off|off&#8221; admin_label=&#8221;Blurb&#8221; _builder_version=&#8221;4.21.0&#8243; _module_preset=&#8221;591a8906-608e-4daf-b2d8-77bd187d9121&#8243; link_option_url=&#8221;https:\/\/www.donausoja.org\/wp-content\/uploads\/2023\/08\/Ghidul_Fermierului_Donau_Soja.pdf&#8221; link_option_url_new_window=&#8221;on&#8221; global_colors_info=&#8221;{}&#8221;][\/et_pb_blurb][et_pb_blurb title=&#8221;Rom\u00e2n\u0103, versiunea Rom\u00e2nia&#8221; url=&#8221;https:\/\/www.donausoja.org\/wp-content\/uploads\/2023\/09\/Ghidul_Fermierului_Donau_Soja_RO.pdf&#8221; url_new_window=&#8221;on&#8221; use_icon=&#8221;on&#8221; font_icon=&#8221;&#xf019;||fa||900&#8243; disabled_on=&#8221;off|off|off&#8221; admin_label=&#8221;Blurb&#8221; _builder_version=&#8221;4.21.0&#8243; _module_preset=&#8221;591a8906-608e-4daf-b2d8-77bd187d9121&#8243; link_option_url=&#8221;https:\/\/www.donausoja.org\/wp-content\/uploads\/2023\/09\/Ghidul_Fermierului_Donau_Soja_RO.pdf&#8221; link_option_url_new_window=&#8221;on&#8221; global_colors_info=&#8221;{}&#8221;][\/et_pb_blurb][et_pb_blurb title=&#8221;Regional edition Moldova (in Romanian, in Russian)&#8221; url=&#8221;https:\/\/www.donausoja.org\/wp-content\/uploads\/2022\/03\/BMP_Soia_ro_06.02.2020_Moldova_conventional-1.pdf&#8221; url_new_window=&#8221;on&#8221; use_icon=&#8221;on&#8221; font_icon=&#8221;&#xf019;||fa||900&#8243; disabled_on=&#8221;on|on|on&#8221; _builder_version=&#8221;4.16&#8243; _module_preset=&#8221;591a8906-608e-4daf-b2d8-77bd187d9121&#8243; custom_margin=&#8221;0px||||false|false&#8221; custom_padding=&#8221;0px||||false|false&#8221; link_option_url=&#8221;https:\/\/www.donausoja.org\/wp-content\/uploads\/2022\/03\/BMP_Soia_ro_06.02.2020_Moldova_conventional-1.pdf&#8221; link_option_url_new_window=&#8221;on&#8221; disabled=&#8221;on&#8221; global_colors_info=&#8221;{}&#8221;][\/et_pb_blurb][et_pb_blurb title=&#8221;Regional edition Moldova &#8211; organic (in Romanian, in Russian)&#8221; url=&#8221;https:\/\/www.donausoja.org\/wp-content\/uploads\/2022\/03\/Soia_ecologica_rom-22.05.2020_Moldova_organic-1.pdf&#8221; url_new_window=&#8221;on&#8221; use_icon=&#8221;on&#8221; font_icon=&#8221;&#xf019;||fa||900&#8243; disabled_on=&#8221;on|on|on&#8221; _builder_version=&#8221;4.16&#8243; _module_preset=&#8221;591a8906-608e-4daf-b2d8-77bd187d9121&#8243; custom_margin=&#8221;0px||||false|false&#8221; custom_padding=&#8221;0px||||false|false&#8221; link_option_url=&#8221;https:\/\/www.donausoja.org\/wp-content\/uploads\/2022\/03\/Soia_ecologica_rom-22.05.2020_Moldova_organic-1.pdf&#8221; link_option_url_new_window=&#8221;on&#8221; disabled=&#8221;on&#8221; global_colors_info=&#8221;{}&#8221;][\/et_pb_blurb][et_pb_blurb title=&#8221;Srbija&#8221; url=&#8221;https:\/\/www.donausoja.org\/wp-content\/uploads\/2023\/03\/Proizvodnja-soje-pream-Donau-Soja-Standardu-kvaliteta-RS-1.pdf&#8221; url_new_window=&#8221;on&#8221; use_icon=&#8221;on&#8221; font_icon=&#8221;&#xf019;||fa||900&#8243; disabled_on=&#8221;on|on|on&#8221; _builder_version=&#8221;4.21.0&#8243; _module_preset=&#8221;591a8906-608e-4daf-b2d8-77bd187d9121&#8243; custom_margin=&#8221;0px||||false|false&#8221; custom_padding=&#8221;0px||||false|false&#8221; link_option_url=&#8221;https:\/\/www.donausoja.org\/wp-content\/uploads\/2023\/03\/Proizvodnja-soje-pream-Donau-Soja-Standardu-kvaliteta-RS-1.pdf&#8221; link_option_url_new_window=&#8221;on&#8221; disabled=&#8221;on&#8221; global_colors_info=&#8221;{}&#8221;][\/et_pb_blurb][et_pb_blurb title=&#8221;Regional edition Ukraine&#8221; url=&#8221;https:\/\/www.donausoja.org\/wp-content\/uploads\/2022\/03\/BPM_tradiciina_tekhnologija-Ukraine_conventional-1.pdf&#8221; url_new_window=&#8221;on&#8221; use_icon=&#8221;on&#8221; font_icon=&#8221;&#xf019;||fa||900&#8243; disabled_on=&#8221;on|on|on&#8221; _builder_version=&#8221;4.16&#8243; _module_preset=&#8221;591a8906-608e-4daf-b2d8-77bd187d9121&#8243; custom_margin=&#8221;0px||||false|false&#8221; custom_padding=&#8221;0px||||false|false&#8221; link_option_url=&#8221;https:\/\/www.donausoja.org\/wp-content\/uploads\/2022\/03\/BPM_tradiciina_tekhnologija-Ukraine_conventional-1.pdf&#8221; link_option_url_new_window=&#8221;on&#8221; disabled=&#8221;on&#8221; global_colors_info=&#8221;{}&#8221;][\/et_pb_blurb][et_pb_blurb title=&#8221;Regional edition Ukraine &#8211; organic&#8221; url=&#8221;https:\/\/www.donausoja.org\/wp-content\/uploads\/2022\/03\/BRM__ua__Organichna_soja_z_Europy_Ukraine_organic-2.pdf&#8221; url_new_window=&#8221;on&#8221; use_icon=&#8221;on&#8221; font_icon=&#8221;&#xf019;||fa||900&#8243; disabled_on=&#8221;on|on|on&#8221; _builder_version=&#8221;4.16&#8243; _module_preset=&#8221;591a8906-608e-4daf-b2d8-77bd187d9121&#8243; custom_margin=&#8221;0px||||false|false&#8221; custom_padding=&#8221;0px||||false|false&#8221; link_option_url=&#8221;https:\/\/www.donausoja.org\/wp-content\/uploads\/2022\/03\/BRM__ua__Organichna_soja_z_Europy_Ukraine_organic-2.pdf&#8221; link_option_url_new_window=&#8221;on&#8221; disabled=&#8221;on&#8221; global_colors_info=&#8221;{}&#8221;][\/et_pb_blurb][\/et_pb_column][et_pb_column type=&#8221;1_2&#8243; _builder_version=&#8221;4.16&#8243; _module_preset=&#8221;default&#8221; global_colors_info=&#8221;{}&#8221;][et_pb_image src=&#8221;https:\/\/www.donausoja.org\/wp-content\/uploads\/2023\/08\/Ghidul_Fermierului_Cover.png&#8221; title_text=&#8221;Ghidul_Fermierului_Cover&#8221; _builder_version=&#8221;4.21.0&#8243; _module_preset=&#8221;default&#8221; box_shadow_style=&#8221;preset1&#8243; global_colors_info=&#8221;{}&#8221;][\/et_pb_image][\/et_pb_column][\/et_pb_row][\/et_pb_section]<\/p>\n","protected":false},"excerpt":{"rendered":"<p>Ghidul Fermierului Donau Soja\u201dGhidul Fermierului Donau Soja\u201d v\u0103 \u00eendrum\u0103 pe parcursul procesului de certificare a soiei Donau Soja \/ Europe Soya \u0219i v\u0103 ofer\u0103 informa\u021bii de baz\u0103 importante, precum \u0219i \u00eendrum\u0103ri detaliate privind modul de implementare a m\u0103surilor. Autori: Leopold Rittler, Mirjana Lalo\u0161evi\u0107, Dagmar Gollan, Milica Motika and Julia Weihs.Since 2016, Donau Soja has been [&hellip;]<\/p>\n","protected":false},"author":3,"featured_media":0,"parent":0,"menu_order":0,"comment_status":"closed","ping_status":"closed","template":"","meta":{"_et_pb_use_builder":"on","_et_pb_old_content":"","_et_gb_content_width":"","footnotes":""},"class_list":["post-25767","page","type-page","status-publish","hentry"],"yoast_head":"<!-- This site is optimized with the Yoast SEO plugin v27.4 - https:\/\/yoast.com\/product\/yoast-seo-wordpress\/ -->\n<title>Ghidul Fermierului Donau Soja - Donau Soja<\/title>\n<meta name=\"description\" content=\"\u201dGhidul Fermierului Donau Soja\u201d v\u0103 \u00eendrum\u0103 pe parcursul procesului de certificare a soiei Donau Soja \/ Europe Soya \u0219i v\u0103 ofer\u0103 informa\u021bii de baz\u0103 importante, precum \u0219i \u00eendrum\u0103ri detaliate privind modul de implementare a m\u0103surilor.\" \/>\n<meta name=\"robots\" content=\"index, follow, max-snippet:-1, max-image-preview:large, max-video-preview:-1\" \/>\n<link rel=\"canonical\" href=\"https:\/\/www.donausoja.org\/ro\/ghidul-fermierului\/\" \/>\n<meta property=\"og:locale\" content=\"ro_RO\" \/>\n<meta property=\"og:type\" content=\"article\" \/>\n<meta property=\"og:title\" content=\"Ghidul Fermierului Donau Soja - Donau Soja\" \/>\n<meta property=\"og:description\" content=\"\u201dGhidul Fermierului Donau Soja\u201d v\u0103 \u00eendrum\u0103 pe parcursul procesului de certificare a soiei Donau Soja \/ Europe Soya \u0219i v\u0103 ofer\u0103 informa\u021bii de baz\u0103 importante, precum \u0219i \u00eendrum\u0103ri detaliate privind modul de implementare a m\u0103surilor.\" \/>\n<meta property=\"og:url\" content=\"https:\/\/www.donausoja.org\/ro\/ghidul-fermierului\/\" \/>\n<meta property=\"og:site_name\" content=\"Donau Soja\" \/>\n<meta property=\"article:modified_time\" content=\"2024-10-01T07:29:03+00:00\" \/>\n<meta name=\"twitter:card\" content=\"summary_large_image\" \/>\n<meta name=\"twitter:label1\" content=\"Timp estimat pentru citire\" \/>\n\t<meta name=\"twitter:data1\" content=\"1 minut\" \/>\n<script type=\"application\/ld+json\" class=\"yoast-schema-graph\">{\"@context\":\"https:\\\/\\\/schema.org\",\"@graph\":[{\"@type\":\"WebPage\",\"@id\":\"https:\\\/\\\/www.donausoja.org\\\/ro\\\/ghidul-fermierului\\\/\",\"url\":\"https:\\\/\\\/www.donausoja.org\\\/ro\\\/ghidul-fermierului\\\/\",\"name\":\"Ghidul Fermierului Donau Soja - Donau Soja\",\"isPartOf\":{\"@id\":\"https:\\\/\\\/www.donausoja.org\\\/ro\\\/#website\"},\"datePublished\":\"2023-08-09T08:25:19+00:00\",\"dateModified\":\"2024-10-01T07:29:03+00:00\",\"description\":\"\u201dGhidul Fermierului Donau Soja\u201d v\u0103 \u00eendrum\u0103 pe parcursul procesului de certificare a soiei Donau Soja \\\/ Europe Soya \u0219i v\u0103 ofer\u0103 informa\u021bii de baz\u0103 importante, precum \u0219i \u00eendrum\u0103ri detaliate privind modul de implementare a m\u0103surilor.\",\"breadcrumb\":{\"@id\":\"https:\\\/\\\/www.donausoja.org\\\/ro\\\/ghidul-fermierului\\\/#breadcrumb\"},\"inLanguage\":\"ro-RO\",\"potentialAction\":[{\"@type\":\"ReadAction\",\"target\":[\"https:\\\/\\\/www.donausoja.org\\\/ro\\\/ghidul-fermierului\\\/\"]}]},{\"@type\":\"BreadcrumbList\",\"@id\":\"https:\\\/\\\/www.donausoja.org\\\/ro\\\/ghidul-fermierului\\\/#breadcrumb\",\"itemListElement\":[{\"@type\":\"ListItem\",\"position\":1,\"name\":\"Home\",\"item\":\"https:\\\/\\\/www.donausoja.org\\\/ro\\\/\"},{\"@type\":\"ListItem\",\"position\":2,\"name\":\"Ghidul Fermierului Donau Soja\"}]},{\"@type\":\"WebSite\",\"@id\":\"https:\\\/\\\/www.donausoja.org\\\/ro\\\/#website\",\"url\":\"https:\\\/\\\/www.donausoja.org\\\/ro\\\/\",\"name\":\"Donau Soja\",\"description\":\"Together for a European Protein Supply: Regional. Sustainable. Non-GM.\",\"potentialAction\":[{\"@type\":\"SearchAction\",\"target\":{\"@type\":\"EntryPoint\",\"urlTemplate\":\"https:\\\/\\\/www.donausoja.org\\\/ro\\\/?s={search_term_string}\"},\"query-input\":{\"@type\":\"PropertyValueSpecification\",\"valueRequired\":true,\"valueName\":\"search_term_string\"}}],\"inLanguage\":\"ro-RO\"}]}<\/script>\n<!-- \/ Yoast SEO plugin. -->","yoast_head_json":{"title":"Ghidul Fermierului Donau Soja - Donau Soja","description":"\u201dGhidul Fermierului Donau Soja\u201d v\u0103 \u00eendrum\u0103 pe parcursul procesului de certificare a soiei Donau Soja \/ Europe Soya \u0219i v\u0103 ofer\u0103 informa\u021bii de baz\u0103 importante, precum \u0219i \u00eendrum\u0103ri detaliate privind modul de implementare a m\u0103surilor.","robots":{"index":"index","follow":"follow","max-snippet":"max-snippet:-1","max-image-preview":"max-image-preview:large","max-video-preview":"max-video-preview:-1"},"canonical":"https:\/\/www.donausoja.org\/ro\/ghidul-fermierului\/","og_locale":"ro_RO","og_type":"article","og_title":"Ghidul Fermierului Donau Soja - Donau Soja","og_description":"\u201dGhidul Fermierului Donau Soja\u201d v\u0103 \u00eendrum\u0103 pe parcursul procesului de certificare a soiei Donau Soja \/ Europe Soya \u0219i v\u0103 ofer\u0103 informa\u021bii de baz\u0103 importante, precum \u0219i \u00eendrum\u0103ri detaliate privind modul de implementare a m\u0103surilor.","og_url":"https:\/\/www.donausoja.org\/ro\/ghidul-fermierului\/","og_site_name":"Donau Soja","article_modified_time":"2024-10-01T07:29:03+00:00","twitter_card":"summary_large_image","twitter_misc":{"Timp estimat pentru citire":"1 minut"},"schema":{"@context":"https:\/\/schema.org","@graph":[{"@type":"WebPage","@id":"https:\/\/www.donausoja.org\/ro\/ghidul-fermierului\/","url":"https:\/\/www.donausoja.org\/ro\/ghidul-fermierului\/","name":"Ghidul Fermierului Donau Soja - Donau Soja","isPartOf":{"@id":"https:\/\/www.donausoja.org\/ro\/#website"},"datePublished":"2023-08-09T08:25:19+00:00","dateModified":"2024-10-01T07:29:03+00:00","description":"\u201dGhidul Fermierului Donau Soja\u201d v\u0103 \u00eendrum\u0103 pe parcursul procesului de certificare a soiei Donau Soja \/ Europe Soya \u0219i v\u0103 ofer\u0103 informa\u021bii de baz\u0103 importante, precum \u0219i \u00eendrum\u0103ri detaliate privind modul de implementare a m\u0103surilor.","breadcrumb":{"@id":"https:\/\/www.donausoja.org\/ro\/ghidul-fermierului\/#breadcrumb"},"inLanguage":"ro-RO","potentialAction":[{"@type":"ReadAction","target":["https:\/\/www.donausoja.org\/ro\/ghidul-fermierului\/"]}]},{"@type":"BreadcrumbList","@id":"https:\/\/www.donausoja.org\/ro\/ghidul-fermierului\/#breadcrumb","itemListElement":[{"@type":"ListItem","position":1,"name":"Home","item":"https:\/\/www.donausoja.org\/ro\/"},{"@type":"ListItem","position":2,"name":"Ghidul Fermierului Donau Soja"}]},{"@type":"WebSite","@id":"https:\/\/www.donausoja.org\/ro\/#website","url":"https:\/\/www.donausoja.org\/ro\/","name":"Donau Soja","description":"Together for a European Protein Supply: Regional. Sustainable. Non-GM.","potentialAction":[{"@type":"SearchAction","target":{"@type":"EntryPoint","urlTemplate":"https:\/\/www.donausoja.org\/ro\/?s={search_term_string}"},"query-input":{"@type":"PropertyValueSpecification","valueRequired":true,"valueName":"search_term_string"}}],"inLanguage":"ro-RO"}]}},"_links":{"self":[{"href":"https:\/\/www.donausoja.org\/ro\/wp-json\/wp\/v2\/pages\/25767","targetHints":{"allow":["GET"]}}],"collection":[{"href":"https:\/\/www.donausoja.org\/ro\/wp-json\/wp\/v2\/pages"}],"about":[{"href":"https:\/\/www.donausoja.org\/ro\/wp-json\/wp\/v2\/types\/page"}],"author":[{"embeddable":true,"href":"https:\/\/www.donausoja.org\/ro\/wp-json\/wp\/v2\/users\/3"}],"replies":[{"embeddable":true,"href":"https:\/\/www.donausoja.org\/ro\/wp-json\/wp\/v2\/comments?post=25767"}],"version-history":[{"count":8,"href":"https:\/\/www.donausoja.org\/ro\/wp-json\/wp\/v2\/pages\/25767\/revisions"}],"predecessor-version":[{"id":48436,"href":"https:\/\/www.donausoja.org\/ro\/wp-json\/wp\/v2\/pages\/25767\/revisions\/48436"}],"wp:attachment":[{"href":"https:\/\/www.donausoja.org\/ro\/wp-json\/wp\/v2\/media?parent=25767"}],"curies":[{"name":"wp","href":"https:\/\/api.w.org\/{rel}","templated":true}]}}