
{"id":20229,"date":"2022-03-07T07:44:43","date_gmt":"2022-03-07T07:44:43","guid":{"rendered":"https:\/\/fourth.donausoja.org\/informatiilegale\/"},"modified":"2024-12-09T15:10:38","modified_gmt":"2024-12-09T15:10:38","slug":"informatii-legale","status":"publish","type":"page","link":"https:\/\/www.donausoja.org\/ro\/informatii-legale\/","title":{"rendered":"Informa\u021bii legale"},"content":{"rendered":"<p>[et_pb_section fb_built=&#8221;1&#8243; _builder_version=&#8221;4.16&#8243; _module_preset=&#8221;default&#8221; background_color=&#8221;RGBA(255,255,255,0)&#8221; da_disable_devices=&#8221;off|off|off&#8221; locked=&#8221;off&#8221; global_colors_info=&#8221;{}&#8221; da_is_popup=&#8221;off&#8221; da_exit_intent=&#8221;off&#8221; da_has_close=&#8221;on&#8221; da_alt_close=&#8221;off&#8221; da_dark_close=&#8221;off&#8221; da_not_modal=&#8221;on&#8221; da_is_singular=&#8221;off&#8221; da_with_loader=&#8221;off&#8221; da_has_shadow=&#8221;on&#8221;][et_pb_row _builder_version=&#8221;4.16&#8243; _module_preset=&#8221;default&#8221; custom_padding=&#8221;130px|||||&#8221; global_colors_info=&#8221;{}&#8221;][et_pb_column type=&#8221;4_4&#8243; _builder_version=&#8221;4.16&#8243; _module_preset=&#8221;default&#8221; global_colors_info=&#8221;{}&#8221;][et_pb_text admin_label=&#8221;Informatii legale&#8221; _builder_version=&#8221;4.17.6&#8243; _module_preset=&#8221;77a7a6a5-6cba-4e24-a8d7-1992b0adbe08&#8243; header_font=&#8221;Ubuntu|700|||||||&#8221; global_colors_info=&#8221;{}&#8221;]<\/p>\n<h1>Informa\u021bii legale<\/h1>\n<p>[\/et_pb_text][\/et_pb_column][\/et_pb_row][\/et_pb_section][et_pb_section fb_built=&#8221;1&#8243; _builder_version=&#8221;4.16&#8243; _module_preset=&#8221;default&#8221; background_color=&#8221;#F6F1E8&#8243; custom_padding=&#8221;||3px|||&#8221; da_disable_devices=&#8221;off|off|off&#8221; global_colors_info=&#8221;{}&#8221; da_is_popup=&#8221;off&#8221; da_exit_intent=&#8221;off&#8221; da_has_close=&#8221;on&#8221; da_alt_close=&#8221;off&#8221; da_dark_close=&#8221;off&#8221; da_not_modal=&#8221;on&#8221; da_is_singular=&#8221;off&#8221; da_with_loader=&#8221;off&#8221; da_has_shadow=&#8221;on&#8221;][et_pb_row _builder_version=&#8221;4.16&#8243; _module_preset=&#8221;default&#8221; global_colors_info=&#8221;{}&#8221;][et_pb_column type=&#8221;4_4&#8243; _builder_version=&#8221;4.16&#8243; _module_preset=&#8221;default&#8221; global_colors_info=&#8221;{}&#8221;][et_pb_text _builder_version=&#8221;4.27.3&#8243; _module_preset=&#8221;77a7a6a5-6cba-4e24-a8d7-1992b0adbe08&#8243; hover_enabled=&#8221;0&#8243; global_colors_info=&#8221;{}&#8221; sticky_enabled=&#8221;0&#8243;]<\/p>\n<h2>Informa\u021bii legale<\/h2>\n<p>&#8211;<br \/>Asocia\u021bia Donau Soja<br \/>Wiesingerstra\u00dfe 6\/14<br \/>1010 Vienna<br \/>Austria<\/p>\n<p>Tel: + 43 1 512 17 44 10<\/p>\n<p>E-Mail: <a href=\"mailto:office@donausoja.org\">office@donausoja.org<\/a><\/p>\n<p>ZVR-Num\u0103r (Registrul Central al Asocia\u021biilor): 974917455<\/p>\n<p>TVA: ATU 677 36 989<\/p>\n<p>Pre\u0219edinte \u0219i Proprietar: Matthias Kr\u00f6n<\/p>\n<p>C\u0103tre Statutele <a href=\"https:\/\/www.donausoja.org\/wp-content\/uploads\/2024\/12\/DS-Statutes-Donau-Soja_26062024.pdf\" target=\"_blank\" rel=\"noopener\">Donau Soja.<\/a><\/p>\n<p>Editat: Donau Soja<\/p>\n<p>Implimentat: <a href=\"http:\/\/www.iservice.at\" target=\"_blank\" rel=\"noopener\">iService<\/a><\/p>\n<p>Politica de Confiden\u021bialitate: G\u0103si\u021bi <a href=\"https:\/\/www.donausoja.org\/privacy-policy\/\">aici Politica Noastr\u0103 de Confiden\u021bialitate<\/a>.<\/p>\n<p>Din motive de lizibilitate, \u00een text a fost aleas\u0103 forma masculin\u0103, dar informa\u021biile se refer\u0103 totu\u0219i la membri de toate genurile.<\/p>\n<p>Drepturile asupra imaginilor:<\/p>\n<p>Harta Europei, desen \u00een acuarel\u0103: \u00a9Brigitte Baldrian<br \/>Toate drepturile rezervate de \u00a9 Donau Soja cu excep\u021bia cazului \u00een care nu se specific\u0103 altfel.<br \/>Pentru solicit\u0103ri poze rug\u0103m s\u0103 contacta\u021bi <a href=\"https:\/\/www.donausoja.org\/news\/press-contacts\/\">personalul nostru de pres\u0103<\/a>.<\/p>\n<p>Sus\u021binut de:<\/p>\n<p>[\/et_pb_text][et_pb_image src=&#8221;https:\/\/www.donausoja.org\/wp-content\/uploads\/2022\/02\/ADA-Logo-JPG_new-with-border.jpg&#8221; title_text=&#8221;Logos_2020.indd&#8221; _builder_version=&#8221;4.16&#8243; _module_preset=&#8221;default&#8221; max_width=&#8221;250px&#8221; custom_padding=&#8221;20px||||false|false&#8221; box_shadow_style=&#8221;preset1&#8243; global_colors_info=&#8221;{}&#8221;][\/et_pb_image][\/et_pb_column][\/et_pb_row][\/et_pb_section]<\/p>\n","protected":false},"excerpt":{"rendered":"<p>Informa\u021bii legaleInforma\u021bii legale -Asocia\u021bia Donau SojaWiesingerstra\u00dfe 6\/141010 ViennaAustria Tel: + 43 1 512 17 44 10 E-Mail: office@donausoja.org ZVR-Num\u0103r (Registrul Central al Asocia\u021biilor): 974917455 TVA: ATU 677 36 989 Pre\u0219edinte \u0219i Proprietar: Matthias Kr\u00f6n C\u0103tre Statutele Donau Soja. Editat: Donau Soja Implimentat: iService Politica de Confiden\u021bialitate: G\u0103si\u021bi aici Politica Noastr\u0103 de Confiden\u021bialitate. Din motive de [&hellip;]<\/p>\n","protected":false},"author":19,"featured_media":68,"parent":0,"menu_order":0,"comment_status":"open","ping_status":"open","template":"","meta":{"_et_pb_use_builder":"on","_et_pb_old_content":"<p>[et_pb_section fb_built=\"1\" _builder_version=\"4.16\" _module_preset=\"default\" background_color=\"RGBA(255,255,255,0)\" locked=\"off\" global_colors_info=\"{}\"][et_pb_row _builder_version=\"4.16\" _module_preset=\"default\" custom_padding=\"130px|||||\" global_colors_info=\"{}\"][et_pb_column type=\"4_4\" _builder_version=\"4.16\" _module_preset=\"default\" global_colors_info=\"{}\"][et_pb_text admin_label=\"Headline\" _builder_version=\"4.16\" _module_preset=\"77a7a6a5-6cba-4e24-a8d7-1992b0adbe08\" header_font=\"Ubuntu|700|||||||\" header_text_shadow_style=\"preset3\" global_colors_info=\"{}\"]<\/p><h1>Imprint<\/h1><p>[\/et_pb_text][\/et_pb_column][\/et_pb_row][\/et_pb_section][et_pb_section fb_built=\"1\" _builder_version=\"4.16\" _module_preset=\"default\" background_color=\"#F6F1E8\" custom_padding=\"||3px|||\" global_colors_info=\"{}\"][et_pb_row _builder_version=\"4.16\" _module_preset=\"default\" global_colors_info=\"{}\"][et_pb_column type=\"4_4\" _builder_version=\"4.16\" _module_preset=\"default\" global_colors_info=\"{}\"][et_pb_text _builder_version=\"4.16\" _module_preset=\"77a7a6a5-6cba-4e24-a8d7-1992b0adbe08\" global_colors_info=\"{}\"]<\/p><h2>Publisher<\/h2><p>-<br \/>Donau Soja Association<br \/>Wiesingerstra\u00dfe 6\/14<br \/>1010 Vienna<br \/>Austria<\/p><p>Telephone: + 43 1 512 17 44 10<\/p><p>E-Mail: <a href=\"mailto:office@donausoja.org\">office@donausoja.org<\/a><\/p><p>ZVR-Number (Central Register of Associations): 974917455<\/p><p>VAT number Association: ATU 677 36 989<\/p><p>President & Chairman: Matthias Kr\u00f6n<\/p><p>To the <a href=\"https:\/\/www.donausoja.org\/wp-content\/uploads\/2022\/02\/DS_Statutes__Donau_Soja-1.pdf\" target=\"_blank\" rel=\"noopener\">Donau Soja statutes.<\/a><\/p><p>Editing: Donau Soja<\/p><p>Implementation: <a href=\"http:\/\/www.iservice.at\" target=\"_blank\" rel=\"noopener\">iService<\/a><\/p><p>Privacy policy: Find here our <a href=\"https:\/\/www.donausoja.org\/privacy-policy\/\">privacy policy.<\/a><br \/>For reasons of the legibility the male form was chosen in the text, the information refers nevertheless to members of all genders.<\/p><p>Picture credits:<br \/>Map of Europe, watercolour drawing: \u00a9Brigitte Baldrian<br \/>All credits are \u00a9 Donau Soja unless not stated otherwise<br \/>For photo enquiries please contact our <a href=\"https:\/\/www.donausoja.org\/news\/press-contacts\/\">press staff. <\/a><\/p><p>Supported by:<\/p><p>[\/et_pb_text][et_pb_image src=\"https:\/\/www.donausoja.org\/wp-content\/uploads\/2022\/02\/ADA-Logo-JPG_new-with-border.jpg\" title_text=\"Logos_2020.indd\" _builder_version=\"4.16\" _module_preset=\"default\" max_width=\"250px\" custom_padding=\"20px||||false|false\" box_shadow_style=\"preset1\" global_colors_info=\"{}\"][\/et_pb_image][\/et_pb_column][\/et_pb_row][\/et_pb_section]<\/p>","_et_gb_content_width":"","footnotes":""},"class_list":["post-20229","page","type-page","status-publish","has-post-thumbnail","hentry"],"yoast_head":"<!-- This site is optimized with the Yoast SEO plugin v27.4 - https:\/\/yoast.com\/product\/yoast-seo-wordpress\/ -->\n<title>Informa\u021bii legale - Donau Soja<\/title>\n<meta name=\"description\" content=\"Men\u021biuni legale publicate de Donau Soja.\" \/>\n<meta name=\"robots\" content=\"index, follow, max-snippet:-1, max-image-preview:large, max-video-preview:-1\" \/>\n<link rel=\"canonical\" href=\"https:\/\/www.donausoja.org\/ro\/informatii-legale\/\" \/>\n<meta property=\"og:locale\" content=\"ro_RO\" \/>\n<meta property=\"og:type\" content=\"article\" \/>\n<meta property=\"og:title\" content=\"Informa\u021bii legale - Donau Soja\" \/>\n<meta property=\"og:description\" content=\"Men\u021biuni legale publicate de Donau Soja.\" \/>\n<meta property=\"og:url\" content=\"https:\/\/www.donausoja.org\/ro\/informatii-legale\/\" \/>\n<meta property=\"og:site_name\" content=\"Donau Soja\" \/>\n<meta property=\"article:modified_time\" content=\"2024-12-09T15:10:38+00:00\" \/>\n<meta property=\"og:image\" content=\"https:\/\/www.donausoja.org\/wp-content\/uploads\/2021\/12\/cropped-donausoja_favicon2_512-1-e1645618911394.png\" \/>\n\t<meta property=\"og:image:width\" content=\"212\" \/>\n\t<meta property=\"og:image:height\" content=\"212\" \/>\n\t<meta property=\"og:image:type\" content=\"image\/png\" \/>\n<meta name=\"twitter:card\" content=\"summary_large_image\" \/>\n<meta name=\"twitter:label1\" content=\"Timp estimat pentru citire\" \/>\n\t<meta name=\"twitter:data1\" content=\"1 minut\" \/>\n<script type=\"application\/ld+json\" class=\"yoast-schema-graph\">{\"@context\":\"https:\\\/\\\/schema.org\",\"@graph\":[{\"@type\":\"WebPage\",\"@id\":\"https:\\\/\\\/www.donausoja.org\\\/ro\\\/informatii-legale\\\/\",\"url\":\"https:\\\/\\\/www.donausoja.org\\\/ro\\\/informatii-legale\\\/\",\"name\":\"Informa\u021bii legale - Donau Soja\",\"isPartOf\":{\"@id\":\"https:\\\/\\\/www.donausoja.org\\\/ro\\\/#website\"},\"primaryImageOfPage\":{\"@id\":\"https:\\\/\\\/www.donausoja.org\\\/ro\\\/informatii-legale\\\/#primaryimage\"},\"image\":{\"@id\":\"https:\\\/\\\/www.donausoja.org\\\/ro\\\/informatii-legale\\\/#primaryimage\"},\"thumbnailUrl\":\"https:\\\/\\\/www.donausoja.org\\\/wp-content\\\/uploads\\\/2021\\\/12\\\/cropped-donausoja_favicon2_512-1-e1645618911394.png\",\"datePublished\":\"2022-03-07T07:44:43+00:00\",\"dateModified\":\"2024-12-09T15:10:38+00:00\",\"description\":\"Men\u021biuni legale publicate de Donau Soja.\",\"breadcrumb\":{\"@id\":\"https:\\\/\\\/www.donausoja.org\\\/ro\\\/informatii-legale\\\/#breadcrumb\"},\"inLanguage\":\"ro-RO\",\"potentialAction\":[{\"@type\":\"ReadAction\",\"target\":[\"https:\\\/\\\/www.donausoja.org\\\/ro\\\/informatii-legale\\\/\"]}]},{\"@type\":\"ImageObject\",\"inLanguage\":\"ro-RO\",\"@id\":\"https:\\\/\\\/www.donausoja.org\\\/ro\\\/informatii-legale\\\/#primaryimage\",\"url\":\"https:\\\/\\\/www.donausoja.org\\\/wp-content\\\/uploads\\\/2021\\\/12\\\/cropped-donausoja_favicon2_512-1-e1645618911394.png\",\"contentUrl\":\"https:\\\/\\\/www.donausoja.org\\\/wp-content\\\/uploads\\\/2021\\\/12\\\/cropped-donausoja_favicon2_512-1-e1645618911394.png\",\"width\":212,\"height\":212},{\"@type\":\"BreadcrumbList\",\"@id\":\"https:\\\/\\\/www.donausoja.org\\\/ro\\\/informatii-legale\\\/#breadcrumb\",\"itemListElement\":[{\"@type\":\"ListItem\",\"position\":1,\"name\":\"Home\",\"item\":\"https:\\\/\\\/www.donausoja.org\\\/ro\\\/\"},{\"@type\":\"ListItem\",\"position\":2,\"name\":\"Informa\u021bii legale\"}]},{\"@type\":\"WebSite\",\"@id\":\"https:\\\/\\\/www.donausoja.org\\\/ro\\\/#website\",\"url\":\"https:\\\/\\\/www.donausoja.org\\\/ro\\\/\",\"name\":\"Donau Soja\",\"description\":\"Together for a European Protein Supply: Regional. Sustainable. Non-GM.\",\"potentialAction\":[{\"@type\":\"SearchAction\",\"target\":{\"@type\":\"EntryPoint\",\"urlTemplate\":\"https:\\\/\\\/www.donausoja.org\\\/ro\\\/?s={search_term_string}\"},\"query-input\":{\"@type\":\"PropertyValueSpecification\",\"valueRequired\":true,\"valueName\":\"search_term_string\"}}],\"inLanguage\":\"ro-RO\"}]}<\/script>\n<!-- \/ Yoast SEO plugin. -->","yoast_head_json":{"title":"Informa\u021bii legale - Donau Soja","description":"Men\u021biuni legale publicate de Donau Soja.","robots":{"index":"index","follow":"follow","max-snippet":"max-snippet:-1","max-image-preview":"max-image-preview:large","max-video-preview":"max-video-preview:-1"},"canonical":"https:\/\/www.donausoja.org\/ro\/informatii-legale\/","og_locale":"ro_RO","og_type":"article","og_title":"Informa\u021bii legale - Donau Soja","og_description":"Men\u021biuni legale publicate de Donau Soja.","og_url":"https:\/\/www.donausoja.org\/ro\/informatii-legale\/","og_site_name":"Donau Soja","article_modified_time":"2024-12-09T15:10:38+00:00","og_image":[{"width":212,"height":212,"url":"https:\/\/www.donausoja.org\/wp-content\/uploads\/2021\/12\/cropped-donausoja_favicon2_512-1-e1645618911394.png","type":"image\/png"}],"twitter_card":"summary_large_image","twitter_misc":{"Timp estimat pentru citire":"1 minut"},"schema":{"@context":"https:\/\/schema.org","@graph":[{"@type":"WebPage","@id":"https:\/\/www.donausoja.org\/ro\/informatii-legale\/","url":"https:\/\/www.donausoja.org\/ro\/informatii-legale\/","name":"Informa\u021bii legale - Donau Soja","isPartOf":{"@id":"https:\/\/www.donausoja.org\/ro\/#website"},"primaryImageOfPage":{"@id":"https:\/\/www.donausoja.org\/ro\/informatii-legale\/#primaryimage"},"image":{"@id":"https:\/\/www.donausoja.org\/ro\/informatii-legale\/#primaryimage"},"thumbnailUrl":"https:\/\/www.donausoja.org\/wp-content\/uploads\/2021\/12\/cropped-donausoja_favicon2_512-1-e1645618911394.png","datePublished":"2022-03-07T07:44:43+00:00","dateModified":"2024-12-09T15:10:38+00:00","description":"Men\u021biuni legale publicate de Donau Soja.","breadcrumb":{"@id":"https:\/\/www.donausoja.org\/ro\/informatii-legale\/#breadcrumb"},"inLanguage":"ro-RO","potentialAction":[{"@type":"ReadAction","target":["https:\/\/www.donausoja.org\/ro\/informatii-legale\/"]}]},{"@type":"ImageObject","inLanguage":"ro-RO","@id":"https:\/\/www.donausoja.org\/ro\/informatii-legale\/#primaryimage","url":"https:\/\/www.donausoja.org\/wp-content\/uploads\/2021\/12\/cropped-donausoja_favicon2_512-1-e1645618911394.png","contentUrl":"https:\/\/www.donausoja.org\/wp-content\/uploads\/2021\/12\/cropped-donausoja_favicon2_512-1-e1645618911394.png","width":212,"height":212},{"@type":"BreadcrumbList","@id":"https:\/\/www.donausoja.org\/ro\/informatii-legale\/#breadcrumb","itemListElement":[{"@type":"ListItem","position":1,"name":"Home","item":"https:\/\/www.donausoja.org\/ro\/"},{"@type":"ListItem","position":2,"name":"Informa\u021bii legale"}]},{"@type":"WebSite","@id":"https:\/\/www.donausoja.org\/ro\/#website","url":"https:\/\/www.donausoja.org\/ro\/","name":"Donau Soja","description":"Together for a European Protein Supply: Regional. Sustainable. Non-GM.","potentialAction":[{"@type":"SearchAction","target":{"@type":"EntryPoint","urlTemplate":"https:\/\/www.donausoja.org\/ro\/?s={search_term_string}"},"query-input":{"@type":"PropertyValueSpecification","valueRequired":true,"valueName":"search_term_string"}}],"inLanguage":"ro-RO"}]}},"_links":{"self":[{"href":"https:\/\/www.donausoja.org\/ro\/wp-json\/wp\/v2\/pages\/20229","targetHints":{"allow":["GET"]}}],"collection":[{"href":"https:\/\/www.donausoja.org\/ro\/wp-json\/wp\/v2\/pages"}],"about":[{"href":"https:\/\/www.donausoja.org\/ro\/wp-json\/wp\/v2\/types\/page"}],"author":[{"embeddable":true,"href":"https:\/\/www.donausoja.org\/ro\/wp-json\/wp\/v2\/users\/19"}],"replies":[{"embeddable":true,"href":"https:\/\/www.donausoja.org\/ro\/wp-json\/wp\/v2\/comments?post=20229"}],"version-history":[{"count":2,"href":"https:\/\/www.donausoja.org\/ro\/wp-json\/wp\/v2\/pages\/20229\/revisions"}],"predecessor-version":[{"id":51836,"href":"https:\/\/www.donausoja.org\/ro\/wp-json\/wp\/v2\/pages\/20229\/revisions\/51836"}],"wp:featuredmedia":[{"embeddable":true,"href":"https:\/\/www.donausoja.org\/ro\/wp-json\/wp\/v2\/media\/68"}],"wp:attachment":[{"href":"https:\/\/www.donausoja.org\/ro\/wp-json\/wp\/v2\/media?parent=20229"}],"curies":[{"name":"wp","href":"https:\/\/api.w.org\/{rel}","templated":true}]}}