
{"id":19896,"date":"2022-02-10T08:49:07","date_gmt":"2022-02-10T08:49:07","guid":{"rendered":"https:\/\/fourth.donausoja.org\/proiecte\/proiecte-anterioare\/ada-devram\/"},"modified":"2024-10-01T08:18:25","modified_gmt":"2024-10-01T08:18:25","slug":"ada-devram","status":"publish","type":"page","link":"https:\/\/www.donausoja.org\/ro\/proiecte\/proiecte-anterioare\/ada-devram\/","title":{"rendered":"ADA\/DevRAM"},"content":{"rendered":"<p>[et_pb_section fb_built=&#8221;1&#8243; _builder_version=&#8221;4.16&#8243; _module_preset=&#8221;default&#8221; background_color=&#8221;RGBA(255,255,255,0)&#8221; locked=&#8221;off&#8221; global_colors_info=&#8221;{}&#8221; da_is_popup=&#8221;off&#8221; da_exit_intent=&#8221;off&#8221; da_has_close=&#8221;on&#8221; da_alt_close=&#8221;off&#8221; da_dark_close=&#8221;off&#8221; da_not_modal=&#8221;on&#8221; da_is_singular=&#8221;off&#8221; da_with_loader=&#8221;off&#8221; da_has_shadow=&#8221;on&#8221; da_disable_devices=&#8221;off|off|off&#8221;][et_pb_row _builder_version=&#8221;4.16&#8243; _module_preset=&#8221;default&#8221; custom_padding=&#8221;130px|||||&#8221; global_colors_info=&#8221;{}&#8221;][et_pb_column type=&#8221;4_4&#8243; _builder_version=&#8221;4.16&#8243; _module_preset=&#8221;default&#8221; global_colors_info=&#8221;{}&#8221;][et_pb_text _builder_version=&#8221;4.16&#8243; _module_preset=&#8221;77a7a6a5-6cba-4e24-a8d7-1992b0adbe08&#8243; header_font=&#8221;Ubuntu|700|||||||&#8221; global_colors_info=&#8221;{}&#8221;]<\/p>\n<section class=\"elementor-section elementor-top-section elementor-element elementor-element-87ac4cf elementor-section-height-min-height elementor-section-items-bottom elementor-section-boxed elementor-section-height-default\" data-id=\"87ac4cf\" data-element_type=\"section\" data-settings=\"{&quot;background_background&quot;:&quot;classic&quot;}\">\n<div class=\"elementor-container elementor-column-gap-default\">\n<div class=\"elementor-row\">\n<div class=\"elementor-column elementor-col-100 elementor-top-column elementor-element elementor-element-43eb478\" data-id=\"43eb478\" data-element_type=\"column\">\n<div class=\"elementor-column-wrap elementor-element-populated\">\n<div class=\"elementor-widget-wrap\">\n<div class=\"elementor-element elementor-element-d918ba3 elementor-widget elementor-widget-heading elementor-motion-effects-parent animated fadeInUp\" data-id=\"d918ba3\" data-element_type=\"widget\" data-settings=\"{&quot;motion_fx_motion_fx_scrolling&quot;:&quot;yes&quot;,&quot;motion_fx_opacity_effect&quot;:&quot;yes&quot;,&quot;motion_fx_opacity_direction&quot;:&quot;in-out&quot;,&quot;motion_fx_opacity_range&quot;:{&quot;unit&quot;:&quot;%&quot;,&quot;size&quot;:&quot;&quot;,&quot;sizes&quot;:{&quot;start&quot;:74,&quot;end&quot;:90}},&quot;_animation&quot;:&quot;fadeInUp&quot;,&quot;motion_fx_opacity_level&quot;:{&quot;unit&quot;:&quot;px&quot;,&quot;size&quot;:10,&quot;sizes&quot;:[]},&quot;motion_fx_devices&quot;:[&quot;desktop&quot;,&quot;tablet&quot;,&quot;mobile&quot;]}\" data-widget_type=\"heading.default\">\n<div class=\"elementor-widget-container elementor-motion-effects-element\">\n<h1 class=\"elementor-heading-title elementor-size-xl\">ADA\/DevRAM<\/h1>\n<\/div>\n<\/div>\n<\/div>\n<\/div>\n<\/div>\n<\/div>\n<\/div>\n<\/section>\n<section class=\"elementor-section elementor-top-section elementor-element elementor-element-71a6ab2 elementor-section-boxed elementor-section-height-default elementor-section-height-default\" data-id=\"71a6ab2\" data-element_type=\"section\" data-settings=\"{&quot;background_background&quot;:&quot;classic&quot;}\">\n<div class=\"elementor-container elementor-column-gap-extended\">\n<div class=\"elementor-row\">\n<div class=\"elementor-column elementor-col-50 elementor-top-column elementor-element elementor-element-7edcb0e\" data-id=\"7edcb0e\" data-element_type=\"column\" data-settings=\"{&quot;background_background&quot;:&quot;classic&quot;}\">\n<div class=\"elementor-column-wrap elementor-element-populated\">\n<div class=\"elementor-widget-wrap\">\n<div class=\"elementor-element elementor-element-2a0b713 elementor-widget elementor-widget-text-editor\" data-id=\"2a0b713\" data-element_type=\"widget\" data-widget_type=\"text-editor.default\">\n<div class=\"elementor-widget-container\"><\/div>\n<\/div>\n<\/div>\n<\/div>\n<\/div>\n<\/div>\n<\/div>\n<\/section>\n<p>[\/et_pb_text][\/et_pb_column][\/et_pb_row][\/et_pb_section][et_pb_section fb_built=&#8221;1&#8243; _builder_version=&#8221;4.16&#8243; _module_preset=&#8221;default&#8221; background_color=&#8221;#F6F1E8&#8243; custom_padding=&#8221;4px||3px|||&#8221; global_colors_info=&#8221;{}&#8221; da_is_popup=&#8221;off&#8221; da_exit_intent=&#8221;off&#8221; da_has_close=&#8221;on&#8221; da_alt_close=&#8221;off&#8221; da_dark_close=&#8221;off&#8221; da_not_modal=&#8221;on&#8221; da_is_singular=&#8221;off&#8221; da_with_loader=&#8221;off&#8221; da_has_shadow=&#8221;on&#8221; da_disable_devices=&#8221;off|off|off&#8221;][et_pb_row column_structure=&#8221;2_3,1_3&#8243; _builder_version=&#8221;4.16&#8243; _module_preset=&#8221;default&#8221; background_color=&#8221;#ffffff&#8221; custom_margin=&#8221;20px||20px||false|false&#8221; custom_padding=&#8221;0px|20px||20px|false|false&#8221; global_colors_info=&#8221;{}&#8221;][et_pb_column type=&#8221;2_3&#8243; _builder_version=&#8221;4.16&#8243; _module_preset=&#8221;default&#8221; global_colors_info=&#8221;{}&#8221;][et_pb_text _builder_version=&#8221;4.17.6&#8243; _module_preset=&#8221;77a7a6a5-6cba-4e24-a8d7-1992b0adbe08&#8243; global_colors_info=&#8221;{}&#8221;]<\/p>\n<p><strong>COOPERARE \u00ceNTRE AGEN\u021aIA AUSTRIAC\u0102 DE DEZVOLTARE (ADA) \u0218I UNIUNEA EUROPEAN\u0102<\/strong><\/p>\n<p>Proiectul are ca scop cre\u0219terea competitivit\u0103\u021bii sectorului agroalimentar din Moldova, prin integrarea \u00een lan\u021burile valorice interne \u0219i globale, \u00een special \u00een sectorul de cultivare a boabelor de soia.<\/p>\n<p>\u00cempreun\u0103 cu partenerul s\u0103u de consor\u021biu, ONG-ul din Moldova Pro Didactica, Donau Soja implementeaz\u0103 un proiect de stimulare a competitivit\u0103\u021bii sectorului agroalimentar din Moldova, cu un accent special pe lan\u021bul valoric al soiei. Acest proiect finan\u021bat de UE \u0219i gestionat de ADA \u00ee\u0219i propune s\u0103 \u00eembun\u0103t\u0103\u021beasc\u0103 standardele de calitate existente \u0219i s\u0103 consolideze capacit\u0103\u021bile \u00een instruirea profesional\u0103 \u0219i agricol\u0103.<\/p>\n<p>Proiectul completeaz\u0103 componenta din Moldova a parteneriatului strategic, organizat la nivel regional \u00eentre ADA \u0219i Donau Soja, care faciliteaz\u0103 formarea lan\u021burilor valorice durabile \u0219i incluzive pentru soia non-OMG \u0219i organic\u0103 \u00een Bosnia \u0219i Her\u021begovina, Serbia, Moldova \u0219i Ucraina.<\/p>\n<p>ADA a acordat un grant consor\u021biului de proiect format din Donau Soja \u0219i Centrul de \u00eenv\u0103\u021b\u0103m\u00e2nt Pro Didactica, pentru a implementa activit\u0103\u021bi care includ patru componente:<\/p>\n<p>[\/et_pb_text][et_pb_blurb url_new_window=&#8221;on&#8221; use_icon=&#8221;on&#8221; font_icon=&#8221;&#xf0c8;||fa||900&#8243; _builder_version=&#8221;4.17.6&#8243; _module_preset=&#8221;591a8906-608e-4daf-b2d8-77bd187d9121&#8243; header_font=&#8221;|700|||||||&#8221; link_option_url_new_window=&#8221;on&#8221; locked=&#8221;off&#8221; global_colors_info=&#8221;{}&#8221;]<\/p>\n<p>Componenta 1: Consolidarea capacit\u0103\u021bilor de inovare \u0219i instruire \u00een agricultur\u0103 \u00een Moldova<\/p>\n<p>[\/et_pb_blurb][et_pb_blurb url_new_window=&#8221;on&#8221; use_icon=&#8221;on&#8221; font_icon=&#8221;&#xf0c8;||fa||900&#8243; _builder_version=&#8221;4.17.6&#8243; _module_preset=&#8221;591a8906-608e-4daf-b2d8-77bd187d9121&#8243; header_font=&#8221;|700|||||||&#8221; link_option_url_new_window=&#8221;on&#8221; locked=&#8221;off&#8221; global_colors_info=&#8221;{}&#8221;]<\/p>\n<p>Componenta 2: Facilitarea accesului pe pia\u021b\u0103 \u0219i stimularea cererii de produse agroalimentare certificate \u0219i ecologice pe pie\u021bele na\u021bionale \u0219i externe<\/p>\n<p>[\/et_pb_blurb][et_pb_blurb url_new_window=&#8221;on&#8221; use_icon=&#8221;on&#8221; font_icon=&#8221;&#xf0c8;||fa||900&#8243; _builder_version=&#8221;4.17.6&#8243; _module_preset=&#8221;591a8906-608e-4daf-b2d8-77bd187d9121&#8243; header_font=&#8221;|700|||||||&#8221; link_option_url_new_window=&#8221;on&#8221; locked=&#8221;off&#8221; global_colors_info=&#8221;{}&#8221;]<\/p>\n<p>Componenta 3: Utilizarea standardelor \u0219i certific\u0103rii pentru a cre\u0219te performan\u021ba lan\u021burilor valorice<\/p>\n<p>[\/et_pb_blurb][et_pb_blurb url_new_window=&#8221;on&#8221; use_icon=&#8221;on&#8221; font_icon=&#8221;&#xf0c8;||fa||900&#8243; _builder_version=&#8221;4.17.6&#8243; _module_preset=&#8221;591a8906-608e-4daf-b2d8-77bd187d9121&#8243; header_font=&#8221;|700|||||||&#8221; link_option_url_new_window=&#8221;on&#8221; locked=&#8221;off&#8221; global_colors_info=&#8221;{}&#8221;]<\/p>\n<p>Componenta 4: Promovarea unui mediu adecvat pentru asigurarea standardelor de calitate \u00een sectorul agroalimentar (inclusiv agricultura \u0219i produsele ecologice) \u0219i alinierea cadrului legal \u0219i actelor de politici din Moldova la standardele de calitate ale Uniunii Europene.<\/p>\n<p>[\/et_pb_blurb][et_pb_text _builder_version=&#8221;4.17.6&#8243; _module_preset=&#8221;77a7a6a5-6cba-4e24-a8d7-1992b0adbe08&#8243; global_colors_info=&#8221;{}&#8221;]<\/p>\n<p>Una dintre priorit\u0103\u021bile pentru implementarea cu succes a acestor activit\u0103\u021bi este asigurarea calit\u0103\u021bii. \u00cen procesul de implementare se vor lua \u00een considerare standardele \u0219i m\u0103surile de protec\u021bie \u00een aspecte sociale \u0219i de mediu, precum \u0219i egalitatea de gen. Proiectul va contribui direct \u0219i indirect la Obiectivele de Dezvoltare Durabil\u0103 (ODD) ONU, \u00een special ODD 1, 2, 4, 8, 9, 12, 13 \u0219i 15. Beneficiarii direc\u021bi ai proiectului sunt aproximativ 300 de produc\u0103tori de soia, patru colectori, 15 produc\u0103tori de furaje \u0219i alimente, Centrul de Excelen\u021b\u0103 \u00een Horticultur\u0103 \u0219i Tehnologii Agricole din Moldova \u0219i \u0219ase institu\u021bii VET. Mai mult dec\u00e2t at\u00e2t, 550 de angaja\u021bi dintre toate p\u0103r\u021bile interesate din lan\u021bul valoric, 150 de profesori din toate \u0219colile implicate \u0219i 150 de studen\u021bi beneficiaz\u0103 direct de acest proiect.<\/p>\n<p>[\/et_pb_text][\/et_pb_column][et_pb_column type=&#8221;1_3&#8243; _builder_version=&#8221;4.16&#8243; _module_preset=&#8221;default&#8221; global_colors_info=&#8221;{}&#8221;][et_pb_image src=&#8221;https:\/\/www.donausoja.org\/wp-content\/uploads\/2022\/02\/project-founded-european-union.png&#8221; title_text=&#8221;project-founded-european-union&#8221; _builder_version=&#8221;4.16&#8243; _module_preset=&#8221;default&#8221; custom_margin=&#8221;20px||||false|false&#8221; custom_padding=&#8221;20px|20px|20px|20px|false|false&#8221; box_shadow_style=&#8221;preset1&#8243; global_colors_info=&#8221;{}&#8221;][\/et_pb_image][et_pb_image src=&#8221;https:\/\/www.donausoja.org\/wp-content\/uploads\/2022\/02\/ADA_Logo_JPEG-300&#215;128-1-1.jpg&#8221; title_text=&#8221;ADA_Logo_JPEG-300&#215;128-1&#8243; _builder_version=&#8221;4.16&#8243; _module_preset=&#8221;default&#8221; custom_margin=&#8221;4px||||false|false&#8221; custom_padding=&#8221;20px|20px|20px|20px|false|false&#8221; box_shadow_style=&#8221;preset1&#8243; global_colors_info=&#8221;{}&#8221;][\/et_pb_image][et_pb_image src=&#8221;https:\/\/www.donausoja.org\/wp-content\/uploads\/2022\/02\/ProDidactica.png&#8221; title_text=&#8221;ProDidactica&#8221; align=&#8221;center&#8221; _builder_version=&#8221;4.16&#8243; _module_preset=&#8221;default&#8221; custom_margin=&#8221;4px||||false|false&#8221; custom_padding=&#8221;20px|20px|20px|20px|false|false&#8221; box_shadow_style=&#8221;preset1&#8243; global_colors_info=&#8221;{}&#8221;][\/et_pb_image][et_pb_image src=&#8221;https:\/\/www.donausoja.org\/wp-content\/uploads\/2022\/03\/WhatsApp-Image-2021-08-10-at-13.42.25.jpeg&#8221; title_text=&#8221;WhatsApp Image 2021-08-10 at 13.42.25&#8243; align=&#8221;center&#8221; _builder_version=&#8221;4.16&#8243; _module_preset=&#8221;default&#8221; custom_margin=&#8221;4px||||false|false&#8221; custom_padding=&#8221;20px|20px|20px|20px|false|false&#8221; box_shadow_style=&#8221;preset1&#8243; global_colors_info=&#8221;{}&#8221;][\/et_pb_image][\/et_pb_column][\/et_pb_row][\/et_pb_section]<\/p>\n","protected":false},"excerpt":{"rendered":"<p>ADA\/DevRAM COOPERARE \u00ceNTRE AGEN\u021aIA AUSTRIAC\u0102 DE DEZVOLTARE (ADA) \u0218I UNIUNEA EUROPEAN\u0102 Proiectul are ca scop cre\u0219terea competitivit\u0103\u021bii sectorului agroalimentar din Moldova, prin integrarea \u00een lan\u021burile valorice interne \u0219i globale, \u00een special \u00een sectorul de cultivare a boabelor de soia. \u00cempreun\u0103 cu partenerul s\u0103u de consor\u021biu, ONG-ul din Moldova Pro Didactica, Donau Soja implementeaz\u0103 un proiect [&hellip;]<\/p>\n","protected":false},"author":2,"featured_media":68,"parent":19891,"menu_order":0,"comment_status":"open","ping_status":"open","template":"","meta":{"_et_pb_use_builder":"on","_et_pb_old_content":"","_et_gb_content_width":"","footnotes":""},"class_list":["post-19896","page","type-page","status-publish","has-post-thumbnail","hentry"],"yoast_head":"<!-- This site is optimized with the Yoast SEO plugin v24.9 - https:\/\/yoast.com\/wordpress\/plugins\/seo\/ -->\n<title>ADA\/DevRAM - Donau Soja<\/title>\n<meta name=\"description\" content=\"Proiectul vizeaz\u0103 cre\u0219terea competitivit\u0103\u021bii sectorului agroalimentar din Moldova prin integrarea \u00een lan\u021burile valorice interne \u0219i globale, \u00een special \u00een sectorul soiei.\" \/>\n<meta name=\"robots\" content=\"index, follow, max-snippet:-1, max-image-preview:large, max-video-preview:-1\" \/>\n<link rel=\"canonical\" href=\"https:\/\/www.donausoja.org\/ro\/proiecte\/proiecte-anterioare\/ada-devram\/\" \/>\n<meta property=\"og:locale\" content=\"ro_RO\" \/>\n<meta property=\"og:type\" content=\"article\" \/>\n<meta property=\"og:title\" content=\"ADA\/DevRAM - Donau Soja\" \/>\n<meta property=\"og:description\" content=\"Proiectul vizeaz\u0103 cre\u0219terea competitivit\u0103\u021bii sectorului agroalimentar din Moldova prin integrarea \u00een lan\u021burile valorice interne \u0219i globale, \u00een special \u00een sectorul soiei.\" \/>\n<meta property=\"og:url\" content=\"https:\/\/www.donausoja.org\/ro\/proiecte\/proiecte-anterioare\/ada-devram\/\" \/>\n<meta property=\"og:site_name\" content=\"Donau Soja\" \/>\n<meta property=\"article:modified_time\" content=\"2024-10-01T08:18:25+00:00\" \/>\n<meta property=\"og:image\" content=\"https:\/\/www.donausoja.org\/wp-content\/uploads\/2021\/12\/cropped-donausoja_favicon2_512-1-e1645618911394.png\" \/>\n\t<meta property=\"og:image:width\" content=\"212\" \/>\n\t<meta property=\"og:image:height\" content=\"212\" \/>\n\t<meta property=\"og:image:type\" content=\"image\/png\" \/>\n<meta name=\"twitter:card\" content=\"summary_large_image\" \/>\n<meta name=\"twitter:label1\" content=\"Timp estimat pentru citire\" \/>\n\t<meta name=\"twitter:data1\" content=\"3 minute\" \/>\n<script type=\"application\/ld+json\" class=\"yoast-schema-graph\">{\"@context\":\"https:\/\/schema.org\",\"@graph\":[{\"@type\":\"WebPage\",\"@id\":\"https:\/\/www.donausoja.org\/ro\/proiecte\/proiecte-anterioare\/ada-devram\/\",\"url\":\"https:\/\/www.donausoja.org\/ro\/proiecte\/proiecte-anterioare\/ada-devram\/\",\"name\":\"ADA\/DevRAM - Donau Soja\",\"isPartOf\":{\"@id\":\"https:\/\/www.donausoja.org\/ro\/#website\"},\"primaryImageOfPage\":{\"@id\":\"https:\/\/www.donausoja.org\/ro\/proiecte\/proiecte-anterioare\/ada-devram\/#primaryimage\"},\"image\":{\"@id\":\"https:\/\/www.donausoja.org\/ro\/proiecte\/proiecte-anterioare\/ada-devram\/#primaryimage\"},\"thumbnailUrl\":\"https:\/\/www.donausoja.org\/wp-content\/uploads\/2021\/12\/cropped-donausoja_favicon2_512-1-e1645618911394.png\",\"datePublished\":\"2022-02-10T08:49:07+00:00\",\"dateModified\":\"2024-10-01T08:18:25+00:00\",\"description\":\"Proiectul vizeaz\u0103 cre\u0219terea competitivit\u0103\u021bii sectorului agroalimentar din Moldova prin integrarea \u00een lan\u021burile valorice interne \u0219i globale, \u00een special \u00een sectorul soiei.\",\"breadcrumb\":{\"@id\":\"https:\/\/www.donausoja.org\/ro\/proiecte\/proiecte-anterioare\/ada-devram\/#breadcrumb\"},\"inLanguage\":\"ro-RO\",\"potentialAction\":[{\"@type\":\"ReadAction\",\"target\":[\"https:\/\/www.donausoja.org\/ro\/proiecte\/proiecte-anterioare\/ada-devram\/\"]}]},{\"@type\":\"ImageObject\",\"inLanguage\":\"ro-RO\",\"@id\":\"https:\/\/www.donausoja.org\/ro\/proiecte\/proiecte-anterioare\/ada-devram\/#primaryimage\",\"url\":\"https:\/\/www.donausoja.org\/wp-content\/uploads\/2021\/12\/cropped-donausoja_favicon2_512-1-e1645618911394.png\",\"contentUrl\":\"https:\/\/www.donausoja.org\/wp-content\/uploads\/2021\/12\/cropped-donausoja_favicon2_512-1-e1645618911394.png\",\"width\":212,\"height\":212},{\"@type\":\"BreadcrumbList\",\"@id\":\"https:\/\/www.donausoja.org\/ro\/proiecte\/proiecte-anterioare\/ada-devram\/#breadcrumb\",\"itemListElement\":[{\"@type\":\"ListItem\",\"position\":1,\"name\":\"Home\",\"item\":\"https:\/\/www.donausoja.org\/ro\/\"},{\"@type\":\"ListItem\",\"position\":2,\"name\":\"Proiecte\",\"item\":\"https:\/\/www.donausoja.org\/ro\/proiecte\/\"},{\"@type\":\"ListItem\",\"position\":3,\"name\":\"Proiecte anterioare\",\"item\":\"https:\/\/www.donausoja.org\/ro\/proiecte\/proiecte-anterioare\/\"},{\"@type\":\"ListItem\",\"position\":4,\"name\":\"ADA\/DevRAM\"}]},{\"@type\":\"WebSite\",\"@id\":\"https:\/\/www.donausoja.org\/ro\/#website\",\"url\":\"https:\/\/www.donausoja.org\/ro\/\",\"name\":\"Donau Soja\",\"description\":\"Together for a European Protein Supply: Regional. Sustainable. Non-GM.\",\"potentialAction\":[{\"@type\":\"SearchAction\",\"target\":{\"@type\":\"EntryPoint\",\"urlTemplate\":\"https:\/\/www.donausoja.org\/ro\/?s={search_term_string}\"},\"query-input\":{\"@type\":\"PropertyValueSpecification\",\"valueRequired\":true,\"valueName\":\"search_term_string\"}}],\"inLanguage\":\"ro-RO\"}]}<\/script>\n<!-- \/ Yoast SEO plugin. -->","yoast_head_json":{"title":"ADA\/DevRAM - Donau Soja","description":"Proiectul vizeaz\u0103 cre\u0219terea competitivit\u0103\u021bii sectorului agroalimentar din Moldova prin integrarea \u00een lan\u021burile valorice interne \u0219i globale, \u00een special \u00een sectorul soiei.","robots":{"index":"index","follow":"follow","max-snippet":"max-snippet:-1","max-image-preview":"max-image-preview:large","max-video-preview":"max-video-preview:-1"},"canonical":"https:\/\/www.donausoja.org\/ro\/proiecte\/proiecte-anterioare\/ada-devram\/","og_locale":"ro_RO","og_type":"article","og_title":"ADA\/DevRAM - Donau Soja","og_description":"Proiectul vizeaz\u0103 cre\u0219terea competitivit\u0103\u021bii sectorului agroalimentar din Moldova prin integrarea \u00een lan\u021burile valorice interne \u0219i globale, \u00een special \u00een sectorul soiei.","og_url":"https:\/\/www.donausoja.org\/ro\/proiecte\/proiecte-anterioare\/ada-devram\/","og_site_name":"Donau Soja","article_modified_time":"2024-10-01T08:18:25+00:00","og_image":[{"width":212,"height":212,"url":"https:\/\/www.donausoja.org\/wp-content\/uploads\/2021\/12\/cropped-donausoja_favicon2_512-1-e1645618911394.png","type":"image\/png"}],"twitter_card":"summary_large_image","twitter_misc":{"Timp estimat pentru citire":"3 minute"},"schema":{"@context":"https:\/\/schema.org","@graph":[{"@type":"WebPage","@id":"https:\/\/www.donausoja.org\/ro\/proiecte\/proiecte-anterioare\/ada-devram\/","url":"https:\/\/www.donausoja.org\/ro\/proiecte\/proiecte-anterioare\/ada-devram\/","name":"ADA\/DevRAM - Donau Soja","isPartOf":{"@id":"https:\/\/www.donausoja.org\/ro\/#website"},"primaryImageOfPage":{"@id":"https:\/\/www.donausoja.org\/ro\/proiecte\/proiecte-anterioare\/ada-devram\/#primaryimage"},"image":{"@id":"https:\/\/www.donausoja.org\/ro\/proiecte\/proiecte-anterioare\/ada-devram\/#primaryimage"},"thumbnailUrl":"https:\/\/www.donausoja.org\/wp-content\/uploads\/2021\/12\/cropped-donausoja_favicon2_512-1-e1645618911394.png","datePublished":"2022-02-10T08:49:07+00:00","dateModified":"2024-10-01T08:18:25+00:00","description":"Proiectul vizeaz\u0103 cre\u0219terea competitivit\u0103\u021bii sectorului agroalimentar din Moldova prin integrarea \u00een lan\u021burile valorice interne \u0219i globale, \u00een special \u00een sectorul soiei.","breadcrumb":{"@id":"https:\/\/www.donausoja.org\/ro\/proiecte\/proiecte-anterioare\/ada-devram\/#breadcrumb"},"inLanguage":"ro-RO","potentialAction":[{"@type":"ReadAction","target":["https:\/\/www.donausoja.org\/ro\/proiecte\/proiecte-anterioare\/ada-devram\/"]}]},{"@type":"ImageObject","inLanguage":"ro-RO","@id":"https:\/\/www.donausoja.org\/ro\/proiecte\/proiecte-anterioare\/ada-devram\/#primaryimage","url":"https:\/\/www.donausoja.org\/wp-content\/uploads\/2021\/12\/cropped-donausoja_favicon2_512-1-e1645618911394.png","contentUrl":"https:\/\/www.donausoja.org\/wp-content\/uploads\/2021\/12\/cropped-donausoja_favicon2_512-1-e1645618911394.png","width":212,"height":212},{"@type":"BreadcrumbList","@id":"https:\/\/www.donausoja.org\/ro\/proiecte\/proiecte-anterioare\/ada-devram\/#breadcrumb","itemListElement":[{"@type":"ListItem","position":1,"name":"Home","item":"https:\/\/www.donausoja.org\/ro\/"},{"@type":"ListItem","position":2,"name":"Proiecte","item":"https:\/\/www.donausoja.org\/ro\/proiecte\/"},{"@type":"ListItem","position":3,"name":"Proiecte anterioare","item":"https:\/\/www.donausoja.org\/ro\/proiecte\/proiecte-anterioare\/"},{"@type":"ListItem","position":4,"name":"ADA\/DevRAM"}]},{"@type":"WebSite","@id":"https:\/\/www.donausoja.org\/ro\/#website","url":"https:\/\/www.donausoja.org\/ro\/","name":"Donau Soja","description":"Together for a European Protein Supply: Regional. Sustainable. Non-GM.","potentialAction":[{"@type":"SearchAction","target":{"@type":"EntryPoint","urlTemplate":"https:\/\/www.donausoja.org\/ro\/?s={search_term_string}"},"query-input":{"@type":"PropertyValueSpecification","valueRequired":true,"valueName":"search_term_string"}}],"inLanguage":"ro-RO"}]}},"_links":{"self":[{"href":"https:\/\/www.donausoja.org\/ro\/wp-json\/wp\/v2\/pages\/19896","targetHints":{"allow":["GET"]}}],"collection":[{"href":"https:\/\/www.donausoja.org\/ro\/wp-json\/wp\/v2\/pages"}],"about":[{"href":"https:\/\/www.donausoja.org\/ro\/wp-json\/wp\/v2\/types\/page"}],"author":[{"embeddable":true,"href":"https:\/\/www.donausoja.org\/ro\/wp-json\/wp\/v2\/users\/2"}],"replies":[{"embeddable":true,"href":"https:\/\/www.donausoja.org\/ro\/wp-json\/wp\/v2\/comments?post=19896"}],"version-history":[{"count":1,"href":"https:\/\/www.donausoja.org\/ro\/wp-json\/wp\/v2\/pages\/19896\/revisions"}],"predecessor-version":[{"id":48481,"href":"https:\/\/www.donausoja.org\/ro\/wp-json\/wp\/v2\/pages\/19896\/revisions\/48481"}],"up":[{"embeddable":true,"href":"https:\/\/www.donausoja.org\/ro\/wp-json\/wp\/v2\/pages\/19891"}],"wp:featuredmedia":[{"embeddable":true,"href":"https:\/\/www.donausoja.org\/ro\/wp-json\/wp\/v2\/media\/68"}],"wp:attachment":[{"href":"https:\/\/www.donausoja.org\/ro\/wp-json\/wp\/v2\/media?parent=19896"}],"curies":[{"name":"wp","href":"https:\/\/api.w.org\/{rel}","templated":true}]}}