
{"id":19895,"date":"2022-02-10T09:05:09","date_gmt":"2022-02-10T09:05:09","guid":{"rendered":"https:\/\/fourth.donausoja.org\/proiecte\/proiecte-anterioare\/ok-net-ecofeed\/"},"modified":"2024-10-01T08:20:58","modified_gmt":"2024-10-01T08:20:58","slug":"ok-net-ecofeed","status":"publish","type":"page","link":"https:\/\/www.donausoja.org\/ro\/proiecte\/proiecte-anterioare\/ok-net-ecofeed\/","title":{"rendered":"OK-NET Ecofeed"},"content":{"rendered":"<p>[et_pb_section fb_built=&#8221;1&#8243; _builder_version=&#8221;4.16&#8243; _module_preset=&#8221;default&#8221; background_color=&#8221;RGBA(255,255,255,0)&#8221; locked=&#8221;off&#8221; global_colors_info=&#8221;{}&#8221; da_is_popup=&#8221;off&#8221; da_exit_intent=&#8221;off&#8221; da_has_close=&#8221;on&#8221; da_alt_close=&#8221;off&#8221; da_dark_close=&#8221;off&#8221; da_not_modal=&#8221;on&#8221; da_is_singular=&#8221;off&#8221; da_with_loader=&#8221;off&#8221; da_has_shadow=&#8221;on&#8221; da_disable_devices=&#8221;off|off|off&#8221;][et_pb_row _builder_version=&#8221;4.16&#8243; _module_preset=&#8221;default&#8221; custom_padding=&#8221;130px|||||&#8221; global_colors_info=&#8221;{}&#8221;][et_pb_column type=&#8221;4_4&#8243; _builder_version=&#8221;4.16&#8243; _module_preset=&#8221;default&#8221; global_colors_info=&#8221;{}&#8221;][et_pb_text _builder_version=&#8221;4.16&#8243; _module_preset=&#8221;77a7a6a5-6cba-4e24-a8d7-1992b0adbe08&#8243; header_font=&#8221;Ubuntu|700|||||||&#8221; global_colors_info=&#8221;{}&#8221;]<\/p>\n<section class=\"elementor-section elementor-top-section elementor-element elementor-element-87ac4cf elementor-section-height-min-height elementor-section-items-bottom elementor-section-boxed elementor-section-height-default\" data-id=\"87ac4cf\" data-element_type=\"section\" data-settings=\"{&quot;background_background&quot;:&quot;classic&quot;}\">\n<div class=\"elementor-container elementor-column-gap-default\">\n<div class=\"elementor-row\">\n<div class=\"elementor-column elementor-col-100 elementor-top-column elementor-element elementor-element-43eb478\" data-id=\"43eb478\" data-element_type=\"column\">\n<div class=\"elementor-column-wrap elementor-element-populated\">\n<div class=\"elementor-widget-wrap\">\n<div class=\"elementor-element elementor-element-d918ba3 elementor-widget elementor-widget-heading elementor-motion-effects-parent animated fadeInUp\" data-id=\"d918ba3\" data-element_type=\"widget\" data-settings=\"{&quot;motion_fx_motion_fx_scrolling&quot;:&quot;yes&quot;,&quot;motion_fx_opacity_effect&quot;:&quot;yes&quot;,&quot;motion_fx_opacity_direction&quot;:&quot;in-out&quot;,&quot;motion_fx_opacity_range&quot;:{&quot;unit&quot;:&quot;%&quot;,&quot;size&quot;:&quot;&quot;,&quot;sizes&quot;:{&quot;start&quot;:74,&quot;end&quot;:90}},&quot;_animation&quot;:&quot;fadeInUp&quot;,&quot;motion_fx_opacity_level&quot;:{&quot;unit&quot;:&quot;px&quot;,&quot;size&quot;:10,&quot;sizes&quot;:[]},&quot;motion_fx_devices&quot;:[&quot;desktop&quot;,&quot;tablet&quot;,&quot;mobile&quot;]}\" data-widget_type=\"heading.default\">\n<div class=\"elementor-widget-container elementor-motion-effects-element\">\n<section class=\"elementor-section elementor-top-section elementor-element elementor-element-87ac4cf elementor-section-height-min-height elementor-section-items-bottom elementor-section-boxed elementor-section-height-default\" data-id=\"87ac4cf\" data-element_type=\"section\" data-settings=\"{&quot;background_background&quot;:&quot;classic&quot;}\">\n<div class=\"elementor-container elementor-column-gap-default\">\n<div class=\"elementor-row\">\n<div class=\"elementor-column elementor-col-100 elementor-top-column elementor-element elementor-element-43eb478\" data-id=\"43eb478\" data-element_type=\"column\">\n<div class=\"elementor-column-wrap elementor-element-populated\">\n<div class=\"elementor-widget-wrap\">\n<div class=\"elementor-element elementor-element-d918ba3 elementor-widget elementor-widget-heading elementor-motion-effects-parent animated fadeInUp\" data-id=\"d918ba3\" data-element_type=\"widget\" data-settings=\"{&quot;motion_fx_motion_fx_scrolling&quot;:&quot;yes&quot;,&quot;motion_fx_opacity_effect&quot;:&quot;yes&quot;,&quot;motion_fx_opacity_direction&quot;:&quot;in-out&quot;,&quot;motion_fx_opacity_range&quot;:{&quot;unit&quot;:&quot;%&quot;,&quot;size&quot;:&quot;&quot;,&quot;sizes&quot;:{&quot;start&quot;:74,&quot;end&quot;:90}},&quot;_animation&quot;:&quot;fadeInUp&quot;,&quot;motion_fx_opacity_level&quot;:{&quot;unit&quot;:&quot;px&quot;,&quot;size&quot;:10,&quot;sizes&quot;:[]},&quot;motion_fx_devices&quot;:[&quot;desktop&quot;,&quot;tablet&quot;,&quot;mobile&quot;]}\" data-widget_type=\"heading.default\">\n<div class=\"elementor-widget-container elementor-motion-effects-element\">\n<section class=\"elementor-section elementor-top-section elementor-element elementor-element-87ac4cf elementor-section-height-min-height elementor-section-items-bottom elementor-section-boxed elementor-section-height-default\" data-id=\"87ac4cf\" data-element_type=\"section\" data-settings=\"{&quot;background_background&quot;:&quot;classic&quot;}\">\n<div class=\"elementor-container elementor-column-gap-default\">\n<div class=\"elementor-row\">\n<div class=\"elementor-column elementor-col-100 elementor-top-column elementor-element elementor-element-43eb478\" data-id=\"43eb478\" data-element_type=\"column\">\n<div class=\"elementor-column-wrap elementor-element-populated\">\n<div class=\"elementor-widget-wrap\">\n<div class=\"elementor-element elementor-element-d918ba3 elementor-widget elementor-widget-heading elementor-motion-effects-parent animated fadeInUp\" data-id=\"d918ba3\" data-element_type=\"widget\" data-settings=\"{&quot;motion_fx_motion_fx_scrolling&quot;:&quot;yes&quot;,&quot;motion_fx_opacity_effect&quot;:&quot;yes&quot;,&quot;motion_fx_opacity_direction&quot;:&quot;in-out&quot;,&quot;motion_fx_opacity_range&quot;:{&quot;unit&quot;:&quot;%&quot;,&quot;size&quot;:&quot;&quot;,&quot;sizes&quot;:{&quot;start&quot;:74,&quot;end&quot;:90}},&quot;_animation&quot;:&quot;fadeInUp&quot;,&quot;motion_fx_opacity_level&quot;:{&quot;unit&quot;:&quot;px&quot;,&quot;size&quot;:10,&quot;sizes&quot;:[]},&quot;motion_fx_devices&quot;:[&quot;desktop&quot;,&quot;tablet&quot;,&quot;mobile&quot;]}\" data-widget_type=\"heading.default\">\n<div class=\"elementor-widget-container elementor-motion-effects-element\">\n<h1 class=\"elementor-heading-title elementor-size-xl\">OK-NET Ecofeed<\/h1>\n<\/div>\n<\/div>\n<\/div>\n<\/div>\n<\/div>\n<\/div>\n<\/div>\n<\/section>\n<section class=\"elementor-section elementor-top-section elementor-element elementor-element-71a6ab2 elementor-section-boxed elementor-section-height-default elementor-section-height-default\" data-id=\"71a6ab2\" data-element_type=\"section\" data-settings=\"{&quot;background_background&quot;:&quot;classic&quot;}\">\n<div class=\"elementor-container elementor-column-gap-extended\">\n<div class=\"elementor-row\">\n<div class=\"elementor-column elementor-col-50 elementor-top-column elementor-element elementor-element-7edcb0e\" data-id=\"7edcb0e\" data-element_type=\"column\" data-settings=\"{&quot;background_background&quot;:&quot;classic&quot;}\">\n<div class=\"elementor-column-wrap elementor-element-populated\">\n<div class=\"elementor-widget-wrap\">\n<div class=\"elementor-element elementor-element-2a0b713 elementor-widget elementor-widget-text-editor\" data-id=\"2a0b713\" data-element_type=\"widget\" data-widget_type=\"text-editor.default\">\n<div class=\"elementor-widget-container\">\n<div class=\"elementor-text-editor elementor-clearfix\"><\/div>\n<\/div>\n<\/div>\n<\/div>\n<\/div>\n<\/div>\n<\/div>\n<\/div>\n<\/section>\n<\/div>\n<\/div>\n<\/div>\n<\/div>\n<\/div>\n<\/div>\n<\/div>\n<\/section>\n<section class=\"elementor-section elementor-top-section elementor-element elementor-element-71a6ab2 elementor-section-boxed elementor-section-height-default elementor-section-height-default\" data-id=\"71a6ab2\" data-element_type=\"section\" data-settings=\"{&quot;background_background&quot;:&quot;classic&quot;}\">\n<div class=\"elementor-container elementor-column-gap-extended\">\n<div class=\"elementor-row\">\n<div class=\"elementor-column elementor-col-50 elementor-top-column elementor-element elementor-element-7edcb0e\" data-id=\"7edcb0e\" data-element_type=\"column\" data-settings=\"{&quot;background_background&quot;:&quot;classic&quot;}\">\n<div class=\"elementor-column-wrap elementor-element-populated\">\n<div class=\"elementor-widget-wrap\">\n<div class=\"elementor-element elementor-element-2a0b713 elementor-widget elementor-widget-text-editor\" data-id=\"2a0b713\" data-element_type=\"widget\" data-widget_type=\"text-editor.default\">\n<div class=\"elementor-widget-container\">\n<div class=\"elementor-text-editor elementor-clearfix\"><\/div>\n<\/div>\n<\/div>\n<\/div>\n<\/div>\n<\/div>\n<\/div>\n<\/div>\n<\/section>\n<\/div>\n<\/div>\n<\/div>\n<\/div>\n<\/div>\n<\/div>\n<\/div>\n<\/section>\n<section class=\"elementor-section elementor-top-section elementor-element elementor-element-71a6ab2 elementor-section-boxed elementor-section-height-default elementor-section-height-default\" data-id=\"71a6ab2\" data-element_type=\"section\" data-settings=\"{&quot;background_background&quot;:&quot;classic&quot;}\">\n<div class=\"elementor-container elementor-column-gap-extended\">\n<div class=\"elementor-row\">\n<div class=\"elementor-column elementor-col-50 elementor-top-column elementor-element elementor-element-7edcb0e\" data-id=\"7edcb0e\" data-element_type=\"column\" data-settings=\"{&quot;background_background&quot;:&quot;classic&quot;}\">\n<div class=\"elementor-column-wrap elementor-element-populated\">\n<div class=\"elementor-widget-wrap\">\n<div class=\"elementor-element elementor-element-2a0b713 elementor-widget elementor-widget-text-editor\" data-id=\"2a0b713\" data-element_type=\"widget\" data-widget_type=\"text-editor.default\">\n<div class=\"elementor-widget-container\"><\/div>\n<\/div>\n<\/div>\n<\/div>\n<\/div>\n<\/div>\n<\/div>\n<\/section>\n<p>[\/et_pb_text][\/et_pb_column][\/et_pb_row][\/et_pb_section][et_pb_section fb_built=&#8221;1&#8243; _builder_version=&#8221;4.16&#8243; _module_preset=&#8221;default&#8221; background_color=&#8221;#F6F1E8&#8243; custom_padding=&#8221;4px||3px|||&#8221; global_colors_info=&#8221;{}&#8221; da_is_popup=&#8221;off&#8221; da_exit_intent=&#8221;off&#8221; da_has_close=&#8221;on&#8221; da_alt_close=&#8221;off&#8221; da_dark_close=&#8221;off&#8221; da_not_modal=&#8221;on&#8221; da_is_singular=&#8221;off&#8221; da_with_loader=&#8221;off&#8221; da_has_shadow=&#8221;on&#8221; da_disable_devices=&#8221;off|off|off&#8221;][et_pb_row column_structure=&#8221;3_5,2_5&#8243; _builder_version=&#8221;4.16&#8243; _module_preset=&#8221;default&#8221; background_color=&#8221;#ffffff&#8221; custom_margin=&#8221;20px||20px||false|false&#8221; custom_padding=&#8221;0px|20px||20px|false|false&#8221; global_colors_info=&#8221;{}&#8221;][et_pb_column type=&#8221;3_5&#8243; _builder_version=&#8221;4.16&#8243; _module_preset=&#8221;default&#8221; global_colors_info=&#8221;{}&#8221;][et_pb_text _builder_version=&#8221;4.17.6&#8243; _module_preset=&#8221;77a7a6a5-6cba-4e24-a8d7-1992b0adbe08&#8243; global_colors_info=&#8221;{}&#8221;]<\/p>\n<p><strong>OK-NET Ecofeed<\/strong><\/p>\n<p><strong>Lansarea proiectului pentru a ajuta cresc\u0103torii de porci \u0219i p\u0103s\u0103ri de curte s\u0103 g\u0103seasc\u0103 solu\u021bii pentru furaje 100% ecologice \u0219i regionale.<\/strong><\/p>\n<p>OK-Net EcoFeed este un proiect lansat pe 22 ianuarie 2018 pentru a ajuta fermierii de produse ecologice pentru porci \u0219i p\u0103s\u0103ri de curte s\u0103 \u00ee\u0219i ating\u0103 obiectivul de a folosi hran\u0103 100% ecologic\u0103 \u0219i regional\u0103. Un obiectiv cheie al agriculturii ecologice este hr\u0103nirea animalelor cu furaje produse la ferm\u0103 sau \u00een apropiere. Cu toate acestea, \u00een marea parte a Europei, acest fapt este dificil de realizat. Produc\u021bia organic\u0103 de furaje \u0219i animale este concentrat\u0103 \u00een diferite regiuni. Adesea, furajele pentru animale trebuie importate din regiuni \u00eendep\u0103rtate de unde sunt crescute animalele. Problema este cea mai dificil\u0103 pentru furajele proteice, care uneori chiar nu sunt disponibile \u00een calitate organic\u0103.\u00a0<\/p>\n<p>Soia este cea mai des folosit\u0103 \u0219i cultivat\u0103 surs\u0103 de proteine \u200b\u200bpentru porci \u0219i p\u0103s\u0103ri de curte \u00een Europa. Centrul Regional Donau Soja din Novi Sad va sprijini proiectul oferind consiliere de specialitate privind lan\u021burile de aprovizionare inovatoare pentru boabe de soia ecologice. Toate cuno\u0219tin\u021bele \u0219i expertiza oferit\u0103 \u00een cadrul proiectului vor fi prezentate sub form\u0103 de fi\u0219e practice \u0219i videoclipuri \u0219i vor fi puse la dispozi\u021bia cresc\u0103torilor, fermierilor \u0219i industriei din Europa pe platforma \u00a0<a href=\"https:\/\/organic-farmknowledge.org\/\">OK-Net Knowledge platform<\/a>.<\/p>\n<p><a href=\"https:\/\/ok-net-ecofeed.eu\/\">OK-Net EcoFeed Website<\/a><\/p>\n<p>Ave\u021bi \u00eentreb\u0103ri despre proiect?<\/p>\n<p>Trimite\u021bi \u00eentrebarea dvs. la: Leopold RITTLER, <a href=\"mailto:rittler@donausoja.org\">rittler@donausoja.org<\/a><\/p>\n<p>[\/et_pb_text][\/et_pb_column][et_pb_column type=&#8221;2_5&#8243; _builder_version=&#8221;4.16&#8243; _module_preset=&#8221;default&#8221; global_colors_info=&#8221;{}&#8221;][et_pb_image src=&#8221;https:\/\/www.donausoja.org\/wp-content\/uploads\/2022\/02\/ok-net-ecofeed-logo.jpg&#8221; title_text=&#8221;ok-net-ecofeed-logo&#8221; align=&#8221;center&#8221; _builder_version=&#8221;4.16&#8243; _module_preset=&#8221;default&#8221; custom_margin=&#8221;20px||||false|false&#8221; custom_padding=&#8221;20px|20px|20px|20px|false|false&#8221; box_shadow_style=&#8221;preset1&#8243; global_colors_info=&#8221;{}&#8221;][\/et_pb_image][\/et_pb_column][\/et_pb_row][\/et_pb_section]<\/p>\n","protected":false},"excerpt":{"rendered":"<p>OK-NET Ecofeed OK-NET Ecofeed Lansarea proiectului pentru a ajuta cresc\u0103torii de porci \u0219i p\u0103s\u0103ri de curte s\u0103 g\u0103seasc\u0103 solu\u021bii pentru furaje 100% ecologice \u0219i regionale. OK-Net EcoFeed este un proiect lansat pe 22 ianuarie 2018 pentru a ajuta fermierii de produse ecologice pentru porci \u0219i p\u0103s\u0103ri de curte s\u0103 \u00ee\u0219i ating\u0103 obiectivul de a folosi [&hellip;]<\/p>\n","protected":false},"author":2,"featured_media":68,"parent":19891,"menu_order":0,"comment_status":"open","ping_status":"open","template":"","meta":{"_et_pb_use_builder":"on","_et_pb_old_content":"","_et_gb_content_width":"","footnotes":""},"class_list":["post-19895","page","type-page","status-publish","has-post-thumbnail","hentry"],"yoast_head":"<!-- This site is optimized with the Yoast SEO plugin v27.4 - https:\/\/yoast.com\/product\/yoast-seo-wordpress\/ -->\n<title>OK-NET Ecofeed - Donau Soja<\/title>\n<meta name=\"description\" content=\"OK-Net EcoFeed este un proiect lansat la 22 ianuarie 2018 pentru a ajuta cresc\u0103torii de porci \u0219i p\u0103s\u0103ri ecologice s\u0103 \u00ee\u0219i ating\u0103 obiectivul de a avea furaje 100% ecologice \u0219i regionale.\" \/>\n<meta name=\"robots\" content=\"index, follow, max-snippet:-1, max-image-preview:large, max-video-preview:-1\" \/>\n<link rel=\"canonical\" href=\"https:\/\/www.donausoja.org\/ro\/proiecte\/proiecte-anterioare\/ok-net-ecofeed\/\" \/>\n<meta property=\"og:locale\" content=\"ro_RO\" \/>\n<meta property=\"og:type\" content=\"article\" \/>\n<meta property=\"og:title\" content=\"OK-NET Ecofeed - Donau Soja\" \/>\n<meta property=\"og:description\" content=\"OK-Net EcoFeed este un proiect lansat la 22 ianuarie 2018 pentru a ajuta cresc\u0103torii de porci \u0219i p\u0103s\u0103ri ecologice s\u0103 \u00ee\u0219i ating\u0103 obiectivul de a avea furaje 100% ecologice \u0219i regionale.\" \/>\n<meta property=\"og:url\" content=\"https:\/\/www.donausoja.org\/ro\/proiecte\/proiecte-anterioare\/ok-net-ecofeed\/\" \/>\n<meta property=\"og:site_name\" content=\"Donau Soja\" \/>\n<meta property=\"article:modified_time\" content=\"2024-10-01T08:20:58+00:00\" \/>\n<meta property=\"og:image\" content=\"https:\/\/www.donausoja.org\/wp-content\/uploads\/2021\/12\/cropped-donausoja_favicon2_512-1-e1645618911394.png\" \/>\n\t<meta property=\"og:image:width\" content=\"212\" \/>\n\t<meta property=\"og:image:height\" content=\"212\" \/>\n\t<meta property=\"og:image:type\" content=\"image\/png\" \/>\n<meta name=\"twitter:card\" content=\"summary_large_image\" \/>\n<meta name=\"twitter:label1\" content=\"Timp estimat pentru citire\" \/>\n\t<meta name=\"twitter:data1\" content=\"2 minute\" \/>\n<script type=\"application\/ld+json\" class=\"yoast-schema-graph\">{\"@context\":\"https:\\\/\\\/schema.org\",\"@graph\":[{\"@type\":\"WebPage\",\"@id\":\"https:\\\/\\\/www.donausoja.org\\\/ro\\\/proiecte\\\/proiecte-anterioare\\\/ok-net-ecofeed\\\/\",\"url\":\"https:\\\/\\\/www.donausoja.org\\\/ro\\\/proiecte\\\/proiecte-anterioare\\\/ok-net-ecofeed\\\/\",\"name\":\"OK-NET Ecofeed - Donau Soja\",\"isPartOf\":{\"@id\":\"https:\\\/\\\/www.donausoja.org\\\/ro\\\/#website\"},\"primaryImageOfPage\":{\"@id\":\"https:\\\/\\\/www.donausoja.org\\\/ro\\\/proiecte\\\/proiecte-anterioare\\\/ok-net-ecofeed\\\/#primaryimage\"},\"image\":{\"@id\":\"https:\\\/\\\/www.donausoja.org\\\/ro\\\/proiecte\\\/proiecte-anterioare\\\/ok-net-ecofeed\\\/#primaryimage\"},\"thumbnailUrl\":\"https:\\\/\\\/www.donausoja.org\\\/wp-content\\\/uploads\\\/2021\\\/12\\\/cropped-donausoja_favicon2_512-1-e1645618911394.png\",\"datePublished\":\"2022-02-10T09:05:09+00:00\",\"dateModified\":\"2024-10-01T08:20:58+00:00\",\"description\":\"OK-Net EcoFeed este un proiect lansat la 22 ianuarie 2018 pentru a ajuta cresc\u0103torii de porci \u0219i p\u0103s\u0103ri ecologice s\u0103 \u00ee\u0219i ating\u0103 obiectivul de a avea furaje 100% ecologice \u0219i regionale.\",\"breadcrumb\":{\"@id\":\"https:\\\/\\\/www.donausoja.org\\\/ro\\\/proiecte\\\/proiecte-anterioare\\\/ok-net-ecofeed\\\/#breadcrumb\"},\"inLanguage\":\"ro-RO\",\"potentialAction\":[{\"@type\":\"ReadAction\",\"target\":[\"https:\\\/\\\/www.donausoja.org\\\/ro\\\/proiecte\\\/proiecte-anterioare\\\/ok-net-ecofeed\\\/\"]}]},{\"@type\":\"ImageObject\",\"inLanguage\":\"ro-RO\",\"@id\":\"https:\\\/\\\/www.donausoja.org\\\/ro\\\/proiecte\\\/proiecte-anterioare\\\/ok-net-ecofeed\\\/#primaryimage\",\"url\":\"https:\\\/\\\/www.donausoja.org\\\/wp-content\\\/uploads\\\/2021\\\/12\\\/cropped-donausoja_favicon2_512-1-e1645618911394.png\",\"contentUrl\":\"https:\\\/\\\/www.donausoja.org\\\/wp-content\\\/uploads\\\/2021\\\/12\\\/cropped-donausoja_favicon2_512-1-e1645618911394.png\",\"width\":212,\"height\":212},{\"@type\":\"BreadcrumbList\",\"@id\":\"https:\\\/\\\/www.donausoja.org\\\/ro\\\/proiecte\\\/proiecte-anterioare\\\/ok-net-ecofeed\\\/#breadcrumb\",\"itemListElement\":[{\"@type\":\"ListItem\",\"position\":1,\"name\":\"Home\",\"item\":\"https:\\\/\\\/www.donausoja.org\\\/ro\\\/\"},{\"@type\":\"ListItem\",\"position\":2,\"name\":\"Proiecte\",\"item\":\"https:\\\/\\\/www.donausoja.org\\\/ro\\\/proiecte\\\/\"},{\"@type\":\"ListItem\",\"position\":3,\"name\":\"Proiecte anterioare\",\"item\":\"https:\\\/\\\/www.donausoja.org\\\/ro\\\/proiecte\\\/proiecte-anterioare\\\/\"},{\"@type\":\"ListItem\",\"position\":4,\"name\":\"OK-NET Ecofeed\"}]},{\"@type\":\"WebSite\",\"@id\":\"https:\\\/\\\/www.donausoja.org\\\/ro\\\/#website\",\"url\":\"https:\\\/\\\/www.donausoja.org\\\/ro\\\/\",\"name\":\"Donau Soja\",\"description\":\"Together for a European Protein Supply: Regional. Sustainable. Non-GM.\",\"potentialAction\":[{\"@type\":\"SearchAction\",\"target\":{\"@type\":\"EntryPoint\",\"urlTemplate\":\"https:\\\/\\\/www.donausoja.org\\\/ro\\\/?s={search_term_string}\"},\"query-input\":{\"@type\":\"PropertyValueSpecification\",\"valueRequired\":true,\"valueName\":\"search_term_string\"}}],\"inLanguage\":\"ro-RO\"}]}<\/script>\n<!-- \/ Yoast SEO plugin. -->","yoast_head_json":{"title":"OK-NET Ecofeed - Donau Soja","description":"OK-Net EcoFeed este un proiect lansat la 22 ianuarie 2018 pentru a ajuta cresc\u0103torii de porci \u0219i p\u0103s\u0103ri ecologice s\u0103 \u00ee\u0219i ating\u0103 obiectivul de a avea furaje 100% ecologice \u0219i regionale.","robots":{"index":"index","follow":"follow","max-snippet":"max-snippet:-1","max-image-preview":"max-image-preview:large","max-video-preview":"max-video-preview:-1"},"canonical":"https:\/\/www.donausoja.org\/ro\/proiecte\/proiecte-anterioare\/ok-net-ecofeed\/","og_locale":"ro_RO","og_type":"article","og_title":"OK-NET Ecofeed - Donau Soja","og_description":"OK-Net EcoFeed este un proiect lansat la 22 ianuarie 2018 pentru a ajuta cresc\u0103torii de porci \u0219i p\u0103s\u0103ri ecologice s\u0103 \u00ee\u0219i ating\u0103 obiectivul de a avea furaje 100% ecologice \u0219i regionale.","og_url":"https:\/\/www.donausoja.org\/ro\/proiecte\/proiecte-anterioare\/ok-net-ecofeed\/","og_site_name":"Donau Soja","article_modified_time":"2024-10-01T08:20:58+00:00","og_image":[{"width":212,"height":212,"url":"https:\/\/www.donausoja.org\/wp-content\/uploads\/2021\/12\/cropped-donausoja_favicon2_512-1-e1645618911394.png","type":"image\/png"}],"twitter_card":"summary_large_image","twitter_misc":{"Timp estimat pentru citire":"2 minute"},"schema":{"@context":"https:\/\/schema.org","@graph":[{"@type":"WebPage","@id":"https:\/\/www.donausoja.org\/ro\/proiecte\/proiecte-anterioare\/ok-net-ecofeed\/","url":"https:\/\/www.donausoja.org\/ro\/proiecte\/proiecte-anterioare\/ok-net-ecofeed\/","name":"OK-NET Ecofeed - Donau Soja","isPartOf":{"@id":"https:\/\/www.donausoja.org\/ro\/#website"},"primaryImageOfPage":{"@id":"https:\/\/www.donausoja.org\/ro\/proiecte\/proiecte-anterioare\/ok-net-ecofeed\/#primaryimage"},"image":{"@id":"https:\/\/www.donausoja.org\/ro\/proiecte\/proiecte-anterioare\/ok-net-ecofeed\/#primaryimage"},"thumbnailUrl":"https:\/\/www.donausoja.org\/wp-content\/uploads\/2021\/12\/cropped-donausoja_favicon2_512-1-e1645618911394.png","datePublished":"2022-02-10T09:05:09+00:00","dateModified":"2024-10-01T08:20:58+00:00","description":"OK-Net EcoFeed este un proiect lansat la 22 ianuarie 2018 pentru a ajuta cresc\u0103torii de porci \u0219i p\u0103s\u0103ri ecologice s\u0103 \u00ee\u0219i ating\u0103 obiectivul de a avea furaje 100% ecologice \u0219i regionale.","breadcrumb":{"@id":"https:\/\/www.donausoja.org\/ro\/proiecte\/proiecte-anterioare\/ok-net-ecofeed\/#breadcrumb"},"inLanguage":"ro-RO","potentialAction":[{"@type":"ReadAction","target":["https:\/\/www.donausoja.org\/ro\/proiecte\/proiecte-anterioare\/ok-net-ecofeed\/"]}]},{"@type":"ImageObject","inLanguage":"ro-RO","@id":"https:\/\/www.donausoja.org\/ro\/proiecte\/proiecte-anterioare\/ok-net-ecofeed\/#primaryimage","url":"https:\/\/www.donausoja.org\/wp-content\/uploads\/2021\/12\/cropped-donausoja_favicon2_512-1-e1645618911394.png","contentUrl":"https:\/\/www.donausoja.org\/wp-content\/uploads\/2021\/12\/cropped-donausoja_favicon2_512-1-e1645618911394.png","width":212,"height":212},{"@type":"BreadcrumbList","@id":"https:\/\/www.donausoja.org\/ro\/proiecte\/proiecte-anterioare\/ok-net-ecofeed\/#breadcrumb","itemListElement":[{"@type":"ListItem","position":1,"name":"Home","item":"https:\/\/www.donausoja.org\/ro\/"},{"@type":"ListItem","position":2,"name":"Proiecte","item":"https:\/\/www.donausoja.org\/ro\/proiecte\/"},{"@type":"ListItem","position":3,"name":"Proiecte anterioare","item":"https:\/\/www.donausoja.org\/ro\/proiecte\/proiecte-anterioare\/"},{"@type":"ListItem","position":4,"name":"OK-NET Ecofeed"}]},{"@type":"WebSite","@id":"https:\/\/www.donausoja.org\/ro\/#website","url":"https:\/\/www.donausoja.org\/ro\/","name":"Donau Soja","description":"Together for a European Protein Supply: Regional. Sustainable. Non-GM.","potentialAction":[{"@type":"SearchAction","target":{"@type":"EntryPoint","urlTemplate":"https:\/\/www.donausoja.org\/ro\/?s={search_term_string}"},"query-input":{"@type":"PropertyValueSpecification","valueRequired":true,"valueName":"search_term_string"}}],"inLanguage":"ro-RO"}]}},"_links":{"self":[{"href":"https:\/\/www.donausoja.org\/ro\/wp-json\/wp\/v2\/pages\/19895","targetHints":{"allow":["GET"]}}],"collection":[{"href":"https:\/\/www.donausoja.org\/ro\/wp-json\/wp\/v2\/pages"}],"about":[{"href":"https:\/\/www.donausoja.org\/ro\/wp-json\/wp\/v2\/types\/page"}],"author":[{"embeddable":true,"href":"https:\/\/www.donausoja.org\/ro\/wp-json\/wp\/v2\/users\/2"}],"replies":[{"embeddable":true,"href":"https:\/\/www.donausoja.org\/ro\/wp-json\/wp\/v2\/comments?post=19895"}],"version-history":[{"count":1,"href":"https:\/\/www.donausoja.org\/ro\/wp-json\/wp\/v2\/pages\/19895\/revisions"}],"predecessor-version":[{"id":48483,"href":"https:\/\/www.donausoja.org\/ro\/wp-json\/wp\/v2\/pages\/19895\/revisions\/48483"}],"up":[{"embeddable":true,"href":"https:\/\/www.donausoja.org\/ro\/wp-json\/wp\/v2\/pages\/19891"}],"wp:featuredmedia":[{"embeddable":true,"href":"https:\/\/www.donausoja.org\/ro\/wp-json\/wp\/v2\/media\/68"}],"wp:attachment":[{"href":"https:\/\/www.donausoja.org\/ro\/wp-json\/wp\/v2\/media?parent=19895"}],"curies":[{"name":"wp","href":"https:\/\/api.w.org\/{rel}","templated":true}]}}