
{"id":19887,"date":"2021-12-07T09:57:50","date_gmt":"2021-12-07T09:57:50","guid":{"rendered":"https:\/\/fourth.donausoja.org\/proiecte\/"},"modified":"2024-10-01T08:09:02","modified_gmt":"2024-10-01T08:09:02","slug":"proiecte","status":"publish","type":"page","link":"https:\/\/www.donausoja.org\/ro\/proiecte\/","title":{"rendered":"Proiecte"},"content":{"rendered":"<p>[et_pb_section fb_built=&#8221;1&#8243; _builder_version=&#8221;4.16&#8243; _module_preset=&#8221;default&#8221; background_color=&#8221;RGBA(255,255,255,0)&#8221; locked=&#8221;off&#8221; global_colors_info=&#8221;{}&#8221; da_is_popup=&#8221;off&#8221; da_exit_intent=&#8221;off&#8221; da_has_close=&#8221;on&#8221; da_alt_close=&#8221;off&#8221; da_dark_close=&#8221;off&#8221; da_not_modal=&#8221;on&#8221; da_is_singular=&#8221;off&#8221; da_with_loader=&#8221;off&#8221; da_has_shadow=&#8221;on&#8221; da_disable_devices=&#8221;off|off|off&#8221;][et_pb_row _builder_version=&#8221;4.16&#8243; _module_preset=&#8221;default&#8221; custom_padding=&#8221;130px|||||&#8221; global_colors_info=&#8221;{}&#8221;][et_pb_column type=&#8221;4_4&#8243; _builder_version=&#8221;4.16&#8243; _module_preset=&#8221;default&#8221; global_colors_info=&#8221;{}&#8221;][et_pb_text _builder_version=&#8221;4.18.1&#8243; _module_preset=&#8221;77a7a6a5-6cba-4e24-a8d7-1992b0adbe08&#8243; header_font=&#8221;Ubuntu|700|||||||&#8221; global_colors_info=&#8221;{}&#8221;]<\/p>\n<h1>Proiecte<\/h1>\n<p>[\/et_pb_text][\/et_pb_column][\/et_pb_row][\/et_pb_section][et_pb_section fb_built=&#8221;1&#8243; _builder_version=&#8221;4.16&#8243; _module_preset=&#8221;default&#8221; background_color=&#8221;#F6F1E8&#8243; custom_padding=&#8221;26px||3px|||&#8221; global_colors_info=&#8221;{}&#8221; da_is_popup=&#8221;off&#8221; da_exit_intent=&#8221;off&#8221; da_has_close=&#8221;on&#8221; da_alt_close=&#8221;off&#8221; da_dark_close=&#8221;off&#8221; da_not_modal=&#8221;on&#8221; da_is_singular=&#8221;off&#8221; da_with_loader=&#8221;off&#8221; da_has_shadow=&#8221;on&#8221; da_disable_devices=&#8221;off|off|off&#8221;][et_pb_row _builder_version=&#8221;4.16&#8243; _module_preset=&#8221;default&#8221; custom_padding=&#8221;2px||9px|||&#8221; global_colors_info=&#8221;{}&#8221;][et_pb_column type=&#8221;4_4&#8243; _builder_version=&#8221;4.16&#8243; _module_preset=&#8221;default&#8221; global_colors_info=&#8221;{}&#8221;][et_pb_text _builder_version=&#8221;4.18.1&#8243; _module_preset=&#8221;77a7a6a5-6cba-4e24-a8d7-1992b0adbe08&#8243; global_colors_info=&#8221;{}&#8221;]<\/p>\n<p>Donau Soja face parte din diverse ini\u021biative \u0219i proiecte \u00een domeniul consolid\u0103rii capacit\u0103\u021bilor sau al cercet\u0103rii \u0219i dezvolt\u0103rii pentru a \u00eembun\u0103t\u0103\u021bi produc\u021bia \u0219i utilizarea de soia \u00een Europa. Aceast\u0103 sec\u021biune ofer\u0103 o prezentare general\u0103 a proiectelor anterioare \u0219i actuale.<\/p>\n<p>[\/et_pb_text][\/et_pb_column][\/et_pb_row][et_pb_row column_structure=&#8221;1_2,1_2&#8243; _builder_version=&#8221;4.16&#8243; _module_preset=&#8221;default&#8221; custom_margin=&#8221;20px||||false|false&#8221; custom_padding=&#8221;0px|||||&#8221; global_colors_info=&#8221;{}&#8221;][et_pb_column type=&#8221;1_2&#8243; _builder_version=&#8221;4.16&#8243; _module_preset=&#8221;default&#8221; global_colors_info=&#8221;{}&#8221;][et_pb_text _builder_version=&#8221;4.18.1&#8243; _module_preset=&#8221;77a7a6a5-6cba-4e24-a8d7-1992b0adbe08&#8243; custom_padding=&#8221;0px||||false|false&#8221; global_colors_info=&#8221;{}&#8221;]<\/p>\n<p><strong>Consolidarea capacit\u0103\u021bilor \u00een Europa de Est<\/strong><\/p>\n<p>Donau Soja implementeaz\u0103 proiecte \u00een parteneriat cu agen\u021bia german\u0103 de dezvoltare (GIZ, Deutsche Gesellschaft f\u00fcr Internationale Zusammenarbeit), Agen\u021bia Austriac\u0103 de Dezvoltare (ADA) \u0219i proiecte ale Uniunii Europene \u00een zonele de interes din Europa de Est. \u021a\u0103rile noastre \u021bint\u0103 sunt Bosnia \u0219i Her\u021begovina, Serbia, Moldova \u0219i Ucraina. Ne propunem s\u0103 aducem beneficii pentru \u00eentreprinderile agricole \u0219i fermierii locali, pentru consumatori \u0219i pentru mediu, precum \u0219i s\u0103 consolid\u0103m rela\u021biile comerciale \u0219i economice cu Uniunea European\u0103.<\/p>\n<p><strong>Colaborarea interna\u021bional\u0103 \u00een domeniul \u0219tiin\u021bei \u0219i inov\u0103rii<\/strong><\/p>\n<p>Donau Soja se implic\u0103, de asemenea, pentru a stimula produc\u021bia \u0219i utilizarea soiei \u0219i a altor culturi proteice \u00een colaborare cu cercet\u0103tori, amelioratori, consilieri, fermieri \u0219i mul\u021bi al\u021bii din Europa \u0219i nu numai. \u00cempreun\u0103, implement\u0103m proiecte adaptate la necesit\u0103\u021bile utilizatorilor \u0219i lucr\u0103m, de exemplu, la \u00eembun\u0103t\u0103\u021birea geneticii soiei, la s\u0103n\u0103tatea solului sau la eficien\u021ba utiliz\u0103rii furajelor. <\/p>\n<p>[\/et_pb_text][\/et_pb_column][et_pb_column type=&#8221;1_2&#8243; _builder_version=&#8221;4.16&#8243; _module_preset=&#8221;default&#8221; global_colors_info=&#8221;{}&#8221;][et_pb_image src=&#8221;https:\/\/www.donausoja.org\/wp-content\/uploads\/2022\/03\/DS-Website_Projects.png&#8221; title_text=&#8221;DS Website_Projects&#8221; _builder_version=&#8221;4.16&#8243; _module_preset=&#8221;default&#8221; box_shadow_style=&#8221;preset1&#8243; global_colors_info=&#8221;{}&#8221;][\/et_pb_image][et_pb_text _builder_version=&#8221;4.18.1&#8243; _module_preset=&#8221;77a7a6a5-6cba-4e24-a8d7-1992b0adbe08&#8243; custom_margin=&#8221;-18px||0px||false|false&#8221; custom_padding=&#8221;2px||||false|false&#8221; global_colors_info=&#8221;{}&#8221;]<\/p>\n<p style=\"text-align: right;\">Donau Soja Ziua C\u00e2mpului 2020, Serbia, Iulie 2019<\/p>\n<p>[\/et_pb_text][\/et_pb_column][\/et_pb_row][\/et_pb_section]<\/p>\n","protected":false},"excerpt":{"rendered":"<p>ProiecteDonau Soja face parte din diverse ini\u021biative \u0219i proiecte \u00een domeniul consolid\u0103rii capacit\u0103\u021bilor sau al cercet\u0103rii \u0219i dezvolt\u0103rii pentru a \u00eembun\u0103t\u0103\u021bi produc\u021bia \u0219i utilizarea de soia \u00een Europa. Aceast\u0103 sec\u021biune ofer\u0103 o prezentare general\u0103 a proiectelor anterioare \u0219i actuale.Consolidarea capacit\u0103\u021bilor \u00een Europa de Est Donau Soja implementeaz\u0103 proiecte \u00een parteneriat cu agen\u021bia german\u0103 de dezvoltare [&hellip;]<\/p>\n","protected":false},"author":1,"featured_media":68,"parent":0,"menu_order":0,"comment_status":"open","ping_status":"open","template":"","meta":{"_et_pb_use_builder":"on","_et_pb_old_content":"","_et_gb_content_width":"","footnotes":""},"class_list":["post-19887","page","type-page","status-publish","has-post-thumbnail","hentry"],"yoast_head":"<!-- This site is optimized with the Yoast SEO plugin v27.4 - https:\/\/yoast.com\/product\/yoast-seo-wordpress\/ -->\n<title>Proiecte - Donau Soja<\/title>\n<meta name=\"description\" content=\"Donau Soja face parte din diverse ini\u021biative \u0219i proiecte \u00een domeniul consolid\u0103rii capacit\u0103\u021bilor sau al cercet\u0103rii \u0219i inov\u0103rii pentru a \u00eembun\u0103t\u0103\u021bi produc\u021bia \u0219i utilizarea de soia \u00een Europa. Aceast\u0103 sec\u021biune ofer\u0103 o prezentare general\u0103 a proiectelor trecute \u0219i actuale.\" \/>\n<meta name=\"robots\" content=\"index, follow, max-snippet:-1, max-image-preview:large, max-video-preview:-1\" \/>\n<link rel=\"canonical\" href=\"https:\/\/www.donausoja.org\/ro\/proiecte\/\" \/>\n<meta property=\"og:locale\" content=\"ro_RO\" \/>\n<meta property=\"og:type\" content=\"article\" \/>\n<meta property=\"og:title\" content=\"Proiecte - Donau Soja\" \/>\n<meta property=\"og:description\" content=\"Donau Soja face parte din diverse ini\u021biative \u0219i proiecte \u00een domeniul consolid\u0103rii capacit\u0103\u021bilor sau al cercet\u0103rii \u0219i inov\u0103rii pentru a \u00eembun\u0103t\u0103\u021bi produc\u021bia \u0219i utilizarea de soia \u00een Europa. Aceast\u0103 sec\u021biune ofer\u0103 o prezentare general\u0103 a proiectelor trecute \u0219i actuale.\" \/>\n<meta property=\"og:url\" content=\"https:\/\/www.donausoja.org\/ro\/proiecte\/\" \/>\n<meta property=\"og:site_name\" content=\"Donau Soja\" \/>\n<meta property=\"article:modified_time\" content=\"2024-10-01T08:09:02+00:00\" \/>\n<meta property=\"og:image\" content=\"https:\/\/www.donausoja.org\/wp-content\/uploads\/2021\/12\/cropped-donausoja_favicon2_512-1-e1645618911394.png\" \/>\n\t<meta property=\"og:image:width\" content=\"212\" \/>\n\t<meta property=\"og:image:height\" content=\"212\" \/>\n\t<meta property=\"og:image:type\" content=\"image\/png\" \/>\n<meta name=\"twitter:card\" content=\"summary_large_image\" \/>\n<meta name=\"twitter:label1\" content=\"Timp estimat pentru citire\" \/>\n\t<meta name=\"twitter:data1\" content=\"2 minute\" \/>\n<script type=\"application\/ld+json\" class=\"yoast-schema-graph\">{\"@context\":\"https:\\\/\\\/schema.org\",\"@graph\":[{\"@type\":\"WebPage\",\"@id\":\"https:\\\/\\\/www.donausoja.org\\\/ro\\\/proiecte\\\/\",\"url\":\"https:\\\/\\\/www.donausoja.org\\\/ro\\\/proiecte\\\/\",\"name\":\"Proiecte - Donau Soja\",\"isPartOf\":{\"@id\":\"https:\\\/\\\/www.donausoja.org\\\/ro\\\/#website\"},\"primaryImageOfPage\":{\"@id\":\"https:\\\/\\\/www.donausoja.org\\\/ro\\\/proiecte\\\/#primaryimage\"},\"image\":{\"@id\":\"https:\\\/\\\/www.donausoja.org\\\/ro\\\/proiecte\\\/#primaryimage\"},\"thumbnailUrl\":\"https:\\\/\\\/www.donausoja.org\\\/wp-content\\\/uploads\\\/2021\\\/12\\\/cropped-donausoja_favicon2_512-1-e1645618911394.png\",\"datePublished\":\"2021-12-07T09:57:50+00:00\",\"dateModified\":\"2024-10-01T08:09:02+00:00\",\"description\":\"Donau Soja face parte din diverse ini\u021biative \u0219i proiecte \u00een domeniul consolid\u0103rii capacit\u0103\u021bilor sau al cercet\u0103rii \u0219i inov\u0103rii pentru a \u00eembun\u0103t\u0103\u021bi produc\u021bia \u0219i utilizarea de soia \u00een Europa. Aceast\u0103 sec\u021biune ofer\u0103 o prezentare general\u0103 a proiectelor trecute \u0219i actuale.\",\"breadcrumb\":{\"@id\":\"https:\\\/\\\/www.donausoja.org\\\/ro\\\/proiecte\\\/#breadcrumb\"},\"inLanguage\":\"ro-RO\",\"potentialAction\":[{\"@type\":\"ReadAction\",\"target\":[\"https:\\\/\\\/www.donausoja.org\\\/ro\\\/proiecte\\\/\"]}]},{\"@type\":\"ImageObject\",\"inLanguage\":\"ro-RO\",\"@id\":\"https:\\\/\\\/www.donausoja.org\\\/ro\\\/proiecte\\\/#primaryimage\",\"url\":\"https:\\\/\\\/www.donausoja.org\\\/wp-content\\\/uploads\\\/2021\\\/12\\\/cropped-donausoja_favicon2_512-1-e1645618911394.png\",\"contentUrl\":\"https:\\\/\\\/www.donausoja.org\\\/wp-content\\\/uploads\\\/2021\\\/12\\\/cropped-donausoja_favicon2_512-1-e1645618911394.png\",\"width\":212,\"height\":212},{\"@type\":\"BreadcrumbList\",\"@id\":\"https:\\\/\\\/www.donausoja.org\\\/ro\\\/proiecte\\\/#breadcrumb\",\"itemListElement\":[{\"@type\":\"ListItem\",\"position\":1,\"name\":\"Home\",\"item\":\"https:\\\/\\\/www.donausoja.org\\\/ro\\\/\"},{\"@type\":\"ListItem\",\"position\":2,\"name\":\"Proiecte\"}]},{\"@type\":\"WebSite\",\"@id\":\"https:\\\/\\\/www.donausoja.org\\\/ro\\\/#website\",\"url\":\"https:\\\/\\\/www.donausoja.org\\\/ro\\\/\",\"name\":\"Donau Soja\",\"description\":\"Together for a European Protein Supply: Regional. Sustainable. Non-GM.\",\"potentialAction\":[{\"@type\":\"SearchAction\",\"target\":{\"@type\":\"EntryPoint\",\"urlTemplate\":\"https:\\\/\\\/www.donausoja.org\\\/ro\\\/?s={search_term_string}\"},\"query-input\":{\"@type\":\"PropertyValueSpecification\",\"valueRequired\":true,\"valueName\":\"search_term_string\"}}],\"inLanguage\":\"ro-RO\"}]}<\/script>\n<!-- \/ Yoast SEO plugin. -->","yoast_head_json":{"title":"Proiecte - Donau Soja","description":"Donau Soja face parte din diverse ini\u021biative \u0219i proiecte \u00een domeniul consolid\u0103rii capacit\u0103\u021bilor sau al cercet\u0103rii \u0219i inov\u0103rii pentru a \u00eembun\u0103t\u0103\u021bi produc\u021bia \u0219i utilizarea de soia \u00een Europa. Aceast\u0103 sec\u021biune ofer\u0103 o prezentare general\u0103 a proiectelor trecute \u0219i actuale.","robots":{"index":"index","follow":"follow","max-snippet":"max-snippet:-1","max-image-preview":"max-image-preview:large","max-video-preview":"max-video-preview:-1"},"canonical":"https:\/\/www.donausoja.org\/ro\/proiecte\/","og_locale":"ro_RO","og_type":"article","og_title":"Proiecte - Donau Soja","og_description":"Donau Soja face parte din diverse ini\u021biative \u0219i proiecte \u00een domeniul consolid\u0103rii capacit\u0103\u021bilor sau al cercet\u0103rii \u0219i inov\u0103rii pentru a \u00eembun\u0103t\u0103\u021bi produc\u021bia \u0219i utilizarea de soia \u00een Europa. Aceast\u0103 sec\u021biune ofer\u0103 o prezentare general\u0103 a proiectelor trecute \u0219i actuale.","og_url":"https:\/\/www.donausoja.org\/ro\/proiecte\/","og_site_name":"Donau Soja","article_modified_time":"2024-10-01T08:09:02+00:00","og_image":[{"width":212,"height":212,"url":"https:\/\/www.donausoja.org\/wp-content\/uploads\/2021\/12\/cropped-donausoja_favicon2_512-1-e1645618911394.png","type":"image\/png"}],"twitter_card":"summary_large_image","twitter_misc":{"Timp estimat pentru citire":"2 minute"},"schema":{"@context":"https:\/\/schema.org","@graph":[{"@type":"WebPage","@id":"https:\/\/www.donausoja.org\/ro\/proiecte\/","url":"https:\/\/www.donausoja.org\/ro\/proiecte\/","name":"Proiecte - Donau Soja","isPartOf":{"@id":"https:\/\/www.donausoja.org\/ro\/#website"},"primaryImageOfPage":{"@id":"https:\/\/www.donausoja.org\/ro\/proiecte\/#primaryimage"},"image":{"@id":"https:\/\/www.donausoja.org\/ro\/proiecte\/#primaryimage"},"thumbnailUrl":"https:\/\/www.donausoja.org\/wp-content\/uploads\/2021\/12\/cropped-donausoja_favicon2_512-1-e1645618911394.png","datePublished":"2021-12-07T09:57:50+00:00","dateModified":"2024-10-01T08:09:02+00:00","description":"Donau Soja face parte din diverse ini\u021biative \u0219i proiecte \u00een domeniul consolid\u0103rii capacit\u0103\u021bilor sau al cercet\u0103rii \u0219i inov\u0103rii pentru a \u00eembun\u0103t\u0103\u021bi produc\u021bia \u0219i utilizarea de soia \u00een Europa. Aceast\u0103 sec\u021biune ofer\u0103 o prezentare general\u0103 a proiectelor trecute \u0219i actuale.","breadcrumb":{"@id":"https:\/\/www.donausoja.org\/ro\/proiecte\/#breadcrumb"},"inLanguage":"ro-RO","potentialAction":[{"@type":"ReadAction","target":["https:\/\/www.donausoja.org\/ro\/proiecte\/"]}]},{"@type":"ImageObject","inLanguage":"ro-RO","@id":"https:\/\/www.donausoja.org\/ro\/proiecte\/#primaryimage","url":"https:\/\/www.donausoja.org\/wp-content\/uploads\/2021\/12\/cropped-donausoja_favicon2_512-1-e1645618911394.png","contentUrl":"https:\/\/www.donausoja.org\/wp-content\/uploads\/2021\/12\/cropped-donausoja_favicon2_512-1-e1645618911394.png","width":212,"height":212},{"@type":"BreadcrumbList","@id":"https:\/\/www.donausoja.org\/ro\/proiecte\/#breadcrumb","itemListElement":[{"@type":"ListItem","position":1,"name":"Home","item":"https:\/\/www.donausoja.org\/ro\/"},{"@type":"ListItem","position":2,"name":"Proiecte"}]},{"@type":"WebSite","@id":"https:\/\/www.donausoja.org\/ro\/#website","url":"https:\/\/www.donausoja.org\/ro\/","name":"Donau Soja","description":"Together for a European Protein Supply: Regional. Sustainable. Non-GM.","potentialAction":[{"@type":"SearchAction","target":{"@type":"EntryPoint","urlTemplate":"https:\/\/www.donausoja.org\/ro\/?s={search_term_string}"},"query-input":{"@type":"PropertyValueSpecification","valueRequired":true,"valueName":"search_term_string"}}],"inLanguage":"ro-RO"}]}},"_links":{"self":[{"href":"https:\/\/www.donausoja.org\/ro\/wp-json\/wp\/v2\/pages\/19887","targetHints":{"allow":["GET"]}}],"collection":[{"href":"https:\/\/www.donausoja.org\/ro\/wp-json\/wp\/v2\/pages"}],"about":[{"href":"https:\/\/www.donausoja.org\/ro\/wp-json\/wp\/v2\/types\/page"}],"author":[{"embeddable":true,"href":"https:\/\/www.donausoja.org\/ro\/wp-json\/wp\/v2\/users\/1"}],"replies":[{"embeddable":true,"href":"https:\/\/www.donausoja.org\/ro\/wp-json\/wp\/v2\/comments?post=19887"}],"version-history":[{"count":1,"href":"https:\/\/www.donausoja.org\/ro\/wp-json\/wp\/v2\/pages\/19887\/revisions"}],"predecessor-version":[{"id":48476,"href":"https:\/\/www.donausoja.org\/ro\/wp-json\/wp\/v2\/pages\/19887\/revisions\/48476"}],"wp:featuredmedia":[{"embeddable":true,"href":"https:\/\/www.donausoja.org\/ro\/wp-json\/wp\/v2\/media\/68"}],"wp:attachment":[{"href":"https:\/\/www.donausoja.org\/ro\/wp-json\/wp\/v2\/media?parent=19887"}],"curies":[{"name":"wp","href":"https:\/\/api.w.org\/{rel}","templated":true}]}}