
{"id":19878,"date":"2022-02-08T13:17:56","date_gmt":"2022-02-08T13:17:56","guid":{"rendered":"https:\/\/fourth.donausoja.org\/standard-si-certificare\/standardul_donau_soja\/conditii_de_certificare\/transportare-si-igienizare\/"},"modified":"2024-10-01T08:56:17","modified_gmt":"2024-10-01T08:56:17","slug":"transportare-si-igienizare","status":"publish","type":"page","link":"https:\/\/www.donausoja.org\/ro\/standard-si-certificare\/standardul-donau-soja\/conditii-de-certificare\/transportare-si-igienizare\/","title":{"rendered":"Transportare \u0219i igienizare"},"content":{"rendered":"<p>[et_pb_section fb_built=&#8221;1&#8243; _builder_version=&#8221;4.16&#8243; _module_preset=&#8221;default&#8221; background_color=&#8221;RGBA(255,255,255,0)&#8221; locked=&#8221;off&#8221; global_colors_info=&#8221;{}&#8221; da_is_popup=&#8221;off&#8221; da_exit_intent=&#8221;off&#8221; da_has_close=&#8221;on&#8221; da_alt_close=&#8221;off&#8221; da_dark_close=&#8221;off&#8221; da_not_modal=&#8221;on&#8221; da_is_singular=&#8221;off&#8221; da_with_loader=&#8221;off&#8221; da_has_shadow=&#8221;on&#8221; da_disable_devices=&#8221;off|off|off&#8221;][et_pb_row _builder_version=&#8221;4.16&#8243; _module_preset=&#8221;default&#8221; custom_padding=&#8221;130px|||||&#8221; global_colors_info=&#8221;{}&#8221;][et_pb_column type=&#8221;4_4&#8243; _builder_version=&#8221;4.16&#8243; _module_preset=&#8221;default&#8221; global_colors_info=&#8221;{}&#8221;][et_pb_text admin_label=&#8221;Headline&#8221; _builder_version=&#8221;4.17.6&#8243; _module_preset=&#8221;77a7a6a5-6cba-4e24-a8d7-1992b0adbe08&#8243; header_font=&#8221;Ubuntu|700|||||||&#8221; global_colors_info=&#8221;{}&#8221;]<\/p>\n<h1><strong>Transportare \u0219i igienizare <\/strong><\/h1>\n<p>[\/et_pb_text][\/et_pb_column][\/et_pb_row][\/et_pb_section][et_pb_section fb_built=&#8221;1&#8243; _builder_version=&#8221;4.16&#8243; _module_preset=&#8221;default&#8221; background_color=&#8221;#F6F1E8&#8243; custom_padding=&#8221;4px||3px|||&#8221; global_colors_info=&#8221;{}&#8221; da_is_popup=&#8221;off&#8221; da_exit_intent=&#8221;off&#8221; da_has_close=&#8221;on&#8221; da_alt_close=&#8221;off&#8221; da_dark_close=&#8221;off&#8221; da_not_modal=&#8221;on&#8221; da_is_singular=&#8221;off&#8221; da_with_loader=&#8221;off&#8221; da_has_shadow=&#8221;on&#8221; da_disable_devices=&#8221;off|off|off&#8221;][et_pb_row column_structure=&#8221;1_2,1_2&#8243; _builder_version=&#8221;4.16&#8243; _module_preset=&#8221;default&#8221; custom_padding=&#8221;0px|||||&#8221; global_colors_info=&#8221;{}&#8221;][et_pb_column type=&#8221;1_2&#8243; _builder_version=&#8221;4.16&#8243; _module_preset=&#8221;default&#8221; global_colors_info=&#8221;{}&#8221;][et_pb_text admin_label=&#8221;Info-Text&#8221; _builder_version=&#8221;4.17.6&#8243; _module_preset=&#8221;77a7a6a5-6cba-4e24-a8d7-1992b0adbe08&#8243; global_colors_info=&#8221;{}&#8221;]<\/p>\n<p>Transportarea boabelor de soia Donau Soja \u0219i Europe Soya neambalate, f\u0103in\u0103 de soia, ulei de soia, hran\u0103 pentru animale sau alte m\u0103rfuri neambalate reprezint\u0103 un aspect important pentru men\u021binerea siguran\u021bei produselor \u0219i evitarea contamin\u0103rii. Pentru a men\u021bine calitatea produsului \u0219i a evita contaminarea, au fost determinate anumite cerin\u021be minime. Cu toate acestea, nu este necesar\u0103 nici o certificare separat\u0103 pentru transportul produselor Donau Soja \u0219i Europe Soya.<\/p>\n<p>[\/et_pb_text][\/et_pb_column][et_pb_column type=&#8221;1_2&#8243; _builder_version=&#8221;4.16&#8243; _module_preset=&#8221;default&#8221; global_colors_info=&#8221;{}&#8221;][\/et_pb_column][\/et_pb_row][\/et_pb_section][et_pb_section fb_built=&#8221;1&#8243; _builder_version=&#8221;4.16&#8243; _module_preset=&#8221;default&#8221; background_color=&#8221;rgba(246,241,232,0.8)&#8221; global_colors_info=&#8221;{}&#8221; da_is_popup=&#8221;off&#8221; da_exit_intent=&#8221;off&#8221; da_has_close=&#8221;on&#8221; da_alt_close=&#8221;off&#8221; da_dark_close=&#8221;off&#8221; da_not_modal=&#8221;on&#8221; da_is_singular=&#8221;off&#8221; da_with_loader=&#8221;off&#8221; da_has_shadow=&#8221;on&#8221; da_disable_devices=&#8221;off|off|off&#8221;][et_pb_row column_structure=&#8221;1_2,1_2&#8243; use_custom_gutter=&#8221;on&#8221; gutter_width=&#8221;1&#8243; make_equal=&#8221;on&#8221; _builder_version=&#8221;4.16&#8243; _module_preset=&#8221;default&#8221; custom_padding=&#8221;0px||4px|||&#8221; global_colors_info=&#8221;{}&#8221;][et_pb_column type=&#8221;1_2&#8243; _builder_version=&#8221;4.16&#8243; _module_preset=&#8221;default&#8221; background_color=&#8221;#F6F1E8&#8243; custom_padding=&#8221;10px|20px|10px|20px|false|false&#8221; global_colors_info=&#8221;{}&#8221;][et_pb_text admin_label=&#8221;requirements transport&#8221; _builder_version=&#8221;4.17.6&#8243; _module_preset=&#8221;97a49757-9877-47ea-b480-aa7742502928&#8243; max_width=&#8221;70%&#8221; global_colors_info=&#8221;{}&#8221;]<\/p>\n<p><strong>Condi\u021bii generale:<\/strong><\/p>\n<p><strong>Transportare:<\/strong><\/p>\n<p>[\/et_pb_text][et_pb_blurb url_new_window=&#8221;on&#8221; use_icon=&#8221;on&#8221; font_icon=&#8221;&#xf0c8;||fa||900&#8243; _builder_version=&#8221;4.21.0&#8243; _module_preset=&#8221;4c58f022-51f8-4ef3-8366-9633994b6fdb&#8221; header_font=&#8221;|700|||||||&#8221; link_option_url_new_window=&#8221;on&#8221; global_colors_info=&#8221;{}&#8221;]<\/p>\n<p>Prevenirea contamin\u0103rii cu OMG<\/p>\n<p>[\/et_pb_blurb][et_pb_blurb url_new_window=&#8221;on&#8221; use_icon=&#8221;on&#8221; font_icon=&#8221;&#xf0c8;||fa||900&#8243; _builder_version=&#8221;4.21.0&#8243; _module_preset=&#8221;4c58f022-51f8-4ef3-8366-9633994b6fdb&#8221; header_font=&#8221;|700|||||||&#8221; link_option_url_new_window=&#8221;on&#8221; global_colors_info=&#8221;{}&#8221;]<\/p>\n<p>Cur\u0103\u021barea tuturor containerelor de transportare<\/p>\n<p>[\/et_pb_blurb][et_pb_blurb url_new_window=&#8221;on&#8221; use_icon=&#8221;on&#8221; font_icon=&#8221;&#xf0c8;||fa||900&#8243; _builder_version=&#8221;4.21.0&#8243; _module_preset=&#8221;4c58f022-51f8-4ef3-8366-9633994b6fdb&#8221; header_font=&#8221;|700|||||||&#8221; link_option_url_new_window=&#8221;on&#8221; global_colors_info=&#8221;{}&#8221;]<\/p>\n<p>Ob\u021binerea dovezilor \u00eenc\u0103rc\u0103turilor anterioare, cu excep\u021bia cazului \u00een care sunt transportate exclusiv produse Donau Soja sau Europe Soya<\/p>\n<p>[\/et_pb_blurb][et_pb_blurb url_new_window=&#8221;on&#8221; use_icon=&#8221;on&#8221; font_icon=&#8221;&#xf0c8;||fa||900&#8243; _builder_version=&#8221;4.21.0&#8243; _module_preset=&#8221;4c58f022-51f8-4ef3-8366-9633994b6fdb&#8221; header_font=&#8221;|700|||||||&#8221; link_option_url_new_window=&#8221;on&#8221; global_colors_info=&#8221;{}&#8221;]<\/p>\n<p>Oferirea unui certificat de igienizare \u00een cazul \u00eenc\u0103rc\u0103turilor anterioare critice<\/p>\n<p>[\/et_pb_blurb][et_pb_blurb url_new_window=&#8221;on&#8221; use_icon=&#8221;on&#8221; font_icon=&#8221;&#xf0c8;||fa||900&#8243; _builder_version=&#8221;4.17.6&#8243; _module_preset=&#8221;591a8906-608e-4daf-b2d8-77bd187d9121&#8243; header_font=&#8221;|700|||||||&#8221; custom_margin=&#8221;20px||20px||false|false&#8221; link_option_url_new_window=&#8221;on&#8221; global_colors_info=&#8221;{}&#8221;]<\/p>\n<p>Documentarea transport\u0103rii produselor Donau Soja sau Europe Soya<\/p>\n<p>[\/et_pb_blurb][\/et_pb_column][et_pb_column type=&#8221;1_2&#8243; _builder_version=&#8221;4.16&#8243; _module_preset=&#8221;default&#8221; background_color=&#8221;#F6F1E8&#8243; custom_padding=&#8221;10px|20px|10px|20px|false|false&#8221; global_colors_info=&#8221;{}&#8221;][et_pb_text admin_label=&#8221;requirements Cleaning&#8221; _builder_version=&#8221;4.17.6&#8243; _module_preset=&#8221;97a49757-9877-47ea-b480-aa7742502928&#8243; max_width=&#8221;70%&#8221; global_colors_info=&#8221;{}&#8221;]<\/p>\n<div class=\"elementor-element elementor-element-ced2e63 elementor-widget elementor-widget-text-editor\" data-id=\"ced2e63\" data-element_type=\"widget\" data-widget_type=\"text-editor.default\">\n<div class=\"elementor-widget-container\">\n<div class=\"elementor-text-editor elementor-clearfix\">\n<p><strong>Cur\u0103\u021bare:<\/strong><\/p>\n<\/div>\n<\/div>\n<\/div>\n<p>[\/et_pb_text][et_pb_blurb url_new_window=&#8221;on&#8221; use_icon=&#8221;on&#8221; font_icon=&#8221;&#xf0c8;||fa||900&#8243; _builder_version=&#8221;4.17.6&#8243; _module_preset=&#8221;591a8906-608e-4daf-b2d8-77bd187d9121&#8243; header_font=&#8221;|700|||||||&#8221; custom_margin=&#8221;20px||20px||false|false&#8221; link_option_url_new_window=&#8221;on&#8221; global_colors_info=&#8221;{}&#8221;]<\/p>\n<p>Cur\u0103\u021barea tuturor echipamentelor, instala\u021biilor etc., \u00eenainte de a intra \u00een contact cu produsele Donau Soja sau Europe Soya<\/p>\n<p>[\/et_pb_blurb][et_pb_blurb url_new_window=&#8221;on&#8221; use_icon=&#8221;on&#8221; font_icon=&#8221;&#xf0c8;||fa||900&#8243; _builder_version=&#8221;4.17.6&#8243; _module_preset=&#8221;591a8906-608e-4daf-b2d8-77bd187d9121&#8243; header_font=&#8221;|700|||||||&#8221; custom_margin=&#8221;20px||20px||false|false&#8221; link_option_url_new_window=&#8221;on&#8221; global_colors_info=&#8221;{}&#8221;]<\/p>\n<p>Documentarea cur\u0103\u021beniei<\/p>\n<p>[\/et_pb_blurb][et_pb_text admin_label=&#8221;Donau Soja guidelines (R07) or Europe Soya guidelines (R 07).&#8221; _builder_version=&#8221;4.17.6&#8243; _module_preset=&#8221;97a49757-9877-47ea-b480-aa7742502928&#8243; max_width=&#8221;70%&#8221; global_colors_info=&#8221;{}&#8221;]<\/p>\n<div class=\"elementor-element elementor-element-ced2e63 elementor-widget elementor-widget-text-editor\" data-id=\"ced2e63\" data-element_type=\"widget\" data-widget_type=\"text-editor.default\">\n<div class=\"elementor-widget-container\">\n<div class=\"elementor-text-editor elementor-clearfix\">\n<p>Pentru mai multe informa\u021bii, v\u0103 rug\u0103m s\u0103 consulta\u021bi <a href=\"https:\/\/www.donausoja.org\/wp-content\/uploads\/2022\/08\/Donau-Soja-Guidelines_R-07-Transportion-and-Cleaning-1.pdf\" target=\"_blank\" rel=\"noopener\">ghidurile Donau Soja (R07)<\/a> sau <a href=\"https:\/\/www.donausoja.org\/wp-content\/uploads\/2022\/08\/Europe-Soya-Guidelines_R-07-Transportion-and-Cleaning-1.pdf\" target=\"_blank\" rel=\"noopener\">ghidurile Europe Soya (R 07).<\/a><\/p>\n<\/div>\n<\/div>\n<\/div>\n<p>[\/et_pb_text][\/et_pb_column][\/et_pb_row][et_pb_row _builder_version=&#8221;4.16&#8243; _module_preset=&#8221;default&#8221; custom_padding=&#8221;||3px|||&#8221; global_colors_info=&#8221;{}&#8221;][et_pb_column type=&#8221;4_4&#8243; _builder_version=&#8221;4.16&#8243; _module_preset=&#8221;default&#8221; global_colors_info=&#8221;{}&#8221;][et_pb_text _builder_version=&#8221;4.17.6&#8243; _dynamic_attributes=&#8221;link_option_url&#8221; _module_preset=&#8221;default&#8221; text_text_color=&#8221;#76B82A&#8221; link_option_url=&#8221;@ET-DC@eyJkeW5hbWljIjp0cnVlLCJjb250ZW50IjoicG9zdF9saW5rX3VybF9wYWdlIiwic2V0dGluZ3MiOnsicG9zdF9pZCI6IjcwMyJ9fQ==@&#8221; global_colors_info=&#8221;{}&#8221;]<\/p>\n<p style=\"text-align: right;\"><strong>Continua\u021bi spre rubrica controlul calit\u0103\u021bii \u00bb<\/strong><\/p>\n<p>[\/et_pb_text][\/et_pb_column][\/et_pb_row][\/et_pb_section]<\/p>\n","protected":false},"excerpt":{"rendered":"<p>Transportare \u0219i igienizare Transportarea boabelor de soia Donau Soja \u0219i Europe Soya neambalate, f\u0103in\u0103 de soia, ulei de soia, hran\u0103 pentru animale sau alte m\u0103rfuri neambalate reprezint\u0103 un aspect important pentru men\u021binerea siguran\u021bei produselor \u0219i evitarea contamin\u0103rii. Pentru a men\u021bine calitatea produsului \u0219i a evita contaminarea, au fost determinate anumite cerin\u021be minime. Cu toate acestea, [&hellip;]<\/p>\n","protected":false},"author":2,"featured_media":68,"parent":23590,"menu_order":0,"comment_status":"open","ping_status":"closed","template":"","meta":{"_et_pb_use_builder":"on","_et_pb_old_content":"","_et_gb_content_width":"","footnotes":""},"class_list":["post-19878","page","type-page","status-publish","has-post-thumbnail","hentry"],"yoast_head":"<!-- This site is optimized with the Yoast SEO plugin v27.4 - https:\/\/yoast.com\/product\/yoast-seo-wordpress\/ -->\n<title>Transportare \u0219i igienizare - Donau Soja<\/title>\n<meta name=\"description\" content=\"Pentru a men\u021bine calitatea produselor \u0219i a evita contaminarea, au fost stabilite anumite cerin\u021be minime. Cu toate acestea, nu este necesar\u0103 o certificare separat\u0103 pentru transportul produselor Donau Soja \u0219i Europe Soya.\" \/>\n<meta name=\"robots\" content=\"index, follow, max-snippet:-1, max-image-preview:large, max-video-preview:-1\" \/>\n<link rel=\"canonical\" href=\"https:\/\/www.donausoja.org\/ro\/standard-si-certificare\/standardul-donau-soja\/conditii-de-certificare\/transportare-si-igienizare\/\" \/>\n<meta property=\"og:locale\" content=\"ro_RO\" \/>\n<meta property=\"og:type\" content=\"article\" \/>\n<meta property=\"og:title\" content=\"Transportare \u0219i igienizare - Donau Soja\" \/>\n<meta property=\"og:description\" content=\"Pentru a men\u021bine calitatea produselor \u0219i a evita contaminarea, au fost stabilite anumite cerin\u021be minime. Cu toate acestea, nu este necesar\u0103 o certificare separat\u0103 pentru transportul produselor Donau Soja \u0219i Europe Soya.\" \/>\n<meta property=\"og:url\" content=\"https:\/\/www.donausoja.org\/ro\/standard-si-certificare\/standardul-donau-soja\/conditii-de-certificare\/transportare-si-igienizare\/\" \/>\n<meta property=\"og:site_name\" content=\"Donau Soja\" \/>\n<meta property=\"article:modified_time\" content=\"2024-10-01T08:56:17+00:00\" \/>\n<meta property=\"og:image\" content=\"https:\/\/www.donausoja.org\/wp-content\/uploads\/2021\/12\/cropped-donausoja_favicon2_512-1-e1645618911394.png\" \/>\n\t<meta property=\"og:image:width\" content=\"212\" \/>\n\t<meta property=\"og:image:height\" content=\"212\" \/>\n\t<meta property=\"og:image:type\" content=\"image\/png\" \/>\n<meta name=\"twitter:card\" content=\"summary_large_image\" \/>\n<meta name=\"twitter:label1\" content=\"Timp estimat pentru citire\" \/>\n\t<meta name=\"twitter:data1\" content=\"1 minut\" \/>\n<script type=\"application\/ld+json\" class=\"yoast-schema-graph\">{\"@context\":\"https:\\\/\\\/schema.org\",\"@graph\":[{\"@type\":\"WebPage\",\"@id\":\"https:\\\/\\\/www.donausoja.org\\\/ro\\\/standard-si-certificare\\\/standardul-donau-soja\\\/conditii-de-certificare\\\/transportare-si-igienizare\\\/\",\"url\":\"https:\\\/\\\/www.donausoja.org\\\/ro\\\/standard-si-certificare\\\/standardul-donau-soja\\\/conditii-de-certificare\\\/transportare-si-igienizare\\\/\",\"name\":\"Transportare \u0219i igienizare - Donau Soja\",\"isPartOf\":{\"@id\":\"https:\\\/\\\/www.donausoja.org\\\/ro\\\/#website\"},\"primaryImageOfPage\":{\"@id\":\"https:\\\/\\\/www.donausoja.org\\\/ro\\\/standard-si-certificare\\\/standardul-donau-soja\\\/conditii-de-certificare\\\/transportare-si-igienizare\\\/#primaryimage\"},\"image\":{\"@id\":\"https:\\\/\\\/www.donausoja.org\\\/ro\\\/standard-si-certificare\\\/standardul-donau-soja\\\/conditii-de-certificare\\\/transportare-si-igienizare\\\/#primaryimage\"},\"thumbnailUrl\":\"https:\\\/\\\/www.donausoja.org\\\/wp-content\\\/uploads\\\/2021\\\/12\\\/cropped-donausoja_favicon2_512-1-e1645618911394.png\",\"datePublished\":\"2022-02-08T13:17:56+00:00\",\"dateModified\":\"2024-10-01T08:56:17+00:00\",\"description\":\"Pentru a men\u021bine calitatea produselor \u0219i a evita contaminarea, au fost stabilite anumite cerin\u021be minime. Cu toate acestea, nu este necesar\u0103 o certificare separat\u0103 pentru transportul produselor Donau Soja \u0219i Europe Soya.\",\"breadcrumb\":{\"@id\":\"https:\\\/\\\/www.donausoja.org\\\/ro\\\/standard-si-certificare\\\/standardul-donau-soja\\\/conditii-de-certificare\\\/transportare-si-igienizare\\\/#breadcrumb\"},\"inLanguage\":\"ro-RO\",\"potentialAction\":[{\"@type\":\"ReadAction\",\"target\":[\"https:\\\/\\\/www.donausoja.org\\\/ro\\\/standard-si-certificare\\\/standardul-donau-soja\\\/conditii-de-certificare\\\/transportare-si-igienizare\\\/\"]}]},{\"@type\":\"ImageObject\",\"inLanguage\":\"ro-RO\",\"@id\":\"https:\\\/\\\/www.donausoja.org\\\/ro\\\/standard-si-certificare\\\/standardul-donau-soja\\\/conditii-de-certificare\\\/transportare-si-igienizare\\\/#primaryimage\",\"url\":\"https:\\\/\\\/www.donausoja.org\\\/wp-content\\\/uploads\\\/2021\\\/12\\\/cropped-donausoja_favicon2_512-1-e1645618911394.png\",\"contentUrl\":\"https:\\\/\\\/www.donausoja.org\\\/wp-content\\\/uploads\\\/2021\\\/12\\\/cropped-donausoja_favicon2_512-1-e1645618911394.png\",\"width\":212,\"height\":212},{\"@type\":\"BreadcrumbList\",\"@id\":\"https:\\\/\\\/www.donausoja.org\\\/ro\\\/standard-si-certificare\\\/standardul-donau-soja\\\/conditii-de-certificare\\\/transportare-si-igienizare\\\/#breadcrumb\",\"itemListElement\":[{\"@type\":\"ListItem\",\"position\":1,\"name\":\"Home\",\"item\":\"https:\\\/\\\/www.donausoja.org\\\/ro\\\/\"},{\"@type\":\"ListItem\",\"position\":2,\"name\":\"Standard \u0219i certificare\",\"item\":\"https:\\\/\\\/www.donausoja.org\\\/ro\\\/standard-si-certificare\\\/\"},{\"@type\":\"ListItem\",\"position\":3,\"name\":\"Standardul Donau Soja\",\"item\":\"https:\\\/\\\/www.donausoja.org\\\/ro\\\/standard-si-certificare\\\/standardul-donau-soja\\\/\"},{\"@type\":\"ListItem\",\"position\":4,\"name\":\"Condi\u021bii de certificare\",\"item\":\"https:\\\/\\\/www.donausoja.org\\\/ro\\\/standard-si-certificare\\\/standardul-donau-soja\\\/conditii-de-certificare\\\/\"},{\"@type\":\"ListItem\",\"position\":5,\"name\":\"Transportare \u0219i igienizare\"}]},{\"@type\":\"WebSite\",\"@id\":\"https:\\\/\\\/www.donausoja.org\\\/ro\\\/#website\",\"url\":\"https:\\\/\\\/www.donausoja.org\\\/ro\\\/\",\"name\":\"Donau Soja\",\"description\":\"Together for a European Protein Supply: Regional. Sustainable. Non-GM.\",\"potentialAction\":[{\"@type\":\"SearchAction\",\"target\":{\"@type\":\"EntryPoint\",\"urlTemplate\":\"https:\\\/\\\/www.donausoja.org\\\/ro\\\/?s={search_term_string}\"},\"query-input\":{\"@type\":\"PropertyValueSpecification\",\"valueRequired\":true,\"valueName\":\"search_term_string\"}}],\"inLanguage\":\"ro-RO\"}]}<\/script>\n<!-- \/ Yoast SEO plugin. -->","yoast_head_json":{"title":"Transportare \u0219i igienizare - Donau Soja","description":"Pentru a men\u021bine calitatea produselor \u0219i a evita contaminarea, au fost stabilite anumite cerin\u021be minime. Cu toate acestea, nu este necesar\u0103 o certificare separat\u0103 pentru transportul produselor Donau Soja \u0219i Europe Soya.","robots":{"index":"index","follow":"follow","max-snippet":"max-snippet:-1","max-image-preview":"max-image-preview:large","max-video-preview":"max-video-preview:-1"},"canonical":"https:\/\/www.donausoja.org\/ro\/standard-si-certificare\/standardul-donau-soja\/conditii-de-certificare\/transportare-si-igienizare\/","og_locale":"ro_RO","og_type":"article","og_title":"Transportare \u0219i igienizare - Donau Soja","og_description":"Pentru a men\u021bine calitatea produselor \u0219i a evita contaminarea, au fost stabilite anumite cerin\u021be minime. Cu toate acestea, nu este necesar\u0103 o certificare separat\u0103 pentru transportul produselor Donau Soja \u0219i Europe Soya.","og_url":"https:\/\/www.donausoja.org\/ro\/standard-si-certificare\/standardul-donau-soja\/conditii-de-certificare\/transportare-si-igienizare\/","og_site_name":"Donau Soja","article_modified_time":"2024-10-01T08:56:17+00:00","og_image":[{"width":212,"height":212,"url":"https:\/\/www.donausoja.org\/wp-content\/uploads\/2021\/12\/cropped-donausoja_favicon2_512-1-e1645618911394.png","type":"image\/png"}],"twitter_card":"summary_large_image","twitter_misc":{"Timp estimat pentru citire":"1 minut"},"schema":{"@context":"https:\/\/schema.org","@graph":[{"@type":"WebPage","@id":"https:\/\/www.donausoja.org\/ro\/standard-si-certificare\/standardul-donau-soja\/conditii-de-certificare\/transportare-si-igienizare\/","url":"https:\/\/www.donausoja.org\/ro\/standard-si-certificare\/standardul-donau-soja\/conditii-de-certificare\/transportare-si-igienizare\/","name":"Transportare \u0219i igienizare - Donau Soja","isPartOf":{"@id":"https:\/\/www.donausoja.org\/ro\/#website"},"primaryImageOfPage":{"@id":"https:\/\/www.donausoja.org\/ro\/standard-si-certificare\/standardul-donau-soja\/conditii-de-certificare\/transportare-si-igienizare\/#primaryimage"},"image":{"@id":"https:\/\/www.donausoja.org\/ro\/standard-si-certificare\/standardul-donau-soja\/conditii-de-certificare\/transportare-si-igienizare\/#primaryimage"},"thumbnailUrl":"https:\/\/www.donausoja.org\/wp-content\/uploads\/2021\/12\/cropped-donausoja_favicon2_512-1-e1645618911394.png","datePublished":"2022-02-08T13:17:56+00:00","dateModified":"2024-10-01T08:56:17+00:00","description":"Pentru a men\u021bine calitatea produselor \u0219i a evita contaminarea, au fost stabilite anumite cerin\u021be minime. Cu toate acestea, nu este necesar\u0103 o certificare separat\u0103 pentru transportul produselor Donau Soja \u0219i Europe Soya.","breadcrumb":{"@id":"https:\/\/www.donausoja.org\/ro\/standard-si-certificare\/standardul-donau-soja\/conditii-de-certificare\/transportare-si-igienizare\/#breadcrumb"},"inLanguage":"ro-RO","potentialAction":[{"@type":"ReadAction","target":["https:\/\/www.donausoja.org\/ro\/standard-si-certificare\/standardul-donau-soja\/conditii-de-certificare\/transportare-si-igienizare\/"]}]},{"@type":"ImageObject","inLanguage":"ro-RO","@id":"https:\/\/www.donausoja.org\/ro\/standard-si-certificare\/standardul-donau-soja\/conditii-de-certificare\/transportare-si-igienizare\/#primaryimage","url":"https:\/\/www.donausoja.org\/wp-content\/uploads\/2021\/12\/cropped-donausoja_favicon2_512-1-e1645618911394.png","contentUrl":"https:\/\/www.donausoja.org\/wp-content\/uploads\/2021\/12\/cropped-donausoja_favicon2_512-1-e1645618911394.png","width":212,"height":212},{"@type":"BreadcrumbList","@id":"https:\/\/www.donausoja.org\/ro\/standard-si-certificare\/standardul-donau-soja\/conditii-de-certificare\/transportare-si-igienizare\/#breadcrumb","itemListElement":[{"@type":"ListItem","position":1,"name":"Home","item":"https:\/\/www.donausoja.org\/ro\/"},{"@type":"ListItem","position":2,"name":"Standard \u0219i certificare","item":"https:\/\/www.donausoja.org\/ro\/standard-si-certificare\/"},{"@type":"ListItem","position":3,"name":"Standardul Donau Soja","item":"https:\/\/www.donausoja.org\/ro\/standard-si-certificare\/standardul-donau-soja\/"},{"@type":"ListItem","position":4,"name":"Condi\u021bii de certificare","item":"https:\/\/www.donausoja.org\/ro\/standard-si-certificare\/standardul-donau-soja\/conditii-de-certificare\/"},{"@type":"ListItem","position":5,"name":"Transportare \u0219i igienizare"}]},{"@type":"WebSite","@id":"https:\/\/www.donausoja.org\/ro\/#website","url":"https:\/\/www.donausoja.org\/ro\/","name":"Donau Soja","description":"Together for a European Protein Supply: Regional. Sustainable. Non-GM.","potentialAction":[{"@type":"SearchAction","target":{"@type":"EntryPoint","urlTemplate":"https:\/\/www.donausoja.org\/ro\/?s={search_term_string}"},"query-input":{"@type":"PropertyValueSpecification","valueRequired":true,"valueName":"search_term_string"}}],"inLanguage":"ro-RO"}]}},"_links":{"self":[{"href":"https:\/\/www.donausoja.org\/ro\/wp-json\/wp\/v2\/pages\/19878","targetHints":{"allow":["GET"]}}],"collection":[{"href":"https:\/\/www.donausoja.org\/ro\/wp-json\/wp\/v2\/pages"}],"about":[{"href":"https:\/\/www.donausoja.org\/ro\/wp-json\/wp\/v2\/types\/page"}],"author":[{"embeddable":true,"href":"https:\/\/www.donausoja.org\/ro\/wp-json\/wp\/v2\/users\/2"}],"replies":[{"embeddable":true,"href":"https:\/\/www.donausoja.org\/ro\/wp-json\/wp\/v2\/comments?post=19878"}],"version-history":[{"count":1,"href":"https:\/\/www.donausoja.org\/ro\/wp-json\/wp\/v2\/pages\/19878\/revisions"}],"predecessor-version":[{"id":48499,"href":"https:\/\/www.donausoja.org\/ro\/wp-json\/wp\/v2\/pages\/19878\/revisions\/48499"}],"up":[{"embeddable":true,"href":"https:\/\/www.donausoja.org\/ro\/wp-json\/wp\/v2\/pages\/23590"}],"wp:featuredmedia":[{"embeddable":true,"href":"https:\/\/www.donausoja.org\/ro\/wp-json\/wp\/v2\/media\/68"}],"wp:attachment":[{"href":"https:\/\/www.donausoja.org\/ro\/wp-json\/wp\/v2\/media?parent=19878"}],"curies":[{"name":"wp","href":"https:\/\/api.w.org\/{rel}","templated":true}]}}