
{"id":19873,"date":"2022-02-08T13:15:10","date_gmt":"2022-02-08T13:15:10","guid":{"rendered":"https:\/\/fourth.donausoja.org\/standard-si-certificare\/standardul_donau_soja\/conditii_de_certificare\/comerciantul_de_soia\/"},"modified":"2024-11-28T14:50:54","modified_gmt":"2024-11-28T14:50:54","slug":"comerciantul-de-soia","status":"publish","type":"page","link":"https:\/\/www.donausoja.org\/ro\/standard-si-certificare\/standardul-donau-soja\/conditii-de-certificare\/comerciantul-de-soia\/","title":{"rendered":"Comerciantul de soia"},"content":{"rendered":"<p>[et_pb_section fb_built=&#8221;1&#8243; _builder_version=&#8221;4.16&#8243; _module_preset=&#8221;default&#8221; background_color=&#8221;RGBA(255,255,255,0)&#8221; locked=&#8221;off&#8221; global_colors_info=&#8221;{}&#8221; da_is_popup=&#8221;off&#8221; da_exit_intent=&#8221;off&#8221; da_has_close=&#8221;on&#8221; da_alt_close=&#8221;off&#8221; da_dark_close=&#8221;off&#8221; da_not_modal=&#8221;on&#8221; da_is_singular=&#8221;off&#8221; da_with_loader=&#8221;off&#8221; da_has_shadow=&#8221;on&#8221; da_disable_devices=&#8221;off|off|off&#8221;][et_pb_row admin_label=&#8221;Row &#8211; Soya Trader&#8221; _builder_version=&#8221;4.16&#8243; _module_preset=&#8221;default&#8221; custom_padding=&#8221;130px|||||&#8221; global_colors_info=&#8221;{}&#8221;][et_pb_column type=&#8221;4_4&#8243; _builder_version=&#8221;4.16&#8243; _module_preset=&#8221;default&#8221; global_colors_info=&#8221;{}&#8221;][et_pb_text admin_label=&#8221;Text &#8211; Soya Trader -Titel&#8221; _builder_version=&#8221;4.17.6&#8243; _module_preset=&#8221;77a7a6a5-6cba-4e24-a8d7-1992b0adbe08&#8243; header_font=&#8221;Ubuntu|700|||||||&#8221; global_colors_info=&#8221;{}&#8221;]<\/p>\n<h1><strong>Comerciantul\u00a0 de<\/strong> <strong>soia<\/strong><\/h1>\n<p>[\/et_pb_text][\/et_pb_column][\/et_pb_row][\/et_pb_section][et_pb_section fb_built=&#8221;1&#8243; _builder_version=&#8221;4.16&#8243; _module_preset=&#8221;default&#8221; background_color=&#8221;#F6F1E8&#8243; custom_padding=&#8221;4px||3px|||&#8221; global_colors_info=&#8221;{}&#8221; da_is_popup=&#8221;off&#8221; da_exit_intent=&#8221;off&#8221; da_has_close=&#8221;on&#8221; da_alt_close=&#8221;off&#8221; da_dark_close=&#8221;off&#8221; da_not_modal=&#8221;on&#8221; da_is_singular=&#8221;off&#8221; da_with_loader=&#8221;off&#8221; da_has_shadow=&#8221;on&#8221; da_disable_devices=&#8221;off|off|off&#8221;][et_pb_row column_structure=&#8221;1_2,1_2&#8243; admin_label=&#8221;Row &#8211; Intro&#8221; _builder_version=&#8221;4.16&#8243; _module_preset=&#8221;default&#8221; custom_padding=&#8221;0px|||||&#8221; global_colors_info=&#8221;{}&#8221;][et_pb_column type=&#8221;1_2&#8243; _builder_version=&#8221;4.16&#8243; _module_preset=&#8221;default&#8221; global_colors_info=&#8221;{}&#8221;][et_pb_text admin_label=&#8221;Text &#8211; Intro text&#8221; _builder_version=&#8221;4.17.6&#8243; _module_preset=&#8221;77a7a6a5-6cba-4e24-a8d7-1992b0adbe08&#8243; custom_padding=&#8221;21px|||||&#8221; global_colors_info=&#8221;{}&#8221;]<strong>Sunte\u021bi un comerciant de soia interesat s\u0103 cump\u0103ra\u021bi \u0219i s\u0103 vinde\u021bi produc\u021bie de marca Donau Soja sau Europe Soya?<\/strong><\/p>\n<p>Boabele de soia Donau Soja \u0219i Europe Soya trebuie s\u0103 provin\u0103 de la fermieri care cultiv\u0103 boabe non-OMG \u00een regiunea Donau Soja sau, respectiv, \u00een regiunea Europe Soya.<\/p>\n<p>Un comerciant include orice opera\u021biune care cump\u0103r\u0103 \u0219i vinde boabe de soia sau produse din soia \u0219i\/sau produse care con\u021bin sau constau \u00een boabe de soia (de exemplu, furaje combinate), dar f\u0103r\u0103 a utiliza un colector agricol.<br \/>\n[\/et_pb_text][\/et_pb_column][et_pb_column type=&#8221;1_2&#8243; _builder_version=&#8221;4.16&#8243; _module_preset=&#8221;default&#8221; global_colors_info=&#8221;{}&#8221;][\/et_pb_column][\/et_pb_row][\/et_pb_section][et_pb_section fb_built=&#8221;1&#8243; _builder_version=&#8221;4.16&#8243; _module_preset=&#8221;default&#8221; background_color=&#8221;rgba(246,241,232,0.8)&#8221; global_colors_info=&#8221;{}&#8221; da_is_popup=&#8221;off&#8221; da_exit_intent=&#8221;off&#8221; da_has_close=&#8221;on&#8221; da_alt_close=&#8221;off&#8221; da_dark_close=&#8221;off&#8221; da_not_modal=&#8221;on&#8221; da_is_singular=&#8221;off&#8221; da_with_loader=&#8221;off&#8221; da_has_shadow=&#8221;on&#8221; da_disable_devices=&#8221;off|off|off&#8221;][et_pb_row column_structure=&#8221;1_2,1_2&#8243; use_custom_gutter=&#8221;on&#8221; gutter_width=&#8221;1&#8243; make_equal=&#8221;on&#8221; admin_label=&#8221;Row &#8211; First Window&#8221; _builder_version=&#8221;4.16&#8243; _module_preset=&#8221;default&#8221; custom_padding=&#8221;0px||4px|||&#8221; global_colors_info=&#8221;{}&#8221;][et_pb_column type=&#8221;1_2&#8243; _builder_version=&#8221;4.16&#8243; _module_preset=&#8221;default&#8221; background_color=&#8221;#F6F1E8&#8243; custom_padding=&#8221;10px|20px|10px|20px|false|false&#8221; global_colors_info=&#8221;{}&#8221;][et_pb_text admin_label=&#8221;Text &#8211; General requirements&#8221; _builder_version=&#8221;4.17.6&#8243; _module_preset=&#8221;97a49757-9877-47ea-b480-aa7742502928&#8243; max_width=&#8221;70%&#8221; global_colors_info=&#8221;{}&#8221;]<strong>Condi\u021bii generale:<\/strong><br \/>\n[\/et_pb_text][et_pb_blurb url_new_window=&#8221;on&#8221; use_icon=&#8221;on&#8221; font_icon=&#8221;&#xf0c8;||fa||900&#8243; _builder_version=&#8221;4.21.0&#8243; _module_preset=&#8221;4c58f022-51f8-4ef3-8366-9633994b6fdb&#8221; header_font=&#8221;|700|||||||&#8221; link_option_url_new_window=&#8221;on&#8221; global_colors_info=&#8221;{}&#8221;]Inspec\u021bie\/certificare direct solicitat\u0103<br \/>\n[\/et_pb_blurb][et_pb_blurb url_new_window=&#8221;on&#8221; use_icon=&#8221;on&#8221; font_icon=&#8221;&#xf0c8;||fa||900&#8243; _builder_version=&#8221;4.21.0&#8243; _module_preset=&#8221;4c58f022-51f8-4ef3-8366-9633994b6fdb&#8221; header_font=&#8221;|700|||||||&#8221; link_option_url_new_window=&#8221;on&#8221; global_colors_info=&#8221;{}&#8221;]Cump\u0103rare \u0219i v\u00e2nzare numai cu un certificat de lot valabil (numai pentru boabe de soia, nu se aplic\u0103 pentru produsele din soia procesate sau furajele combinate)<br \/>\n[\/et_pb_blurb][et_pb_blurb url_new_window=&#8221;on&#8221; use_icon=&#8221;on&#8221; font_icon=&#8221;&#xf0c8;||fa||900&#8243; _builder_version=&#8221;4.21.0&#8243; _module_preset=&#8221;4c58f022-51f8-4ef3-8366-9633994b6fdb&#8221; header_font=&#8221;|700|||||||&#8221; custom_margin=&#8221;20px||20px||false|false&#8221; link_option_url_new_window=&#8221;on&#8221; global_colors_info=&#8221;{}&#8221;]Documentarea tuturor achizi\u021biilor \u0219i v\u00e2nz\u0103rilor<br \/>\n[\/et_pb_blurb][\/et_pb_column][et_pb_column type=&#8221;1_2&#8243; _builder_version=&#8221;4.16&#8243; _module_preset=&#8221;default&#8221; background_color=&#8221;#F6F1E8&#8243; custom_padding=&#8221;10px|20px|10px|20px|false|false&#8221; global_colors_info=&#8221;{}&#8221;][et_pb_text admin_label=&#8221;Text &#8211; Download HD&#8221; _builder_version=&#8221;4.17.6&#8243; _module_preset=&#8221;97a49757-9877-47ea-b480-aa7742502928&#8243; max_width=&#8221;70%&#8221; global_colors_info=&#8221;{}&#8221;]<\/p>\n<div class=\"elementor-element elementor-element-ced2e63 elementor-widget elementor-widget-text-editor\" data-id=\"ced2e63\" data-element_type=\"widget\" data-widget_type=\"text-editor.default\">\n<div class=\"elementor-widget-container\">\n<div class=\"elementor-text-editor elementor-clearfix\">\n<p><strong>Desc\u0103rca\u021bi declara\u021bia de recolt\u0103:<\/strong><\/p>\n<\/div>\n<\/div>\n<\/div>\n<p>[\/et_pb_text][et_pb_blurb url_new_window=&#8221;on&#8221; use_icon=&#8221;on&#8221; font_icon=&#8221;&#xf0c8;||fa||900&#8243; admin_label=&#8221;Blurb &#8211; just text &#8221; _builder_version=&#8221;4.17.6&#8243; _module_preset=&#8221;591a8906-608e-4daf-b2d8-77bd187d9121&#8243; header_font=&#8221;|700|||||||&#8221; link_option_url_new_window=&#8221;on&#8221; global_colors_info=&#8221;{}&#8221;]Comercian\u021bi care lucreaz\u0103 \u0219i \u00een calitate de colectori agricoli.<br \/>\n[\/et_pb_blurb][et_pb_text admin_label=&#8221;Text &#8211; Special for &#8211; Links DSR03 and ESR03&#8243; _builder_version=&#8221;4.17.6&#8243; _module_preset=&#8221;97a49757-9877-47ea-b480-aa7742502928&#8243; max_width=&#8221;70%&#8221; custom_padding=&#8221;50px|||0px|false|false&#8221; global_colors_info=&#8221;{}&#8221;]<\/p>\n<div class=\"elementor-element elementor-element-ced2e63 elementor-widget elementor-widget-text-editor\" data-id=\"ced2e63\" data-element_type=\"widget\" data-widget_type=\"text-editor.default\">\n<div class=\"elementor-widget-container\">\n<div class=\"elementor-text-editor elementor-clearfix\">\n<p><strong>Form\u0103 specific\u0103:<\/strong><\/p>\n<p>Pentru mai multe informa\u021bii, v\u0103 rug\u0103m s\u0103 consulta\u021bi ghidurile <a href=\"https:\/\/www.donausoja.org\/wp-content\/uploads\/2022\/08\/Donau-Soja-Guidelines_R-03-Soya-Trader.pdf\" target=\"_blank\" rel=\"noopener\">Donau Soja (R 03)<\/a> sau ghidurile <a href=\"https:\/\/www.donausoja.org\/wp-content\/uploads\/2022\/08\/Europe-Soya-Guidelines_R-03-Soya-Trader.pdf\" target=\"_blank\" rel=\"noopener\">Europe Soya (R 03)<\/a>.<\/p>\n<\/div>\n<\/div>\n<\/div>\n<p>[\/et_pb_text][\/et_pb_column][\/et_pb_row][et_pb_row _builder_version=&#8221;4.16&#8243; _dynamic_attributes=&#8221;link_option_url&#8221; _module_preset=&#8221;default&#8221; custom_padding=&#8221;||3px|||&#8221; link_option_url=&#8221;@ET-DC@eyJkeW5hbWljIjp0cnVlLCJjb250ZW50IjoicG9zdF9saW5rX3VybF9wYWdlIiwic2V0dGluZ3MiOnsicG9zdF9pZCI6IjcwOSJ9fQ==@&#8221; global_colors_info=&#8221;{}&#8221;][et_pb_column type=&#8221;4_4&#8243; _builder_version=&#8221;4.16&#8243; _module_preset=&#8221;default&#8221; global_colors_info=&#8221;{}&#8221;][et_pb_text admin_label=&#8221;Text &#8211; continue to Primary Processor&#8221; _builder_version=&#8221;4.21.0&#8243; _module_preset=&#8221;default&#8221; text_text_color=&#8221;#76B82A&#8221; link_option_url=&#8221;https:\/\/www.donausoja.org\/ro\/standard-si-certificare\/standardul_donau_soja\/conditii_de_certificare\/procesor_primar_de_boabe_de_soia\/&#8221; global_colors_info=&#8221;{}&#8221;]<\/p>\n<p style=\"text-align: right;\"><strong>Continua\u021bi spre Procesator primar de soia \u00bb<\/strong><\/p>\n<p>[\/et_pb_text][\/et_pb_column][\/et_pb_row][\/et_pb_section]<\/p>\n","protected":false},"excerpt":{"rendered":"<p>Comerciantul\u00a0 de soia Sunte\u021bi un comerciant de soia interesat s\u0103 cump\u0103ra\u021bi \u0219i s\u0103 vinde\u021bi produc\u021bie de marca Donau Soja sau Europe Soya? Boabele de soia Donau Soja \u0219i Europe Soya trebuie s\u0103 provin\u0103 de la fermieri care cultiv\u0103 boabe non-OMG \u00een regiunea Donau Soja sau, respectiv, \u00een regiunea Europe Soya. Un comerciant include orice opera\u021biune [&hellip;]<\/p>\n","protected":false},"author":2,"featured_media":68,"parent":23590,"menu_order":0,"comment_status":"open","ping_status":"closed","template":"","meta":{"_et_pb_use_builder":"on","_et_pb_old_content":"","_et_gb_content_width":"","footnotes":""},"class_list":["post-19873","page","type-page","status-publish","has-post-thumbnail","hentry"],"yoast_head":"<!-- This site is optimized with the Yoast SEO plugin v27.4 - https:\/\/yoast.com\/product\/yoast-seo-wordpress\/ -->\n<title>Comerciantul de soia - Donau Soja<\/title>\n<meta name=\"description\" content=\"Un comerciant este orice opera\u021biune de cump\u0103rare \u0219i v\u00e2nzare de boabe de soia sau produse din soia \u0219i\/sau produse care con\u021bin sau constau \u00een boabe de soia (de exemplu, furaje combinate), dar f\u0103r\u0103 a utiliza un colector agricol.\" \/>\n<meta name=\"robots\" content=\"index, follow, max-snippet:-1, max-image-preview:large, max-video-preview:-1\" \/>\n<link rel=\"canonical\" href=\"https:\/\/www.donausoja.org\/ro\/standard-si-certificare\/standardul-donau-soja\/conditii-de-certificare\/comerciantul-de-soia\/\" \/>\n<meta property=\"og:locale\" content=\"ro_RO\" \/>\n<meta property=\"og:type\" content=\"article\" \/>\n<meta property=\"og:title\" content=\"Comerciantul de soia - Donau Soja\" \/>\n<meta property=\"og:description\" content=\"Un comerciant este orice opera\u021biune de cump\u0103rare \u0219i v\u00e2nzare de boabe de soia sau produse din soia \u0219i\/sau produse care con\u021bin sau constau \u00een boabe de soia (de exemplu, furaje combinate), dar f\u0103r\u0103 a utiliza un colector agricol.\" \/>\n<meta property=\"og:url\" content=\"https:\/\/www.donausoja.org\/ro\/standard-si-certificare\/standardul-donau-soja\/conditii-de-certificare\/comerciantul-de-soia\/\" \/>\n<meta property=\"og:site_name\" content=\"Donau Soja\" \/>\n<meta property=\"article:modified_time\" content=\"2024-11-28T14:50:54+00:00\" \/>\n<meta property=\"og:image\" content=\"https:\/\/www.donausoja.org\/wp-content\/uploads\/2021\/12\/cropped-donausoja_favicon2_512-1-e1645618911394.png\" \/>\n\t<meta property=\"og:image:width\" content=\"212\" \/>\n\t<meta property=\"og:image:height\" content=\"212\" \/>\n\t<meta property=\"og:image:type\" content=\"image\/png\" \/>\n<meta name=\"twitter:card\" content=\"summary_large_image\" \/>\n<meta name=\"twitter:label1\" content=\"Timp estimat pentru citire\" \/>\n\t<meta name=\"twitter:data1\" content=\"1 minut\" \/>\n<script type=\"application\/ld+json\" class=\"yoast-schema-graph\">{\"@context\":\"https:\\\/\\\/schema.org\",\"@graph\":[{\"@type\":\"WebPage\",\"@id\":\"https:\\\/\\\/www.donausoja.org\\\/ro\\\/standard-si-certificare\\\/standardul-donau-soja\\\/conditii-de-certificare\\\/comerciantul-de-soia\\\/\",\"url\":\"https:\\\/\\\/www.donausoja.org\\\/ro\\\/standard-si-certificare\\\/standardul-donau-soja\\\/conditii-de-certificare\\\/comerciantul-de-soia\\\/\",\"name\":\"Comerciantul de soia - Donau Soja\",\"isPartOf\":{\"@id\":\"https:\\\/\\\/www.donausoja.org\\\/ro\\\/#website\"},\"primaryImageOfPage\":{\"@id\":\"https:\\\/\\\/www.donausoja.org\\\/ro\\\/standard-si-certificare\\\/standardul-donau-soja\\\/conditii-de-certificare\\\/comerciantul-de-soia\\\/#primaryimage\"},\"image\":{\"@id\":\"https:\\\/\\\/www.donausoja.org\\\/ro\\\/standard-si-certificare\\\/standardul-donau-soja\\\/conditii-de-certificare\\\/comerciantul-de-soia\\\/#primaryimage\"},\"thumbnailUrl\":\"https:\\\/\\\/www.donausoja.org\\\/wp-content\\\/uploads\\\/2021\\\/12\\\/cropped-donausoja_favicon2_512-1-e1645618911394.png\",\"datePublished\":\"2022-02-08T13:15:10+00:00\",\"dateModified\":\"2024-11-28T14:50:54+00:00\",\"description\":\"Un comerciant este orice opera\u021biune de cump\u0103rare \u0219i v\u00e2nzare de boabe de soia sau produse din soia \u0219i\\\/sau produse care con\u021bin sau constau \u00een boabe de soia (de exemplu, furaje combinate), dar f\u0103r\u0103 a utiliza un colector agricol.\",\"breadcrumb\":{\"@id\":\"https:\\\/\\\/www.donausoja.org\\\/ro\\\/standard-si-certificare\\\/standardul-donau-soja\\\/conditii-de-certificare\\\/comerciantul-de-soia\\\/#breadcrumb\"},\"inLanguage\":\"ro-RO\",\"potentialAction\":[{\"@type\":\"ReadAction\",\"target\":[\"https:\\\/\\\/www.donausoja.org\\\/ro\\\/standard-si-certificare\\\/standardul-donau-soja\\\/conditii-de-certificare\\\/comerciantul-de-soia\\\/\"]}]},{\"@type\":\"ImageObject\",\"inLanguage\":\"ro-RO\",\"@id\":\"https:\\\/\\\/www.donausoja.org\\\/ro\\\/standard-si-certificare\\\/standardul-donau-soja\\\/conditii-de-certificare\\\/comerciantul-de-soia\\\/#primaryimage\",\"url\":\"https:\\\/\\\/www.donausoja.org\\\/wp-content\\\/uploads\\\/2021\\\/12\\\/cropped-donausoja_favicon2_512-1-e1645618911394.png\",\"contentUrl\":\"https:\\\/\\\/www.donausoja.org\\\/wp-content\\\/uploads\\\/2021\\\/12\\\/cropped-donausoja_favicon2_512-1-e1645618911394.png\",\"width\":212,\"height\":212},{\"@type\":\"BreadcrumbList\",\"@id\":\"https:\\\/\\\/www.donausoja.org\\\/ro\\\/standard-si-certificare\\\/standardul-donau-soja\\\/conditii-de-certificare\\\/comerciantul-de-soia\\\/#breadcrumb\",\"itemListElement\":[{\"@type\":\"ListItem\",\"position\":1,\"name\":\"Home\",\"item\":\"https:\\\/\\\/www.donausoja.org\\\/ro\\\/\"},{\"@type\":\"ListItem\",\"position\":2,\"name\":\"Standard \u0219i certificare\",\"item\":\"https:\\\/\\\/www.donausoja.org\\\/ro\\\/standard-si-certificare\\\/\"},{\"@type\":\"ListItem\",\"position\":3,\"name\":\"Standardul Donau Soja\",\"item\":\"https:\\\/\\\/www.donausoja.org\\\/ro\\\/standard-si-certificare\\\/standardul-donau-soja\\\/\"},{\"@type\":\"ListItem\",\"position\":4,\"name\":\"Condi\u021bii de certificare\",\"item\":\"https:\\\/\\\/www.donausoja.org\\\/ro\\\/standard-si-certificare\\\/standardul-donau-soja\\\/conditii-de-certificare\\\/\"},{\"@type\":\"ListItem\",\"position\":5,\"name\":\"Comerciantul de soia\"}]},{\"@type\":\"WebSite\",\"@id\":\"https:\\\/\\\/www.donausoja.org\\\/ro\\\/#website\",\"url\":\"https:\\\/\\\/www.donausoja.org\\\/ro\\\/\",\"name\":\"Donau Soja\",\"description\":\"Together for a European Protein Supply: Regional. Sustainable. Non-GM.\",\"potentialAction\":[{\"@type\":\"SearchAction\",\"target\":{\"@type\":\"EntryPoint\",\"urlTemplate\":\"https:\\\/\\\/www.donausoja.org\\\/ro\\\/?s={search_term_string}\"},\"query-input\":{\"@type\":\"PropertyValueSpecification\",\"valueRequired\":true,\"valueName\":\"search_term_string\"}}],\"inLanguage\":\"ro-RO\"}]}<\/script>\n<!-- \/ Yoast SEO plugin. -->","yoast_head_json":{"title":"Comerciantul de soia - Donau Soja","description":"Un comerciant este orice opera\u021biune de cump\u0103rare \u0219i v\u00e2nzare de boabe de soia sau produse din soia \u0219i\/sau produse care con\u021bin sau constau \u00een boabe de soia (de exemplu, furaje combinate), dar f\u0103r\u0103 a utiliza un colector agricol.","robots":{"index":"index","follow":"follow","max-snippet":"max-snippet:-1","max-image-preview":"max-image-preview:large","max-video-preview":"max-video-preview:-1"},"canonical":"https:\/\/www.donausoja.org\/ro\/standard-si-certificare\/standardul-donau-soja\/conditii-de-certificare\/comerciantul-de-soia\/","og_locale":"ro_RO","og_type":"article","og_title":"Comerciantul de soia - Donau Soja","og_description":"Un comerciant este orice opera\u021biune de cump\u0103rare \u0219i v\u00e2nzare de boabe de soia sau produse din soia \u0219i\/sau produse care con\u021bin sau constau \u00een boabe de soia (de exemplu, furaje combinate), dar f\u0103r\u0103 a utiliza un colector agricol.","og_url":"https:\/\/www.donausoja.org\/ro\/standard-si-certificare\/standardul-donau-soja\/conditii-de-certificare\/comerciantul-de-soia\/","og_site_name":"Donau Soja","article_modified_time":"2024-11-28T14:50:54+00:00","og_image":[{"width":212,"height":212,"url":"https:\/\/www.donausoja.org\/wp-content\/uploads\/2021\/12\/cropped-donausoja_favicon2_512-1-e1645618911394.png","type":"image\/png"}],"twitter_card":"summary_large_image","twitter_misc":{"Timp estimat pentru citire":"1 minut"},"schema":{"@context":"https:\/\/schema.org","@graph":[{"@type":"WebPage","@id":"https:\/\/www.donausoja.org\/ro\/standard-si-certificare\/standardul-donau-soja\/conditii-de-certificare\/comerciantul-de-soia\/","url":"https:\/\/www.donausoja.org\/ro\/standard-si-certificare\/standardul-donau-soja\/conditii-de-certificare\/comerciantul-de-soia\/","name":"Comerciantul de soia - Donau Soja","isPartOf":{"@id":"https:\/\/www.donausoja.org\/ro\/#website"},"primaryImageOfPage":{"@id":"https:\/\/www.donausoja.org\/ro\/standard-si-certificare\/standardul-donau-soja\/conditii-de-certificare\/comerciantul-de-soia\/#primaryimage"},"image":{"@id":"https:\/\/www.donausoja.org\/ro\/standard-si-certificare\/standardul-donau-soja\/conditii-de-certificare\/comerciantul-de-soia\/#primaryimage"},"thumbnailUrl":"https:\/\/www.donausoja.org\/wp-content\/uploads\/2021\/12\/cropped-donausoja_favicon2_512-1-e1645618911394.png","datePublished":"2022-02-08T13:15:10+00:00","dateModified":"2024-11-28T14:50:54+00:00","description":"Un comerciant este orice opera\u021biune de cump\u0103rare \u0219i v\u00e2nzare de boabe de soia sau produse din soia \u0219i\/sau produse care con\u021bin sau constau \u00een boabe de soia (de exemplu, furaje combinate), dar f\u0103r\u0103 a utiliza un colector agricol.","breadcrumb":{"@id":"https:\/\/www.donausoja.org\/ro\/standard-si-certificare\/standardul-donau-soja\/conditii-de-certificare\/comerciantul-de-soia\/#breadcrumb"},"inLanguage":"ro-RO","potentialAction":[{"@type":"ReadAction","target":["https:\/\/www.donausoja.org\/ro\/standard-si-certificare\/standardul-donau-soja\/conditii-de-certificare\/comerciantul-de-soia\/"]}]},{"@type":"ImageObject","inLanguage":"ro-RO","@id":"https:\/\/www.donausoja.org\/ro\/standard-si-certificare\/standardul-donau-soja\/conditii-de-certificare\/comerciantul-de-soia\/#primaryimage","url":"https:\/\/www.donausoja.org\/wp-content\/uploads\/2021\/12\/cropped-donausoja_favicon2_512-1-e1645618911394.png","contentUrl":"https:\/\/www.donausoja.org\/wp-content\/uploads\/2021\/12\/cropped-donausoja_favicon2_512-1-e1645618911394.png","width":212,"height":212},{"@type":"BreadcrumbList","@id":"https:\/\/www.donausoja.org\/ro\/standard-si-certificare\/standardul-donau-soja\/conditii-de-certificare\/comerciantul-de-soia\/#breadcrumb","itemListElement":[{"@type":"ListItem","position":1,"name":"Home","item":"https:\/\/www.donausoja.org\/ro\/"},{"@type":"ListItem","position":2,"name":"Standard \u0219i certificare","item":"https:\/\/www.donausoja.org\/ro\/standard-si-certificare\/"},{"@type":"ListItem","position":3,"name":"Standardul Donau Soja","item":"https:\/\/www.donausoja.org\/ro\/standard-si-certificare\/standardul-donau-soja\/"},{"@type":"ListItem","position":4,"name":"Condi\u021bii de certificare","item":"https:\/\/www.donausoja.org\/ro\/standard-si-certificare\/standardul-donau-soja\/conditii-de-certificare\/"},{"@type":"ListItem","position":5,"name":"Comerciantul de soia"}]},{"@type":"WebSite","@id":"https:\/\/www.donausoja.org\/ro\/#website","url":"https:\/\/www.donausoja.org\/ro\/","name":"Donau Soja","description":"Together for a European Protein Supply: Regional. Sustainable. Non-GM.","potentialAction":[{"@type":"SearchAction","target":{"@type":"EntryPoint","urlTemplate":"https:\/\/www.donausoja.org\/ro\/?s={search_term_string}"},"query-input":{"@type":"PropertyValueSpecification","valueRequired":true,"valueName":"search_term_string"}}],"inLanguage":"ro-RO"}]}},"_links":{"self":[{"href":"https:\/\/www.donausoja.org\/ro\/wp-json\/wp\/v2\/pages\/19873","targetHints":{"allow":["GET"]}}],"collection":[{"href":"https:\/\/www.donausoja.org\/ro\/wp-json\/wp\/v2\/pages"}],"about":[{"href":"https:\/\/www.donausoja.org\/ro\/wp-json\/wp\/v2\/types\/page"}],"author":[{"embeddable":true,"href":"https:\/\/www.donausoja.org\/ro\/wp-json\/wp\/v2\/users\/2"}],"replies":[{"embeddable":true,"href":"https:\/\/www.donausoja.org\/ro\/wp-json\/wp\/v2\/comments?post=19873"}],"version-history":[{"count":2,"href":"https:\/\/www.donausoja.org\/ro\/wp-json\/wp\/v2\/pages\/19873\/revisions"}],"predecessor-version":[{"id":50928,"href":"https:\/\/www.donausoja.org\/ro\/wp-json\/wp\/v2\/pages\/19873\/revisions\/50928"}],"up":[{"embeddable":true,"href":"https:\/\/www.donausoja.org\/ro\/wp-json\/wp\/v2\/pages\/23590"}],"wp:featuredmedia":[{"embeddable":true,"href":"https:\/\/www.donausoja.org\/ro\/wp-json\/wp\/v2\/media\/68"}],"wp:attachment":[{"href":"https:\/\/www.donausoja.org\/ro\/wp-json\/wp\/v2\/media?parent=19873"}],"curies":[{"name":"wp","href":"https:\/\/api.w.org\/{rel}","templated":true}]}}