
{"id":19837,"date":"2021-12-07T09:59:54","date_gmt":"2021-12-07T09:59:54","guid":{"rendered":"https:\/\/fourth.donausoja.org\/ds-es-preturilelafainadesoia\/"},"modified":"2025-02-21T09:40:04","modified_gmt":"2025-02-21T09:40:04","slug":"ds-es-preturilelafainadesoia","status":"publish","type":"page","link":"https:\/\/www.donausoja.org\/ro\/ds-es-preturilelafainadesoia\/","title":{"rendered":"DS\/ES Pre\u021burile la f\u0103ina de soia"},"content":{"rendered":"<p>[et_pb_section fb_built=&#8221;1&#8243; _builder_version=&#8221;4.17.6&#8243; _module_preset=&#8221;default&#8221; background_color=&#8221;RGBA(255,255,255,0)&#8221; da_disable_devices=&#8221;off|off|off&#8221; locked=&#8221;off&#8221; global_colors_info=&#8221;{}&#8221; da_is_popup=&#8221;off&#8221; da_exit_intent=&#8221;off&#8221; da_has_close=&#8221;on&#8221; da_alt_close=&#8221;off&#8221; da_dark_close=&#8221;off&#8221; da_not_modal=&#8221;on&#8221; da_is_singular=&#8221;off&#8221; da_with_loader=&#8221;off&#8221; da_has_shadow=&#8221;on&#8221;][et_pb_row _builder_version=&#8221;4.16&#8243; _module_preset=&#8221;default&#8221; custom_padding=&#8221;130px|||||&#8221; global_colors_info=&#8221;{}&#8221;][et_pb_column type=&#8221;4_4&#8243; _builder_version=&#8221;4.16&#8243; _module_preset=&#8221;default&#8221; global_colors_info=&#8221;{}&#8221;][et_pb_text admin_label=&#8221;Headline&#8221; _builder_version=&#8221;4.17.6&#8243; _module_preset=&#8221;77a7a6a5-6cba-4e24-a8d7-1992b0adbe08&#8243; header_font=&#8221;Ubuntu|700|||||||&#8221; global_colors_info=&#8221;{}&#8221;]<\/p>\n<h1>DS\/ES Pre\u021burile la f\u0103ina de soia<\/h1>\n<p>[\/et_pb_text][\/et_pb_column][\/et_pb_row][\/et_pb_section][et_pb_section fb_built=&#8221;1&#8243; _builder_version=&#8221;4.16&#8243; _module_preset=&#8221;default&#8221; custom_padding=&#8221;0px||4px|||&#8221; da_disable_devices=&#8221;off|off|off&#8221; global_colors_info=&#8221;{}&#8221; da_is_popup=&#8221;off&#8221; da_exit_intent=&#8221;off&#8221; da_has_close=&#8221;on&#8221; da_alt_close=&#8221;off&#8221; da_dark_close=&#8221;off&#8221; da_not_modal=&#8221;on&#8221; da_is_singular=&#8221;off&#8221; da_with_loader=&#8221;off&#8221; da_has_shadow=&#8221;on&#8221;][et_pb_row _builder_version=&#8221;4.16&#8243; _module_preset=&#8221;default&#8221; global_colors_info=&#8221;{}&#8221;][et_pb_column type=&#8221;4_4&#8243; _builder_version=&#8221;4.16&#8243; _module_preset=&#8221;default&#8221; global_colors_info=&#8221;{}&#8221;][et_pb_text admin_label=&#8221;Price list&#8221; _builder_version=&#8221;4.27.3&#8243; _module_preset=&#8221;77a7a6a5-6cba-4e24-a8d7-1992b0adbe08&#8243; hover_enabled=&#8221;0&#8243; global_colors_info=&#8221;{}&#8221; sticky_enabled=&#8221;0&#8243;]<\/p>\n<h2>List\u0103 de pre\u021buri<\/h2>\n<p>Informa\u021biile zilnice despre pre\u021burile de mai jos au scopul de a v\u0103 \u021bine la curent cu pre\u021burile la f\u0103in\u0103 de soia certificat\u0103 Donau Soja \/ Europe Soya \u00een diferite regiuni. Costurile sunt calculate \u00een baza valorilor de pre\u021b curente ale concasoarelor de soia \u0219i a tarifelor de transportare ale companiilor de transport pentru destina\u021biile de livrare selectate. Toate pre\u021burile din tabel se bazeaz\u0103 pe con\u021binutul de proteine de 44%. Valorile sunt actualizate \u00een fiecare zi a s\u0103pt\u0103m\u00e2nii (cu excep\u021bia s\u0103rb\u0103torilor), de obicei \u00eentre 13:00 \u0219i 14:00 (ora Vienei). Pre\u021burile indicate mai jos sunt valori nete. (pentru a imprima aceast\u0103 pagin\u0103, v\u0103 rug\u0103m s\u0103 utiliza\u021bi browserul Chrome).<\/p>\n<p>The price tables are only available in English.<\/p>\n<p>[\/et_pb_text][\/et_pb_column][\/et_pb_row][\/et_pb_section][et_pb_section fb_built=&#8221;1&#8243; _builder_version=&#8221;4.16&#8243; _module_preset=&#8221;default&#8221; background_color=&#8221;#F6F1E8&#8243; custom_padding=&#8221;||3px|||&#8221; da_disable_devices=&#8221;off|off|off&#8221; global_colors_info=&#8221;{}&#8221; da_is_popup=&#8221;off&#8221; da_exit_intent=&#8221;off&#8221; da_has_close=&#8221;on&#8221; da_alt_close=&#8221;off&#8221; da_dark_close=&#8221;off&#8221; da_not_modal=&#8221;on&#8221; da_is_singular=&#8221;off&#8221; da_with_loader=&#8221;off&#8221; da_has_shadow=&#8221;on&#8221;][et_pb_row _builder_version=&#8221;4.16&#8243; _module_preset=&#8221;default&#8221; global_colors_info=&#8221;{}&#8221;][et_pb_column type=&#8221;4_4&#8243; _builder_version=&#8221;4.16&#8243; _module_preset=&#8221;default&#8221; global_colors_info=&#8221;{}&#8221;][et_pb_code _builder_version=&#8221;4.16&#8243; _module_preset=&#8221;default&#8221; global_colors_info=&#8221;{}&#8221;]<iframe loading=\"lazy\" src=\"https:\/\/www.proteinmarkt.de\/charts\/tagesaktuelle_oelschrotpreise\/non-gmo-sojaschrot_en.php\" width=\"100%\" height=\"1200px\" frameborder=\"0\" scrolling=\"no\"><\/iframe>[\/et_pb_code][\/et_pb_column][\/et_pb_row][et_pb_row _builder_version=&#8221;4.16&#8243; _module_preset=&#8221;default&#8221; global_colors_info=&#8221;{}&#8221;][et_pb_column type=&#8221;4_4&#8243; _builder_version=&#8221;4.16&#8243; _module_preset=&#8221;default&#8221; global_colors_info=&#8221;{}&#8221;][et_pb_text _builder_version=&#8221;4.17.6&#8243; _module_preset=&#8221;default&#8221; custom_margin=&#8221;||-1px|||&#8221; global_colors_info=&#8221;{}&#8221;]<\/p>\n<p>Cu suportul amabil al:\u00a0<\/p>\n<p>[\/et_pb_text][et_pb_image src=&#8221;https:\/\/www.donausoja.org\/wp-content\/uploads\/2022\/02\/proteinmarkt_Logo_2020.gif&#8221; title_text=&#8221;proteinmarkt_Logo_2020&#8243; _builder_version=&#8221;4.16&#8243; _module_preset=&#8221;default&#8221; max_width=&#8221;50%&#8221; global_colors_info=&#8221;{}&#8221;][\/et_pb_image][\/et_pb_column][\/et_pb_row][et_pb_row _builder_version=&#8221;4.16&#8243; _module_preset=&#8221;default&#8221; global_colors_info=&#8221;{}&#8221;][et_pb_column type=&#8221;4_4&#8243; _builder_version=&#8221;4.16&#8243; _module_preset=&#8221;default&#8221; global_colors_info=&#8221;{}&#8221;][et_pb_text _builder_version=&#8221;4.17.6&#8243; _module_preset=&#8221;default&#8221; custom_margin=&#8221;||-1px|||&#8221; global_colors_info=&#8221;{}&#8221;]<\/p>\n<p>Cu suportul amabil al:\u00a0<\/p>\n<p>[\/et_pb_text][et_pb_image src=&#8221;https:\/\/www.donausoja.org\/wp-content\/uploads\/2022\/02\/proteinmarkt_Logo_2020.gif&#8221; title_text=&#8221;proteinmarkt_Logo_2020&#8243; _builder_version=&#8221;4.16&#8243; _module_preset=&#8221;default&#8221; max_width=&#8221;50%&#8221; global_colors_info=&#8221;{}&#8221;][\/et_pb_image][\/et_pb_column][\/et_pb_row][et_pb_row _builder_version=&#8221;4.16&#8243; _module_preset=&#8221;default&#8221; custom_padding=&#8221;0px|||||&#8221; global_colors_info=&#8221;{}&#8221;][et_pb_column type=&#8221;4_4&#8243; _builder_version=&#8221;4.16&#8243; _module_preset=&#8221;default&#8221; global_colors_info=&#8221;{}&#8221;][et_pb_text _builder_version=&#8221;4.17.6&#8243; _module_preset=&#8221;default&#8221; custom_margin=&#8221;||-1px|||&#8221; global_colors_info=&#8221;{}&#8221;]<strong>Avertisment<\/strong><br \/>\nDe\u0219i s-au depus toate eforturile rezonabile pentru a publica pre\u021buri exacte \u0219i valide, nu putem garanta corectitudinea \u0219i caracterul complet al acestor informa\u021bii.[\/et_pb_text][\/et_pb_column][\/et_pb_row][\/et_pb_section]<\/p>\n","protected":false},"excerpt":{"rendered":"<p>DS\/ES Pre\u021burile la f\u0103ina de soiaList\u0103 de pre\u021buri Informa\u021biile zilnice despre pre\u021burile de mai jos au scopul de a v\u0103 \u021bine la curent cu pre\u021burile la f\u0103in\u0103 de soia certificat\u0103 Donau Soja \/ Europe Soya \u00een diferite regiuni. Costurile sunt calculate \u00een baza valorilor de pre\u021b curente ale concasoarelor de soia \u0219i a tarifelor de [&hellip;]<\/p>\n","protected":false},"author":1,"featured_media":68,"parent":0,"menu_order":0,"comment_status":"open","ping_status":"open","template":"","meta":{"_et_pb_use_builder":"on","_et_pb_old_content":"","_et_gb_content_width":"","footnotes":""},"class_list":["post-19837","page","type-page","status-publish","has-post-thumbnail","hentry"],"yoast_head":"<!-- This site is optimized with the Yoast SEO plugin v27.4 - https:\/\/yoast.com\/product\/yoast-seo-wordpress\/ -->\n<title>DS\/ES Pre\u021burile la f\u0103ina de soia - Donau Soja<\/title>\n<meta name=\"description\" content=\"Informa\u021biile zilnice privind pre\u021burile de mai jos au scopul de a v\u0103 \u021bine la curent cu pre\u021burile f\u0103inii de soia certificate Europe Soya\/Donau Soja \u00een diferite regiuni. Valorile sunt calculate pe baza indica\u021biilor de pre\u021b actuale ale concasoarelor de soia \u0219i a tarifelor de transport ale companiilor de transport pentru loca\u021biile de livrare selectate.\" \/>\n<meta name=\"robots\" content=\"index, follow, max-snippet:-1, max-image-preview:large, max-video-preview:-1\" \/>\n<link rel=\"canonical\" href=\"https:\/\/www.donausoja.org\/ro\/ds-es-preturilelafainadesoia\/\" \/>\n<meta property=\"og:locale\" content=\"ro_RO\" \/>\n<meta property=\"og:type\" content=\"article\" \/>\n<meta property=\"og:title\" content=\"DS\/ES Pre\u021burile la f\u0103ina de soia - Donau Soja\" \/>\n<meta property=\"og:description\" content=\"Informa\u021biile zilnice privind pre\u021burile de mai jos au scopul de a v\u0103 \u021bine la curent cu pre\u021burile f\u0103inii de soia certificate Europe Soya\/Donau Soja \u00een diferite regiuni. Valorile sunt calculate pe baza indica\u021biilor de pre\u021b actuale ale concasoarelor de soia \u0219i a tarifelor de transport ale companiilor de transport pentru loca\u021biile de livrare selectate.\" \/>\n<meta property=\"og:url\" content=\"https:\/\/www.donausoja.org\/ro\/ds-es-preturilelafainadesoia\/\" \/>\n<meta property=\"og:site_name\" content=\"Donau Soja\" \/>\n<meta property=\"article:modified_time\" content=\"2025-02-21T09:40:04+00:00\" \/>\n<meta property=\"og:image\" content=\"https:\/\/www.donausoja.org\/wp-content\/uploads\/2021\/12\/cropped-donausoja_favicon2_512-1-e1645618911394.png\" \/>\n\t<meta property=\"og:image:width\" content=\"212\" \/>\n\t<meta property=\"og:image:height\" content=\"212\" \/>\n\t<meta property=\"og:image:type\" content=\"image\/png\" \/>\n<meta name=\"twitter:card\" content=\"summary_large_image\" \/>\n<meta name=\"twitter:label1\" content=\"Timp estimat pentru citire\" \/>\n\t<meta name=\"twitter:data1\" content=\"2 minute\" \/>\n<script type=\"application\/ld+json\" class=\"yoast-schema-graph\">{\"@context\":\"https:\\\/\\\/schema.org\",\"@graph\":[{\"@type\":\"WebPage\",\"@id\":\"https:\\\/\\\/www.donausoja.org\\\/ro\\\/ds-es-preturilelafainadesoia\\\/\",\"url\":\"https:\\\/\\\/www.donausoja.org\\\/ro\\\/ds-es-preturilelafainadesoia\\\/\",\"name\":\"DS\\\/ES Pre\u021burile la f\u0103ina de soia - Donau Soja\",\"isPartOf\":{\"@id\":\"https:\\\/\\\/www.donausoja.org\\\/ro\\\/#website\"},\"primaryImageOfPage\":{\"@id\":\"https:\\\/\\\/www.donausoja.org\\\/ro\\\/ds-es-preturilelafainadesoia\\\/#primaryimage\"},\"image\":{\"@id\":\"https:\\\/\\\/www.donausoja.org\\\/ro\\\/ds-es-preturilelafainadesoia\\\/#primaryimage\"},\"thumbnailUrl\":\"https:\\\/\\\/www.donausoja.org\\\/wp-content\\\/uploads\\\/2021\\\/12\\\/cropped-donausoja_favicon2_512-1-e1645618911394.png\",\"datePublished\":\"2021-12-07T09:59:54+00:00\",\"dateModified\":\"2025-02-21T09:40:04+00:00\",\"description\":\"Informa\u021biile zilnice privind pre\u021burile de mai jos au scopul de a v\u0103 \u021bine la curent cu pre\u021burile f\u0103inii de soia certificate Europe Soya\\\/Donau Soja \u00een diferite regiuni. Valorile sunt calculate pe baza indica\u021biilor de pre\u021b actuale ale concasoarelor de soia \u0219i a tarifelor de transport ale companiilor de transport pentru loca\u021biile de livrare selectate.\",\"breadcrumb\":{\"@id\":\"https:\\\/\\\/www.donausoja.org\\\/ro\\\/ds-es-preturilelafainadesoia\\\/#breadcrumb\"},\"inLanguage\":\"ro-RO\",\"potentialAction\":[{\"@type\":\"ReadAction\",\"target\":[\"https:\\\/\\\/www.donausoja.org\\\/ro\\\/ds-es-preturilelafainadesoia\\\/\"]}]},{\"@type\":\"ImageObject\",\"inLanguage\":\"ro-RO\",\"@id\":\"https:\\\/\\\/www.donausoja.org\\\/ro\\\/ds-es-preturilelafainadesoia\\\/#primaryimage\",\"url\":\"https:\\\/\\\/www.donausoja.org\\\/wp-content\\\/uploads\\\/2021\\\/12\\\/cropped-donausoja_favicon2_512-1-e1645618911394.png\",\"contentUrl\":\"https:\\\/\\\/www.donausoja.org\\\/wp-content\\\/uploads\\\/2021\\\/12\\\/cropped-donausoja_favicon2_512-1-e1645618911394.png\",\"width\":212,\"height\":212},{\"@type\":\"BreadcrumbList\",\"@id\":\"https:\\\/\\\/www.donausoja.org\\\/ro\\\/ds-es-preturilelafainadesoia\\\/#breadcrumb\",\"itemListElement\":[{\"@type\":\"ListItem\",\"position\":1,\"name\":\"Home\",\"item\":\"https:\\\/\\\/www.donausoja.org\\\/ro\\\/\"},{\"@type\":\"ListItem\",\"position\":2,\"name\":\"DS\\\/ES Pre\u021burile la f\u0103ina de soia\"}]},{\"@type\":\"WebSite\",\"@id\":\"https:\\\/\\\/www.donausoja.org\\\/ro\\\/#website\",\"url\":\"https:\\\/\\\/www.donausoja.org\\\/ro\\\/\",\"name\":\"Donau Soja\",\"description\":\"Together for a European Protein Supply: Regional. Sustainable. Non-GM.\",\"potentialAction\":[{\"@type\":\"SearchAction\",\"target\":{\"@type\":\"EntryPoint\",\"urlTemplate\":\"https:\\\/\\\/www.donausoja.org\\\/ro\\\/?s={search_term_string}\"},\"query-input\":{\"@type\":\"PropertyValueSpecification\",\"valueRequired\":true,\"valueName\":\"search_term_string\"}}],\"inLanguage\":\"ro-RO\"}]}<\/script>\n<!-- \/ Yoast SEO plugin. -->","yoast_head_json":{"title":"DS\/ES Pre\u021burile la f\u0103ina de soia - Donau Soja","description":"Informa\u021biile zilnice privind pre\u021burile de mai jos au scopul de a v\u0103 \u021bine la curent cu pre\u021burile f\u0103inii de soia certificate Europe Soya\/Donau Soja \u00een diferite regiuni. Valorile sunt calculate pe baza indica\u021biilor de pre\u021b actuale ale concasoarelor de soia \u0219i a tarifelor de transport ale companiilor de transport pentru loca\u021biile de livrare selectate.","robots":{"index":"index","follow":"follow","max-snippet":"max-snippet:-1","max-image-preview":"max-image-preview:large","max-video-preview":"max-video-preview:-1"},"canonical":"https:\/\/www.donausoja.org\/ro\/ds-es-preturilelafainadesoia\/","og_locale":"ro_RO","og_type":"article","og_title":"DS\/ES Pre\u021burile la f\u0103ina de soia - Donau Soja","og_description":"Informa\u021biile zilnice privind pre\u021burile de mai jos au scopul de a v\u0103 \u021bine la curent cu pre\u021burile f\u0103inii de soia certificate Europe Soya\/Donau Soja \u00een diferite regiuni. Valorile sunt calculate pe baza indica\u021biilor de pre\u021b actuale ale concasoarelor de soia \u0219i a tarifelor de transport ale companiilor de transport pentru loca\u021biile de livrare selectate.","og_url":"https:\/\/www.donausoja.org\/ro\/ds-es-preturilelafainadesoia\/","og_site_name":"Donau Soja","article_modified_time":"2025-02-21T09:40:04+00:00","og_image":[{"width":212,"height":212,"url":"https:\/\/www.donausoja.org\/wp-content\/uploads\/2021\/12\/cropped-donausoja_favicon2_512-1-e1645618911394.png","type":"image\/png"}],"twitter_card":"summary_large_image","twitter_misc":{"Timp estimat pentru citire":"2 minute"},"schema":{"@context":"https:\/\/schema.org","@graph":[{"@type":"WebPage","@id":"https:\/\/www.donausoja.org\/ro\/ds-es-preturilelafainadesoia\/","url":"https:\/\/www.donausoja.org\/ro\/ds-es-preturilelafainadesoia\/","name":"DS\/ES Pre\u021burile la f\u0103ina de soia - Donau Soja","isPartOf":{"@id":"https:\/\/www.donausoja.org\/ro\/#website"},"primaryImageOfPage":{"@id":"https:\/\/www.donausoja.org\/ro\/ds-es-preturilelafainadesoia\/#primaryimage"},"image":{"@id":"https:\/\/www.donausoja.org\/ro\/ds-es-preturilelafainadesoia\/#primaryimage"},"thumbnailUrl":"https:\/\/www.donausoja.org\/wp-content\/uploads\/2021\/12\/cropped-donausoja_favicon2_512-1-e1645618911394.png","datePublished":"2021-12-07T09:59:54+00:00","dateModified":"2025-02-21T09:40:04+00:00","description":"Informa\u021biile zilnice privind pre\u021burile de mai jos au scopul de a v\u0103 \u021bine la curent cu pre\u021burile f\u0103inii de soia certificate Europe Soya\/Donau Soja \u00een diferite regiuni. Valorile sunt calculate pe baza indica\u021biilor de pre\u021b actuale ale concasoarelor de soia \u0219i a tarifelor de transport ale companiilor de transport pentru loca\u021biile de livrare selectate.","breadcrumb":{"@id":"https:\/\/www.donausoja.org\/ro\/ds-es-preturilelafainadesoia\/#breadcrumb"},"inLanguage":"ro-RO","potentialAction":[{"@type":"ReadAction","target":["https:\/\/www.donausoja.org\/ro\/ds-es-preturilelafainadesoia\/"]}]},{"@type":"ImageObject","inLanguage":"ro-RO","@id":"https:\/\/www.donausoja.org\/ro\/ds-es-preturilelafainadesoia\/#primaryimage","url":"https:\/\/www.donausoja.org\/wp-content\/uploads\/2021\/12\/cropped-donausoja_favicon2_512-1-e1645618911394.png","contentUrl":"https:\/\/www.donausoja.org\/wp-content\/uploads\/2021\/12\/cropped-donausoja_favicon2_512-1-e1645618911394.png","width":212,"height":212},{"@type":"BreadcrumbList","@id":"https:\/\/www.donausoja.org\/ro\/ds-es-preturilelafainadesoia\/#breadcrumb","itemListElement":[{"@type":"ListItem","position":1,"name":"Home","item":"https:\/\/www.donausoja.org\/ro\/"},{"@type":"ListItem","position":2,"name":"DS\/ES Pre\u021burile la f\u0103ina de soia"}]},{"@type":"WebSite","@id":"https:\/\/www.donausoja.org\/ro\/#website","url":"https:\/\/www.donausoja.org\/ro\/","name":"Donau Soja","description":"Together for a European Protein Supply: Regional. Sustainable. Non-GM.","potentialAction":[{"@type":"SearchAction","target":{"@type":"EntryPoint","urlTemplate":"https:\/\/www.donausoja.org\/ro\/?s={search_term_string}"},"query-input":{"@type":"PropertyValueSpecification","valueRequired":true,"valueName":"search_term_string"}}],"inLanguage":"ro-RO"}]}},"_links":{"self":[{"href":"https:\/\/www.donausoja.org\/ro\/wp-json\/wp\/v2\/pages\/19837","targetHints":{"allow":["GET"]}}],"collection":[{"href":"https:\/\/www.donausoja.org\/ro\/wp-json\/wp\/v2\/pages"}],"about":[{"href":"https:\/\/www.donausoja.org\/ro\/wp-json\/wp\/v2\/types\/page"}],"author":[{"embeddable":true,"href":"https:\/\/www.donausoja.org\/ro\/wp-json\/wp\/v2\/users\/1"}],"replies":[{"embeddable":true,"href":"https:\/\/www.donausoja.org\/ro\/wp-json\/wp\/v2\/comments?post=19837"}],"version-history":[{"count":2,"href":"https:\/\/www.donausoja.org\/ro\/wp-json\/wp\/v2\/pages\/19837\/revisions"}],"predecessor-version":[{"id":55074,"href":"https:\/\/www.donausoja.org\/ro\/wp-json\/wp\/v2\/pages\/19837\/revisions\/55074"}],"wp:featuredmedia":[{"embeddable":true,"href":"https:\/\/www.donausoja.org\/ro\/wp-json\/wp\/v2\/media\/68"}],"wp:attachment":[{"href":"https:\/\/www.donausoja.org\/ro\/wp-json\/wp\/v2\/media?parent=19837"}],"curies":[{"name":"wp","href":"https:\/\/api.w.org\/{rel}","templated":true}]}}