
{"id":19835,"date":"2022-01-21T19:54:35","date_gmt":"2022-01-21T19:54:35","guid":{"rendered":"https:\/\/fourth.donausoja.org\/deveniti-membru\/"},"modified":"2024-10-01T09:07:35","modified_gmt":"2024-10-01T09:07:35","slug":"deveniti-membru","status":"publish","type":"page","link":"https:\/\/www.donausoja.org\/ro\/statutul_de_membru\/deveniti-membru\/","title":{"rendered":"Deveni\u021bi membru"},"content":{"rendered":"<p>[et_pb_section fb_built=&#8221;1&#8243; _builder_version=&#8221;4.16&#8243; _module_preset=&#8221;default&#8221; background_color=&#8221;RGBA(255,255,255,0)&#8221; da_disable_devices=&#8221;off|off|off&#8221; locked=&#8221;off&#8221; global_colors_info=&#8221;{}&#8221; da_is_popup=&#8221;off&#8221; da_exit_intent=&#8221;off&#8221; da_has_close=&#8221;on&#8221; da_alt_close=&#8221;off&#8221; da_dark_close=&#8221;off&#8221; da_not_modal=&#8221;on&#8221; da_is_singular=&#8221;off&#8221; da_with_loader=&#8221;off&#8221; da_has_shadow=&#8221;on&#8221;][et_pb_row _builder_version=&#8221;4.16&#8243; _module_preset=&#8221;default&#8221; custom_padding=&#8221;130px|||||&#8221; global_colors_info=&#8221;{}&#8221;][et_pb_column type=&#8221;4_4&#8243; _builder_version=&#8221;4.16&#8243; _module_preset=&#8221;default&#8221; global_colors_info=&#8221;{}&#8221;][et_pb_text admin_label=&#8221;Headline&#8221; _builder_version=&#8221;4.17.6&#8243; _module_preset=&#8221;77a7a6a5-6cba-4e24-a8d7-1992b0adbe08&#8243; header_font=&#8221;Ubuntu|700|||||||&#8221; global_colors_info=&#8221;{}&#8221;]<\/p>\n<h1>Deveni\u021bi membru<\/h1>\n<p>[\/et_pb_text][\/et_pb_column][\/et_pb_row][\/et_pb_section][et_pb_section fb_built=&#8221;1&#8243; _builder_version=&#8221;4.16&#8243; _module_preset=&#8221;default&#8221; background_color=&#8221;#F6F1E8&#8243; custom_padding=&#8221;||3px|||&#8221; da_disable_devices=&#8221;off|off|off&#8221; global_colors_info=&#8221;{}&#8221; da_is_popup=&#8221;off&#8221; da_exit_intent=&#8221;off&#8221; da_has_close=&#8221;on&#8221; da_alt_close=&#8221;off&#8221; da_dark_close=&#8221;off&#8221; da_not_modal=&#8221;on&#8221; da_is_singular=&#8221;off&#8221; da_with_loader=&#8221;off&#8221; da_has_shadow=&#8221;on&#8221;][et_pb_row column_structure=&#8221;1_2,1_2&#8243; _builder_version=&#8221;4.16&#8243; _module_preset=&#8221;default&#8221; global_colors_info=&#8221;{}&#8221;][et_pb_column type=&#8221;1_2&#8243; _builder_version=&#8221;4.16&#8243; _module_preset=&#8221;default&#8221; global_colors_info=&#8221;{}&#8221;][et_pb_text admin_label=&#8221;Info text&#8221; _builder_version=&#8221;4.17.6&#8243; _module_preset=&#8221;77a7a6a5-6cba-4e24-a8d7-1992b0adbe08&#8243; global_colors_info=&#8221;{}&#8221;]<\/p>\n<p><strong>Deveni\u021bi membru<\/strong><\/p>\n<p>V\u0103 invit\u0103m s\u0103 v\u0103 al\u0103tura\u021bi organiza\u021biei noastre.<\/p>\n<p>Donau Soja este o organiza\u021bie european\u0103, cu multiple p\u0103r\u021bi interesate, non-profit, cu membri inclusiv. V\u0103 invit\u0103m s\u0103 v\u0103 al\u0103tura\u021bi liderilor de pia\u021b\u0103 \u0219i s\u0103 face\u021bi parte din misiunea noastr\u0103 <strong>pentru o aprovizionare de proteine \u00een mod durabil, sigur \u0219i european. Statutul de membru v\u0103 permite s\u0103 v\u0103 bucura\u021bi de avantajele organiza\u021biei noastre.<\/strong><\/p>\n<p>\u00cen statut de membru Donau Soja, ve\u021bi face parte dintr-o organiza\u021bie dinamic\u0103 angajat\u0103 s\u0103 v\u0103 sprijine la \u00eembun\u0103t\u0103\u021birea afacerii dvs. prin elaborarea solu\u021biilor europene de aprovizionare cu proteine. Donau Soja \u00eei ajut\u0103 pe membri s\u0103 schimbe modul \u00een care extragem \u0219i folosim proteine. Donau Soja este o re\u021bea, organiza\u021bie \u0219i platform\u0103. Ve\u021bi primi \u00een mod regulat informa\u021bii, precum \u0219i invita\u021bii la evenimente importante \u0219i \u0219edin\u021be ale re\u021belei.<\/p>\n<p>Aici g\u0103si\u021bi formularele de aderare. V\u0103 rug\u0103m s\u0103 le completa\u021bi \u0219i s\u0103 le trimite\u021bi la adresa:<a href=\"mailto:rittler@donausoja.org\">\u00a0rittler@donausoja.org.<\/a><\/p>\n<p>[\/et_pb_text][et_pb_button button_url=&#8221;https:\/\/www.donausoja.org\/wp-content\/uploads\/2024\/03\/Declaration-of-accession_27.11.2023_RO.pdf&#8221; url_new_window=&#8221;on&#8221; button_text=&#8221;Desc\u0103rca\u021bi Declara\u021bia noastr\u0103 de aderare &#8221; _builder_version=&#8221;4.21.0&#8243; _module_preset=&#8221;default&#8221; custom_button=&#8221;on&#8221; button_icon=&#8221;&#x68;||divi||400&#8243; button_icon_placement=&#8221;left&#8221; button_on_hover=&#8221;off&#8221; custom_margin=&#8221;20px||||false|false&#8221; global_colors_info=&#8221;{}&#8221;][\/et_pb_button][et_pb_button button_url=&#8221;https:\/\/www.donausoja.org\/wp-content\/uploads\/2023\/11\/Declaration-of-accession-DE_17.11.2023.pdf&#8221; url_new_window=&#8221;on&#8221; button_text=&#8221;Desc\u0103rca\u021bi Declara\u021bia noastr\u0103 de aderare \u00een limba german\u0103&#8221; _builder_version=&#8221;4.21.0&#8243; _module_preset=&#8221;default&#8221; custom_button=&#8221;on&#8221; button_icon=&#8221;&#x68;||divi||400&#8243; button_icon_placement=&#8221;left&#8221; button_on_hover=&#8221;off&#8221; custom_margin=&#8221;20px||||false|false&#8221; global_colors_info=&#8221;{}&#8221;][\/et_pb_button][et_pb_button button_url=&#8221;https:\/\/www.donausoja.org\/wp-content\/uploads\/2023\/09\/Declaration-of-accession_27.11.2023.pdf&#8221; url_new_window=&#8221;on&#8221; button_text=&#8221;Desc\u0103rca\u021bi Declara\u021bia noastr\u0103 de aderare \u00een limba englez\u0103&#8221; _builder_version=&#8221;4.21.0&#8243; _module_preset=&#8221;default&#8221; custom_button=&#8221;on&#8221; button_icon=&#8221;&#x68;||divi||400&#8243; button_icon_placement=&#8221;left&#8221; button_on_hover=&#8221;off&#8221; custom_margin=&#8221;20px||||false|false&#8221; global_colors_info=&#8221;{}&#8221;][\/et_pb_button][et_pb_text disabled_on=&#8221;on|on|on&#8221; admin_label=&#8221;minor-info&#8221; _builder_version=&#8221;4.16&#8243; _module_preset=&#8221;77a7a6a5-6cba-4e24-a8d7-1992b0adbe08&#8243; disabled=&#8221;on&#8221; global_colors_info=&#8221;{}&#8221;]<\/p>\n<p>The Donau Soja Association is run according to the Donau Soja <a href=\"https:\/\/www.donausoja.org\/wp-content\/uploads\/2022\/03\/DS_Statutes__Donau_Soja_30092021.pdf\" target=\"_blank\" rel=\"noopener\">Statutes<\/a> and members are required to comply with our <a href=\"https:\/\/www.donausoja.org\/wp-content\/uploads\/2022\/02\/Agreement_for_logo_use_DS_und_ES-1-1.pdf\" target=\"_blank\" rel=\"noopener\">agreement for logo<\/a> use.<\/p>\n<p>[\/et_pb_text][\/et_pb_column][et_pb_column type=&#8221;1_2&#8243; _builder_version=&#8221;4.16&#8243; _module_preset=&#8221;default&#8221; global_colors_info=&#8221;{}&#8221;][et_pb_image src=&#8221;https:\/\/www.donausoja.org\/wp-content\/uploads\/2021\/12\/europesoja_donausoja_logo_230.png&#8221; title_text=&#8221;europesoja_donausoja_logo_230&#8243; align=&#8221;center&#8221; _builder_version=&#8221;4.16&#8243; _module_preset=&#8221;default&#8221; box_shadow_style=&#8221;preset1&#8243; box_shadow_blur=&#8221;10px&#8221; global_colors_info=&#8221;{}&#8221;][\/et_pb_image][\/et_pb_column][\/et_pb_row][et_pb_row _builder_version=&#8221;4.16&#8243; _module_preset=&#8221;default&#8221; global_colors_info=&#8221;{}&#8221;][et_pb_column type=&#8221;4_4&#8243; _builder_version=&#8221;4.16&#8243; _module_preset=&#8221;default&#8221; global_colors_info=&#8221;{}&#8221;][et_pb_text _builder_version=&#8221;4.17.6&#8243; _dynamic_attributes=&#8221;link_option_url&#8221; _module_preset=&#8221;77a7a6a5-6cba-4e24-a8d7-1992b0adbe08&#8243; text_text_color=&#8221;#76B82A&#8221; custom_margin=&#8221;||0px|20px|false|false&#8221; link_option_url=&#8221;@ET-DC@eyJkeW5hbWljIjp0cnVlLCJjb250ZW50IjoicG9zdF9saW5rX3VybF9wYWdlIiwic2V0dGluZ3MiOnsicG9zdF9pZCI6IjU5MyJ9fQ==@&#8221; locked=&#8221;off&#8221; global_colors_info=&#8221;{}&#8221;]Continua\u021bi spre condi\u021biile de certificare<\/p>\n<p style=\"text-align: right;\"><Continua\u021bi spre condi\u021biile de certificare \u00bb<\/strong><\/p>\n<p>[\/et_pb_text][\/et_pb_column][\/et_pb_row][\/et_pb_section]<\/p>\n","protected":false},"excerpt":{"rendered":"<p>Deveni\u021bi membruDeveni\u021bi membru V\u0103 invit\u0103m s\u0103 v\u0103 al\u0103tura\u021bi organiza\u021biei noastre. Donau Soja este o organiza\u021bie european\u0103, cu multiple p\u0103r\u021bi interesate, non-profit, cu membri inclusiv. V\u0103 invit\u0103m s\u0103 v\u0103 al\u0103tura\u021bi liderilor de pia\u021b\u0103 \u0219i s\u0103 face\u021bi parte din misiunea noastr\u0103 pentru o aprovizionare de proteine \u00een mod durabil, sigur \u0219i european. Statutul de membru v\u0103 permite [&hellip;]<\/p>\n","protected":false},"author":2,"featured_media":68,"parent":19857,"menu_order":0,"comment_status":"open","ping_status":"open","template":"","meta":{"_et_pb_use_builder":"on","_et_pb_old_content":"","_et_gb_content_width":"","footnotes":""},"class_list":["post-19835","page","type-page","status-publish","has-post-thumbnail","hentry"],"yoast_head":"<!-- This site is optimized with the Yoast SEO plugin v27.4 - https:\/\/yoast.com\/product\/yoast-seo-wordpress\/ -->\n<title>Deveni\u021bi membru - Donau Soja<\/title>\n<meta name=\"description\" content=\"Al\u0103tura\u021bi-v\u0103 nou\u0103 \u0219i deveni\u021bi membru\" \/>\n<meta name=\"robots\" content=\"index, follow, max-snippet:-1, max-image-preview:large, max-video-preview:-1\" \/>\n<link rel=\"canonical\" href=\"https:\/\/www.donausoja.org\/ro\/statutul_de_membru\/deveniti-membru\/\" \/>\n<meta property=\"og:locale\" content=\"ro_RO\" \/>\n<meta property=\"og:type\" content=\"article\" \/>\n<meta property=\"og:title\" content=\"Deveni\u021bi membru - Donau Soja\" \/>\n<meta property=\"og:description\" content=\"Al\u0103tura\u021bi-v\u0103 nou\u0103 \u0219i deveni\u021bi membru\" \/>\n<meta property=\"og:url\" content=\"https:\/\/www.donausoja.org\/ro\/statutul_de_membru\/deveniti-membru\/\" \/>\n<meta property=\"og:site_name\" content=\"Donau Soja\" \/>\n<meta property=\"article:modified_time\" content=\"2024-10-01T09:07:35+00:00\" \/>\n<meta property=\"og:image\" content=\"https:\/\/www.donausoja.org\/wp-content\/uploads\/2021\/12\/cropped-donausoja_favicon2_512-1-e1645618911394.png\" \/>\n\t<meta property=\"og:image:width\" content=\"212\" \/>\n\t<meta property=\"og:image:height\" content=\"212\" \/>\n\t<meta property=\"og:image:type\" content=\"image\/png\" \/>\n<meta name=\"twitter:card\" content=\"summary_large_image\" \/>\n<meta name=\"twitter:label1\" content=\"Timp estimat pentru citire\" \/>\n\t<meta name=\"twitter:data1\" content=\"2 minute\" \/>\n<script type=\"application\/ld+json\" class=\"yoast-schema-graph\">{\"@context\":\"https:\\\/\\\/schema.org\",\"@graph\":[{\"@type\":\"WebPage\",\"@id\":\"https:\\\/\\\/www.donausoja.org\\\/ro\\\/statutul_de_membru\\\/deveniti-membru\\\/\",\"url\":\"https:\\\/\\\/www.donausoja.org\\\/ro\\\/statutul_de_membru\\\/deveniti-membru\\\/\",\"name\":\"Deveni\u021bi membru - Donau Soja\",\"isPartOf\":{\"@id\":\"https:\\\/\\\/www.donausoja.org\\\/ro\\\/#website\"},\"primaryImageOfPage\":{\"@id\":\"https:\\\/\\\/www.donausoja.org\\\/ro\\\/statutul_de_membru\\\/deveniti-membru\\\/#primaryimage\"},\"image\":{\"@id\":\"https:\\\/\\\/www.donausoja.org\\\/ro\\\/statutul_de_membru\\\/deveniti-membru\\\/#primaryimage\"},\"thumbnailUrl\":\"https:\\\/\\\/www.donausoja.org\\\/wp-content\\\/uploads\\\/2021\\\/12\\\/cropped-donausoja_favicon2_512-1-e1645618911394.png\",\"datePublished\":\"2022-01-21T19:54:35+00:00\",\"dateModified\":\"2024-10-01T09:07:35+00:00\",\"description\":\"Al\u0103tura\u021bi-v\u0103 nou\u0103 \u0219i deveni\u021bi membru\",\"breadcrumb\":{\"@id\":\"https:\\\/\\\/www.donausoja.org\\\/ro\\\/statutul_de_membru\\\/deveniti-membru\\\/#breadcrumb\"},\"inLanguage\":\"ro-RO\",\"potentialAction\":[{\"@type\":\"ReadAction\",\"target\":[\"https:\\\/\\\/www.donausoja.org\\\/ro\\\/statutul_de_membru\\\/deveniti-membru\\\/\"]}]},{\"@type\":\"ImageObject\",\"inLanguage\":\"ro-RO\",\"@id\":\"https:\\\/\\\/www.donausoja.org\\\/ro\\\/statutul_de_membru\\\/deveniti-membru\\\/#primaryimage\",\"url\":\"https:\\\/\\\/www.donausoja.org\\\/wp-content\\\/uploads\\\/2021\\\/12\\\/cropped-donausoja_favicon2_512-1-e1645618911394.png\",\"contentUrl\":\"https:\\\/\\\/www.donausoja.org\\\/wp-content\\\/uploads\\\/2021\\\/12\\\/cropped-donausoja_favicon2_512-1-e1645618911394.png\",\"width\":212,\"height\":212},{\"@type\":\"BreadcrumbList\",\"@id\":\"https:\\\/\\\/www.donausoja.org\\\/ro\\\/statutul_de_membru\\\/deveniti-membru\\\/#breadcrumb\",\"itemListElement\":[{\"@type\":\"ListItem\",\"position\":1,\"name\":\"Home\",\"item\":\"https:\\\/\\\/www.donausoja.org\\\/ro\\\/\"},{\"@type\":\"ListItem\",\"position\":2,\"name\":\"Statutul de membru Donau Soja\",\"item\":\"https:\\\/\\\/www.donausoja.org\\\/ro\\\/statutul_de_membru\\\/\"},{\"@type\":\"ListItem\",\"position\":3,\"name\":\"Deveni\u021bi membru\"}]},{\"@type\":\"WebSite\",\"@id\":\"https:\\\/\\\/www.donausoja.org\\\/ro\\\/#website\",\"url\":\"https:\\\/\\\/www.donausoja.org\\\/ro\\\/\",\"name\":\"Donau Soja\",\"description\":\"Together for a European Protein Supply: Regional. Sustainable. Non-GM.\",\"potentialAction\":[{\"@type\":\"SearchAction\",\"target\":{\"@type\":\"EntryPoint\",\"urlTemplate\":\"https:\\\/\\\/www.donausoja.org\\\/ro\\\/?s={search_term_string}\"},\"query-input\":{\"@type\":\"PropertyValueSpecification\",\"valueRequired\":true,\"valueName\":\"search_term_string\"}}],\"inLanguage\":\"ro-RO\"}]}<\/script>\n<!-- \/ Yoast SEO plugin. -->","yoast_head_json":{"title":"Deveni\u021bi membru - Donau Soja","description":"Al\u0103tura\u021bi-v\u0103 nou\u0103 \u0219i deveni\u021bi membru","robots":{"index":"index","follow":"follow","max-snippet":"max-snippet:-1","max-image-preview":"max-image-preview:large","max-video-preview":"max-video-preview:-1"},"canonical":"https:\/\/www.donausoja.org\/ro\/statutul_de_membru\/deveniti-membru\/","og_locale":"ro_RO","og_type":"article","og_title":"Deveni\u021bi membru - Donau Soja","og_description":"Al\u0103tura\u021bi-v\u0103 nou\u0103 \u0219i deveni\u021bi membru","og_url":"https:\/\/www.donausoja.org\/ro\/statutul_de_membru\/deveniti-membru\/","og_site_name":"Donau Soja","article_modified_time":"2024-10-01T09:07:35+00:00","og_image":[{"width":212,"height":212,"url":"https:\/\/www.donausoja.org\/wp-content\/uploads\/2021\/12\/cropped-donausoja_favicon2_512-1-e1645618911394.png","type":"image\/png"}],"twitter_card":"summary_large_image","twitter_misc":{"Timp estimat pentru citire":"2 minute"},"schema":{"@context":"https:\/\/schema.org","@graph":[{"@type":"WebPage","@id":"https:\/\/www.donausoja.org\/ro\/statutul_de_membru\/deveniti-membru\/","url":"https:\/\/www.donausoja.org\/ro\/statutul_de_membru\/deveniti-membru\/","name":"Deveni\u021bi membru - Donau Soja","isPartOf":{"@id":"https:\/\/www.donausoja.org\/ro\/#website"},"primaryImageOfPage":{"@id":"https:\/\/www.donausoja.org\/ro\/statutul_de_membru\/deveniti-membru\/#primaryimage"},"image":{"@id":"https:\/\/www.donausoja.org\/ro\/statutul_de_membru\/deveniti-membru\/#primaryimage"},"thumbnailUrl":"https:\/\/www.donausoja.org\/wp-content\/uploads\/2021\/12\/cropped-donausoja_favicon2_512-1-e1645618911394.png","datePublished":"2022-01-21T19:54:35+00:00","dateModified":"2024-10-01T09:07:35+00:00","description":"Al\u0103tura\u021bi-v\u0103 nou\u0103 \u0219i deveni\u021bi membru","breadcrumb":{"@id":"https:\/\/www.donausoja.org\/ro\/statutul_de_membru\/deveniti-membru\/#breadcrumb"},"inLanguage":"ro-RO","potentialAction":[{"@type":"ReadAction","target":["https:\/\/www.donausoja.org\/ro\/statutul_de_membru\/deveniti-membru\/"]}]},{"@type":"ImageObject","inLanguage":"ro-RO","@id":"https:\/\/www.donausoja.org\/ro\/statutul_de_membru\/deveniti-membru\/#primaryimage","url":"https:\/\/www.donausoja.org\/wp-content\/uploads\/2021\/12\/cropped-donausoja_favicon2_512-1-e1645618911394.png","contentUrl":"https:\/\/www.donausoja.org\/wp-content\/uploads\/2021\/12\/cropped-donausoja_favicon2_512-1-e1645618911394.png","width":212,"height":212},{"@type":"BreadcrumbList","@id":"https:\/\/www.donausoja.org\/ro\/statutul_de_membru\/deveniti-membru\/#breadcrumb","itemListElement":[{"@type":"ListItem","position":1,"name":"Home","item":"https:\/\/www.donausoja.org\/ro\/"},{"@type":"ListItem","position":2,"name":"Statutul de membru Donau Soja","item":"https:\/\/www.donausoja.org\/ro\/statutul_de_membru\/"},{"@type":"ListItem","position":3,"name":"Deveni\u021bi membru"}]},{"@type":"WebSite","@id":"https:\/\/www.donausoja.org\/ro\/#website","url":"https:\/\/www.donausoja.org\/ro\/","name":"Donau Soja","description":"Together for a European Protein Supply: Regional. Sustainable. Non-GM.","potentialAction":[{"@type":"SearchAction","target":{"@type":"EntryPoint","urlTemplate":"https:\/\/www.donausoja.org\/ro\/?s={search_term_string}"},"query-input":{"@type":"PropertyValueSpecification","valueRequired":true,"valueName":"search_term_string"}}],"inLanguage":"ro-RO"}]}},"_links":{"self":[{"href":"https:\/\/www.donausoja.org\/ro\/wp-json\/wp\/v2\/pages\/19835","targetHints":{"allow":["GET"]}}],"collection":[{"href":"https:\/\/www.donausoja.org\/ro\/wp-json\/wp\/v2\/pages"}],"about":[{"href":"https:\/\/www.donausoja.org\/ro\/wp-json\/wp\/v2\/types\/page"}],"author":[{"embeddable":true,"href":"https:\/\/www.donausoja.org\/ro\/wp-json\/wp\/v2\/users\/2"}],"replies":[{"embeddable":true,"href":"https:\/\/www.donausoja.org\/ro\/wp-json\/wp\/v2\/comments?post=19835"}],"version-history":[{"count":3,"href":"https:\/\/www.donausoja.org\/ro\/wp-json\/wp\/v2\/pages\/19835\/revisions"}],"predecessor-version":[{"id":48508,"href":"https:\/\/www.donausoja.org\/ro\/wp-json\/wp\/v2\/pages\/19835\/revisions\/48508"}],"up":[{"embeddable":true,"href":"https:\/\/www.donausoja.org\/ro\/wp-json\/wp\/v2\/pages\/19857"}],"wp:featuredmedia":[{"embeddable":true,"href":"https:\/\/www.donausoja.org\/ro\/wp-json\/wp\/v2\/media\/68"}],"wp:attachment":[{"href":"https:\/\/www.donausoja.org\/ro\/wp-json\/wp\/v2\/media?parent=19835"}],"curies":[{"name":"wp","href":"https:\/\/api.w.org\/{rel}","templated":true}]}}