
{"id":63836,"date":"2025-11-27T10:26:05","date_gmt":"2025-11-27T10:26:05","guid":{"rendered":"https:\/\/www.donausoja.org\/standards-und-zertifizierung-2\/anerkennung\/biodiversity-protection-with-donau-soja\/"},"modified":"2026-01-13T08:46:56","modified_gmt":"2026-01-13T08:46:56","slug":"biodiversity-protection-with-donau-soja","status":"publish","type":"page","link":"https:\/\/www.donausoja.org\/de\/standards-und-zertifizierung-2\/anerkennung\/biodiversity-protection-with-donau-soja\/","title":{"rendered":"Biodiversit\u00e4tsschutz mit Donau Soja"},"content":{"rendered":"<p>[et_pb_section fb_built=&#8221;1&#8243; _builder_version=&#8221;4.27.4&#8243; _module_preset=&#8221;default&#8221; background_color=&#8221;RGBA(255,255,255,0)&#8221; custom_padding=&#8221;||0px|||&#8221; da_disable_devices=&#8221;off|off|off&#8221; locked=&#8221;off&#8221; global_colors_info=&#8221;{}&#8221; da_is_popup=&#8221;off&#8221; da_exit_intent=&#8221;off&#8221; da_has_close=&#8221;on&#8221; da_alt_close=&#8221;off&#8221; da_dark_close=&#8221;off&#8221; da_not_modal=&#8221;on&#8221; da_is_singular=&#8221;off&#8221; da_with_loader=&#8221;off&#8221; da_has_shadow=&#8221;on&#8221;][et_pb_row _builder_version=&#8221;4.16&#8243; _module_preset=&#8221;default&#8221; custom_padding=&#8221;130px|||||&#8221; global_colors_info=&#8221;{}&#8221;][et_pb_column type=&#8221;4_4&#8243; _builder_version=&#8221;4.16&#8243; _module_preset=&#8221;default&#8221; global_colors_info=&#8221;{}&#8221;][et_pb_text _builder_version=&#8221;4.27.4&#8243; _module_preset=&#8221;77a7a6a5-6cba-4e24-a8d7-1992b0adbe08&#8243; header_font=&#8221;Ubuntu|700|||||||&#8221; global_colors_info=&#8221;{}&#8221;]<\/p>\n<section class=\"elementor-section elementor-top-section elementor-element elementor-element-87ac4cf elementor-section-height-min-height elementor-section-items-bottom elementor-section-boxed elementor-section-height-default\" data-id=\"87ac4cf\" data-element_type=\"section\">\n<div class=\"elementor-container elementor-column-gap-default\">\n<div class=\"elementor-row\">\n<div class=\"elementor-column elementor-col-100 elementor-top-column elementor-element elementor-element-43eb478\" data-id=\"43eb478\" data-element_type=\"column\">\n<div class=\"elementor-column-wrap elementor-element-populated\">\n<div class=\"elementor-widget-wrap\">\n<div class=\"elementor-element elementor-element-d918ba3 elementor-widget elementor-widget-heading elementor-motion-effects-parent animated fadeInUp\" data-id=\"d918ba3\" data-element_type=\"widget\" data-settings=\"{&quot;motion_fx_motion_fx_scrolling&quot;:&quot;yes&quot;,&quot;motion_fx_opacity_effect&quot;:&quot;yes&quot;,&quot;motion_fx_opacity_direction&quot;:&quot;in-out&quot;,&quot;motion_fx_opacity_range&quot;:{&quot;unit&quot;:&quot;%&quot;,&quot;size&quot;:&quot;&quot;,&quot;sizes&quot;:{&quot;start&quot;:74,&quot;end&quot;:90}},&quot;_animation&quot;:&quot;fadeInUp&quot;,&quot;motion_fx_opacity_level&quot;:{&quot;unit&quot;:&quot;px&quot;,&quot;size&quot;:10,&quot;sizes&quot;:[]},&quot;motion_fx_devices&quot;:[&quot;desktop&quot;,&quot;tablet&quot;,&quot;mobile&quot;]}\" data-widget_type=\"heading.default\">\n<h1>Biodiversit\u00e4tsschutz mit Donau Soja<\/h1>\n<\/div>\n<\/div>\n<\/div>\n<\/div>\n<\/div>\n<\/div>\n<\/section>\n<section class=\"elementor-section elementor-top-section elementor-element elementor-element-f38ee70 elementor-section-boxed elementor-section-height-default elementor-section-height-default\" data-id=\"f38ee70\" data-element_type=\"section\" data-settings=\"{&quot;background_background&quot;:&quot;classic&quot;}\">\n<div class=\"elementor-container elementor-column-gap-default\">\n<div class=\"elementor-row\">\n<div class=\"elementor-column elementor-col-50 elementor-top-column elementor-element elementor-element-7167e9f\" data-id=\"7167e9f\" data-element_type=\"column\" data-settings=\"{&quot;background_background&quot;:&quot;classic&quot;}\">\n<div class=\"elementor-column-wrap elementor-element-populated\">\n<div class=\"elementor-widget-wrap\">\n<div class=\"elementor-element elementor-element-0cc1ca1 elementor-widget elementor-widget-text-editor\" data-id=\"0cc1ca1\" data-element_type=\"widget\" data-widget_type=\"text-editor.default\">\n<div class=\"elementor-widget-container\">\n<div class=\"elementor-text-editor elementor-clearfix\">\u00a0<\/div>\n<\/div>\n<\/div>\n<\/div>\n<\/div>\n<\/div>\n<\/div>\n<\/div>\n<\/section>\n<p>[\/et_pb_text][\/et_pb_column][\/et_pb_row][\/et_pb_section][et_pb_section fb_built=&#8221;1&#8243; _builder_version=&#8221;4.27.4&#8243; _module_preset=&#8221;default&#8221; background_color=&#8221;#ffffff&#8221; custom_margin=&#8221;0px||0px||false|false&#8221; custom_padding=&#8221;14px||17px|||&#8221; da_disable_devices=&#8221;off|off|off&#8221; global_colors_info=&#8221;{}&#8221; da_is_popup=&#8221;off&#8221; da_exit_intent=&#8221;off&#8221; da_has_close=&#8221;on&#8221; da_alt_close=&#8221;off&#8221; da_dark_close=&#8221;off&#8221; da_not_modal=&#8221;on&#8221; da_is_singular=&#8221;off&#8221; da_with_loader=&#8221;off&#8221; da_has_shadow=&#8221;on&#8221;][et_pb_row column_structure=&#8221;2_5,3_5&#8243; _builder_version=&#8221;4.27.4&#8243; _module_preset=&#8221;default&#8221; background_color=&#8221;#FFFFFF&#8221; custom_margin=&#8221;|auto|-3px|auto||&#8221; custom_padding=&#8221;|0px|1px|0px|false|false&#8221; global_colors_info=&#8221;{}&#8221;][et_pb_column type=&#8221;2_5&#8243; _builder_version=&#8221;4.27.4&#8243; _module_preset=&#8221;default&#8221; custom_padding=&#8221;0px|0px|0px|0px|false|false&#8221; global_colors_info=&#8221;{}&#8221;][et_pb_image src=&#8221;https:\/\/www.donausoja.org\/wp-content\/uploads\/2025\/11\/FFB_Logo.png&#8221; alt=&#8221;Logo Food for Biodiversity&#8221; title_text=&#8221;FFB_Logo&#8221; align=&#8221;center&#8221; _builder_version=&#8221;4.27.4&#8243; _module_preset=&#8221;default&#8221; width=&#8221;100%&#8221; custom_margin=&#8221;0px||0px||false|false&#8221; custom_padding=&#8221;|0px||0px||&#8221; global_colors_info=&#8221;{}&#8221;][\/et_pb_image][\/et_pb_column][et_pb_column type=&#8221;3_5&#8243; _builder_version=&#8221;4.16&#8243; _module_preset=&#8221;default&#8221; global_colors_info=&#8221;{}&#8221;][et_pb_text _builder_version=&#8221;4.27.4&#8243; _module_preset=&#8221;77a7a6a5-6cba-4e24-a8d7-1992b0adbe08&#8243; width=&#8221;100%&#8221; custom_margin=&#8221;-20px|-21px|1px||false|false&#8221; custom_padding=&#8221;0px|8px|0px|20px|false|false&#8221; custom_padding_phone=&#8221;20px|8px|4px|20px|false|false&#8221; hover_enabled=&#8221;0&#8243; global_colors_info=&#8221;{}&#8221; sticky_enabled=&#8221;0&#8243;]<\/p>\n<p><span data-contrast=\"auto\">Biodiversit\u00e4t ist ein Grundpfeiler der Landwirtschaft \u2013 deswegen hat sich Donau Soja ihrem Schutz verschrieben. <\/span><span data-contrast=\"auto\">Food for Biodiversity hat die Basiskriterien f\u00fcr Biodiversit\u00e4t mit den Kriterien unserer Standards verglichen.<\/span><span data-ccp-props=\"{}\">\u00a0<\/span><\/p>\n<p><b><span data-contrast=\"auto\">Donau Soja und Europe Soya erf\u00fcllen beide 76 % der Kriterien (Stand 2025) und tragen zum Erhalt der Biodiversit\u00e4t und ihrer \u00d6kosystemleistungen bei. Deshalb werden beide Standards von Food for Biodiversity empfohlen.<\/span><\/b><span data-ccp-props=\"{}\">\u00a0<\/span><\/p>\n<p style=\"text-align: justify;\">[\/et_pb_text][\/et_pb_column][\/et_pb_row][\/et_pb_section][et_pb_section fb_built=&#8221;1&#8243; _builder_version=&#8221;4.27.4&#8243; _module_preset=&#8221;default&#8221; custom_padding=&#8221;0px||0px||false|false&#8221; da_disable_devices=&#8221;off|off|off&#8221; global_colors_info=&#8221;{}&#8221; da_is_popup=&#8221;off&#8221; da_exit_intent=&#8221;off&#8221; da_has_close=&#8221;on&#8221; da_alt_close=&#8221;off&#8221; da_dark_close=&#8221;off&#8221; da_not_modal=&#8221;on&#8221; da_is_singular=&#8221;off&#8221; da_with_loader=&#8221;off&#8221; da_has_shadow=&#8221;on&#8221;][et_pb_row _builder_version=&#8221;4.27.4&#8243; _module_preset=&#8221;default&#8221; custom_padding=&#8221;0px|||||&#8221; global_colors_info=&#8221;{}&#8221;][et_pb_column type=&#8221;4_4&#8243; _builder_version=&#8221;4.27.4&#8243; _module_preset=&#8221;default&#8221; global_colors_info=&#8221;{}&#8221;][et_pb_text _builder_version=&#8221;4.27.4&#8243; _module_preset=&#8221;97a49757-9877-47ea-b480-aa7742502928&#8243; custom_margin=&#8221;31px||-2px||false|false&#8221; custom_padding=&#8221;20px|20px|0px|20px|false|false&#8221; global_colors_info=&#8221;{}&#8221;]<\/p>\n<p><span data-contrast=\"auto\">Beide Standards garantieren entwaldungs- und umwandlungsfreie Soja-Lieferketten und enthalten klare Kriterien zum Schutz der Biodiversit\u00e4t, wie z.B. eine vielf\u00e4ltige Fruchtfolge, verantwortungsvollen Einsatz von Pestiziden, gentechnikfreie Produktion, Best Practices im Wassermanagement, Schutz wertvoller \u00d6kosysteme und mehr.<\/span><span data-ccp-props=\"{}\">\u00a0<\/span><\/p>\n<p><span data-contrast=\"auto\">Diese Anerkennung st\u00e4rkt den Wert beider Standards f\u00fcr Lebensmittel- und Futtermittelunternehmen, die verantwortungsvoll beziehen und glaubw\u00fcrdig \u00fcber ihre Nachhaltigkeitsleistung berichten wollen.<\/span><span data-ccp-props=\"{}\">\u00a0<\/span><\/p>\n<p><span style=\"color: #76b82a;\"><strong>&#8220;Die Biodiversit\u00e4t ist weltweit bedroht \u2013 besonders in unseren landwirtschaftlichen Systemen. Unternehmen, die Donau Soja und Europe Soya in ihre Lieferketten integrieren, tragen aktiv zum Schutz der Biodiversit\u00e4t bei und k\u00f6nnen dies in ihrer Nachhaltigkeitsberichterstattung sichtbar machen&#8221;<\/strong><\/span><i><span data-contrast=\"auto\">,<\/span><\/i><span data-contrast=\"auto\"> sagt <span class=\"TextRun SCXW1155810 BCX2\" lang=\"EN-GB\" xml:lang=\"EN-GB\" data-contrast=\"auto\"><span class=\"NormalTextRun SCXW1155810 BCX2\">Oliver Peters, Food for Biodiversity<\/span><span class=\"NormalTextRun CommentStart CommentHighlightPipeRest PointComment CommentHighlightRest SCXW1155810 BCX2\">.<\/span><\/span><\/span><\/p>\n<p style=\"text-align: justify;\">[\/et_pb_text][\/et_pb_column][\/et_pb_row][\/et_pb_section][et_pb_section fb_built=&#8221;1&#8243; _builder_version=&#8221;4.27.4&#8243; _module_preset=&#8221;default&#8221; background_color=&#8221;rgba(255,255,255,0.7)&#8221; width=&#8221;100%&#8221; min_height=&#8221;60.2px&#8221; custom_margin=&#8221;0px||0px||false|false&#8221; custom_padding=&#8221;2px||15px||false|false&#8221; da_disable_devices=&#8221;off|off|off&#8221; global_colors_info=&#8221;{}&#8221; da_is_popup=&#8221;off&#8221; da_exit_intent=&#8221;off&#8221; da_has_close=&#8221;on&#8221; da_alt_close=&#8221;off&#8221; da_dark_close=&#8221;off&#8221; da_not_modal=&#8221;on&#8221; da_is_singular=&#8221;off&#8221; da_with_loader=&#8221;off&#8221; da_has_shadow=&#8221;on&#8221;][et_pb_row _builder_version=&#8221;4.27.4&#8243; _module_preset=&#8221;default&#8221; background_color=&#8221;#ffffff&#8221; custom_margin=&#8221;15px|auto|0px|auto|false|false&#8221; custom_padding=&#8221;19px||0px|||&#8221; global_colors_info=&#8221;{}&#8221;][et_pb_column type=&#8221;4_4&#8243; _builder_version=&#8221;4.16&#8243; _module_preset=&#8221;default&#8221; global_colors_info=&#8221;{}&#8221;][et_pb_image src=&#8221;https:\/\/www.donausoja.org\/wp-content\/uploads\/2025\/11\/FFB_Benchmarking_grafik1-1-scaled.jpg&#8221; alt=&#8221;Benchmark chart showing Donau Soja and Europe Soya performance across four categories of the Food for Biodiversity 2025 Biodiversity Benchmark, reaching 76 percent of biodiversity criteria.&#8221; title_text=&#8221;FFB_Benchmarking_grafik1&#8243; align=&#8221;center&#8221; admin_label=&#8221;Bild &#8211; Graphic&#8221; _builder_version=&#8221;4.27.4&#8243; _module_preset=&#8221;default&#8221; width=&#8221;70%&#8221; custom_margin=&#8221;20px||||false|false&#8221; border_color_all=&#8221;RGBA(255,255,255,0)&#8221; global_colors_info=&#8221;{}&#8221;][\/et_pb_image][et_pb_text admin_label=&#8221;Image caption&#8221; _builder_version=&#8221;4.27.4&#8243; _module_preset=&#8221;default&#8221; width=&#8221;100%&#8221; custom_padding=&#8221;|15%||15%|false|false&#8221; custom_padding_phone=&#8221;|20%||20%|false|false&#8221; global_colors_info=&#8221;{}&#8221;]<\/p>\n<p><em>Dieses Diagramm zeigt, wie Donau Soja\/Europe Soya in den vier Hauptkategorien des Food for Biodiversity Benchmark 2025 abgeschnitten haben. \u00a0<\/em><\/p>\n<p style=\"text-align: justify;\">[\/et_pb_text][\/et_pb_column][\/et_pb_row][\/et_pb_section][et_pb_section fb_built=&#8221;1&#8243; _builder_version=&#8221;4.27.4&#8243; _module_preset=&#8221;default&#8221; background_color=&#8221;#ffffff&#8221; custom_margin=&#8221;0px||0px||false|false&#8221; custom_padding=&#8221;0px||15px||false|false&#8221; da_disable_devices=&#8221;off|off|off&#8221; global_colors_info=&#8221;{}&#8221; da_is_popup=&#8221;off&#8221; da_exit_intent=&#8221;off&#8221; da_has_close=&#8221;on&#8221; da_alt_close=&#8221;off&#8221; da_dark_close=&#8221;off&#8221; da_not_modal=&#8221;on&#8221; da_is_singular=&#8221;off&#8221; da_with_loader=&#8221;off&#8221; da_has_shadow=&#8221;on&#8221;][et_pb_row _builder_version=&#8221;4.27.4&#8243; _module_preset=&#8221;default&#8221; background_color=&#8221;rgba(255,255,255,0.7)&#8221; custom_margin=&#8221;0px|auto|0px|auto|false|false&#8221; custom_padding=&#8221;30px||0px|||&#8221; global_colors_info=&#8221;{}&#8221;][et_pb_column type=&#8221;4_4&#8243; _builder_version=&#8221;4.16&#8243; _module_preset=&#8221;default&#8221; global_colors_info=&#8221;{}&#8221;][et_pb_text admin_label=&#8221;Text &#8211; Join our Biodiversity and Regenerative Agriculture Projects&#8221; _builder_version=&#8221;4.27.4&#8243; _module_preset=&#8221;77a7a6a5-6cba-4e24-a8d7-1992b0adbe08&#8243; custom_padding=&#8221;20px||0px|20px|false|false&#8221; global_colors_info=&#8221;{}&#8221;]<\/p>\n<p><span data-contrast=\"auto\">Wir setzen uns daf\u00fcr ein, unsere Donau-Soja-Standards kontinuierlich zu verbessern, um mit den sich wandelnden Nachhaltigkeitsanforderungen und wissenschaftlichen Entwicklungen Schritt zu halten. Daher pr\u00fcfen wir weitere Verbesserungen und wollen neue Biodiversit\u00e4ts- und regenerative Praktiken durch spezielle Pilotprojekte umsetzen.<\/span><span data-ccp-props=\"{}\">\u00a0<\/span><\/p>\n<p><b><span data-contrast=\"auto\">Setzen Sie zusammen mit uns Projekte zu Biodiversit\u00e4t und Regenerativer Landwirtschaft um\u00a0<\/span><\/b><span data-ccp-props=\"{}\">\u00a0<\/span><\/p>\n<p><span data-contrast=\"auto\">Wir planen derzeit neue <\/span><b><span data-contrast=\"auto\">Projekte mit zus\u00e4tzlichen Ma\u00dfnahmen zur Biodiversit\u00e4t und regenerativer Landwirtschaft<\/span><\/b><span data-contrast=\"auto\">, die \u00fcber unsere aktuellen Standardanforderungen hinausgehen, um die Biodiversit\u00e4t und die Bodengesundheit in der Landwirtschaft zu st\u00e4rken.<\/span><span data-ccp-props=\"{}\"><br \/><\/span><span data-contrast=\"auto\">Kontaktieren Sie uns, wenn Sie an unseren Projekten zum Schutz der Biodiversit\u00e4t und regenerativer Landwirtschaft in Europa teilnehmen m\u00f6chten. Wir suchen Partner, die die n\u00e4chste Stufe der nachhaltigen Sojaproduktion in Europa unterst\u00fctzen und mitgestalten m\u00f6chten.<\/span><span data-ccp-props=\"{}\">\u00a0<\/span><\/p>\n<p><b><span data-contrast=\"auto\">Kontakt<\/span><\/b><b><span data-contrast=\"auto\">: <a href=\"mailto:sustainability@donausoja.org\">sustainability@donausoja.org<\/a><\/span><\/b><span data-ccp-props=\"{}\">\u00a0<\/span><\/p>\n<p>&nbsp;<\/p>\n<p style=\"text-align: justify;\">[\/et_pb_text][\/et_pb_column][\/et_pb_row][\/et_pb_section]<\/p>\n","protected":false},"excerpt":{"rendered":"<p>Biodiversit\u00e4tsschutz mit Donau Soja \u00a0 Biodiversit\u00e4t ist ein Grundpfeiler der Landwirtschaft \u2013 deswegen hat sich Donau Soja ihrem Schutz verschrieben. Food for Biodiversity hat die Basiskriterien f\u00fcr Biodiversit\u00e4t mit den Kriterien unserer Standards verglichen.\u00a0 Donau Soja und Europe Soya erf\u00fcllen beide 76 % der Kriterien (Stand 2025) und tragen zum Erhalt der Biodiversit\u00e4t und ihrer [&hellip;]<\/p>\n","protected":false},"author":38,"featured_media":0,"parent":19343,"menu_order":0,"comment_status":"closed","ping_status":"closed","template":"","meta":{"_et_pb_use_builder":"on","_et_pb_old_content":"","_et_gb_content_width":"","footnotes":""},"class_list":["post-63836","page","type-page","status-publish","hentry"],"yoast_head":"<!-- This site is optimized with the Yoast SEO plugin v27.4 - https:\/\/yoast.com\/product\/yoast-seo-wordpress\/ -->\n<title>Biodiversit\u00e4tsschutz mit Donau Soja - Donau Soja<\/title>\n<meta name=\"description\" content=\"Discover how Donau Soja and Europe Soya support biodiversity protection, meet 76 percent of Food for Biodiversity criteria, and drive sustainable soya production in Europe.\" \/>\n<meta name=\"robots\" content=\"index, follow, max-snippet:-1, max-image-preview:large, max-video-preview:-1\" \/>\n<link rel=\"canonical\" href=\"https:\/\/www.donausoja.org\/de\/standards-und-zertifizierung-2\/anerkennung\/biodiversity-protection-with-donau-soja\/\" \/>\n<meta property=\"og:locale\" content=\"de_DE\" \/>\n<meta property=\"og:type\" content=\"article\" \/>\n<meta property=\"og:title\" content=\"Biodiversit\u00e4tsschutz mit Donau Soja - Donau Soja\" \/>\n<meta property=\"og:description\" content=\"Discover how Donau Soja and Europe Soya support biodiversity protection, meet 76 percent of Food for Biodiversity criteria, and drive sustainable soya production in Europe.\" \/>\n<meta property=\"og:url\" content=\"https:\/\/www.donausoja.org\/de\/standards-und-zertifizierung-2\/anerkennung\/biodiversity-protection-with-donau-soja\/\" \/>\n<meta property=\"og:site_name\" content=\"Donau Soja\" \/>\n<meta property=\"article:modified_time\" content=\"2026-01-13T08:46:56+00:00\" \/>\n<meta name=\"twitter:card\" content=\"summary_large_image\" \/>\n<meta name=\"twitter:label1\" content=\"Gesch\u00e4tzte Lesezeit\" \/>\n\t<meta name=\"twitter:data1\" content=\"3\u00a0Minuten\" \/>\n<script type=\"application\/ld+json\" class=\"yoast-schema-graph\">{\"@context\":\"https:\\\/\\\/schema.org\",\"@graph\":[{\"@type\":\"WebPage\",\"@id\":\"https:\\\/\\\/www.donausoja.org\\\/de\\\/standards-und-zertifizierung-2\\\/anerkennung\\\/biodiversity-protection-with-donau-soja\\\/\",\"url\":\"https:\\\/\\\/www.donausoja.org\\\/de\\\/standards-und-zertifizierung-2\\\/anerkennung\\\/biodiversity-protection-with-donau-soja\\\/\",\"name\":\"Biodiversit\u00e4tsschutz mit Donau Soja - Donau Soja\",\"isPartOf\":{\"@id\":\"https:\\\/\\\/www.donausoja.org\\\/de\\\/#website\"},\"datePublished\":\"2025-11-27T10:26:05+00:00\",\"dateModified\":\"2026-01-13T08:46:56+00:00\",\"description\":\"Discover how Donau Soja and Europe Soya support biodiversity protection, meet 76 percent of Food for Biodiversity criteria, and drive sustainable soya production in Europe.\",\"breadcrumb\":{\"@id\":\"https:\\\/\\\/www.donausoja.org\\\/de\\\/standards-und-zertifizierung-2\\\/anerkennung\\\/biodiversity-protection-with-donau-soja\\\/#breadcrumb\"},\"inLanguage\":\"de\",\"potentialAction\":[{\"@type\":\"ReadAction\",\"target\":[\"https:\\\/\\\/www.donausoja.org\\\/de\\\/standards-und-zertifizierung-2\\\/anerkennung\\\/biodiversity-protection-with-donau-soja\\\/\"]}]},{\"@type\":\"BreadcrumbList\",\"@id\":\"https:\\\/\\\/www.donausoja.org\\\/de\\\/standards-und-zertifizierung-2\\\/anerkennung\\\/biodiversity-protection-with-donau-soja\\\/#breadcrumb\",\"itemListElement\":[{\"@type\":\"ListItem\",\"position\":1,\"name\":\"Home\",\"item\":\"https:\\\/\\\/www.donausoja.org\\\/de\\\/\"},{\"@type\":\"ListItem\",\"position\":2,\"name\":\"Standards und Zertifizierung\",\"item\":\"https:\\\/\\\/www.donausoja.org\\\/de\\\/standards-und-zertifizierung-2\\\/\"},{\"@type\":\"ListItem\",\"position\":3,\"name\":\"Anerkennung\",\"item\":\"https:\\\/\\\/www.donausoja.org\\\/de\\\/standards-und-zertifizierung-2\\\/anerkennung\\\/\"},{\"@type\":\"ListItem\",\"position\":4,\"name\":\"Biodiversit\u00e4tsschutz mit Donau Soja\"}]},{\"@type\":\"WebSite\",\"@id\":\"https:\\\/\\\/www.donausoja.org\\\/de\\\/#website\",\"url\":\"https:\\\/\\\/www.donausoja.org\\\/de\\\/\",\"name\":\"Donau Soja\",\"description\":\"Together for a European Protein Supply: Regional. Sustainable. Non-GM.\",\"potentialAction\":[{\"@type\":\"SearchAction\",\"target\":{\"@type\":\"EntryPoint\",\"urlTemplate\":\"https:\\\/\\\/www.donausoja.org\\\/de\\\/?s={search_term_string}\"},\"query-input\":{\"@type\":\"PropertyValueSpecification\",\"valueRequired\":true,\"valueName\":\"search_term_string\"}}],\"inLanguage\":\"de\"}]}<\/script>\n<!-- \/ Yoast SEO plugin. -->","yoast_head_json":{"title":"Biodiversit\u00e4tsschutz mit Donau Soja - Donau Soja","description":"Discover how Donau Soja and Europe Soya support biodiversity protection, meet 76 percent of Food for Biodiversity criteria, and drive sustainable soya production in Europe.","robots":{"index":"index","follow":"follow","max-snippet":"max-snippet:-1","max-image-preview":"max-image-preview:large","max-video-preview":"max-video-preview:-1"},"canonical":"https:\/\/www.donausoja.org\/de\/standards-und-zertifizierung-2\/anerkennung\/biodiversity-protection-with-donau-soja\/","og_locale":"de_DE","og_type":"article","og_title":"Biodiversit\u00e4tsschutz mit Donau Soja - Donau Soja","og_description":"Discover how Donau Soja and Europe Soya support biodiversity protection, meet 76 percent of Food for Biodiversity criteria, and drive sustainable soya production in Europe.","og_url":"https:\/\/www.donausoja.org\/de\/standards-und-zertifizierung-2\/anerkennung\/biodiversity-protection-with-donau-soja\/","og_site_name":"Donau Soja","article_modified_time":"2026-01-13T08:46:56+00:00","twitter_card":"summary_large_image","twitter_misc":{"Gesch\u00e4tzte Lesezeit":"3\u00a0Minuten"},"schema":{"@context":"https:\/\/schema.org","@graph":[{"@type":"WebPage","@id":"https:\/\/www.donausoja.org\/de\/standards-und-zertifizierung-2\/anerkennung\/biodiversity-protection-with-donau-soja\/","url":"https:\/\/www.donausoja.org\/de\/standards-und-zertifizierung-2\/anerkennung\/biodiversity-protection-with-donau-soja\/","name":"Biodiversit\u00e4tsschutz mit Donau Soja - Donau Soja","isPartOf":{"@id":"https:\/\/www.donausoja.org\/de\/#website"},"datePublished":"2025-11-27T10:26:05+00:00","dateModified":"2026-01-13T08:46:56+00:00","description":"Discover how Donau Soja and Europe Soya support biodiversity protection, meet 76 percent of Food for Biodiversity criteria, and drive sustainable soya production in Europe.","breadcrumb":{"@id":"https:\/\/www.donausoja.org\/de\/standards-und-zertifizierung-2\/anerkennung\/biodiversity-protection-with-donau-soja\/#breadcrumb"},"inLanguage":"de","potentialAction":[{"@type":"ReadAction","target":["https:\/\/www.donausoja.org\/de\/standards-und-zertifizierung-2\/anerkennung\/biodiversity-protection-with-donau-soja\/"]}]},{"@type":"BreadcrumbList","@id":"https:\/\/www.donausoja.org\/de\/standards-und-zertifizierung-2\/anerkennung\/biodiversity-protection-with-donau-soja\/#breadcrumb","itemListElement":[{"@type":"ListItem","position":1,"name":"Home","item":"https:\/\/www.donausoja.org\/de\/"},{"@type":"ListItem","position":2,"name":"Standards und Zertifizierung","item":"https:\/\/www.donausoja.org\/de\/standards-und-zertifizierung-2\/"},{"@type":"ListItem","position":3,"name":"Anerkennung","item":"https:\/\/www.donausoja.org\/de\/standards-und-zertifizierung-2\/anerkennung\/"},{"@type":"ListItem","position":4,"name":"Biodiversit\u00e4tsschutz mit Donau Soja"}]},{"@type":"WebSite","@id":"https:\/\/www.donausoja.org\/de\/#website","url":"https:\/\/www.donausoja.org\/de\/","name":"Donau Soja","description":"Together for a European Protein Supply: Regional. Sustainable. Non-GM.","potentialAction":[{"@type":"SearchAction","target":{"@type":"EntryPoint","urlTemplate":"https:\/\/www.donausoja.org\/de\/?s={search_term_string}"},"query-input":{"@type":"PropertyValueSpecification","valueRequired":true,"valueName":"search_term_string"}}],"inLanguage":"de"}]}},"_links":{"self":[{"href":"https:\/\/www.donausoja.org\/de\/wp-json\/wp\/v2\/pages\/63836","targetHints":{"allow":["GET"]}}],"collection":[{"href":"https:\/\/www.donausoja.org\/de\/wp-json\/wp\/v2\/pages"}],"about":[{"href":"https:\/\/www.donausoja.org\/de\/wp-json\/wp\/v2\/types\/page"}],"author":[{"embeddable":true,"href":"https:\/\/www.donausoja.org\/de\/wp-json\/wp\/v2\/users\/38"}],"replies":[{"embeddable":true,"href":"https:\/\/www.donausoja.org\/de\/wp-json\/wp\/v2\/comments?post=63836"}],"version-history":[{"count":6,"href":"https:\/\/www.donausoja.org\/de\/wp-json\/wp\/v2\/pages\/63836\/revisions"}],"predecessor-version":[{"id":64964,"href":"https:\/\/www.donausoja.org\/de\/wp-json\/wp\/v2\/pages\/63836\/revisions\/64964"}],"up":[{"embeddable":true,"href":"https:\/\/www.donausoja.org\/de\/wp-json\/wp\/v2\/pages\/19343"}],"wp:attachment":[{"href":"https:\/\/www.donausoja.org\/de\/wp-json\/wp\/v2\/media?parent=63836"}],"curies":[{"name":"wp","href":"https:\/\/api.w.org\/{rel}","templated":true}]}}