
{"id":55785,"date":"2025-02-26T13:01:50","date_gmt":"2025-02-26T13:01:50","guid":{"rendered":"https:\/\/www.donausoja.org\/crop-insights-eudr-compliance-software\/"},"modified":"2025-03-14T12:29:43","modified_gmt":"2025-03-14T12:29:43","slug":"crop-insights-eudr-compliance-software","status":"publish","type":"page","link":"https:\/\/www.donausoja.org\/de\/crop-insights-eudr-compliance-software\/","title":{"rendered":"Crop Insights"},"content":{"rendered":"<p>[et_pb_section fb_built=&#8221;1&#8243; disabled_on=&#8221;on|off|off&#8221; admin_label=&#8221;Section desktop&#8221; _builder_version=&#8221;4.27.3&#8243; _module_preset=&#8221;default&#8221; background_color=&#8221;RGBA(255,255,255,0)&#8221; background_image=&#8221;https:\/\/www.donausoja.org\/wp-content\/uploads\/2025\/02\/Crop-insights-EUDR-compliance-software-header-image-dark.png&#8221; custom_padding=&#8221;0px|||||&#8221; da_disable_devices=&#8221;off|off|off&#8221; locked=&#8221;off&#8221; global_colors_info=&#8221;{}&#8221; da_is_popup=&#8221;off&#8221; da_exit_intent=&#8221;off&#8221; da_has_close=&#8221;on&#8221; da_alt_close=&#8221;off&#8221; da_dark_close=&#8221;off&#8221; da_not_modal=&#8221;on&#8221; da_is_singular=&#8221;off&#8221; da_with_loader=&#8221;off&#8221; da_has_shadow=&#8221;on&#8221;][et_pb_row _builder_version=&#8221;4.27.3&#8243; _module_preset=&#8221;default&#8221; custom_padding=&#8221;130px|||||&#8221; global_colors_info=&#8221;{}&#8221;][et_pb_column type=&#8221;4_4&#8243; _builder_version=&#8221;4.16&#8243; _module_preset=&#8221;default&#8221; global_colors_info=&#8221;{}&#8221;][et_pb_text admin_label=&#8221;Headline&#8221; _builder_version=&#8221;4.27.3&#8243; _module_preset=&#8221;77a7a6a5-6cba-4e24-a8d7-1992b0adbe08&#8243; header_font=&#8221;Ubuntu|700|||||||&#8221; global_colors_info=&#8221;{}&#8221;]<\/p>\n<h1>Bereiten Sie sich mit Crop Insights auf die EU-Entwaldungsverordnung vor<\/h1>\n<p>[\/et_pb_text][\/et_pb_column][\/et_pb_row][\/et_pb_section][et_pb_section fb_built=&#8221;1&#8243; disabled_on=&#8221;off|on|on&#8221; admin_label=&#8221;Section mobile&#8221; _builder_version=&#8221;4.27.3&#8243; _module_preset=&#8221;default&#8221; background_color=&#8221;RGBA(255,255,255,0)&#8221; background_image=&#8221;https:\/\/www.donausoja.org\/wp-content\/uploads\/2025\/02\/Crop-insights-EUDR-compliance-software-header-image-dark.png&#8221; da_disable_devices=&#8221;off|off|off&#8221; locked=&#8221;off&#8221; global_colors_info=&#8221;{}&#8221; da_is_popup=&#8221;off&#8221; da_exit_intent=&#8221;off&#8221; da_has_close=&#8221;on&#8221; da_alt_close=&#8221;off&#8221; da_dark_close=&#8221;off&#8221; da_not_modal=&#8221;on&#8221; da_is_singular=&#8221;off&#8221; da_with_loader=&#8221;off&#8221; da_has_shadow=&#8221;on&#8221;][et_pb_row _builder_version=&#8221;4.27.3&#8243; _module_preset=&#8221;default&#8221; custom_padding=&#8221;130px|||||&#8221; global_colors_info=&#8221;{}&#8221;][et_pb_column type=&#8221;4_4&#8243; _builder_version=&#8221;4.16&#8243; _module_preset=&#8221;default&#8221; global_colors_info=&#8221;{}&#8221;][et_pb_text admin_label=&#8221;Headline&#8221; _builder_version=&#8221;4.27.3&#8243; _module_preset=&#8221;77a7a6a5-6cba-4e24-a8d7-1992b0adbe08&#8243; header_font=&#8221;Ubuntu|700|||||||&#8221; header_font_size=&#8221;33px&#8221; header_font_size_last_edited=&#8221;off|desktop&#8221; global_colors_info=&#8221;{}&#8221;]<\/p>\n<h1>Bereiten Sie sich mit Crop Insights auf die EU-Entwaldungsverordnung vor<\/h1>\n<p>[\/et_pb_text][\/et_pb_column][\/et_pb_row][\/et_pb_section][et_pb_section fb_built=&#8221;1&#8243; disabled_on=&#8221;on|off|off&#8221; admin_label=&#8221;Section desktop&#8221; _builder_version=&#8221;4.27.3&#8243; _module_preset=&#8221;default&#8221; background_image=&#8221;https:\/\/www.donausoja.org\/wp-content\/uploads\/2025\/02\/crop-insights-watermark-background.png&#8221; da_disable_devices=&#8221;off|off|off&#8221; locked=&#8221;off&#8221; global_colors_info=&#8221;{}&#8221; da_is_popup=&#8221;off&#8221; da_exit_intent=&#8221;off&#8221; da_has_close=&#8221;on&#8221; da_alt_close=&#8221;off&#8221; da_dark_close=&#8221;off&#8221; da_not_modal=&#8221;on&#8221; da_is_singular=&#8221;off&#8221; da_with_loader=&#8221;off&#8221; da_has_shadow=&#8221;on&#8221;][et_pb_row _builder_version=&#8221;4.27.3&#8243; _module_preset=&#8221;default&#8221; global_colors_info=&#8221;{}&#8221;][et_pb_column type=&#8221;4_4&#8243; _builder_version=&#8221;4.16&#8243; _module_preset=&#8221;default&#8221; global_colors_info=&#8221;{}&#8221;][et_pb_text admin_label=&#8221;Intro text&#8221; _builder_version=&#8221;4.27.3&#8243; _module_preset=&#8221;77a7a6a5-6cba-4e24-a8d7-1992b0adbe08&#8243; global_colors_info=&#8221;{}&#8221;]<\/p>\n<h2><strong>Crop Insights unterst\u00fctzt Sie optimal bei der Einhaltung der Anforderungen der EUDR &#8211; Powered by Donau Soja<\/strong><\/h2>\n<p>&nbsp;<\/p>\n<p><strong>Crop Insights ist eine innovative end-to-end Software, die von Donau Soja entwickelt wurde, um europ\u00e4ische Unternehmen bei der Einhaltung der EU-Entwaldungsverordnung (EUDR) zu unterst\u00fctzen.<\/strong><\/p>\n<p>Donau Soja verf\u00fcgt \u00fcber mehr als zehn Jahre Erfahrung in entwaldungs- und umwandlungsfreien, transparenten und r\u00fcckverfolgbaren Sojalieferketten. Basierend auf dieser Erfahrung haben wir ein Tool entwickelt, das Unternehmen hilft, die Herausforderungen, die mit der EUDR einhergehen, zu bew\u00e4ltigen. Crop Insights deckt alle Schritte der EUDR-Sorgfaltspflichten ab, von der Erfassung der Geodaten bis zur Erstellung der Sorgfaltserkl\u00e4rung (Due Diligence Statements; DDS). Neben Donau Soja\/Europe Soya zertifiziertem Soja kann Crop Insights auch f\u00fcr nicht-zertifiziertes Soja aus Europa und S\u00fcdamerika verwendet werden. Es bietet ein einfaches und effizientes End-to-End-Tool f\u00fcr alle europ\u00e4ischen Unternehmen.<\/p>\n<p>[\/et_pb_text][\/et_pb_column][\/et_pb_row][\/et_pb_section][et_pb_section fb_built=&#8221;1&#8243; disabled_on=&#8221;off|on|on&#8221; admin_label=&#8221;Section mobile&#8221; _builder_version=&#8221;4.27.3&#8243; _module_preset=&#8221;default&#8221; background_image=&#8221;https:\/\/www.donausoja.org\/wp-content\/uploads\/2025\/02\/Crop-insights-eudr-compliance-software-watermark-mobile.png&#8221; da_disable_devices=&#8221;off|off|off&#8221; locked=&#8221;off&#8221; global_colors_info=&#8221;{}&#8221; da_is_popup=&#8221;off&#8221; da_exit_intent=&#8221;off&#8221; da_has_close=&#8221;on&#8221; da_alt_close=&#8221;off&#8221; da_dark_close=&#8221;off&#8221; da_not_modal=&#8221;on&#8221; da_is_singular=&#8221;off&#8221; da_with_loader=&#8221;off&#8221; da_has_shadow=&#8221;on&#8221;][et_pb_row _builder_version=&#8221;4.27.3&#8243; _module_preset=&#8221;default&#8221; global_colors_info=&#8221;{}&#8221;][et_pb_column type=&#8221;4_4&#8243; _builder_version=&#8221;4.16&#8243; _module_preset=&#8221;default&#8221; global_colors_info=&#8221;{}&#8221;][et_pb_text admin_label=&#8221;Intro text&#8221; _builder_version=&#8221;4.27.3&#8243; _module_preset=&#8221;77a7a6a5-6cba-4e24-a8d7-1992b0adbe08&#8243; global_colors_info=&#8221;{}&#8221;]<\/p>\n<h2><strong>Crop Insights unterst\u00fctzt Sie optimal bei der Einhaltung der Anforderungen der EUDR &#8211; Powered by Donau Soja<\/strong><\/h2>\n<p><strong>Crop Insights ist eine innovative end-to-end Software, die von Donau Soja entwickelt wurde, um europ\u00e4ische Unternehmen bei der Einhaltung der EU-Entwaldungsverordnung (EUDR) zu unterst\u00fctzen.<\/strong><\/p>\n<p>Donau Soja verf\u00fcgt \u00fcber mehr als zehn Jahre Erfahrung in entwaldungs- und umwandlungsfreien, transparenten und r\u00fcckverfolgbaren Sojalieferketten. Basierend auf dieser Erfahrung haben wir ein Tool entwickelt, das Unternehmen hilft, die Herausforderungen, die mit der EUDR einhergehen, zu bew\u00e4ltigen. Crop Insights deckt alle Schritte der EUDR-Sorgfaltspflichten ab, von der Erfassung der Geodaten bis zur Erstellung der Sorgfaltserkl\u00e4rung (Due Diligence Statements; DDS). Neben Donau Soja\/Europe Soya zertifiziertem Soja kann Crop Insights auch f\u00fcr nicht-zertifiziertes Soja aus Europa und S\u00fcdamerika verwendet werden. Es bietet ein einfaches und effizientes End-to-End-Tool f\u00fcr alle europ\u00e4ischen Unternehmen.<\/p>\n<p>[\/et_pb_text][\/et_pb_column][\/et_pb_row][\/et_pb_section][et_pb_section fb_built=&#8221;1&#8243; _builder_version=&#8221;4.27.3&#8243; _module_preset=&#8221;default&#8221; background_color=&#8221;#F6F1E8&#8243; custom_margin=&#8221;||-63px|||&#8221; da_disable_devices=&#8221;off|off|off&#8221; locked=&#8221;off&#8221; global_colors_info=&#8221;{}&#8221; da_is_popup=&#8221;off&#8221; da_exit_intent=&#8221;off&#8221; da_has_close=&#8221;on&#8221; da_alt_close=&#8221;off&#8221; da_dark_close=&#8221;off&#8221; da_not_modal=&#8221;on&#8221; da_is_singular=&#8221;off&#8221; da_with_loader=&#8221;off&#8221; da_has_shadow=&#8221;on&#8221;][et_pb_row _builder_version=&#8221;4.20.4&#8243; _module_preset=&#8221;default&#8221; custom_padding=&#8221;0px|||||&#8221; locked=&#8221;off&#8221; global_colors_info=&#8221;{}&#8221;][et_pb_column type=&#8221;4_4&#8243; _builder_version=&#8221;4.20.4&#8243; _module_preset=&#8221;default&#8221; global_colors_info=&#8221;{}&#8221;][et_pb_heading title=&#8221;Wobei kann Crop Insights helfen?&#8221; _builder_version=&#8221;4.27.3&#8243; _module_preset=&#8221;default&#8221; global_colors_info=&#8221;{}&#8221;][\/et_pb_heading][et_pb_blurb title=&#8221;Fehlende Geodaten? Kein Problem!&#8221; image=&#8221;https:\/\/www.donausoja.org\/wp-content\/uploads\/2025\/03\/crop-insights_singlevisual_green.png&#8221; content_max_width=&#8221;1200px&#8221; disabled_on=&#8221;off|off|off&#8221; _builder_version=&#8221;4.27.3&#8243; _module_preset=&#8221;default&#8221; header_font=&#8221;|700|||||||&#8221; header_text_color=&#8221;#7A7A7A&#8221; global_colors_info=&#8221;{}&#8221;]<\/p>\n<p>Die Geodatenerfassungstools von Crop Insights erm\u00f6glichen Ihnen die automatisierte Erfassung der Grenzen aller Produktionsparzellen. Verabschieden Sie sich von der manuellen Parzellenkartierung und stellen Sie eine genaue Geodatenintegration sicher.<\/p>\n<p>[\/et_pb_blurb][et_pb_blurb title=&#8221;Bilden Sie Ihre Lieferkette f\u00fcr eine l\u00fcckenlose R\u00fcckverfolgbarkeit bis zur Parzelle ab!&#8221; image=&#8221;https:\/\/www.donausoja.org\/wp-content\/uploads\/2025\/03\/crop-insights_singlevisual_green.png&#8221; content_max_width=&#8221;1200px&#8221; disabled_on=&#8221;off|off|off&#8221; _builder_version=&#8221;4.27.3&#8243; _module_preset=&#8221;default&#8221; header_font=&#8221;|700|||||||&#8221; header_text_color=&#8221;#7A7A7A&#8221; global_colors_info=&#8221;{}&#8221;]<\/p>\n<p>Crop Insights bietet Ihnen das Management Ihrer Lieferkette mit einer unbegrenzten Anzahl von Lieferanten und Kunden und l\u00fcckenlosem Datenaustausch entlang der Lieferkette.<\/p>\n<p>[\/et_pb_blurb][et_pb_blurb title=&#8221;Sicherstellung von Entwaldungsfreiheit mit Stichtag 2020.&#8221; image=&#8221;https:\/\/www.donausoja.org\/wp-content\/uploads\/2025\/03\/crop-insights_singlevisual_green.png&#8221; content_max_width=&#8221;1200px&#8221; disabled_on=&#8221;off|off|off&#8221; _builder_version=&#8221;4.27.3&#8243; _module_preset=&#8221;default&#8221; header_font=&#8221;|700|||||||&#8221; header_text_color=&#8221;#7A7A7A&#8221; global_colors_info=&#8221;{}&#8221;]<\/p>\n<p>Mithilfe von hochaufl\u00f6senden Satellitenbildern und Machine Learning bietet Crop Insights einen genauen \u00dcberblick \u00fcber Entwaldung und Landumwandlung. So k\u00f6nnen Sie Risiken proaktiv angehen und entwaldungsfreie Lieferketten sicherstellen.<\/p>\n<p>[\/et_pb_blurb][et_pb_blurb title=&#8221;Optimieren Sie Legalit\u00e4tsnachweise.&#8221; image=&#8221;https:\/\/www.donausoja.org\/wp-content\/uploads\/2025\/03\/crop-insights_singlevisual_green.png&#8221; content_max_width=&#8221;1200px&#8221; disabled_on=&#8221;off|off|off&#8221; _builder_version=&#8221;4.27.3&#8243; _module_preset=&#8221;default&#8221; header_font=&#8221;|700|||||||&#8221; header_text_color=&#8221;#7A7A7A&#8221; global_colors_info=&#8221;{}&#8221;]<\/p>\n<p>Einfache Verwaltung und Bereitstellung von Legalit\u00e4tsdokumenten von jedem Lieferanten und jeder Parzelle, um die Einhaltung der relevanten Gesetzgebung zu \u00fcberpr\u00fcfen.<\/p>\n<p>[\/et_pb_blurb][et_pb_blurb title=&#8221;Sichere Aufbewahrung der Daten.&#8221; image=&#8221;https:\/\/www.donausoja.org\/wp-content\/uploads\/2025\/03\/crop-insights_singlevisual_green.png&#8221; content_max_width=&#8221;1200px&#8221; disabled_on=&#8221;off|off|off&#8221; _builder_version=&#8221;4.27.3&#8243; _module_preset=&#8221;default&#8221; header_font=&#8221;|700|||||||&#8221; header_text_color=&#8221;#7A7A7A&#8221; global_colors_info=&#8221;{}&#8221;]<\/p>\n<p>Crop Insights stellt sicher, dass alle Aufzeichnungen f\u00fcnf Jahre lang aufbewahrt und den zust\u00e4ndigen Beh\u00f6rden zur \u00dcberpr\u00fcfung zur Verf\u00fcgung gestellt werden k\u00f6nnen.<\/p>\n<p>[\/et_pb_blurb][et_pb_blurb title=&#8221;Direkte Erstellung und \u00dcbermittlung von Sorgfaltserkl\u00e4rungen an das EUDR-Sorgfaltspflichtenregister.&#8221; image=&#8221;https:\/\/www.donausoja.org\/wp-content\/uploads\/2025\/03\/crop-insights_singlevisual_green.png&#8221; content_max_width=&#8221;1200px&#8221; disabled_on=&#8221;off|off|off&#8221; _builder_version=&#8221;4.27.3&#8243; _module_preset=&#8221;default&#8221; header_font=&#8221;|700|||||||&#8221; header_text_color=&#8221;#7A7A7A&#8221; global_colors_info=&#8221;{}&#8221;][\/et_pb_blurb][et_pb_text admin_label=&#8221;How can crop insights help&#8221; _builder_version=&#8221;4.27.3&#8243; _module_preset=&#8221;77a7a6a5-6cba-4e24-a8d7-1992b0adbe08&#8243; global_colors_info=&#8221;{}&#8221;]<\/p>\n<p>&nbsp;<\/p>\n<p>Der Weg zur Einhaltung der EUDR kann kompliziert sein \u2013 aber Sie m\u00fcssen ihn nicht alleine gehen. Unsere fachkundige Beratung hilft Ihnen, die Anforderungen der EUDR w\u00e4hrend des gesamten Sorgfaltspflichtenprozesses zu erf\u00fcllen.<\/p>\n<p>Gemeinsam k\u00f6nnen wir die EUDR problemlos umsetzen!<\/p>\n<p>[\/et_pb_text][\/et_pb_column][\/et_pb_row][\/et_pb_section][et_pb_section fb_built=&#8221;1&#8243; _builder_version=&#8221;4.27.3&#8243; _module_preset=&#8221;default&#8221; background_color=&#8221;#FFFFFF&#8221; min_height=&#8221;315.2px&#8221; da_disable_devices=&#8221;off|off|off&#8221; locked=&#8221;off&#8221; global_colors_info=&#8221;{}&#8221; da_is_popup=&#8221;off&#8221; da_exit_intent=&#8221;off&#8221; da_has_close=&#8221;on&#8221; da_alt_close=&#8221;off&#8221; da_dark_close=&#8221;off&#8221; da_not_modal=&#8221;on&#8221; da_is_singular=&#8221;off&#8221; da_with_loader=&#8221;off&#8221; da_has_shadow=&#8221;on&#8221;][et_pb_row column_structure=&#8221;1_3,2_3&#8243; _builder_version=&#8221;4.20.4&#8243; _module_preset=&#8221;default&#8221; custom_padding=&#8221;0px|||||&#8221; locked=&#8221;off&#8221; global_colors_info=&#8221;{}&#8221;][et_pb_column type=&#8221;1_3&#8243; _builder_version=&#8221;4.20.4&#8243; _module_preset=&#8221;default&#8221; global_colors_info=&#8221;{}&#8221;][et_pb_image src=&#8221;https:\/\/www.donausoja.org\/wp-content\/uploads\/2025\/02\/crop-insights-logo-powered-by-Donau-Soja.png&#8221; title_text=&#8221;crop-insights-logo-powered-by-Donau-Soja&#8221; _builder_version=&#8221;4.27.3&#8243; _module_preset=&#8221;default&#8221; global_colors_info=&#8221;{}&#8221;][\/et_pb_image][\/et_pb_column][et_pb_column type=&#8221;2_3&#8243; _builder_version=&#8221;4.20.4&#8243; _module_preset=&#8221;default&#8221; global_colors_info=&#8221;{}&#8221;][et_pb_heading title=&#8221;Melden Sie sich noch heute an!&#8221; disabled_on=&#8221;on|on|off&#8221; admin_label=&#8221;Heading&#8221; _builder_version=&#8221;4.27.3&#8243; _module_preset=&#8221;default&#8221; background_color=&#8221;RGBA(255,255,255,0)&#8221; custom_margin=&#8221;20px||0px||false|false&#8221; global_colors_info=&#8221;{}&#8221;][\/et_pb_heading][et_pb_text admin_label=&#8221;join us&#8221; _builder_version=&#8221;4.27.3&#8243; _module_preset=&#8221;77a7a6a5-6cba-4e24-a8d7-1992b0adbe08&#8243; global_colors_info=&#8221;{}&#8221;]<\/p>\n<p>Die Crop Insights Website wird demn\u00e4chst ver\u00f6ffentlicht! Wenn Sie interessiert sind und weitere Informationen erhalten m\u00f6chten, kontaktieren Sie uns bitte unter <a href=\"mailto:info@crop-insights.com\">info@crop-insights.com<\/a>.\u00a0<\/p>\n<p>[\/et_pb_text][\/et_pb_column][\/et_pb_row][\/et_pb_section]<\/p>\n","protected":false},"excerpt":{"rendered":"<p>Bereiten Sie sich mit Crop Insights auf die EU-Entwaldungsverordnung vorBereiten Sie sich mit Crop Insights auf die EU-Entwaldungsverordnung vorCrop Insights unterst\u00fctzt Sie optimal bei der Einhaltung der Anforderungen der EUDR &#8211; Powered by Donau Soja &nbsp; Crop Insights ist eine innovative end-to-end Software, die von Donau Soja entwickelt wurde, um europ\u00e4ische Unternehmen bei der Einhaltung [&hellip;]<\/p>\n","protected":false},"author":37,"featured_media":55213,"parent":0,"menu_order":0,"comment_status":"closed","ping_status":"closed","template":"","meta":{"_et_pb_use_builder":"on","_et_pb_old_content":"","_et_gb_content_width":"","footnotes":""},"class_list":["post-55785","page","type-page","status-publish","has-post-thumbnail","hentry"],"yoast_head":"<!-- This site is optimized with the Yoast SEO plugin v24.9 - https:\/\/yoast.com\/wordpress\/plugins\/seo\/ -->\n<title>Crop Insights - EUDR compliance software<\/title>\n<meta name=\"description\" content=\"Crop Insights ist eine innovative end-to-end Software, die von Donau Soja entwickelt wurde, um europ\u00e4ische Unternehmen bei der Einhaltung der EU-Entwaldungsverordnung (EUDR) zu unterst\u00fctzen.\" \/>\n<meta name=\"robots\" content=\"index, follow, max-snippet:-1, max-image-preview:large, max-video-preview:-1\" \/>\n<link rel=\"canonical\" href=\"https:\/\/www.donausoja.org\/de\/crop-insights-eudr-compliance-software\/\" \/>\n<meta property=\"og:locale\" content=\"de_DE\" \/>\n<meta property=\"og:type\" content=\"article\" \/>\n<meta property=\"og:title\" content=\"Crop Insights - EUDR compliance software\" \/>\n<meta property=\"og:description\" content=\"Crop Insights ist eine innovative end-to-end Software, die von Donau Soja entwickelt wurde, um europ\u00e4ische Unternehmen bei der Einhaltung der EU-Entwaldungsverordnung (EUDR) zu unterst\u00fctzen.\" \/>\n<meta property=\"og:url\" content=\"https:\/\/www.donausoja.org\/de\/crop-insights-eudr-compliance-software\/\" \/>\n<meta property=\"og:site_name\" content=\"Donau Soja\" \/>\n<meta property=\"article:modified_time\" content=\"2025-03-14T12:29:43+00:00\" \/>\n<meta property=\"og:image\" content=\"https:\/\/www.donausoja.org\/wp-content\/uploads\/2025\/02\/crop-insights-logo-powered-by-Donau-Soja.png\" \/>\n\t<meta property=\"og:image:width\" content=\"1446\" \/>\n\t<meta property=\"og:image:height\" content=\"732\" \/>\n\t<meta property=\"og:image:type\" content=\"image\/png\" \/>\n<meta name=\"twitter:card\" content=\"summary_large_image\" \/>\n<meta name=\"twitter:label1\" content=\"Gesch\u00e4tzte Lesezeit\" \/>\n\t<meta name=\"twitter:data1\" content=\"4\u00a0Minuten\" \/>\n<script type=\"application\/ld+json\" class=\"yoast-schema-graph\">{\"@context\":\"https:\/\/schema.org\",\"@graph\":[{\"@type\":\"WebPage\",\"@id\":\"https:\/\/www.donausoja.org\/de\/crop-insights-eudr-compliance-software\/\",\"url\":\"https:\/\/www.donausoja.org\/de\/crop-insights-eudr-compliance-software\/\",\"name\":\"Crop Insights - EUDR compliance software\",\"isPartOf\":{\"@id\":\"https:\/\/www.donausoja.org\/de\/#website\"},\"primaryImageOfPage\":{\"@id\":\"https:\/\/www.donausoja.org\/de\/crop-insights-eudr-compliance-software\/#primaryimage\"},\"image\":{\"@id\":\"https:\/\/www.donausoja.org\/de\/crop-insights-eudr-compliance-software\/#primaryimage\"},\"thumbnailUrl\":\"https:\/\/www.donausoja.org\/wp-content\/uploads\/2025\/02\/crop-insights-logo-powered-by-Donau-Soja.png\",\"datePublished\":\"2025-02-26T13:01:50+00:00\",\"dateModified\":\"2025-03-14T12:29:43+00:00\",\"description\":\"Crop Insights ist eine innovative end-to-end Software, die von Donau Soja entwickelt wurde, um europ\u00e4ische Unternehmen bei der Einhaltung der EU-Entwaldungsverordnung (EUDR) zu unterst\u00fctzen.\",\"breadcrumb\":{\"@id\":\"https:\/\/www.donausoja.org\/de\/crop-insights-eudr-compliance-software\/#breadcrumb\"},\"inLanguage\":\"de\",\"potentialAction\":[{\"@type\":\"ReadAction\",\"target\":[\"https:\/\/www.donausoja.org\/de\/crop-insights-eudr-compliance-software\/\"]}]},{\"@type\":\"ImageObject\",\"inLanguage\":\"de\",\"@id\":\"https:\/\/www.donausoja.org\/de\/crop-insights-eudr-compliance-software\/#primaryimage\",\"url\":\"https:\/\/www.donausoja.org\/wp-content\/uploads\/2025\/02\/crop-insights-logo-powered-by-Donau-Soja.png\",\"contentUrl\":\"https:\/\/www.donausoja.org\/wp-content\/uploads\/2025\/02\/crop-insights-logo-powered-by-Donau-Soja.png\",\"width\":1446,\"height\":732},{\"@type\":\"BreadcrumbList\",\"@id\":\"https:\/\/www.donausoja.org\/de\/crop-insights-eudr-compliance-software\/#breadcrumb\",\"itemListElement\":[{\"@type\":\"ListItem\",\"position\":1,\"name\":\"Home\",\"item\":\"https:\/\/www.donausoja.org\/de\/\"},{\"@type\":\"ListItem\",\"position\":2,\"name\":\"Crop Insights\"}]},{\"@type\":\"WebSite\",\"@id\":\"https:\/\/www.donausoja.org\/de\/#website\",\"url\":\"https:\/\/www.donausoja.org\/de\/\",\"name\":\"Donau Soja\",\"description\":\"Together for a European Protein Supply: Regional. Sustainable. Non-GM.\",\"potentialAction\":[{\"@type\":\"SearchAction\",\"target\":{\"@type\":\"EntryPoint\",\"urlTemplate\":\"https:\/\/www.donausoja.org\/de\/?s={search_term_string}\"},\"query-input\":{\"@type\":\"PropertyValueSpecification\",\"valueRequired\":true,\"valueName\":\"search_term_string\"}}],\"inLanguage\":\"de\"}]}<\/script>\n<!-- \/ Yoast SEO plugin. -->","yoast_head_json":{"title":"Crop Insights - EUDR compliance software","description":"Crop Insights ist eine innovative end-to-end Software, die von Donau Soja entwickelt wurde, um europ\u00e4ische Unternehmen bei der Einhaltung der EU-Entwaldungsverordnung (EUDR) zu unterst\u00fctzen.","robots":{"index":"index","follow":"follow","max-snippet":"max-snippet:-1","max-image-preview":"max-image-preview:large","max-video-preview":"max-video-preview:-1"},"canonical":"https:\/\/www.donausoja.org\/de\/crop-insights-eudr-compliance-software\/","og_locale":"de_DE","og_type":"article","og_title":"Crop Insights - EUDR compliance software","og_description":"Crop Insights ist eine innovative end-to-end Software, die von Donau Soja entwickelt wurde, um europ\u00e4ische Unternehmen bei der Einhaltung der EU-Entwaldungsverordnung (EUDR) zu unterst\u00fctzen.","og_url":"https:\/\/www.donausoja.org\/de\/crop-insights-eudr-compliance-software\/","og_site_name":"Donau Soja","article_modified_time":"2025-03-14T12:29:43+00:00","og_image":[{"width":1446,"height":732,"url":"https:\/\/www.donausoja.org\/wp-content\/uploads\/2025\/02\/crop-insights-logo-powered-by-Donau-Soja.png","type":"image\/png"}],"twitter_card":"summary_large_image","twitter_misc":{"Gesch\u00e4tzte Lesezeit":"4\u00a0Minuten"},"schema":{"@context":"https:\/\/schema.org","@graph":[{"@type":"WebPage","@id":"https:\/\/www.donausoja.org\/de\/crop-insights-eudr-compliance-software\/","url":"https:\/\/www.donausoja.org\/de\/crop-insights-eudr-compliance-software\/","name":"Crop Insights - EUDR compliance software","isPartOf":{"@id":"https:\/\/www.donausoja.org\/de\/#website"},"primaryImageOfPage":{"@id":"https:\/\/www.donausoja.org\/de\/crop-insights-eudr-compliance-software\/#primaryimage"},"image":{"@id":"https:\/\/www.donausoja.org\/de\/crop-insights-eudr-compliance-software\/#primaryimage"},"thumbnailUrl":"https:\/\/www.donausoja.org\/wp-content\/uploads\/2025\/02\/crop-insights-logo-powered-by-Donau-Soja.png","datePublished":"2025-02-26T13:01:50+00:00","dateModified":"2025-03-14T12:29:43+00:00","description":"Crop Insights ist eine innovative end-to-end Software, die von Donau Soja entwickelt wurde, um europ\u00e4ische Unternehmen bei der Einhaltung der EU-Entwaldungsverordnung (EUDR) zu unterst\u00fctzen.","breadcrumb":{"@id":"https:\/\/www.donausoja.org\/de\/crop-insights-eudr-compliance-software\/#breadcrumb"},"inLanguage":"de","potentialAction":[{"@type":"ReadAction","target":["https:\/\/www.donausoja.org\/de\/crop-insights-eudr-compliance-software\/"]}]},{"@type":"ImageObject","inLanguage":"de","@id":"https:\/\/www.donausoja.org\/de\/crop-insights-eudr-compliance-software\/#primaryimage","url":"https:\/\/www.donausoja.org\/wp-content\/uploads\/2025\/02\/crop-insights-logo-powered-by-Donau-Soja.png","contentUrl":"https:\/\/www.donausoja.org\/wp-content\/uploads\/2025\/02\/crop-insights-logo-powered-by-Donau-Soja.png","width":1446,"height":732},{"@type":"BreadcrumbList","@id":"https:\/\/www.donausoja.org\/de\/crop-insights-eudr-compliance-software\/#breadcrumb","itemListElement":[{"@type":"ListItem","position":1,"name":"Home","item":"https:\/\/www.donausoja.org\/de\/"},{"@type":"ListItem","position":2,"name":"Crop Insights"}]},{"@type":"WebSite","@id":"https:\/\/www.donausoja.org\/de\/#website","url":"https:\/\/www.donausoja.org\/de\/","name":"Donau Soja","description":"Together for a European Protein Supply: Regional. Sustainable. Non-GM.","potentialAction":[{"@type":"SearchAction","target":{"@type":"EntryPoint","urlTemplate":"https:\/\/www.donausoja.org\/de\/?s={search_term_string}"},"query-input":{"@type":"PropertyValueSpecification","valueRequired":true,"valueName":"search_term_string"}}],"inLanguage":"de"}]}},"_links":{"self":[{"href":"https:\/\/www.donausoja.org\/de\/wp-json\/wp\/v2\/pages\/55785","targetHints":{"allow":["GET"]}}],"collection":[{"href":"https:\/\/www.donausoja.org\/de\/wp-json\/wp\/v2\/pages"}],"about":[{"href":"https:\/\/www.donausoja.org\/de\/wp-json\/wp\/v2\/types\/page"}],"author":[{"embeddable":true,"href":"https:\/\/www.donausoja.org\/de\/wp-json\/wp\/v2\/users\/37"}],"replies":[{"embeddable":true,"href":"https:\/\/www.donausoja.org\/de\/wp-json\/wp\/v2\/comments?post=55785"}],"version-history":[{"count":2,"href":"https:\/\/www.donausoja.org\/de\/wp-json\/wp\/v2\/pages\/55785\/revisions"}],"predecessor-version":[{"id":55790,"href":"https:\/\/www.donausoja.org\/de\/wp-json\/wp\/v2\/pages\/55785\/revisions\/55790"}],"wp:featuredmedia":[{"embeddable":true,"href":"https:\/\/www.donausoja.org\/de\/wp-json\/wp\/v2\/media\/55213"}],"wp:attachment":[{"href":"https:\/\/www.donausoja.org\/de\/wp-json\/wp\/v2\/media?parent=55785"}],"curies":[{"name":"wp","href":"https:\/\/api.w.org\/{rel}","templated":true}]}}