
{"id":46821,"date":"2024-08-05T09:32:15","date_gmt":"2024-08-05T09:32:15","guid":{"rendered":"https:\/\/www.donausoja.org\/ri-projects\/"},"modified":"2024-08-05T11:38:30","modified_gmt":"2024-08-05T11:38:30","slug":"ri-projects","status":"publish","type":"page","link":"https:\/\/www.donausoja.org\/de\/ri-projects\/","title":{"rendered":"F&#038;I-Projekte"},"content":{"rendered":"<p>[et_pb_section fb_built=&#8221;1&#8243; _builder_version=&#8221;4.16&#8243; _module_preset=&#8221;default&#8221; background_color=&#8221;RGBA(255,255,255,0)&#8221; da_disable_devices=&#8221;off|off|off&#8221; locked=&#8221;off&#8221; global_colors_info=&#8221;{}&#8221; da_is_popup=&#8221;off&#8221; da_exit_intent=&#8221;off&#8221; da_has_close=&#8221;on&#8221; da_alt_close=&#8221;off&#8221; da_dark_close=&#8221;off&#8221; da_not_modal=&#8221;on&#8221; da_is_singular=&#8221;off&#8221; da_with_loader=&#8221;off&#8221; da_has_shadow=&#8221;on&#8221;][et_pb_row _builder_version=&#8221;4.16&#8243; _module_preset=&#8221;default&#8221; custom_padding=&#8221;130px|||||&#8221; global_colors_info=&#8221;{}&#8221;][et_pb_column type=&#8221;4_4&#8243; _builder_version=&#8221;4.16&#8243; _module_preset=&#8221;default&#8221; global_colors_info=&#8221;{}&#8221;][et_pb_text _builder_version=&#8221;4.25.2&#8243; _module_preset=&#8221;77a7a6a5-6cba-4e24-a8d7-1992b0adbe08&#8243; header_font=&#8221;Ubuntu|700|||||||&#8221; global_colors_info=&#8221;{}&#8221;]<\/p>\n<h1>F&amp;I-Projekte<\/h1>\n<p>[\/et_pb_text][\/et_pb_column][\/et_pb_row][\/et_pb_section][et_pb_section fb_built=&#8221;1&#8243; _builder_version=&#8221;4.16&#8243; _module_preset=&#8221;default&#8221; background_color=&#8221;#F6F1E8&#8243; custom_padding=&#8221;4px||3px|||&#8221; da_disable_devices=&#8221;off|off|off&#8221; global_colors_info=&#8221;{}&#8221; da_is_popup=&#8221;off&#8221; da_exit_intent=&#8221;off&#8221; da_has_close=&#8221;on&#8221; da_alt_close=&#8221;off&#8221; da_dark_close=&#8221;off&#8221; da_not_modal=&#8221;on&#8221; da_is_singular=&#8221;off&#8221; da_with_loader=&#8221;off&#8221; da_has_shadow=&#8221;on&#8221;][et_pb_row _builder_version=&#8221;4.25.2&#8243; _module_preset=&#8221;default&#8221; custom_margin=&#8221;20px||||false|false&#8221; custom_padding=&#8221;2px||9px|||&#8221; global_colors_info=&#8221;{}&#8221;][et_pb_column type=&#8221;4_4&#8243; _builder_version=&#8221;4.16&#8243; _module_preset=&#8221;default&#8221; global_colors_info=&#8221;{}&#8221;][et_pb_text _builder_version=&#8221;4.25.2&#8243; _module_preset=&#8221;77a7a6a5-6cba-4e24-a8d7-1992b0adbe08&#8243; global_colors_info=&#8221;{}&#8221;]<\/p>\n<p>Entdecken Sie unsere Aktivit\u00e4ten in Forschungs- und Innovationsprojekten zur F\u00f6rderung der nachhaltigen Sojaproduktion in Europa. Unsere Initiativen unterst\u00fctzen die Entwicklung gentechnikfreier, regionaler und nachhaltiger Sojaproduktionsverfahren, die sowohl den Landwirten als auch der Umwelt zugute kommen. Donau Soja beteiligt sich aktiv an Forschungs- und Innovationsaktivit\u00e4ten (F&amp;I) in ganz Europa und f\u00f6rdert Partnerschaften zur Verbesserung der Sojaproduktionsm\u00f6glichkeiten. Dieser Abschnitt gibt einen Einblick in unsere laufenden Projekte und unterstreicht unser Engagement f\u00fcr eine nachhaltige Landwirtschaft. In Zusammenarbeit mit Wissenschaftlern, Z\u00fcchtern, Beratern und Landwirten in ganz Europa und dar\u00fcber hinaus treibt Donau Soja Initiativen zur St\u00e4rkung der Sojabohnen- und Eiwei\u00dfpflanzenproduktion voran. Gemeinsam konzentrieren wir uns auf die Verbesserung der Sojabohnengenetik, die Verbesserung der Bodengesundheit und die Optimierung der Futtermitteleffizienz, um zentrale Herausforderungen der modernen Landwirtschaft zu bew\u00e4ltigen. Im Folgenden erfahren Sie, wie die Donau Soja durch internationale Zusammenarbeit und innovative Forschung Pionierarbeit f\u00fcr nachhaltige L\u00f6sungen leistet.<\/p>\n<p>[\/et_pb_text][\/et_pb_column][\/et_pb_row][et_pb_row column_structure=&#8221;2_3,1_3&#8243; admin_label=&#8221;Row: LG pj&#8221; _builder_version=&#8221;4.25.2&#8243; _module_preset=&#8221;default&#8221; background_color=&#8221;#ffffff&#8221; custom_margin=&#8221;10px||20px||false|false&#8221; custom_padding=&#8221;20px|20px|20px|20px|false|false&#8221; box_shadow_style=&#8221;preset1&#8243; locked=&#8221;off&#8221; global_colors_info=&#8221;{}&#8221;][et_pb_column type=&#8221;2_3&#8243; _builder_version=&#8221;4.16&#8243; _module_preset=&#8221;default&#8221; global_colors_info=&#8221;{}&#8221;][et_pb_text _builder_version=&#8221;4.25.2&#8243; _module_preset=&#8221;77a7a6a5-6cba-4e24-a8d7-1992b0adbe08&#8243; global_colors_info=&#8221;{}&#8221;]<\/p>\n<h2>Legume Generation<\/h2>\n<p>Ziel von Legume Generation ist es, die Z\u00fcchtung der wichtigsten Lebens- und Futtermittel-Leguminosen in Europa voranzutreiben, um die EU-Strategien f\u00fcr biologische Vielfalt und &#8220;vom Bauernhof auf den Tisch&#8221; zu unterst\u00fctzen, indem Leguminosen in europ\u00e4ischen landwirtschaftlichen Betrieben und in Wertsch\u00f6pfungsketten wettbewerbsf\u00e4higer gemacht werden. Dies wird die Pflanzenvielfalt erh\u00f6hen und alle anderen Vorteile von Leguminosen erm\u00f6glichen. Legume Generation ist eine Innovationsma\u00dfnahme. Bei der Innovation geht es darum, Risiken einzugehen, um die Art und Weise, wie Dinge getan werden, zu verbessern. Unser Projekt ist so strukturiert und ausgerichtet, dass es unsere Z\u00fcchtungspartner und Mitarbeiter als risikofreudige Innovatoren direkt unterst\u00fctzt.<\/p>\n<p>[\/et_pb_text][et_pb_button button_url=&#8221;https:\/\/www.donausoja.org\/legume-generation\/&#8221; url_new_window=&#8221;on&#8221; button_text=&#8221;Mehr erfahren&#8221; _builder_version=&#8221;4.25.2&#8243; _module_preset=&#8221;default&#8221; custom_button=&#8221;on&#8221; button_icon=&#8221;&#x39;||divi||400&#8243; button_on_hover=&#8221;off&#8221; custom_margin=&#8221;20px||||false|false&#8221; hover_enabled=&#8221;0&#8243; global_colors_info=&#8221;{}&#8221; sticky_enabled=&#8221;0&#8243;][\/et_pb_button][\/et_pb_column][et_pb_column type=&#8221;1_3&#8243; _builder_version=&#8221;4.16&#8243; _module_preset=&#8221;default&#8221; global_colors_info=&#8221;{}&#8221;][et_pb_image src=&#8221;https:\/\/www.donausoja.org\/wp-content\/uploads\/2024\/07\/Legume-Generation-logo-1.png&#8221; title_text=&#8221;Legume Generation logo&#8221; align=&#8221;center&#8221; _builder_version=&#8221;4.25.2&#8243; _module_preset=&#8221;default&#8221; custom_margin=&#8221;||||false|false&#8221; custom_padding=&#8221;||||false|false&#8221; global_colors_info=&#8221;{}&#8221;][\/et_pb_image][\/et_pb_column][\/et_pb_row][et_pb_row column_structure=&#8221;2_3,1_3&#8243; admin_label=&#8221;Row: Sonia-ProQ&#8221; _builder_version=&#8221;4.25.2&#8243; _module_preset=&#8221;default&#8221; background_color=&#8221;#ffffff&#8221; custom_margin=&#8221;10px||20px||false|false&#8221; custom_padding=&#8221;20px|20px|20px|20px|false|false&#8221; box_shadow_style=&#8221;preset1&#8243; locked=&#8221;off&#8221; global_colors_info=&#8221;{}&#8221;][et_pb_column type=&#8221;2_3&#8243; _builder_version=&#8221;4.16&#8243; _module_preset=&#8221;default&#8221; global_colors_info=&#8221;{}&#8221;][et_pb_text _builder_version=&#8221;4.25.2&#8243; _module_preset=&#8221;77a7a6a5-6cba-4e24-a8d7-1992b0adbe08&#8243; global_colors_info=&#8221;{}&#8221;]<\/p>\n<h2>Sonia-ProQ<\/h2>\n<p>SONIA-ProQ (Lang: Soybean Observation using NIRS for Attribute-Depending Prospective Quality Management) unterst\u00fctzt landwirtschaftliche Betriebe und Unternehmen in der Verarbeitungswirtschaft bei der Nutzung heimischer Sojabohnen f\u00fcr die Erzeugung von Futtermitteln. Das Projekt leistet Pionierarbeit im Bereich der Echtzeit-Prozesssteuerung in der Behandlung von Sojabohnen. Technische Optimierungen auf Basis der Nah-Infrarot-Spektroskopie und bildgebender Verfahren verbessern die Produktqualit\u00e4t von Sojaerzeugnissen und die Wirtschaftlichkeit der Verarbeitung.<\/p>\n<p>[\/et_pb_text][et_pb_button button_url=&#8221;https:\/\/www.donausoja.org\/de\/sonia-proq\/&#8221; url_new_window=&#8221;on&#8221; button_text=&#8221;Mehr erfahren&#8221; _builder_version=&#8221;4.25.2&#8243; _module_preset=&#8221;default&#8221; custom_button=&#8221;on&#8221; button_icon=&#8221;&#x39;||divi||400&#8243; button_on_hover=&#8221;off&#8221; custom_margin=&#8221;20px||||false|false&#8221; hover_enabled=&#8221;0&#8243; global_colors_info=&#8221;{}&#8221; sticky_enabled=&#8221;0&#8243;][\/et_pb_button][\/et_pb_column][et_pb_column type=&#8221;1_3&#8243; _builder_version=&#8221;4.16&#8243; _module_preset=&#8221;default&#8221; global_colors_info=&#8221;{}&#8221;][et_pb_image src=&#8221;https:\/\/www.donausoja.org\/wp-content\/uploads\/2024\/07\/SoniaProQ-logo-transparent-2.png&#8221; title_text=&#8221;SoniaProQ logo-transparent&#8221; align=&#8221;center&#8221; _builder_version=&#8221;4.25.2&#8243; _module_preset=&#8221;default&#8221; custom_margin=&#8221;||||false|false&#8221; custom_padding=&#8221;||||false|false&#8221; global_colors_info=&#8221;{}&#8221;][\/et_pb_image][\/et_pb_column][\/et_pb_row][et_pb_row column_structure=&#8221;2_3,1_3&#8243; admin_label=&#8221;Row: MICROBIOMES4SOY&#8221; _builder_version=&#8221;4.25.2&#8243; _module_preset=&#8221;default&#8221; background_color=&#8221;#ffffff&#8221; custom_margin=&#8221;10px||20px||false|false&#8221; custom_padding=&#8221;20px|20px|20px|20px|false|false&#8221; box_shadow_style=&#8221;preset1&#8243; locked=&#8221;off&#8221; global_colors_info=&#8221;{}&#8221;][et_pb_column type=&#8221;2_3&#8243; _builder_version=&#8221;4.16&#8243; _module_preset=&#8221;default&#8221; global_colors_info=&#8221;{}&#8221;][et_pb_text _builder_version=&#8221;4.25.2&#8243; _module_preset=&#8221;77a7a6a5-6cba-4e24-a8d7-1992b0adbe08&#8243; global_colors_info=&#8221;{}&#8221;]<\/p>\n<h2>MICROBIOMES4SOY<\/h2>\n<p>Das Projekt zielt darauf ab, die Umweltauswirkungen der Sojaproduktion zu verbessern, die Auswirkungen des Sojakonsums auf das menschliche Darmmikrobiom zu erforschen und zur Entwicklung neuartiger Fischfuttermittel f\u00fcr den Aquakultursektor beizutragen. Durch einen Multi-Akteurs-Ansatz wird das Projekt \u00dcbergangswege entwickeln, die den Bed\u00fcrfnissen der Akteure des Lebensmittelsystems gerecht werden und Co-Benefits liefern, die den Priorit\u00e4ten von FOOD 2030 entsprechen.<\/p>\n<p>[\/et_pb_text][et_pb_button button_url=&#8221;https:\/\/www.donausoja.org\/microbiomes4soy\/&#8221; url_new_window=&#8221;on&#8221; button_text=&#8221;Mehr erfahren&#8221; _builder_version=&#8221;4.25.2&#8243; _module_preset=&#8221;default&#8221; custom_button=&#8221;on&#8221; button_icon=&#8221;&#x39;||divi||400&#8243; button_on_hover=&#8221;off&#8221; custom_margin=&#8221;20px||||false|false&#8221; hover_enabled=&#8221;0&#8243; global_colors_info=&#8221;{}&#8221; sticky_enabled=&#8221;0&#8243;][\/et_pb_button][\/et_pb_column][et_pb_column type=&#8221;1_3&#8243; _builder_version=&#8221;4.16&#8243; _module_preset=&#8221;default&#8221; global_colors_info=&#8221;{}&#8221;][et_pb_image src=&#8221;https:\/\/www.donausoja.org\/wp-content\/uploads\/2024\/07\/Microbiomes4soy-logo-transparent-1.png&#8221; title_text=&#8221;Microbiomes4soy logo-transparent&#8221; align=&#8221;center&#8221; _builder_version=&#8221;4.25.2&#8243; _module_preset=&#8221;default&#8221; custom_margin=&#8221;||||false|false&#8221; custom_padding=&#8221;||||false|false&#8221; global_colors_info=&#8221;{}&#8221;][\/et_pb_image][\/et_pb_column][\/et_pb_row][\/et_pb_section]<\/p>\n","protected":false},"excerpt":{"rendered":"<p>F&amp;I-ProjekteEntdecken Sie unsere Aktivit\u00e4ten in Forschungs- und Innovationsprojekten zur F\u00f6rderung der nachhaltigen Sojaproduktion in Europa. Unsere Initiativen unterst\u00fctzen die Entwicklung gentechnikfreier, regionaler und nachhaltiger Sojaproduktionsverfahren, die sowohl den Landwirten als auch der Umwelt zugute kommen. Donau Soja beteiligt sich aktiv an Forschungs- und Innovationsaktivit\u00e4ten (F&amp;I) in ganz Europa und f\u00f6rdert Partnerschaften zur Verbesserung der Sojaproduktionsm\u00f6glichkeiten. [&hellip;]<\/p>\n","protected":false},"author":37,"featured_media":0,"parent":0,"menu_order":0,"comment_status":"closed","ping_status":"closed","template":"","meta":{"_et_pb_use_builder":"on","_et_pb_old_content":"","_et_gb_content_width":"","footnotes":""},"class_list":["post-46821","page","type-page","status-publish","hentry"],"yoast_head":"<!-- This site is optimized with the Yoast SEO plugin v27.4 - https:\/\/yoast.com\/product\/yoast-seo-wordpress\/ -->\n<title>F&amp;I-Projekte - Donau Soja<\/title>\n<meta name=\"description\" content=\"Explore our involvement in research and innovation projects to promote sustainable soybean production in Europe.\" \/>\n<meta name=\"robots\" content=\"index, follow, max-snippet:-1, max-image-preview:large, max-video-preview:-1\" \/>\n<link rel=\"canonical\" href=\"https:\/\/www.donausoja.org\/de\/ri-projects\/\" \/>\n<meta property=\"og:locale\" content=\"de_DE\" \/>\n<meta property=\"og:type\" content=\"article\" \/>\n<meta property=\"og:title\" content=\"F&amp;I-Projekte - Donau Soja\" \/>\n<meta property=\"og:description\" content=\"Explore our involvement in research and innovation projects to promote sustainable soybean production in Europe.\" \/>\n<meta property=\"og:url\" content=\"https:\/\/www.donausoja.org\/de\/ri-projects\/\" \/>\n<meta property=\"og:site_name\" content=\"Donau Soja\" \/>\n<meta property=\"article:modified_time\" content=\"2024-08-05T11:38:30+00:00\" \/>\n<meta name=\"twitter:card\" content=\"summary_large_image\" \/>\n<meta name=\"twitter:label1\" content=\"Gesch\u00e4tzte Lesezeit\" \/>\n\t<meta name=\"twitter:data1\" content=\"3\u00a0Minuten\" \/>\n<script type=\"application\/ld+json\" class=\"yoast-schema-graph\">{\"@context\":\"https:\\\/\\\/schema.org\",\"@graph\":[{\"@type\":\"WebPage\",\"@id\":\"https:\\\/\\\/www.donausoja.org\\\/de\\\/ri-projects\\\/\",\"url\":\"https:\\\/\\\/www.donausoja.org\\\/de\\\/ri-projects\\\/\",\"name\":\"F&I-Projekte - Donau Soja\",\"isPartOf\":{\"@id\":\"https:\\\/\\\/www.donausoja.org\\\/de\\\/#website\"},\"datePublished\":\"2024-08-05T09:32:15+00:00\",\"dateModified\":\"2024-08-05T11:38:30+00:00\",\"description\":\"Explore our involvement in research and innovation projects to promote sustainable soybean production in Europe.\",\"breadcrumb\":{\"@id\":\"https:\\\/\\\/www.donausoja.org\\\/de\\\/ri-projects\\\/#breadcrumb\"},\"inLanguage\":\"de\",\"potentialAction\":[{\"@type\":\"ReadAction\",\"target\":[\"https:\\\/\\\/www.donausoja.org\\\/de\\\/ri-projects\\\/\"]}]},{\"@type\":\"BreadcrumbList\",\"@id\":\"https:\\\/\\\/www.donausoja.org\\\/de\\\/ri-projects\\\/#breadcrumb\",\"itemListElement\":[{\"@type\":\"ListItem\",\"position\":1,\"name\":\"Home\",\"item\":\"https:\\\/\\\/www.donausoja.org\\\/de\\\/\"},{\"@type\":\"ListItem\",\"position\":2,\"name\":\"F&#038;I-Projekte\"}]},{\"@type\":\"WebSite\",\"@id\":\"https:\\\/\\\/www.donausoja.org\\\/de\\\/#website\",\"url\":\"https:\\\/\\\/www.donausoja.org\\\/de\\\/\",\"name\":\"Donau Soja\",\"description\":\"Together for a European Protein Supply: Regional. Sustainable. Non-GM.\",\"potentialAction\":[{\"@type\":\"SearchAction\",\"target\":{\"@type\":\"EntryPoint\",\"urlTemplate\":\"https:\\\/\\\/www.donausoja.org\\\/de\\\/?s={search_term_string}\"},\"query-input\":{\"@type\":\"PropertyValueSpecification\",\"valueRequired\":true,\"valueName\":\"search_term_string\"}}],\"inLanguage\":\"de\"}]}<\/script>\n<!-- \/ Yoast SEO plugin. -->","yoast_head_json":{"title":"F&I-Projekte - Donau Soja","description":"Explore our involvement in research and innovation projects to promote sustainable soybean production in Europe.","robots":{"index":"index","follow":"follow","max-snippet":"max-snippet:-1","max-image-preview":"max-image-preview:large","max-video-preview":"max-video-preview:-1"},"canonical":"https:\/\/www.donausoja.org\/de\/ri-projects\/","og_locale":"de_DE","og_type":"article","og_title":"F&I-Projekte - Donau Soja","og_description":"Explore our involvement in research and innovation projects to promote sustainable soybean production in Europe.","og_url":"https:\/\/www.donausoja.org\/de\/ri-projects\/","og_site_name":"Donau Soja","article_modified_time":"2024-08-05T11:38:30+00:00","twitter_card":"summary_large_image","twitter_misc":{"Gesch\u00e4tzte Lesezeit":"3\u00a0Minuten"},"schema":{"@context":"https:\/\/schema.org","@graph":[{"@type":"WebPage","@id":"https:\/\/www.donausoja.org\/de\/ri-projects\/","url":"https:\/\/www.donausoja.org\/de\/ri-projects\/","name":"F&I-Projekte - Donau Soja","isPartOf":{"@id":"https:\/\/www.donausoja.org\/de\/#website"},"datePublished":"2024-08-05T09:32:15+00:00","dateModified":"2024-08-05T11:38:30+00:00","description":"Explore our involvement in research and innovation projects to promote sustainable soybean production in Europe.","breadcrumb":{"@id":"https:\/\/www.donausoja.org\/de\/ri-projects\/#breadcrumb"},"inLanguage":"de","potentialAction":[{"@type":"ReadAction","target":["https:\/\/www.donausoja.org\/de\/ri-projects\/"]}]},{"@type":"BreadcrumbList","@id":"https:\/\/www.donausoja.org\/de\/ri-projects\/#breadcrumb","itemListElement":[{"@type":"ListItem","position":1,"name":"Home","item":"https:\/\/www.donausoja.org\/de\/"},{"@type":"ListItem","position":2,"name":"F&#038;I-Projekte"}]},{"@type":"WebSite","@id":"https:\/\/www.donausoja.org\/de\/#website","url":"https:\/\/www.donausoja.org\/de\/","name":"Donau Soja","description":"Together for a European Protein Supply: Regional. Sustainable. Non-GM.","potentialAction":[{"@type":"SearchAction","target":{"@type":"EntryPoint","urlTemplate":"https:\/\/www.donausoja.org\/de\/?s={search_term_string}"},"query-input":{"@type":"PropertyValueSpecification","valueRequired":true,"valueName":"search_term_string"}}],"inLanguage":"de"}]}},"_links":{"self":[{"href":"https:\/\/www.donausoja.org\/de\/wp-json\/wp\/v2\/pages\/46821","targetHints":{"allow":["GET"]}}],"collection":[{"href":"https:\/\/www.donausoja.org\/de\/wp-json\/wp\/v2\/pages"}],"about":[{"href":"https:\/\/www.donausoja.org\/de\/wp-json\/wp\/v2\/types\/page"}],"author":[{"embeddable":true,"href":"https:\/\/www.donausoja.org\/de\/wp-json\/wp\/v2\/users\/37"}],"replies":[{"embeddable":true,"href":"https:\/\/www.donausoja.org\/de\/wp-json\/wp\/v2\/comments?post=46821"}],"version-history":[{"count":6,"href":"https:\/\/www.donausoja.org\/de\/wp-json\/wp\/v2\/pages\/46821\/revisions"}],"predecessor-version":[{"id":46829,"href":"https:\/\/www.donausoja.org\/de\/wp-json\/wp\/v2\/pages\/46821\/revisions\/46829"}],"wp:attachment":[{"href":"https:\/\/www.donausoja.org\/de\/wp-json\/wp\/v2\/media?parent=46821"}],"curies":[{"name":"wp","href":"https:\/\/api.w.org\/{rel}","templated":true}]}}