
{"id":44537,"date":"2024-05-17T16:55:54","date_gmt":"2024-05-17T16:55:54","guid":{"rendered":"https:\/\/www.donausoja.org\/non-gm-multicrop-report\/"},"modified":"2026-01-29T10:33:01","modified_gmt":"2026-01-29T10:33:01","slug":"non-gm-multicrop-report","status":"publish","type":"page","link":"https:\/\/www.donausoja.org\/de\/non-gm-multicrop-report\/","title":{"rendered":"Non-GM Multicrop Report"},"content":{"rendered":"<p>[et_pb_section fb_built=&#8221;1&#8243; _builder_version=&#8221;4.16&#8243; _module_preset=&#8221;default&#8221; background_color=&#8221;RGBA(255,255,255,0)&#8221; da_disable_devices=&#8221;off|off|off&#8221; locked=&#8221;off&#8221; global_colors_info=&#8221;{}&#8221; da_is_popup=&#8221;off&#8221; da_exit_intent=&#8221;off&#8221; da_has_close=&#8221;on&#8221; da_alt_close=&#8221;off&#8221; da_dark_close=&#8221;off&#8221; da_not_modal=&#8221;on&#8221; da_is_singular=&#8221;off&#8221; da_with_loader=&#8221;off&#8221; da_has_shadow=&#8221;on&#8221;][et_pb_row _builder_version=&#8221;4.16&#8243; _module_preset=&#8221;default&#8221; custom_padding=&#8221;130px|||||&#8221; global_colors_info=&#8221;{}&#8221;][et_pb_column type=&#8221;4_4&#8243; _builder_version=&#8221;4.16&#8243; _module_preset=&#8221;default&#8221; global_colors_info=&#8221;{}&#8221;][et_pb_text admin_label=&#8221;Headline&#8221; _builder_version=&#8221;4.21.0&#8243; _module_preset=&#8221;77a7a6a5-6cba-4e24-a8d7-1992b0adbe08&#8243; header_font=&#8221;Ubuntu|700|||||||&#8221; global_colors_info=&#8221;{}&#8221;]<\/p>\n<h1>NON-GM MULTICROP REPORT<\/h1>\n<p>[\/et_pb_text][\/et_pb_column][\/et_pb_row][\/et_pb_section][et_pb_section fb_built=&#8221;1&#8243; module_id=&#8221;multicrop&#8221; _builder_version=&#8221;4.21.0&#8243; _module_preset=&#8221;default&#8221; background_color=&#8221;#F6F1E8&#8243; custom_padding=&#8221;3px||3px|||&#8221; da_disable_devices=&#8221;off|off|off&#8221; locked=&#8221;off&#8221; global_colors_info=&#8221;{}&#8221; da_is_popup=&#8221;off&#8221; da_exit_intent=&#8221;off&#8221; da_has_close=&#8221;on&#8221; da_alt_close=&#8221;off&#8221; da_dark_close=&#8221;off&#8221; da_not_modal=&#8221;on&#8221; da_is_singular=&#8221;off&#8221; da_with_loader=&#8221;off&#8221; da_has_shadow=&#8221;on&#8221;][et_pb_row _builder_version=&#8221;4.16&#8243; _module_preset=&#8221;default&#8221; custom_padding=&#8221;||0px|||&#8221; global_colors_info=&#8221;{}&#8221;][et_pb_column type=&#8221;4_4&#8243; _builder_version=&#8221;4.16&#8243; _module_preset=&#8221;default&#8221; global_colors_info=&#8221;{}&#8221;][et_pb_text admin_label=&#8221;Multicrop Market Report&#8221; _builder_version=&#8221;4.27.4&#8243; _module_preset=&#8221;97a49757-9877-47ea-b480-aa7742502928&#8243; global_colors_info=&#8221;{}&#8221;]<\/p>\n<h2>Ein Blick auf die wichtigsten non-GV Nutzpflanzen in der EU<\/h2>\n<p>[\/et_pb_text][\/et_pb_column][\/et_pb_row][et_pb_row column_structure=&#8221;3_5,2_5&#8243; _builder_version=&#8221;4.21.0&#8243; _module_preset=&#8221;default&#8221; custom_padding=&#8221;4px|||||&#8221; global_colors_info=&#8221;{}&#8221;][et_pb_column type=&#8221;3_5&#8243; _builder_version=&#8221;4.16&#8243; _module_preset=&#8221;default&#8221; global_colors_info=&#8221;{}&#8221;][et_pb_text admin_label=&#8221;info-Text&#8221; _builder_version=&#8221;4.27.4&#8243; _module_preset=&#8221;97a49757-9877-47ea-b480-aa7742502928&#8243; custom_padding=&#8221;24px|||0px|false|false&#8221; hover_enabled=&#8221;0&#8243; global_colors_info=&#8221;{}&#8221; sticky_enabled=&#8221;0&#8243;]<\/p>\n<p>Der Non-GM-Multicrop-Report ist ein zus\u00e4tzlicher, viertelj\u00e4hrlich erscheinender Bericht, den Donau Soja in Zusammenarbeit mit ENGA und der ProTerra-Stiftung herausgibt: Die umfassende Studie beleuchtet die wichtigsten Nutzpflanzen auf dem EU-Markt \u2013 Soja, Mais und Raps \u2013 und f\u00fchrt Anbauzahlen, Ertragsstatistiken, Preise sowie Angebots- und Nachfragedynamik zusammen. Der Non-GV-Multicrop-Bericht richtet sich an Lebens- und Futtermittelhersteller sowie an Einzelh\u00e4ndler, um sie \u00fcber den Status des Marktes, \u00fcber Verf\u00fcgbarkeit, Preise und Nachfrage zu informieren.<\/p>\n<p>Der gesamte Bericht steht untenstehend zum Download zur Verf\u00fcgung.<\/p>\n<p><a href=\"https:\/\/www.donausoja.org\/wp-content\/uploads\/2024\/02\/non-GM_Multicrop_Market_Report.pdf\" target=\"_blank\" rel=\"noopener\">Edition 1 \/ November 2023<\/a><br \/><a href=\"https:\/\/www.donausoja.org\/wp-content\/uploads\/2024\/02\/Multicrop_Report_02_Feb_2024.pdf\" target=\"_blank\" rel=\"noopener\">Edition 2 \/ Februar 2024<\/a><br \/><a href=\"https:\/\/www.donausoja.org\/wp-content\/uploads\/2024\/06\/Market_Report_03_May_2024.pdf\" target=\"_blank\" rel=\"noopener\">Edition 3 \/ Mai 2024<\/a><br \/><a href=\"https:\/\/www.donausoja.org\/wp-content\/uploads\/2024\/09\/Non-GMO-Report-September-2024.pdf\">Edition 4 \/ September 2024<\/a><br \/><a href=\"https:\/\/www.donausoja.org\/wp-content\/uploads\/2025\/01\/Multicrop_Report_05_Dec_2024.pdf\">Edition 5 \/ Dezember 2024<\/a><br \/><a href=\"https:\/\/www.donausoja.org\/wp-content\/uploads\/2025\/04\/Non-GM-Market-Report_April-2025-Donau-Soja-Multicrop.pdf\" target=\"_blank\" rel=\"noopener\">Edition 6 \/ April 2025<\/a><br \/><a href=\"https:\/\/www.donausoja.org\/wp-content\/uploads\/2025\/07\/Non-GMO-Market-Report-Edition-7-July-2025.pdf\" target=\"_blank\" rel=\"noopener\" data-mce-fragment=\"1\">Edition 7 \/ Juli 2025<\/a><br \/><a href=\"https:\/\/www.donausoja.org\/wp-content\/uploads\/2025\/11\/Non_GMO_Market_Report_8_Nov_2025.pdf\" target=\"_blank\" rel=\"noopener\">Edition 8 \/ November 2025<\/a><br \/><a href=\"https:\/\/www.donausoja.org\/wp-content\/uploads\/2026\/01\/Multicrop_Report_09_Jan_2026.pdf\" target=\"_blank\" rel=\"noopener\">Edition 9 \/ J\u00e4nner 2026<\/a><br \/>\u200b<\/p>\n<p>[\/et_pb_text][\/et_pb_column][et_pb_column type=&#8221;2_5&#8243; _builder_version=&#8221;4.16&#8243; _module_preset=&#8221;default&#8221; global_colors_info=&#8221;{}&#8221;][et_pb_image src=&#8221;https:\/\/www.donausoja.org\/wp-content\/uploads\/2024\/02\/Multicrop-Market-Report.png&#8221; title_text=&#8221;Multicrop Market Report&#8221; _builder_version=&#8221;4.21.0&#8243; _module_preset=&#8221;default&#8221; global_colors_info=&#8221;{}&#8221;][\/et_pb_image][\/et_pb_column][\/et_pb_row][\/et_pb_section]<\/p>\n","protected":false},"excerpt":{"rendered":"<p>NON-GM MULTICROP REPORTEin Blick auf die wichtigsten non-GV Nutzpflanzen in der EUDer Non-GM-Multicrop-Report ist ein zus\u00e4tzlicher, viertelj\u00e4hrlich erscheinender Bericht, den Donau Soja in Zusammenarbeit mit ENGA und der ProTerra-Stiftung herausgibt: Die umfassende Studie beleuchtet die wichtigsten Nutzpflanzen auf dem EU-Markt \u2013 Soja, Mais und Raps \u2013 und f\u00fchrt Anbauzahlen, Ertragsstatistiken, Preise sowie Angebots- und Nachfragedynamik [&hellip;]<\/p>\n","protected":false},"author":37,"featured_media":0,"parent":0,"menu_order":0,"comment_status":"closed","ping_status":"closed","template":"","meta":{"_et_pb_use_builder":"on","_et_pb_old_content":"","_et_gb_content_width":"","footnotes":""},"class_list":["post-44537","page","type-page","status-publish","hentry"],"yoast_head":"<!-- This site is optimized with the Yoast SEO plugin v27.4 - https:\/\/yoast.com\/product\/yoast-seo-wordpress\/ -->\n<title>Non-GM Multicrop Report - Donau Soja<\/title>\n<meta name=\"description\" content=\"er Non-GM-Multicrop-Report ist ein zus\u00e4tzlicher, viertelj\u00e4hrlich erscheinender Bericht, den Donau Soja in Zusammenarbeit mit ENGA und der ProTerra-Stiftung herausgibt: Die umfassende Studie beleuchtet die wichtigsten Nutzpflanzen auf dem EU-Markt \u2013 Soja, Mais und Raps.\" \/>\n<meta name=\"robots\" content=\"index, follow, max-snippet:-1, max-image-preview:large, max-video-preview:-1\" \/>\n<link rel=\"canonical\" href=\"https:\/\/www.donausoja.org\/de\/non-gm-multicrop-report\/\" \/>\n<meta property=\"og:locale\" content=\"de_DE\" \/>\n<meta property=\"og:type\" content=\"article\" \/>\n<meta property=\"og:title\" content=\"Non-GM Multicrop Report - Donau Soja\" \/>\n<meta property=\"og:description\" content=\"er Non-GM-Multicrop-Report ist ein zus\u00e4tzlicher, viertelj\u00e4hrlich erscheinender Bericht, den Donau Soja in Zusammenarbeit mit ENGA und der ProTerra-Stiftung herausgibt: Die umfassende Studie beleuchtet die wichtigsten Nutzpflanzen auf dem EU-Markt \u2013 Soja, Mais und Raps.\" \/>\n<meta property=\"og:url\" content=\"https:\/\/www.donausoja.org\/de\/non-gm-multicrop-report\/\" \/>\n<meta property=\"og:site_name\" content=\"Donau Soja\" \/>\n<meta property=\"article:modified_time\" content=\"2026-01-29T10:33:01+00:00\" \/>\n<meta name=\"twitter:card\" content=\"summary_large_image\" \/>\n<meta name=\"twitter:label1\" content=\"Gesch\u00e4tzte Lesezeit\" \/>\n\t<meta name=\"twitter:data1\" content=\"1\u00a0Minute\" \/>\n<script type=\"application\/ld+json\" class=\"yoast-schema-graph\">{\"@context\":\"https:\\\/\\\/schema.org\",\"@graph\":[{\"@type\":\"WebPage\",\"@id\":\"https:\\\/\\\/www.donausoja.org\\\/de\\\/non-gm-multicrop-report\\\/\",\"url\":\"https:\\\/\\\/www.donausoja.org\\\/de\\\/non-gm-multicrop-report\\\/\",\"name\":\"Non-GM Multicrop Report - Donau Soja\",\"isPartOf\":{\"@id\":\"https:\\\/\\\/www.donausoja.org\\\/de\\\/#website\"},\"datePublished\":\"2024-05-17T16:55:54+00:00\",\"dateModified\":\"2026-01-29T10:33:01+00:00\",\"description\":\"er Non-GM-Multicrop-Report ist ein zus\u00e4tzlicher, viertelj\u00e4hrlich erscheinender Bericht, den Donau Soja in Zusammenarbeit mit ENGA und der ProTerra-Stiftung herausgibt: Die umfassende Studie beleuchtet die wichtigsten Nutzpflanzen auf dem EU-Markt \u2013 Soja, Mais und Raps.\",\"breadcrumb\":{\"@id\":\"https:\\\/\\\/www.donausoja.org\\\/de\\\/non-gm-multicrop-report\\\/#breadcrumb\"},\"inLanguage\":\"de\",\"potentialAction\":[{\"@type\":\"ReadAction\",\"target\":[\"https:\\\/\\\/www.donausoja.org\\\/de\\\/non-gm-multicrop-report\\\/\"]}]},{\"@type\":\"BreadcrumbList\",\"@id\":\"https:\\\/\\\/www.donausoja.org\\\/de\\\/non-gm-multicrop-report\\\/#breadcrumb\",\"itemListElement\":[{\"@type\":\"ListItem\",\"position\":1,\"name\":\"Home\",\"item\":\"https:\\\/\\\/www.donausoja.org\\\/de\\\/\"},{\"@type\":\"ListItem\",\"position\":2,\"name\":\"Non-GM Multicrop Report\"}]},{\"@type\":\"WebSite\",\"@id\":\"https:\\\/\\\/www.donausoja.org\\\/de\\\/#website\",\"url\":\"https:\\\/\\\/www.donausoja.org\\\/de\\\/\",\"name\":\"Donau Soja\",\"description\":\"Together for a European Protein Supply: Regional. Sustainable. Non-GM.\",\"potentialAction\":[{\"@type\":\"SearchAction\",\"target\":{\"@type\":\"EntryPoint\",\"urlTemplate\":\"https:\\\/\\\/www.donausoja.org\\\/de\\\/?s={search_term_string}\"},\"query-input\":{\"@type\":\"PropertyValueSpecification\",\"valueRequired\":true,\"valueName\":\"search_term_string\"}}],\"inLanguage\":\"de\"}]}<\/script>\n<!-- \/ Yoast SEO plugin. -->","yoast_head_json":{"title":"Non-GM Multicrop Report - Donau Soja","description":"er Non-GM-Multicrop-Report ist ein zus\u00e4tzlicher, viertelj\u00e4hrlich erscheinender Bericht, den Donau Soja in Zusammenarbeit mit ENGA und der ProTerra-Stiftung herausgibt: Die umfassende Studie beleuchtet die wichtigsten Nutzpflanzen auf dem EU-Markt \u2013 Soja, Mais und Raps.","robots":{"index":"index","follow":"follow","max-snippet":"max-snippet:-1","max-image-preview":"max-image-preview:large","max-video-preview":"max-video-preview:-1"},"canonical":"https:\/\/www.donausoja.org\/de\/non-gm-multicrop-report\/","og_locale":"de_DE","og_type":"article","og_title":"Non-GM Multicrop Report - Donau Soja","og_description":"er Non-GM-Multicrop-Report ist ein zus\u00e4tzlicher, viertelj\u00e4hrlich erscheinender Bericht, den Donau Soja in Zusammenarbeit mit ENGA und der ProTerra-Stiftung herausgibt: Die umfassende Studie beleuchtet die wichtigsten Nutzpflanzen auf dem EU-Markt \u2013 Soja, Mais und Raps.","og_url":"https:\/\/www.donausoja.org\/de\/non-gm-multicrop-report\/","og_site_name":"Donau Soja","article_modified_time":"2026-01-29T10:33:01+00:00","twitter_card":"summary_large_image","twitter_misc":{"Gesch\u00e4tzte Lesezeit":"1\u00a0Minute"},"schema":{"@context":"https:\/\/schema.org","@graph":[{"@type":"WebPage","@id":"https:\/\/www.donausoja.org\/de\/non-gm-multicrop-report\/","url":"https:\/\/www.donausoja.org\/de\/non-gm-multicrop-report\/","name":"Non-GM Multicrop Report - Donau Soja","isPartOf":{"@id":"https:\/\/www.donausoja.org\/de\/#website"},"datePublished":"2024-05-17T16:55:54+00:00","dateModified":"2026-01-29T10:33:01+00:00","description":"er Non-GM-Multicrop-Report ist ein zus\u00e4tzlicher, viertelj\u00e4hrlich erscheinender Bericht, den Donau Soja in Zusammenarbeit mit ENGA und der ProTerra-Stiftung herausgibt: Die umfassende Studie beleuchtet die wichtigsten Nutzpflanzen auf dem EU-Markt \u2013 Soja, Mais und Raps.","breadcrumb":{"@id":"https:\/\/www.donausoja.org\/de\/non-gm-multicrop-report\/#breadcrumb"},"inLanguage":"de","potentialAction":[{"@type":"ReadAction","target":["https:\/\/www.donausoja.org\/de\/non-gm-multicrop-report\/"]}]},{"@type":"BreadcrumbList","@id":"https:\/\/www.donausoja.org\/de\/non-gm-multicrop-report\/#breadcrumb","itemListElement":[{"@type":"ListItem","position":1,"name":"Home","item":"https:\/\/www.donausoja.org\/de\/"},{"@type":"ListItem","position":2,"name":"Non-GM Multicrop Report"}]},{"@type":"WebSite","@id":"https:\/\/www.donausoja.org\/de\/#website","url":"https:\/\/www.donausoja.org\/de\/","name":"Donau Soja","description":"Together for a European Protein Supply: Regional. Sustainable. Non-GM.","potentialAction":[{"@type":"SearchAction","target":{"@type":"EntryPoint","urlTemplate":"https:\/\/www.donausoja.org\/de\/?s={search_term_string}"},"query-input":{"@type":"PropertyValueSpecification","valueRequired":true,"valueName":"search_term_string"}}],"inLanguage":"de"}]}},"_links":{"self":[{"href":"https:\/\/www.donausoja.org\/de\/wp-json\/wp\/v2\/pages\/44537","targetHints":{"allow":["GET"]}}],"collection":[{"href":"https:\/\/www.donausoja.org\/de\/wp-json\/wp\/v2\/pages"}],"about":[{"href":"https:\/\/www.donausoja.org\/de\/wp-json\/wp\/v2\/types\/page"}],"author":[{"embeddable":true,"href":"https:\/\/www.donausoja.org\/de\/wp-json\/wp\/v2\/users\/37"}],"replies":[{"embeddable":true,"href":"https:\/\/www.donausoja.org\/de\/wp-json\/wp\/v2\/comments?post=44537"}],"version-history":[{"count":9,"href":"https:\/\/www.donausoja.org\/de\/wp-json\/wp\/v2\/pages\/44537\/revisions"}],"predecessor-version":[{"id":65409,"href":"https:\/\/www.donausoja.org\/de\/wp-json\/wp\/v2\/pages\/44537\/revisions\/65409"}],"wp:attachment":[{"href":"https:\/\/www.donausoja.org\/de\/wp-json\/wp\/v2\/media?parent=44537"}],"curies":[{"name":"wp","href":"https:\/\/api.w.org\/{rel}","templated":true}]}}