
{"id":44337,"date":"2024-05-15T13:35:02","date_gmt":"2024-05-15T13:35:02","guid":{"rendered":"https:\/\/www.donausoja.org\/our-expertise\/"},"modified":"2024-06-13T18:37:25","modified_gmt":"2024-06-13T18:37:25","slug":"unsere-expertise","status":"publish","type":"page","link":"https:\/\/www.donausoja.org\/de\/unsere-expertise\/","title":{"rendered":"Unsere Expertise"},"content":{"rendered":"<p>[et_pb_section fb_built=&#8221;1&#8243; _builder_version=&#8221;4.21.0&#8243; _module_preset=&#8221;default&#8221; background_color=&#8221;RGBA(255,255,255,0)&#8221; da_disable_devices=&#8221;off|off|off&#8221; locked=&#8221;off&#8221; global_colors_info=&#8221;{}&#8221; da_is_popup=&#8221;off&#8221; da_exit_intent=&#8221;off&#8221; da_has_close=&#8221;on&#8221; da_alt_close=&#8221;off&#8221; da_dark_close=&#8221;off&#8221; da_not_modal=&#8221;on&#8221; da_is_singular=&#8221;off&#8221; da_with_loader=&#8221;off&#8221; da_has_shadow=&#8221;on&#8221;][et_pb_row _builder_version=&#8221;4.21.0&#8243; _module_preset=&#8221;default&#8221; custom_padding=&#8221;130px|||||&#8221; global_colors_info=&#8221;{}&#8221;][et_pb_column type=&#8221;4_4&#8243; _builder_version=&#8221;4.16&#8243; _module_preset=&#8221;default&#8221; global_colors_info=&#8221;{}&#8221;][et_pb_text _builder_version=&#8221;4.21.0&#8243; _module_preset=&#8221;77a7a6a5-6cba-4e24-a8d7-1992b0adbe08&#8243; header_font=&#8221;Ubuntu|700|||||||&#8221; hover_enabled=&#8221;0&#8243; global_colors_info=&#8221;{}&#8221; sticky_enabled=&#8221;0&#8243;]<\/p>\n<h1>Unsere Expertise<\/h1>\n<p>[\/et_pb_text][\/et_pb_column][\/et_pb_row][\/et_pb_section][et_pb_section fb_built=&#8221;1&#8243; _builder_version=&#8221;4.21.0&#8243; _module_preset=&#8221;default&#8221; min_height=&#8221;227.4px&#8221; custom_padding=&#8221;0px||0px|||&#8221; da_disable_devices=&#8221;off|off|off&#8221; global_colors_info=&#8221;{}&#8221; da_is_popup=&#8221;off&#8221; da_exit_intent=&#8221;off&#8221; da_has_close=&#8221;on&#8221; da_alt_close=&#8221;off&#8221; da_dark_close=&#8221;off&#8221; da_not_modal=&#8221;on&#8221; da_is_singular=&#8221;off&#8221; da_with_loader=&#8221;off&#8221; da_has_shadow=&#8221;on&#8221;][et_pb_row _builder_version=&#8221;4.21.0&#8243; _module_preset=&#8221;default&#8221; custom_padding=&#8221;23px|||||&#8221; global_colors_info=&#8221;{}&#8221;][et_pb_column type=&#8221;4_4&#8243; _builder_version=&#8221;4.21.0&#8243; _module_preset=&#8221;default&#8221; global_colors_info=&#8221;{}&#8221;][et_pb_text admin_label=&#8221;Text &#8221; _builder_version=&#8221;4.21.0&#8243; _module_preset=&#8221;97a49757-9877-47ea-b480-aa7742502928&#8243; background_color=&#8221;RGBA(255,255,255,0)&#8221; max_width=&#8221;100%&#8221; custom_margin=&#8221;||0px||false|false&#8221; custom_padding_phone=&#8221;|||0px|false|false&#8221; hover_enabled=&#8221;0&#8243; global_colors_info=&#8221;{}&#8221; sticky_enabled=&#8221;0&#8243;]<\/p>\n<p>Bei Donau Soja setzen wir uns daf\u00fcr ein, die Zukunft der europ\u00e4ischen Lebensmittelsysteme zu gestalten, indem wir den nachhaltigen Sojaanbau in ganz Europa f\u00f6rdern. Wir sind eine der f\u00fchrenden Organisationen der europ\u00e4ischen Sojabranche und haben es uns zur Aufgabe gemacht, die Eiwei\u00dfversorgung in Europa nachhaltiger zu gestalten. Vernetzung und Wissenstransfer sind der Kern unseres Ansatzes. Wir organisieren Workshops, Webinare und Schulungen, um unsere Mitglieder, Partner und den gesamten Sojasektor \u00fcber kommende gesetzliche Anforderungen, z.B. im Rahmen des Green Deal, und privatwirtschaftliche Entwicklungen wie SBTi oder QS Soja plus \/ AMA pastus+ sowie \u00fcber die Vorteile eines nachhaltigen und europ\u00e4ischen Sojaanbaus zu informieren. Diese Webseite bietet einen \u00dcberblick \u00fcber die wichtigsten Themen &#8211; von der Politik \u00fcber die Nachhaltigkeit bis hin zur Landwirtschaft &#8211; und wird nach und nach weiter erg\u00e4nzt.<\/p>\n<p>Informieren Sie sich auf unserer Website \u00fcber unsere Arbeit, unsere Wirkung und dar\u00fcber, wie Sie sich f\u00fcr den nachhaltigen Sojaanbau engagieren k\u00f6nnen.<\/p>\n<p>[\/et_pb_text][\/et_pb_column][\/et_pb_row][\/et_pb_section][et_pb_section fb_built=&#8221;1&#8243; _builder_version=&#8221;4.21.0&#8243; _module_preset=&#8221;default&#8221; background_color=&#8221;#F6F1E8&#8243; min_height=&#8221;838px&#8221; custom_padding=&#8221;||3px|||&#8221; da_disable_devices=&#8221;off|off|off&#8221; global_colors_info=&#8221;{}&#8221; da_is_popup=&#8221;off&#8221; da_exit_intent=&#8221;off&#8221; da_has_close=&#8221;on&#8221; da_alt_close=&#8221;off&#8221; da_dark_close=&#8221;off&#8221; da_not_modal=&#8221;on&#8221; da_is_singular=&#8221;off&#8221; da_with_loader=&#8221;off&#8221; da_has_shadow=&#8221;on&#8221;][et_pb_row admin_label=&#8221;Row: EUDR &#038; beyond&#8221; _builder_version=&#8221;4.21.0&#8243; _module_preset=&#8221;default&#8221; background_color=&#8221;#ffffff&#8221; custom_padding=&#8221;20px|20px|20px|20px|false|false&#8221; box_shadow_style=&#8221;preset1&#8243; global_colors_info=&#8221;{}&#8221;][et_pb_column type=&#8221;4_4&#8243; _builder_version=&#8221;4.16&#8243; _module_preset=&#8221;default&#8221; global_colors_info=&#8221;{}&#8221;][et_pb_text _builder_version=&#8221;4.21.0&#8243; _module_preset=&#8221;77a7a6a5-6cba-4e24-a8d7-1992b0adbe08&#8243; custom_padding=&#8221;|1px||||&#8221; global_colors_info=&#8221;{}&#8221;]<\/p>\n<h2 style=\"text-align: justify;\"><strong>EUDR &amp; dar\u00fcber hinaus<\/strong><\/h2>\n<p style=\"text-align: justify;\">Wir beteiligen uns aktiv an politischen Diskussionen und Advocacy-Bem\u00fchungen auf EU- und nationaler Ebene in Bezug auf die EU-Abholzungsverordnung (EUDR) &#8211; insbesondere im Zusammenhang mit weiteren kommenden Anforderungen wie CSRD, SBTi und CSDDD. Erfahren Sie mehr \u00fcber deren Gemeinsamkeiten und wie Donau Soja Sie bei all diesen Themen unterst\u00fctzen kann.<\/p>\n<p>[\/et_pb_text][et_pb_button button_url=&#8221;https:\/\/www.donausoja.org\/de\/projekte\/eudr-and-beyond\/&#8221; url_new_window=&#8221;on&#8221; button_text=&#8221;Mehr erfahren&#8221; _builder_version=&#8221;4.21.0&#8243; _module_preset=&#8221;default&#8221; custom_button=&#8221;on&#8221; button_icon=&#8221;&#x39;||divi||400&#8243; button_on_hover=&#8221;off&#8221; custom_margin=&#8221;20px||||false|false&#8221; global_colors_info=&#8221;{}&#8221;][\/et_pb_button][\/et_pb_column][\/et_pb_row][et_pb_row admin_label=&#8221;Row: Scope 3&#8243; _builder_version=&#8221;4.16&#8243; _module_preset=&#8221;default&#8221; background_color=&#8221;#ffffff&#8221; custom_margin=&#8221;40px||||false|false&#8221; custom_padding=&#8221;20px|20px|20px|20px|false|false&#8221; box_shadow_style=&#8221;preset1&#8243; global_colors_info=&#8221;{}&#8221;][et_pb_column type=&#8221;4_4&#8243; _builder_version=&#8221;4.16&#8243; _module_preset=&#8221;default&#8221; global_colors_info=&#8221;{}&#8221;][et_pb_text _builder_version=&#8221;4.21.0&#8243; _module_preset=&#8221;77a7a6a5-6cba-4e24-a8d7-1992b0adbe08&#8243; global_colors_info=&#8221;{}&#8221;]<\/p>\n<h2><strong>CO2-Fu\u00dfabdruck und mehr<\/strong><\/h2>\n<p style=\"text-align: justify;\">Das Hauptziel des Green Deal ist es, bis 2050 Klimaneutralit\u00e4t zu erreichen, und alle Wirtschaftssektoren m\u00fcssen ihren Teil dazu beitragen &#8211; auch die Lebensmittelproduktion. Aus diesem Grund wurden privatwirtschaftliche Initiativen wie die SBTi ins Leben gerufen und gesetzliche Anforderungen wie die CSRD und CSDDD eingef\u00fchrt, die Unternehmen dazu verpflichten, den Kohlenstoff-Fu\u00dfabdruck ihrer Lieferketten zu minimieren. Finden Sie heraus, wie Donau Soja den CO2-Fu\u00dfabdruck um bis zu 90 % reduzieren kann und wie dies Unternehmen hilft, ihre Klimaziele zu erreichen.<\/p>\n<p>[\/et_pb_text][et_pb_button button_url=&#8221;https:\/\/www.donausoja.org\/de\/co2-fussabdruck-und-mehr\/&#8221; url_new_window=&#8221;on&#8221; button_text=&#8221;Mehr erfahren&#8221; _builder_version=&#8221;4.21.0&#8243; _module_preset=&#8221;default&#8221; custom_button=&#8221;on&#8221; button_icon=&#8221;&#x39;||divi||400&#8243; button_on_hover=&#8221;off&#8221; custom_margin=&#8221;20px||||false|false&#8221; global_colors_info=&#8221;{}&#8221;][\/et_pb_button][\/et_pb_column][\/et_pb_row][et_pb_row admin_label=&#8221;Row: Agriculture&#8221; _builder_version=&#8221;4.16&#8243; _module_preset=&#8221;default&#8221; background_color=&#8221;#ffffff&#8221; custom_margin=&#8221;40px||||false|false&#8221; custom_padding=&#8221;20px|20px|20px|20px|false|false&#8221; box_shadow_style=&#8221;preset1&#8243; global_colors_info=&#8221;{}&#8221;][et_pb_column type=&#8221;4_4&#8243; _builder_version=&#8221;4.16&#8243; _module_preset=&#8221;default&#8221; global_colors_info=&#8221;{}&#8221;][et_pb_text _builder_version=&#8221;4.21.0&#8243; _module_preset=&#8221;77a7a6a5-6cba-4e24-a8d7-1992b0adbe08&#8243; global_colors_info=&#8221;{}&#8221;]<\/p>\n<h2><strong>Donau Soja Academy<\/strong><\/h2>\n<p style=\"text-align: justify;\">Bei Donau Soja sind wir davon \u00fcberzeugt, dass nachhaltige Landwirtschaft nicht nur bedeutet, Lebensmittel auf umweltfreundliche Weise zu produzieren &#8211; es geht darum, ein System zu schaffen, das f\u00fcr den Planeten und f\u00fcr zuk\u00fcnftige Generationen nachhaltig ist. Wie das aussehen kann, haben wir in unserer Donau Soja Eiwei\u00dfstrategie f\u00fcr Europa niedergelegt. Unterst\u00fctzen Sie uns bei unserer Mission, die Agrarlandschaft zu ver\u00e4ndern, indem Sie sich f\u00fcr einen nachhaltigen Sojaanbau einsetzen, von dem alle profitieren &#8211; vom Landwirt bis zum Verbraucher.<\/p>\n<p>[\/et_pb_text][et_pb_button button_url=&#8221;https:\/\/www.donausoja.org\/de\/donau-soja-academy\/&#8221; button_text=&#8221;Mehr erfahren&#8221; _builder_version=&#8221;4.21.0&#8243; _module_preset=&#8221;default&#8221; custom_button=&#8221;on&#8221; button_icon=&#8221;&#x39;||divi||400&#8243; button_on_hover=&#8221;off&#8221; custom_margin=&#8221;20px||||false|false&#8221; global_colors_info=&#8221;{}&#8221;][\/et_pb_button][\/et_pb_column][\/et_pb_row][\/et_pb_section]<\/p>\n","protected":false},"excerpt":{"rendered":"<p>Unsere ExpertiseBei Donau Soja setzen wir uns daf\u00fcr ein, die Zukunft der europ\u00e4ischen Lebensmittelsysteme zu gestalten, indem wir den nachhaltigen Sojaanbau in ganz Europa f\u00f6rdern. Wir sind eine der f\u00fchrenden Organisationen der europ\u00e4ischen Sojabranche und haben es uns zur Aufgabe gemacht, die Eiwei\u00dfversorgung in Europa nachhaltiger zu gestalten. Vernetzung und Wissenstransfer sind der Kern unseres [&hellip;]<\/p>\n","protected":false},"author":37,"featured_media":0,"parent":0,"menu_order":0,"comment_status":"closed","ping_status":"closed","template":"","meta":{"_et_pb_use_builder":"on","_et_pb_old_content":"","_et_gb_content_width":"","footnotes":""},"class_list":["post-44337","page","type-page","status-publish","hentry"],"yoast_head":"<!-- This site is optimized with the Yoast SEO plugin v24.9 - https:\/\/yoast.com\/wordpress\/plugins\/seo\/ -->\n<title>Unsere Expertise - Donau Soja<\/title>\n<meta name=\"description\" content=\"Bei Donau Soja setzen wir uns daf\u00fcr ein, die Zukunft der europ\u00e4ischen Lebensmittelsysteme zu gestalten, indem wir den nachhaltigen Sojaanbau in ganz Europa f\u00f6rdern.\" \/>\n<meta name=\"robots\" content=\"index, follow, max-snippet:-1, max-image-preview:large, max-video-preview:-1\" \/>\n<link rel=\"canonical\" href=\"https:\/\/www.donausoja.org\/de\/unsere-expertise\/\" \/>\n<meta property=\"og:locale\" content=\"de_DE\" \/>\n<meta property=\"og:type\" content=\"article\" \/>\n<meta property=\"og:title\" content=\"Unsere Expertise - Donau Soja\" \/>\n<meta property=\"og:description\" content=\"Bei Donau Soja setzen wir uns daf\u00fcr ein, die Zukunft der europ\u00e4ischen Lebensmittelsysteme zu gestalten, indem wir den nachhaltigen Sojaanbau in ganz Europa f\u00f6rdern.\" \/>\n<meta property=\"og:url\" content=\"https:\/\/www.donausoja.org\/de\/unsere-expertise\/\" \/>\n<meta property=\"og:site_name\" content=\"Donau Soja\" \/>\n<meta property=\"article:modified_time\" content=\"2024-06-13T18:37:25+00:00\" \/>\n<meta name=\"twitter:card\" content=\"summary_large_image\" \/>\n<meta name=\"twitter:label1\" content=\"Gesch\u00e4tzte Lesezeit\" \/>\n\t<meta name=\"twitter:data1\" content=\"3\u00a0Minuten\" \/>\n<script type=\"application\/ld+json\" class=\"yoast-schema-graph\">{\"@context\":\"https:\/\/schema.org\",\"@graph\":[{\"@type\":\"WebPage\",\"@id\":\"https:\/\/www.donausoja.org\/de\/unsere-expertise\/\",\"url\":\"https:\/\/www.donausoja.org\/de\/unsere-expertise\/\",\"name\":\"Unsere Expertise - Donau Soja\",\"isPartOf\":{\"@id\":\"https:\/\/www.donausoja.org\/de\/#website\"},\"datePublished\":\"2024-05-15T13:35:02+00:00\",\"dateModified\":\"2024-06-13T18:37:25+00:00\",\"description\":\"Bei Donau Soja setzen wir uns daf\u00fcr ein, die Zukunft der europ\u00e4ischen Lebensmittelsysteme zu gestalten, indem wir den nachhaltigen Sojaanbau in ganz Europa f\u00f6rdern.\",\"breadcrumb\":{\"@id\":\"https:\/\/www.donausoja.org\/de\/unsere-expertise\/#breadcrumb\"},\"inLanguage\":\"de\",\"potentialAction\":[{\"@type\":\"ReadAction\",\"target\":[\"https:\/\/www.donausoja.org\/de\/unsere-expertise\/\"]}]},{\"@type\":\"BreadcrumbList\",\"@id\":\"https:\/\/www.donausoja.org\/de\/unsere-expertise\/#breadcrumb\",\"itemListElement\":[{\"@type\":\"ListItem\",\"position\":1,\"name\":\"Home\",\"item\":\"https:\/\/www.donausoja.org\/de\/\"},{\"@type\":\"ListItem\",\"position\":2,\"name\":\"Unsere Expertise\"}]},{\"@type\":\"WebSite\",\"@id\":\"https:\/\/www.donausoja.org\/de\/#website\",\"url\":\"https:\/\/www.donausoja.org\/de\/\",\"name\":\"Donau Soja\",\"description\":\"Together for a European Protein Supply: Regional. Sustainable. Non-GM.\",\"potentialAction\":[{\"@type\":\"SearchAction\",\"target\":{\"@type\":\"EntryPoint\",\"urlTemplate\":\"https:\/\/www.donausoja.org\/de\/?s={search_term_string}\"},\"query-input\":{\"@type\":\"PropertyValueSpecification\",\"valueRequired\":true,\"valueName\":\"search_term_string\"}}],\"inLanguage\":\"de\"}]}<\/script>\n<!-- \/ Yoast SEO plugin. -->","yoast_head_json":{"title":"Unsere Expertise - Donau Soja","description":"Bei Donau Soja setzen wir uns daf\u00fcr ein, die Zukunft der europ\u00e4ischen Lebensmittelsysteme zu gestalten, indem wir den nachhaltigen Sojaanbau in ganz Europa f\u00f6rdern.","robots":{"index":"index","follow":"follow","max-snippet":"max-snippet:-1","max-image-preview":"max-image-preview:large","max-video-preview":"max-video-preview:-1"},"canonical":"https:\/\/www.donausoja.org\/de\/unsere-expertise\/","og_locale":"de_DE","og_type":"article","og_title":"Unsere Expertise - Donau Soja","og_description":"Bei Donau Soja setzen wir uns daf\u00fcr ein, die Zukunft der europ\u00e4ischen Lebensmittelsysteme zu gestalten, indem wir den nachhaltigen Sojaanbau in ganz Europa f\u00f6rdern.","og_url":"https:\/\/www.donausoja.org\/de\/unsere-expertise\/","og_site_name":"Donau Soja","article_modified_time":"2024-06-13T18:37:25+00:00","twitter_card":"summary_large_image","twitter_misc":{"Gesch\u00e4tzte Lesezeit":"3\u00a0Minuten"},"schema":{"@context":"https:\/\/schema.org","@graph":[{"@type":"WebPage","@id":"https:\/\/www.donausoja.org\/de\/unsere-expertise\/","url":"https:\/\/www.donausoja.org\/de\/unsere-expertise\/","name":"Unsere Expertise - Donau Soja","isPartOf":{"@id":"https:\/\/www.donausoja.org\/de\/#website"},"datePublished":"2024-05-15T13:35:02+00:00","dateModified":"2024-06-13T18:37:25+00:00","description":"Bei Donau Soja setzen wir uns daf\u00fcr ein, die Zukunft der europ\u00e4ischen Lebensmittelsysteme zu gestalten, indem wir den nachhaltigen Sojaanbau in ganz Europa f\u00f6rdern.","breadcrumb":{"@id":"https:\/\/www.donausoja.org\/de\/unsere-expertise\/#breadcrumb"},"inLanguage":"de","potentialAction":[{"@type":"ReadAction","target":["https:\/\/www.donausoja.org\/de\/unsere-expertise\/"]}]},{"@type":"BreadcrumbList","@id":"https:\/\/www.donausoja.org\/de\/unsere-expertise\/#breadcrumb","itemListElement":[{"@type":"ListItem","position":1,"name":"Home","item":"https:\/\/www.donausoja.org\/de\/"},{"@type":"ListItem","position":2,"name":"Unsere Expertise"}]},{"@type":"WebSite","@id":"https:\/\/www.donausoja.org\/de\/#website","url":"https:\/\/www.donausoja.org\/de\/","name":"Donau Soja","description":"Together for a European Protein Supply: Regional. Sustainable. Non-GM.","potentialAction":[{"@type":"SearchAction","target":{"@type":"EntryPoint","urlTemplate":"https:\/\/www.donausoja.org\/de\/?s={search_term_string}"},"query-input":{"@type":"PropertyValueSpecification","valueRequired":true,"valueName":"search_term_string"}}],"inLanguage":"de"}]}},"_links":{"self":[{"href":"https:\/\/www.donausoja.org\/de\/wp-json\/wp\/v2\/pages\/44337","targetHints":{"allow":["GET"]}}],"collection":[{"href":"https:\/\/www.donausoja.org\/de\/wp-json\/wp\/v2\/pages"}],"about":[{"href":"https:\/\/www.donausoja.org\/de\/wp-json\/wp\/v2\/types\/page"}],"author":[{"embeddable":true,"href":"https:\/\/www.donausoja.org\/de\/wp-json\/wp\/v2\/users\/37"}],"replies":[{"embeddable":true,"href":"https:\/\/www.donausoja.org\/de\/wp-json\/wp\/v2\/comments?post=44337"}],"version-history":[{"count":5,"href":"https:\/\/www.donausoja.org\/de\/wp-json\/wp\/v2\/pages\/44337\/revisions"}],"predecessor-version":[{"id":44894,"href":"https:\/\/www.donausoja.org\/de\/wp-json\/wp\/v2\/pages\/44337\/revisions\/44894"}],"wp:attachment":[{"href":"https:\/\/www.donausoja.org\/de\/wp-json\/wp\/v2\/media?parent=44337"}],"curies":[{"name":"wp","href":"https:\/\/api.w.org\/{rel}","templated":true}]}}