
{"id":43374,"date":"2024-05-21T12:27:03","date_gmt":"2024-05-21T12:27:03","guid":{"rendered":"https:\/\/www.donausoja.org\/?page_id=43374"},"modified":"2025-05-27T09:43:55","modified_gmt":"2025-05-27T09:43:55","slug":"legume-hub","status":"publish","type":"page","link":"https:\/\/www.donausoja.org\/de\/legume-hub\/","title":{"rendered":"Legume Hub"},"content":{"rendered":"<p>[et_pb_section fb_built=&#8221;1&#8243; _builder_version=&#8221;4.16&#8243; _module_preset=&#8221;default&#8221; background_color=&#8221;RGBA(255,255,255,0)&#8221; da_disable_devices=&#8221;off|off|off&#8221; locked=&#8221;off&#8221; global_colors_info=&#8221;{}&#8221; da_is_popup=&#8221;off&#8221; da_exit_intent=&#8221;off&#8221; da_has_close=&#8221;on&#8221; da_alt_close=&#8221;off&#8221; da_dark_close=&#8221;off&#8221; da_not_modal=&#8221;on&#8221; da_is_singular=&#8221;off&#8221; da_with_loader=&#8221;off&#8221; da_has_shadow=&#8221;on&#8221;][et_pb_row _builder_version=&#8221;4.16&#8243; _module_preset=&#8221;default&#8221; custom_padding=&#8221;130px|||||&#8221; global_colors_info=&#8221;{}&#8221;][et_pb_column type=&#8221;4_4&#8243; _builder_version=&#8221;4.16&#8243; _module_preset=&#8221;default&#8221; global_colors_info=&#8221;{}&#8221;][et_pb_text _builder_version=&#8221;4.21.0&#8243; _module_preset=&#8221;77a7a6a5-6cba-4e24-a8d7-1992b0adbe08&#8243; header_font=&#8221;Ubuntu|700|||||||&#8221; global_colors_info=&#8221;{}&#8221;]<\/p>\n<h1>Legume Hub<\/h1>\n<p>[\/et_pb_text][\/et_pb_column][\/et_pb_row][\/et_pb_section][et_pb_section fb_built=&#8221;1&#8243; _builder_version=&#8221;4.16&#8243; _module_preset=&#8221;default&#8221; background_color=&#8221;#F6F1E8&#8243; custom_padding=&#8221;3px||3px|||&#8221; da_disable_devices=&#8221;off|off|off&#8221; global_colors_info=&#8221;{}&#8221; da_is_popup=&#8221;off&#8221; da_exit_intent=&#8221;off&#8221; da_has_close=&#8221;on&#8221; da_alt_close=&#8221;off&#8221; da_dark_close=&#8221;off&#8221; da_not_modal=&#8221;on&#8221; da_is_singular=&#8221;off&#8221; da_with_loader=&#8221;off&#8221; da_has_shadow=&#8221;on&#8221;][et_pb_row column_structure=&#8221;3_5,2_5&#8243; _builder_version=&#8221;4.21.0&#8243; _module_preset=&#8221;default&#8221; custom_padding=&#8221;4px|||||&#8221; locked=&#8221;off&#8221; global_colors_info=&#8221;{}&#8221;][et_pb_column type=&#8221;3_5&#8243; _builder_version=&#8221;4.16&#8243; _module_preset=&#8221;default&#8221; global_colors_info=&#8221;{}&#8221;][et_pb_text admin_label=&#8221;info-Text&#8221; _builder_version=&#8221;4.27.4&#8243; _module_preset=&#8221;97a49757-9877-47ea-b480-aa7742502928&#8243; custom_padding=&#8221;24px|||0px|false|false&#8221; hover_enabled=&#8221;0&#8243; global_colors_info=&#8221;{}&#8221; sticky_enabled=&#8221;0&#8243;]<\/p>\n<p>Der Legume Hub ist eine frei zug\u00e4ngliche, mehrsprachige Wissensplattform mit kostenloser Mitgliedschaft. Ziel ist es, all jenen, die an der Entwicklung des Anbaus und der Nutzung von H\u00fclsenfr\u00fcchten interessiert sind, Zugang zu Wissen, Erkenntnissen und bew\u00e4hrten Praktiken entlang der gesamten Wertsch\u00f6pfungskette zu verschaffen &#8211; von der Pflanzenz\u00fcchtung \u00fcber\u00a0die T\u00e4tigkeiten im landwirtschaftlichen Betrieb \u00a0bis hin zu Verarbeitung und Verbrauch. Das Kernelement des Legume Hub sind wissenschaftliche Artikel, aber es gibt auch eine Vielfalt an Videos und Bildern zu entdecken. Zu den Nutzern geh\u00f6ren Z\u00fcchter, Landwirte als Erzeuger und Nutzer von H\u00fclsenfr\u00fcchten, Verarbeiter von Futter- und Lebensmitteln und alle, die an den entsprechenden Teilen der Wertsch\u00f6pfungsketten beteiligt sind.<\/p>\n<p>Wir laden Sie ein, sich im Legume Hub zu <a href=\"https:\/\/www.legumehub.eu\/join-us\/\">registrieren<\/a>. Als Mitglied des Hub k\u00f6nnen Sie ein pers\u00f6nliches Profil zu Ihrer Arbeit \u00fcber Leguminosen erstellen, Artikel ver\u00f6ffentlichen und Bilder hochladen. Sie erhalten eine eigene Seite als <a href=\"https:\/\/www.legumehub.eu\/de\/beitragende\/\">Beitragende<\/a>, auf der alle Ihre Arbeiten, die Sie auf dem Hub hochgeladen haben, angezeigt werden.<\/p>\n<p>Der Legume Hub wird von der Legume Hub Association und ihren Mitgliedern betrieben. Der Hub bietet der Online-Gemeinschaft eine Plattform zur Verbreitung von Artikeln, Forschungsberichten oder Videos.<\/p>\n<p>Donau Soja ist einer der f\u00fchrenden Partner hinter dem Legume Hub und stellt das Sekretariat f\u00fcr die Legume Hub Association.<\/p>\n<p>[\/et_pb_text][et_pb_button button_url=&#8221;http:\/\/www.legumehub.eu\/de&#8221; url_new_window=&#8221;on&#8221; button_text=&#8221;Besuchen Sie den Legume Hub&#8221; _builder_version=&#8221;4.21.0&#8243; _module_preset=&#8221;default&#8221; locked=&#8221;off&#8221; global_colors_info=&#8221;{}&#8221;][\/et_pb_button][\/et_pb_column][et_pb_column type=&#8221;2_5&#8243; _builder_version=&#8221;4.16&#8243; _module_preset=&#8221;default&#8221; global_colors_info=&#8221;{}&#8221;][et_pb_image src=&#8221;https:\/\/www.donausoja.org\/wp-content\/uploads\/2021\/12\/legume-hub-Foto.png&#8221; title_text=&#8221;legume-hub-Foto&#8221; _builder_version=&#8221;4.21.0&#8243; _module_preset=&#8221;default&#8221; global_colors_info=&#8221;{}&#8221;][\/et_pb_image][\/et_pb_column][\/et_pb_row][\/et_pb_section]<\/p>\n","protected":false},"excerpt":{"rendered":"<p>Legume Hub Der Legume Hub ist eine frei zug\u00e4ngliche, mehrsprachige Wissensplattform mit kostenloser Mitgliedschaft. Ziel ist es, all jenen, die an der Entwicklung des Anbaus und der Nutzung von H\u00fclsenfr\u00fcchten interessiert sind, Zugang zu Wissen, Erkenntnissen und bew\u00e4hrten Praktiken entlang der gesamten Wertsch\u00f6pfungskette zu verschaffen &#8211; von der Pflanzenz\u00fcchtung \u00fcber\u00a0die T\u00e4tigkeiten im landwirtschaftlichen Betrieb \u00a0bis [&hellip;]<\/p>\n","protected":false},"author":19,"featured_media":97,"parent":0,"menu_order":0,"comment_status":"closed","ping_status":"closed","template":"","meta":{"_et_pb_use_builder":"on","_et_pb_old_content":"","_et_gb_content_width":"","footnotes":""},"class_list":["post-43374","page","type-page","status-publish","has-post-thumbnail","hentry"],"yoast_head":"<!-- This site is optimized with the Yoast SEO plugin v27.4 - https:\/\/yoast.com\/product\/yoast-seo-wordpress\/ -->\n<title>Legume Hub - Donau Soja<\/title>\n<meta name=\"description\" content=\"Der Legume Hub ist eine mehrsprachige Wissensplattform, die allen, die allen Interessierten Zugang zu Wissen, Erkenntnissen und erfolgreichen Praktiken \u00fcber die gesamte Wertsch\u00f6pfungskette hinweg verschaffen soll.\" \/>\n<meta name=\"robots\" content=\"index, follow, max-snippet:-1, max-image-preview:large, max-video-preview:-1\" \/>\n<link rel=\"canonical\" href=\"https:\/\/www.donausoja.org\/de\/legume-hub\/\" \/>\n<meta property=\"og:locale\" content=\"de_DE\" \/>\n<meta property=\"og:type\" content=\"article\" \/>\n<meta property=\"og:title\" content=\"Legume Hub - Donau Soja\" \/>\n<meta property=\"og:description\" content=\"Der Legume Hub ist eine mehrsprachige Wissensplattform, die allen, die allen Interessierten Zugang zu Wissen, Erkenntnissen und erfolgreichen Praktiken \u00fcber die gesamte Wertsch\u00f6pfungskette hinweg verschaffen soll.\" \/>\n<meta property=\"og:url\" content=\"https:\/\/www.donausoja.org\/de\/legume-hub\/\" \/>\n<meta property=\"og:site_name\" content=\"Donau Soja\" \/>\n<meta property=\"article:modified_time\" content=\"2025-05-27T09:43:55+00:00\" \/>\n<meta property=\"og:image\" content=\"https:\/\/www.donausoja.org\/wp-content\/uploads\/2021\/12\/legume-hub-Foto.png\" \/>\n\t<meta property=\"og:image:width\" content=\"498\" \/>\n\t<meta property=\"og:image:height\" content=\"648\" \/>\n\t<meta property=\"og:image:type\" content=\"image\/png\" \/>\n<meta name=\"twitter:card\" content=\"summary_large_image\" \/>\n<meta name=\"twitter:label1\" content=\"Gesch\u00e4tzte Lesezeit\" \/>\n\t<meta name=\"twitter:data1\" content=\"2\u00a0Minuten\" \/>\n<script type=\"application\/ld+json\" class=\"yoast-schema-graph\">{\"@context\":\"https:\\\/\\\/schema.org\",\"@graph\":[{\"@type\":\"WebPage\",\"@id\":\"https:\\\/\\\/www.donausoja.org\\\/de\\\/legume-hub\\\/\",\"url\":\"https:\\\/\\\/www.donausoja.org\\\/de\\\/legume-hub\\\/\",\"name\":\"Legume Hub - Donau Soja\",\"isPartOf\":{\"@id\":\"https:\\\/\\\/www.donausoja.org\\\/de\\\/#website\"},\"primaryImageOfPage\":{\"@id\":\"https:\\\/\\\/www.donausoja.org\\\/de\\\/legume-hub\\\/#primaryimage\"},\"image\":{\"@id\":\"https:\\\/\\\/www.donausoja.org\\\/de\\\/legume-hub\\\/#primaryimage\"},\"thumbnailUrl\":\"https:\\\/\\\/www.donausoja.org\\\/wp-content\\\/uploads\\\/2021\\\/12\\\/legume-hub-Foto.png\",\"datePublished\":\"2024-05-21T12:27:03+00:00\",\"dateModified\":\"2025-05-27T09:43:55+00:00\",\"description\":\"Der Legume Hub ist eine mehrsprachige Wissensplattform, die allen, die allen Interessierten Zugang zu Wissen, Erkenntnissen und erfolgreichen Praktiken \u00fcber die gesamte Wertsch\u00f6pfungskette hinweg verschaffen soll.\",\"breadcrumb\":{\"@id\":\"https:\\\/\\\/www.donausoja.org\\\/de\\\/legume-hub\\\/#breadcrumb\"},\"inLanguage\":\"de\",\"potentialAction\":[{\"@type\":\"ReadAction\",\"target\":[\"https:\\\/\\\/www.donausoja.org\\\/de\\\/legume-hub\\\/\"]}]},{\"@type\":\"ImageObject\",\"inLanguage\":\"de\",\"@id\":\"https:\\\/\\\/www.donausoja.org\\\/de\\\/legume-hub\\\/#primaryimage\",\"url\":\"https:\\\/\\\/www.donausoja.org\\\/wp-content\\\/uploads\\\/2021\\\/12\\\/legume-hub-Foto.png\",\"contentUrl\":\"https:\\\/\\\/www.donausoja.org\\\/wp-content\\\/uploads\\\/2021\\\/12\\\/legume-hub-Foto.png\",\"width\":498,\"height\":648},{\"@type\":\"BreadcrumbList\",\"@id\":\"https:\\\/\\\/www.donausoja.org\\\/de\\\/legume-hub\\\/#breadcrumb\",\"itemListElement\":[{\"@type\":\"ListItem\",\"position\":1,\"name\":\"Home\",\"item\":\"https:\\\/\\\/www.donausoja.org\\\/de\\\/\"},{\"@type\":\"ListItem\",\"position\":2,\"name\":\"Legume Hub\"}]},{\"@type\":\"WebSite\",\"@id\":\"https:\\\/\\\/www.donausoja.org\\\/de\\\/#website\",\"url\":\"https:\\\/\\\/www.donausoja.org\\\/de\\\/\",\"name\":\"Donau Soja\",\"description\":\"Together for a European Protein Supply: Regional. Sustainable. Non-GM.\",\"potentialAction\":[{\"@type\":\"SearchAction\",\"target\":{\"@type\":\"EntryPoint\",\"urlTemplate\":\"https:\\\/\\\/www.donausoja.org\\\/de\\\/?s={search_term_string}\"},\"query-input\":{\"@type\":\"PropertyValueSpecification\",\"valueRequired\":true,\"valueName\":\"search_term_string\"}}],\"inLanguage\":\"de\"}]}<\/script>\n<!-- \/ Yoast SEO plugin. -->","yoast_head_json":{"title":"Legume Hub - Donau Soja","description":"Der Legume Hub ist eine mehrsprachige Wissensplattform, die allen, die allen Interessierten Zugang zu Wissen, Erkenntnissen und erfolgreichen Praktiken \u00fcber die gesamte Wertsch\u00f6pfungskette hinweg verschaffen soll.","robots":{"index":"index","follow":"follow","max-snippet":"max-snippet:-1","max-image-preview":"max-image-preview:large","max-video-preview":"max-video-preview:-1"},"canonical":"https:\/\/www.donausoja.org\/de\/legume-hub\/","og_locale":"de_DE","og_type":"article","og_title":"Legume Hub - Donau Soja","og_description":"Der Legume Hub ist eine mehrsprachige Wissensplattform, die allen, die allen Interessierten Zugang zu Wissen, Erkenntnissen und erfolgreichen Praktiken \u00fcber die gesamte Wertsch\u00f6pfungskette hinweg verschaffen soll.","og_url":"https:\/\/www.donausoja.org\/de\/legume-hub\/","og_site_name":"Donau Soja","article_modified_time":"2025-05-27T09:43:55+00:00","og_image":[{"width":498,"height":648,"url":"https:\/\/www.donausoja.org\/wp-content\/uploads\/2021\/12\/legume-hub-Foto.png","type":"image\/png"}],"twitter_card":"summary_large_image","twitter_misc":{"Gesch\u00e4tzte Lesezeit":"2\u00a0Minuten"},"schema":{"@context":"https:\/\/schema.org","@graph":[{"@type":"WebPage","@id":"https:\/\/www.donausoja.org\/de\/legume-hub\/","url":"https:\/\/www.donausoja.org\/de\/legume-hub\/","name":"Legume Hub - Donau Soja","isPartOf":{"@id":"https:\/\/www.donausoja.org\/de\/#website"},"primaryImageOfPage":{"@id":"https:\/\/www.donausoja.org\/de\/legume-hub\/#primaryimage"},"image":{"@id":"https:\/\/www.donausoja.org\/de\/legume-hub\/#primaryimage"},"thumbnailUrl":"https:\/\/www.donausoja.org\/wp-content\/uploads\/2021\/12\/legume-hub-Foto.png","datePublished":"2024-05-21T12:27:03+00:00","dateModified":"2025-05-27T09:43:55+00:00","description":"Der Legume Hub ist eine mehrsprachige Wissensplattform, die allen, die allen Interessierten Zugang zu Wissen, Erkenntnissen und erfolgreichen Praktiken \u00fcber die gesamte Wertsch\u00f6pfungskette hinweg verschaffen soll.","breadcrumb":{"@id":"https:\/\/www.donausoja.org\/de\/legume-hub\/#breadcrumb"},"inLanguage":"de","potentialAction":[{"@type":"ReadAction","target":["https:\/\/www.donausoja.org\/de\/legume-hub\/"]}]},{"@type":"ImageObject","inLanguage":"de","@id":"https:\/\/www.donausoja.org\/de\/legume-hub\/#primaryimage","url":"https:\/\/www.donausoja.org\/wp-content\/uploads\/2021\/12\/legume-hub-Foto.png","contentUrl":"https:\/\/www.donausoja.org\/wp-content\/uploads\/2021\/12\/legume-hub-Foto.png","width":498,"height":648},{"@type":"BreadcrumbList","@id":"https:\/\/www.donausoja.org\/de\/legume-hub\/#breadcrumb","itemListElement":[{"@type":"ListItem","position":1,"name":"Home","item":"https:\/\/www.donausoja.org\/de\/"},{"@type":"ListItem","position":2,"name":"Legume Hub"}]},{"@type":"WebSite","@id":"https:\/\/www.donausoja.org\/de\/#website","url":"https:\/\/www.donausoja.org\/de\/","name":"Donau Soja","description":"Together for a European Protein Supply: Regional. Sustainable. Non-GM.","potentialAction":[{"@type":"SearchAction","target":{"@type":"EntryPoint","urlTemplate":"https:\/\/www.donausoja.org\/de\/?s={search_term_string}"},"query-input":{"@type":"PropertyValueSpecification","valueRequired":true,"valueName":"search_term_string"}}],"inLanguage":"de"}]}},"_links":{"self":[{"href":"https:\/\/www.donausoja.org\/de\/wp-json\/wp\/v2\/pages\/43374","targetHints":{"allow":["GET"]}}],"collection":[{"href":"https:\/\/www.donausoja.org\/de\/wp-json\/wp\/v2\/pages"}],"about":[{"href":"https:\/\/www.donausoja.org\/de\/wp-json\/wp\/v2\/types\/page"}],"author":[{"embeddable":true,"href":"https:\/\/www.donausoja.org\/de\/wp-json\/wp\/v2\/users\/19"}],"replies":[{"embeddable":true,"href":"https:\/\/www.donausoja.org\/de\/wp-json\/wp\/v2\/comments?post=43374"}],"version-history":[{"count":8,"href":"https:\/\/www.donausoja.org\/de\/wp-json\/wp\/v2\/pages\/43374\/revisions"}],"predecessor-version":[{"id":58447,"href":"https:\/\/www.donausoja.org\/de\/wp-json\/wp\/v2\/pages\/43374\/revisions\/58447"}],"wp:featuredmedia":[{"embeddable":true,"href":"https:\/\/www.donausoja.org\/de\/wp-json\/wp\/v2\/media\/97"}],"wp:attachment":[{"href":"https:\/\/www.donausoja.org\/de\/wp-json\/wp\/v2\/media?parent=43374"}],"curies":[{"name":"wp","href":"https:\/\/api.w.org\/{rel}","templated":true}]}}