
{"id":40699,"date":"2024-03-25T13:33:19","date_gmt":"2024-03-25T13:33:19","guid":{"rendered":"https:\/\/www.donausoja.org\/?page_id=40699"},"modified":"2024-04-02T10:27:54","modified_gmt":"2024-04-02T10:27:54","slug":"qssojaplus-pastusplus-anerkennung","status":"publish","type":"page","link":"https:\/\/www.donausoja.org\/de\/qssojaplus-pastusplus-anerkennung\/","title":{"rendered":"QS &#8211; Pastus Recognition"},"content":{"rendered":"<p>[et_pb_section fb_built=&#8221;1&#8243; _builder_version=&#8221;4.16&#8243; _module_preset=&#8221;default&#8221; background_color=&#8221;RGBA(255,255,255,0)&#8221; custom_padding=&#8221;||0px|||&#8221; da_disable_devices=&#8221;off|off|off&#8221; locked=&#8221;off&#8221; global_colors_info=&#8221;{}&#8221; da_is_popup=&#8221;off&#8221; da_exit_intent=&#8221;off&#8221; da_has_close=&#8221;on&#8221; da_alt_close=&#8221;off&#8221; da_dark_close=&#8221;off&#8221; da_not_modal=&#8221;on&#8221; da_is_singular=&#8221;off&#8221; da_with_loader=&#8221;off&#8221; da_has_shadow=&#8221;on&#8221;][et_pb_row _builder_version=&#8221;4.16&#8243; _module_preset=&#8221;default&#8221; custom_padding=&#8221;130px|||||&#8221; global_colors_info=&#8221;{}&#8221;][et_pb_column type=&#8221;4_4&#8243; _builder_version=&#8221;4.16&#8243; _module_preset=&#8221;default&#8221; global_colors_info=&#8221;{}&#8221;][et_pb_text _builder_version=&#8221;4.21.0&#8243; _module_preset=&#8221;77a7a6a5-6cba-4e24-a8d7-1992b0adbe08&#8243; header_font=&#8221;Ubuntu|700|||||||&#8221; global_colors_info=&#8221;{}&#8221;]<\/p>\n<section class=\"elementor-section elementor-top-section elementor-element elementor-element-87ac4cf elementor-section-height-min-height elementor-section-items-bottom elementor-section-boxed elementor-section-height-default\" data-id=\"87ac4cf\" data-element_type=\"section\">\n<div class=\"elementor-container elementor-column-gap-default\">\n<div class=\"elementor-row\">\n<div class=\"elementor-column elementor-col-100 elementor-top-column elementor-element elementor-element-43eb478\" data-id=\"43eb478\" data-element_type=\"column\">\n<div class=\"elementor-column-wrap elementor-element-populated\">\n<div class=\"elementor-widget-wrap\">\n<div class=\"elementor-element elementor-element-d918ba3 elementor-widget elementor-widget-heading elementor-motion-effects-parent animated fadeInUp\" data-id=\"d918ba3\" data-element_type=\"widget\" data-settings=\"{&quot;motion_fx_motion_fx_scrolling&quot;:&quot;yes&quot;,&quot;motion_fx_opacity_effect&quot;:&quot;yes&quot;,&quot;motion_fx_opacity_direction&quot;:&quot;in-out&quot;,&quot;motion_fx_opacity_range&quot;:{&quot;unit&quot;:&quot;%&quot;,&quot;size&quot;:&quot;&quot;,&quot;sizes&quot;:{&quot;start&quot;:74,&quot;end&quot;:90}},&quot;_animation&quot;:&quot;fadeInUp&quot;,&quot;motion_fx_opacity_level&quot;:{&quot;unit&quot;:&quot;px&quot;,&quot;size&quot;:10,&quot;sizes&quot;:[]},&quot;motion_fx_devices&quot;:[&quot;desktop&quot;,&quot;tablet&quot;,&quot;mobile&quot;]}\" data-widget_type=\"heading.default\">\n<h1 class=\"elementor-widget-container elementor-motion-effects-element\">Anerkennung von Donau Soja und Europe Soya bei QS-Soja-Plus und AMA pastus+<\/h1>\n<\/div>\n<\/div>\n<\/div>\n<\/div>\n<\/div>\n<\/div>\n<\/section>\n<section class=\"elementor-section elementor-top-section elementor-element elementor-element-f38ee70 elementor-section-boxed elementor-section-height-default elementor-section-height-default\" data-id=\"f38ee70\" data-element_type=\"section\" data-settings=\"{&quot;background_background&quot;:&quot;classic&quot;}\">\n<div class=\"elementor-container elementor-column-gap-default\">\n<div class=\"elementor-row\">\n<div class=\"elementor-column elementor-col-50 elementor-top-column elementor-element elementor-element-7167e9f\" data-id=\"7167e9f\" data-element_type=\"column\" data-settings=\"{&quot;background_background&quot;:&quot;classic&quot;}\">\n<div class=\"elementor-column-wrap elementor-element-populated\">\n<div class=\"elementor-widget-wrap\">\n<div class=\"elementor-element elementor-element-0cc1ca1 elementor-widget elementor-widget-text-editor\" data-id=\"0cc1ca1\" data-element_type=\"widget\" data-widget_type=\"text-editor.default\">\n<div class=\"elementor-widget-container\">\n<div class=\"elementor-text-editor elementor-clearfix\"><\/div>\n<\/div>\n<\/div>\n<\/div>\n<\/div>\n<\/div>\n<\/div>\n<\/div>\n<\/section>\n<p>[\/et_pb_text][\/et_pb_column][\/et_pb_row][\/et_pb_section][et_pb_section fb_built=&#8221;1&#8243; _builder_version=&#8221;4.16&#8243; _module_preset=&#8221;default&#8221; background_color=&#8221;#C5DB9B&#8221; min_height=&#8221;278.4px&#8221; custom_padding=&#8221;14px||17px|||&#8221; da_disable_devices=&#8221;off|off|off&#8221; global_colors_info=&#8221;{}&#8221; da_is_popup=&#8221;off&#8221; da_exit_intent=&#8221;off&#8221; da_has_close=&#8221;on&#8221; da_alt_close=&#8221;off&#8221; da_dark_close=&#8221;off&#8221; da_not_modal=&#8221;on&#8221; da_is_singular=&#8221;off&#8221; da_with_loader=&#8221;off&#8221; da_has_shadow=&#8221;on&#8221;][et_pb_row column_structure=&#8221;1_2,1_2&#8243; _builder_version=&#8221;4.21.0&#8243; _module_preset=&#8221;default&#8221; background_color=&#8221;#FFFFFF&#8221; min_height=&#8221;204px&#8221; custom_margin=&#8221;|auto|-3px|auto||&#8221; custom_padding=&#8221;||1px|||&#8221; global_colors_info=&#8221;{}&#8221;][et_pb_column type=&#8221;1_2&#8243; _builder_version=&#8221;4.16&#8243; _module_preset=&#8221;default&#8221; global_colors_info=&#8221;{}&#8221;][et_pb_text _builder_version=&#8221;4.21.0&#8243; _module_preset=&#8221;77a7a6a5-6cba-4e24-a8d7-1992b0adbe08&#8243; width=&#8221;100%&#8221; min_height=&#8221;232.6px&#8221; custom_margin=&#8221;-20px|-21px|0px||false|false&#8221; custom_padding=&#8221;20px|8px|0px|20px|false|false&#8221; custom_padding_phone=&#8221;20px|8px|4px|20px|false|false&#8221; global_colors_info=&#8221;{}&#8221;]<\/p>\n<p>Seit dem 1. Januar 2024 ist es f\u00fcr Futtermittelhersteller und -h\u00e4ndler im Rahmen der Systeme QS-Soja-Plus und AMA pastus+ verpflichtend, ausschlie\u00dflich Soja zu verwenden, das nachhaltig zertifiziert und frei von Entwaldung sowie Landumwandlung ist. QS und AMA haben eine Reihe von Nachhaltigkeitsstandards definiert, die akzeptiert werden. Beide Systeme setzen dabei aufgrund der gegenseitigen Anerkennung dieselben Anforderungen und Zeitrahmen f\u00fcr ihre Umsetzung.<\/p>\n<p>Um die volle Verf\u00fcgbarkeit von nachhaltig zertifiziertem Soja auf dem europ\u00e4ischen Markt zu gew\u00e4hrleisten, werden bis zum 31. Dezember 2025 verschiedene Book &amp; Claim (B&amp;C) Optionen anerkannt. Dies bedeutet, dass bis zu diesem Zeitpunkt das verwendete Soja nicht zwingend physisch zertifiziert sein muss, sondern durch das Claiming-Verfahren ausgeglichen werden kann.<\/p>\n<p style=\"text-align: justify;\">\n<p style=\"text-align: justify;\"><span><\/span><\/p>\n<p>[\/et_pb_text][\/et_pb_column][et_pb_column type=&#8221;1_2&#8243; _builder_version=&#8221;4.16&#8243; _module_preset=&#8221;default&#8221; global_colors_info=&#8221;{}&#8221;][et_pb_image src=&#8221;https:\/\/www.donausoja.org\/wp-content\/uploads\/2022\/02\/QS_Relaunch_Logo_rgb_L_RZ-scaled-1.jpg&#8221; _builder_version=&#8221;4.21.0&#8243; _module_preset=&#8221;default&#8221; width=&#8221;81.7%&#8221; custom_padding=&#8221;|151px||47px||&#8221; global_colors_info=&#8221;{}&#8221;][\/et_pb_image][et_pb_image src=&#8221;https:\/\/www.donausoja.org\/wp-content\/uploads\/2024\/02\/Logo_fur-Text_transparent.png&#8221; _builder_version=&#8221;4.21.0&#8243; _module_preset=&#8221;default&#8221; width=&#8221;81.7%&#8221; custom_padding=&#8221;|151px||47px||&#8221; global_colors_info=&#8221;{}&#8221;][\/et_pb_image][\/et_pb_column][\/et_pb_row][\/et_pb_section][et_pb_section fb_built=&#8221;1&#8243; _builder_version=&#8221;4.21.0&#8243; _module_preset=&#8221;default&#8221; background_color=&#8221;#C5DB9B&#8221; width=&#8221;100%&#8221; min_height=&#8221;223px&#8221; custom_margin=&#8221;||-6px|||&#8221; custom_padding=&#8221;30px||42px|||&#8221; da_disable_devices=&#8221;off|off|off&#8221; global_colors_info=&#8221;{}&#8221; da_is_popup=&#8221;off&#8221; da_exit_intent=&#8221;off&#8221; da_has_close=&#8221;on&#8221; da_alt_close=&#8221;off&#8221; da_dark_close=&#8221;off&#8221; da_not_modal=&#8221;on&#8221; da_is_singular=&#8221;off&#8221; da_with_loader=&#8221;off&#8221; da_has_shadow=&#8221;on&#8221;][et_pb_row _builder_version=&#8221;4.16&#8243; _module_preset=&#8221;default&#8221; background_color=&#8221;#ffffff&#8221; min_height=&#8221;0px&#8221; custom_margin=&#8221;|auto|-3px|auto||&#8221; custom_padding=&#8221;2px||0px|||&#8221; global_colors_info=&#8221;{}&#8221;][et_pb_column type=&#8221;4_4&#8243; _builder_version=&#8221;4.16&#8243; _module_preset=&#8221;default&#8221; global_colors_info=&#8221;{}&#8221;][et_pb_text _builder_version=&#8221;4.21.0&#8243; _module_preset=&#8221;97a49757-9877-47ea-b480-aa7742502928&#8243; min_height=&#8221;172.2px&#8221; custom_margin=&#8221;||-2px||false|false&#8221; custom_padding=&#8221;20px|20px|0px|20px|false|false&#8221; global_colors_info=&#8221;{}&#8221;]<\/p>\n<p><strong>Unterschied zur EU-Entwaldungsverordnung (EUDR) <\/strong><span data-ccp-props=\"{&quot;201341983&quot;:0,&quot;335559739&quot;:0,&quot;335559740&quot;:240}\"><\/span><\/p>\n<p><span data-contrast=\"auto\"><\/span>Die Programme QS-Soja-Plus und AMA pastus+ gehen bewusst \u00fcber die Anforderungen der EUDR hinaus, indem sie eine Zertifizierung f\u00fcr Soja fordern, die nachweist, dass das Soja ohne Entwaldung und ohne Landumwandlung produziert wurde. Die EUDR verlangt keine solche Zertifizierung und bezieht sich lediglich auf die Entwaldungsfreiheit, nicht aber auf Landumwandlungsfreiheit. Folglich ist Soja, das den gesetzlichen Anforderungen der EUDR entspricht, nicht automatisch auch von QS-Soja-Plus und AMA pastus+ anerkannt.<\/p>\n<p><span data-contrast=\"auto\"><\/span><\/p>\n<p>[\/et_pb_text][\/et_pb_column][\/et_pb_row][\/et_pb_section][et_pb_section fb_built=&#8221;1&#8243; _builder_version=&#8221;4.16&#8243; _module_preset=&#8221;default&#8221; background_color=&#8221;#C5DB9B&#8221; min_height=&#8221;591.6px&#8221; custom_margin=&#8221;1px||-2px|||&#8221; custom_padding=&#8221;24px||52px|||&#8221; da_disable_devices=&#8221;off|off|off&#8221; global_colors_info=&#8221;{}&#8221; da_is_popup=&#8221;off&#8221; da_exit_intent=&#8221;off&#8221; da_has_close=&#8221;on&#8221; da_alt_close=&#8221;off&#8221; da_dark_close=&#8221;off&#8221; da_not_modal=&#8221;on&#8221; da_is_singular=&#8221;off&#8221; da_with_loader=&#8221;off&#8221; da_has_shadow=&#8221;on&#8221;][et_pb_row _builder_version=&#8221;4.16&#8243; _module_preset=&#8221;default&#8221; background_color=&#8221;#F6F1E8&#8243; custom_margin=&#8221;|auto|-23px|auto||&#8221; custom_padding=&#8221;||0px|||&#8221; global_colors_info=&#8221;{}&#8221;][et_pb_column type=&#8221;4_4&#8243; _builder_version=&#8221;4.16&#8243; _module_preset=&#8221;default&#8221; global_colors_info=&#8221;{}&#8221;][et_pb_text _builder_version=&#8221;4.21.0&#8243; _module_preset=&#8221;77a7a6a5-6cba-4e24-a8d7-1992b0adbe08&#8243; min_height=&#8221;319.8px&#8221; custom_padding=&#8221;20px|27px||20px|false|false&#8221; global_colors_info=&#8221;{}&#8221;]<\/p>\n<p><strong>Anerkennung von Donau Soja und Europe Soya<br \/><\/strong><\/p>\n<p>Sowohl Donau Soja als auch Europe Soya erf\u00fcllen die Kriterien f\u00fcr den Anbau und die Lieferkette von QS-Soja-Plus und AMA pastus+ und sind als physische Zertifizierungsoption von beiden Systemen anerkannt.<\/p>\n<p>Die <a href=\"https:\/\/www.donausoja.org\/de\/landwirtschaft\/protein-partnership\/\" target=\"_blank\" rel=\"noopener\" title=\"Donau Soja Protein Partnerschaften\">Donau Soja Protein Partnerschaften<\/a>\u00a0 sind bis Ende 2025 als B&amp;C-Option bei beiden Systemen anerkannt. Ein wesentlicher Vorteil der Protein Partnerschaften als B&amp;C Option besteht darin, dass sie die Verf\u00fcgbarkeit von physisch zertifiziertem Soja auf dem europ\u00e4ischen Markt erh\u00f6hen. Als Teil einer Protein Partnerschaft wird die Zertifizierung von Landwirten, v.a. in europ\u00e4ischen nicht-EU L\u00e4ndern, sowie der Ersterfasser finanziert. Dadurch entstehen neue zertifizierte Soja-Mengen und der erste Schritt zur physisch-zertifizierten Lieferkette wird gegangen.<\/p>\n<p>Dies bietet Unternehmen eine Win-Win-M\u00f6glichkeit: Die \u00fcber die Protein Partnerschaften produzierten Sojamengen k\u00f6nnen im ersten Jahr als B&amp;C-Option genutzt werden und stehen im darauffolgenden Jahr als zus\u00e4tzliche zertifizierte, von QS-Soja-Plus und AMA pastus+ akzeptierte Sojamengen dem Markt zur Verf\u00fcgung.<\/p>\n<p>[\/et_pb_text][\/et_pb_column][\/et_pb_row][et_pb_row _builder_version=&#8221;4.16&#8243; _module_preset=&#8221;default&#8221; background_color=&#8221;#F6F1E8&#8243; custom_margin=&#8221;|auto|-23px|auto||&#8221; custom_padding=&#8221;3px||0px|||&#8221; global_colors_info=&#8221;{}&#8221;][et_pb_column type=&#8221;4_4&#8243; _builder_version=&#8221;4.16&#8243; _module_preset=&#8221;default&#8221; global_colors_info=&#8221;{}&#8221;][et_pb_text _builder_version=&#8221;4.21.0&#8243; _module_preset=&#8221;77a7a6a5-6cba-4e24-a8d7-1992b0adbe08&#8243; min_height=&#8221;143.8px&#8221; custom_margin=&#8221;-2px||20px||false|false&#8221; custom_padding=&#8221;20px|29px||20px|false|false&#8221; global_colors_info=&#8221;{}&#8221;]<\/p>\n<p><strong>Bio-Soja Kombi-Zertifizierung<br \/><\/strong><\/p>\n<p><span data-contrast=\"auto\"><\/span>Bio-Standards wie das EU-Bio-Siegel sind von QS und AMA pastus+ nicht anerkannt, da diese Entwaldung und Landumwandlung nicht ausschlie\u00dfen. Aus diesem Grund hat Donau Soja eine Kombi-Zertifizierung ins Leben gerufen. Diese erm\u00f6glicht Bio-Betrieben mit geringem Mehraufwand weiterhin in das QS- und AMA pastus+-System zu liefern. <\/p>\n<p>[\/et_pb_text][\/et_pb_column][\/et_pb_row][\/et_pb_section][et_pb_section fb_built=&#8221;1&#8243; _builder_version=&#8221;4.16&#8243; _module_preset=&#8221;default&#8221; background_color=&#8221;#F6F1E8&#8243; width=&#8221;100%&#8221; min_height=&#8221;402.2px&#8221; custom_margin=&#8221;||-6px|||&#8221; custom_padding=&#8221;36px||26px|||&#8221; da_disable_devices=&#8221;off|off|off&#8221; global_colors_info=&#8221;{}&#8221; da_is_popup=&#8221;off&#8221; da_exit_intent=&#8221;off&#8221; da_has_close=&#8221;on&#8221; da_alt_close=&#8221;off&#8221; da_dark_close=&#8221;off&#8221; da_not_modal=&#8221;on&#8221; da_is_singular=&#8221;off&#8221; da_with_loader=&#8221;off&#8221; da_has_shadow=&#8221;on&#8221;][et_pb_row _builder_version=&#8221;4.16&#8243; _module_preset=&#8221;default&#8221; background_color=&#8221;#ffffff&#8221; min_height=&#8221;0px&#8221; custom_margin=&#8221;|auto|-3px|auto||&#8221; custom_padding=&#8221;0px||0px|||&#8221; global_colors_info=&#8221;{}&#8221;][et_pb_column type=&#8221;4_4&#8243; _builder_version=&#8221;4.16&#8243; _module_preset=&#8221;default&#8221; global_colors_info=&#8221;{}&#8221;][et_pb_text _builder_version=&#8221;4.21.0&#8243; _module_preset=&#8221;97a49757-9877-47ea-b480-aa7742502928&#8243; min_height=&#8221;172.2px&#8221; custom_margin=&#8221;||-2px||false|false&#8221; custom_padding=&#8221;20px|20px|0px|20px|false|false&#8221; hover_enabled=&#8221;0&#8243; global_colors_info=&#8221;{}&#8221; sticky_enabled=&#8221;0&#8243;]<\/p>\n<p><strong>Fazit<\/strong><\/p>\n<p>Donau Soja und Europe Soya Standrads helfen Betrieben bei der Einhaltung gesetzlicher Anforderungen wie der EUDR und \u00f6ffnen den Zugang zu wichtigen M\u00e4rkten in Deutschland, \u00d6sterreich und dar\u00fcber hinaus, die nachhaltige Zertifizierungen voraussetzen.<\/p>\n<p>Weitere Infos zur Implementierung von QS-Soja-Plus finden Sie in unserem <a title=\"Informationsschreiben.\" href=\"https:\/\/www.donausoja.org\/wp-content\/uploads\/2024\/02\/QS-Sojaplus-Anforderungen_31012024_EN.pdf\" target=\"_blank\" rel=\"noopener\">Informationsschreiben.<\/a><\/p>\n<p>&nbsp;<\/p>\n<p>&nbsp;<\/p>\n<p><strong>Kontakt<\/strong><\/p>\n<p><span data-contrast=\"auto\">Bei weiteren Fragen zur Einhaltung von Nachhaltigkeitskriterien und zu unseren Protein Partnerschaften, melden Sie sich gerne unter: <\/span><a href=\"mailto:standard@donausoja.org\"><span data-contrast=\"none\">standard@donausoja.org<\/span><\/a><span data-ccp-props=\"{&quot;201341983&quot;:0,&quot;335559739&quot;:0,&quot;335559740&quot;:240}\">\u00a0<\/span><\/p>\n<p>&nbsp;<\/p>\n<p>[\/et_pb_text][\/et_pb_column][\/et_pb_row][\/et_pb_section][et_pb_section fb_built=&#8221;1&#8243; _builder_version=&#8221;4.21.0&#8243; _module_preset=&#8221;default&#8221; background_color=&#8221;RGBA(255,255,255,0)&#8221; min_height=&#8221;51px&#8221; custom_margin=&#8221;1px|||||&#8221; custom_padding=&#8221;24px||0px|||&#8221; da_disable_devices=&#8221;off|off|off&#8221; global_colors_info=&#8221;{}&#8221; da_is_popup=&#8221;off&#8221; da_exit_intent=&#8221;off&#8221; da_has_close=&#8221;on&#8221; da_alt_close=&#8221;off&#8221; da_dark_close=&#8221;off&#8221; da_not_modal=&#8221;on&#8221; da_is_singular=&#8221;off&#8221; da_with_loader=&#8221;off&#8221; da_has_shadow=&#8221;on&#8221;][\/et_pb_section]<\/p>\n","protected":false},"excerpt":{"rendered":"<p>Anerkennung von Donau Soja und Europe Soya bei QS-Soja-Plus und AMA pastus+ Seit dem 1. Januar 2024 ist es f\u00fcr Futtermittelhersteller und -h\u00e4ndler im Rahmen der Systeme QS-Soja-Plus und AMA pastus+ verpflichtend, ausschlie\u00dflich Soja zu verwenden, das nachhaltig zertifiziert und frei von Entwaldung sowie Landumwandlung ist. QS und AMA haben eine Reihe von Nachhaltigkeitsstandards definiert, [&hellip;]<\/p>\n","protected":false},"author":19,"featured_media":0,"parent":0,"menu_order":0,"comment_status":"closed","ping_status":"closed","template":"","meta":{"_et_pb_use_builder":"on","_et_pb_old_content":"","_et_gb_content_width":"","footnotes":""},"class_list":["post-40699","page","type-page","status-publish","hentry"],"yoast_head":"<!-- This site is optimized with the Yoast SEO plugin v27.4 - https:\/\/yoast.com\/product\/yoast-seo-wordpress\/ -->\n<title>QS - Pastus Recognition - Donau Soja<\/title>\n<meta name=\"robots\" content=\"index, follow, max-snippet:-1, max-image-preview:large, max-video-preview:-1\" \/>\n<link rel=\"canonical\" href=\"https:\/\/www.donausoja.org\/de\/qssojaplus-pastusplus-anerkennung\/\" \/>\n<meta property=\"og:locale\" content=\"de_DE\" \/>\n<meta property=\"og:type\" content=\"article\" \/>\n<meta property=\"og:title\" content=\"QS - Pastus Recognition - Donau Soja\" \/>\n<meta property=\"og:description\" content=\"Anerkennung von Donau Soja und Europe Soya bei QS-Soja-Plus und AMA pastus+ Seit dem 1. Januar 2024 ist es f\u00fcr Futtermittelhersteller und -h\u00e4ndler im Rahmen der Systeme QS-Soja-Plus und AMA pastus+ verpflichtend, ausschlie\u00dflich Soja zu verwenden, das nachhaltig zertifiziert und frei von Entwaldung sowie Landumwandlung ist. QS und AMA haben eine Reihe von Nachhaltigkeitsstandards definiert, [&hellip;]\" \/>\n<meta property=\"og:url\" content=\"https:\/\/www.donausoja.org\/de\/qssojaplus-pastusplus-anerkennung\/\" \/>\n<meta property=\"og:site_name\" content=\"Donau Soja\" \/>\n<meta property=\"article:modified_time\" content=\"2024-04-02T10:27:54+00:00\" \/>\n<meta name=\"twitter:card\" content=\"summary_large_image\" \/>\n<meta name=\"twitter:label1\" content=\"Gesch\u00e4tzte Lesezeit\" \/>\n\t<meta name=\"twitter:data1\" content=\"3\u00a0Minuten\" \/>\n<script type=\"application\/ld+json\" class=\"yoast-schema-graph\">{\"@context\":\"https:\\\/\\\/schema.org\",\"@graph\":[{\"@type\":\"WebPage\",\"@id\":\"https:\\\/\\\/www.donausoja.org\\\/de\\\/qssojaplus-pastusplus-anerkennung\\\/\",\"url\":\"https:\\\/\\\/www.donausoja.org\\\/de\\\/qssojaplus-pastusplus-anerkennung\\\/\",\"name\":\"QS - Pastus Recognition - Donau Soja\",\"isPartOf\":{\"@id\":\"https:\\\/\\\/www.donausoja.org\\\/de\\\/#website\"},\"datePublished\":\"2024-03-25T13:33:19+00:00\",\"dateModified\":\"2024-04-02T10:27:54+00:00\",\"breadcrumb\":{\"@id\":\"https:\\\/\\\/www.donausoja.org\\\/de\\\/qssojaplus-pastusplus-anerkennung\\\/#breadcrumb\"},\"inLanguage\":\"de\",\"potentialAction\":[{\"@type\":\"ReadAction\",\"target\":[\"https:\\\/\\\/www.donausoja.org\\\/de\\\/qssojaplus-pastusplus-anerkennung\\\/\"]}]},{\"@type\":\"BreadcrumbList\",\"@id\":\"https:\\\/\\\/www.donausoja.org\\\/de\\\/qssojaplus-pastusplus-anerkennung\\\/#breadcrumb\",\"itemListElement\":[{\"@type\":\"ListItem\",\"position\":1,\"name\":\"Home\",\"item\":\"https:\\\/\\\/www.donausoja.org\\\/de\\\/\"},{\"@type\":\"ListItem\",\"position\":2,\"name\":\"QS &#8211; Pastus Recognition\"}]},{\"@type\":\"WebSite\",\"@id\":\"https:\\\/\\\/www.donausoja.org\\\/de\\\/#website\",\"url\":\"https:\\\/\\\/www.donausoja.org\\\/de\\\/\",\"name\":\"Donau Soja\",\"description\":\"Together for a European Protein Supply: Regional. Sustainable. Non-GM.\",\"potentialAction\":[{\"@type\":\"SearchAction\",\"target\":{\"@type\":\"EntryPoint\",\"urlTemplate\":\"https:\\\/\\\/www.donausoja.org\\\/de\\\/?s={search_term_string}\"},\"query-input\":{\"@type\":\"PropertyValueSpecification\",\"valueRequired\":true,\"valueName\":\"search_term_string\"}}],\"inLanguage\":\"de\"}]}<\/script>\n<!-- \/ Yoast SEO plugin. -->","yoast_head_json":{"title":"QS - Pastus Recognition - Donau Soja","robots":{"index":"index","follow":"follow","max-snippet":"max-snippet:-1","max-image-preview":"max-image-preview:large","max-video-preview":"max-video-preview:-1"},"canonical":"https:\/\/www.donausoja.org\/de\/qssojaplus-pastusplus-anerkennung\/","og_locale":"de_DE","og_type":"article","og_title":"QS - Pastus Recognition - Donau Soja","og_description":"Anerkennung von Donau Soja und Europe Soya bei QS-Soja-Plus und AMA pastus+ Seit dem 1. Januar 2024 ist es f\u00fcr Futtermittelhersteller und -h\u00e4ndler im Rahmen der Systeme QS-Soja-Plus und AMA pastus+ verpflichtend, ausschlie\u00dflich Soja zu verwenden, das nachhaltig zertifiziert und frei von Entwaldung sowie Landumwandlung ist. QS und AMA haben eine Reihe von Nachhaltigkeitsstandards definiert, [&hellip;]","og_url":"https:\/\/www.donausoja.org\/de\/qssojaplus-pastusplus-anerkennung\/","og_site_name":"Donau Soja","article_modified_time":"2024-04-02T10:27:54+00:00","twitter_card":"summary_large_image","twitter_misc":{"Gesch\u00e4tzte Lesezeit":"3\u00a0Minuten"},"schema":{"@context":"https:\/\/schema.org","@graph":[{"@type":"WebPage","@id":"https:\/\/www.donausoja.org\/de\/qssojaplus-pastusplus-anerkennung\/","url":"https:\/\/www.donausoja.org\/de\/qssojaplus-pastusplus-anerkennung\/","name":"QS - Pastus Recognition - Donau Soja","isPartOf":{"@id":"https:\/\/www.donausoja.org\/de\/#website"},"datePublished":"2024-03-25T13:33:19+00:00","dateModified":"2024-04-02T10:27:54+00:00","breadcrumb":{"@id":"https:\/\/www.donausoja.org\/de\/qssojaplus-pastusplus-anerkennung\/#breadcrumb"},"inLanguage":"de","potentialAction":[{"@type":"ReadAction","target":["https:\/\/www.donausoja.org\/de\/qssojaplus-pastusplus-anerkennung\/"]}]},{"@type":"BreadcrumbList","@id":"https:\/\/www.donausoja.org\/de\/qssojaplus-pastusplus-anerkennung\/#breadcrumb","itemListElement":[{"@type":"ListItem","position":1,"name":"Home","item":"https:\/\/www.donausoja.org\/de\/"},{"@type":"ListItem","position":2,"name":"QS &#8211; Pastus Recognition"}]},{"@type":"WebSite","@id":"https:\/\/www.donausoja.org\/de\/#website","url":"https:\/\/www.donausoja.org\/de\/","name":"Donau Soja","description":"Together for a European Protein Supply: Regional. Sustainable. Non-GM.","potentialAction":[{"@type":"SearchAction","target":{"@type":"EntryPoint","urlTemplate":"https:\/\/www.donausoja.org\/de\/?s={search_term_string}"},"query-input":{"@type":"PropertyValueSpecification","valueRequired":true,"valueName":"search_term_string"}}],"inLanguage":"de"}]}},"_links":{"self":[{"href":"https:\/\/www.donausoja.org\/de\/wp-json\/wp\/v2\/pages\/40699","targetHints":{"allow":["GET"]}}],"collection":[{"href":"https:\/\/www.donausoja.org\/de\/wp-json\/wp\/v2\/pages"}],"about":[{"href":"https:\/\/www.donausoja.org\/de\/wp-json\/wp\/v2\/types\/page"}],"author":[{"embeddable":true,"href":"https:\/\/www.donausoja.org\/de\/wp-json\/wp\/v2\/users\/19"}],"replies":[{"embeddable":true,"href":"https:\/\/www.donausoja.org\/de\/wp-json\/wp\/v2\/comments?post=40699"}],"version-history":[{"count":10,"href":"https:\/\/www.donausoja.org\/de\/wp-json\/wp\/v2\/pages\/40699\/revisions"}],"predecessor-version":[{"id":41274,"href":"https:\/\/www.donausoja.org\/de\/wp-json\/wp\/v2\/pages\/40699\/revisions\/41274"}],"wp:attachment":[{"href":"https:\/\/www.donausoja.org\/de\/wp-json\/wp\/v2\/media?parent=40699"}],"curies":[{"name":"wp","href":"https:\/\/api.w.org\/{rel}","templated":true}]}}