
{"id":38093,"date":"2024-02-13T09:12:47","date_gmt":"2024-02-13T09:12:47","guid":{"rendered":"https:\/\/www.donausoja.org\/regional-climate-partnerships\/"},"modified":"2024-03-19T14:09:41","modified_gmt":"2024-03-19T14:09:41","slug":"regional-climate-partnerships","status":"publish","type":"page","link":"https:\/\/www.donausoja.org\/de\/regional-climate-partnerships\/","title":{"rendered":"Regional Climate Partnerships"},"content":{"rendered":"<p>[et_pb_section fb_built=&#8221;1&#8243; _builder_version=&#8221;4.16&#8243; _module_preset=&#8221;default&#8221; background_color=&#8221;RGBA(255,255,255,0)&#8221; da_disable_devices=&#8221;off|off|off&#8221; locked=&#8221;off&#8221; global_colors_info=&#8221;{}&#8221; da_is_popup=&#8221;off&#8221; da_exit_intent=&#8221;off&#8221; da_has_close=&#8221;on&#8221; da_alt_close=&#8221;off&#8221; da_dark_close=&#8221;off&#8221; da_not_modal=&#8221;on&#8221; da_is_singular=&#8221;off&#8221; da_with_loader=&#8221;off&#8221; da_has_shadow=&#8221;on&#8221;][et_pb_row _builder_version=&#8221;4.16&#8243; _module_preset=&#8221;default&#8221; custom_padding=&#8221;130px|||||&#8221; global_colors_info=&#8221;{}&#8221;][et_pb_column type=&#8221;4_4&#8243; _builder_version=&#8221;4.16&#8243; _module_preset=&#8221;default&#8221; global_colors_info=&#8221;{}&#8221;][et_pb_text _builder_version=&#8221;4.16&#8243; _module_preset=&#8221;77a7a6a5-6cba-4e24-a8d7-1992b0adbe08&#8243; header_font=&#8221;Ubuntu|700|||||||&#8221; global_colors_info=&#8221;{}&#8221;]<\/p>\n<section class=\"elementor-section elementor-top-section elementor-element elementor-element-87ac4cf elementor-section-height-min-height elementor-section-items-bottom elementor-section-boxed elementor-section-height-default\" data-id=\"87ac4cf\" data-element_type=\"section\">\n<div class=\"elementor-container elementor-column-gap-default\">\n<div class=\"elementor-row\">\n<div class=\"elementor-column elementor-col-100 elementor-top-column elementor-element elementor-element-43eb478\" data-id=\"43eb478\" data-element_type=\"column\">\n<div class=\"elementor-column-wrap elementor-element-populated\">\n<div class=\"elementor-widget-wrap\">\n<div class=\"elementor-element elementor-element-d918ba3 elementor-widget elementor-widget-heading elementor-motion-effects-parent animated fadeInUp\" data-id=\"d918ba3\" data-element_type=\"widget\" data-settings=\"{&quot;motion_fx_motion_fx_scrolling&quot;:&quot;yes&quot;,&quot;motion_fx_opacity_effect&quot;:&quot;yes&quot;,&quot;motion_fx_opacity_direction&quot;:&quot;in-out&quot;,&quot;motion_fx_opacity_range&quot;:{&quot;unit&quot;:&quot;%&quot;,&quot;size&quot;:&quot;&quot;,&quot;sizes&quot;:{&quot;start&quot;:74,&quot;end&quot;:90}},&quot;_animation&quot;:&quot;fadeInUp&quot;,&quot;motion_fx_opacity_level&quot;:{&quot;unit&quot;:&quot;px&quot;,&quot;size&quot;:10,&quot;sizes&quot;:[]},&quot;motion_fx_devices&quot;:[&quot;desktop&quot;,&quot;tablet&quot;,&quot;mobile&quot;]}\" data-widget_type=\"heading.default\">\n<div class=\"elementor-widget-container elementor-motion-effects-element\">\n<h1 class=\"elementor-heading-title elementor-size-xl\">Regionale Klimapartnerschaften<\/h1>\n<\/div>\n<\/div>\n<\/div>\n<\/div>\n<\/div>\n<\/div>\n<\/div>\n<\/section>\n<section class=\"elementor-section elementor-top-section elementor-element elementor-element-f38ee70 elementor-section-boxed elementor-section-height-default elementor-section-height-default\" data-id=\"f38ee70\" data-element_type=\"section\" data-settings=\"{&quot;background_background&quot;:&quot;classic&quot;}\">\n<div class=\"elementor-container elementor-column-gap-default\">\n<div class=\"elementor-row\">\n<div class=\"elementor-column elementor-col-50 elementor-top-column elementor-element elementor-element-7167e9f\" data-id=\"7167e9f\" data-element_type=\"column\" data-settings=\"{&quot;background_background&quot;:&quot;classic&quot;}\">\n<div class=\"elementor-column-wrap elementor-element-populated\">\n<div class=\"elementor-widget-wrap\">\n<div class=\"elementor-element elementor-element-0cc1ca1 elementor-widget elementor-widget-text-editor\" data-id=\"0cc1ca1\" data-element_type=\"widget\" data-widget_type=\"text-editor.default\">\n<div class=\"elementor-widget-container\">\n<div class=\"elementor-text-editor elementor-clearfix\"><\/div>\n<\/div>\n<\/div>\n<\/div>\n<\/div>\n<\/div>\n<\/div>\n<\/div>\n<\/section>\n<p>[\/et_pb_text][\/et_pb_column][\/et_pb_row][\/et_pb_section][et_pb_section fb_built=&#8221;1&#8243; _builder_version=&#8221;4.16&#8243; _module_preset=&#8221;default&#8221; background_color=&#8221;#C5DB9B&#8221; min_height=&#8221;716.4px&#8221; custom_padding=&#8221;14px||17px|||&#8221; da_disable_devices=&#8221;off|off|off&#8221; global_colors_info=&#8221;{}&#8221; da_is_popup=&#8221;off&#8221; da_exit_intent=&#8221;off&#8221; da_has_close=&#8221;on&#8221; da_alt_close=&#8221;off&#8221; da_dark_close=&#8221;off&#8221; da_not_modal=&#8221;on&#8221; da_is_singular=&#8221;off&#8221; da_with_loader=&#8221;off&#8221; da_has_shadow=&#8221;on&#8221;][et_pb_row column_structure=&#8221;1_2,1_2&#8243; _builder_version=&#8221;4.16&#8243; _module_preset=&#8221;default&#8221; background_color=&#8221;#F6F1E8&#8243; min_height=&#8221;357px&#8221; custom_margin=&#8221;|auto|41px|auto||&#8221; custom_padding=&#8221;||0px|||&#8221; global_colors_info=&#8221;{}&#8221;][et_pb_column type=&#8221;1_2&#8243; _builder_version=&#8221;4.16&#8243; _module_preset=&#8221;default&#8221; global_colors_info=&#8221;{}&#8221;][et_pb_text _builder_version=&#8221;4.21.0&#8243; _module_preset=&#8221;77a7a6a5-6cba-4e24-a8d7-1992b0adbe08&#8243; width=&#8221;100%&#8221; min_height=&#8221;378.6px&#8221; custom_margin=&#8221;-20px|-21px|1px||false|false&#8221; custom_padding=&#8221;20px|8px||20px|false|false&#8221; global_colors_info=&#8221;{}&#8221;]<\/p>\n<h2><strong>Nachhaltiges Soja aus Europa f\u00fcr Europa<\/strong><span><\/span><\/h2>\n<h2><\/h2>\n<p style=\"text-align: justify;\"><span>Aufgrund seines hohen Proteingehalts wird Sojakuchen h\u00e4ufig als Tierfutter verwendet \u2013 und er kann regional hergestellt werden! Der Sojakuchen ist f\u00fcr die F\u00fctterung von Legehennen aufgrund des Fett- und Eiwei\u00dfverh\u00e4ltnisses ein optimales Futtermittel. Sojakuchen wird auch f\u00fcr Rinder, Zuchtsauen und in der Schweinemast eingesetzt. <\/span><\/p>\n<p style=\"text-align: justify;\"><span>In einer Klimapartnerschaft produzieren LandwirtInnen vor Ort ihr Soja. Sie liefern es an eine \u00d6lm\u00fchle in der Region oder betreiben gemeinsam eine Toastanlage. Auch die Soja-Produkte bleiben in der regionalen Wertsch\u00f6pfungskette: Sie werden auf dem eigenen Hof oder von anderen Betrieben f\u00fcr deren Legehennen oder in der Schweinemast verwendet.<\/span><\/p>\n<p style=\"text-align: justify;\">\n<p style=\"text-align: justify;\"><span><\/span><\/p>\n<p>[\/et_pb_text][\/et_pb_column][et_pb_column type=&#8221;1_2&#8243; _builder_version=&#8221;4.16&#8243; _module_preset=&#8221;default&#8221; global_colors_info=&#8221;{}&#8221;][et_pb_text _builder_version=&#8221;4.21.0&#8243; _module_preset=&#8221;77a7a6a5-6cba-4e24-a8d7-1992b0adbe08&#8243; width=&#8221;100%&#8221; min_height=&#8221;329.6px&#8221; custom_margin=&#8221;-20px|-21px|-261px||false|false&#8221; custom_padding=&#8221;90px|39px||20px|false|false&#8221; global_colors_info=&#8221;{}&#8221;]<\/p>\n<p><span>Der \u00f6sterreichische Legehennensektor ist ein Paradebeispiel f\u00fcr eine regionale Kreislaufwirtschaft: F\u00fcr Eier, die im \u00f6sterreichischen Lebensmitteleinzelhandel verkauft werden, wird ausschlie\u00dflich Donau Soja-Futter verwendet, 57 % der verf\u00fctterten Bohnen stammen von \u00f6sterreichischen Feldern und werden regional verarbeitet (Stand 2019).<\/span><\/p>\n<p style=\"text-align: justify;\"><span>Die ganzheitliche Verwertung der Sojabohne sowie der geschlossene kleinr\u00e4umige regionale Kreislauf sind Konzepte, die mit der Herstellung des Sojakuchens verbunden werden. Das Verfahren dauert circa 30 bis 40 Minuten und gilt als energieeffizient.<\/span><span><\/span><\/p>\n<p style=\"text-align: justify;\"><span><\/span><\/p>\n<p>[\/et_pb_text][\/et_pb_column][\/et_pb_row][et_pb_row _builder_version=&#8221;4.16&#8243; _module_preset=&#8221;default&#8221; background_color=&#8221;#F6F1E8&#8243; min_height=&#8221;496px&#8221; custom_margin=&#8221;-48px|auto|41px|auto||&#8221; custom_padding=&#8221;||0px|||&#8221; global_colors_info=&#8221;{}&#8221;][et_pb_column type=&#8221;4_4&#8243; _builder_version=&#8221;4.16&#8243; _module_preset=&#8221;default&#8221; global_colors_info=&#8221;{}&#8221;][et_pb_image src=&#8221;https:\/\/www.donausoja.org\/wp-content\/uploads\/2024\/02\/Regional-Climate-partnership-4_3-ratio.png&#8221; _builder_version=&#8221;4.21.0&#8243; _module_preset=&#8221;default&#8221; width=&#8221;42%&#8221; module_alignment=&#8221;center&#8221; custom_margin=&#8221;||-3px|79px||&#8221; custom_padding=&#8221;|0px||1px||&#8221; global_colors_info=&#8221;{}&#8221;][\/et_pb_image][et_pb_blurb _builder_version=&#8221;4.21.0&#8243; _module_preset=&#8221;default&#8221; width=&#8221;100%&#8221; min_height=&#8221;85.2px&#8221; custom_padding=&#8221;1px|0px|0px|||&#8221; global_colors_info=&#8221;{}&#8221;]<\/p>\n<p><em><\/em><\/p>\n<p><em>Kleinteilige regionale Soja-Wertsch\u00f6pfungskette. Soja wird regional produziert, vor Ort verarbeitet und als ger\u00f6stete Sojabohnen oder Sojakuchen in der Region verf\u00fcttert.<\/em><\/p>\n<p>[\/et_pb_blurb][\/et_pb_column][\/et_pb_row][\/et_pb_section][et_pb_section fb_built=&#8221;1&#8243; _builder_version=&#8221;4.16&#8243; _module_preset=&#8221;default&#8221; background_color=&#8221;#F6F1E8&#8243; min_height=&#8221;874px&#8221; custom_margin=&#8221;-33px|||||&#8221; custom_padding=&#8221;30px||0px|||&#8221; da_disable_devices=&#8221;off|off|off&#8221; global_colors_info=&#8221;{}&#8221; da_is_popup=&#8221;off&#8221; da_exit_intent=&#8221;off&#8221; da_has_close=&#8221;on&#8221; da_alt_close=&#8221;off&#8221; da_dark_close=&#8221;off&#8221; da_not_modal=&#8221;on&#8221; da_is_singular=&#8221;off&#8221; da_with_loader=&#8221;off&#8221; da_has_shadow=&#8221;on&#8221;][et_pb_row column_structure=&#8221;1_2,1_2&#8243; _builder_version=&#8221;4.16&#8243; _module_preset=&#8221;default&#8221; background_color=&#8221;#ffffff&#8221; custom_margin=&#8221;|auto|-91px|auto||&#8221; custom_padding=&#8221;||0px|||&#8221; global_colors_info=&#8221;{}&#8221;][et_pb_column type=&#8221;1_2&#8243; _builder_version=&#8221;4.16&#8243; _module_preset=&#8221;default&#8221; global_colors_info=&#8221;{}&#8221;][et_pb_text _builder_version=&#8221;4.21.0&#8243; _module_preset=&#8221;97a49757-9877-47ea-b480-aa7742502928&#8243; custom_padding=&#8221;20px|20px||20px|false|false&#8221; global_colors_info=&#8221;{}&#8221;]<\/p>\n<h2><strong>Best Practice Beispiele<br \/><\/strong><\/h2>\n<p>&nbsp;<\/p>\n<p><strong>MH Agrarhandel (Steiermark, \u00d6sterreich)<\/strong><\/p>\n<p style=\"text-align: justify;\"><span>Aufgrund einer weltweiten Verknappung der Versorgung mit gentechnikfreiem Sojaschrot haben sich die Gr\u00fcnderInnen des MH Agrarhandel entschieden, bei der F\u00fctterung ihrer Legehennen seit 2012 regionales Soja zu verwenden. <\/span><\/p>\n<p style=\"text-align: justify;\"><span> Die Sojabohnen werden in der eigenen Toastanlage erhitzt und anschlie\u00dfend gepresst. Der Sojakuchen enth\u00e4lt 45% Rohprotein und etwa 11% Fett.<br \/>Die gef\u00fctterten H\u00fchner und Schweine haben mithilfe dieses Futtermittels hervorragende Leistungen. Die verarbeitete Ware stammt aus etwa zwei Drittel konventioneller Landwirtschaft und ein Drittel biologischer Landwirtschaft. Circa 90% der KundInnen sind LegehennenhalterInnen und circa 10% sind Schweinez\u00fcchterInnen. Das zu verarbeitende konventionelle Soja stammt aus einem 30 km Radius, das biologische Soja aus einem 250 km Radius.<br \/><\/span><\/p>\n<p style=\"text-align: justify;\">\n<p><span>\u00a0<\/span><\/p>\n<p>[\/et_pb_text][\/et_pb_column][et_pb_column type=&#8221;1_2&#8243; _builder_version=&#8221;4.16&#8243; _module_preset=&#8221;default&#8221; global_colors_info=&#8221;{}&#8221;][et_pb_image src=&#8221;https:\/\/www.donausoja.org\/wp-content\/uploads\/2024\/02\/MH-Agrarhandel-\u00a9Heinz-Ramert.png&#8221; _builder_version=&#8221;4.21.0&#8243; _module_preset=&#8221;default&#8221; width=&#8221;81.7%&#8221; custom_padding=&#8221;|||47px||&#8221; global_colors_info=&#8221;{}&#8221;][\/et_pb_image][\/et_pb_column][\/et_pb_row][et_pb_row column_structure=&#8221;1_2,1_2&#8243; _builder_version=&#8221;4.16&#8243; _module_preset=&#8221;default&#8221; background_color=&#8221;#ffffff&#8221; min_height=&#8221;267.6px&#8221; custom_margin=&#8221;60px|auto|-5px|auto||&#8221; global_colors_info=&#8221;{}&#8221;][et_pb_column type=&#8221;1_2&#8243; _builder_version=&#8221;4.16&#8243; _module_preset=&#8221;default&#8221; global_colors_info=&#8221;{}&#8221;][et_pb_text _builder_version=&#8221;4.21.0&#8243; _module_preset=&#8221;97a49757-9877-47ea-b480-aa7742502928&#8243; custom_padding=&#8221;19px|20px||20px|false|false&#8221; global_colors_info=&#8221;{}&#8221;]<\/p>\n<p><strong>Gro\u00dfschedl Ltd. (Steiermark, \u00d6sterreich)<\/strong><\/p>\n<p style=\"text-align: justify;\"><span>Familie Gro\u00dfschedl verarbeitet Donau SojaBohnen von ca. 80 LandwirtInnen aus der Region. Die verarbeiteten Bohnen sind ausschlie\u00dflich Donau Soja zertifiziert. Die Bohnen werden gereinigt, gesch\u00e4lt, zerkleinert, extrudiert und abgepresst. Die Produkte sind Soja\u00f6l und Sojakuchen, wobei der Sojakuchen einen Gehalt von bis zu 48% Rohprotein und 7-10% Fett aufweist. Die verarbeiteten Produkte werden in der Legehennen-, der Junghennenerzeugung und f\u00fcr die Schweinemast verwendet.<\/span><\/p>\n<p>&nbsp;<\/p>\n<p>[\/et_pb_text][\/et_pb_column][et_pb_column type=&#8221;1_2&#8243; _builder_version=&#8221;4.16&#8243; _module_preset=&#8221;default&#8221; global_colors_info=&#8221;{}&#8221;][et_pb_image src=&#8221;https:\/\/www.donausoja.org\/wp-content\/uploads\/2024\/02\/Grosschedl_Mischfutterwerk.jpg&#8221; _builder_version=&#8221;4.21.0&#8243; _module_preset=&#8221;default&#8221; width=&#8221;81.7%&#8221; custom_padding=&#8221;|||47px||&#8221; global_colors_info=&#8221;{}&#8221;][\/et_pb_image][\/et_pb_column][\/et_pb_row][\/et_pb_section][et_pb_section fb_built=&#8221;1&#8243; _builder_version=&#8221;4.16&#8243; _module_preset=&#8221;default&#8221; background_color=&#8221;#C5DB9B&#8221; min_height=&#8221;347.6px&#8221; custom_padding=&#8221;24px||0px|||&#8221; da_disable_devices=&#8221;off|off|off&#8221; global_colors_info=&#8221;{}&#8221; da_is_popup=&#8221;off&#8221; da_exit_intent=&#8221;off&#8221; da_has_close=&#8221;on&#8221; da_alt_close=&#8221;off&#8221; da_dark_close=&#8221;off&#8221; da_not_modal=&#8221;on&#8221; da_is_singular=&#8221;off&#8221; da_with_loader=&#8221;off&#8221; da_has_shadow=&#8221;on&#8221;][et_pb_row _builder_version=&#8221;4.16&#8243; _module_preset=&#8221;default&#8221; background_color=&#8221;#F6F1E8&#8243; custom_margin=&#8221;|auto|-23px|auto||&#8221; custom_padding=&#8221;||0px|||&#8221; global_colors_info=&#8221;{}&#8221;][et_pb_column type=&#8221;4_4&#8243; _builder_version=&#8221;4.16&#8243; _module_preset=&#8221;default&#8221; global_colors_info=&#8221;{}&#8221;][et_pb_text _builder_version=&#8221;4.21.0&#8243; _module_preset=&#8221;77a7a6a5-6cba-4e24-a8d7-1992b0adbe08&#8243; custom_padding=&#8221;20px|||20px|false|false&#8221; global_colors_info=&#8221;{}&#8221;]<\/p>\n<p><strong>Mit Donau Soja zu Regionalen Klimapartnerschaften<\/strong><\/p>\n<p><span>Klimapartner:innen machen sich gemeinsam an den Aufbau einer neuen N\u00e4he: regionaler Anbau, lokale M\u00fchlen und Toastanlagen vor Ort. Zertifiziert, gentechnikfrei, mit eigenem Label. Damit wir sicher sind und uns auf die Qualit\u00e4t verlassen k\u00f6nnen. Gut f\u00fcr uns in Europa. Und auch gut f\u00fcr den Amazonas.<\/span><\/p>\n<p>[\/et_pb_text][et_pb_button button_url=&#8221;https:\/\/www.donausoja.org\/wp-content\/uploads\/2024\/02\/DS_Factsheet_Regionale-Klimapartnerschaften_DE.pdf&#8221; url_new_window=&#8221;on&#8221; button_text=&#8221;Download &#8221; _builder_version=&#8221;4.21.0&#8243; _module_preset=&#8221;default&#8221; custom_button=&#8221;on&#8221; button_icon=&#8221;&#x39;||divi||400&#8243; button_on_hover=&#8221;off&#8221; custom_margin=&#8221;20px||39px|21px|false|false&#8221; global_colors_info=&#8221;{}&#8221;][\/et_pb_button][\/et_pb_column][\/et_pb_row][\/et_pb_section]<\/p>\n","protected":false},"excerpt":{"rendered":"<p>Regionale Klimapartnerschaften Nachhaltiges Soja aus Europa f\u00fcr Europa Aufgrund seines hohen Proteingehalts wird Sojakuchen h\u00e4ufig als Tierfutter verwendet \u2013 und er kann regional hergestellt werden! Der Sojakuchen ist f\u00fcr die F\u00fctterung von Legehennen aufgrund des Fett- und Eiwei\u00dfverh\u00e4ltnisses ein optimales Futtermittel. Sojakuchen wird auch f\u00fcr Rinder, Zuchtsauen und in der Schweinemast eingesetzt. In einer Klimapartnerschaft [&hellip;]<\/p>\n","protected":false},"author":19,"featured_media":0,"parent":0,"menu_order":0,"comment_status":"closed","ping_status":"closed","template":"","meta":{"_et_pb_use_builder":"on","_et_pb_old_content":"","_et_gb_content_width":"","footnotes":""},"class_list":["post-38093","page","type-page","status-publish","hentry"],"yoast_head":"<!-- This site is optimized with the Yoast SEO plugin v27.4 - https:\/\/yoast.com\/product\/yoast-seo-wordpress\/ -->\n<title>Regional Climate Partnerships - Donau Soja<\/title>\n<meta name=\"robots\" content=\"index, follow, max-snippet:-1, max-image-preview:large, max-video-preview:-1\" \/>\n<link rel=\"canonical\" href=\"https:\/\/www.donausoja.org\/de\/regional-climate-partnerships\/\" \/>\n<meta property=\"og:locale\" content=\"de_DE\" \/>\n<meta property=\"og:type\" content=\"article\" \/>\n<meta property=\"og:title\" content=\"Regional Climate Partnerships - Donau Soja\" \/>\n<meta property=\"og:description\" content=\"Regionale Klimapartnerschaften Nachhaltiges Soja aus Europa f\u00fcr Europa Aufgrund seines hohen Proteingehalts wird Sojakuchen h\u00e4ufig als Tierfutter verwendet \u2013 und er kann regional hergestellt werden! Der Sojakuchen ist f\u00fcr die F\u00fctterung von Legehennen aufgrund des Fett- und Eiwei\u00dfverh\u00e4ltnisses ein optimales Futtermittel. Sojakuchen wird auch f\u00fcr Rinder, Zuchtsauen und in der Schweinemast eingesetzt. In einer Klimapartnerschaft [&hellip;]\" \/>\n<meta property=\"og:url\" content=\"https:\/\/www.donausoja.org\/de\/regional-climate-partnerships\/\" \/>\n<meta property=\"og:site_name\" content=\"Donau Soja\" \/>\n<meta property=\"article:modified_time\" content=\"2024-03-19T14:09:41+00:00\" \/>\n<meta name=\"twitter:card\" content=\"summary_large_image\" \/>\n<meta name=\"twitter:label1\" content=\"Gesch\u00e4tzte Lesezeit\" \/>\n\t<meta name=\"twitter:data1\" content=\"4\u00a0Minuten\" \/>\n<script type=\"application\/ld+json\" class=\"yoast-schema-graph\">{\"@context\":\"https:\\\/\\\/schema.org\",\"@graph\":[{\"@type\":\"WebPage\",\"@id\":\"https:\\\/\\\/www.donausoja.org\\\/de\\\/regional-climate-partnerships\\\/\",\"url\":\"https:\\\/\\\/www.donausoja.org\\\/de\\\/regional-climate-partnerships\\\/\",\"name\":\"Regional Climate Partnerships - Donau Soja\",\"isPartOf\":{\"@id\":\"https:\\\/\\\/www.donausoja.org\\\/de\\\/#website\"},\"datePublished\":\"2024-02-13T09:12:47+00:00\",\"dateModified\":\"2024-03-19T14:09:41+00:00\",\"breadcrumb\":{\"@id\":\"https:\\\/\\\/www.donausoja.org\\\/de\\\/regional-climate-partnerships\\\/#breadcrumb\"},\"inLanguage\":\"de\",\"potentialAction\":[{\"@type\":\"ReadAction\",\"target\":[\"https:\\\/\\\/www.donausoja.org\\\/de\\\/regional-climate-partnerships\\\/\"]}]},{\"@type\":\"BreadcrumbList\",\"@id\":\"https:\\\/\\\/www.donausoja.org\\\/de\\\/regional-climate-partnerships\\\/#breadcrumb\",\"itemListElement\":[{\"@type\":\"ListItem\",\"position\":1,\"name\":\"Home\",\"item\":\"https:\\\/\\\/www.donausoja.org\\\/de\\\/\"},{\"@type\":\"ListItem\",\"position\":2,\"name\":\"Regional Climate Partnerships\"}]},{\"@type\":\"WebSite\",\"@id\":\"https:\\\/\\\/www.donausoja.org\\\/de\\\/#website\",\"url\":\"https:\\\/\\\/www.donausoja.org\\\/de\\\/\",\"name\":\"Donau Soja\",\"description\":\"Together for a European Protein Supply: Regional. Sustainable. Non-GM.\",\"potentialAction\":[{\"@type\":\"SearchAction\",\"target\":{\"@type\":\"EntryPoint\",\"urlTemplate\":\"https:\\\/\\\/www.donausoja.org\\\/de\\\/?s={search_term_string}\"},\"query-input\":{\"@type\":\"PropertyValueSpecification\",\"valueRequired\":true,\"valueName\":\"search_term_string\"}}],\"inLanguage\":\"de\"}]}<\/script>\n<!-- \/ Yoast SEO plugin. -->","yoast_head_json":{"title":"Regional Climate Partnerships - Donau Soja","robots":{"index":"index","follow":"follow","max-snippet":"max-snippet:-1","max-image-preview":"max-image-preview:large","max-video-preview":"max-video-preview:-1"},"canonical":"https:\/\/www.donausoja.org\/de\/regional-climate-partnerships\/","og_locale":"de_DE","og_type":"article","og_title":"Regional Climate Partnerships - Donau Soja","og_description":"Regionale Klimapartnerschaften Nachhaltiges Soja aus Europa f\u00fcr Europa Aufgrund seines hohen Proteingehalts wird Sojakuchen h\u00e4ufig als Tierfutter verwendet \u2013 und er kann regional hergestellt werden! Der Sojakuchen ist f\u00fcr die F\u00fctterung von Legehennen aufgrund des Fett- und Eiwei\u00dfverh\u00e4ltnisses ein optimales Futtermittel. Sojakuchen wird auch f\u00fcr Rinder, Zuchtsauen und in der Schweinemast eingesetzt. In einer Klimapartnerschaft [&hellip;]","og_url":"https:\/\/www.donausoja.org\/de\/regional-climate-partnerships\/","og_site_name":"Donau Soja","article_modified_time":"2024-03-19T14:09:41+00:00","twitter_card":"summary_large_image","twitter_misc":{"Gesch\u00e4tzte Lesezeit":"4\u00a0Minuten"},"schema":{"@context":"https:\/\/schema.org","@graph":[{"@type":"WebPage","@id":"https:\/\/www.donausoja.org\/de\/regional-climate-partnerships\/","url":"https:\/\/www.donausoja.org\/de\/regional-climate-partnerships\/","name":"Regional Climate Partnerships - Donau Soja","isPartOf":{"@id":"https:\/\/www.donausoja.org\/de\/#website"},"datePublished":"2024-02-13T09:12:47+00:00","dateModified":"2024-03-19T14:09:41+00:00","breadcrumb":{"@id":"https:\/\/www.donausoja.org\/de\/regional-climate-partnerships\/#breadcrumb"},"inLanguage":"de","potentialAction":[{"@type":"ReadAction","target":["https:\/\/www.donausoja.org\/de\/regional-climate-partnerships\/"]}]},{"@type":"BreadcrumbList","@id":"https:\/\/www.donausoja.org\/de\/regional-climate-partnerships\/#breadcrumb","itemListElement":[{"@type":"ListItem","position":1,"name":"Home","item":"https:\/\/www.donausoja.org\/de\/"},{"@type":"ListItem","position":2,"name":"Regional Climate Partnerships"}]},{"@type":"WebSite","@id":"https:\/\/www.donausoja.org\/de\/#website","url":"https:\/\/www.donausoja.org\/de\/","name":"Donau Soja","description":"Together for a European Protein Supply: Regional. Sustainable. Non-GM.","potentialAction":[{"@type":"SearchAction","target":{"@type":"EntryPoint","urlTemplate":"https:\/\/www.donausoja.org\/de\/?s={search_term_string}"},"query-input":{"@type":"PropertyValueSpecification","valueRequired":true,"valueName":"search_term_string"}}],"inLanguage":"de"}]}},"_links":{"self":[{"href":"https:\/\/www.donausoja.org\/de\/wp-json\/wp\/v2\/pages\/38093","targetHints":{"allow":["GET"]}}],"collection":[{"href":"https:\/\/www.donausoja.org\/de\/wp-json\/wp\/v2\/pages"}],"about":[{"href":"https:\/\/www.donausoja.org\/de\/wp-json\/wp\/v2\/types\/page"}],"author":[{"embeddable":true,"href":"https:\/\/www.donausoja.org\/de\/wp-json\/wp\/v2\/users\/19"}],"replies":[{"embeddable":true,"href":"https:\/\/www.donausoja.org\/de\/wp-json\/wp\/v2\/comments?post=38093"}],"version-history":[{"count":4,"href":"https:\/\/www.donausoja.org\/de\/wp-json\/wp\/v2\/pages\/38093\/revisions"}],"predecessor-version":[{"id":40487,"href":"https:\/\/www.donausoja.org\/de\/wp-json\/wp\/v2\/pages\/38093\/revisions\/40487"}],"wp:attachment":[{"href":"https:\/\/www.donausoja.org\/de\/wp-json\/wp\/v2\/media?parent=38093"}],"curies":[{"name":"wp","href":"https:\/\/api.w.org\/{rel}","templated":true}]}}