
{"id":38032,"date":"2024-02-01T12:22:51","date_gmt":"2024-02-01T12:22:51","guid":{"rendered":"https:\/\/www.donausoja.org\/?page_id=38032"},"modified":"2024-06-13T18:56:29","modified_gmt":"2024-06-13T18:56:29","slug":"co2-fussabdruck-und-mehr","status":"publish","type":"page","link":"https:\/\/www.donausoja.org\/de\/co2-fussabdruck-und-mehr\/","title":{"rendered":"CO2 Fu\u00dfabdruck und mehr"},"content":{"rendered":"<p>[et_pb_section fb_built=&#8221;1&#8243; _builder_version=&#8221;4.16&#8243; _module_preset=&#8221;default&#8221; background_color=&#8221;RGBA(255,255,255,0)&#8221; da_disable_devices=&#8221;off|off|off&#8221; locked=&#8221;off&#8221; global_colors_info=&#8221;{}&#8221; da_is_popup=&#8221;off&#8221; da_exit_intent=&#8221;off&#8221; da_has_close=&#8221;on&#8221; da_alt_close=&#8221;off&#8221; da_dark_close=&#8221;off&#8221; da_not_modal=&#8221;on&#8221; da_is_singular=&#8221;off&#8221; da_with_loader=&#8221;off&#8221; da_has_shadow=&#8221;on&#8221;][et_pb_row _builder_version=&#8221;4.16&#8243; _module_preset=&#8221;default&#8221; custom_padding=&#8221;130px|||||&#8221; global_colors_info=&#8221;{}&#8221;][et_pb_column type=&#8221;4_4&#8243; _builder_version=&#8221;4.16&#8243; _module_preset=&#8221;default&#8221; global_colors_info=&#8221;{}&#8221;][et_pb_text _builder_version=&#8221;4.21.0&#8243; _module_preset=&#8221;77a7a6a5-6cba-4e24-a8d7-1992b0adbe08&#8243; header_font=&#8221;Ubuntu|700|||||||&#8221; custom_padding=&#8221;|||0px||&#8221; global_colors_info=&#8221;{}&#8221;]<\/p>\n<h1>CO2-Fu\u00dfabdruck und mehr<\/h1>\n<p>[\/et_pb_text][\/et_pb_column][\/et_pb_row][\/et_pb_section][et_pb_section fb_built=&#8221;1&#8243; _builder_version=&#8221;4.21.0&#8243; _module_preset=&#8221;default&#8221; custom_margin=&#8221;||-10px|||&#8221; custom_padding=&#8221;0px||7px|||&#8221; da_disable_devices=&#8221;off|off|off&#8221; global_colors_info=&#8221;{}&#8221; da_is_popup=&#8221;off&#8221; da_exit_intent=&#8221;off&#8221; da_has_close=&#8221;on&#8221; da_alt_close=&#8221;off&#8221; da_dark_close=&#8221;off&#8221; da_not_modal=&#8221;on&#8221; da_is_singular=&#8221;off&#8221; da_with_loader=&#8221;off&#8221; da_has_shadow=&#8221;on&#8221;][et_pb_row _builder_version=&#8221;4.21.0&#8243; _module_preset=&#8221;default&#8221; custom_margin=&#8221;|auto|1px|auto||&#8221; custom_padding=&#8221;23px||0px|||&#8221; global_colors_info=&#8221;{}&#8221;][et_pb_column type=&#8221;4_4&#8243; _builder_version=&#8221;4.21.0&#8243; _module_preset=&#8221;default&#8221; global_colors_info=&#8221;{}&#8221;][et_pb_text admin_label=&#8221;Text &#8221; _builder_version=&#8221;4.21.0&#8243; _module_preset=&#8221;97a49757-9877-47ea-b480-aa7742502928&#8243; background_color=&#8221;RGBA(255,255,255,0)&#8221; max_width=&#8221;100%&#8221; custom_padding_phone=&#8221;|||0px|false|false&#8221; hover_enabled=&#8221;0&#8243; global_colors_info=&#8221;{}&#8221; sticky_enabled=&#8221;0&#8243;]<\/p>\n<p>Auf unserem Weg zu einer nachhaltigen, sicheren und europ\u00e4ischen Eiwei\u00dfversorgung m\u00f6chten wir unsere Partner und Mitglieder dabei unterst\u00fctzen, soziale, \u00f6kologische und wirtschaftliche Herausforderungen bei der Produktion und dem Verbrauch von Soja entlang der Lieferkette zu bew\u00e4ltigen.<\/p>\n<p>Deshalb stellen wir folgendes zur Verf\u00fcgung:<\/p>\n<p>[\/et_pb_text][et_pb_blurb url_new_window=&#8221;on&#8221; use_icon=&#8221;on&#8221; font_icon=&#8221;&#xf0c8;||fa||900&#8243; admin_label=&#8221;Text &#8221; _builder_version=&#8221;4.21.0&#8243; _module_preset=&#8221;4c58f022-51f8-4ef3-8366-9633994b6fdb&#8221; header_font=&#8221;|700|||||||&#8221; background_color=&#8221;RGBA(255,255,255,0)&#8221; custom_padding=&#8221;||0px|||&#8221; link_option_url_new_window=&#8221;on&#8221; hover_enabled=&#8221;0&#8243; global_colors_info=&#8221;{}&#8221; sticky_enabled=&#8221;0&#8243;]<\/p>\n<p><span>Information zur Senkung von Scope 3 Emissionen mit Donau Soja \/ Europe Soya<\/span><\/p>\n<p>[\/et_pb_blurb][et_pb_blurb url_new_window=&#8221;on&#8221; use_icon=&#8221;on&#8221; font_icon=&#8221;&#xf0c8;||fa||900&#8243; admin_label=&#8221;Text &#8221; _builder_version=&#8221;4.21.0&#8243; _module_preset=&#8221;4c58f022-51f8-4ef3-8366-9633994b6fdb&#8221; header_font=&#8221;|700|||||||&#8221; custom_margin=&#8221;-22px||||false|false&#8221; link_option_url_new_window=&#8221;on&#8221; global_colors_info=&#8221;{}&#8221;]<\/p>\n<p><span>Donau Soja \/ Europe Soya spezifische LCA Studien<br \/><\/span><\/p>\n<p>[\/et_pb_blurb][et_pb_blurb url_new_window=&#8221;on&#8221; use_icon=&#8221;on&#8221; font_icon=&#8221;&#xf0c8;||fa||900&#8243; admin_label=&#8221;Text &#8221; _builder_version=&#8221;4.21.0&#8243; _module_preset=&#8221;4c58f022-51f8-4ef3-8366-9633994b6fdb&#8221; header_font=&#8221;|700|||||||&#8221; custom_margin=&#8221;-20px||||false|false&#8221; custom_padding=&#8221;||0px|||&#8221; link_option_url_new_window=&#8221;on&#8221; global_colors_info=&#8221;{}&#8221;]<\/p>\n<p>Informationen zu LCA Tools und Datens\u00e4tze zur Berechnung des CO2 Fu\u00dfabdrucks mit Donau Soja \/ Europe Soya<\/p>\n<p>[\/et_pb_blurb][et_pb_blurb url_new_window=&#8221;on&#8221; use_icon=&#8221;on&#8221; font_icon=&#8221;&#xf0c8;||fa||900&#8243; admin_label=&#8221;Text &#8221; _builder_version=&#8221;4.21.0&#8243; _module_preset=&#8221;4c58f022-51f8-4ef3-8366-9633994b6fdb&#8221; header_font=&#8221;|700|||||||&#8221; custom_margin=&#8221;-19px||||false|false&#8221; link_option_url_new_window=&#8221;on&#8221; global_colors_info=&#8221;{}&#8221;]<\/p>\n<p><span>Innovatives Konzept der regionalen Klimapartnerschaften<\/span><\/p>\n<p>[\/et_pb_blurb][et_pb_text admin_label=&#8221;Text &#8221; _builder_version=&#8221;4.21.0&#8243; _module_preset=&#8221;97a49757-9877-47ea-b480-aa7742502928&#8243; background_color=&#8221;RGBA(255,255,255,0)&#8221; max_width=&#8221;100%&#8221; custom_padding_phone=&#8221;|||0px|false|false&#8221; global_colors_info=&#8221;{}&#8221;]<\/p>\n<p>Bei folgenden Themen k\u00f6nnen unsere CO2-Berechnungen helfen:<\/p>\n<p>[\/et_pb_text][et_pb_image src=&#8221;https:\/\/www.donausoja.org\/wp-content\/uploads\/2024\/03\/Grafik_Where-DS-CO2-Data-helps_DE.png&#8221; title_text=&#8221;SLIDER_Scope3Webinar_draft13-scaled&#8221; show_in_lightbox=&#8221;on&#8221; align=&#8221;center&#8221; _builder_version=&#8221;4.21.0&#8243; _module_preset=&#8221;default&#8221; width=&#8221;67%&#8221; custom_margin=&#8221;||||false|false&#8221; custom_padding=&#8221;||||false|false&#8221; locked=&#8221;off&#8221; global_colors_info=&#8221;{}&#8221;][\/et_pb_image][et_pb_text admin_label=&#8221;Text &#8221; _builder_version=&#8221;4.21.0&#8243; _module_preset=&#8221;97a49757-9877-47ea-b480-aa7742502928&#8243; background_color=&#8221;RGBA(255,255,255,0)&#8221; max_width=&#8221;100%&#8221; custom_padding_phone=&#8221;|||0px|false|false&#8221; global_colors_info=&#8221;{}&#8221;]<\/p>\n<p>Finden Sie hier mehr Informationen \u00fcber unsere Bem\u00fchungen, Pl\u00e4ne und Projekte: <\/p>\n<p>[\/et_pb_text][\/et_pb_column][\/et_pb_row][\/et_pb_section][et_pb_section fb_built=&#8221;1&#8243; _builder_version=&#8221;4.16&#8243; _module_preset=&#8221;default&#8221; background_color=&#8221;#F6F1E8&#8243; min_height=&#8221;1693.6px&#8221; custom_margin=&#8221;2px|||||&#8221; custom_padding=&#8221;23px||0px|||&#8221; da_disable_devices=&#8221;off|off|off&#8221; global_colors_info=&#8221;{}&#8221; da_is_popup=&#8221;off&#8221; da_exit_intent=&#8221;off&#8221; da_has_close=&#8221;on&#8221; da_alt_close=&#8221;off&#8221; da_dark_close=&#8221;off&#8221; da_not_modal=&#8221;on&#8221; da_is_singular=&#8221;off&#8221; da_with_loader=&#8221;off&#8221; da_has_shadow=&#8221;on&#8221;][et_pb_row column_structure=&#8221;2_3,1_3&#8243; admin_label=&#8221;Row: LT pj&#8221; _builder_version=&#8221;4.16&#8243; _module_preset=&#8221;default&#8221; background_color=&#8221;#ffffff&#8221; custom_padding=&#8221;20px|20px|20px|20px|false|false&#8221; box_shadow_style=&#8221;preset1&#8243; global_colors_info=&#8221;{}&#8221;][et_pb_column type=&#8221;2_3&#8243; _builder_version=&#8221;4.16&#8243; _module_preset=&#8221;default&#8221; global_colors_info=&#8221;{}&#8221;][et_pb_text _builder_version=&#8221;4.21.0&#8243; _module_preset=&#8221;77a7a6a5-6cba-4e24-a8d7-1992b0adbe08&#8243; custom_padding=&#8221;|1px||||&#8221; global_colors_info=&#8221;{}&#8221;]<\/p>\n<h2 style=\"text-align: justify;\">Scope 3 &#8211; CO2 Fu\u00dfabdruck von Unternehmen<\/h2>\n<p style=\"text-align: justify;\">Scope-3-Emissionen stellen die versteckten \u2013 oder indirekten \u2013 Treibhausgasemissionen (THG) innerhalb der Lieferkette eines Unternehmens dar und sind f\u00fcr den mit Abstand gr\u00f6\u00dften Teil seiner Umweltauswirkungen verantwortlich. Bei Lebensmitteleinzelh\u00e4ndlern beispielsweise machen diese Emissionen den L\u00f6wenanteil ihrer gesamten Treibhausgasemissionen aus, durch die Tausenden von Produkten, insbesondere tierischen Produkten, in ihrem Sortiment.<\/p>\n<p style=\"text-align: justify;\">Erfahren Sie, wie Ihr Unternehmen durch den Einsatz von Donau Soja \/ Europe Soya zertifiziertem Soja die Emissionen entlang seiner Lieferkette deutlich reduzieren kann.<\/p>\n<p>[\/et_pb_text][et_pb_button button_url=&#8221;https:\/\/www.donausoja.org\/de\/scope3\/&#8221; url_new_window=&#8221;on&#8221; button_text=&#8221;Weiterlesen&#8221; _builder_version=&#8221;4.21.0&#8243; _module_preset=&#8221;default&#8221; custom_button=&#8221;on&#8221; button_icon=&#8221;&#x39;||divi||400&#8243; button_on_hover=&#8221;off&#8221; custom_margin=&#8221;20px||||false|false&#8221; global_colors_info=&#8221;{}&#8221;][\/et_pb_button][\/et_pb_column][et_pb_column type=&#8221;1_3&#8243; _builder_version=&#8221;4.16&#8243; _module_preset=&#8221;default&#8221; global_colors_info=&#8221;{}&#8221;][et_pb_image src=&#8221;https:\/\/www.donausoja.org\/wp-content\/uploads\/2024\/02\/SLIDER_Scope3Webinar_draft13-scaled-1.jpg&#8221; title_text=&#8221;SLIDER_Scope3Webinar_draft13-scaled&#8221; _builder_version=&#8221;4.21.0&#8243; _module_preset=&#8221;default&#8221; custom_margin=&#8221;||||false|false&#8221; custom_padding=&#8221;||||false|false&#8221; global_colors_info=&#8221;{}&#8221;][\/et_pb_image][\/et_pb_column][\/et_pb_row][et_pb_row column_structure=&#8221;2_3,1_3&#8243; admin_label=&#8221;Row: Cybele&#8221; _builder_version=&#8221;4.16&#8243; _module_preset=&#8221;default&#8221; background_color=&#8221;#ffffff&#8221; custom_margin=&#8221;40px||||false|false&#8221; custom_padding=&#8221;20px|20px|20px|20px|false|false&#8221; box_shadow_style=&#8221;preset1&#8243; global_colors_info=&#8221;{}&#8221;][et_pb_column type=&#8221;2_3&#8243; _builder_version=&#8221;4.16&#8243; _module_preset=&#8221;default&#8221; global_colors_info=&#8221;{}&#8221;][et_pb_text _builder_version=&#8221;4.21.0&#8243; _module_preset=&#8221;77a7a6a5-6cba-4e24-a8d7-1992b0adbe08&#8243; global_colors_info=&#8221;{}&#8221;]<\/p>\n<h2><strong>Life-Cycle-Assessment (LCA) Studien <\/strong><\/h2>\n<p style=\"text-align: justify;\">Bei der Herstellung tierischer Produkte entstehen bereits bei der Tierfutterproduktion relevante Mengen an Treibhausgasemissionen (THG). Daher ist die Wahl von verantwortungsvoll produziertem Tierfutter wichtig, um den CO2-Fu\u00dfabdruck tierischer Produkte zu reduzieren. Donau Soja hat in den letzten Jahren mehrere Studien in Auftrag gegeben, um zu untersuchen, wie sich der Einsatz von Donau Soja \/ Europe Soya-zertifiziertem Soja auf den CO2-Fu\u00dfabdruck von Lebens- und Futtermitteln auswirkt. Diese Studien haben gezeigt, dass die Umstellung auf Donau Soja \/ Europe Soya zertifiziertes Sojafutter die Emissionen bei tierischen Produkten deutlich um bis zu 40 % reduziert.<\/p>\n<p style=\"text-align: justify;\">Lernen Sie anhand unserer Studien die M\u00f6glichkeiten und Vorteile des Einsatzes von Donau Soja \/ Europe Soya zertifiziertem Soja entlang der Wertsch\u00f6pfungskette kennen.\u00a0<\/p>\n<p>[\/et_pb_text][et_pb_button button_url=&#8221;https:\/\/www.donausoja.org\/de\/projekte\/carbon-footprint-project\/&#8221; url_new_window=&#8221;on&#8221; button_text=&#8221;Weiterlesen&#8221; _builder_version=&#8221;4.21.0&#8243; _module_preset=&#8221;default&#8221; custom_button=&#8221;on&#8221; button_icon=&#8221;&#x39;||divi||400&#8243; button_on_hover=&#8221;off&#8221; custom_margin=&#8221;20px||||false|false&#8221; global_colors_info=&#8221;{}&#8221;][\/et_pb_button][\/et_pb_column][et_pb_column type=&#8221;1_3&#8243; _builder_version=&#8221;4.16&#8243; _module_preset=&#8221;default&#8221; global_colors_info=&#8221;{}&#8221;][et_pb_image src=&#8221;https:\/\/www.donausoja.org\/wp-content\/uploads\/2024\/02\/shutterstock_194473184-scaled.jpg&#8221; title_text=&#8221;cybele_logo&#8221; _builder_version=&#8221;4.21.0&#8243; _module_preset=&#8221;default&#8221; custom_margin=&#8221;||||false|false&#8221; custom_padding=&#8221;||||false|false&#8221; global_colors_info=&#8221;{}&#8221;][\/et_pb_image][\/et_pb_column][\/et_pb_row][et_pb_row column_structure=&#8221;2_3,1_3&#8243; admin_label=&#8221;Row: IOF pj&#8221; _builder_version=&#8221;4.16&#8243; _module_preset=&#8221;default&#8221; background_color=&#8221;#ffffff&#8221; custom_margin=&#8221;40px||||false|false&#8221; custom_padding=&#8221;20px|20px|20px|20px|false|false&#8221; box_shadow_style=&#8221;preset1&#8243; global_colors_info=&#8221;{}&#8221;][et_pb_column type=&#8221;2_3&#8243; _builder_version=&#8221;4.16&#8243; _module_preset=&#8221;default&#8221; global_colors_info=&#8221;{}&#8221;][et_pb_text _builder_version=&#8221;4.21.0&#8243; _module_preset=&#8221;77a7a6a5-6cba-4e24-a8d7-1992b0adbe08&#8243; min_height=&#8221;278.2px&#8221; custom_padding=&#8221;||0px|||&#8221; global_colors_info=&#8221;{}&#8221;]<\/p>\n<h2>Life-Cycle-Assessment (LCA) Datenbanken and Tools<\/h2>\n<p style=\"text-align: justify;\">LCA-Datenbanken und Tools werden verwendet, um die Umweltauswirkungen von Produkten, Prozessen oder Dienstleistungen \u00fcber ihren gesamten Lebenszyklus hinweg zu bewerten. Donau Soja ver\u00f6ffentlicht LCA-Datens\u00e4tze zu den Umweltauswirkungen von Donau Soja \/ Europe Soya zertifizierten Sojabohnen in LCA-Datenbanken und Berechnungstools, auch im derzeit sehr relevanten SBTi FLAG-Format. Ziel ist es, den \u00dcbergang zu einer nachhaltigen, sicheren und europ\u00e4ischen Wertsch\u00f6pfungskette f\u00fcr Proteine \u200b\u200bzu erleichtern.<\/p>\n<p style=\"text-align: justify;\">Klicken Sie hier, um mehr \u00fcber Datenbanken und Tools f\u00fcr \u00d6kobilanzen und CO2-Fu\u00dfabdruckberechnungen zu erfahren.\u00a0<\/p>\n<p>[\/et_pb_text][et_pb_button button_url=&#8221;https:\/\/www.donausoja.org\/de\/lca-tools\/&#8221; url_new_window=&#8221;on&#8221; button_text=&#8221;Weiterlesen&#8221; _builder_version=&#8221;4.21.0&#8243; _module_preset=&#8221;default&#8221; custom_button=&#8221;on&#8221; button_icon=&#8221;&#x39;||divi||400&#8243; button_on_hover=&#8221;off&#8221; custom_margin=&#8221;-7px||||false|false&#8221; global_colors_info=&#8221;{}&#8221;][\/et_pb_button][\/et_pb_column][et_pb_column type=&#8221;1_3&#8243; _builder_version=&#8221;4.16&#8243; _module_preset=&#8221;default&#8221; global_colors_info=&#8221;{}&#8221;][et_pb_image src=&#8221;https:\/\/www.donausoja.org\/wp-content\/uploads\/2024\/02\/DSC_1045-scaled.jpg&#8221; title_text=&#8221;iof2020-1024&#215;561&#8243; _builder_version=&#8221;4.21.0&#8243; _module_preset=&#8221;default&#8221; custom_margin=&#8221;||||false|false&#8221; custom_padding=&#8221;||||false|false&#8221; global_colors_info=&#8221;{}&#8221;][\/et_pb_image][\/et_pb_column][\/et_pb_row][et_pb_row column_structure=&#8221;2_3,1_3&#8243; admin_label=&#8221;Row: template in between project&#8221; _builder_version=&#8221;4.16&#8243; _module_preset=&#8221;default&#8221; background_color=&#8221;#ffffff&#8221; custom_margin=&#8221;40px||||false|false&#8221; custom_padding=&#8221;20px|20px|20px|20px|false|false&#8221; box_shadow_style=&#8221;preset1&#8243; global_colors_info=&#8221;{}&#8221;][et_pb_column type=&#8221;2_3&#8243; _builder_version=&#8221;4.16&#8243; _module_preset=&#8221;default&#8221; global_colors_info=&#8221;{}&#8221;][et_pb_text _builder_version=&#8221;4.21.0&#8243; _module_preset=&#8221;77a7a6a5-6cba-4e24-a8d7-1992b0adbe08&#8243; custom_padding_tablet=&#8221;||0px|||&#8221; global_colors_info=&#8221;{}&#8221;]<\/p>\n<h2>Regionale Klimapartnerschaften<\/h2>\n<p style=\"text-align: justify;\">K\u00fcrzere Transportwege und die St\u00e4rkung der regionalen Produktion sind wichtige Aspekte f\u00fcr nachhaltige Wertsch\u00f6pfungsketten. Mit Donau Soja bekommen Soja-Wertsch\u00f6pfungsketten ein heimisches, regionales und europ\u00e4isches Gesicht. Regionale Klimapartnerschaften f\u00f6rdern regionale Akteure und regionale Futtermittelkreisl\u00e4ufe. Sie bieten lokalen Unternehmen die M\u00f6glichkeit, neue Einkommensquellen aufzubauen und die heimische Landwirtschaft zu st\u00e4rken \u2013 mit Vorteilen f\u00fcr Landwirte, Produzenten, Verbraucher und das Klima.<\/p>\n<p style=\"text-align: justify;\">Lesen Sie mehr dar\u00fcber, wie Sie Teil regionaler Klimapartnerschaften werden und davon profitieren k\u00f6nnen.\u00a0<\/p>\n<p>[\/et_pb_text][et_pb_button button_url=&#8221;https:\/\/www.donausoja.org\/de\/regional-climate-partnerships\/&#8221; url_new_window=&#8221;on&#8221; button_text=&#8221;Weiterlesen&#8221; _builder_version=&#8221;4.21.0&#8243; _module_preset=&#8221;default&#8221; custom_button=&#8221;on&#8221; button_icon=&#8221;&#x39;||divi||400&#8243; button_on_hover=&#8221;off&#8221; custom_margin=&#8221;20px||||false|false&#8221; global_colors_info=&#8221;{}&#8221;][\/et_pb_button][\/et_pb_column][et_pb_column type=&#8221;1_3&#8243; _builder_version=&#8221;4.16&#8243; _module_preset=&#8221;default&#8221; global_colors_info=&#8221;{}&#8221;][et_pb_image title_text=&#8221;ok-net-ecofeed-logo&#8221; _builder_version=&#8221;4.21.0&#8243; _module_preset=&#8221;default&#8221; custom_margin=&#8221;||-5px||false|false&#8221; custom_padding=&#8221;||||false|false&#8221; global_colors_info=&#8221;{}&#8221;][\/et_pb_image][et_pb_image src=&#8221;https:\/\/www.donausoja.org\/wp-content\/uploads\/2024\/02\/Regional-Climate-partnership-4_3-ratio.png&#8221; title_text=&#8221;iof2020-1024&#215;561&#8243; _builder_version=&#8221;4.21.0&#8243; _module_preset=&#8221;default&#8221; custom_margin=&#8221;||||false|false&#8221; custom_padding=&#8221;||||false|false&#8221; global_colors_info=&#8221;{}&#8221;][\/et_pb_image][\/et_pb_column][\/et_pb_row][\/et_pb_section]<\/p>\n","protected":false},"excerpt":{"rendered":"<p>CO2-Fu\u00dfabdruck und mehrAuf unserem Weg zu einer nachhaltigen, sicheren und europ\u00e4ischen Eiwei\u00dfversorgung m\u00f6chten wir unsere Partner und Mitglieder dabei unterst\u00fctzen, soziale, \u00f6kologische und wirtschaftliche Herausforderungen bei der Produktion und dem Verbrauch von Soja entlang der Lieferkette zu bew\u00e4ltigen. Deshalb stellen wir folgendes zur Verf\u00fcgung:Information zur Senkung von Scope 3 Emissionen mit Donau Soja \/ Europe [&hellip;]<\/p>\n","protected":false},"author":19,"featured_media":0,"parent":0,"menu_order":0,"comment_status":"closed","ping_status":"closed","template":"","meta":{"_et_pb_use_builder":"on","_et_pb_old_content":"","_et_gb_content_width":"","footnotes":""},"class_list":["post-38032","page","type-page","status-publish","hentry"],"yoast_head":"<!-- This site is optimized with the Yoast SEO plugin v27.4 - https:\/\/yoast.com\/product\/yoast-seo-wordpress\/ -->\n<title>CO2 Fu\u00dfabdruck und mehr - Donau Soja<\/title>\n<meta name=\"description\" content=\"Auf unserem Weg zu einer nachhaltigen, sicheren und europ\u00e4ischen Eiwei\u00dfversorgung m\u00f6chten wir unsere Partner und Mitglieder dabei unterst\u00fctzen, soziale, \u00f6kologische und wirtschaftliche Herausforderungen bei der Produktion und dem Verbrauch von Soja entlang der Lieferkette zu bew\u00e4ltigen.\" \/>\n<meta name=\"robots\" content=\"index, follow, max-snippet:-1, max-image-preview:large, max-video-preview:-1\" \/>\n<link rel=\"canonical\" href=\"https:\/\/www.donausoja.org\/de\/co2-fussabdruck-und-mehr\/\" \/>\n<meta property=\"og:locale\" content=\"de_DE\" \/>\n<meta property=\"og:type\" content=\"article\" \/>\n<meta property=\"og:title\" content=\"CO2 Fu\u00dfabdruck und mehr - Donau Soja\" \/>\n<meta property=\"og:description\" content=\"Auf unserem Weg zu einer nachhaltigen, sicheren und europ\u00e4ischen Eiwei\u00dfversorgung m\u00f6chten wir unsere Partner und Mitglieder dabei unterst\u00fctzen, soziale, \u00f6kologische und wirtschaftliche Herausforderungen bei der Produktion und dem Verbrauch von Soja entlang der Lieferkette zu bew\u00e4ltigen.\" \/>\n<meta property=\"og:url\" content=\"https:\/\/www.donausoja.org\/de\/co2-fussabdruck-und-mehr\/\" \/>\n<meta property=\"og:site_name\" content=\"Donau Soja\" \/>\n<meta property=\"article:modified_time\" content=\"2024-06-13T18:56:29+00:00\" \/>\n<meta name=\"twitter:card\" content=\"summary_large_image\" \/>\n<meta name=\"twitter:label1\" content=\"Gesch\u00e4tzte Lesezeit\" \/>\n\t<meta name=\"twitter:data1\" content=\"4\u00a0Minuten\" \/>\n<script type=\"application\/ld+json\" class=\"yoast-schema-graph\">{\"@context\":\"https:\\\/\\\/schema.org\",\"@graph\":[{\"@type\":\"WebPage\",\"@id\":\"https:\\\/\\\/www.donausoja.org\\\/de\\\/co2-fussabdruck-und-mehr\\\/\",\"url\":\"https:\\\/\\\/www.donausoja.org\\\/de\\\/co2-fussabdruck-und-mehr\\\/\",\"name\":\"CO2 Fu\u00dfabdruck und mehr - Donau Soja\",\"isPartOf\":{\"@id\":\"https:\\\/\\\/www.donausoja.org\\\/de\\\/#website\"},\"datePublished\":\"2024-02-01T12:22:51+00:00\",\"dateModified\":\"2024-06-13T18:56:29+00:00\",\"description\":\"Auf unserem Weg zu einer nachhaltigen, sicheren und europ\u00e4ischen Eiwei\u00dfversorgung m\u00f6chten wir unsere Partner und Mitglieder dabei unterst\u00fctzen, soziale, \u00f6kologische und wirtschaftliche Herausforderungen bei der Produktion und dem Verbrauch von Soja entlang der Lieferkette zu bew\u00e4ltigen.\",\"breadcrumb\":{\"@id\":\"https:\\\/\\\/www.donausoja.org\\\/de\\\/co2-fussabdruck-und-mehr\\\/#breadcrumb\"},\"inLanguage\":\"de\",\"potentialAction\":[{\"@type\":\"ReadAction\",\"target\":[\"https:\\\/\\\/www.donausoja.org\\\/de\\\/co2-fussabdruck-und-mehr\\\/\"]}]},{\"@type\":\"BreadcrumbList\",\"@id\":\"https:\\\/\\\/www.donausoja.org\\\/de\\\/co2-fussabdruck-und-mehr\\\/#breadcrumb\",\"itemListElement\":[{\"@type\":\"ListItem\",\"position\":1,\"name\":\"Home\",\"item\":\"https:\\\/\\\/www.donausoja.org\\\/de\\\/\"},{\"@type\":\"ListItem\",\"position\":2,\"name\":\"CO2 Fu\u00dfabdruck und mehr\"}]},{\"@type\":\"WebSite\",\"@id\":\"https:\\\/\\\/www.donausoja.org\\\/de\\\/#website\",\"url\":\"https:\\\/\\\/www.donausoja.org\\\/de\\\/\",\"name\":\"Donau Soja\",\"description\":\"Together for a European Protein Supply: Regional. Sustainable. Non-GM.\",\"potentialAction\":[{\"@type\":\"SearchAction\",\"target\":{\"@type\":\"EntryPoint\",\"urlTemplate\":\"https:\\\/\\\/www.donausoja.org\\\/de\\\/?s={search_term_string}\"},\"query-input\":{\"@type\":\"PropertyValueSpecification\",\"valueRequired\":true,\"valueName\":\"search_term_string\"}}],\"inLanguage\":\"de\"}]}<\/script>\n<!-- \/ Yoast SEO plugin. -->","yoast_head_json":{"title":"CO2 Fu\u00dfabdruck und mehr - Donau Soja","description":"Auf unserem Weg zu einer nachhaltigen, sicheren und europ\u00e4ischen Eiwei\u00dfversorgung m\u00f6chten wir unsere Partner und Mitglieder dabei unterst\u00fctzen, soziale, \u00f6kologische und wirtschaftliche Herausforderungen bei der Produktion und dem Verbrauch von Soja entlang der Lieferkette zu bew\u00e4ltigen.","robots":{"index":"index","follow":"follow","max-snippet":"max-snippet:-1","max-image-preview":"max-image-preview:large","max-video-preview":"max-video-preview:-1"},"canonical":"https:\/\/www.donausoja.org\/de\/co2-fussabdruck-und-mehr\/","og_locale":"de_DE","og_type":"article","og_title":"CO2 Fu\u00dfabdruck und mehr - Donau Soja","og_description":"Auf unserem Weg zu einer nachhaltigen, sicheren und europ\u00e4ischen Eiwei\u00dfversorgung m\u00f6chten wir unsere Partner und Mitglieder dabei unterst\u00fctzen, soziale, \u00f6kologische und wirtschaftliche Herausforderungen bei der Produktion und dem Verbrauch von Soja entlang der Lieferkette zu bew\u00e4ltigen.","og_url":"https:\/\/www.donausoja.org\/de\/co2-fussabdruck-und-mehr\/","og_site_name":"Donau Soja","article_modified_time":"2024-06-13T18:56:29+00:00","twitter_card":"summary_large_image","twitter_misc":{"Gesch\u00e4tzte Lesezeit":"4\u00a0Minuten"},"schema":{"@context":"https:\/\/schema.org","@graph":[{"@type":"WebPage","@id":"https:\/\/www.donausoja.org\/de\/co2-fussabdruck-und-mehr\/","url":"https:\/\/www.donausoja.org\/de\/co2-fussabdruck-und-mehr\/","name":"CO2 Fu\u00dfabdruck und mehr - Donau Soja","isPartOf":{"@id":"https:\/\/www.donausoja.org\/de\/#website"},"datePublished":"2024-02-01T12:22:51+00:00","dateModified":"2024-06-13T18:56:29+00:00","description":"Auf unserem Weg zu einer nachhaltigen, sicheren und europ\u00e4ischen Eiwei\u00dfversorgung m\u00f6chten wir unsere Partner und Mitglieder dabei unterst\u00fctzen, soziale, \u00f6kologische und wirtschaftliche Herausforderungen bei der Produktion und dem Verbrauch von Soja entlang der Lieferkette zu bew\u00e4ltigen.","breadcrumb":{"@id":"https:\/\/www.donausoja.org\/de\/co2-fussabdruck-und-mehr\/#breadcrumb"},"inLanguage":"de","potentialAction":[{"@type":"ReadAction","target":["https:\/\/www.donausoja.org\/de\/co2-fussabdruck-und-mehr\/"]}]},{"@type":"BreadcrumbList","@id":"https:\/\/www.donausoja.org\/de\/co2-fussabdruck-und-mehr\/#breadcrumb","itemListElement":[{"@type":"ListItem","position":1,"name":"Home","item":"https:\/\/www.donausoja.org\/de\/"},{"@type":"ListItem","position":2,"name":"CO2 Fu\u00dfabdruck und mehr"}]},{"@type":"WebSite","@id":"https:\/\/www.donausoja.org\/de\/#website","url":"https:\/\/www.donausoja.org\/de\/","name":"Donau Soja","description":"Together for a European Protein Supply: Regional. Sustainable. Non-GM.","potentialAction":[{"@type":"SearchAction","target":{"@type":"EntryPoint","urlTemplate":"https:\/\/www.donausoja.org\/de\/?s={search_term_string}"},"query-input":{"@type":"PropertyValueSpecification","valueRequired":true,"valueName":"search_term_string"}}],"inLanguage":"de"}]}},"_links":{"self":[{"href":"https:\/\/www.donausoja.org\/de\/wp-json\/wp\/v2\/pages\/38032","targetHints":{"allow":["GET"]}}],"collection":[{"href":"https:\/\/www.donausoja.org\/de\/wp-json\/wp\/v2\/pages"}],"about":[{"href":"https:\/\/www.donausoja.org\/de\/wp-json\/wp\/v2\/types\/page"}],"author":[{"embeddable":true,"href":"https:\/\/www.donausoja.org\/de\/wp-json\/wp\/v2\/users\/19"}],"replies":[{"embeddable":true,"href":"https:\/\/www.donausoja.org\/de\/wp-json\/wp\/v2\/comments?post=38032"}],"version-history":[{"count":19,"href":"https:\/\/www.donausoja.org\/de\/wp-json\/wp\/v2\/pages\/38032\/revisions"}],"predecessor-version":[{"id":44904,"href":"https:\/\/www.donausoja.org\/de\/wp-json\/wp\/v2\/pages\/38032\/revisions\/44904"}],"wp:attachment":[{"href":"https:\/\/www.donausoja.org\/de\/wp-json\/wp\/v2\/media?parent=38032"}],"curies":[{"name":"wp","href":"https:\/\/api.w.org\/{rel}","templated":true}]}}