
{"id":38028,"date":"2024-02-13T07:49:08","date_gmt":"2024-02-13T07:49:08","guid":{"rendered":"https:\/\/www.donausoja.org\/?page_id=38028"},"modified":"2026-04-20T11:17:27","modified_gmt":"2026-04-20T11:17:27","slug":"lca-tools","status":"publish","type":"page","link":"https:\/\/www.donausoja.org\/de\/lca-tools\/","title":{"rendered":"LCA Tools"},"content":{"rendered":"<p>[et_pb_section fb_built=&#8221;1&#8243; _builder_version=&#8221;4.16&#8243; _module_preset=&#8221;default&#8221; background_color=&#8221;RGBA(255,255,255,0)&#8221; da_disable_devices=&#8221;off|off|off&#8221; locked=&#8221;off&#8221; global_colors_info=&#8221;{}&#8221; da_is_popup=&#8221;off&#8221; da_exit_intent=&#8221;off&#8221; da_has_close=&#8221;on&#8221; da_alt_close=&#8221;off&#8221; da_dark_close=&#8221;off&#8221; da_not_modal=&#8221;on&#8221; da_is_singular=&#8221;off&#8221; da_with_loader=&#8221;off&#8221; da_has_shadow=&#8221;on&#8221;][et_pb_row _builder_version=&#8221;4.16&#8243; _module_preset=&#8221;default&#8221; custom_padding=&#8221;130px|||||&#8221; global_colors_info=&#8221;{}&#8221;][et_pb_column type=&#8221;4_4&#8243; _builder_version=&#8221;4.16&#8243; _module_preset=&#8221;default&#8221; global_colors_info=&#8221;{}&#8221;][et_pb_text _builder_version=&#8221;4.21.0&#8243; _module_preset=&#8221;77a7a6a5-6cba-4e24-a8d7-1992b0adbe08&#8243; header_font=&#8221;Ubuntu|700|||||||&#8221; global_colors_info=&#8221;{}&#8221;]<\/p>\n<h1>Life-Cycle-Assessment (LCA) &#8211; Datens\u00e4tze und Tools<\/h1>\n<p>[\/et_pb_text][\/et_pb_column][\/et_pb_row][\/et_pb_section][et_pb_section fb_built=&#8221;1&#8243; _builder_version=&#8221;4.21.0&#8243; _module_preset=&#8221;default&#8221; custom_margin=&#8221;||-69px|||&#8221; custom_padding=&#8221;0px|||||&#8221; da_disable_devices=&#8221;off|off|off&#8221; global_colors_info=&#8221;{}&#8221; da_is_popup=&#8221;off&#8221; da_exit_intent=&#8221;off&#8221; da_has_close=&#8221;on&#8221; da_alt_close=&#8221;off&#8221; da_dark_close=&#8221;off&#8221; da_not_modal=&#8221;on&#8221; da_is_singular=&#8221;off&#8221; da_with_loader=&#8221;off&#8221; da_has_shadow=&#8221;on&#8221;][et_pb_row _builder_version=&#8221;4.21.0&#8243; _module_preset=&#8221;default&#8221; global_colors_info=&#8221;{}&#8221;][et_pb_column type=&#8221;4_4&#8243; _builder_version=&#8221;4.21.0&#8243; _module_preset=&#8221;default&#8221; global_colors_info=&#8221;{}&#8221;][et_pb_text _builder_version=&#8221;4.21.0&#8243; _module_preset=&#8221;77a7a6a5-6cba-4e24-a8d7-1992b0adbe08&#8243; global_colors_info=&#8221;{}&#8221;]<\/p>\n<p style=\"text-align: justify;\">Mithilfe von Life Cycle Assessment (LCA)-Tools (Deutsch auch: Methoden zur \u00d6kobilanzierung) werden die Umweltauswirkungen eines Produkts, Prozesses oder einer Dienstleistung w\u00e4hrend des gesamten Lebenszyklus bewertet. Donau Soja ver\u00f6ffentlicht LCA-Datens\u00e4tze zu den Umweltauswirkungen von Donau Soja \/ Europe Soya zertifizierten Sojabohnen in LCA-Datenbanken und Berechnungstools, auch im derzeit sehr relevanten SBTi FLAG-Format. Die Daten umfassen Werte zum CO2-Fu\u00dfabdruck sowie Daten zu weiteren Umweltwirkungskategorien wie Landnutzung und Wasserverbrauch.<\/p>\n<p style=\"text-align: justify;\"><span>Die Daten k\u00f6nnen f\u00fcr LCAs verwendet werden, um die Auswirkungen auf die Umwelt durch die Verwendung von Donau Soja \/ Europe Soya zertifizierten Sojabohnen im Vergleich zu herk\u00f6mmlichen Sojabohnen zu berechnen und damit z. B. eine Reduktion des Product Carbon Footprints (PCF) oder Corporate Carbon Footprints (CCF) f\u00fcr SBTi und CSRD zu zeigen.<\/span><\/p>\n<p>[\/et_pb_text][\/et_pb_column][\/et_pb_row][\/et_pb_section][et_pb_section fb_built=&#8221;1&#8243; _builder_version=&#8221;4.16&#8243; _module_preset=&#8221;default&#8221; background_color=&#8221;#F6F1E8&#8243; custom_padding=&#8221;||3px|||&#8221; da_disable_devices=&#8221;off|off|off&#8221; global_colors_info=&#8221;{}&#8221; da_is_popup=&#8221;off&#8221; da_exit_intent=&#8221;off&#8221; da_has_close=&#8221;on&#8221; da_alt_close=&#8221;off&#8221; da_dark_close=&#8221;off&#8221; da_not_modal=&#8221;on&#8221; da_is_singular=&#8221;off&#8221; da_with_loader=&#8221;off&#8221; da_has_shadow=&#8221;on&#8221;][et_pb_row column_structure=&#8221;2_3,1_3&#8243; admin_label=&#8221;Row: LT pj&#8221; _builder_version=&#8221;4.21.0&#8243; _module_preset=&#8221;default&#8221; background_color=&#8221;#ffffff&#8221; custom_padding=&#8221;20px|20px|20px|20px|false|false&#8221; box_shadow_style=&#8221;preset1&#8243; global_colors_info=&#8221;{}&#8221;][et_pb_column type=&#8221;2_3&#8243; _builder_version=&#8221;4.16&#8243; _module_preset=&#8221;default&#8221; global_colors_info=&#8221;{}&#8221;][et_pb_text _builder_version=&#8221;4.27.4&#8243; _module_preset=&#8221;77a7a6a5-6cba-4e24-a8d7-1992b0adbe08&#8243; custom_padding=&#8221;|1px||||&#8221; global_colors_info=&#8221;{}&#8221;]<\/p>\n<h2 style=\"text-align: justify;\">LCA Datens\u00e4tze (AGRI-FOOTPRINT, GFLI)<\/h2>\n<p>Die LCA Datens\u00e4tze von Donau Soja \/ Europe Soya zertifizierten Sojabohnen sind als spezifische Datens\u00e4tze (sogenannte \u201ebranded\u201c datasets) \u00fcber die Agri-footprint-Datenbank von Blonk Consultants und die GFLI-Datenbank sowie in unserem Downloadbereich \u00f6ffentlich und frei verf\u00fcgbar. Die Datens\u00e4tze geben Einblicke in die Umweltleistung von Donau Soja \/ Europe Soya Sojabohnen auf L\u00e4nderebene, als Durchschnitt f\u00fcr alle L\u00e4nder, und sind auch im SBTi-FLAG-konformen Format verf\u00fcgbar.<\/p>\n<p>Unternehmen, die an der Durchf\u00fchrung von LCAs oder der Bewertung Ihres CO<sub>2<\/sub>-Fu\u00dfabdrucks interessiert sind, k\u00f6nnen die Datens\u00e4tze von Donau Soja \/ Europe Soya f\u00fcr zertifiziertes Soja nutzen.<br \/>Unsere Daten sind jetzt mit den neuesten Anforderungen von SBTi FLAG und Agri-footprint 7 verf\u00fcgbar.\u00a0<\/p>\n<p>Sie finden unsere Datens\u00e4tze f\u00fcr die Berechnung Ihres CO<sub>2<\/sub>-Fu\u00dfabdrucks hier:<\/p>\n<p><strong>Downloads:<\/strong> <a href=\"https:\/\/www.donausoja.org\/wp-content\/uploads\/2026\/02\/2026_DS_AFP7-FLAG-results_final.xlsx\" target=\"_blank\" rel=\"noopener\">Agri-footprint 7 &amp; FLAG<\/a> |\u00a0<a href=\"https:\/\/www.donausoja.org\/wp-content\/uploads\/2025\/11\/Donau-Soja-GFLI-LCIA-results.xlsx\">GFLI<\/a><br \/><strong>Link:\u00a0<\/strong><a href=\"https:\/\/blonksustainability.nl\/tools\/more-databases\/branded-datasets#gsc.tab=0\" target=\"_blank\" rel=\"noopener\">Agri-footprint<\/a><br \/><strong>Kontakt: <\/strong>Wenn Sie die Daten direkt in LCA-Softwaretools integrieren m\u00f6chten, k\u00f6nnen Sie die CSV-Version auf Anfrage \u00fcber <a href=\"mailto:sustainability@donausoja.org\">sustainability@donausoja.org<\/a> erhalten.<\/p>\n<p>&nbsp;<\/p>\n<p>[\/et_pb_text][\/et_pb_column][et_pb_column type=&#8221;1_3&#8243; _builder_version=&#8221;4.16&#8243; _module_preset=&#8221;default&#8221; global_colors_info=&#8221;{}&#8221;][et_pb_image src=&#8221;https:\/\/www.donausoja.org\/wp-content\/uploads\/2024\/02\/Agri-footprint-database-logo.jpg&#8221; title_text=&#8221;legumes-translated-logo&#8221; _builder_version=&#8221;4.21.0&#8243; _module_preset=&#8221;default&#8221; custom_margin=&#8221;||||false|false&#8221; custom_padding=&#8221;||||false|false&#8221; global_colors_info=&#8221;{}&#8221;][\/et_pb_image][et_pb_image src=&#8221;https:\/\/www.donausoja.org\/wp-content\/uploads\/2024\/02\/6456_GFLI_Logo_RGB.jpg&#8221; title_text=&#8221;legumes-translated-logo&#8221; align=&#8221;center&#8221; _builder_version=&#8221;4.21.0&#8243; _module_preset=&#8221;default&#8221; width=&#8221;48.7%&#8221; custom_margin=&#8221;||||false|false&#8221; custom_padding=&#8221;||||false|false&#8221; global_colors_info=&#8221;{}&#8221;][\/et_pb_image][\/et_pb_column][\/et_pb_row][et_pb_row column_structure=&#8221;2_3,1_3&#8243; admin_label=&#8221;Row: nuvio&#8221; _builder_version=&#8221;4.21.0&#8243; _module_preset=&#8221;default&#8221; background_color=&#8221;#ffffff&#8221; custom_padding=&#8221;20px|20px|20px|20px|false|false&#8221; box_shadow_style=&#8221;preset1&#8243; collapsed=&#8221;off&#8221; global_colors_info=&#8221;{}&#8221; locked=&#8221;off&#8221;][et_pb_column type=&#8221;2_3&#8243; _builder_version=&#8221;4.16&#8243; _module_preset=&#8221;default&#8221; global_colors_info=&#8221;{}&#8221;][et_pb_text _builder_version=&#8221;4.27.6&#8243; _module_preset=&#8221;77a7a6a5-6cba-4e24-a8d7-1992b0adbe08&#8243; custom_padding=&#8221;|1px||||&#8221; hover_enabled=&#8221;0&#8243; global_colors_info=&#8221;{}&#8221; sticky_enabled=&#8221;0&#8243;]<\/p>\n<h2>Nuvio Planet<\/h2>\n<p>Die CO\u2082-Datens\u00e4tze von Donau Soja sind nun vollst\u00e4ndig in <strong>Nuvio Planet<\/strong> integriert, sodass Partner und Mitglieder direkt \u00fcber die Plattform auf zuverl\u00e4ssige, europ\u00e4ische und abholzungsfreie Daten zugreifen k\u00f6nnen. Diese Integration st\u00e4rkt die M\u00f6glichkeiten zur Umweltanalyse entlang der gesamten Wertsch\u00f6pfungskette f\u00fcr Futtermittel und tierische Proteine.<\/p>\n<p>Nuvio Planet ist eine fortschrittliche LCA-Plattform, die Unternehmen dabei unterst\u00fctzt, die Umweltauswirkungen entlang ihrer Lieferketten zu bewerten und zu steuern. Die L\u00f6sung ist vollst\u00e4ndig auf CSRD, SBTi und andere relevante Nachhaltigkeitsrahmenwerke abgestimmt. Nutzer k\u00f6nnen simulieren, wie sich \u00c4nderungen bei Futtermitteln, Beschaffung oder Produktion auf ihren \u00f6kologischen Fu\u00dfabdruck auswirken, Szenariosimulationen durchf\u00fchren, Hotspots identifizieren und fundierte Entscheidungen auf der Grundlage solider Daten treffen.<\/p>\n<p>Durch die Integration der Daten von Donau Soja k\u00f6nnen Partner nun in Nuvio Planet auf umfassende Umweltinformationen in 16 Wirkungskategorien zugreifen, einschlie\u00dflich der M\u00f6glichkeit, ihren CO\u2082-Fu\u00dfabdruck zu berechnen, Emissionsminderungen nachzuweisen und \u00dcbergangswege zu modellieren, die Donau Soja einbeziehen. Alle Analysen sind transparent, von hoher Qualit\u00e4t und lassen sich einfach direkt in der Plattform durchf\u00fchren.<\/p>\n<p><strong>Kontakt:<\/strong> <a href=\"mailto:sustainability@donausoja.org\" data-linkindex=\"2\">sustainability@donausoja.org<\/a><br \/><strong>Weitere Informationen: <\/strong><a href=\"https:\/\/eur03.safelinks.protection.outlook.com\/?url=https%3A%2F%2Fnuvioplanet.com%2F&amp;data=05%7C02%7Ceisenkoelbl%40donausoja.org%7Cbe084ccc732f4fe5782108de6e028da6%7C873ffd841f5444f8a2df301ce0bbb570%7C0%7C0%7C639069154395096505%7CUnknown%7CTWFpbGZsb3d8eyJFbXB0eU1hcGkiOnRydWUsIlYiOiIwLjAuMDAwMCIsIlAiOiJXaW4zMiIsIkFOIjoiTWFpbCIsIldUIjoyfQ%3D%3D%7C0%7C%7C%7C&amp;sdata=OapYVVtDSLDqMIi9t8a%2BhgthyYP3j0pkn%2FBvj%2Bm8sIk%3D&amp;reserved=0\" data-auth=\"NotApplicable\" data-linkindex=\"3\">Nuvio Planet<\/a><\/p>\n<p>[\/et_pb_text][\/et_pb_column][et_pb_column type=&#8221;1_3&#8243; _builder_version=&#8221;4.16&#8243; _module_preset=&#8221;default&#8221; global_colors_info=&#8221;{}&#8221;][et_pb_image src=&#8221;https:\/\/www.donausoja.org\/wp-content\/uploads\/2026\/02\/nuvio-planet-logo-neutral900-scaled.png&#8221; title_text=&#8221;nuvio-planet-logo-neutral900&#8243; _builder_version=&#8221;4.27.4&#8243; _module_preset=&#8221;default&#8221; custom_margin=&#8221;||||false|false&#8221; custom_padding=&#8221;||||false|false&#8221; global_colors_info=&#8221;{}&#8221;][\/et_pb_image][\/et_pb_column][\/et_pb_row][et_pb_row column_structure=&#8221;2_3,1_3&#8243; admin_label=&#8221;Row: IOF pj&#8221; module_id=&#8221;Sustell_de&#8221; _builder_version=&#8221;4.21.0&#8243; _module_preset=&#8221;default&#8221; background_color=&#8221;#ffffff&#8221; custom_margin=&#8221;40px||||false|false&#8221; custom_padding=&#8221;20px|20px|20px|20px|false|false&#8221; box_shadow_style=&#8221;preset1&#8243; global_colors_info=&#8221;{}&#8221;][et_pb_column type=&#8221;2_3&#8243; _builder_version=&#8221;4.16&#8243; _module_preset=&#8221;default&#8221; global_colors_info=&#8221;{}&#8221;][et_pb_text _builder_version=&#8221;4.27.4&#8243; _module_preset=&#8221;77a7a6a5-6cba-4e24-a8d7-1992b0adbe08&#8243; global_colors_info=&#8221;{}&#8221;]<\/p>\n<h2><span class=\"ui-provider a b c d e f g h i j k l m n o p q r s t u v w x y z ab ac ae af ag ah ai aj ak\" dir=\"ltr\">Sustell\u2122<\/span><\/h2>\n<p style=\"text-align: justify;\">\u200bSustell\u2122 ist ein LCA-Tool von dsm-firmenich, das hilft, den \u00f6kologischen Fu\u00dfabdruck von Futtermitteln und landwirtschaftlichen Betrieben zu verstehen und zu verbessern.<\/p>\n<p>Die\u00a0Sustell\u2122\u00a0Intelligence Platform ist eine benutzerfreundliche, webbasierte Plattform f\u00fcr die Dateneingabe, Messung und Visualisierung der Ergebnisse des gesamten \u00f6kologischen Fu\u00dfabdrucks:<\/p>\n<ul>\n<li>Basierend auf einem vollst\u00e4ndigen Life Cycle Assessment (LCA)<\/li>\n<li>Pr\u00e4zise Berechnung erm\u00f6glicht sp\u00fcrbare und messbare Verbesserungen des \u00f6kologischen Fu\u00dfabdrucks von Futtermitteln und landwirtschaftlichen Betrieben<\/li>\n<li>St\u00e4ndig aktualisiert und verbessert, um den Bed\u00fcrfnissen der Anwender, der Wissenschaft, den Methoden, der sich \u00e4ndernden regulatorischen Landschaft und den sich \u00e4ndernden Bed\u00fcrfnissen der Hersteller und der Industrie von tierischen Proteinen gerecht zu werden<\/li>\n<\/ul>\n<p>Sustell\u2122\u00a0erm\u00f6glicht es Ihnen, die betriebs- und futtermittelbedingten Emissionen zu berechnen und zeigt die Auswirkungen einer \u00c4nderung der Tierern\u00e4hrung oder bestimmter Futtermittelbestandteile aus einer Vielzahl von Herkunftsl\u00e4ndern.<\/p>\n<p><strong>Vorteile f\u00fcr Donau Soja Partner und Mitglieder<br \/><\/strong>Donau Soja \/ Europe Soya LCA Datens\u00e4tze sind im Tool integriert und k\u00f6nnen f\u00fcr Ihre Berechnungen verwendet werden.<\/p>\n<p><strong><span style=\"color: #76b82a;\">Exklusives Angebot<\/span><br \/><\/strong>Donau Soja Mitglieder profitieren von einem Rabatt auf eine Benutzerlizenz f\u00fcr das\u00a0Sustell\u2122 Tool f\u00fcr das erste Jahr.*<br \/><span style=\"color: #999999;\">*Bedingungen gelten<\/span><\/p>\n<p>Weitere Informationen zu den bevorzugten Konditionen f\u00fcr Donau Soja Mitglieder erhalten Sie auf Anfrage.<\/p>\n<p><strong>Download<\/strong>: <a href=\"https:\/\/www.donausoja.org\/wp-content\/uploads\/2024\/02\/dsm_firmenich-tool.pdf\" target=\"_blank\" rel=\"noopener\">Weitere Informationen\u00a0<\/a><br \/><strong>Link:<\/strong> <a href=\"https:\/\/www.sustell.com\/en_US\/home.html\" target=\"_blank\" rel=\"noopener\">Sustell\u2122<\/a><br \/><strong>Kontakt: <\/strong><a href=\"mailto:sustainability@donausoja.org\">sustainability@donausoja.org<\/a><strong><\/p>\n<p><\/strong><\/p>\n<p>[\/et_pb_text][\/et_pb_column][et_pb_column type=&#8221;1_3&#8243; _builder_version=&#8221;4.16&#8243; _module_preset=&#8221;default&#8221; global_colors_info=&#8221;{}&#8221;][et_pb_image src=&#8221;https:\/\/www.donausoja.org\/wp-content\/uploads\/2024\/12\/Sustell_crop.png&#8221; title_text=&#8221;Sustell-Logo-Donau-Soja-Member&#8221; _builder_version=&#8221;4.27.3&#8243; _module_preset=&#8221;default&#8221; custom_margin=&#8221;||||false|false&#8221; custom_padding=&#8221;||||false|false&#8221; global_colors_info=&#8221;{}&#8221;][\/et_pb_image][et_pb_image src=&#8221;https:\/\/www.donausoja.org\/wp-content\/uploads\/2024\/02\/laptop-experience-sustell-logo-DNV.webp&#8221; title_text=&#8221;iof2020-1024&#215;561&#8243; _builder_version=&#8221;4.21.0&#8243; _module_preset=&#8221;default&#8221; custom_margin=&#8221;||||false|false&#8221; custom_padding=&#8221;||||false|false&#8221; global_colors_info=&#8221;{}&#8221;][\/et_pb_image][\/et_pb_column][\/et_pb_row][et_pb_row _builder_version=&#8221;4.16&#8243; _module_preset=&#8221;default&#8221; global_colors_info=&#8221;{}&#8221;][et_pb_column type=&#8221;4_4&#8243; _builder_version=&#8221;4.16&#8243; _module_preset=&#8221;default&#8221; global_colors_info=&#8221;{}&#8221;][\/et_pb_column][\/et_pb_row][\/et_pb_section]<\/p>\n","protected":false},"excerpt":{"rendered":"<p>Life-Cycle-Assessment (LCA) &#8211; Datens\u00e4tze und ToolsMithilfe von Life Cycle Assessment (LCA)-Tools (Deutsch auch: Methoden zur \u00d6kobilanzierung) werden die Umweltauswirkungen eines Produkts, Prozesses oder einer Dienstleistung w\u00e4hrend des gesamten Lebenszyklus bewertet. Donau Soja ver\u00f6ffentlicht LCA-Datens\u00e4tze zu den Umweltauswirkungen von Donau Soja \/ Europe Soya zertifizierten Sojabohnen in LCA-Datenbanken und Berechnungstools, auch im derzeit sehr relevanten SBTi [&hellip;]<\/p>\n","protected":false},"author":19,"featured_media":0,"parent":0,"menu_order":0,"comment_status":"closed","ping_status":"closed","template":"","meta":{"_et_pb_use_builder":"on","_et_pb_old_content":"","_et_gb_content_width":"","footnotes":""},"class_list":["post-38028","page","type-page","status-publish","hentry"],"yoast_head":"<!-- This site is optimized with the Yoast SEO plugin v27.4 - https:\/\/yoast.com\/product\/yoast-seo-wordpress\/ -->\n<title>LCA Tools - Donau Soja<\/title>\n<meta name=\"robots\" content=\"index, follow, max-snippet:-1, max-image-preview:large, max-video-preview:-1\" \/>\n<link rel=\"canonical\" href=\"https:\/\/www.donausoja.org\/de\/lca-tools\/\" \/>\n<meta property=\"og:locale\" content=\"de_DE\" \/>\n<meta property=\"og:type\" content=\"article\" \/>\n<meta property=\"og:title\" content=\"LCA Tools - Donau Soja\" \/>\n<meta property=\"og:description\" content=\"Life-Cycle-Assessment (LCA) - Datens\u00e4tze und ToolsMithilfe von Life Cycle Assessment (LCA)-Tools (Deutsch auch: Methoden zur \u00d6kobilanzierung) werden die Umweltauswirkungen eines Produkts, Prozesses oder einer Dienstleistung w\u00e4hrend des gesamten Lebenszyklus bewertet. Donau Soja ver\u00f6ffentlicht LCA-Datens\u00e4tze zu den Umweltauswirkungen von Donau Soja \/ Europe Soya zertifizierten Sojabohnen in LCA-Datenbanken und Berechnungstools, auch im derzeit sehr relevanten SBTi [&hellip;]\" \/>\n<meta property=\"og:url\" content=\"https:\/\/www.donausoja.org\/de\/lca-tools\/\" \/>\n<meta property=\"og:site_name\" content=\"Donau Soja\" \/>\n<meta property=\"article:modified_time\" content=\"2026-04-20T11:17:27+00:00\" \/>\n<meta name=\"twitter:card\" content=\"summary_large_image\" \/>\n<meta name=\"twitter:label1\" content=\"Gesch\u00e4tzte Lesezeit\" \/>\n\t<meta name=\"twitter:data1\" content=\"5\u00a0Minuten\" \/>\n<script type=\"application\/ld+json\" class=\"yoast-schema-graph\">{\"@context\":\"https:\\\/\\\/schema.org\",\"@graph\":[{\"@type\":\"WebPage\",\"@id\":\"https:\\\/\\\/www.donausoja.org\\\/de\\\/lca-tools\\\/\",\"url\":\"https:\\\/\\\/www.donausoja.org\\\/de\\\/lca-tools\\\/\",\"name\":\"LCA Tools - Donau Soja\",\"isPartOf\":{\"@id\":\"https:\\\/\\\/www.donausoja.org\\\/de\\\/#website\"},\"datePublished\":\"2024-02-13T07:49:08+00:00\",\"dateModified\":\"2026-04-20T11:17:27+00:00\",\"breadcrumb\":{\"@id\":\"https:\\\/\\\/www.donausoja.org\\\/de\\\/lca-tools\\\/#breadcrumb\"},\"inLanguage\":\"de\",\"potentialAction\":[{\"@type\":\"ReadAction\",\"target\":[\"https:\\\/\\\/www.donausoja.org\\\/de\\\/lca-tools\\\/\"]}]},{\"@type\":\"BreadcrumbList\",\"@id\":\"https:\\\/\\\/www.donausoja.org\\\/de\\\/lca-tools\\\/#breadcrumb\",\"itemListElement\":[{\"@type\":\"ListItem\",\"position\":1,\"name\":\"Home\",\"item\":\"https:\\\/\\\/www.donausoja.org\\\/de\\\/\"},{\"@type\":\"ListItem\",\"position\":2,\"name\":\"LCA Tools\"}]},{\"@type\":\"WebSite\",\"@id\":\"https:\\\/\\\/www.donausoja.org\\\/de\\\/#website\",\"url\":\"https:\\\/\\\/www.donausoja.org\\\/de\\\/\",\"name\":\"Donau Soja\",\"description\":\"Together for a European Protein Supply: Regional. Sustainable. Non-GM.\",\"potentialAction\":[{\"@type\":\"SearchAction\",\"target\":{\"@type\":\"EntryPoint\",\"urlTemplate\":\"https:\\\/\\\/www.donausoja.org\\\/de\\\/?s={search_term_string}\"},\"query-input\":{\"@type\":\"PropertyValueSpecification\",\"valueRequired\":true,\"valueName\":\"search_term_string\"}}],\"inLanguage\":\"de\"}]}<\/script>\n<!-- \/ Yoast SEO plugin. -->","yoast_head_json":{"title":"LCA Tools - Donau Soja","robots":{"index":"index","follow":"follow","max-snippet":"max-snippet:-1","max-image-preview":"max-image-preview:large","max-video-preview":"max-video-preview:-1"},"canonical":"https:\/\/www.donausoja.org\/de\/lca-tools\/","og_locale":"de_DE","og_type":"article","og_title":"LCA Tools - Donau Soja","og_description":"Life-Cycle-Assessment (LCA) - Datens\u00e4tze und ToolsMithilfe von Life Cycle Assessment (LCA)-Tools (Deutsch auch: Methoden zur \u00d6kobilanzierung) werden die Umweltauswirkungen eines Produkts, Prozesses oder einer Dienstleistung w\u00e4hrend des gesamten Lebenszyklus bewertet. Donau Soja ver\u00f6ffentlicht LCA-Datens\u00e4tze zu den Umweltauswirkungen von Donau Soja \/ Europe Soya zertifizierten Sojabohnen in LCA-Datenbanken und Berechnungstools, auch im derzeit sehr relevanten SBTi [&hellip;]","og_url":"https:\/\/www.donausoja.org\/de\/lca-tools\/","og_site_name":"Donau Soja","article_modified_time":"2026-04-20T11:17:27+00:00","twitter_card":"summary_large_image","twitter_misc":{"Gesch\u00e4tzte Lesezeit":"5\u00a0Minuten"},"schema":{"@context":"https:\/\/schema.org","@graph":[{"@type":"WebPage","@id":"https:\/\/www.donausoja.org\/de\/lca-tools\/","url":"https:\/\/www.donausoja.org\/de\/lca-tools\/","name":"LCA Tools - Donau Soja","isPartOf":{"@id":"https:\/\/www.donausoja.org\/de\/#website"},"datePublished":"2024-02-13T07:49:08+00:00","dateModified":"2026-04-20T11:17:27+00:00","breadcrumb":{"@id":"https:\/\/www.donausoja.org\/de\/lca-tools\/#breadcrumb"},"inLanguage":"de","potentialAction":[{"@type":"ReadAction","target":["https:\/\/www.donausoja.org\/de\/lca-tools\/"]}]},{"@type":"BreadcrumbList","@id":"https:\/\/www.donausoja.org\/de\/lca-tools\/#breadcrumb","itemListElement":[{"@type":"ListItem","position":1,"name":"Home","item":"https:\/\/www.donausoja.org\/de\/"},{"@type":"ListItem","position":2,"name":"LCA Tools"}]},{"@type":"WebSite","@id":"https:\/\/www.donausoja.org\/de\/#website","url":"https:\/\/www.donausoja.org\/de\/","name":"Donau Soja","description":"Together for a European Protein Supply: Regional. Sustainable. Non-GM.","potentialAction":[{"@type":"SearchAction","target":{"@type":"EntryPoint","urlTemplate":"https:\/\/www.donausoja.org\/de\/?s={search_term_string}"},"query-input":{"@type":"PropertyValueSpecification","valueRequired":true,"valueName":"search_term_string"}}],"inLanguage":"de"}]}},"_links":{"self":[{"href":"https:\/\/www.donausoja.org\/de\/wp-json\/wp\/v2\/pages\/38028","targetHints":{"allow":["GET"]}}],"collection":[{"href":"https:\/\/www.donausoja.org\/de\/wp-json\/wp\/v2\/pages"}],"about":[{"href":"https:\/\/www.donausoja.org\/de\/wp-json\/wp\/v2\/types\/page"}],"author":[{"embeddable":true,"href":"https:\/\/www.donausoja.org\/de\/wp-json\/wp\/v2\/users\/19"}],"replies":[{"embeddable":true,"href":"https:\/\/www.donausoja.org\/de\/wp-json\/wp\/v2\/comments?post=38028"}],"version-history":[{"count":26,"href":"https:\/\/www.donausoja.org\/de\/wp-json\/wp\/v2\/pages\/38028\/revisions"}],"predecessor-version":[{"id":68617,"href":"https:\/\/www.donausoja.org\/de\/wp-json\/wp\/v2\/pages\/38028\/revisions\/68617"}],"wp:attachment":[{"href":"https:\/\/www.donausoja.org\/de\/wp-json\/wp\/v2\/media?parent=38028"}],"curies":[{"name":"wp","href":"https:\/\/api.w.org\/{rel}","templated":true}]}}