
{"id":19728,"date":"2022-01-21T19:38:21","date_gmt":"2022-01-21T19:38:21","guid":{"rendered":"https:\/\/fourth.donausoja.org\/organisation\/freie-stellen-ausschreibungen\/"},"modified":"2026-03-24T12:11:29","modified_gmt":"2026-03-24T12:11:29","slug":"freie-stellen-ausschreibungen","status":"publish","type":"page","link":"https:\/\/www.donausoja.org\/de\/organisation\/freie-stellen-ausschreibungen\/","title":{"rendered":"Freie Stellen\/Ausschreibungen"},"content":{"rendered":"<p>[et_pb_section fb_built=&#8221;1&#8243; _builder_version=&#8221;4.16&#8243; _module_preset=&#8221;default&#8221; background_color=&#8221;RGBA(255,255,255,0)&#8221; da_disable_devices=&#8221;off|off|off&#8221; locked=&#8221;off&#8221; global_colors_info=&#8221;{}&#8221; da_is_popup=&#8221;off&#8221; da_exit_intent=&#8221;off&#8221; da_has_close=&#8221;on&#8221; da_alt_close=&#8221;off&#8221; da_dark_close=&#8221;off&#8221; da_not_modal=&#8221;on&#8221; da_is_singular=&#8221;off&#8221; da_with_loader=&#8221;off&#8221; da_has_shadow=&#8221;on&#8221;][et_pb_row _builder_version=&#8221;4.16&#8243; _module_preset=&#8221;default&#8221; custom_padding=&#8221;130px|||||&#8221; global_colors_info=&#8221;{}&#8221;][et_pb_column type=&#8221;4_4&#8243; _builder_version=&#8221;4.16&#8243; _module_preset=&#8221;default&#8221; global_colors_info=&#8221;{}&#8221;][et_pb_text admin_label=&#8221;headline&#8221; _builder_version=&#8221;4.16&#8243; _module_preset=&#8221;77a7a6a5-6cba-4e24-a8d7-1992b0adbe08&#8243; header_font=&#8221;Ubuntu|700|||||||&#8221; global_colors_info=&#8221;{}&#8221;]<\/p>\n<section class=\"elementor-section elementor-top-section elementor-element elementor-element-87ac4cf elementor-section-height-min-height elementor-section-items-bottom elementor-section-boxed elementor-section-height-default\" data-id=\"87ac4cf\" data-element_type=\"section\">\n<div class=\"elementor-container elementor-column-gap-default\">\n<div class=\"elementor-row\">\n<div class=\"elementor-column elementor-col-100 elementor-top-column elementor-element elementor-element-43eb478\" data-id=\"43eb478\" data-element_type=\"column\">\n<div class=\"elementor-column-wrap elementor-element-populated\">\n<div class=\"elementor-widget-wrap\">\n<div class=\"elementor-element elementor-element-d918ba3 elementor-widget elementor-widget-heading elementor-motion-effects-parent animated fadeInUp\" data-id=\"d918ba3\" data-element_type=\"widget\" data-settings=\"{&quot;motion_fx_motion_fx_scrolling&quot;:&quot;yes&quot;,&quot;motion_fx_opacity_effect&quot;:&quot;yes&quot;,&quot;motion_fx_opacity_direction&quot;:&quot;in-out&quot;,&quot;motion_fx_opacity_range&quot;:{&quot;unit&quot;:&quot;%&quot;,&quot;size&quot;:&quot;&quot;,&quot;sizes&quot;:{&quot;start&quot;:74,&quot;end&quot;:90}},&quot;_animation&quot;:&quot;fadeInUp&quot;,&quot;motion_fx_opacity_level&quot;:{&quot;unit&quot;:&quot;px&quot;,&quot;size&quot;:10,&quot;sizes&quot;:[]},&quot;motion_fx_devices&quot;:[&quot;desktop&quot;,&quot;tablet&quot;,&quot;mobile&quot;]}\" data-widget_type=\"heading.default\">\n<div class=\"elementor-widget-container elementor-motion-effects-element\">\n<h1 class=\"elementor-heading-title elementor-size-xl\">Freie Stellen \/ Ausschreibungen<\/h1>\n<\/div>\n<\/div>\n<\/div>\n<\/div>\n<\/div>\n<\/div>\n<\/div>\n<\/section>\n<section class=\"elementor-section elementor-top-section elementor-element elementor-element-f902c40 elementor-section-boxed elementor-section-height-default elementor-section-height-default\" data-id=\"f902c40\" data-element_type=\"section\" data-settings=\"{&quot;background_background&quot;:&quot;classic&quot;}\">\n<div class=\"elementor-container elementor-column-gap-default\">\n<div class=\"elementor-row\">\n<div class=\"elementor-column elementor-col-100 elementor-top-column elementor-element elementor-element-c16f7a6\" data-id=\"c16f7a6\" data-element_type=\"column\" data-settings=\"{&quot;background_background&quot;:&quot;classic&quot;}\">\n<div class=\"elementor-column-wrap elementor-element-populated\">\n<div class=\"elementor-widget-wrap\">\n<div class=\"elementor-element elementor-element-92521f5 break elementor-widget elementor-widget-heading\" data-id=\"92521f5\" data-element_type=\"widget\" data-widget_type=\"heading.default\">\n<div class=\"elementor-widget-container\"><\/div>\n<\/div>\n<\/div>\n<\/div>\n<\/div>\n<\/div>\n<\/div>\n<\/section>\n<p>[\/et_pb_text][\/et_pb_column][\/et_pb_row][\/et_pb_section][et_pb_section fb_built=&#8221;1&#8243; _builder_version=&#8221;4.16&#8243; _module_preset=&#8221;default&#8221; background_color=&#8221;rgba(246,241,232,0.8)&#8221; custom_padding=&#8221;||3px|||&#8221; da_disable_devices=&#8221;off|off|off&#8221; global_colors_info=&#8221;{}&#8221; da_is_popup=&#8221;off&#8221; da_exit_intent=&#8221;off&#8221; da_has_close=&#8221;on&#8221; da_alt_close=&#8221;off&#8221; da_dark_close=&#8221;off&#8221; da_not_modal=&#8221;on&#8221; da_is_singular=&#8221;off&#8221; da_with_loader=&#8221;off&#8221; da_has_shadow=&#8221;on&#8221;][et_pb_row _builder_version=&#8221;4.21.0&#8243; _module_preset=&#8221;default&#8221; background_color=&#8221;#FFFFFF&#8221; custom_margin=&#8221;20px||40px||false|false&#8221; global_colors_info=&#8221;{}&#8221;][et_pb_column type=&#8221;4_4&#8243; _builder_version=&#8221;4.16&#8243; _module_preset=&#8221;default&#8221; global_colors_info=&#8221;{}&#8221;][et_pb_text disabled_on=&#8221;off|off|off&#8221; admin_label=&#8221;Headline&#8221; _builder_version=&#8221;4.27.4&#8243; _module_preset=&#8221;97a49757-9877-47ea-b480-aa7742502928&#8243; custom_padding=&#8221;20px|||20px|false|false&#8221; global_colors_info=&#8221;{}&#8221;]<\/p>\n<h2>Freie Stellen<\/h2>\n<p>[\/et_pb_text][et_pb_text disabled_on=&#8221;on|on|on&#8221; admin_label=&#8221;KAM animal products March2026&#8243; _builder_version=&#8221;4.27.4&#8243; _module_preset=&#8221;77a7a6a5-6cba-4e24-a8d7-1992b0adbe08&#8243; background_color=&#8221;#F6F1E8&#8243; custom_margin=&#8221;|20px||20px|false|false&#8221; custom_padding=&#8221;20px|20px|20px|20px|false|false&#8221; locked=&#8221;off&#8221; global_colors_info=&#8221;{}&#8221; disabled=&#8221;on&#8221;]<\/p>\n<p data-start=\"213\" data-end=\"246\">Werde Teil von Donau Soja als<\/p>\n<h4 data-start=\"248\" data-end=\"626\">Stakeholder Manager*in f\u00fcr tierische Produkte &amp; Futtermittel (Vollzeit; ab sofort; Standort Wien)<\/h4>\n<p data-start=\"248\" data-end=\"626\">Zur Verst\u00e4rkung unseres Teams suchen wir eine vertriebsstarke Pers\u00f6nlichkeit mit Marktgesp\u00fcr und einem guten Netzwerk im Bereich Tierproduktion &amp; Futtermittel.<\/p>\n<p data-start=\"628\" data-end=\"668\">F\u00fcr weitere Informationen klicke <a href=\"https:\/\/www.donausoja.org\/wp-content\/uploads\/2026\/02\/KAM-Animal-Products-02.2026.pdf\" target=\"_blank\" rel=\"noopener\">hier.<\/a><br \/>Wir freuen uns auf deine Bewerbung bis 22.M\u00e4rz 2026 \u00fcber <a href=\"https:\/\/jobs.smartrecruiters.com\/DonauSoja\/744000111336275-stakeholder-manager-in-tierische-produkte-futtermittel\" target=\"_blank\" rel=\"noopener\">SmartRecruiters.<\/a><\/p>\n<p>&nbsp;<\/p>\n<h4>\u200b<\/h4>\n<p>[\/et_pb_text][et_pb_text disabled_on=&#8221;on|on|on&#8221; admin_label=&#8221;DIRECTOR SUSTAINABLE VALUE CHAIN SOLUTIONS&#8221; _builder_version=&#8221;4.27.4&#8243; _module_preset=&#8221;77a7a6a5-6cba-4e24-a8d7-1992b0adbe08&#8243; background_color=&#8221;#F6F1E8&#8243; custom_margin=&#8221;|20px||20px|false|false&#8221; custom_padding=&#8221;20px|20px|20px|20px|false|false&#8221; disabled=&#8221;on&#8221; locked=&#8221;off&#8221; global_colors_info=&#8221;{}&#8221;]<\/p>\n<p>Werde Teil von Donau Soja als<\/p>\n<h4 class=\"job-title\">DIRECTOR SUSTAINABLE VALUE CHAIN SOLUTIONS (m\/w\/d; 38.5hrs, Standort Wien)<\/h4>\n<p>Als Director:in Sustainable Value Chain Solutions (m,w,d) leitest Du die strategische Weiterentwicklung und Qualit\u00e4tssicherung unserer Angebote \u2013 mit Fokus auf ESG orientierte Services, nachhaltige Wertsch\u00f6pfungsketten und Impact-getriebene Produktentwicklung.<\/p>\n<p>Klicke <a href=\"https:\/\/www.donausoja.org\/wp-content\/uploads\/2025\/11\/Director-Sustainable-Value-Chain-Solutions_10.2025.pdf\" target=\"_blank\" rel=\"noopener\">hier <\/a>f\u00fcr mehr Information<\/p>\n<p>Wir freuen uns auf deine Bewerbung unter<a href=\"https:\/\/jobs.smartrecruiters.com\/DonauSoja\/744000090339077-director-sustainable-value-chain-solutions-m-w-d-\" target=\"_blank\" rel=\"noopener\"> SmartRecruiters <\/a>bis zum 30.November 2025<\/p>\n<h4>\u200b<\/h4>\n<p>[\/et_pb_text][\/et_pb_column][\/et_pb_row][et_pb_row _builder_version=&#8221;4.27.4&#8243; _module_preset=&#8221;default&#8221; background_color=&#8221;#ffffff&#8221; custom_margin=&#8221;20px||40px||false|false&#8221; global_colors_info=&#8221;{}&#8221;][et_pb_column type=&#8221;4_4&#8243; _builder_version=&#8221;4.16&#8243; _module_preset=&#8221;default&#8221; global_colors_info=&#8221;{}&#8221;][et_pb_text admin_label=&#8221;Text&#8221; _builder_version=&#8221;4.27.4&#8243; _module_preset=&#8221;97a49757-9877-47ea-b480-aa7742502928&#8243; custom_padding=&#8221;20px|||20px|false|false&#8221; global_colors_info=&#8221;{}&#8221;]<\/p>\n<h2>Ausschreibungen<\/h2>\n<p>[\/et_pb_text][et_pb_text disabled_on=&#8221;on|on|on&#8221; admin_label=&#8221;Text &#8211; Service provider Europe Soya Campaign&#8221; _builder_version=&#8221;4.27.4&#8243; _module_preset=&#8221;77a7a6a5-6cba-4e24-a8d7-1992b0adbe08&#8243; background_color=&#8221;#F6F1E8&#8243; custom_margin=&#8221;-20px|20px||20px|false|false&#8221; custom_padding=&#8221;20px|20px|20px|20px|false|false&#8221; locked=&#8221;off&#8221; global_colors_info=&#8221;{}&#8221; disabled=&#8221;on&#8221;]<\/p>\n<p>Donau Soja sucht einen<\/p>\n<h4>Dienstleister f\u00fcr die Entwicklung und Umsetzung einer Informations- und Absatzf\u00f6rderungskampagne<br \/>\u201eEurope Soya\u201c \u2013 Aufbau einer Markenidentit\u00e4t<\/h4>\n<p>beschrieben in den TORs zum <a href=\"https:\/\/www.donausoja.org\/wp-content\/uploads\/2025\/02\/20260223_ToR-Europe-Soya-Campaign_updated.pdf\">Herunterladen.<\/a><\/p>\n<p>Bitte senden Sie Ihr Angebot bis zum 20. M\u00e4rz 2026 an <a href=\"mailto:marketing.ua@donausoja.org\">marketing.ua@donausoja.org.<\/a><\/p>\n<p>[\/et_pb_text][et_pb_text disabled_on=&#8221;on|on|on&#8221; _builder_version=&#8221;4.16&#8243; _module_preset=&#8221;77a7a6a5-6cba-4e24-a8d7-1992b0adbe08&#8243; background_color=&#8221;#F6F1E8&#8243; custom_margin=&#8221;-20px|20px||20px|false|false&#8221; custom_padding=&#8221;20px|20px|20px|20px|false|false&#8221; disabled=&#8221;on&#8221; global_colors_info=&#8221;{}&#8221;]<\/p>\n<p>Donau Soja is looking for a<\/p>\n<h4>SERVICE PROVIDER FOR EXECUTION OF B2B COMMUNICATION CAMPAIGN FOR DONAU SOJA\/EUROPE SOYA CERTIFIED SOYA PRODUCTS TARGETING PLANT-BASED FOOD INDUSTRY IN EUROPE<\/h4>\n<p>described in the TORs for <a href=\"https:\/\/www.donausoja.org\/wp-content\/uploads\/2022\/02\/ToR_Donau_Soja_B2B_campaign.pdf\" target=\"_blank\" rel=\"noopener\">download.<\/a><\/p>\n<p>Please send your offer to <a href=\"mailto:project_admin@donausoja.org\">project_admin(at)donausoja.org<\/a> by January 15th 2022.<\/p>\n<p>[\/et_pb_text][\/et_pb_column][\/et_pb_row][\/et_pb_section]<\/p>\n","protected":false},"excerpt":{"rendered":"<p>Freie Stellen \/ Ausschreibungen Freie StellenWerde Teil von Donau Soja als Stakeholder Manager*in f\u00fcr tierische Produkte &amp; Futtermittel (Vollzeit; ab sofort; Standort Wien) Zur Verst\u00e4rkung unseres Teams suchen wir eine vertriebsstarke Pers\u00f6nlichkeit mit Marktgesp\u00fcr und einem guten Netzwerk im Bereich Tierproduktion &amp; Futtermittel. F\u00fcr weitere Informationen klicke hier.Wir freuen uns auf deine Bewerbung bis 22.M\u00e4rz [&hellip;]<\/p>\n","protected":false},"author":2,"featured_media":67,"parent":19320,"menu_order":0,"comment_status":"open","ping_status":"open","template":"","meta":{"_et_pb_use_builder":"on","_et_pb_old_content":"","_et_gb_content_width":"","footnotes":""},"class_list":["post-19728","page","type-page","status-publish","has-post-thumbnail","hentry"],"yoast_head":"<!-- This site is optimized with the Yoast SEO plugin v27.4 - https:\/\/yoast.com\/product\/yoast-seo-wordpress\/ -->\n<title>Freie Stellen\/Ausschreibungen - Donau Soja<\/title>\n<meta name=\"description\" content=\"Freie Stellen \/ Ausschreibungen bei Donau Soja\" \/>\n<meta name=\"robots\" content=\"index, follow, max-snippet:-1, max-image-preview:large, max-video-preview:-1\" \/>\n<link rel=\"canonical\" href=\"https:\/\/www.donausoja.org\/de\/organisation\/freie-stellen-ausschreibungen\/\" \/>\n<meta property=\"og:locale\" content=\"de_DE\" \/>\n<meta property=\"og:type\" content=\"article\" \/>\n<meta property=\"og:title\" content=\"Freie Stellen\/Ausschreibungen - Donau Soja\" \/>\n<meta property=\"og:description\" content=\"Freie Stellen \/ Ausschreibungen bei Donau Soja\" \/>\n<meta property=\"og:url\" content=\"https:\/\/www.donausoja.org\/de\/organisation\/freie-stellen-ausschreibungen\/\" \/>\n<meta property=\"og:site_name\" content=\"Donau Soja\" \/>\n<meta property=\"article:modified_time\" content=\"2026-03-24T12:11:29+00:00\" \/>\n<meta property=\"og:image\" content=\"https:\/\/www.donausoja.org\/wp-content\/uploads\/2021\/12\/cropped-donausoja_favicon2_512-1-e1645618911394.png\" \/>\n\t<meta property=\"og:image:width\" content=\"212\" \/>\n\t<meta property=\"og:image:height\" content=\"212\" \/>\n\t<meta property=\"og:image:type\" content=\"image\/png\" \/>\n<meta name=\"twitter:card\" content=\"summary_large_image\" \/>\n<meta name=\"twitter:label1\" content=\"Gesch\u00e4tzte Lesezeit\" \/>\n\t<meta name=\"twitter:data1\" content=\"1\u00a0Minute\" \/>\n<script type=\"application\/ld+json\" class=\"yoast-schema-graph\">{\"@context\":\"https:\\\/\\\/schema.org\",\"@graph\":[{\"@type\":\"WebPage\",\"@id\":\"https:\\\/\\\/www.donausoja.org\\\/de\\\/organisation\\\/freie-stellen-ausschreibungen\\\/\",\"url\":\"https:\\\/\\\/www.donausoja.org\\\/de\\\/organisation\\\/freie-stellen-ausschreibungen\\\/\",\"name\":\"Freie Stellen\\\/Ausschreibungen - Donau Soja\",\"isPartOf\":{\"@id\":\"https:\\\/\\\/www.donausoja.org\\\/de\\\/#website\"},\"primaryImageOfPage\":{\"@id\":\"https:\\\/\\\/www.donausoja.org\\\/de\\\/organisation\\\/freie-stellen-ausschreibungen\\\/#primaryimage\"},\"image\":{\"@id\":\"https:\\\/\\\/www.donausoja.org\\\/de\\\/organisation\\\/freie-stellen-ausschreibungen\\\/#primaryimage\"},\"thumbnailUrl\":\"https:\\\/\\\/www.donausoja.org\\\/wp-content\\\/uploads\\\/2021\\\/12\\\/cropped-donausoja_favicon2_512-1-e1645618911394.png\",\"datePublished\":\"2022-01-21T19:38:21+00:00\",\"dateModified\":\"2026-03-24T12:11:29+00:00\",\"description\":\"Freie Stellen \\\/ Ausschreibungen bei Donau Soja\",\"breadcrumb\":{\"@id\":\"https:\\\/\\\/www.donausoja.org\\\/de\\\/organisation\\\/freie-stellen-ausschreibungen\\\/#breadcrumb\"},\"inLanguage\":\"de\",\"potentialAction\":[{\"@type\":\"ReadAction\",\"target\":[\"https:\\\/\\\/www.donausoja.org\\\/de\\\/organisation\\\/freie-stellen-ausschreibungen\\\/\"]}]},{\"@type\":\"ImageObject\",\"inLanguage\":\"de\",\"@id\":\"https:\\\/\\\/www.donausoja.org\\\/de\\\/organisation\\\/freie-stellen-ausschreibungen\\\/#primaryimage\",\"url\":\"https:\\\/\\\/www.donausoja.org\\\/wp-content\\\/uploads\\\/2021\\\/12\\\/cropped-donausoja_favicon2_512-1-e1645618911394.png\",\"contentUrl\":\"https:\\\/\\\/www.donausoja.org\\\/wp-content\\\/uploads\\\/2021\\\/12\\\/cropped-donausoja_favicon2_512-1-e1645618911394.png\",\"width\":212,\"height\":212},{\"@type\":\"BreadcrumbList\",\"@id\":\"https:\\\/\\\/www.donausoja.org\\\/de\\\/organisation\\\/freie-stellen-ausschreibungen\\\/#breadcrumb\",\"itemListElement\":[{\"@type\":\"ListItem\",\"position\":1,\"name\":\"Home\",\"item\":\"https:\\\/\\\/www.donausoja.org\\\/de\\\/\"},{\"@type\":\"ListItem\",\"position\":2,\"name\":\"Organisation\",\"item\":\"https:\\\/\\\/www.donausoja.org\\\/de\\\/organisation\\\/\"},{\"@type\":\"ListItem\",\"position\":3,\"name\":\"Freie Stellen\\\/Ausschreibungen\"}]},{\"@type\":\"WebSite\",\"@id\":\"https:\\\/\\\/www.donausoja.org\\\/de\\\/#website\",\"url\":\"https:\\\/\\\/www.donausoja.org\\\/de\\\/\",\"name\":\"Donau Soja\",\"description\":\"Together for a European Protein Supply: Regional. Sustainable. Non-GM.\",\"potentialAction\":[{\"@type\":\"SearchAction\",\"target\":{\"@type\":\"EntryPoint\",\"urlTemplate\":\"https:\\\/\\\/www.donausoja.org\\\/de\\\/?s={search_term_string}\"},\"query-input\":{\"@type\":\"PropertyValueSpecification\",\"valueRequired\":true,\"valueName\":\"search_term_string\"}}],\"inLanguage\":\"de\"}]}<\/script>\n<!-- \/ Yoast SEO plugin. -->","yoast_head_json":{"title":"Freie Stellen\/Ausschreibungen - Donau Soja","description":"Freie Stellen \/ Ausschreibungen bei Donau Soja","robots":{"index":"index","follow":"follow","max-snippet":"max-snippet:-1","max-image-preview":"max-image-preview:large","max-video-preview":"max-video-preview:-1"},"canonical":"https:\/\/www.donausoja.org\/de\/organisation\/freie-stellen-ausschreibungen\/","og_locale":"de_DE","og_type":"article","og_title":"Freie Stellen\/Ausschreibungen - Donau Soja","og_description":"Freie Stellen \/ Ausschreibungen bei Donau Soja","og_url":"https:\/\/www.donausoja.org\/de\/organisation\/freie-stellen-ausschreibungen\/","og_site_name":"Donau Soja","article_modified_time":"2026-03-24T12:11:29+00:00","og_image":[{"width":212,"height":212,"url":"https:\/\/www.donausoja.org\/wp-content\/uploads\/2021\/12\/cropped-donausoja_favicon2_512-1-e1645618911394.png","type":"image\/png"}],"twitter_card":"summary_large_image","twitter_misc":{"Gesch\u00e4tzte Lesezeit":"1\u00a0Minute"},"schema":{"@context":"https:\/\/schema.org","@graph":[{"@type":"WebPage","@id":"https:\/\/www.donausoja.org\/de\/organisation\/freie-stellen-ausschreibungen\/","url":"https:\/\/www.donausoja.org\/de\/organisation\/freie-stellen-ausschreibungen\/","name":"Freie Stellen\/Ausschreibungen - Donau Soja","isPartOf":{"@id":"https:\/\/www.donausoja.org\/de\/#website"},"primaryImageOfPage":{"@id":"https:\/\/www.donausoja.org\/de\/organisation\/freie-stellen-ausschreibungen\/#primaryimage"},"image":{"@id":"https:\/\/www.donausoja.org\/de\/organisation\/freie-stellen-ausschreibungen\/#primaryimage"},"thumbnailUrl":"https:\/\/www.donausoja.org\/wp-content\/uploads\/2021\/12\/cropped-donausoja_favicon2_512-1-e1645618911394.png","datePublished":"2022-01-21T19:38:21+00:00","dateModified":"2026-03-24T12:11:29+00:00","description":"Freie Stellen \/ Ausschreibungen bei Donau Soja","breadcrumb":{"@id":"https:\/\/www.donausoja.org\/de\/organisation\/freie-stellen-ausschreibungen\/#breadcrumb"},"inLanguage":"de","potentialAction":[{"@type":"ReadAction","target":["https:\/\/www.donausoja.org\/de\/organisation\/freie-stellen-ausschreibungen\/"]}]},{"@type":"ImageObject","inLanguage":"de","@id":"https:\/\/www.donausoja.org\/de\/organisation\/freie-stellen-ausschreibungen\/#primaryimage","url":"https:\/\/www.donausoja.org\/wp-content\/uploads\/2021\/12\/cropped-donausoja_favicon2_512-1-e1645618911394.png","contentUrl":"https:\/\/www.donausoja.org\/wp-content\/uploads\/2021\/12\/cropped-donausoja_favicon2_512-1-e1645618911394.png","width":212,"height":212},{"@type":"BreadcrumbList","@id":"https:\/\/www.donausoja.org\/de\/organisation\/freie-stellen-ausschreibungen\/#breadcrumb","itemListElement":[{"@type":"ListItem","position":1,"name":"Home","item":"https:\/\/www.donausoja.org\/de\/"},{"@type":"ListItem","position":2,"name":"Organisation","item":"https:\/\/www.donausoja.org\/de\/organisation\/"},{"@type":"ListItem","position":3,"name":"Freie Stellen\/Ausschreibungen"}]},{"@type":"WebSite","@id":"https:\/\/www.donausoja.org\/de\/#website","url":"https:\/\/www.donausoja.org\/de\/","name":"Donau Soja","description":"Together for a European Protein Supply: Regional. Sustainable. Non-GM.","potentialAction":[{"@type":"SearchAction","target":{"@type":"EntryPoint","urlTemplate":"https:\/\/www.donausoja.org\/de\/?s={search_term_string}"},"query-input":{"@type":"PropertyValueSpecification","valueRequired":true,"valueName":"search_term_string"}}],"inLanguage":"de"}]}},"_links":{"self":[{"href":"https:\/\/www.donausoja.org\/de\/wp-json\/wp\/v2\/pages\/19728","targetHints":{"allow":["GET"]}}],"collection":[{"href":"https:\/\/www.donausoja.org\/de\/wp-json\/wp\/v2\/pages"}],"about":[{"href":"https:\/\/www.donausoja.org\/de\/wp-json\/wp\/v2\/types\/page"}],"author":[{"embeddable":true,"href":"https:\/\/www.donausoja.org\/de\/wp-json\/wp\/v2\/users\/2"}],"replies":[{"embeddable":true,"href":"https:\/\/www.donausoja.org\/de\/wp-json\/wp\/v2\/comments?post=19728"}],"version-history":[{"count":37,"href":"https:\/\/www.donausoja.org\/de\/wp-json\/wp\/v2\/pages\/19728\/revisions"}],"predecessor-version":[{"id":67614,"href":"https:\/\/www.donausoja.org\/de\/wp-json\/wp\/v2\/pages\/19728\/revisions\/67614"}],"up":[{"embeddable":true,"href":"https:\/\/www.donausoja.org\/de\/wp-json\/wp\/v2\/pages\/19320"}],"wp:featuredmedia":[{"embeddable":true,"href":"https:\/\/www.donausoja.org\/de\/wp-json\/wp\/v2\/media\/67"}],"wp:attachment":[{"href":"https:\/\/www.donausoja.org\/de\/wp-json\/wp\/v2\/media?parent=19728"}],"curies":[{"name":"wp","href":"https:\/\/api.w.org\/{rel}","templated":true}]}}