
{"id":19726,"date":"2021-12-07T09:59:54","date_gmt":"2021-12-07T09:59:54","guid":{"rendered":"https:\/\/fourth.donausoja.org\/ds-es-soya-sojaschrotpreise\/"},"modified":"2025-02-21T09:37:48","modified_gmt":"2025-02-21T09:37:48","slug":"ds-es-soya-sojaschrotpreise","status":"publish","type":"page","link":"https:\/\/www.donausoja.org\/de\/ds-es-soya-sojaschrotpreise\/","title":{"rendered":"DS\/ES SOJASCHROTPREISE"},"content":{"rendered":"<p>[et_pb_section fb_built=&#8221;1&#8243; _builder_version=&#8221;4.16&#8243; _module_preset=&#8221;default&#8221; background_color=&#8221;RGBA(255,255,255,0)&#8221; locked=&#8221;off&#8221; global_colors_info=&#8221;{}&#8221; da_is_popup=&#8221;off&#8221; da_exit_intent=&#8221;off&#8221; da_has_close=&#8221;on&#8221; da_alt_close=&#8221;off&#8221; da_dark_close=&#8221;off&#8221; da_not_modal=&#8221;on&#8221; da_is_singular=&#8221;off&#8221; da_with_loader=&#8221;off&#8221; da_has_shadow=&#8221;on&#8221; da_disable_devices=&#8221;off|off|off&#8221;][et_pb_row _builder_version=&#8221;4.16&#8243; _module_preset=&#8221;default&#8221; custom_padding=&#8221;130px|||||&#8221; global_colors_info=&#8221;{}&#8221;][et_pb_column type=&#8221;4_4&#8243; _builder_version=&#8221;4.16&#8243; _module_preset=&#8221;default&#8221; global_colors_info=&#8221;{}&#8221;][et_pb_text _builder_version=&#8221;4.27.3&#8243; _module_preset=&#8221;77a7a6a5-6cba-4e24-a8d7-1992b0adbe08&#8243; header_font=&#8221;Ubuntu|700|||||||&#8221; hover_enabled=&#8221;0&#8243; global_colors_info=&#8221;{}&#8221; sticky_enabled=&#8221;0&#8243;]<\/p>\n<h1>DS\/ES Sojaschrotpreise<\/h1>\n<p>[\/et_pb_text][\/et_pb_column][\/et_pb_row][\/et_pb_section][et_pb_section fb_built=&#8221;1&#8243; _builder_version=&#8221;4.16&#8243; _module_preset=&#8221;default&#8221; custom_padding=&#8221;0px||4px|||&#8221; global_colors_info=&#8221;{}&#8221; da_is_popup=&#8221;off&#8221; da_exit_intent=&#8221;off&#8221; da_has_close=&#8221;on&#8221; da_alt_close=&#8221;off&#8221; da_dark_close=&#8221;off&#8221; da_not_modal=&#8221;on&#8221; da_is_singular=&#8221;off&#8221; da_with_loader=&#8221;off&#8221; da_has_shadow=&#8221;on&#8221; da_disable_devices=&#8221;off|off|off&#8221;][et_pb_row _builder_version=&#8221;4.16&#8243; _module_preset=&#8221;default&#8221; global_colors_info=&#8221;{}&#8221;][et_pb_column type=&#8221;4_4&#8243; _builder_version=&#8221;4.16&#8243; _module_preset=&#8221;default&#8221; global_colors_info=&#8221;{}&#8221;][et_pb_text _builder_version=&#8221;4.27.3&#8243; _module_preset=&#8221;77a7a6a5-6cba-4e24-a8d7-1992b0adbe08&#8243; hover_enabled=&#8221;0&#8243; global_colors_info=&#8221;{}&#8221; sticky_enabled=&#8221;0&#8243;]<\/p>\n<h2>Preis\u00fcbersicht<\/h2>\n<p>Die nachstehenden t\u00e4glichen Preisinformationen sollen Sie \u00fcber die Preise von Donau Soja \/ Europe Soya zertifiziertem Sojaschrot in verschiedenen Regionen auf dem Laufenden halten. Die Werte werden anhand der aktuellen Preisangaben der Sojaverarbeiter und der Frachtraten der Transportunternehmen f\u00fcr die ausgew\u00e4hlten Lieferorte berechnet. Alle Preise in der Tabelle beruhen auf einem Proteingehalt von 44 %. Die Werte werden jeden Wochentag (au\u00dfer an Feiertagen) aktualisiert, in der Regel zwischen 13 und 14 Uhr (CET\/MEZ). Die unten angegebenen Preise sind Nettowerte. (F\u00fcr den Ausdruck bitte den Chrome Browser verwenden).<\/p>\n<p>The price tables are only available in English.<\/p>\n<p>[\/et_pb_text][\/et_pb_column][\/et_pb_row][\/et_pb_section][et_pb_section fb_built=&#8221;1&#8243; _builder_version=&#8221;4.16&#8243; _module_preset=&#8221;default&#8221; background_color=&#8221;#F6F1E8&#8243; custom_padding=&#8221;||3px|||&#8221; global_colors_info=&#8221;{}&#8221; da_is_popup=&#8221;off&#8221; da_exit_intent=&#8221;off&#8221; da_has_close=&#8221;on&#8221; da_alt_close=&#8221;off&#8221; da_dark_close=&#8221;off&#8221; da_not_modal=&#8221;on&#8221; da_is_singular=&#8221;off&#8221; da_with_loader=&#8221;off&#8221; da_has_shadow=&#8221;on&#8221; da_disable_devices=&#8221;off|off|off&#8221;][et_pb_row _builder_version=&#8221;4.16&#8243; _module_preset=&#8221;default&#8221; global_colors_info=&#8221;{}&#8221;][et_pb_column type=&#8221;4_4&#8243; _builder_version=&#8221;4.16&#8243; _module_preset=&#8221;default&#8221; global_colors_info=&#8221;{}&#8221;][et_pb_code _builder_version=&#8221;4.16&#8243; _module_preset=&#8221;default&#8221; global_colors_info=&#8221;{}&#8221;]<iframe loading=\"lazy\" frameborder=\"0\" scrolling=\"no\" width=\"100%\" height=\"1200px\" src=\"https:\/\/www.proteinmarkt.de\/charts\/tagesaktuelle_oelschrotpreise\/non-gmo-sojaschrot_en.php\"><\/iframe>[\/et_pb_code][\/et_pb_column][\/et_pb_row][et_pb_row _builder_version=&#8221;4.16&#8243; _module_preset=&#8221;default&#8221; global_colors_info=&#8221;{}&#8221;][et_pb_column type=&#8221;4_4&#8243; _builder_version=&#8221;4.16&#8243; _module_preset=&#8221;default&#8221; global_colors_info=&#8221;{}&#8221;][et_pb_text _builder_version=&#8221;4.16&#8243; _module_preset=&#8221;default&#8221; custom_margin=&#8221;||-1px|||&#8221; global_colors_info=&#8221;{}&#8221;]<\/p>\n<p>Mit freundlicher Unterst\u00fctzung von:<\/p>\n<p>[\/et_pb_text][et_pb_image src=&#8221;https:\/\/www.donausoja.org\/wp-content\/uploads\/2022\/02\/proteinmarkt_Logo_2020.gif&#8221; title_text=&#8221;proteinmarkt_Logo_2020&#8243; _builder_version=&#8221;4.16&#8243; _module_preset=&#8221;default&#8221; max_width=&#8221;50%&#8221; global_colors_info=&#8221;{}&#8221;][\/et_pb_image][\/et_pb_column][\/et_pb_row][et_pb_row _builder_version=&#8221;4.16&#8243; _module_preset=&#8221;default&#8221; custom_padding=&#8221;0px|||||&#8221; global_colors_info=&#8221;{}&#8221;][et_pb_column type=&#8221;4_4&#8243; _builder_version=&#8221;4.16&#8243; _module_preset=&#8221;default&#8221; global_colors_info=&#8221;{}&#8221;][et_pb_text _builder_version=&#8221;4.16&#8243; _module_preset=&#8221;default&#8221; custom_margin=&#8221;||-1px|||&#8221; global_colors_info=&#8221;{}&#8221;]<\/p>\n<p><strong>Haftungsausschluss:<\/strong><br \/>Obwohl alle angemessenen Anstrengungen unternommen wurden, um genaue und zuverl\u00e4ssige Preise zu ver\u00f6ffentlichen, kann die Richtigkeit und Vollst\u00e4ndigkeit dieser Informationen nicht garantiert werden.<\/p>\n<p>[\/et_pb_text][\/et_pb_column][\/et_pb_row][\/et_pb_section]<\/p>\n","protected":false},"excerpt":{"rendered":"<p>DS\/ES SojaschrotpreisePreis\u00fcbersicht Die nachstehenden t\u00e4glichen Preisinformationen sollen Sie \u00fcber die Preise von Donau Soja \/ Europe Soya zertifiziertem Sojaschrot in verschiedenen Regionen auf dem Laufenden halten. Die Werte werden anhand der aktuellen Preisangaben der Sojaverarbeiter und der Frachtraten der Transportunternehmen f\u00fcr die ausgew\u00e4hlten Lieferorte berechnet. Alle Preise in der Tabelle beruhen auf einem Proteingehalt von [&hellip;]<\/p>\n","protected":false},"author":1,"featured_media":67,"parent":0,"menu_order":0,"comment_status":"open","ping_status":"open","template":"","meta":{"_et_pb_use_builder":"on","_et_pb_old_content":"","_et_gb_content_width":"","footnotes":""},"class_list":["post-19726","page","type-page","status-publish","has-post-thumbnail","hentry"],"yoast_head":"<!-- This site is optimized with the Yoast SEO plugin v27.4 - https:\/\/yoast.com\/product\/yoast-seo-wordpress\/ -->\n<title>DS\/ES SOJASCHROTPREISE - Donau Soja<\/title>\n<meta name=\"description\" content=\"Die nachstehenden t\u00e4glichen Preisinformationen sollen Sie \u00fcber die Preise von Europe Soya\/Donau Soja zertifiziertem Sojaschrot in verschiedenen Regionen auf dem Laufenden halten.\" \/>\n<meta name=\"robots\" content=\"index, follow, max-snippet:-1, max-image-preview:large, max-video-preview:-1\" \/>\n<link rel=\"canonical\" href=\"https:\/\/www.donausoja.org\/de\/ds-es-soya-sojaschrotpreise\/\" \/>\n<meta property=\"og:locale\" content=\"de_DE\" \/>\n<meta property=\"og:type\" content=\"article\" \/>\n<meta property=\"og:title\" content=\"DS\/ES SOJASCHROTPREISE - Donau Soja\" \/>\n<meta property=\"og:description\" content=\"Die nachstehenden t\u00e4glichen Preisinformationen sollen Sie \u00fcber die Preise von Europe Soya\/Donau Soja zertifiziertem Sojaschrot in verschiedenen Regionen auf dem Laufenden halten.\" \/>\n<meta property=\"og:url\" content=\"https:\/\/www.donausoja.org\/de\/ds-es-soya-sojaschrotpreise\/\" \/>\n<meta property=\"og:site_name\" content=\"Donau Soja\" \/>\n<meta property=\"article:modified_time\" content=\"2025-02-21T09:37:48+00:00\" \/>\n<meta property=\"og:image\" content=\"https:\/\/www.donausoja.org\/wp-content\/uploads\/2021\/12\/cropped-donausoja_favicon2_512-1-e1645618911394.png\" \/>\n\t<meta property=\"og:image:width\" content=\"212\" \/>\n\t<meta property=\"og:image:height\" content=\"212\" \/>\n\t<meta property=\"og:image:type\" content=\"image\/png\" \/>\n<meta name=\"twitter:card\" content=\"summary_large_image\" \/>\n<meta name=\"twitter:label1\" content=\"Gesch\u00e4tzte Lesezeit\" \/>\n\t<meta name=\"twitter:data1\" content=\"1\u00a0Minute\" \/>\n<script type=\"application\/ld+json\" class=\"yoast-schema-graph\">{\"@context\":\"https:\\\/\\\/schema.org\",\"@graph\":[{\"@type\":\"WebPage\",\"@id\":\"https:\\\/\\\/www.donausoja.org\\\/de\\\/ds-es-soya-sojaschrotpreise\\\/\",\"url\":\"https:\\\/\\\/www.donausoja.org\\\/de\\\/ds-es-soya-sojaschrotpreise\\\/\",\"name\":\"DS\\\/ES SOJASCHROTPREISE - Donau Soja\",\"isPartOf\":{\"@id\":\"https:\\\/\\\/www.donausoja.org\\\/de\\\/#website\"},\"primaryImageOfPage\":{\"@id\":\"https:\\\/\\\/www.donausoja.org\\\/de\\\/ds-es-soya-sojaschrotpreise\\\/#primaryimage\"},\"image\":{\"@id\":\"https:\\\/\\\/www.donausoja.org\\\/de\\\/ds-es-soya-sojaschrotpreise\\\/#primaryimage\"},\"thumbnailUrl\":\"https:\\\/\\\/www.donausoja.org\\\/wp-content\\\/uploads\\\/2021\\\/12\\\/cropped-donausoja_favicon2_512-1-e1645618911394.png\",\"datePublished\":\"2021-12-07T09:59:54+00:00\",\"dateModified\":\"2025-02-21T09:37:48+00:00\",\"description\":\"Die nachstehenden t\u00e4glichen Preisinformationen sollen Sie \u00fcber die Preise von Europe Soya\\\/Donau Soja zertifiziertem Sojaschrot in verschiedenen Regionen auf dem Laufenden halten.\",\"breadcrumb\":{\"@id\":\"https:\\\/\\\/www.donausoja.org\\\/de\\\/ds-es-soya-sojaschrotpreise\\\/#breadcrumb\"},\"inLanguage\":\"de\",\"potentialAction\":[{\"@type\":\"ReadAction\",\"target\":[\"https:\\\/\\\/www.donausoja.org\\\/de\\\/ds-es-soya-sojaschrotpreise\\\/\"]}]},{\"@type\":\"ImageObject\",\"inLanguage\":\"de\",\"@id\":\"https:\\\/\\\/www.donausoja.org\\\/de\\\/ds-es-soya-sojaschrotpreise\\\/#primaryimage\",\"url\":\"https:\\\/\\\/www.donausoja.org\\\/wp-content\\\/uploads\\\/2021\\\/12\\\/cropped-donausoja_favicon2_512-1-e1645618911394.png\",\"contentUrl\":\"https:\\\/\\\/www.donausoja.org\\\/wp-content\\\/uploads\\\/2021\\\/12\\\/cropped-donausoja_favicon2_512-1-e1645618911394.png\",\"width\":212,\"height\":212},{\"@type\":\"BreadcrumbList\",\"@id\":\"https:\\\/\\\/www.donausoja.org\\\/de\\\/ds-es-soya-sojaschrotpreise\\\/#breadcrumb\",\"itemListElement\":[{\"@type\":\"ListItem\",\"position\":1,\"name\":\"Home\",\"item\":\"https:\\\/\\\/www.donausoja.org\\\/de\\\/\"},{\"@type\":\"ListItem\",\"position\":2,\"name\":\"DS\\\/ES SOJASCHROTPREISE\"}]},{\"@type\":\"WebSite\",\"@id\":\"https:\\\/\\\/www.donausoja.org\\\/de\\\/#website\",\"url\":\"https:\\\/\\\/www.donausoja.org\\\/de\\\/\",\"name\":\"Donau Soja\",\"description\":\"Together for a European Protein Supply: Regional. Sustainable. Non-GM.\",\"potentialAction\":[{\"@type\":\"SearchAction\",\"target\":{\"@type\":\"EntryPoint\",\"urlTemplate\":\"https:\\\/\\\/www.donausoja.org\\\/de\\\/?s={search_term_string}\"},\"query-input\":{\"@type\":\"PropertyValueSpecification\",\"valueRequired\":true,\"valueName\":\"search_term_string\"}}],\"inLanguage\":\"de\"}]}<\/script>\n<!-- \/ Yoast SEO plugin. -->","yoast_head_json":{"title":"DS\/ES SOJASCHROTPREISE - Donau Soja","description":"Die nachstehenden t\u00e4glichen Preisinformationen sollen Sie \u00fcber die Preise von Europe Soya\/Donau Soja zertifiziertem Sojaschrot in verschiedenen Regionen auf dem Laufenden halten.","robots":{"index":"index","follow":"follow","max-snippet":"max-snippet:-1","max-image-preview":"max-image-preview:large","max-video-preview":"max-video-preview:-1"},"canonical":"https:\/\/www.donausoja.org\/de\/ds-es-soya-sojaschrotpreise\/","og_locale":"de_DE","og_type":"article","og_title":"DS\/ES SOJASCHROTPREISE - Donau Soja","og_description":"Die nachstehenden t\u00e4glichen Preisinformationen sollen Sie \u00fcber die Preise von Europe Soya\/Donau Soja zertifiziertem Sojaschrot in verschiedenen Regionen auf dem Laufenden halten.","og_url":"https:\/\/www.donausoja.org\/de\/ds-es-soya-sojaschrotpreise\/","og_site_name":"Donau Soja","article_modified_time":"2025-02-21T09:37:48+00:00","og_image":[{"width":212,"height":212,"url":"https:\/\/www.donausoja.org\/wp-content\/uploads\/2021\/12\/cropped-donausoja_favicon2_512-1-e1645618911394.png","type":"image\/png"}],"twitter_card":"summary_large_image","twitter_misc":{"Gesch\u00e4tzte Lesezeit":"1\u00a0Minute"},"schema":{"@context":"https:\/\/schema.org","@graph":[{"@type":"WebPage","@id":"https:\/\/www.donausoja.org\/de\/ds-es-soya-sojaschrotpreise\/","url":"https:\/\/www.donausoja.org\/de\/ds-es-soya-sojaschrotpreise\/","name":"DS\/ES SOJASCHROTPREISE - Donau Soja","isPartOf":{"@id":"https:\/\/www.donausoja.org\/de\/#website"},"primaryImageOfPage":{"@id":"https:\/\/www.donausoja.org\/de\/ds-es-soya-sojaschrotpreise\/#primaryimage"},"image":{"@id":"https:\/\/www.donausoja.org\/de\/ds-es-soya-sojaschrotpreise\/#primaryimage"},"thumbnailUrl":"https:\/\/www.donausoja.org\/wp-content\/uploads\/2021\/12\/cropped-donausoja_favicon2_512-1-e1645618911394.png","datePublished":"2021-12-07T09:59:54+00:00","dateModified":"2025-02-21T09:37:48+00:00","description":"Die nachstehenden t\u00e4glichen Preisinformationen sollen Sie \u00fcber die Preise von Europe Soya\/Donau Soja zertifiziertem Sojaschrot in verschiedenen Regionen auf dem Laufenden halten.","breadcrumb":{"@id":"https:\/\/www.donausoja.org\/de\/ds-es-soya-sojaschrotpreise\/#breadcrumb"},"inLanguage":"de","potentialAction":[{"@type":"ReadAction","target":["https:\/\/www.donausoja.org\/de\/ds-es-soya-sojaschrotpreise\/"]}]},{"@type":"ImageObject","inLanguage":"de","@id":"https:\/\/www.donausoja.org\/de\/ds-es-soya-sojaschrotpreise\/#primaryimage","url":"https:\/\/www.donausoja.org\/wp-content\/uploads\/2021\/12\/cropped-donausoja_favicon2_512-1-e1645618911394.png","contentUrl":"https:\/\/www.donausoja.org\/wp-content\/uploads\/2021\/12\/cropped-donausoja_favicon2_512-1-e1645618911394.png","width":212,"height":212},{"@type":"BreadcrumbList","@id":"https:\/\/www.donausoja.org\/de\/ds-es-soya-sojaschrotpreise\/#breadcrumb","itemListElement":[{"@type":"ListItem","position":1,"name":"Home","item":"https:\/\/www.donausoja.org\/de\/"},{"@type":"ListItem","position":2,"name":"DS\/ES SOJASCHROTPREISE"}]},{"@type":"WebSite","@id":"https:\/\/www.donausoja.org\/de\/#website","url":"https:\/\/www.donausoja.org\/de\/","name":"Donau Soja","description":"Together for a European Protein Supply: Regional. Sustainable. Non-GM.","potentialAction":[{"@type":"SearchAction","target":{"@type":"EntryPoint","urlTemplate":"https:\/\/www.donausoja.org\/de\/?s={search_term_string}"},"query-input":{"@type":"PropertyValueSpecification","valueRequired":true,"valueName":"search_term_string"}}],"inLanguage":"de"}]}},"_links":{"self":[{"href":"https:\/\/www.donausoja.org\/de\/wp-json\/wp\/v2\/pages\/19726","targetHints":{"allow":["GET"]}}],"collection":[{"href":"https:\/\/www.donausoja.org\/de\/wp-json\/wp\/v2\/pages"}],"about":[{"href":"https:\/\/www.donausoja.org\/de\/wp-json\/wp\/v2\/types\/page"}],"author":[{"embeddable":true,"href":"https:\/\/www.donausoja.org\/de\/wp-json\/wp\/v2\/users\/1"}],"replies":[{"embeddable":true,"href":"https:\/\/www.donausoja.org\/de\/wp-json\/wp\/v2\/comments?post=19726"}],"version-history":[{"count":1,"href":"https:\/\/www.donausoja.org\/de\/wp-json\/wp\/v2\/pages\/19726\/revisions"}],"predecessor-version":[{"id":55073,"href":"https:\/\/www.donausoja.org\/de\/wp-json\/wp\/v2\/pages\/19726\/revisions\/55073"}],"wp:featuredmedia":[{"embeddable":true,"href":"https:\/\/www.donausoja.org\/de\/wp-json\/wp\/v2\/media\/67"}],"wp:attachment":[{"href":"https:\/\/www.donausoja.org\/de\/wp-json\/wp\/v2\/media?parent=19726"}],"curies":[{"name":"wp","href":"https:\/\/api.w.org\/{rel}","templated":true}]}}