
{"id":19398,"date":"2022-02-17T00:26:25","date_gmt":"2022-02-17T00:26:25","guid":{"rendered":"https:\/\/fourth.donausoja.org\/news\/pressekontakte\/"},"modified":"2026-02-12T08:40:30","modified_gmt":"2026-02-12T08:40:30","slug":"pressekontakte","status":"publish","type":"page","link":"https:\/\/www.donausoja.org\/de\/pressekontakte\/","title":{"rendered":"Pressekontakte"},"content":{"rendered":"<p>[et_pb_section fb_built=&#8221;1&#8243; _builder_version=&#8221;4.16&#8243; _module_preset=&#8221;default&#8221; background_color=&#8221;RGBA(255,255,255,0)&#8221; da_disable_devices=&#8221;off|off|off&#8221; locked=&#8221;off&#8221; global_colors_info=&#8221;{}&#8221; da_is_popup=&#8221;off&#8221; da_exit_intent=&#8221;off&#8221; da_has_close=&#8221;on&#8221; da_alt_close=&#8221;off&#8221; da_dark_close=&#8221;off&#8221; da_not_modal=&#8221;on&#8221; da_is_singular=&#8221;off&#8221; da_with_loader=&#8221;off&#8221; da_has_shadow=&#8221;on&#8221;][et_pb_row _builder_version=&#8221;4.16&#8243; _module_preset=&#8221;default&#8221; custom_padding=&#8221;130px|||||&#8221; global_colors_info=&#8221;{}&#8221;][et_pb_column type=&#8221;4_4&#8243; _builder_version=&#8221;4.16&#8243; _module_preset=&#8221;default&#8221; global_colors_info=&#8221;{}&#8221;][et_pb_text admin_label=&#8221;headline&#8221; _builder_version=&#8221;4.17.3&#8243; _module_preset=&#8221;77a7a6a5-6cba-4e24-a8d7-1992b0adbe08&#8243; header_font=&#8221;Ubuntu|700|||||||&#8221; global_colors_info=&#8221;{}&#8221;]<\/p>\n<h1>Pressekontakte<\/h1>\n<p>[\/et_pb_text][\/et_pb_column][\/et_pb_row][\/et_pb_section][et_pb_section fb_built=&#8221;1&#8243; _builder_version=&#8221;4.16&#8243; _module_preset=&#8221;default&#8221; background_color=&#8221;#F6F1E8&#8243; custom_padding=&#8221;1px||3px|||&#8221; da_disable_devices=&#8221;off|off|off&#8221; global_colors_info=&#8221;{}&#8221; da_is_popup=&#8221;off&#8221; da_exit_intent=&#8221;off&#8221; da_has_close=&#8221;on&#8221; da_alt_close=&#8221;off&#8221; da_dark_close=&#8221;off&#8221; da_not_modal=&#8221;on&#8221; da_is_singular=&#8221;off&#8221; da_with_loader=&#8221;off&#8221; da_has_shadow=&#8221;on&#8221;][et_pb_row _builder_version=&#8221;4.16&#8243; _module_preset=&#8221;default&#8221; custom_padding=&#8221;||3px|||&#8221; global_colors_info=&#8221;{}&#8221;][et_pb_column type=&#8221;4_4&#8243; _builder_version=&#8221;4.16&#8243; _module_preset=&#8221;default&#8221; global_colors_info=&#8221;{}&#8221;][et_pb_text disabled_on=&#8221;on|on|on&#8221; admin_label=&#8221;pressekontakte-\u00d6sterreich&#8221; _builder_version=&#8221;4.17.6&#8243; _module_preset=&#8221;97a49757-9877-47ea-b480-aa7742502928&#8243; disabled=&#8221;on&#8221; global_colors_info=&#8221;{}&#8221;]<\/p>\n<h1>Pressekontakte \u00d6sterreich<\/h1>\n<h1>&#8211;<\/h1>\n<p>[\/et_pb_text][\/et_pb_column][\/et_pb_row][et_pb_row column_structure=&#8221;1_3,1_3,1_3&#8243; use_custom_gutter=&#8221;on&#8221; gutter_width=&#8221;2&#8243; make_equal=&#8221;on&#8221; _builder_version=&#8221;4.16&#8243; _module_preset=&#8221;default&#8221; locked=&#8221;off&#8221; global_colors_info=&#8221;{}&#8221;][et_pb_column type=&#8221;1_3&#8243; _builder_version=&#8221;4.16&#8243; _module_preset=&#8221;default&#8221; background_color=&#8221;#ffffff&#8221; box_shadow_style=&#8221;preset1&#8243; global_colors_info=&#8221;{}&#8221;][et_pb_blurb alt=&#8221;Portrait of Lilly Speckner, Marketing &#038; Communications Manager at Donau Soja, standing in front of a light grey background&#8221; admin_label=&#8221;Lilly Speckner&#8221; _builder_version=&#8221;4.27.4&#8243; _module_preset=&#8221;default&#8221; background_color=&#8221;#D0C9C2&#8243; background_image=&#8221;https:\/\/www.donausoja.org\/wp-content\/uploads\/2026\/02\/LillySpeckner_website.png&#8221; custom_margin=&#8221;||0px||false|false&#8221; custom_padding=&#8221;200px|10px|10px|10px|false|false&#8221; custom_css_blurb_content=&#8221;background:white;||padding:10px;||border-radius:6px;&#8221; locked=&#8221;off&#8221; global_colors_info=&#8221;{}&#8221;]<\/p>\n<p>Lilly Speckner<\/p>\n<p>[\/et_pb_blurb][et_pb_text admin_label=&#8221;function&#8221; _builder_version=&#8221;4.27.4&#8243; _module_preset=&#8221;77a7a6a5-6cba-4e24-a8d7-1992b0adbe08&#8243; text_font_size=&#8221;12px&#8221; background_color=&#8221;#ffffff&#8221; min_height=&#8221;60px&#8221; custom_margin=&#8221;0px||||false|false&#8221; custom_padding=&#8221;10px|10px|0px|10px|false|false&#8221; hover_enabled=&#8221;0&#8243; locked=&#8221;off&#8221; global_colors_info=&#8221;{}&#8221; sticky_enabled=&#8221;0&#8243;]<\/p>\n<p>Marketing &amp; Communications Manager<\/p>\n<p>[\/et_pb_text][et_pb_text disabled_on=&#8221;off|off|off&#8221; _builder_version=&#8221;4.27.4&#8243; _module_preset=&#8221;77a7a6a5-6cba-4e24-a8d7-1992b0adbe08&#8243; text_font_size=&#8221;12px&#8221; background_color=&#8221;#ffffff&#8221; custom_margin=&#8221;0px||||false|false&#8221; custom_padding=&#8221;0px|10px|10px|10px|false|false&#8221; hover_enabled=&#8221;0&#8243; locked=&#8221;off&#8221; global_colors_info=&#8221;{}&#8221; sticky_enabled=&#8221;0&#8243;]<\/p>\n<p>Donau Soja | B\u00fcro Wien<br \/>Wiesinger Stra\u00dfe 6\/14<br \/>1010 Vienna, Austria<\/p>\n<p>+43 (0) 664 883 163 66<\/p>\n<p><a href=\"mailto:press@donausoja.org\">presse@donausoja.org<\/a><br \/><a href=\"mailto:speckner@donausoja.org\">speckner@donausoja.org<\/a><\/p>\n<p>[\/et_pb_text][\/et_pb_column][et_pb_column type=&#8221;1_3&#8243; _builder_version=&#8221;4.16&#8243; _module_preset=&#8221;default&#8221; background_color=&#8221;#ffffff&#8221; box_shadow_style=&#8221;preset1&#8243; global_colors_info=&#8221;{}&#8221;][et_pb_blurb disabled_on=&#8221;off|off|off&#8221; admin_label=&#8221;Iryna Korchahina&#8221; _builder_version=&#8221;4.19.5&#8243; _module_preset=&#8221;default&#8221; background_color=&#8221;#D0C9C2&#8243; background_image=&#8221;https:\/\/www.donausoja.org\/wp-content\/uploads\/2023\/02\/IrynaKorchahina_website2.jpg&#8221; custom_margin=&#8221;||0px||false|false&#8221; custom_padding=&#8221;200px|10px|10px|10px|false|false&#8221; custom_css_blurb_content=&#8221;background:white;||padding:10px;||border-radius:6px;&#8221; locked=&#8221;off&#8221; global_colors_info=&#8221;{}&#8221;]Iryna Korchahina[\/et_pb_blurb][et_pb_text disabled_on=&#8221;off|off|off&#8221; admin_label=&#8221;function&#8221; _builder_version=&#8221;4.27.4&#8243; _module_preset=&#8221;77a7a6a5-6cba-4e24-a8d7-1992b0adbe08&#8243; text_font_size=&#8221;12px&#8221; background_color=&#8221;#ffffff&#8221; min_height=&#8221;60px&#8221; custom_margin=&#8221;0px||||false|false&#8221; custom_padding=&#8221;10px|10px|0px|10px|false|false&#8221; hover_enabled=&#8221;0&#8243; locked=&#8221;off&#8221; global_colors_info=&#8221;{}&#8221; sticky_enabled=&#8221;0&#8243;]<\/p>\n<p>Marketing, PR, Communications and Press<br \/>Donau Soja Ukraine<\/p>\n<p>[\/et_pb_text][et_pb_text disabled_on=&#8221;off|off|off&#8221; _builder_version=&#8221;4.27.4&#8243; _module_preset=&#8221;77a7a6a5-6cba-4e24-a8d7-1992b0adbe08&#8243; text_font_size=&#8221;12px&#8221; background_color=&#8221;#ffffff&#8221; custom_margin=&#8221;0px||||false|false&#8221; custom_padding=&#8221;0px|10px|10px|10px|false|false&#8221; hover_enabled=&#8221;0&#8243; locked=&#8221;off&#8221; global_colors_info=&#8221;{}&#8221; sticky_enabled=&#8221;0&#8243;]<\/p>\n<p>Bankova St., off.33, 01024 Kyiv, Ukraine<\/p>\n<p>+380 (0) 67 497 88 26<br \/>+43 (0) 677 634 02 102<\/p>\n<p><a href=\"mailto:marketing.ua@donausoja.org\">marketing.ua@donausoja.org<\/a><\/p>\n<p>[\/et_pb_text][\/et_pb_column][et_pb_column type=&#8221;1_3&#8243; _builder_version=&#8221;4.16&#8243; _module_preset=&#8221;default&#8221; background_color=&#8221;#ffffff&#8221; box_shadow_style=&#8221;preset1&#8243; global_colors_info=&#8221;{}&#8221;][et_pb_blurb admin_label=&#8221;Jovana Djisalov&#8221; _builder_version=&#8221;4.27.4&#8243; _module_preset=&#8221;default&#8221; background_color=&#8221;#D0C9C2&#8243; background_image=&#8221;https:\/\/www.donausoja.org\/wp-content\/uploads\/2023\/02\/JovanaDjisalov_website2.jpg&#8221; custom_margin=&#8221;||0px||false|false&#8221; custom_padding=&#8221;200px|10px|10px|10px|false|false&#8221; hover_enabled=&#8221;0&#8243; custom_css_blurb_content=&#8221;background:white;||padding:10px;||border-radius:6px;&#8221; locked=&#8221;off&#8221; global_colors_info=&#8221;{}&#8221; sticky_enabled=&#8221;0&#8243;]<\/p>\n<p>Jovana Djisalov<\/p>\n<p>[\/et_pb_blurb][et_pb_text admin_label=&#8221;function&#8221; _builder_version=&#8221;4.27.4&#8243; _module_preset=&#8221;77a7a6a5-6cba-4e24-a8d7-1992b0adbe08&#8243; text_font_size=&#8221;12px&#8221; background_color=&#8221;#ffffff&#8221; min_height=&#8221;60px&#8221; custom_margin=&#8221;0px||||false|false&#8221; custom_padding=&#8221;10px|10px|0px|10px|false|false&#8221; hover_enabled=&#8221;0&#8243; locked=&#8221;off&#8221; global_colors_info=&#8221;{}&#8221; sticky_enabled=&#8221;0&#8243;]<\/p>\n<p>Client Manager<br \/>Donau Soja Organisation<br \/>Medienanfragen f\u00fcr Serbien, Kroatien und Bosnien und Herzegowina<\/p>\n<p>[\/et_pb_text][et_pb_text _builder_version=&#8221;4.27.4&#8243; _module_preset=&#8221;77a7a6a5-6cba-4e24-a8d7-1992b0adbe08&#8243; text_font_size=&#8221;12px&#8221; background_color=&#8221;#ffffff&#8221; custom_margin=&#8221;0px||||false|false&#8221; custom_padding=&#8221;0px|10px|10px|10px|false|false&#8221; hover_enabled=&#8221;0&#8243; locked=&#8221;off&#8221; global_colors_info=&#8221;{}&#8221; sticky_enabled=&#8221;0&#8243;]<\/p>\n<p>Vase Staji\u0107a 8\/18, 21000 Novi Sad, Serbien<\/p>\n<p>+381 (0) 63 111 59 75<br \/>+381 (0) 21 300 31 61<\/p>\n<p><a href=\"mailto:djisalov@donausoja.org\" target=\"_blank\" rel=\"noopener\">djisalov@donausoja.org<\/a><\/p>\n<p>[\/et_pb_text][\/et_pb_column][\/et_pb_row][\/et_pb_section][et_pb_section fb_built=&#8221;1&#8243; disabled_on=&#8221;on|on|on&#8221; _builder_version=&#8221;4.16&#8243; _module_preset=&#8221;default&#8221; background_color=&#8221;#C5DB9B&#8221; custom_padding=&#8221;1px||3px|||&#8221; da_disable_devices=&#8221;off|off|off&#8221; disabled=&#8221;on&#8221; collapsed=&#8221;on&#8221; global_colors_info=&#8221;{}&#8221; da_is_popup=&#8221;off&#8221; da_exit_intent=&#8221;off&#8221; da_has_close=&#8221;on&#8221; da_alt_close=&#8221;off&#8221; da_dark_close=&#8221;off&#8221; da_not_modal=&#8221;on&#8221; da_is_singular=&#8221;off&#8221; da_with_loader=&#8221;off&#8221; da_has_shadow=&#8221;on&#8221;][et_pb_row _builder_version=&#8221;4.16&#8243; _module_preset=&#8221;default&#8221; custom_padding=&#8221;||3px|||&#8221; global_colors_info=&#8221;{}&#8221;][et_pb_column type=&#8221;4_4&#8243; _builder_version=&#8221;4.16&#8243; _module_preset=&#8221;default&#8221; global_colors_info=&#8221;{}&#8221;][et_pb_text admin_label=&#8221;Pressekontakte Ukraine&#8221; _builder_version=&#8221;4.17.6&#8243; _module_preset=&#8221;97a49757-9877-47ea-b480-aa7742502928&#8243; global_colors_info=&#8221;{}&#8221;]<\/p>\n<h1>Pressekontakte Ukraine<\/h1>\n<h1>&#8211;<\/h1>\n<p>[\/et_pb_text][\/et_pb_column][\/et_pb_row][et_pb_row column_structure=&#8221;1_3,1_3,1_3&#8243; use_custom_gutter=&#8221;on&#8221; gutter_width=&#8221;2&#8243; make_equal=&#8221;on&#8221; _builder_version=&#8221;4.16&#8243; _module_preset=&#8221;default&#8221; locked=&#8221;off&#8221; global_colors_info=&#8221;{}&#8221;][et_pb_column type=&#8221;1_3&#8243; _builder_version=&#8221;4.16&#8243; _module_preset=&#8221;default&#8221; background_color=&#8221;#ffffff&#8221; box_shadow_style=&#8221;preset1&#8243; global_colors_info=&#8221;{}&#8221;][et_pb_blurb admin_label=&#8221;Iryna Korchahina&#8221; _builder_version=&#8221;4.17.6&#8243; _module_preset=&#8221;default&#8221; background_color=&#8221;#D0C9C2&#8243; background_image=&#8221;https:\/\/www.donausoja.org\/wp-content\/uploads\/2022\/02\/IMG_1890-scaled.jpg&#8221; background_position=&#8221;top_center&#8221; custom_margin=&#8221;||0px||false|false&#8221; custom_padding=&#8221;200px|10px|10px|10px|false|false&#8221; custom_css_blurb_content=&#8221;background:white;||padding:10px;||border-radius:6px;&#8221; global_colors_info=&#8221;{}&#8221;]<\/p>\n<p>Iryna Korchahina<\/p>\n<p>[\/et_pb_blurb][et_pb_text admin_label=&#8221;funktion&#8221; _builder_version=&#8221;4.16&#8243; _module_preset=&#8221;77a7a6a5-6cba-4e24-a8d7-1992b0adbe08&#8243; text_font_size=&#8221;12px&#8221; background_color=&#8221;#ffffff&#8221; min_height=&#8221;60px&#8221; custom_margin=&#8221;0px||||false|false&#8221; custom_padding=&#8221;10px|10px|0px|10px|false|false&#8221; global_colors_info=&#8221;{}&#8221;]Marketing, PR, Communications and Press<br \/>\nDonau Soja Ukraine[\/et_pb_text][et_pb_text admin_label=&#8221;Kontaktdaten&#8221; _builder_version=&#8221;4.18.1&#8243; _module_preset=&#8221;77a7a6a5-6cba-4e24-a8d7-1992b0adbe08&#8243; text_font_size=&#8221;12px&#8221; background_color=&#8221;#ffffff&#8221; custom_margin=&#8221;0px||||false|false&#8221; custom_padding=&#8221;0px|10px|10px|10px|false|false&#8221; global_colors_info=&#8221;{}&#8221;]<\/p>\n<p>&#8211;<\/p>\n<p>Bankova St., off.33, 01024 Kyiv\/Ukraine<\/p>\n<p>+380 67 880 90 92<br \/>+380 44 364 60 60<\/p>\n<p><a href=\"mailto:marketing.ua@donausoja.org\">marketing.ua@donausoja.org<\/a><\/p>\n<p>[\/et_pb_text][\/et_pb_column][et_pb_column type=&#8221;1_3&#8243; _builder_version=&#8221;4.16&#8243; _module_preset=&#8221;default&#8221; global_colors_info=&#8221;{}&#8221;][\/et_pb_column][et_pb_column type=&#8221;1_3&#8243; _builder_version=&#8221;4.16&#8243; _module_preset=&#8221;default&#8221; global_colors_info=&#8221;{}&#8221;][\/et_pb_column][\/et_pb_row][\/et_pb_section][et_pb_section fb_built=&#8221;1&#8243; disabled_on=&#8221;on|on|on&#8221; _builder_version=&#8221;4.16&#8243; _module_preset=&#8221;default&#8221; background_color=&#8221;#F6F1E8&#8243; custom_padding=&#8221;1px||3px|||&#8221; da_disable_devices=&#8221;off|off|off&#8221; disabled=&#8221;on&#8221; collapsed=&#8221;on&#8221; global_colors_info=&#8221;{}&#8221; da_is_popup=&#8221;off&#8221; da_exit_intent=&#8221;off&#8221; da_has_close=&#8221;on&#8221; da_alt_close=&#8221;off&#8221; da_dark_close=&#8221;off&#8221; da_not_modal=&#8221;on&#8221; da_is_singular=&#8221;off&#8221; da_with_loader=&#8221;off&#8221; da_has_shadow=&#8221;on&#8221;][et_pb_row _builder_version=&#8221;4.16&#8243; _module_preset=&#8221;default&#8221; custom_padding=&#8221;||3px|||&#8221; global_colors_info=&#8221;{}&#8221;][et_pb_column type=&#8221;4_4&#8243; _builder_version=&#8221;4.16&#8243; _module_preset=&#8221;default&#8221; global_colors_info=&#8221;{}&#8221;][et_pb_text admin_label=&#8221;Pressekontakte Serbien&#8221; _builder_version=&#8221;4.17.6&#8243; _module_preset=&#8221;97a49757-9877-47ea-b480-aa7742502928&#8243; global_colors_info=&#8221;{}&#8221;]<\/p>\n<h1>Pressekontakte Serbien<\/h1>\n<h1>&#8211;<\/h1>\n<p>[\/et_pb_text][\/et_pb_column][\/et_pb_row][et_pb_row column_structure=&#8221;1_3,1_3,1_3&#8243; use_custom_gutter=&#8221;on&#8221; gutter_width=&#8221;2&#8243; make_equal=&#8221;on&#8221; _builder_version=&#8221;4.16&#8243; _module_preset=&#8221;default&#8221; locked=&#8221;off&#8221; global_colors_info=&#8221;{}&#8221;][et_pb_column type=&#8221;1_3&#8243; _builder_version=&#8221;4.16&#8243; _module_preset=&#8221;default&#8221; background_color=&#8221;#ffffff&#8221; box_shadow_style=&#8221;preset1&#8243; global_colors_info=&#8221;{}&#8221;][et_pb_blurb admin_label=&#8221;Jovana Djisalov&#8221; _builder_version=&#8221;4.17.6&#8243; _module_preset=&#8221;default&#8221; background_color=&#8221;#D0C9C2&#8243; background_image=&#8221;https:\/\/www.donausoja.org\/wp-content\/uploads\/2022\/02\/Jovana-5_-scaled.jpg&#8221; background_position=&#8221;top_center&#8221; custom_margin=&#8221;||0px||false|false&#8221; custom_padding=&#8221;200px|10px|10px|10px|false|false&#8221; custom_css_blurb_content=&#8221;background:white;||padding:10px;||border-radius:6px;&#8221; global_colors_info=&#8221;{}&#8221;]<\/p>\n<p>Jovana Djisalov<\/p>\n<p>[\/et_pb_blurb][et_pb_text admin_label=&#8221;funktion&#8221; _builder_version=&#8221;4.19.5&#8243; _module_preset=&#8221;77a7a6a5-6cba-4e24-a8d7-1992b0adbe08&#8243; text_font_size=&#8221;12px&#8221; background_color=&#8221;#ffffff&#8221; min_height=&#8221;60px&#8221; custom_margin=&#8221;0px||||false|false&#8221; custom_padding=&#8221;10px|10px|0px|10px|false|false&#8221; global_colors_info=&#8221;{}&#8221;]<\/p>\n<p>Client Manager<br \/>Donau Soja Organisation<br \/>Medienanfragen f\u00fcr Serbien, Kroatien und Bosnien und Herzegowina<\/p>\n<p>[\/et_pb_text][et_pb_text admin_label=&#8221;Kontaktdaten&#8221; _builder_version=&#8221;4.16&#8243; _module_preset=&#8221;77a7a6a5-6cba-4e24-a8d7-1992b0adbe08&#8243; text_font_size=&#8221;12px&#8221; background_color=&#8221;#ffffff&#8221; custom_margin=&#8221;0px||||false|false&#8221; custom_padding=&#8221;0px|10px|10px|10px|false|false&#8221; global_colors_info=&#8221;{}&#8221;]<\/p>\n<p>&#8211;<\/p>\n<p>Vase Staji\u0107a 8\/18, 21000 Novi Sad\/Serbia<\/p>\n<p>+381 (0) 63 111 59 75<br \/>+381 21 300 31 61<\/p>\n<p><a href=\"mailto:djisalov@donausoja.org\" target=\"_blank\" rel=\"noopener\">djisalov@donausoja.org<\/a><\/p>\n<p>[\/et_pb_text][\/et_pb_column][et_pb_column type=&#8221;1_3&#8243; _builder_version=&#8221;4.16&#8243; _module_preset=&#8221;default&#8221; global_colors_info=&#8221;{}&#8221;][\/et_pb_column][et_pb_column type=&#8221;1_3&#8243; _builder_version=&#8221;4.16&#8243; _module_preset=&#8221;default&#8221; global_colors_info=&#8221;{}&#8221;][\/et_pb_column][\/et_pb_row][\/et_pb_section]<\/p>\n","protected":false},"excerpt":{"rendered":"<p>PressekontaktePressekontakte \u00d6sterreich -Lilly SpecknerMarketing &amp; Communications ManagerDonau Soja | B\u00fcro WienWiesinger Stra\u00dfe 6\/141010 Vienna, Austria +43 (0) 664 883 163 66 presse@donausoja.orgspeckner@donausoja.orgIryna KorchahinaMarketing, PR, Communications and PressDonau Soja UkraineBankova St., off.33, 01024 Kyiv, Ukraine +380 (0) 67 497 88 26+43 (0) 677 634 02 102 marketing.ua@donausoja.orgJovana DjisalovClient ManagerDonau Soja OrganisationMedienanfragen f\u00fcr Serbien, Kroatien und Bosnien [&hellip;]<\/p>\n","protected":false},"author":2,"featured_media":67,"parent":0,"menu_order":0,"comment_status":"open","ping_status":"open","template":"","meta":{"_et_pb_use_builder":"on","_et_pb_old_content":"","_et_gb_content_width":"","footnotes":""},"class_list":["post-19398","page","type-page","status-publish","has-post-thumbnail","hentry"],"yoast_head":"<!-- This site is optimized with the Yoast SEO plugin v27.4 - https:\/\/yoast.com\/product\/yoast-seo-wordpress\/ -->\n<title>Pressekontakte - Donau Soja<\/title>\n<meta name=\"description\" content=\"Auflistung der Pressekontakte bei Donau Soja\" \/>\n<meta name=\"robots\" content=\"index, follow, max-snippet:-1, max-image-preview:large, max-video-preview:-1\" \/>\n<link rel=\"canonical\" href=\"https:\/\/www.donausoja.org\/de\/pressekontakte\/\" \/>\n<meta property=\"og:locale\" content=\"de_DE\" \/>\n<meta property=\"og:type\" content=\"article\" \/>\n<meta property=\"og:title\" content=\"Pressekontakte - Donau Soja\" \/>\n<meta property=\"og:description\" content=\"Auflistung der Pressekontakte bei Donau Soja\" \/>\n<meta property=\"og:url\" content=\"https:\/\/www.donausoja.org\/de\/pressekontakte\/\" \/>\n<meta property=\"og:site_name\" content=\"Donau Soja\" \/>\n<meta property=\"article:modified_time\" content=\"2026-02-12T08:40:30+00:00\" \/>\n<meta property=\"og:image\" content=\"https:\/\/www.donausoja.org\/wp-content\/uploads\/2021\/12\/cropped-donausoja_favicon2_512-1-e1645618911394.png\" \/>\n\t<meta property=\"og:image:width\" content=\"212\" \/>\n\t<meta property=\"og:image:height\" content=\"212\" \/>\n\t<meta property=\"og:image:type\" content=\"image\/png\" \/>\n<meta name=\"twitter:card\" content=\"summary_large_image\" \/>\n<meta name=\"twitter:label1\" content=\"Gesch\u00e4tzte Lesezeit\" \/>\n\t<meta name=\"twitter:data1\" content=\"1\u00a0Minute\" \/>\n<script type=\"application\/ld+json\" class=\"yoast-schema-graph\">{\"@context\":\"https:\\\/\\\/schema.org\",\"@graph\":[{\"@type\":\"WebPage\",\"@id\":\"https:\\\/\\\/www.donausoja.org\\\/de\\\/pressekontakte\\\/\",\"url\":\"https:\\\/\\\/www.donausoja.org\\\/de\\\/pressekontakte\\\/\",\"name\":\"Pressekontakte - Donau Soja\",\"isPartOf\":{\"@id\":\"https:\\\/\\\/www.donausoja.org\\\/de\\\/#website\"},\"primaryImageOfPage\":{\"@id\":\"https:\\\/\\\/www.donausoja.org\\\/de\\\/pressekontakte\\\/#primaryimage\"},\"image\":{\"@id\":\"https:\\\/\\\/www.donausoja.org\\\/de\\\/pressekontakte\\\/#primaryimage\"},\"thumbnailUrl\":\"https:\\\/\\\/www.donausoja.org\\\/wp-content\\\/uploads\\\/2021\\\/12\\\/cropped-donausoja_favicon2_512-1-e1645618911394.png\",\"datePublished\":\"2022-02-17T00:26:25+00:00\",\"dateModified\":\"2026-02-12T08:40:30+00:00\",\"description\":\"Auflistung der Pressekontakte bei Donau Soja\",\"breadcrumb\":{\"@id\":\"https:\\\/\\\/www.donausoja.org\\\/de\\\/pressekontakte\\\/#breadcrumb\"},\"inLanguage\":\"de\",\"potentialAction\":[{\"@type\":\"ReadAction\",\"target\":[\"https:\\\/\\\/www.donausoja.org\\\/de\\\/pressekontakte\\\/\"]}]},{\"@type\":\"ImageObject\",\"inLanguage\":\"de\",\"@id\":\"https:\\\/\\\/www.donausoja.org\\\/de\\\/pressekontakte\\\/#primaryimage\",\"url\":\"https:\\\/\\\/www.donausoja.org\\\/wp-content\\\/uploads\\\/2021\\\/12\\\/cropped-donausoja_favicon2_512-1-e1645618911394.png\",\"contentUrl\":\"https:\\\/\\\/www.donausoja.org\\\/wp-content\\\/uploads\\\/2021\\\/12\\\/cropped-donausoja_favicon2_512-1-e1645618911394.png\",\"width\":212,\"height\":212},{\"@type\":\"BreadcrumbList\",\"@id\":\"https:\\\/\\\/www.donausoja.org\\\/de\\\/pressekontakte\\\/#breadcrumb\",\"itemListElement\":[{\"@type\":\"ListItem\",\"position\":1,\"name\":\"Home\",\"item\":\"https:\\\/\\\/www.donausoja.org\\\/de\\\/\"},{\"@type\":\"ListItem\",\"position\":2,\"name\":\"Pressekontakte\"}]},{\"@type\":\"WebSite\",\"@id\":\"https:\\\/\\\/www.donausoja.org\\\/de\\\/#website\",\"url\":\"https:\\\/\\\/www.donausoja.org\\\/de\\\/\",\"name\":\"Donau Soja\",\"description\":\"Together for a European Protein Supply: Regional. Sustainable. Non-GM.\",\"potentialAction\":[{\"@type\":\"SearchAction\",\"target\":{\"@type\":\"EntryPoint\",\"urlTemplate\":\"https:\\\/\\\/www.donausoja.org\\\/de\\\/?s={search_term_string}\"},\"query-input\":{\"@type\":\"PropertyValueSpecification\",\"valueRequired\":true,\"valueName\":\"search_term_string\"}}],\"inLanguage\":\"de\"}]}<\/script>\n<!-- \/ Yoast SEO plugin. -->","yoast_head_json":{"title":"Pressekontakte - Donau Soja","description":"Auflistung der Pressekontakte bei Donau Soja","robots":{"index":"index","follow":"follow","max-snippet":"max-snippet:-1","max-image-preview":"max-image-preview:large","max-video-preview":"max-video-preview:-1"},"canonical":"https:\/\/www.donausoja.org\/de\/pressekontakte\/","og_locale":"de_DE","og_type":"article","og_title":"Pressekontakte - Donau Soja","og_description":"Auflistung der Pressekontakte bei Donau Soja","og_url":"https:\/\/www.donausoja.org\/de\/pressekontakte\/","og_site_name":"Donau Soja","article_modified_time":"2026-02-12T08:40:30+00:00","og_image":[{"width":212,"height":212,"url":"https:\/\/www.donausoja.org\/wp-content\/uploads\/2021\/12\/cropped-donausoja_favicon2_512-1-e1645618911394.png","type":"image\/png"}],"twitter_card":"summary_large_image","twitter_misc":{"Gesch\u00e4tzte Lesezeit":"1\u00a0Minute"},"schema":{"@context":"https:\/\/schema.org","@graph":[{"@type":"WebPage","@id":"https:\/\/www.donausoja.org\/de\/pressekontakte\/","url":"https:\/\/www.donausoja.org\/de\/pressekontakte\/","name":"Pressekontakte - Donau Soja","isPartOf":{"@id":"https:\/\/www.donausoja.org\/de\/#website"},"primaryImageOfPage":{"@id":"https:\/\/www.donausoja.org\/de\/pressekontakte\/#primaryimage"},"image":{"@id":"https:\/\/www.donausoja.org\/de\/pressekontakte\/#primaryimage"},"thumbnailUrl":"https:\/\/www.donausoja.org\/wp-content\/uploads\/2021\/12\/cropped-donausoja_favicon2_512-1-e1645618911394.png","datePublished":"2022-02-17T00:26:25+00:00","dateModified":"2026-02-12T08:40:30+00:00","description":"Auflistung der Pressekontakte bei Donau Soja","breadcrumb":{"@id":"https:\/\/www.donausoja.org\/de\/pressekontakte\/#breadcrumb"},"inLanguage":"de","potentialAction":[{"@type":"ReadAction","target":["https:\/\/www.donausoja.org\/de\/pressekontakte\/"]}]},{"@type":"ImageObject","inLanguage":"de","@id":"https:\/\/www.donausoja.org\/de\/pressekontakte\/#primaryimage","url":"https:\/\/www.donausoja.org\/wp-content\/uploads\/2021\/12\/cropped-donausoja_favicon2_512-1-e1645618911394.png","contentUrl":"https:\/\/www.donausoja.org\/wp-content\/uploads\/2021\/12\/cropped-donausoja_favicon2_512-1-e1645618911394.png","width":212,"height":212},{"@type":"BreadcrumbList","@id":"https:\/\/www.donausoja.org\/de\/pressekontakte\/#breadcrumb","itemListElement":[{"@type":"ListItem","position":1,"name":"Home","item":"https:\/\/www.donausoja.org\/de\/"},{"@type":"ListItem","position":2,"name":"Pressekontakte"}]},{"@type":"WebSite","@id":"https:\/\/www.donausoja.org\/de\/#website","url":"https:\/\/www.donausoja.org\/de\/","name":"Donau Soja","description":"Together for a European Protein Supply: Regional. Sustainable. Non-GM.","potentialAction":[{"@type":"SearchAction","target":{"@type":"EntryPoint","urlTemplate":"https:\/\/www.donausoja.org\/de\/?s={search_term_string}"},"query-input":{"@type":"PropertyValueSpecification","valueRequired":true,"valueName":"search_term_string"}}],"inLanguage":"de"}]}},"_links":{"self":[{"href":"https:\/\/www.donausoja.org\/de\/wp-json\/wp\/v2\/pages\/19398","targetHints":{"allow":["GET"]}}],"collection":[{"href":"https:\/\/www.donausoja.org\/de\/wp-json\/wp\/v2\/pages"}],"about":[{"href":"https:\/\/www.donausoja.org\/de\/wp-json\/wp\/v2\/types\/page"}],"author":[{"embeddable":true,"href":"https:\/\/www.donausoja.org\/de\/wp-json\/wp\/v2\/users\/2"}],"replies":[{"embeddable":true,"href":"https:\/\/www.donausoja.org\/de\/wp-json\/wp\/v2\/comments?post=19398"}],"version-history":[{"count":7,"href":"https:\/\/www.donausoja.org\/de\/wp-json\/wp\/v2\/pages\/19398\/revisions"}],"predecessor-version":[{"id":66058,"href":"https:\/\/www.donausoja.org\/de\/wp-json\/wp\/v2\/pages\/19398\/revisions\/66058"}],"wp:featuredmedia":[{"embeddable":true,"href":"https:\/\/www.donausoja.org\/de\/wp-json\/wp\/v2\/media\/67"}],"wp:attachment":[{"href":"https:\/\/www.donausoja.org\/de\/wp-json\/wp\/v2\/media?parent=19398"}],"curies":[{"name":"wp","href":"https:\/\/api.w.org\/{rel}","templated":true}]}}